{"id":44052,"date":"2025-03-13T00:38:48","date_gmt":"2025-03-12T21:38:48","guid":{"rendered":"https:\/\/malinashop.lt\/?post_type=product&#038;p=44052"},"modified":"2026-04-06T19:03:41","modified_gmt":"2026-04-06T16:03:41","slug":"mia-makeup-flash-up-liquid-highlighter-03-starburst-skysta-svytejimo-suteikianti-priemone-5-ml","status":"publish","type":"product","link":"https:\/\/www.malinashop.lt\/lt_lt\/shop\/mia-makeup-flash-up-liquid-highlighter-03-starburst-skysta-svytejimo-suteikianti-priemone-5-ml\/","title":{"rendered":"MIA MAKEUP FLASH UP LIQUID HIGHLIGHTER 03 STARBURST skysta \u0161vyt\u0117jimo suteikianti priemon\u0117, 5 ml"},"content":{"rendered":"<p>MIA MAKEUP FLASH UP \u2013 lengvos tekst\u016bros skystas highlighteris, suteikiantis nat\u016bral\u0173 \u0161vyt\u0117jim\u0105 ir ilgalaik\u012f dr\u0117kinim\u0105. Sud\u0117tyje esantis jojobos aliejus, vitaminas E ir levand\u0173 ekstraktas puosel\u0117ja od\u0105, padeda i\u0161laikyti jos elastingum\u0105 ir \u0161velnum\u0105. Skysta formul\u0117 leid\u017eia lengvai paskirstyti ir sluoksniuoti, taip i\u0161gaunant norim\u0105 intensyvum\u0105 \u2013 nuo subtilaus iki ry\u0161kaus \u0161vyt\u0117jimo.<\/p>\n<p><strong>Naudojimas:<\/strong><br \/>Tepkite po makia\u017eo pagrindo arba sumai\u0161ykite su pudra nat\u016braliam \u0161vyt\u0117jimui. Paskirstykite ant skruostikauli\u0173, nosies tiltelio ar kit\u0173 norim\u0173 i\u0161ry\u0161kinti viet\u0173. \u0160velniai \u012ftap\u0161nokite pir\u0161tais arba naudokite \u0161epet\u0117l\u012f.<\/p>\n","protected":false},"excerpt":{"rendered":"<p>MIA MAKEUP FLASH UP \u2013 lengvos tekst\u016bros skystas highlighteris, suteikiantis nat\u016bral\u0173 \u0161vyt\u0117jim\u0105 ir ilgalaik\u012f dr\u0117kinim\u0105. Sud\u0117tyje esantis jojobos aliejus, vitaminas E ir levand\u0173 ekstraktas puosel\u0117ja od\u0105, padeda i\u0161laikyti jos elastingum\u0105 ir \u0161velnum\u0105.<\/p>\n","protected":false},"featured_media":44053,"template":"","meta":[],"product_brand":[522],"product_cat":[102,530,528,526,792,728],"product_tag":[1633],"class_list":{"0":"post-44052","1":"product","2":"type-product","3":"status-publish","4":"has-post-thumbnail","6":"product_brand-mia-makeup","7":"product_cat-dekoratyvine-kosmetika","8":"product_cat-makiazo-pagrindas","9":"product_cat-modeliavimo-priemones","10":"product_cat-skaistalai","11":"product_cat-veido-pudros","12":"product_cat-veidui","13":"product_tag-mia-makeup","15":"first","16":"instock","17":"sale","18":"taxable","19":"shipping-taxable","20":"purchasable","21":"product-type-simple"},"yoast_head":"<!-- This site is optimized with the Yoast SEO plugin v27.4 - https:\/\/yoast.com\/product\/yoast-seo-wordpress\/ -->\n<title>MIA MAKEUP FLASH UP LIQUID HIGHLIGHTER 03 STARBURST skysta \u0161vyt\u0117jimo suteikianti priemon\u0117, 5 ml - MalinaShop.lt J\u016bs\u0173 sveikatai ir gro\u017eiui.<\/title>\n<meta name=\"description\" content=\"MIA MAKEUP FLASH UP \u2013 lengvos tekst\u016bros skystas highlighteris, suteikiantis nat\u016bral\u0173 \u0161vyt\u0117jim\u0105 ir ilgalaik\u012f dr\u0117kinim\u0105. Sud\u0117tyje esantis jojobos aliejus, vitaminas E ir levand\u0173 ekstraktas puosel\u0117ja od\u0105, padeda i\u0161laikyti jos elastingum\u0105 ir \u0161velnum\u0105. MIA MAKEUP FLASH UP skystas highlighteris su jojobos aliejumi, vitaminu E ir levand\u0173 ekstraktu suteikia nat\u016bral\u0173 \u0161vyt\u0117jim\u0105 bei dr\u0117kina od\u0105.\" \/>\n<meta name=\"robots\" content=\"index, follow, max-snippet:-1, max-image-preview:large, max-video-preview:-1\" \/>\n<link rel=\"canonical\" href=\"https:\/\/www.malinashop.lt\/lt_lt\/shop\/mia-makeup-flash-up-liquid-highlighter-03-starburst-skysta-svytejimo-suteikianti-priemone-5-ml\/\" \/>\n<meta property=\"og:locale\" content=\"lt_LT\" \/>\n<meta property=\"og:type\" content=\"article\" \/>\n<meta property=\"og:title\" content=\"MIA MAKEUP FLASH UP LIQUID HIGHLIGHTER 03 STARBURST skysta \u0161vyt\u0117jimo suteikianti priemon\u0117, 5 ml - MalinaShop.lt J\u016bs\u0173 sveikatai ir gro\u017eiui.\" \/>\n<meta property=\"og:description\" content=\"MIA MAKEUP FLASH UP \u2013 lengvos tekst\u016bros skystas highlighteris, suteikiantis nat\u016bral\u0173 \u0161vyt\u0117jim\u0105 ir ilgalaik\u012f dr\u0117kinim\u0105. Sud\u0117tyje esantis jojobos aliejus, vitaminas E ir levand\u0173 ekstraktas puosel\u0117ja od\u0105, padeda i\u0161laikyti jos elastingum\u0105 ir \u0161velnum\u0105. MIA MAKEUP FLASH UP skystas highlighteris su jojobos aliejumi, vitaminu E ir levand\u0173 ekstraktu suteikia nat\u016bral\u0173 \u0161vyt\u0117jim\u0105 bei dr\u0117kina od\u0105.\" \/>\n<meta property=\"og:url\" content=\"https:\/\/www.malinashop.lt\/lt_lt\/shop\/mia-makeup-flash-up-liquid-highlighter-03-starburst-skysta-svytejimo-suteikianti-priemone-5-ml\/\" \/>\n<meta property=\"og:site_name\" content=\"MalinaShop.lt J\u016bs\u0173 sveikatai ir gro\u017eiui.\" \/>\n<meta property=\"article:modified_time\" content=\"2026-04-06T16:03:41+00:00\" \/>\n<meta property=\"og:image\" content=\"https:\/\/www.malinashop.lt\/wp-content\/uploads\/2025\/03\/MIA-MAKEUP-FLASH-UP-LIQUID-HIGHLIGHTER-03-STARBURST-skysta-svytejimo-suteikianti-priemone-5-ml.webp\" \/>\n\t<meta property=\"og:image:width\" content=\"768\" \/>\n\t<meta property=\"og:image:height\" content=\"768\" \/>\n\t<meta property=\"og:image:type\" content=\"image\/webp\" \/>\n<meta name=\"twitter:card\" content=\"summary_large_image\" \/>\n<script type=\"application\/ld+json\" class=\"yoast-schema-graph\">{\"@context\":\"https:\\\/\\\/schema.org\",\"@graph\":[{\"@type\":\"WebPage\",\"@id\":\"https:\\\/\\\/www.malinashop.lt\\\/lt_lt\\\/shop\\\/mia-makeup-flash-up-liquid-highlighter-03-starburst-skysta-svytejimo-suteikianti-priemone-5-ml\\\/\",\"url\":\"https:\\\/\\\/www.malinashop.lt\\\/lt_lt\\\/shop\\\/mia-makeup-flash-up-liquid-highlighter-03-starburst-skysta-svytejimo-suteikianti-priemone-5-ml\\\/\",\"name\":\"MIA MAKEUP FLASH UP LIQUID HIGHLIGHTER 03 STARBURST skysta \u0161vyt\u0117jimo suteikianti priemon\u0117, 5 ml - MalinaShop.lt J\u016bs\u0173 sveikatai ir gro\u017eiui.\",\"isPartOf\":{\"@id\":\"https:\\\/\\\/www.malinashop.lt\\\/en\\\/#website\"},\"primaryImageOfPage\":{\"@id\":\"https:\\\/\\\/www.malinashop.lt\\\/lt_lt\\\/shop\\\/mia-makeup-flash-up-liquid-highlighter-03-starburst-skysta-svytejimo-suteikianti-priemone-5-ml\\\/#primaryimage\"},\"image\":{\"@id\":\"https:\\\/\\\/www.malinashop.lt\\\/lt_lt\\\/shop\\\/mia-makeup-flash-up-liquid-highlighter-03-starburst-skysta-svytejimo-suteikianti-priemone-5-ml\\\/#primaryimage\"},\"thumbnailUrl\":\"https:\\\/\\\/www.malinashop.lt\\\/wp-content\\\/uploads\\\/2025\\\/03\\\/MIA-MAKEUP-FLASH-UP-LIQUID-HIGHLIGHTER-03-STARBURST-skysta-svytejimo-suteikianti-priemone-5-ml.webp\",\"datePublished\":\"2025-03-12T21:38:48+00:00\",\"dateModified\":\"2026-04-06T16:03:41+00:00\",\"description\":\"MIA MAKEUP FLASH UP \u2013 lengvos tekst\u016bros skystas highlighteris, suteikiantis nat\u016bral\u0173 \u0161vyt\u0117jim\u0105 ir ilgalaik\u012f dr\u0117kinim\u0105. Sud\u0117tyje esantis jojobos aliejus, vitaminas E ir levand\u0173 ekstraktas puosel\u0117ja od\u0105, padeda i\u0161laikyti jos elastingum\u0105 ir \u0161velnum\u0105. MIA MAKEUP FLASH UP skystas highlighteris su jojobos aliejumi, vitaminu E ir levand\u0173 ekstraktu suteikia nat\u016bral\u0173 \u0161vyt\u0117jim\u0105 bei dr\u0117kina od\u0105.\",\"breadcrumb\":{\"@id\":\"https:\\\/\\\/www.malinashop.lt\\\/lt_lt\\\/shop\\\/mia-makeup-flash-up-liquid-highlighter-03-starburst-skysta-svytejimo-suteikianti-priemone-5-ml\\\/#breadcrumb\"},\"inLanguage\":\"lt-LT\",\"potentialAction\":[{\"@type\":\"ReadAction\",\"target\":[\"https:\\\/\\\/www.malinashop.lt\\\/lt_lt\\\/shop\\\/mia-makeup-flash-up-liquid-highlighter-03-starburst-skysta-svytejimo-suteikianti-priemone-5-ml\\\/\"]}]},{\"@type\":\"ImageObject\",\"inLanguage\":\"lt-LT\",\"@id\":\"https:\\\/\\\/www.malinashop.lt\\\/lt_lt\\\/shop\\\/mia-makeup-flash-up-liquid-highlighter-03-starburst-skysta-svytejimo-suteikianti-priemone-5-ml\\\/#primaryimage\",\"url\":\"https:\\\/\\\/www.malinashop.lt\\\/wp-content\\\/uploads\\\/2025\\\/03\\\/MIA-MAKEUP-FLASH-UP-LIQUID-HIGHLIGHTER-03-STARBURST-skysta-svytejimo-suteikianti-priemone-5-ml.webp\",\"contentUrl\":\"https:\\\/\\\/www.malinashop.lt\\\/wp-content\\\/uploads\\\/2025\\\/03\\\/MIA-MAKEUP-FLASH-UP-LIQUID-HIGHLIGHTER-03-STARBURST-skysta-svytejimo-suteikianti-priemone-5-ml.webp\",\"width\":768,\"height\":768},{\"@type\":\"BreadcrumbList\",\"@id\":\"https:\\\/\\\/www.malinashop.lt\\\/lt_lt\\\/shop\\\/mia-makeup-flash-up-liquid-highlighter-03-starburst-skysta-svytejimo-suteikianti-priemone-5-ml\\\/#breadcrumb\",\"itemListElement\":[{\"@type\":\"ListItem\",\"position\":1,\"name\":\"Home\",\"item\":\"https:\\\/\\\/www.malinashop.lt\\\/en\\\/\"},{\"@type\":\"ListItem\",\"position\":2,\"name\":\"Parduotuv\u0117\",\"item\":\"https:\\\/\\\/www.malinashop.lt\\\/en\\\/parduotuve\\\/\"},{\"@type\":\"ListItem\",\"position\":3,\"name\":\"MIA MAKEUP FLASH UP LIQUID HIGHLIGHTER 03 STARBURST skysta \u0161vyt\u0117jimo suteikianti priemon\u0117, 5 ml\"}]},{\"@type\":\"WebSite\",\"@id\":\"https:\\\/\\\/www.malinashop.lt\\\/en\\\/#website\",\"url\":\"https:\\\/\\\/www.malinashop.lt\\\/en\\\/\",\"name\":\"COM Group Ecommerce\",\"description\":\"MalinaShop.lt - Gro\u017eio ir sveikatos produktai i\u0161 patikim\u0173 preki\u0173 \u017eenkl\u0173. Atraskite auk\u0161tos kokyb\u0117s kosmetik\u0105 u\u017e puiki\u0105 kain\u0105.\",\"publisher\":{\"@id\":\"https:\\\/\\\/www.malinashop.lt\\\/en\\\/#organization\"},\"potentialAction\":[{\"@type\":\"SearchAction\",\"target\":{\"@type\":\"EntryPoint\",\"urlTemplate\":\"https:\\\/\\\/www.malinashop.lt\\\/en\\\/?s={search_term_string}\"},\"query-input\":{\"@type\":\"PropertyValueSpecification\",\"valueRequired\":true,\"valueName\":\"search_term_string\"}}],\"inLanguage\":\"lt-LT\"},{\"@type\":\"Organization\",\"@id\":\"https:\\\/\\\/www.malinashop.lt\\\/en\\\/#organization\",\"name\":\"COM Group Ecommerce\",\"url\":\"https:\\\/\\\/www.malinashop.lt\\\/en\\\/\",\"logo\":{\"@type\":\"ImageObject\",\"inLanguage\":\"lt-LT\",\"@id\":\"https:\\\/\\\/www.malinashop.lt\\\/en\\\/#\\\/schema\\\/logo\\\/image\\\/\",\"url\":\"https:\\\/\\\/www.malinashop.lt\\\/wp-content\\\/uploads\\\/2024\\\/08\\\/462559670_3787732518133670_9795632669273463_n-e1731525914575.png\",\"contentUrl\":\"https:\\\/\\\/www.malinashop.lt\\\/wp-content\\\/uploads\\\/2024\\\/08\\\/462559670_3787732518133670_9795632669273463_n-e1731525914575.png\",\"width\":180,\"height\":60,\"caption\":\"COM Group Ecommerce\"},\"image\":{\"@id\":\"https:\\\/\\\/www.malinashop.lt\\\/en\\\/#\\\/schema\\\/logo\\\/image\\\/\"}}]}<\/script>\n<!-- \/ Yoast SEO plugin. -->","yoast_head_json":{"title":"MIA MAKEUP FLASH UP LIQUID HIGHLIGHTER 03 STARBURST skysta \u0161vyt\u0117jimo suteikianti priemon\u0117, 5 ml - MalinaShop.lt J\u016bs\u0173 sveikatai ir gro\u017eiui.","description":"MIA MAKEUP FLASH UP \u2013 lengvos tekst\u016bros skystas highlighteris, suteikiantis nat\u016bral\u0173 \u0161vyt\u0117jim\u0105 ir ilgalaik\u012f dr\u0117kinim\u0105. Sud\u0117tyje esantis jojobos aliejus, vitaminas E ir levand\u0173 ekstraktas puosel\u0117ja od\u0105, padeda i\u0161laikyti jos elastingum\u0105 ir \u0161velnum\u0105. MIA MAKEUP FLASH UP skystas highlighteris su jojobos aliejumi, vitaminu E ir levand\u0173 ekstraktu suteikia nat\u016bral\u0173 \u0161vyt\u0117jim\u0105 bei dr\u0117kina od\u0105.","robots":{"index":"index","follow":"follow","max-snippet":"max-snippet:-1","max-image-preview":"max-image-preview:large","max-video-preview":"max-video-preview:-1"},"canonical":"https:\/\/www.malinashop.lt\/lt_lt\/shop\/mia-makeup-flash-up-liquid-highlighter-03-starburst-skysta-svytejimo-suteikianti-priemone-5-ml\/","og_locale":"lt_LT","og_type":"article","og_title":"MIA MAKEUP FLASH UP LIQUID HIGHLIGHTER 03 STARBURST skysta \u0161vyt\u0117jimo suteikianti priemon\u0117, 5 ml - MalinaShop.lt J\u016bs\u0173 sveikatai ir gro\u017eiui.","og_description":"MIA MAKEUP FLASH UP \u2013 lengvos tekst\u016bros skystas highlighteris, suteikiantis nat\u016bral\u0173 \u0161vyt\u0117jim\u0105 ir ilgalaik\u012f dr\u0117kinim\u0105. Sud\u0117tyje esantis jojobos aliejus, vitaminas E ir levand\u0173 ekstraktas puosel\u0117ja od\u0105, padeda i\u0161laikyti jos elastingum\u0105 ir \u0161velnum\u0105. MIA MAKEUP FLASH UP skystas highlighteris su jojobos aliejumi, vitaminu E ir levand\u0173 ekstraktu suteikia nat\u016bral\u0173 \u0161vyt\u0117jim\u0105 bei dr\u0117kina od\u0105.","og_url":"https:\/\/www.malinashop.lt\/lt_lt\/shop\/mia-makeup-flash-up-liquid-highlighter-03-starburst-skysta-svytejimo-suteikianti-priemone-5-ml\/","og_site_name":"MalinaShop.lt J\u016bs\u0173 sveikatai ir gro\u017eiui.","article_modified_time":"2026-04-06T16:03:41+00:00","og_image":[{"width":768,"height":768,"url":"https:\/\/www.malinashop.lt\/wp-content\/uploads\/2025\/03\/MIA-MAKEUP-FLASH-UP-LIQUID-HIGHLIGHTER-03-STARBURST-skysta-svytejimo-suteikianti-priemone-5-ml.webp","type":"image\/webp"}],"twitter_card":"summary_large_image","schema":{"@context":"https:\/\/schema.org","@graph":[{"@type":"WebPage","@id":"https:\/\/www.malinashop.lt\/lt_lt\/shop\/mia-makeup-flash-up-liquid-highlighter-03-starburst-skysta-svytejimo-suteikianti-priemone-5-ml\/","url":"https:\/\/www.malinashop.lt\/lt_lt\/shop\/mia-makeup-flash-up-liquid-highlighter-03-starburst-skysta-svytejimo-suteikianti-priemone-5-ml\/","name":"MIA MAKEUP FLASH UP LIQUID HIGHLIGHTER 03 STARBURST skysta \u0161vyt\u0117jimo suteikianti priemon\u0117, 5 ml - MalinaShop.lt J\u016bs\u0173 sveikatai ir gro\u017eiui.","isPartOf":{"@id":"https:\/\/www.malinashop.lt\/en\/#website"},"primaryImageOfPage":{"@id":"https:\/\/www.malinashop.lt\/lt_lt\/shop\/mia-makeup-flash-up-liquid-highlighter-03-starburst-skysta-svytejimo-suteikianti-priemone-5-ml\/#primaryimage"},"image":{"@id":"https:\/\/www.malinashop.lt\/lt_lt\/shop\/mia-makeup-flash-up-liquid-highlighter-03-starburst-skysta-svytejimo-suteikianti-priemone-5-ml\/#primaryimage"},"thumbnailUrl":"https:\/\/www.malinashop.lt\/wp-content\/uploads\/2025\/03\/MIA-MAKEUP-FLASH-UP-LIQUID-HIGHLIGHTER-03-STARBURST-skysta-svytejimo-suteikianti-priemone-5-ml.webp","datePublished":"2025-03-12T21:38:48+00:00","dateModified":"2026-04-06T16:03:41+00:00","description":"MIA MAKEUP FLASH UP \u2013 lengvos tekst\u016bros skystas highlighteris, suteikiantis nat\u016bral\u0173 \u0161vyt\u0117jim\u0105 ir ilgalaik\u012f dr\u0117kinim\u0105. Sud\u0117tyje esantis jojobos aliejus, vitaminas E ir levand\u0173 ekstraktas puosel\u0117ja od\u0105, padeda i\u0161laikyti jos elastingum\u0105 ir \u0161velnum\u0105. MIA MAKEUP FLASH UP skystas highlighteris su jojobos aliejumi, vitaminu E ir levand\u0173 ekstraktu suteikia nat\u016bral\u0173 \u0161vyt\u0117jim\u0105 bei dr\u0117kina od\u0105.","breadcrumb":{"@id":"https:\/\/www.malinashop.lt\/lt_lt\/shop\/mia-makeup-flash-up-liquid-highlighter-03-starburst-skysta-svytejimo-suteikianti-priemone-5-ml\/#breadcrumb"},"inLanguage":"lt-LT","potentialAction":[{"@type":"ReadAction","target":["https:\/\/www.malinashop.lt\/lt_lt\/shop\/mia-makeup-flash-up-liquid-highlighter-03-starburst-skysta-svytejimo-suteikianti-priemone-5-ml\/"]}]},{"@type":"ImageObject","inLanguage":"lt-LT","@id":"https:\/\/www.malinashop.lt\/lt_lt\/shop\/mia-makeup-flash-up-liquid-highlighter-03-starburst-skysta-svytejimo-suteikianti-priemone-5-ml\/#primaryimage","url":"https:\/\/www.malinashop.lt\/wp-content\/uploads\/2025\/03\/MIA-MAKEUP-FLASH-UP-LIQUID-HIGHLIGHTER-03-STARBURST-skysta-svytejimo-suteikianti-priemone-5-ml.webp","contentUrl":"https:\/\/www.malinashop.lt\/wp-content\/uploads\/2025\/03\/MIA-MAKEUP-FLASH-UP-LIQUID-HIGHLIGHTER-03-STARBURST-skysta-svytejimo-suteikianti-priemone-5-ml.webp","width":768,"height":768},{"@type":"BreadcrumbList","@id":"https:\/\/www.malinashop.lt\/lt_lt\/shop\/mia-makeup-flash-up-liquid-highlighter-03-starburst-skysta-svytejimo-suteikianti-priemone-5-ml\/#breadcrumb","itemListElement":[{"@type":"ListItem","position":1,"name":"Home","item":"https:\/\/www.malinashop.lt\/en\/"},{"@type":"ListItem","position":2,"name":"Parduotuv\u0117","item":"https:\/\/www.malinashop.lt\/en\/parduotuve\/"},{"@type":"ListItem","position":3,"name":"MIA MAKEUP FLASH UP LIQUID HIGHLIGHTER 03 STARBURST skysta \u0161vyt\u0117jimo suteikianti priemon\u0117, 5 ml"}]},{"@type":"WebSite","@id":"https:\/\/www.malinashop.lt\/en\/#website","url":"https:\/\/www.malinashop.lt\/en\/","name":"COM Group Ecommerce","description":"MalinaShop.lt - Gro\u017eio ir sveikatos produktai i\u0161 patikim\u0173 preki\u0173 \u017eenkl\u0173. Atraskite auk\u0161tos kokyb\u0117s kosmetik\u0105 u\u017e puiki\u0105 kain\u0105.","publisher":{"@id":"https:\/\/www.malinashop.lt\/en\/#organization"},"potentialAction":[{"@type":"SearchAction","target":{"@type":"EntryPoint","urlTemplate":"https:\/\/www.malinashop.lt\/en\/?s={search_term_string}"},"query-input":{"@type":"PropertyValueSpecification","valueRequired":true,"valueName":"search_term_string"}}],"inLanguage":"lt-LT"},{"@type":"Organization","@id":"https:\/\/www.malinashop.lt\/en\/#organization","name":"COM Group Ecommerce","url":"https:\/\/www.malinashop.lt\/en\/","logo":{"@type":"ImageObject","inLanguage":"lt-LT","@id":"https:\/\/www.malinashop.lt\/en\/#\/schema\/logo\/image\/","url":"https:\/\/www.malinashop.lt\/wp-content\/uploads\/2024\/08\/462559670_3787732518133670_9795632669273463_n-e1731525914575.png","contentUrl":"https:\/\/www.malinashop.lt\/wp-content\/uploads\/2024\/08\/462559670_3787732518133670_9795632669273463_n-e1731525914575.png","width":180,"height":60,"caption":"COM Group Ecommerce"},"image":{"@id":"https:\/\/www.malinashop.lt\/en\/#\/schema\/logo\/image\/"}}]}},"jetpack_sharing_enabled":true,"_links":{"self":[{"href":"https:\/\/www.malinashop.lt\/lt_lt\/wp-json\/wp\/v2\/product\/44052","targetHints":{"allow":["GET"]}}],"collection":[{"href":"https:\/\/www.malinashop.lt\/lt_lt\/wp-json\/wp\/v2\/product"}],"about":[{"href":"https:\/\/www.malinashop.lt\/lt_lt\/wp-json\/wp\/v2\/types\/product"}],"version-history":[{"count":2,"href":"https:\/\/www.malinashop.lt\/lt_lt\/wp-json\/wp\/v2\/product\/44052\/revisions"}],"predecessor-version":[{"id":76314,"href":"https:\/\/www.malinashop.lt\/lt_lt\/wp-json\/wp\/v2\/product\/44052\/revisions\/76314"}],"wp:featuredmedia":[{"embeddable":true,"href":"https:\/\/www.malinashop.lt\/lt_lt\/wp-json\/wp\/v2\/media\/44053"}],"wp:attachment":[{"href":"https:\/\/www.malinashop.lt\/lt_lt\/wp-json\/wp\/v2\/media?parent=44052"}],"wp:term":[{"taxonomy":"product_brand","embeddable":true,"href":"https:\/\/www.malinashop.lt\/lt_lt\/wp-json\/wp\/v2\/product_brand?post=44052"},{"taxonomy":"product_cat","embeddable":true,"href":"https:\/\/www.malinashop.lt\/lt_lt\/wp-json\/wp\/v2\/product_cat?post=44052"},{"taxonomy":"product_tag","embeddable":true,"href":"https:\/\/www.malinashop.lt\/lt_lt\/wp-json\/wp\/v2\/product_tag?post=44052"}],"curies":[{"name":"wp","href":"https:\/\/api.w.org\/{rel}","templated":true}]}}