{"id":33425,"date":"2025-02-12T15:38:43","date_gmt":"2025-02-12T12:38:43","guid":{"rendered":"https:\/\/malinashop.lt\/?post_type=product&#038;p=33425"},"modified":"2025-10-04T21:46:38","modified_gmt":"2025-10-04T18:46:38","slug":"murumuru-best-repair-nenuplaunama-kauke-pazeistu-plauku-atkurimui","status":"publish","type":"product","link":"https:\/\/www.malinashop.lt\/lt_lt\/shop\/murumuru-best-repair-nenuplaunama-kauke-pazeistu-plauku-atkurimui\/","title":{"rendered":"MURUMURU Best Repair \u2013 nenuplaunama kauk\u0117 pa\u017eeist\u0173 plauk\u0173 atk\u016brimui"},"content":{"rendered":"<p>Prek\u0117s pristatymas 3\/5d.d.<\/p>\n<h3 data-start=\"0\" data-end=\"78\"><strong data-start=\"4\" data-end=\"76\">MURUMURU Best Repair \u2013 nenuplaunama kauk\u0117 pa\u017eeist\u0173 plauk\u0173 atk\u016brimui!<\/strong><\/h3>\n<p data-start=\"80\" data-end=\"373\">\ud83d\udc9b <strong data-start=\"83\" data-end=\"123\">Gilus plauk\u0173 atk\u016brimas ir dr\u0117kinimas<\/strong> \u2013 \u201eMURUMURU Best Repair\u201c nenuplaunama kauk\u0117 intensyviai atkuria plauk\u0173 strukt\u016br\u0105, suteikia jiems sveikumo ir apsaugo nuo i\u0161saus\u0117jimo. Sud\u0117tyje n\u0117ra paraben\u0173 ir silikon\u0173, tod\u0117l ji tinka vis\u0173 tip\u0173 plaukams, net ir pa\u017eeistiems ar linkusiems l\u016b\u017ein\u0117ti.<\/p>\n<p data-start=\"375\" data-end=\"653\">\ud83c\udf3f <strong data-start=\"378\" data-end=\"397\">Unikali sud\u0117tis<\/strong> \u2013 formul\u0117 praturtinta murumuru sviestu, hialurono r\u016bg\u0161timi ir augaliniu keratinu, kurie giliai dr\u0117kina ir maitina plaukus, suteikdami jiems nat\u016bral\u0173 \u017evilges\u012f bei elastingum\u0105. Po naudojimo plaukai tampa glotnesni, gyvybingesni ir strukt\u016bri\u0161kai stipresni.<\/p>\n<p data-start=\"655\" data-end=\"865\">\u2728 <strong data-start=\"657\" data-end=\"672\">Privalumai:<\/strong><br data-start=\"672\" data-end=\"675\" \/>\u2714\ufe0f Atkuria net stipriai pa\u017eeistus plaukus<br data-start=\"716\" data-end=\"719\" \/>\u2714\ufe0f Suteikia intensyv\u0173 dr\u0117kinim\u0105 ir mink\u0161tum\u0105<br data-start=\"763\" data-end=\"766\" \/>\u2714\ufe0f Nepaliekamas riebios ar sunkios pl\u0117vel\u0117s<br data-start=\"809\" data-end=\"812\" \/>\u2714\ufe0f Be paraben\u0173 ir silikon\u0173<br data-start=\"838\" data-end=\"841\" \/>\u2714\ufe0f Pagaminta Italijoje<\/p>\n<h3 data-start=\"867\" data-end=\"888\"><strong data-start=\"871\" data-end=\"886\">Naudojimas:<\/strong><\/h3>\n<p data-start=\"890\" data-end=\"1297\">\ud83d\udd39 <strong data-start=\"893\" data-end=\"943\">1 metodas: gilus strukt\u016brinis plauk\u0173 atk\u016brimas<\/strong><br data-start=\"943\" data-end=\"946\" \/>Po plovimo \u0161amp\u016bnu (be kondicionieriaus ar \u012fprastos kauk\u0117s) nusausinkite plaukus rank\u0161luos\u010diu ir paskirstykite nedidel\u012f kiek\u012f \u201eMURUMURU Best Repair\u201c kauk\u0117s nuo plauk\u0173 vidurio iki galiuk\u0173. Tai nenuplaunama priemon\u0117, tod\u0117l palikite j\u0105 veikti. Stipriai pa\u017eeistiems plaukams naudokite kas 4\u20136 plovimus, v\u0117liau \u2013 kas 3\u20134 plovimus palaikomajai prie\u017ei\u016brai.<\/p>\n<p data-start=\"1299\" data-end=\"1621\">\ud83d\udd39 <strong data-start=\"1302\" data-end=\"1351\">2 metodas: intensyvus dr\u0117kinimas ir atk\u016brimas<\/strong><br data-start=\"1351\" data-end=\"1354\" \/>Po \u0161amp\u016bno ir kondicionieriaus arba kauk\u0117s, paskirstykite priemon\u0119 per vis\u0105 plauk\u0173 ilg\u012f, vengdami \u0161akn\u0173. Naudokite tiek, kiek reikia, kol plaukai taps pakankamai sudr\u0117kinti. Jau po keli\u0173 naudojim\u0173 pasteb\u0117site, kad plaukai tampa sveikesni, stipresni ir elastingesni.<\/p>\n<p data-start=\"1623\" data-end=\"1813\">\ud83d\udca1 <strong data-start=\"1626\" data-end=\"1693\">Ie\u0161kote nat\u016bralios, auk\u0161tos vert\u0117s plauk\u0173 prie\u017ei\u016bros priemon\u0117s?<\/strong><br data-start=\"1693\" data-end=\"1696\" \/>\u201eMURUMURU Best Repair\u201c nenuplaunama kauk\u0117 yra puikus pasirinkimas, jei siekiate intensyvios prie\u017ei\u016bros ir atk\u016brimo!<\/p>\n","protected":false},"excerpt":{"rendered":"<p>Prek\u0117s pristatymas 3\/5d.d. MURUMURU Best Repair \u2013 nenuplaunama kauk\u0117 pa\u017eeist\u0173 plauk\u0173 atk\u016brimui! \ud83d\udc9b Gilus plauk\u0173 atk\u016brimas ir dr\u0117kinimas \u2013 \u201eMURUMURU Best Repair\u201c&hellip;<\/p>\n","protected":false},"featured_media":33426,"template":"","meta":[],"product_brand":[],"product_cat":[711,517],"product_tag":[],"class_list":{"0":"post-33425","1":"product","2":"type-product","3":"status-publish","4":"has-post-thumbnail","6":"product_cat-plaukams","7":"product_cat-plauku-kaukes-ir-kremai-ampules","9":"first","10":"outofstock","11":"sale","12":"taxable","13":"shipping-taxable","14":"purchasable","15":"product-type-simple"},"yoast_head":"<!-- This site is optimized with the Yoast SEO plugin v27.4 - https:\/\/yoast.com\/product\/yoast-seo-wordpress\/ -->\n<title>MURUMURU Best Repair \u2013 nenuplaunama kauk\u0117 pa\u017eeist\u0173 plauk\u0173 atk\u016brimui - MalinaShop.lt J\u016bs\u0173 sveikatai ir gro\u017eiui.<\/title>\n<meta name=\"description\" content=\"MURUMURU Best Repair nenuplaunama kauk\u0117 \u2013 intensyviai dr\u0117kina ir atkuria net labiausiai pa\u017eeistus plaukus. Sud\u0117tyje n\u0117ra paraben\u0173 ir silikon\u0173. Pagaminta Italijoje.\" \/>\n<meta name=\"robots\" content=\"index, follow, max-snippet:-1, max-image-preview:large, max-video-preview:-1\" \/>\n<link rel=\"canonical\" href=\"https:\/\/www.malinashop.lt\/lt_lt\/shop\/murumuru-best-repair-nenuplaunama-kauke-pazeistu-plauku-atkurimui\/\" \/>\n<meta property=\"og:locale\" content=\"lt_LT\" \/>\n<meta property=\"og:type\" content=\"article\" \/>\n<meta property=\"og:title\" content=\"MURUMURU Best Repair \u2013 nenuplaunama kauk\u0117 pa\u017eeist\u0173 plauk\u0173 atk\u016brimui - MalinaShop.lt J\u016bs\u0173 sveikatai ir gro\u017eiui.\" \/>\n<meta property=\"og:description\" content=\"MURUMURU Best Repair nenuplaunama kauk\u0117 \u2013 intensyviai dr\u0117kina ir atkuria net labiausiai pa\u017eeistus plaukus. Sud\u0117tyje n\u0117ra paraben\u0173 ir silikon\u0173. Pagaminta Italijoje.\" \/>\n<meta property=\"og:url\" content=\"https:\/\/www.malinashop.lt\/lt_lt\/shop\/murumuru-best-repair-nenuplaunama-kauke-pazeistu-plauku-atkurimui\/\" \/>\n<meta property=\"og:site_name\" content=\"MalinaShop.lt J\u016bs\u0173 sveikatai ir gro\u017eiui.\" \/>\n<meta property=\"article:modified_time\" content=\"2025-10-04T18:46:38+00:00\" \/>\n<meta property=\"og:image\" content=\"https:\/\/www.malinashop.lt\/wp-content\/uploads\/2025\/02\/MURUMURU-Best-Repair-\u2013-nenuplaunama-kauke-pazeistu-plauku-atkurim.webp\" \/>\n\t<meta property=\"og:image:width\" content=\"493\" \/>\n\t<meta property=\"og:image:height\" content=\"740\" \/>\n\t<meta property=\"og:image:type\" content=\"image\/webp\" \/>\n<meta name=\"twitter:card\" content=\"summary_large_image\" \/>\n<script type=\"application\/ld+json\" class=\"yoast-schema-graph\">{\"@context\":\"https:\\\/\\\/schema.org\",\"@graph\":[{\"@type\":\"WebPage\",\"@id\":\"https:\\\/\\\/www.malinashop.lt\\\/lt_lt\\\/shop\\\/murumuru-best-repair-nenuplaunama-kauke-pazeistu-plauku-atkurimui\\\/\",\"url\":\"https:\\\/\\\/www.malinashop.lt\\\/lt_lt\\\/shop\\\/murumuru-best-repair-nenuplaunama-kauke-pazeistu-plauku-atkurimui\\\/\",\"name\":\"MURUMURU Best Repair \u2013 nenuplaunama kauk\u0117 pa\u017eeist\u0173 plauk\u0173 atk\u016brimui - MalinaShop.lt J\u016bs\u0173 sveikatai ir gro\u017eiui.\",\"isPartOf\":{\"@id\":\"https:\\\/\\\/www.malinashop.lt\\\/#website\"},\"primaryImageOfPage\":{\"@id\":\"https:\\\/\\\/www.malinashop.lt\\\/lt_lt\\\/shop\\\/murumuru-best-repair-nenuplaunama-kauke-pazeistu-plauku-atkurimui\\\/#primaryimage\"},\"image\":{\"@id\":\"https:\\\/\\\/www.malinashop.lt\\\/lt_lt\\\/shop\\\/murumuru-best-repair-nenuplaunama-kauke-pazeistu-plauku-atkurimui\\\/#primaryimage\"},\"thumbnailUrl\":\"https:\\\/\\\/www.malinashop.lt\\\/wp-content\\\/uploads\\\/2025\\\/02\\\/MURUMURU-Best-Repair-\u2013-nenuplaunama-kauke-pazeistu-plauku-atkurim.webp\",\"datePublished\":\"2025-02-12T12:38:43+00:00\",\"dateModified\":\"2025-10-04T18:46:38+00:00\",\"description\":\"MURUMURU Best Repair nenuplaunama kauk\u0117 \u2013 intensyviai dr\u0117kina ir atkuria net labiausiai pa\u017eeistus plaukus. Sud\u0117tyje n\u0117ra paraben\u0173 ir silikon\u0173. Pagaminta Italijoje.\",\"breadcrumb\":{\"@id\":\"https:\\\/\\\/www.malinashop.lt\\\/lt_lt\\\/shop\\\/murumuru-best-repair-nenuplaunama-kauke-pazeistu-plauku-atkurimui\\\/#breadcrumb\"},\"inLanguage\":\"lt-LT\",\"potentialAction\":[{\"@type\":\"ReadAction\",\"target\":[\"https:\\\/\\\/www.malinashop.lt\\\/lt_lt\\\/shop\\\/murumuru-best-repair-nenuplaunama-kauke-pazeistu-plauku-atkurimui\\\/\"]}]},{\"@type\":\"ImageObject\",\"inLanguage\":\"lt-LT\",\"@id\":\"https:\\\/\\\/www.malinashop.lt\\\/lt_lt\\\/shop\\\/murumuru-best-repair-nenuplaunama-kauke-pazeistu-plauku-atkurimui\\\/#primaryimage\",\"url\":\"https:\\\/\\\/www.malinashop.lt\\\/wp-content\\\/uploads\\\/2025\\\/02\\\/MURUMURU-Best-Repair-\u2013-nenuplaunama-kauke-pazeistu-plauku-atkurim.webp\",\"contentUrl\":\"https:\\\/\\\/www.malinashop.lt\\\/wp-content\\\/uploads\\\/2025\\\/02\\\/MURUMURU-Best-Repair-\u2013-nenuplaunama-kauke-pazeistu-plauku-atkurim.webp\",\"width\":493,\"height\":740},{\"@type\":\"BreadcrumbList\",\"@id\":\"https:\\\/\\\/www.malinashop.lt\\\/lt_lt\\\/shop\\\/murumuru-best-repair-nenuplaunama-kauke-pazeistu-plauku-atkurimui\\\/#breadcrumb\",\"itemListElement\":[{\"@type\":\"ListItem\",\"position\":1,\"name\":\"Pagrindinis\",\"item\":\"https:\\\/\\\/www.malinashop.lt\\\/\"},{\"@type\":\"ListItem\",\"position\":2,\"name\":\"Parduotuv\u0117\",\"item\":\"https:\\\/\\\/www.malinashop.lt\\\/en\\\/parduotuve\\\/\"},{\"@type\":\"ListItem\",\"position\":3,\"name\":\"MURUMURU Best Repair \u2013 nenuplaunama kauk\u0117 pa\u017eeist\u0173 plauk\u0173 atk\u016brimui\"}]},{\"@type\":\"WebSite\",\"@id\":\"https:\\\/\\\/www.malinashop.lt\\\/#website\",\"url\":\"https:\\\/\\\/www.malinashop.lt\\\/\",\"name\":\"COM Group Ecommerce\",\"description\":\"MalinaShop.lt - Gro\u017eio ir sveikatos produktai i\u0161 patikim\u0173 preki\u0173 \u017eenkl\u0173. Atraskite auk\u0161tos kokyb\u0117s kosmetik\u0105 u\u017e puiki\u0105 kain\u0105.\",\"publisher\":{\"@id\":\"https:\\\/\\\/www.malinashop.lt\\\/#organization\"},\"potentialAction\":[{\"@type\":\"SearchAction\",\"target\":{\"@type\":\"EntryPoint\",\"urlTemplate\":\"https:\\\/\\\/www.malinashop.lt\\\/?s={search_term_string}\"},\"query-input\":{\"@type\":\"PropertyValueSpecification\",\"valueRequired\":true,\"valueName\":\"search_term_string\"}}],\"inLanguage\":\"lt-LT\"},{\"@type\":\"Organization\",\"@id\":\"https:\\\/\\\/www.malinashop.lt\\\/#organization\",\"name\":\"COM Group Ecommerce\",\"url\":\"https:\\\/\\\/www.malinashop.lt\\\/\",\"logo\":{\"@type\":\"ImageObject\",\"inLanguage\":\"lt-LT\",\"@id\":\"https:\\\/\\\/www.malinashop.lt\\\/#\\\/schema\\\/logo\\\/image\\\/\",\"url\":\"https:\\\/\\\/www.malinashop.lt\\\/wp-content\\\/uploads\\\/2024\\\/08\\\/462559670_3787732518133670_9795632669273463_n-e1731525914575.png\",\"contentUrl\":\"https:\\\/\\\/www.malinashop.lt\\\/wp-content\\\/uploads\\\/2024\\\/08\\\/462559670_3787732518133670_9795632669273463_n-e1731525914575.png\",\"width\":180,\"height\":60,\"caption\":\"COM Group Ecommerce\"},\"image\":{\"@id\":\"https:\\\/\\\/www.malinashop.lt\\\/#\\\/schema\\\/logo\\\/image\\\/\"}}]}<\/script>\n<!-- \/ Yoast SEO plugin. -->","yoast_head_json":{"title":"MURUMURU Best Repair \u2013 nenuplaunama kauk\u0117 pa\u017eeist\u0173 plauk\u0173 atk\u016brimui - MalinaShop.lt J\u016bs\u0173 sveikatai ir gro\u017eiui.","description":"MURUMURU Best Repair nenuplaunama kauk\u0117 \u2013 intensyviai dr\u0117kina ir atkuria net labiausiai pa\u017eeistus plaukus. Sud\u0117tyje n\u0117ra paraben\u0173 ir silikon\u0173. Pagaminta Italijoje.","robots":{"index":"index","follow":"follow","max-snippet":"max-snippet:-1","max-image-preview":"max-image-preview:large","max-video-preview":"max-video-preview:-1"},"canonical":"https:\/\/www.malinashop.lt\/lt_lt\/shop\/murumuru-best-repair-nenuplaunama-kauke-pazeistu-plauku-atkurimui\/","og_locale":"lt_LT","og_type":"article","og_title":"MURUMURU Best Repair \u2013 nenuplaunama kauk\u0117 pa\u017eeist\u0173 plauk\u0173 atk\u016brimui - MalinaShop.lt J\u016bs\u0173 sveikatai ir gro\u017eiui.","og_description":"MURUMURU Best Repair nenuplaunama kauk\u0117 \u2013 intensyviai dr\u0117kina ir atkuria net labiausiai pa\u017eeistus plaukus. Sud\u0117tyje n\u0117ra paraben\u0173 ir silikon\u0173. Pagaminta Italijoje.","og_url":"https:\/\/www.malinashop.lt\/lt_lt\/shop\/murumuru-best-repair-nenuplaunama-kauke-pazeistu-plauku-atkurimui\/","og_site_name":"MalinaShop.lt J\u016bs\u0173 sveikatai ir gro\u017eiui.","article_modified_time":"2025-10-04T18:46:38+00:00","og_image":[{"width":493,"height":740,"url":"https:\/\/www.malinashop.lt\/wp-content\/uploads\/2025\/02\/MURUMURU-Best-Repair-\u2013-nenuplaunama-kauke-pazeistu-plauku-atkurim.webp","type":"image\/webp"}],"twitter_card":"summary_large_image","schema":{"@context":"https:\/\/schema.org","@graph":[{"@type":"WebPage","@id":"https:\/\/www.malinashop.lt\/lt_lt\/shop\/murumuru-best-repair-nenuplaunama-kauke-pazeistu-plauku-atkurimui\/","url":"https:\/\/www.malinashop.lt\/lt_lt\/shop\/murumuru-best-repair-nenuplaunama-kauke-pazeistu-plauku-atkurimui\/","name":"MURUMURU Best Repair \u2013 nenuplaunama kauk\u0117 pa\u017eeist\u0173 plauk\u0173 atk\u016brimui - MalinaShop.lt J\u016bs\u0173 sveikatai ir gro\u017eiui.","isPartOf":{"@id":"https:\/\/www.malinashop.lt\/#website"},"primaryImageOfPage":{"@id":"https:\/\/www.malinashop.lt\/lt_lt\/shop\/murumuru-best-repair-nenuplaunama-kauke-pazeistu-plauku-atkurimui\/#primaryimage"},"image":{"@id":"https:\/\/www.malinashop.lt\/lt_lt\/shop\/murumuru-best-repair-nenuplaunama-kauke-pazeistu-plauku-atkurimui\/#primaryimage"},"thumbnailUrl":"https:\/\/www.malinashop.lt\/wp-content\/uploads\/2025\/02\/MURUMURU-Best-Repair-\u2013-nenuplaunama-kauke-pazeistu-plauku-atkurim.webp","datePublished":"2025-02-12T12:38:43+00:00","dateModified":"2025-10-04T18:46:38+00:00","description":"MURUMURU Best Repair nenuplaunama kauk\u0117 \u2013 intensyviai dr\u0117kina ir atkuria net labiausiai pa\u017eeistus plaukus. Sud\u0117tyje n\u0117ra paraben\u0173 ir silikon\u0173. Pagaminta Italijoje.","breadcrumb":{"@id":"https:\/\/www.malinashop.lt\/lt_lt\/shop\/murumuru-best-repair-nenuplaunama-kauke-pazeistu-plauku-atkurimui\/#breadcrumb"},"inLanguage":"lt-LT","potentialAction":[{"@type":"ReadAction","target":["https:\/\/www.malinashop.lt\/lt_lt\/shop\/murumuru-best-repair-nenuplaunama-kauke-pazeistu-plauku-atkurimui\/"]}]},{"@type":"ImageObject","inLanguage":"lt-LT","@id":"https:\/\/www.malinashop.lt\/lt_lt\/shop\/murumuru-best-repair-nenuplaunama-kauke-pazeistu-plauku-atkurimui\/#primaryimage","url":"https:\/\/www.malinashop.lt\/wp-content\/uploads\/2025\/02\/MURUMURU-Best-Repair-\u2013-nenuplaunama-kauke-pazeistu-plauku-atkurim.webp","contentUrl":"https:\/\/www.malinashop.lt\/wp-content\/uploads\/2025\/02\/MURUMURU-Best-Repair-\u2013-nenuplaunama-kauke-pazeistu-plauku-atkurim.webp","width":493,"height":740},{"@type":"BreadcrumbList","@id":"https:\/\/www.malinashop.lt\/lt_lt\/shop\/murumuru-best-repair-nenuplaunama-kauke-pazeistu-plauku-atkurimui\/#breadcrumb","itemListElement":[{"@type":"ListItem","position":1,"name":"Pagrindinis","item":"https:\/\/www.malinashop.lt\/"},{"@type":"ListItem","position":2,"name":"Parduotuv\u0117","item":"https:\/\/www.malinashop.lt\/en\/parduotuve\/"},{"@type":"ListItem","position":3,"name":"MURUMURU Best Repair \u2013 nenuplaunama kauk\u0117 pa\u017eeist\u0173 plauk\u0173 atk\u016brimui"}]},{"@type":"WebSite","@id":"https:\/\/www.malinashop.lt\/#website","url":"https:\/\/www.malinashop.lt\/","name":"COM Group Ecommerce","description":"MalinaShop.lt - Gro\u017eio ir sveikatos produktai i\u0161 patikim\u0173 preki\u0173 \u017eenkl\u0173. Atraskite auk\u0161tos kokyb\u0117s kosmetik\u0105 u\u017e puiki\u0105 kain\u0105.","publisher":{"@id":"https:\/\/www.malinashop.lt\/#organization"},"potentialAction":[{"@type":"SearchAction","target":{"@type":"EntryPoint","urlTemplate":"https:\/\/www.malinashop.lt\/?s={search_term_string}"},"query-input":{"@type":"PropertyValueSpecification","valueRequired":true,"valueName":"search_term_string"}}],"inLanguage":"lt-LT"},{"@type":"Organization","@id":"https:\/\/www.malinashop.lt\/#organization","name":"COM Group Ecommerce","url":"https:\/\/www.malinashop.lt\/","logo":{"@type":"ImageObject","inLanguage":"lt-LT","@id":"https:\/\/www.malinashop.lt\/#\/schema\/logo\/image\/","url":"https:\/\/www.malinashop.lt\/wp-content\/uploads\/2024\/08\/462559670_3787732518133670_9795632669273463_n-e1731525914575.png","contentUrl":"https:\/\/www.malinashop.lt\/wp-content\/uploads\/2024\/08\/462559670_3787732518133670_9795632669273463_n-e1731525914575.png","width":180,"height":60,"caption":"COM Group Ecommerce"},"image":{"@id":"https:\/\/www.malinashop.lt\/#\/schema\/logo\/image\/"}}]}},"jetpack_sharing_enabled":true,"_links":{"self":[{"href":"https:\/\/www.malinashop.lt\/lt_lt\/wp-json\/wp\/v2\/product\/33425","targetHints":{"allow":["GET"]}}],"collection":[{"href":"https:\/\/www.malinashop.lt\/lt_lt\/wp-json\/wp\/v2\/product"}],"about":[{"href":"https:\/\/www.malinashop.lt\/lt_lt\/wp-json\/wp\/v2\/types\/product"}],"version-history":[{"count":1,"href":"https:\/\/www.malinashop.lt\/lt_lt\/wp-json\/wp\/v2\/product\/33425\/revisions"}],"predecessor-version":[{"id":33430,"href":"https:\/\/www.malinashop.lt\/lt_lt\/wp-json\/wp\/v2\/product\/33425\/revisions\/33430"}],"wp:featuredmedia":[{"embeddable":true,"href":"https:\/\/www.malinashop.lt\/lt_lt\/wp-json\/wp\/v2\/media\/33426"}],"wp:attachment":[{"href":"https:\/\/www.malinashop.lt\/lt_lt\/wp-json\/wp\/v2\/media?parent=33425"}],"wp:term":[{"taxonomy":"product_brand","embeddable":true,"href":"https:\/\/www.malinashop.lt\/lt_lt\/wp-json\/wp\/v2\/product_brand?post=33425"},{"taxonomy":"product_cat","embeddable":true,"href":"https:\/\/www.malinashop.lt\/lt_lt\/wp-json\/wp\/v2\/product_cat?post=33425"},{"taxonomy":"product_tag","embeddable":true,"href":"https:\/\/www.malinashop.lt\/lt_lt\/wp-json\/wp\/v2\/product_tag?post=33425"}],"curies":[{"name":"wp","href":"https:\/\/api.w.org\/{rel}","templated":true}]}}