{"id":31344,"date":"2025-01-21T16:38:12","date_gmt":"2025-01-21T13:38:12","guid":{"rendered":"https:\/\/malinashop.lt\/?post_type=product&#038;p=31344"},"modified":"2025-11-11T13:55:13","modified_gmt":"2025-11-11T10:55:13","slug":"ula-stiklo-valiklis-1l","status":"publish","type":"product","link":"https:\/\/www.malinashop.lt\/lt_lt\/shop\/ula-stiklo-valiklis-1l\/","title":{"rendered":"\u016ala stiklo valiklis, 1L"},"content":{"rendered":"<p><strong>Stiklo valiklis \u016ala (1 l)<\/strong><br \/>\n\u016ala stiklo valiklis \u2013 koncentruota ir efektyvi priemon\u0117, skirta \u012fvairi\u0173 stiklini\u0173 pavir\u0161i\u0173 valymui. D\u0117l maksimalios organini\u0173 tirpikli\u0173 koncentracijos greitai ir lengvai pa\u0161alina ne\u0161varumus, suteikia stiklui nepriekai\u0161ting\u0105 skaidrum\u0105, spindes\u012f ir nepalieka d\u0117mi\u0173. Patogus purk\u0161tukas u\u017etikrina tolyg\u0173 priemon\u0117s paskirstym\u0105.<\/p>\n<p><strong>Pagrindin\u0117s savyb\u0117s:<\/strong><\/p>\n<ul>\n<li>Tinka vitrinoms, veidrod\u017eiams, kri\u0161tolui, porcelianui ir fajanso dirbiniams.<\/li>\n<li>Suteikia pavir\u0161iams blizges\u012f ir skaidrum\u0105 be dry\u017ei\u0173.<\/li>\n<li>Efektyvi formul\u0117 greitam ne\u0161varum\u0173 \u0161alinimui.<\/li>\n<li>Patogus naudojimas su purk\u0161tuku.<\/li>\n<\/ul>\n<p><strong>Naudojimas:<\/strong><\/p>\n<ol>\n<li>Purk\u0161kite valikl\u012f ant valomo pavir\u0161iaus.<\/li>\n<li>I\u0161trinkite pavir\u0161i\u0173 iki blizgesio sausa \u0161luoste ar popieriniu rank\u0161luos\u010diu.<\/li>\n<\/ol>\n<p><strong>Saugos instrukcijos:<\/strong><\/p>\n<ul>\n<li>Atsargiai: deg\u016bs skystis ir garai.<\/li>\n<li>Laikyti vaikams neprieinamoje vietoje.<\/li>\n<li>Naudoti atokiau nuo atviros liepsnos ar kar\u0161t\u0173 pavir\u0161i\u0173.<\/li>\n<li>Patekus \u012f akis: kelias minutes plaukite vandeniu. Jei naudojate kontaktinius l\u0119\u0161ius, i\u0161imkite juos ir t\u0119skite plovim\u0105.<\/li>\n<\/ul>\n<p><strong>Laikymas:<\/strong><br \/>\nLaikyti kambario temperat\u016broje, sausose patalpose, originalioje gamintojo taroje. Naudojimo terminas nurodytas ant pakuot\u0117s.<\/p>\n<p><strong>Sud\u0117tis:<\/strong><br \/>\nAnijonin\u0117 pavir\u0161inio aktyvumo med\u017eiaga, etilendinitrilotetraacto r\u016bg\u0161tis (EDTA), denat\u016bruotas alkoholis, da\u017eiklis.<\/p>\n","protected":false},"excerpt":{"rendered":"<p>Stiklo valiklis \u016ala (1 l) \u016ala stiklo valiklis \u2013 koncentruota ir efektyvi priemon\u0117, skirta \u012fvairi\u0173 stiklini\u0173 pavir\u0161i\u0173 valymui. D\u0117l maksimalios organini\u0173 tirpikli\u0173&hellip;<\/p>\n","protected":false},"featured_media":31345,"template":"","meta":[],"product_brand":[1163],"product_cat":[562,1167],"product_tag":[],"class_list":{"0":"post-31344","1":"product","2":"type-product","3":"status-publish","4":"has-post-thumbnail","6":"product_brand-ula","7":"product_cat-sandelio-valymas","8":"product_cat-valikliai","10":"first","11":"instock","12":"sale","13":"taxable","14":"shipping-taxable","15":"purchasable","16":"product-type-simple"},"yoast_head":"<!-- This site is optimized with the Yoast SEO plugin v27.4 - https:\/\/yoast.com\/product\/yoast-seo-wordpress\/ -->\n<title>\u016ala stiklo valiklis, 1L - MalinaShop.lt J\u016bs\u0173 sveikatai ir gro\u017eiui.<\/title>\n<meta name=\"description\" content=\"\u016ala stiklo valiklis (1 l) \u2013 greitai valo ne\u0161varumus, suteikia spindes\u012f ir skaidrum\u0105. Puikiai tinka stikliniams pavir\u0161iams: vitrinoms, veidrod\u017eiams ir kri\u0161tolui.\" \/>\n<meta name=\"robots\" content=\"index, follow, max-snippet:-1, max-image-preview:large, max-video-preview:-1\" \/>\n<link rel=\"canonical\" href=\"https:\/\/www.malinashop.lt\/lt_lt\/shop\/ula-stiklo-valiklis-1l\/\" \/>\n<meta property=\"og:locale\" content=\"lt_LT\" \/>\n<meta property=\"og:type\" content=\"article\" \/>\n<meta property=\"og:title\" content=\"\u016ala stiklo valiklis, 1L - MalinaShop.lt J\u016bs\u0173 sveikatai ir gro\u017eiui.\" \/>\n<meta property=\"og:description\" content=\"\u016ala stiklo valiklis (1 l) \u2013 greitai valo ne\u0161varumus, suteikia spindes\u012f ir skaidrum\u0105. Puikiai tinka stikliniams pavir\u0161iams: vitrinoms, veidrod\u017eiams ir kri\u0161tolui.\" \/>\n<meta property=\"og:url\" content=\"https:\/\/www.malinashop.lt\/lt_lt\/shop\/ula-stiklo-valiklis-1l\/\" \/>\n<meta property=\"og:site_name\" content=\"MalinaShop.lt J\u016bs\u0173 sveikatai ir gro\u017eiui.\" \/>\n<meta property=\"article:modified_time\" content=\"2025-11-11T10:55:13+00:00\" \/>\n<meta property=\"og:image\" content=\"https:\/\/www.malinashop.lt\/wp-content\/uploads\/2025\/01\/Ula-stiklo-valiklis-1L.jpg\" \/>\n\t<meta property=\"og:image:width\" content=\"300\" \/>\n\t<meta property=\"og:image:height\" content=\"400\" \/>\n\t<meta property=\"og:image:type\" content=\"image\/jpeg\" \/>\n<meta name=\"twitter:card\" content=\"summary_large_image\" \/>\n<script type=\"application\/ld+json\" class=\"yoast-schema-graph\">{\"@context\":\"https:\\\/\\\/schema.org\",\"@graph\":[{\"@type\":\"WebPage\",\"@id\":\"https:\\\/\\\/www.malinashop.lt\\\/lt_lt\\\/shop\\\/ula-stiklo-valiklis-1l\\\/\",\"url\":\"https:\\\/\\\/www.malinashop.lt\\\/lt_lt\\\/shop\\\/ula-stiklo-valiklis-1l\\\/\",\"name\":\"\u016ala stiklo valiklis, 1L - MalinaShop.lt J\u016bs\u0173 sveikatai ir gro\u017eiui.\",\"isPartOf\":{\"@id\":\"https:\\\/\\\/www.malinashop.lt\\\/en\\\/#website\"},\"primaryImageOfPage\":{\"@id\":\"https:\\\/\\\/www.malinashop.lt\\\/lt_lt\\\/shop\\\/ula-stiklo-valiklis-1l\\\/#primaryimage\"},\"image\":{\"@id\":\"https:\\\/\\\/www.malinashop.lt\\\/lt_lt\\\/shop\\\/ula-stiklo-valiklis-1l\\\/#primaryimage\"},\"thumbnailUrl\":\"https:\\\/\\\/www.malinashop.lt\\\/wp-content\\\/uploads\\\/2025\\\/01\\\/Ula-stiklo-valiklis-1L.jpg\",\"datePublished\":\"2025-01-21T13:38:12+00:00\",\"dateModified\":\"2025-11-11T10:55:13+00:00\",\"description\":\"\u016ala stiklo valiklis (1 l) \u2013 greitai valo ne\u0161varumus, suteikia spindes\u012f ir skaidrum\u0105. Puikiai tinka stikliniams pavir\u0161iams: vitrinoms, veidrod\u017eiams ir kri\u0161tolui.\",\"breadcrumb\":{\"@id\":\"https:\\\/\\\/www.malinashop.lt\\\/lt_lt\\\/shop\\\/ula-stiklo-valiklis-1l\\\/#breadcrumb\"},\"inLanguage\":\"lt-LT\",\"potentialAction\":[{\"@type\":\"ReadAction\",\"target\":[\"https:\\\/\\\/www.malinashop.lt\\\/lt_lt\\\/shop\\\/ula-stiklo-valiklis-1l\\\/\"]}]},{\"@type\":\"ImageObject\",\"inLanguage\":\"lt-LT\",\"@id\":\"https:\\\/\\\/www.malinashop.lt\\\/lt_lt\\\/shop\\\/ula-stiklo-valiklis-1l\\\/#primaryimage\",\"url\":\"https:\\\/\\\/www.malinashop.lt\\\/wp-content\\\/uploads\\\/2025\\\/01\\\/Ula-stiklo-valiklis-1L.jpg\",\"contentUrl\":\"https:\\\/\\\/www.malinashop.lt\\\/wp-content\\\/uploads\\\/2025\\\/01\\\/Ula-stiklo-valiklis-1L.jpg\",\"width\":300,\"height\":400},{\"@type\":\"BreadcrumbList\",\"@id\":\"https:\\\/\\\/www.malinashop.lt\\\/lt_lt\\\/shop\\\/ula-stiklo-valiklis-1l\\\/#breadcrumb\",\"itemListElement\":[{\"@type\":\"ListItem\",\"position\":1,\"name\":\"Home\",\"item\":\"https:\\\/\\\/www.malinashop.lt\\\/en\\\/\"},{\"@type\":\"ListItem\",\"position\":2,\"name\":\"Parduotuv\u0117\",\"item\":\"https:\\\/\\\/www.malinashop.lt\\\/en\\\/parduotuve\\\/\"},{\"@type\":\"ListItem\",\"position\":3,\"name\":\"\u016ala stiklo valiklis, 1L\"}]},{\"@type\":\"WebSite\",\"@id\":\"https:\\\/\\\/www.malinashop.lt\\\/en\\\/#website\",\"url\":\"https:\\\/\\\/www.malinashop.lt\\\/en\\\/\",\"name\":\"COM Group Ecommerce\",\"description\":\"MalinaShop.lt - Gro\u017eio ir sveikatos produktai i\u0161 patikim\u0173 preki\u0173 \u017eenkl\u0173. Atraskite auk\u0161tos kokyb\u0117s kosmetik\u0105 u\u017e puiki\u0105 kain\u0105.\",\"publisher\":{\"@id\":\"https:\\\/\\\/www.malinashop.lt\\\/en\\\/#organization\"},\"potentialAction\":[{\"@type\":\"SearchAction\",\"target\":{\"@type\":\"EntryPoint\",\"urlTemplate\":\"https:\\\/\\\/www.malinashop.lt\\\/en\\\/?s={search_term_string}\"},\"query-input\":{\"@type\":\"PropertyValueSpecification\",\"valueRequired\":true,\"valueName\":\"search_term_string\"}}],\"inLanguage\":\"lt-LT\"},{\"@type\":\"Organization\",\"@id\":\"https:\\\/\\\/www.malinashop.lt\\\/en\\\/#organization\",\"name\":\"COM Group Ecommerce\",\"url\":\"https:\\\/\\\/www.malinashop.lt\\\/en\\\/\",\"logo\":{\"@type\":\"ImageObject\",\"inLanguage\":\"lt-LT\",\"@id\":\"https:\\\/\\\/www.malinashop.lt\\\/en\\\/#\\\/schema\\\/logo\\\/image\\\/\",\"url\":\"https:\\\/\\\/www.malinashop.lt\\\/wp-content\\\/uploads\\\/2024\\\/08\\\/462559670_3787732518133670_9795632669273463_n-e1731525914575.png\",\"contentUrl\":\"https:\\\/\\\/www.malinashop.lt\\\/wp-content\\\/uploads\\\/2024\\\/08\\\/462559670_3787732518133670_9795632669273463_n-e1731525914575.png\",\"width\":180,\"height\":60,\"caption\":\"COM Group Ecommerce\"},\"image\":{\"@id\":\"https:\\\/\\\/www.malinashop.lt\\\/en\\\/#\\\/schema\\\/logo\\\/image\\\/\"}}]}<\/script>\n<!-- \/ Yoast SEO plugin. -->","yoast_head_json":{"title":"\u016ala stiklo valiklis, 1L - MalinaShop.lt J\u016bs\u0173 sveikatai ir gro\u017eiui.","description":"\u016ala stiklo valiklis (1 l) \u2013 greitai valo ne\u0161varumus, suteikia spindes\u012f ir skaidrum\u0105. Puikiai tinka stikliniams pavir\u0161iams: vitrinoms, veidrod\u017eiams ir kri\u0161tolui.","robots":{"index":"index","follow":"follow","max-snippet":"max-snippet:-1","max-image-preview":"max-image-preview:large","max-video-preview":"max-video-preview:-1"},"canonical":"https:\/\/www.malinashop.lt\/lt_lt\/shop\/ula-stiklo-valiklis-1l\/","og_locale":"lt_LT","og_type":"article","og_title":"\u016ala stiklo valiklis, 1L - MalinaShop.lt J\u016bs\u0173 sveikatai ir gro\u017eiui.","og_description":"\u016ala stiklo valiklis (1 l) \u2013 greitai valo ne\u0161varumus, suteikia spindes\u012f ir skaidrum\u0105. Puikiai tinka stikliniams pavir\u0161iams: vitrinoms, veidrod\u017eiams ir kri\u0161tolui.","og_url":"https:\/\/www.malinashop.lt\/lt_lt\/shop\/ula-stiklo-valiklis-1l\/","og_site_name":"MalinaShop.lt J\u016bs\u0173 sveikatai ir gro\u017eiui.","article_modified_time":"2025-11-11T10:55:13+00:00","og_image":[{"width":300,"height":400,"url":"https:\/\/www.malinashop.lt\/wp-content\/uploads\/2025\/01\/Ula-stiklo-valiklis-1L.jpg","type":"image\/jpeg"}],"twitter_card":"summary_large_image","schema":{"@context":"https:\/\/schema.org","@graph":[{"@type":"WebPage","@id":"https:\/\/www.malinashop.lt\/lt_lt\/shop\/ula-stiklo-valiklis-1l\/","url":"https:\/\/www.malinashop.lt\/lt_lt\/shop\/ula-stiklo-valiklis-1l\/","name":"\u016ala stiklo valiklis, 1L - MalinaShop.lt J\u016bs\u0173 sveikatai ir gro\u017eiui.","isPartOf":{"@id":"https:\/\/www.malinashop.lt\/en\/#website"},"primaryImageOfPage":{"@id":"https:\/\/www.malinashop.lt\/lt_lt\/shop\/ula-stiklo-valiklis-1l\/#primaryimage"},"image":{"@id":"https:\/\/www.malinashop.lt\/lt_lt\/shop\/ula-stiklo-valiklis-1l\/#primaryimage"},"thumbnailUrl":"https:\/\/www.malinashop.lt\/wp-content\/uploads\/2025\/01\/Ula-stiklo-valiklis-1L.jpg","datePublished":"2025-01-21T13:38:12+00:00","dateModified":"2025-11-11T10:55:13+00:00","description":"\u016ala stiklo valiklis (1 l) \u2013 greitai valo ne\u0161varumus, suteikia spindes\u012f ir skaidrum\u0105. Puikiai tinka stikliniams pavir\u0161iams: vitrinoms, veidrod\u017eiams ir kri\u0161tolui.","breadcrumb":{"@id":"https:\/\/www.malinashop.lt\/lt_lt\/shop\/ula-stiklo-valiklis-1l\/#breadcrumb"},"inLanguage":"lt-LT","potentialAction":[{"@type":"ReadAction","target":["https:\/\/www.malinashop.lt\/lt_lt\/shop\/ula-stiklo-valiklis-1l\/"]}]},{"@type":"ImageObject","inLanguage":"lt-LT","@id":"https:\/\/www.malinashop.lt\/lt_lt\/shop\/ula-stiklo-valiklis-1l\/#primaryimage","url":"https:\/\/www.malinashop.lt\/wp-content\/uploads\/2025\/01\/Ula-stiklo-valiklis-1L.jpg","contentUrl":"https:\/\/www.malinashop.lt\/wp-content\/uploads\/2025\/01\/Ula-stiklo-valiklis-1L.jpg","width":300,"height":400},{"@type":"BreadcrumbList","@id":"https:\/\/www.malinashop.lt\/lt_lt\/shop\/ula-stiklo-valiklis-1l\/#breadcrumb","itemListElement":[{"@type":"ListItem","position":1,"name":"Home","item":"https:\/\/www.malinashop.lt\/en\/"},{"@type":"ListItem","position":2,"name":"Parduotuv\u0117","item":"https:\/\/www.malinashop.lt\/en\/parduotuve\/"},{"@type":"ListItem","position":3,"name":"\u016ala stiklo valiklis, 1L"}]},{"@type":"WebSite","@id":"https:\/\/www.malinashop.lt\/en\/#website","url":"https:\/\/www.malinashop.lt\/en\/","name":"COM Group Ecommerce","description":"MalinaShop.lt - Gro\u017eio ir sveikatos produktai i\u0161 patikim\u0173 preki\u0173 \u017eenkl\u0173. Atraskite auk\u0161tos kokyb\u0117s kosmetik\u0105 u\u017e puiki\u0105 kain\u0105.","publisher":{"@id":"https:\/\/www.malinashop.lt\/en\/#organization"},"potentialAction":[{"@type":"SearchAction","target":{"@type":"EntryPoint","urlTemplate":"https:\/\/www.malinashop.lt\/en\/?s={search_term_string}"},"query-input":{"@type":"PropertyValueSpecification","valueRequired":true,"valueName":"search_term_string"}}],"inLanguage":"lt-LT"},{"@type":"Organization","@id":"https:\/\/www.malinashop.lt\/en\/#organization","name":"COM Group Ecommerce","url":"https:\/\/www.malinashop.lt\/en\/","logo":{"@type":"ImageObject","inLanguage":"lt-LT","@id":"https:\/\/www.malinashop.lt\/en\/#\/schema\/logo\/image\/","url":"https:\/\/www.malinashop.lt\/wp-content\/uploads\/2024\/08\/462559670_3787732518133670_9795632669273463_n-e1731525914575.png","contentUrl":"https:\/\/www.malinashop.lt\/wp-content\/uploads\/2024\/08\/462559670_3787732518133670_9795632669273463_n-e1731525914575.png","width":180,"height":60,"caption":"COM Group Ecommerce"},"image":{"@id":"https:\/\/www.malinashop.lt\/en\/#\/schema\/logo\/image\/"}}]}},"jetpack_sharing_enabled":true,"_links":{"self":[{"href":"https:\/\/www.malinashop.lt\/lt_lt\/wp-json\/wp\/v2\/product\/31344","targetHints":{"allow":["GET"]}}],"collection":[{"href":"https:\/\/www.malinashop.lt\/lt_lt\/wp-json\/wp\/v2\/product"}],"about":[{"href":"https:\/\/www.malinashop.lt\/lt_lt\/wp-json\/wp\/v2\/types\/product"}],"version-history":[{"count":2,"href":"https:\/\/www.malinashop.lt\/lt_lt\/wp-json\/wp\/v2\/product\/31344\/revisions"}],"predecessor-version":[{"id":61473,"href":"https:\/\/www.malinashop.lt\/lt_lt\/wp-json\/wp\/v2\/product\/31344\/revisions\/61473"}],"wp:featuredmedia":[{"embeddable":true,"href":"https:\/\/www.malinashop.lt\/lt_lt\/wp-json\/wp\/v2\/media\/31345"}],"wp:attachment":[{"href":"https:\/\/www.malinashop.lt\/lt_lt\/wp-json\/wp\/v2\/media?parent=31344"}],"wp:term":[{"taxonomy":"product_brand","embeddable":true,"href":"https:\/\/www.malinashop.lt\/lt_lt\/wp-json\/wp\/v2\/product_brand?post=31344"},{"taxonomy":"product_cat","embeddable":true,"href":"https:\/\/www.malinashop.lt\/lt_lt\/wp-json\/wp\/v2\/product_cat?post=31344"},{"taxonomy":"product_tag","embeddable":true,"href":"https:\/\/www.malinashop.lt\/lt_lt\/wp-json\/wp\/v2\/product_tag?post=31344"}],"curies":[{"name":"wp","href":"https:\/\/api.w.org\/{rel}","templated":true}]}}