{"id":31333,"date":"2025-01-21T13:57:35","date_gmt":"2025-01-21T10:57:35","guid":{"rendered":"https:\/\/malinashop.lt\/?post_type=product&#038;p=31333"},"modified":"2026-01-05T00:25:53","modified_gmt":"2026-01-04T21:25:53","slug":"ula-koncentruotas-kilimu-valiklis-su-antistatiniais-priedais-05-l","status":"publish","type":"product","link":"https:\/\/www.malinashop.lt\/lt_lt\/shop\/ula-koncentruotas-kilimu-valiklis-su-antistatiniais-priedais-05-l\/","title":{"rendered":"\u016aLA koncentruotas kilim\u0173 valiklis su antistatiniais priedais, 0,5 l"},"content":{"rendered":"<p><strong>Koncentruotas kilim\u0173 valiklis \u016ala su antistatiniais priedais (0,5 l)<\/strong><br \/>\n\u016ala kilim\u0173 valiklis su antistatiniais priedais \u2013 efektyvi priemon\u0117 vilnoni\u0173 ir sintetini\u0173 kilimini\u0173 dang\u0173, bald\u0173 apmu\u0161al\u0173 bei automobili\u0173 salon\u0173 valymui. Valiklis ne tik pa\u0161alina d\u0117mes ir ne\u0161varumus, bet ir suma\u017eina dulki\u0173 kaupim\u0105si ant pavir\u0161i\u0173, suteikdamas ilgalaik\u012f \u0161varos efekt\u0105.<\/p>\n<p><strong>Pagrindin\u0117s savyb\u0117s:<\/strong><\/p>\n<ul>\n<li>Pa\u0161alina d\u0117mes ir ne\u0161varumus i\u0161 \u012fvairi\u0173 dang\u0173 ir bald\u0173 apmu\u0161al\u0173.<\/li>\n<li>Sud\u0117tyje esantys antistatiniai priedai suma\u017eina dulki\u0173 kaupim\u0105si.<\/li>\n<li>Tinka naudoti automobili\u0173 salon\u0173 valymui.<\/li>\n<li>Apsaugo pavir\u0161ius ir u\u017etikrina ilgalaik\u012f \u0161varos poj\u016bt\u012f.<\/li>\n<\/ul>\n<p><strong>Naudojimas:<\/strong><\/p>\n<ol>\n<li>Prie\u0161 naudojim\u0105 suplakite valikl\u012f ir patikrinkite dangos da\u017e\u0173 atsparum\u0105.<\/li>\n<li>Plovimo tirpalui paruo\u0161ti naudokite 3 kam\u0161telius (60\u201380 g) valiklio 0,5 l vandens.<\/li>\n<li>Naudokite 100\u2013200 g tirpalo 1 m\u00b2 dangai.<\/li>\n<li>Ypa\u010d u\u017eter\u0161toms vietoms naudokite tirpal\u0105, sudaryt\u0105 i\u0161 4\u20135 kam\u0161teli\u0173 (100\u2013130 g) valiklio 0,5 l vandens.<\/li>\n<li>Valykite pavir\u0161i\u0173 kempine arba \u0161epe\u010diu.<\/li>\n<\/ol>\n<p><strong>Saugos instrukcijos:<\/strong><\/p>\n<ul>\n<li>Pavojinga: sukelia stipr\u0173 aki\u0173 dirginim\u0105 ir dirgina od\u0105.<\/li>\n<li>Laikykite vaikams neprieinamoje vietoje.<\/li>\n<li>Naudokite apsaugines priemones (pir\u0161tines, aki\u0173 apsaug\u0105).<\/li>\n<li>Patekus \u012f akis: kelias minutes plaukite vandeniu. Jei naudojate kontaktinius l\u0119\u0161ius, i\u0161imkite juos ir t\u0119skite plovim\u0105.<\/li>\n<\/ul>\n<p><strong>Laikymas:<\/strong><br \/>\nLaikyti vertikalioje pad\u0117tyje, v\u0117sioje patalpoje, originalioje pakuot\u0117je. Naudojimo terminas nurodytas ant pakuot\u0117s.<\/p>\n<p><strong>Sud\u0117tis:<\/strong><br \/>\n5\u201315 % anijonini\u0173 pavir\u0161inio aktyvumo med\u017eiag\u0173, &lt;5 % nejonini\u0173 pavir\u0161inio aktyvumo med\u017eiag\u0173, &lt;5 % fosfat\u0173, izopropilo alkoholis, konservantas (Benzisothiazolinone, Methylisothiazolinone), Laurylamine Dipropylenediamine, kvapioji med\u017eiaga, da\u017eikliai.<\/p>\n","protected":false},"excerpt":{"rendered":"<p>Koncentruotas kilim\u0173 valiklis \u016ala su antistatiniais priedais (0,5 l) \u016ala kilim\u0173 valiklis su antistatiniais priedais \u2013 efektyvi priemon\u0117 vilnoni\u0173 ir sintetini\u0173 kilimini\u0173&hellip;<\/p>\n","protected":false},"featured_media":31341,"template":"","meta":[],"product_brand":[1163],"product_cat":[562,1167],"product_tag":[],"class_list":{"0":"post-31333","1":"product","2":"type-product","3":"status-publish","4":"has-post-thumbnail","6":"product_brand-ula","7":"product_cat-sandelio-valymas","8":"product_cat-valikliai","10":"first","11":"instock","12":"sale","13":"taxable","14":"shipping-taxable","15":"purchasable","16":"product-type-simple"},"yoast_head":"<!-- This site is optimized with the Yoast SEO plugin v27.3 - https:\/\/yoast.com\/product\/yoast-seo-wordpress\/ -->\n<title>\u016aLA koncentruotas kilim\u0173 valiklis su antistatiniais priedais, 0,5 l - MalinaShop.lt J\u016bs\u0173 sveikatai ir gro\u017eiui.<\/title>\n<meta name=\"description\" content=\"\u016ala koncentruotas kilim\u0173 valiklis (0,5 l) \u2013 efektyviai \u0161alina d\u0117mes, ma\u017eina dulki\u0173 kaupim\u0105si ir apsaugo pavir\u0161ius. Tinka kilimams, bald\u0173 apmu\u0161alams ir automobili\u0173 salonams.\" \/>\n<meta name=\"robots\" content=\"index, follow, max-snippet:-1, max-image-preview:large, max-video-preview:-1\" \/>\n<link rel=\"canonical\" href=\"https:\/\/www.malinashop.lt\/lt_lt\/shop\/ula-koncentruotas-kilimu-valiklis-su-antistatiniais-priedais-05-l\/\" \/>\n<meta property=\"og:locale\" content=\"lt_LT\" \/>\n<meta property=\"og:type\" content=\"article\" \/>\n<meta property=\"og:title\" content=\"\u016aLA koncentruotas kilim\u0173 valiklis su antistatiniais priedais, 0,5 l - MalinaShop.lt J\u016bs\u0173 sveikatai ir gro\u017eiui.\" \/>\n<meta property=\"og:description\" content=\"\u016ala koncentruotas kilim\u0173 valiklis (0,5 l) \u2013 efektyviai \u0161alina d\u0117mes, ma\u017eina dulki\u0173 kaupim\u0105si ir apsaugo pavir\u0161ius. Tinka kilimams, bald\u0173 apmu\u0161alams ir automobili\u0173 salonams.\" \/>\n<meta property=\"og:url\" content=\"https:\/\/www.malinashop.lt\/lt_lt\/shop\/ula-koncentruotas-kilimu-valiklis-su-antistatiniais-priedais-05-l\/\" \/>\n<meta property=\"og:site_name\" content=\"MalinaShop.lt J\u016bs\u0173 sveikatai ir gro\u017eiui.\" \/>\n<meta property=\"article:modified_time\" content=\"2026-01-04T21:25:53+00:00\" \/>\n<meta property=\"og:image\" content=\"https:\/\/www.malinashop.lt\/wp-content\/uploads\/2025\/01\/ULA-koncentruotas-kilimu-valiklis-su-antistatiniais-priedais-05-l.jpg\" \/>\n\t<meta property=\"og:image:width\" content=\"408\" \/>\n\t<meta property=\"og:image:height\" content=\"612\" \/>\n\t<meta property=\"og:image:type\" content=\"image\/jpeg\" \/>\n<meta name=\"twitter:card\" content=\"summary_large_image\" \/>\n<script type=\"application\/ld+json\" class=\"yoast-schema-graph\">{\"@context\":\"https:\\\/\\\/schema.org\",\"@graph\":[{\"@type\":\"WebPage\",\"@id\":\"https:\\\/\\\/www.malinashop.lt\\\/lt_lt\\\/shop\\\/ula-koncentruotas-kilimu-valiklis-su-antistatiniais-priedais-05-l\\\/\",\"url\":\"https:\\\/\\\/www.malinashop.lt\\\/lt_lt\\\/shop\\\/ula-koncentruotas-kilimu-valiklis-su-antistatiniais-priedais-05-l\\\/\",\"name\":\"\u016aLA koncentruotas kilim\u0173 valiklis su antistatiniais priedais, 0,5 l - MalinaShop.lt J\u016bs\u0173 sveikatai ir gro\u017eiui.\",\"isPartOf\":{\"@id\":\"https:\\\/\\\/www.malinashop.lt\\\/en\\\/#website\"},\"primaryImageOfPage\":{\"@id\":\"https:\\\/\\\/www.malinashop.lt\\\/lt_lt\\\/shop\\\/ula-koncentruotas-kilimu-valiklis-su-antistatiniais-priedais-05-l\\\/#primaryimage\"},\"image\":{\"@id\":\"https:\\\/\\\/www.malinashop.lt\\\/lt_lt\\\/shop\\\/ula-koncentruotas-kilimu-valiklis-su-antistatiniais-priedais-05-l\\\/#primaryimage\"},\"thumbnailUrl\":\"https:\\\/\\\/www.malinashop.lt\\\/wp-content\\\/uploads\\\/2025\\\/01\\\/ULA-koncentruotas-kilimu-valiklis-su-antistatiniais-priedais-05-l.jpg\",\"datePublished\":\"2025-01-21T10:57:35+00:00\",\"dateModified\":\"2026-01-04T21:25:53+00:00\",\"description\":\"\u016ala koncentruotas kilim\u0173 valiklis (0,5 l) \u2013 efektyviai \u0161alina d\u0117mes, ma\u017eina dulki\u0173 kaupim\u0105si ir apsaugo pavir\u0161ius. Tinka kilimams, bald\u0173 apmu\u0161alams ir automobili\u0173 salonams.\",\"breadcrumb\":{\"@id\":\"https:\\\/\\\/www.malinashop.lt\\\/lt_lt\\\/shop\\\/ula-koncentruotas-kilimu-valiklis-su-antistatiniais-priedais-05-l\\\/#breadcrumb\"},\"inLanguage\":\"lt-LT\",\"potentialAction\":[{\"@type\":\"ReadAction\",\"target\":[\"https:\\\/\\\/www.malinashop.lt\\\/lt_lt\\\/shop\\\/ula-koncentruotas-kilimu-valiklis-su-antistatiniais-priedais-05-l\\\/\"]}]},{\"@type\":\"ImageObject\",\"inLanguage\":\"lt-LT\",\"@id\":\"https:\\\/\\\/www.malinashop.lt\\\/lt_lt\\\/shop\\\/ula-koncentruotas-kilimu-valiklis-su-antistatiniais-priedais-05-l\\\/#primaryimage\",\"url\":\"https:\\\/\\\/www.malinashop.lt\\\/wp-content\\\/uploads\\\/2025\\\/01\\\/ULA-koncentruotas-kilimu-valiklis-su-antistatiniais-priedais-05-l.jpg\",\"contentUrl\":\"https:\\\/\\\/www.malinashop.lt\\\/wp-content\\\/uploads\\\/2025\\\/01\\\/ULA-koncentruotas-kilimu-valiklis-su-antistatiniais-priedais-05-l.jpg\",\"width\":408,\"height\":612},{\"@type\":\"BreadcrumbList\",\"@id\":\"https:\\\/\\\/www.malinashop.lt\\\/lt_lt\\\/shop\\\/ula-koncentruotas-kilimu-valiklis-su-antistatiniais-priedais-05-l\\\/#breadcrumb\",\"itemListElement\":[{\"@type\":\"ListItem\",\"position\":1,\"name\":\"Home\",\"item\":\"https:\\\/\\\/www.malinashop.lt\\\/en\\\/\"},{\"@type\":\"ListItem\",\"position\":2,\"name\":\"Parduotuv\u0117\",\"item\":\"https:\\\/\\\/www.malinashop.lt\\\/en\\\/parduotuve\\\/\"},{\"@type\":\"ListItem\",\"position\":3,\"name\":\"\u016aLA koncentruotas kilim\u0173 valiklis su antistatiniais priedais, 0,5 l\"}]},{\"@type\":\"WebSite\",\"@id\":\"https:\\\/\\\/www.malinashop.lt\\\/en\\\/#website\",\"url\":\"https:\\\/\\\/www.malinashop.lt\\\/en\\\/\",\"name\":\"COM Group Ecommerce\",\"description\":\"MalinaShop.lt - Gro\u017eio ir sveikatos produktai i\u0161 patikim\u0173 preki\u0173 \u017eenkl\u0173. Atraskite auk\u0161tos kokyb\u0117s kosmetik\u0105 u\u017e puiki\u0105 kain\u0105.\",\"publisher\":{\"@id\":\"https:\\\/\\\/www.malinashop.lt\\\/en\\\/#organization\"},\"potentialAction\":[{\"@type\":\"SearchAction\",\"target\":{\"@type\":\"EntryPoint\",\"urlTemplate\":\"https:\\\/\\\/www.malinashop.lt\\\/en\\\/?s={search_term_string}\"},\"query-input\":{\"@type\":\"PropertyValueSpecification\",\"valueRequired\":true,\"valueName\":\"search_term_string\"}}],\"inLanguage\":\"lt-LT\"},{\"@type\":\"Organization\",\"@id\":\"https:\\\/\\\/www.malinashop.lt\\\/en\\\/#organization\",\"name\":\"COM Group Ecommerce\",\"url\":\"https:\\\/\\\/www.malinashop.lt\\\/en\\\/\",\"logo\":{\"@type\":\"ImageObject\",\"inLanguage\":\"lt-LT\",\"@id\":\"https:\\\/\\\/www.malinashop.lt\\\/en\\\/#\\\/schema\\\/logo\\\/image\\\/\",\"url\":\"https:\\\/\\\/www.malinashop.lt\\\/wp-content\\\/uploads\\\/2024\\\/08\\\/462559670_3787732518133670_9795632669273463_n-e1731525914575.png\",\"contentUrl\":\"https:\\\/\\\/www.malinashop.lt\\\/wp-content\\\/uploads\\\/2024\\\/08\\\/462559670_3787732518133670_9795632669273463_n-e1731525914575.png\",\"width\":180,\"height\":60,\"caption\":\"COM Group Ecommerce\"},\"image\":{\"@id\":\"https:\\\/\\\/www.malinashop.lt\\\/en\\\/#\\\/schema\\\/logo\\\/image\\\/\"}}]}<\/script>\n<!-- \/ Yoast SEO plugin. -->","yoast_head_json":{"title":"\u016aLA koncentruotas kilim\u0173 valiklis su antistatiniais priedais, 0,5 l - MalinaShop.lt J\u016bs\u0173 sveikatai ir gro\u017eiui.","description":"\u016ala koncentruotas kilim\u0173 valiklis (0,5 l) \u2013 efektyviai \u0161alina d\u0117mes, ma\u017eina dulki\u0173 kaupim\u0105si ir apsaugo pavir\u0161ius. Tinka kilimams, bald\u0173 apmu\u0161alams ir automobili\u0173 salonams.","robots":{"index":"index","follow":"follow","max-snippet":"max-snippet:-1","max-image-preview":"max-image-preview:large","max-video-preview":"max-video-preview:-1"},"canonical":"https:\/\/www.malinashop.lt\/lt_lt\/shop\/ula-koncentruotas-kilimu-valiklis-su-antistatiniais-priedais-05-l\/","og_locale":"lt_LT","og_type":"article","og_title":"\u016aLA koncentruotas kilim\u0173 valiklis su antistatiniais priedais, 0,5 l - MalinaShop.lt J\u016bs\u0173 sveikatai ir gro\u017eiui.","og_description":"\u016ala koncentruotas kilim\u0173 valiklis (0,5 l) \u2013 efektyviai \u0161alina d\u0117mes, ma\u017eina dulki\u0173 kaupim\u0105si ir apsaugo pavir\u0161ius. Tinka kilimams, bald\u0173 apmu\u0161alams ir automobili\u0173 salonams.","og_url":"https:\/\/www.malinashop.lt\/lt_lt\/shop\/ula-koncentruotas-kilimu-valiklis-su-antistatiniais-priedais-05-l\/","og_site_name":"MalinaShop.lt J\u016bs\u0173 sveikatai ir gro\u017eiui.","article_modified_time":"2026-01-04T21:25:53+00:00","og_image":[{"width":408,"height":612,"url":"https:\/\/www.malinashop.lt\/wp-content\/uploads\/2025\/01\/ULA-koncentruotas-kilimu-valiklis-su-antistatiniais-priedais-05-l.jpg","type":"image\/jpeg"}],"twitter_card":"summary_large_image","schema":{"@context":"https:\/\/schema.org","@graph":[{"@type":"WebPage","@id":"https:\/\/www.malinashop.lt\/lt_lt\/shop\/ula-koncentruotas-kilimu-valiklis-su-antistatiniais-priedais-05-l\/","url":"https:\/\/www.malinashop.lt\/lt_lt\/shop\/ula-koncentruotas-kilimu-valiklis-su-antistatiniais-priedais-05-l\/","name":"\u016aLA koncentruotas kilim\u0173 valiklis su antistatiniais priedais, 0,5 l - MalinaShop.lt J\u016bs\u0173 sveikatai ir gro\u017eiui.","isPartOf":{"@id":"https:\/\/www.malinashop.lt\/en\/#website"},"primaryImageOfPage":{"@id":"https:\/\/www.malinashop.lt\/lt_lt\/shop\/ula-koncentruotas-kilimu-valiklis-su-antistatiniais-priedais-05-l\/#primaryimage"},"image":{"@id":"https:\/\/www.malinashop.lt\/lt_lt\/shop\/ula-koncentruotas-kilimu-valiklis-su-antistatiniais-priedais-05-l\/#primaryimage"},"thumbnailUrl":"https:\/\/www.malinashop.lt\/wp-content\/uploads\/2025\/01\/ULA-koncentruotas-kilimu-valiklis-su-antistatiniais-priedais-05-l.jpg","datePublished":"2025-01-21T10:57:35+00:00","dateModified":"2026-01-04T21:25:53+00:00","description":"\u016ala koncentruotas kilim\u0173 valiklis (0,5 l) \u2013 efektyviai \u0161alina d\u0117mes, ma\u017eina dulki\u0173 kaupim\u0105si ir apsaugo pavir\u0161ius. Tinka kilimams, bald\u0173 apmu\u0161alams ir automobili\u0173 salonams.","breadcrumb":{"@id":"https:\/\/www.malinashop.lt\/lt_lt\/shop\/ula-koncentruotas-kilimu-valiklis-su-antistatiniais-priedais-05-l\/#breadcrumb"},"inLanguage":"lt-LT","potentialAction":[{"@type":"ReadAction","target":["https:\/\/www.malinashop.lt\/lt_lt\/shop\/ula-koncentruotas-kilimu-valiklis-su-antistatiniais-priedais-05-l\/"]}]},{"@type":"ImageObject","inLanguage":"lt-LT","@id":"https:\/\/www.malinashop.lt\/lt_lt\/shop\/ula-koncentruotas-kilimu-valiklis-su-antistatiniais-priedais-05-l\/#primaryimage","url":"https:\/\/www.malinashop.lt\/wp-content\/uploads\/2025\/01\/ULA-koncentruotas-kilimu-valiklis-su-antistatiniais-priedais-05-l.jpg","contentUrl":"https:\/\/www.malinashop.lt\/wp-content\/uploads\/2025\/01\/ULA-koncentruotas-kilimu-valiklis-su-antistatiniais-priedais-05-l.jpg","width":408,"height":612},{"@type":"BreadcrumbList","@id":"https:\/\/www.malinashop.lt\/lt_lt\/shop\/ula-koncentruotas-kilimu-valiklis-su-antistatiniais-priedais-05-l\/#breadcrumb","itemListElement":[{"@type":"ListItem","position":1,"name":"Home","item":"https:\/\/www.malinashop.lt\/en\/"},{"@type":"ListItem","position":2,"name":"Parduotuv\u0117","item":"https:\/\/www.malinashop.lt\/en\/parduotuve\/"},{"@type":"ListItem","position":3,"name":"\u016aLA koncentruotas kilim\u0173 valiklis su antistatiniais priedais, 0,5 l"}]},{"@type":"WebSite","@id":"https:\/\/www.malinashop.lt\/en\/#website","url":"https:\/\/www.malinashop.lt\/en\/","name":"COM Group Ecommerce","description":"MalinaShop.lt - Gro\u017eio ir sveikatos produktai i\u0161 patikim\u0173 preki\u0173 \u017eenkl\u0173. Atraskite auk\u0161tos kokyb\u0117s kosmetik\u0105 u\u017e puiki\u0105 kain\u0105.","publisher":{"@id":"https:\/\/www.malinashop.lt\/en\/#organization"},"potentialAction":[{"@type":"SearchAction","target":{"@type":"EntryPoint","urlTemplate":"https:\/\/www.malinashop.lt\/en\/?s={search_term_string}"},"query-input":{"@type":"PropertyValueSpecification","valueRequired":true,"valueName":"search_term_string"}}],"inLanguage":"lt-LT"},{"@type":"Organization","@id":"https:\/\/www.malinashop.lt\/en\/#organization","name":"COM Group Ecommerce","url":"https:\/\/www.malinashop.lt\/en\/","logo":{"@type":"ImageObject","inLanguage":"lt-LT","@id":"https:\/\/www.malinashop.lt\/en\/#\/schema\/logo\/image\/","url":"https:\/\/www.malinashop.lt\/wp-content\/uploads\/2024\/08\/462559670_3787732518133670_9795632669273463_n-e1731525914575.png","contentUrl":"https:\/\/www.malinashop.lt\/wp-content\/uploads\/2024\/08\/462559670_3787732518133670_9795632669273463_n-e1731525914575.png","width":180,"height":60,"caption":"COM Group Ecommerce"},"image":{"@id":"https:\/\/www.malinashop.lt\/en\/#\/schema\/logo\/image\/"}}]}},"jetpack_sharing_enabled":true,"_links":{"self":[{"href":"https:\/\/www.malinashop.lt\/lt_lt\/wp-json\/wp\/v2\/product\/31333","targetHints":{"allow":["GET"]}}],"collection":[{"href":"https:\/\/www.malinashop.lt\/lt_lt\/wp-json\/wp\/v2\/product"}],"about":[{"href":"https:\/\/www.malinashop.lt\/lt_lt\/wp-json\/wp\/v2\/types\/product"}],"version-history":[{"count":3,"href":"https:\/\/www.malinashop.lt\/lt_lt\/wp-json\/wp\/v2\/product\/31333\/revisions"}],"predecessor-version":[{"id":61472,"href":"https:\/\/www.malinashop.lt\/lt_lt\/wp-json\/wp\/v2\/product\/31333\/revisions\/61472"}],"wp:featuredmedia":[{"embeddable":true,"href":"https:\/\/www.malinashop.lt\/lt_lt\/wp-json\/wp\/v2\/media\/31341"}],"wp:attachment":[{"href":"https:\/\/www.malinashop.lt\/lt_lt\/wp-json\/wp\/v2\/media?parent=31333"}],"wp:term":[{"taxonomy":"product_brand","embeddable":true,"href":"https:\/\/www.malinashop.lt\/lt_lt\/wp-json\/wp\/v2\/product_brand?post=31333"},{"taxonomy":"product_cat","embeddable":true,"href":"https:\/\/www.malinashop.lt\/lt_lt\/wp-json\/wp\/v2\/product_cat?post=31333"},{"taxonomy":"product_tag","embeddable":true,"href":"https:\/\/www.malinashop.lt\/lt_lt\/wp-json\/wp\/v2\/product_tag?post=31333"}],"curies":[{"name":"wp","href":"https:\/\/api.w.org\/{rel}","templated":true}]}}