{"id":31301,"date":"2025-05-27T01:50:03","date_gmt":"2025-05-26T22:50:03","guid":{"rendered":"https:\/\/malinashop.lt\/?post_type=product&#038;p=31301"},"modified":"2025-11-26T17:43:22","modified_gmt":"2025-11-26T14:43:22","slug":"ula-professional-universalus-valiklis-075l","status":"publish","type":"product","link":"https:\/\/www.malinashop.lt\/lt_lt\/shop\/ula-professional-universalus-valiklis-075l\/","title":{"rendered":"\u016aLA PROFESSIONAL  universalus valiklis, 0,75l"},"content":{"rendered":"<p><strong>\u016ala Professional universalus valiklis (0,75 l)<\/strong><br \/>\n\u016ala Professional universalus valiklis \u2013 tai efektyvi priemon\u0117 vandeniui atspariems pavir\u0161iams ir interjerui valyti. \u0160is valiklis greitai ir efektyviai pa\u0161alina ne\u0161varumus, nepalikdamas d\u0117mi\u0173, o geriausi\u0105 rezultat\u0105 pasieksite naudodami mikropluo\u0161to \u0161luost\u0119. Kompakti\u0161ka 0,75 l pakuot\u0117 su patogiu purk\u0161tuku leid\u017eia lengvai ir tiksliai paskirstyti produkt\u0105 ant pavir\u0161i\u0173.<\/p>\n<p><strong>Pagrindin\u0117s savyb\u0117s:<\/strong><\/p>\n<ul>\n<li>Efektyviai valo vandeniui atsparius pavir\u0161ius.<\/li>\n<li>Greitai veikianti formul\u0117 \u2013 nepalieka d\u0117mi\u0173 ar ruo\u017e\u0173.<\/li>\n<li>Patogus purk\u0161tukas u\u017etikrina tiksl\u0173 naudojim\u0105.<\/li>\n<li>Malonaus kvapo ir lengvai blizgina pavir\u0161ius.<\/li>\n<\/ul>\n<p><strong>Naudojimas:<\/strong><\/p>\n<ol>\n<li>Pasukite purk\u0161tuk\u0105 \u012f pur\u0161kimo pad\u0117t\u012f.<\/li>\n<li>U\u017epurk\u0161kite putas tiesiai ant valomo pavir\u0161iaus.<\/li>\n<li>Palikite kelet\u0105 minu\u010di\u0173 veikti.<\/li>\n<li>Nublizginkite pavir\u0161i\u0173 su mikropluo\u0161to \u0161luoste.<\/li>\n<\/ol>\n<p><strong>Saugos instrukcijos:<\/strong><\/p>\n<ul>\n<li>Laikykite vaikams neprieinamoje vietoje.<\/li>\n<li>Patekus \u012f akis: plaukite vandeniu kelias minutes. Jei turite kontaktinius l\u0119\u0161ius, i\u0161imkite juos ir t\u0119skite plovim\u0105.<\/li>\n<li>Jei dirginimas nepraeina, kreipkit\u0117s \u012f gydytoj\u0105.<\/li>\n<\/ul>\n<p><strong>Laikymas:<\/strong><br \/>\nLaikyti v\u0117sioje, sausoje vietoje, originalioje gamintojo pakuot\u0117je. Naudojimo terminas nurodytas ant pakuot\u0117s.<\/p>\n<p><strong>Sud\u0117tis:<\/strong><br \/>\n&lt;5 % anijonini\u0173 aktyvi\u0173j\u0173 pavir\u0161iaus med\u017eiag\u0173, &lt;5 % nejonini\u0173 aktyvi\u0173j\u0173 pavir\u0161iaus med\u017eiag\u0173, kvapai, Limonene.<\/p>\n","protected":false},"excerpt":{"rendered":"<p>\u016ala Professional universalus valiklis (0,75 l) \u016ala Professional universalus valiklis \u2013 tai efektyvi priemon\u0117 vandeniui atspariems pavir\u0161iams ir interjerui valyti. \u0160is valiklis&hellip;<\/p>\n","protected":false},"featured_media":31302,"template":"","meta":[],"product_brand":[1163],"product_cat":[562,1167],"product_tag":[],"class_list":{"0":"post-31301","1":"product","2":"type-product","3":"status-publish","4":"has-post-thumbnail","6":"product_brand-ula","7":"product_cat-sandelio-valymas","8":"product_cat-valikliai","10":"first","11":"instock","12":"sale","13":"taxable","14":"shipping-taxable","15":"purchasable","16":"product-type-simple"},"yoast_head":"<!-- This site is optimized with the Yoast SEO plugin v27.4 - https:\/\/yoast.com\/product\/yoast-seo-wordpress\/ -->\n<title>\u016aLA PROFESSIONAL universalus valiklis, 0,75l - MalinaShop.lt J\u016bs\u0173 sveikatai ir gro\u017eiui.<\/title>\n<meta name=\"description\" content=\"\u016ala Professional universalus valiklis (0,75 l) \u2013 greitai ir efektyviai valo vandeniui atsparius pavir\u0161ius, nepalikdamas d\u0117mi\u0173. Kompakti\u0161ka pakuot\u0117 su patogiu purk\u0161tuku.\" \/>\n<meta name=\"robots\" content=\"index, follow, max-snippet:-1, max-image-preview:large, max-video-preview:-1\" \/>\n<link rel=\"canonical\" href=\"https:\/\/www.malinashop.lt\/lt_lt\/shop\/ula-professional-universalus-valiklis-075l\/\" \/>\n<meta property=\"og:locale\" content=\"lt_LT\" \/>\n<meta property=\"og:type\" content=\"article\" \/>\n<meta property=\"og:title\" content=\"\u016aLA PROFESSIONAL universalus valiklis, 0,75l - MalinaShop.lt J\u016bs\u0173 sveikatai ir gro\u017eiui.\" \/>\n<meta property=\"og:description\" content=\"\u016ala Professional universalus valiklis (0,75 l) \u2013 greitai ir efektyviai valo vandeniui atsparius pavir\u0161ius, nepalikdamas d\u0117mi\u0173. Kompakti\u0161ka pakuot\u0117 su patogiu purk\u0161tuku.\" \/>\n<meta property=\"og:url\" content=\"https:\/\/www.malinashop.lt\/lt_lt\/shop\/ula-professional-universalus-valiklis-075l\/\" \/>\n<meta property=\"og:site_name\" content=\"MalinaShop.lt J\u016bs\u0173 sveikatai ir gro\u017eiui.\" \/>\n<meta property=\"article:modified_time\" content=\"2025-11-26T14:43:22+00:00\" \/>\n<meta property=\"og:image\" content=\"https:\/\/www.malinashop.lt\/wp-content\/uploads\/2025\/01\/ULA-PROFESSIONAL-universalus-valiklis-075l.jpg\" \/>\n\t<meta property=\"og:image:width\" content=\"408\" \/>\n\t<meta property=\"og:image:height\" content=\"612\" \/>\n\t<meta property=\"og:image:type\" content=\"image\/jpeg\" \/>\n<meta name=\"twitter:card\" content=\"summary_large_image\" \/>\n<script type=\"application\/ld+json\" class=\"yoast-schema-graph\">{\"@context\":\"https:\\\/\\\/schema.org\",\"@graph\":[{\"@type\":\"WebPage\",\"@id\":\"https:\\\/\\\/www.malinashop.lt\\\/lt_lt\\\/shop\\\/ula-professional-universalus-valiklis-075l\\\/\",\"url\":\"https:\\\/\\\/www.malinashop.lt\\\/lt_lt\\\/shop\\\/ula-professional-universalus-valiklis-075l\\\/\",\"name\":\"\u016aLA PROFESSIONAL universalus valiklis, 0,75l - MalinaShop.lt J\u016bs\u0173 sveikatai ir gro\u017eiui.\",\"isPartOf\":{\"@id\":\"https:\\\/\\\/www.malinashop.lt\\\/en\\\/#website\"},\"primaryImageOfPage\":{\"@id\":\"https:\\\/\\\/www.malinashop.lt\\\/lt_lt\\\/shop\\\/ula-professional-universalus-valiklis-075l\\\/#primaryimage\"},\"image\":{\"@id\":\"https:\\\/\\\/www.malinashop.lt\\\/lt_lt\\\/shop\\\/ula-professional-universalus-valiklis-075l\\\/#primaryimage\"},\"thumbnailUrl\":\"https:\\\/\\\/www.malinashop.lt\\\/wp-content\\\/uploads\\\/2025\\\/01\\\/ULA-PROFESSIONAL-universalus-valiklis-075l.jpg\",\"datePublished\":\"2025-05-26T22:50:03+00:00\",\"dateModified\":\"2025-11-26T14:43:22+00:00\",\"description\":\"\u016ala Professional universalus valiklis (0,75 l) \u2013 greitai ir efektyviai valo vandeniui atsparius pavir\u0161ius, nepalikdamas d\u0117mi\u0173. Kompakti\u0161ka pakuot\u0117 su patogiu purk\u0161tuku.\",\"breadcrumb\":{\"@id\":\"https:\\\/\\\/www.malinashop.lt\\\/lt_lt\\\/shop\\\/ula-professional-universalus-valiklis-075l\\\/#breadcrumb\"},\"inLanguage\":\"lt-LT\",\"potentialAction\":[{\"@type\":\"ReadAction\",\"target\":[\"https:\\\/\\\/www.malinashop.lt\\\/lt_lt\\\/shop\\\/ula-professional-universalus-valiklis-075l\\\/\"]}]},{\"@type\":\"ImageObject\",\"inLanguage\":\"lt-LT\",\"@id\":\"https:\\\/\\\/www.malinashop.lt\\\/lt_lt\\\/shop\\\/ula-professional-universalus-valiklis-075l\\\/#primaryimage\",\"url\":\"https:\\\/\\\/www.malinashop.lt\\\/wp-content\\\/uploads\\\/2025\\\/01\\\/ULA-PROFESSIONAL-universalus-valiklis-075l.jpg\",\"contentUrl\":\"https:\\\/\\\/www.malinashop.lt\\\/wp-content\\\/uploads\\\/2025\\\/01\\\/ULA-PROFESSIONAL-universalus-valiklis-075l.jpg\",\"width\":408,\"height\":612},{\"@type\":\"BreadcrumbList\",\"@id\":\"https:\\\/\\\/www.malinashop.lt\\\/lt_lt\\\/shop\\\/ula-professional-universalus-valiklis-075l\\\/#breadcrumb\",\"itemListElement\":[{\"@type\":\"ListItem\",\"position\":1,\"name\":\"Home\",\"item\":\"https:\\\/\\\/www.malinashop.lt\\\/en\\\/\"},{\"@type\":\"ListItem\",\"position\":2,\"name\":\"Parduotuv\u0117\",\"item\":\"https:\\\/\\\/www.malinashop.lt\\\/en\\\/parduotuve\\\/\"},{\"@type\":\"ListItem\",\"position\":3,\"name\":\"\u016aLA PROFESSIONAL universalus valiklis, 0,75l\"}]},{\"@type\":\"WebSite\",\"@id\":\"https:\\\/\\\/www.malinashop.lt\\\/en\\\/#website\",\"url\":\"https:\\\/\\\/www.malinashop.lt\\\/en\\\/\",\"name\":\"COM Group Ecommerce\",\"description\":\"MalinaShop.lt - Gro\u017eio ir sveikatos produktai i\u0161 patikim\u0173 preki\u0173 \u017eenkl\u0173. Atraskite auk\u0161tos kokyb\u0117s kosmetik\u0105 u\u017e puiki\u0105 kain\u0105.\",\"publisher\":{\"@id\":\"https:\\\/\\\/www.malinashop.lt\\\/en\\\/#organization\"},\"potentialAction\":[{\"@type\":\"SearchAction\",\"target\":{\"@type\":\"EntryPoint\",\"urlTemplate\":\"https:\\\/\\\/www.malinashop.lt\\\/en\\\/?s={search_term_string}\"},\"query-input\":{\"@type\":\"PropertyValueSpecification\",\"valueRequired\":true,\"valueName\":\"search_term_string\"}}],\"inLanguage\":\"lt-LT\"},{\"@type\":\"Organization\",\"@id\":\"https:\\\/\\\/www.malinashop.lt\\\/en\\\/#organization\",\"name\":\"COM Group Ecommerce\",\"url\":\"https:\\\/\\\/www.malinashop.lt\\\/en\\\/\",\"logo\":{\"@type\":\"ImageObject\",\"inLanguage\":\"lt-LT\",\"@id\":\"https:\\\/\\\/www.malinashop.lt\\\/en\\\/#\\\/schema\\\/logo\\\/image\\\/\",\"url\":\"https:\\\/\\\/www.malinashop.lt\\\/wp-content\\\/uploads\\\/2024\\\/08\\\/462559670_3787732518133670_9795632669273463_n-e1731525914575.png\",\"contentUrl\":\"https:\\\/\\\/www.malinashop.lt\\\/wp-content\\\/uploads\\\/2024\\\/08\\\/462559670_3787732518133670_9795632669273463_n-e1731525914575.png\",\"width\":180,\"height\":60,\"caption\":\"COM Group Ecommerce\"},\"image\":{\"@id\":\"https:\\\/\\\/www.malinashop.lt\\\/en\\\/#\\\/schema\\\/logo\\\/image\\\/\"}}]}<\/script>\n<!-- \/ Yoast SEO plugin. -->","yoast_head_json":{"title":"\u016aLA PROFESSIONAL universalus valiklis, 0,75l - MalinaShop.lt J\u016bs\u0173 sveikatai ir gro\u017eiui.","description":"\u016ala Professional universalus valiklis (0,75 l) \u2013 greitai ir efektyviai valo vandeniui atsparius pavir\u0161ius, nepalikdamas d\u0117mi\u0173. Kompakti\u0161ka pakuot\u0117 su patogiu purk\u0161tuku.","robots":{"index":"index","follow":"follow","max-snippet":"max-snippet:-1","max-image-preview":"max-image-preview:large","max-video-preview":"max-video-preview:-1"},"canonical":"https:\/\/www.malinashop.lt\/lt_lt\/shop\/ula-professional-universalus-valiklis-075l\/","og_locale":"lt_LT","og_type":"article","og_title":"\u016aLA PROFESSIONAL universalus valiklis, 0,75l - MalinaShop.lt J\u016bs\u0173 sveikatai ir gro\u017eiui.","og_description":"\u016ala Professional universalus valiklis (0,75 l) \u2013 greitai ir efektyviai valo vandeniui atsparius pavir\u0161ius, nepalikdamas d\u0117mi\u0173. Kompakti\u0161ka pakuot\u0117 su patogiu purk\u0161tuku.","og_url":"https:\/\/www.malinashop.lt\/lt_lt\/shop\/ula-professional-universalus-valiklis-075l\/","og_site_name":"MalinaShop.lt J\u016bs\u0173 sveikatai ir gro\u017eiui.","article_modified_time":"2025-11-26T14:43:22+00:00","og_image":[{"width":408,"height":612,"url":"https:\/\/www.malinashop.lt\/wp-content\/uploads\/2025\/01\/ULA-PROFESSIONAL-universalus-valiklis-075l.jpg","type":"image\/jpeg"}],"twitter_card":"summary_large_image","schema":{"@context":"https:\/\/schema.org","@graph":[{"@type":"WebPage","@id":"https:\/\/www.malinashop.lt\/lt_lt\/shop\/ula-professional-universalus-valiklis-075l\/","url":"https:\/\/www.malinashop.lt\/lt_lt\/shop\/ula-professional-universalus-valiklis-075l\/","name":"\u016aLA PROFESSIONAL universalus valiklis, 0,75l - MalinaShop.lt J\u016bs\u0173 sveikatai ir gro\u017eiui.","isPartOf":{"@id":"https:\/\/www.malinashop.lt\/en\/#website"},"primaryImageOfPage":{"@id":"https:\/\/www.malinashop.lt\/lt_lt\/shop\/ula-professional-universalus-valiklis-075l\/#primaryimage"},"image":{"@id":"https:\/\/www.malinashop.lt\/lt_lt\/shop\/ula-professional-universalus-valiklis-075l\/#primaryimage"},"thumbnailUrl":"https:\/\/www.malinashop.lt\/wp-content\/uploads\/2025\/01\/ULA-PROFESSIONAL-universalus-valiklis-075l.jpg","datePublished":"2025-05-26T22:50:03+00:00","dateModified":"2025-11-26T14:43:22+00:00","description":"\u016ala Professional universalus valiklis (0,75 l) \u2013 greitai ir efektyviai valo vandeniui atsparius pavir\u0161ius, nepalikdamas d\u0117mi\u0173. Kompakti\u0161ka pakuot\u0117 su patogiu purk\u0161tuku.","breadcrumb":{"@id":"https:\/\/www.malinashop.lt\/lt_lt\/shop\/ula-professional-universalus-valiklis-075l\/#breadcrumb"},"inLanguage":"lt-LT","potentialAction":[{"@type":"ReadAction","target":["https:\/\/www.malinashop.lt\/lt_lt\/shop\/ula-professional-universalus-valiklis-075l\/"]}]},{"@type":"ImageObject","inLanguage":"lt-LT","@id":"https:\/\/www.malinashop.lt\/lt_lt\/shop\/ula-professional-universalus-valiklis-075l\/#primaryimage","url":"https:\/\/www.malinashop.lt\/wp-content\/uploads\/2025\/01\/ULA-PROFESSIONAL-universalus-valiklis-075l.jpg","contentUrl":"https:\/\/www.malinashop.lt\/wp-content\/uploads\/2025\/01\/ULA-PROFESSIONAL-universalus-valiklis-075l.jpg","width":408,"height":612},{"@type":"BreadcrumbList","@id":"https:\/\/www.malinashop.lt\/lt_lt\/shop\/ula-professional-universalus-valiklis-075l\/#breadcrumb","itemListElement":[{"@type":"ListItem","position":1,"name":"Home","item":"https:\/\/www.malinashop.lt\/en\/"},{"@type":"ListItem","position":2,"name":"Parduotuv\u0117","item":"https:\/\/www.malinashop.lt\/en\/parduotuve\/"},{"@type":"ListItem","position":3,"name":"\u016aLA PROFESSIONAL universalus valiklis, 0,75l"}]},{"@type":"WebSite","@id":"https:\/\/www.malinashop.lt\/en\/#website","url":"https:\/\/www.malinashop.lt\/en\/","name":"COM Group Ecommerce","description":"MalinaShop.lt - Gro\u017eio ir sveikatos produktai i\u0161 patikim\u0173 preki\u0173 \u017eenkl\u0173. Atraskite auk\u0161tos kokyb\u0117s kosmetik\u0105 u\u017e puiki\u0105 kain\u0105.","publisher":{"@id":"https:\/\/www.malinashop.lt\/en\/#organization"},"potentialAction":[{"@type":"SearchAction","target":{"@type":"EntryPoint","urlTemplate":"https:\/\/www.malinashop.lt\/en\/?s={search_term_string}"},"query-input":{"@type":"PropertyValueSpecification","valueRequired":true,"valueName":"search_term_string"}}],"inLanguage":"lt-LT"},{"@type":"Organization","@id":"https:\/\/www.malinashop.lt\/en\/#organization","name":"COM Group Ecommerce","url":"https:\/\/www.malinashop.lt\/en\/","logo":{"@type":"ImageObject","inLanguage":"lt-LT","@id":"https:\/\/www.malinashop.lt\/en\/#\/schema\/logo\/image\/","url":"https:\/\/www.malinashop.lt\/wp-content\/uploads\/2024\/08\/462559670_3787732518133670_9795632669273463_n-e1731525914575.png","contentUrl":"https:\/\/www.malinashop.lt\/wp-content\/uploads\/2024\/08\/462559670_3787732518133670_9795632669273463_n-e1731525914575.png","width":180,"height":60,"caption":"COM Group Ecommerce"},"image":{"@id":"https:\/\/www.malinashop.lt\/en\/#\/schema\/logo\/image\/"}}]}},"jetpack_sharing_enabled":true,"_links":{"self":[{"href":"https:\/\/www.malinashop.lt\/lt_lt\/wp-json\/wp\/v2\/product\/31301","targetHints":{"allow":["GET"]}}],"collection":[{"href":"https:\/\/www.malinashop.lt\/lt_lt\/wp-json\/wp\/v2\/product"}],"about":[{"href":"https:\/\/www.malinashop.lt\/lt_lt\/wp-json\/wp\/v2\/types\/product"}],"version-history":[{"count":2,"href":"https:\/\/www.malinashop.lt\/lt_lt\/wp-json\/wp\/v2\/product\/31301\/revisions"}],"predecessor-version":[{"id":61474,"href":"https:\/\/www.malinashop.lt\/lt_lt\/wp-json\/wp\/v2\/product\/31301\/revisions\/61474"}],"wp:featuredmedia":[{"embeddable":true,"href":"https:\/\/www.malinashop.lt\/lt_lt\/wp-json\/wp\/v2\/media\/31302"}],"wp:attachment":[{"href":"https:\/\/www.malinashop.lt\/lt_lt\/wp-json\/wp\/v2\/media?parent=31301"}],"wp:term":[{"taxonomy":"product_brand","embeddable":true,"href":"https:\/\/www.malinashop.lt\/lt_lt\/wp-json\/wp\/v2\/product_brand?post=31301"},{"taxonomy":"product_cat","embeddable":true,"href":"https:\/\/www.malinashop.lt\/lt_lt\/wp-json\/wp\/v2\/product_cat?post=31301"},{"taxonomy":"product_tag","embeddable":true,"href":"https:\/\/www.malinashop.lt\/lt_lt\/wp-json\/wp\/v2\/product_tag?post=31301"}],"curies":[{"name":"wp","href":"https:\/\/api.w.org\/{rel}","templated":true}]}}