{"id":30945,"date":"2024-12-27T12:31:36","date_gmt":"2024-12-27T09:31:36","guid":{"rendered":"https:\/\/malinashop.lt\/?post_type=product&#038;p=30945"},"modified":"2025-03-06T12:57:57","modified_gmt":"2025-03-06T09:57:57","slug":"ferrli-ionic-ultra-lengvas-ir-ultra-tylus-dziovintuvas-melynos-spalvos","status":"publish","type":"product","link":"https:\/\/www.malinashop.lt\/lt_lt\/shop\/ferrli-ionic-ultra-lengvas-ir-ultra-tylus-dziovintuvas-melynos-spalvos\/","title":{"rendered":"FERRLI IONIC ultra lengvas ir ultra tylus d\u017eiovintuvas, m\u0117lynos spalvos"},"content":{"rendered":"<p><strong>I\u0161siuntimas per 2\/6 darbo dienas!<\/strong><\/p>\n<p><strong>Ferrli Superionic plauk\u0173 d\u017eiovintuvas<\/strong> \u2013 tai patentuoto dizaino prietaisas, kuris ne tik d\u017eiovina plaukus, bet ir daro tai itin greitai, \u0161velniai bei saugiai. \u0160is d\u017eiovintuvas yra vienas i\u0161 tyliausi\u0173 ir lengviausi\u0173 rinkoje, taip pat jis apsaugo plaukus nuo kar\u0161\u010dio sukeliamos \u017ealos, i\u0161laikydamas j\u0173 nat\u016brali\u0105 dr\u0117gm\u0119 ir sveik\u0105 i\u0161vaizd\u0105.<\/p>\n<h3><strong>Pagrindin\u0117s savyb\u0117s ir technologijos:<\/strong><\/h3>\n<ul>\n<li><strong>High speed airflow technologija:<\/strong> Ferrli Superionic d\u017eiovintuvas naudoja tunelin\u0119 oro srov\u0117s technologij\u0105, kuri u\u017etikrina itin greit\u0105 ir \u0161veln\u0173 plauk\u0173 i\u0161d\u017eiovinim\u0105. D\u0117l \u0161ios technologijos plaukai i\u0161d\u017eiovinami nekenkiant j\u0173 strukt\u016brai, nesukeliant kar\u0161\u010dio \u017ealos.<\/li>\n<li><strong>Turbojet sistema:<\/strong> Tai inovatyvi oro p\u016btimo sistema, kuri generuoja did\u017eiul\u012f oro sraut\u0105 i\u0161 apa\u010dios \u012f vir\u0161\u0173. Tai suteikia koncentruot\u0105, ta\u010diau \u0161veln\u0173 oro sraut\u0105, kuris greitai i\u0161d\u017eiovina plaukus, ta\u010diau nesukelia \u017ealos ar sausumo.<\/li>\n<li><strong>500 mln. neigiam\u0173 Jon\u0173 generatorius:<\/strong> Ferrli Superionic d\u017eiovintuvas naudoja galing\u0105 neigiam\u0173 jon\u0173 generatori\u0173, kuris prisotina plaukus milijonais jon\u0173, tod\u0117l plaukai tampa itin \u0161veln\u016bs, sveiki ir \u017evilgantys. \u0160i technologija ypa\u010d naudinga \u0161viesintiems plaukams, nes padeda atkurti j\u0173 strukt\u016br\u0105 ir apsaugo nuo tolesnio pa\u017eeidimo.<\/li>\n<li><strong>Super tylus veikimas (54 dB):<\/strong> \u0160is d\u017eiovintuvas veikia itin tyliai \u2013 tik 54 decibelai, tod\u0117l jis puikiai tinka naudoti \u0161alia ma\u017e\u0173 vaik\u0173 ar jautriems aplinkos triuk\u0161mui.<\/li>\n<li><strong>Ultra lengvas dizainas (358 g):<\/strong> D\u017eiovintuvas sveria tik 358 gramus, tod\u0117l jis yra itin lengvas ir patogus naudoti. Jis neapkrauna rank\u0173 ilg\u0173 d\u017eiovinimo sesij\u0173 metu.<\/li>\n<li><strong>Savaiminio i\u0161sivalymo sistema:<\/strong> Ferrli Superionic d\u017eiovintuvas turi patogi\u0105 savaiminio i\u0161sivalymo funkcij\u0105, kad d\u017eiovintuv\u0105 b\u016bt\u0173 lengva pri\u017ei\u016br\u0117ti ir i\u0161laikyti \u0161var\u0173.<\/li>\n<li><strong>Skirtingi antgaliai \u0161ukuosenos formavimui:<\/strong> Su Ferrli d\u017eiovintuvu galima ne tik d\u017eiovinti plaukus, bet ir kurti \u012fvairias \u0161ukuosenas, \u012fskaitant garbanas ir itin glotnius plaukus, naudojant skirtingus antgalius.<\/li>\n<\/ul>\n<h3><strong>Technin\u0117 specifikacija:<\/strong><\/h3>\n<ul>\n<li><strong>Zero speed motoras:<\/strong> 120.000RPM<\/li>\n<li><strong>Garsas:<\/strong> Super tylus \u2013 54dB<\/li>\n<li><strong>Svoris:<\/strong> Ultra lengvas \u2013 apie 358g<\/li>\n<li><strong>Laido ilgis:<\/strong> 3m<\/li>\n<li><strong>Turbojet sistema<\/strong> \u2013 greitas ir \u0161velnus oro srautas<\/li>\n<li><strong>Itin galingas 500 mln. Jon\u0173 generatorius<\/strong> \u2013 plaukams suteikia \u017evilgesio ir \u0161velnumo<\/li>\n<li><strong>Savaiminio i\u0161sivalymo sistema<\/strong><\/li>\n<li><strong>Skirtingi antgaliai \u0161ukuosenos formavimui<\/strong> \u2013 garbanos ar ties\u016bs plaukai<\/li>\n<\/ul>\n<div class=\"et_pb_gallery_item et_pb_grid_item et_pb_bg_layout_light et_pb_gallery_item_0_0 first_in_row on_last_row\">\n<div class=\"et_pb_gallery_image portrait\">\n<div class=\"et_pb_gallery_item et_pb_grid_item et_pb_bg_layout_light et_pb_gallery_item_0_2 on_last_row\">\n<div class=\"et_pb_gallery_image portrait\">\n<div class=\"et_pb_gallery_item et_pb_grid_item et_pb_bg_layout_light et_pb_gallery_item_0_0 first_in_row on_last_row\">\n<div class=\"et_pb_gallery_image portrait\">\n<div class=\"et_pb_gallery_item et_pb_grid_item et_pb_bg_layout_light et_pb_gallery_item_0_0 first_in_row on_last_row\">\n<div class=\"et_pb_gallery_image portrait\"><\/div>\n<\/div>\n<div class=\"et_pb_gallery_item et_pb_grid_item et_pb_bg_layout_light et_pb_gallery_item_0_1 on_last_row\">\n<div class=\"et_pb_gallery_image portrait\"><\/div>\n<\/div>\n<div class=\"et_pb_gallery_item et_pb_grid_item et_pb_bg_layout_light et_pb_gallery_item_0_2 on_last_row\">\n<div class=\"et_pb_gallery_image portrait\"><\/div>\n<\/div>\n<div class=\"et_pb_gallery_item et_pb_grid_item et_pb_bg_layout_light et_pb_gallery_item_0_3 last_in_row on_last_row\">\n<div class=\"et_pb_gallery_image portrait\">\n<div class=\"et_pb_gallery_item et_pb_grid_item et_pb_bg_layout_light et_pb_gallery_item_0_0 first_in_row on_last_row\">\n<div class=\"et_pb_gallery_image portrait\"><\/div>\n<\/div>\n<div class=\"et_pb_gallery_item et_pb_grid_item et_pb_bg_layout_light et_pb_gallery_item_0_1 on_last_row\">\n<div class=\"et_pb_gallery_image portrait\"><\/div>\n<\/div>\n<div class=\"et_pb_gallery_item et_pb_grid_item et_pb_bg_layout_light et_pb_gallery_item_0_2 on_last_row\">\n<div class=\"et_pb_gallery_image portrait\"><\/div>\n<\/div>\n<div class=\"et_pb_gallery_item et_pb_grid_item et_pb_bg_layout_light et_pb_gallery_item_0_3 last_in_row on_last_row\">\n<div class=\"et_pb_gallery_image portrait\"><\/div>\n<\/div>\n<\/div>\n<\/div>\n<\/div>\n<\/div>\n<div class=\"et_pb_gallery_item et_pb_grid_item et_pb_bg_layout_light et_pb_gallery_item_0_1 on_last_row\">\n<div class=\"et_pb_gallery_image portrait\"><\/div>\n<\/div>\n<div class=\"et_pb_gallery_item et_pb_grid_item et_pb_bg_layout_light et_pb_gallery_item_0_2 on_last_row\">\n<div class=\"et_pb_gallery_image portrait\"><\/div>\n<\/div>\n<div class=\"et_pb_gallery_item et_pb_grid_item et_pb_bg_layout_light et_pb_gallery_item_0_3 last_in_row on_last_row\">\n<div class=\"et_pb_gallery_image portrait\"><\/div>\n<\/div>\n<\/div>\n<\/div>\n<\/div>\n<\/div>\n<div class=\"et_pb_gallery_item et_pb_grid_item et_pb_bg_layout_light et_pb_gallery_item_0_1 on_last_row\">\n<div class=\"et_pb_gallery_image portrait\"><\/div>\n<\/div>\n<div class=\"et_pb_gallery_item et_pb_grid_item et_pb_bg_layout_light et_pb_gallery_item_0_2 on_last_row\">\n<div class=\"et_pb_gallery_image portrait\"><\/div>\n<\/div>\n<div class=\"et_pb_gallery_item et_pb_grid_item et_pb_bg_layout_light et_pb_gallery_item_0_3 last_in_row on_last_row\">\n<div class=\"et_pb_gallery_image portrait\"><\/div>\n<\/div>\n<p><img decoding=\"async\" class=\"\" style=\"color: var(--rz-text-color); font-family: var(--rz-font-family-primary);\" src=\"https:\/\/lt3.pigugroup.eu\/uploaded\/ce-mark.png\" alt=\"\" width=\"162\" height=\"114\" \/><\/p>\n<div class=\"et_pb_row et_pb_row_1_tb_body\">\n<div class=\"et_pb_column et_pb_column_4_4 et_pb_column_2_tb_body et_pb_css_mix_blend_mode_passthrough et-last-child\">\n<div class=\"et_pb_module et_pb_wc_description et_pb_wc_description_1_tb_body et_pb_bg_layout_light et_pb_text_align_left\">\n<div class=\"et_pb_module_inner\">\n<p><em>CE \u017eenklinimas yra prek\u0117s gamintojo parei\u0161kimas, kad produktas atitinka jam taikomus Europos Komisijos direktyv\u0173 reikalavimus.<\/em><\/p>\n<\/div>\n<\/div>\n<\/div>\n<\/div>\n<div class=\"et_pb_row et_pb_row_2_tb_body\"><\/div>\n","protected":false},"excerpt":{"rendered":"<div class=\"et_pb_module et_pb_wc_description et_pb_wc_description_0_tb_body et_pb_bg_layout_light et_pb_text_align_left\">\n<div class=\"et_pb_module_inner\">\n<p><strong>FERRLI IONIC\u00a0<\/strong>plauk\u0173 d\u017eiovintuvas, tai patentuoto dizaino d\u017eiovintuvas, kuris yra tyliausias ir ultra lenfvas rinkoje! Su \u0161io d\u017eiovintuvo skirtingais antgaliais gal\u0117site susiformuoti \u0161ukuosen\u0105 ar atsistatyti paukus strukt\u016bros lygiu!<\/p>\n<\/div>\n<\/div>\n","protected":false},"featured_media":43434,"template":"","meta":[],"product_brand":[],"product_cat":[1147],"product_tag":[1149,1156],"class_list":{"0":"post-30945","1":"product","2":"type-product","3":"status-publish","4":"has-post-thumbnail","6":"product_cat-plauku-prietaisai","7":"product_tag-ferrli","8":"product_tag-prekes-issiuntimas-gali-uztrukti-iki-4-6d-d","10":"first","11":"outofstock","12":"sale","13":"taxable","14":"shipping-taxable","15":"purchasable","16":"product-type-simple"},"yoast_head":"<!-- This site is optimized with the Yoast SEO plugin v27.4 - https:\/\/yoast.com\/product\/yoast-seo-wordpress\/ -->\n<title>FERRLI IONIC ultra lengvas ir ultra tylus d\u017eiovintuvas, m\u0117lynos spalvos - MalinaShop.lt J\u016bs\u0173 sveikatai ir gro\u017eiui.<\/title>\n<meta name=\"description\" content=\"FERRLI IONIC\u00a0plauk\u0173 d\u017eiovintuvas, tai patentuoto dizaino d\u017eiovintuvas, kuris yra tyliausias ir ultra lenfvas rinkoje! Su \u0161io d\u017eiovintuvo skirtingais antgaliais gal\u0117site susiformuoti \u0161ukuosen\u0105 ar atsistatyti paukus strukt\u016bros lygiu! Ferrli Superionic plauk\u0173 d\u017eiovintuvas su 500 mln. jon\u0173 generatoriumi, turbojet sistema ir 120.000RPM motoru. Super tylus, lengvas ir greitas d\u017eiovinimas be \u017ealos plaukams.\" \/>\n<meta name=\"robots\" content=\"index, follow, max-snippet:-1, max-image-preview:large, max-video-preview:-1\" \/>\n<link rel=\"canonical\" href=\"https:\/\/www.malinashop.lt\/lt_lt\/shop\/ferrli-ionic-ultra-lengvas-ir-ultra-tylus-dziovintuvas-melynos-spalvos\/\" \/>\n<meta property=\"og:locale\" content=\"lt_LT\" \/>\n<meta property=\"og:type\" content=\"article\" \/>\n<meta property=\"og:title\" content=\"FERRLI IONIC ultra lengvas ir ultra tylus d\u017eiovintuvas, m\u0117lynos spalvos - MalinaShop.lt J\u016bs\u0173 sveikatai ir gro\u017eiui.\" \/>\n<meta property=\"og:description\" content=\"FERRLI IONIC\u00a0plauk\u0173 d\u017eiovintuvas, tai patentuoto dizaino d\u017eiovintuvas, kuris yra tyliausias ir ultra lenfvas rinkoje! Su \u0161io d\u017eiovintuvo skirtingais antgaliais gal\u0117site susiformuoti \u0161ukuosen\u0105 ar atsistatyti paukus strukt\u016bros lygiu! Ferrli Superionic plauk\u0173 d\u017eiovintuvas su 500 mln. jon\u0173 generatoriumi, turbojet sistema ir 120.000RPM motoru. Super tylus, lengvas ir greitas d\u017eiovinimas be \u017ealos plaukams.\" \/>\n<meta property=\"og:url\" content=\"https:\/\/www.malinashop.lt\/lt_lt\/shop\/ferrli-ionic-ultra-lengvas-ir-ultra-tylus-dziovintuvas-melynos-spalvos\/\" \/>\n<meta property=\"og:site_name\" content=\"MalinaShop.lt J\u016bs\u0173 sveikatai ir gro\u017eiui.\" \/>\n<meta property=\"article:modified_time\" content=\"2025-03-06T09:57:57+00:00\" \/>\n<meta property=\"og:image\" content=\"https:\/\/www.malinashop.lt\/wp-content\/uploads\/2024\/12\/DOVANOS180_22.webp\" \/>\n\t<meta property=\"og:image:width\" content=\"990\" \/>\n\t<meta property=\"og:image:height\" content=\"990\" \/>\n\t<meta property=\"og:image:type\" content=\"image\/webp\" \/>\n<meta name=\"twitter:card\" content=\"summary_large_image\" \/>\n<script type=\"application\/ld+json\" class=\"yoast-schema-graph\">{\"@context\":\"https:\\\/\\\/schema.org\",\"@graph\":[{\"@type\":\"WebPage\",\"@id\":\"https:\\\/\\\/www.malinashop.lt\\\/shop\\\/ferrli-ionic-ultra-lengvas-ir-ultra-tylus-dziovintuvas-melynos-spalvos\\\/\",\"url\":\"https:\\\/\\\/www.malinashop.lt\\\/shop\\\/ferrli-ionic-ultra-lengvas-ir-ultra-tylus-dziovintuvas-melynos-spalvos\\\/\",\"name\":\"FERRLI IONIC ultra lengvas ir ultra tylus d\u017eiovintuvas, m\u0117lynos spalvos - MalinaShop.lt J\u016bs\u0173 sveikatai ir gro\u017eiui.\",\"isPartOf\":{\"@id\":\"https:\\\/\\\/www.malinashop.lt\\\/#website\"},\"primaryImageOfPage\":{\"@id\":\"https:\\\/\\\/www.malinashop.lt\\\/shop\\\/ferrli-ionic-ultra-lengvas-ir-ultra-tylus-dziovintuvas-melynos-spalvos\\\/#primaryimage\"},\"image\":{\"@id\":\"https:\\\/\\\/www.malinashop.lt\\\/shop\\\/ferrli-ionic-ultra-lengvas-ir-ultra-tylus-dziovintuvas-melynos-spalvos\\\/#primaryimage\"},\"thumbnailUrl\":\"https:\\\/\\\/www.malinashop.lt\\\/wp-content\\\/uploads\\\/2024\\\/12\\\/DOVANOS180_22.webp\",\"datePublished\":\"2024-12-27T09:31:36+00:00\",\"dateModified\":\"2025-03-06T09:57:57+00:00\",\"description\":\"FERRLI IONIC\u00a0plauk\u0173 d\u017eiovintuvas, tai patentuoto dizaino d\u017eiovintuvas, kuris yra tyliausias ir ultra lenfvas rinkoje! Su \u0161io d\u017eiovintuvo skirtingais antgaliais gal\u0117site susiformuoti \u0161ukuosen\u0105 ar atsistatyti paukus strukt\u016bros lygiu! Ferrli Superionic plauk\u0173 d\u017eiovintuvas su 500 mln. jon\u0173 generatoriumi, turbojet sistema ir 120.000RPM motoru. Super tylus, lengvas ir greitas d\u017eiovinimas be \u017ealos plaukams.\",\"breadcrumb\":{\"@id\":\"https:\\\/\\\/www.malinashop.lt\\\/shop\\\/ferrli-ionic-ultra-lengvas-ir-ultra-tylus-dziovintuvas-melynos-spalvos\\\/#breadcrumb\"},\"inLanguage\":\"lt-LT\",\"potentialAction\":[{\"@type\":\"ReadAction\",\"target\":[\"https:\\\/\\\/www.malinashop.lt\\\/shop\\\/ferrli-ionic-ultra-lengvas-ir-ultra-tylus-dziovintuvas-melynos-spalvos\\\/\"]}]},{\"@type\":\"ImageObject\",\"inLanguage\":\"lt-LT\",\"@id\":\"https:\\\/\\\/www.malinashop.lt\\\/shop\\\/ferrli-ionic-ultra-lengvas-ir-ultra-tylus-dziovintuvas-melynos-spalvos\\\/#primaryimage\",\"url\":\"https:\\\/\\\/www.malinashop.lt\\\/wp-content\\\/uploads\\\/2024\\\/12\\\/DOVANOS180_22.webp\",\"contentUrl\":\"https:\\\/\\\/www.malinashop.lt\\\/wp-content\\\/uploads\\\/2024\\\/12\\\/DOVANOS180_22.webp\",\"width\":990,\"height\":990},{\"@type\":\"BreadcrumbList\",\"@id\":\"https:\\\/\\\/www.malinashop.lt\\\/shop\\\/ferrli-ionic-ultra-lengvas-ir-ultra-tylus-dziovintuvas-melynos-spalvos\\\/#breadcrumb\",\"itemListElement\":[{\"@type\":\"ListItem\",\"position\":1,\"name\":\"Pagrindinis\",\"item\":\"https:\\\/\\\/www.malinashop.lt\\\/\"},{\"@type\":\"ListItem\",\"position\":2,\"name\":\"Parduotuv\u0117\",\"item\":\"https:\\\/\\\/www.malinashop.lt\\\/en\\\/parduotuve\\\/\"},{\"@type\":\"ListItem\",\"position\":3,\"name\":\"FERRLI IONIC ultra lengvas ir ultra tylus d\u017eiovintuvas, m\u0117lynos spalvos\"}]},{\"@type\":\"WebSite\",\"@id\":\"https:\\\/\\\/www.malinashop.lt\\\/#website\",\"url\":\"https:\\\/\\\/www.malinashop.lt\\\/\",\"name\":\"COM Group Ecommerce\",\"description\":\"MalinaShop.lt - Gro\u017eio ir sveikatos produktai i\u0161 patikim\u0173 preki\u0173 \u017eenkl\u0173. Atraskite auk\u0161tos kokyb\u0117s kosmetik\u0105 u\u017e puiki\u0105 kain\u0105.\",\"publisher\":{\"@id\":\"https:\\\/\\\/www.malinashop.lt\\\/#organization\"},\"potentialAction\":[{\"@type\":\"SearchAction\",\"target\":{\"@type\":\"EntryPoint\",\"urlTemplate\":\"https:\\\/\\\/www.malinashop.lt\\\/?s={search_term_string}\"},\"query-input\":{\"@type\":\"PropertyValueSpecification\",\"valueRequired\":true,\"valueName\":\"search_term_string\"}}],\"inLanguage\":\"lt-LT\"},{\"@type\":\"Organization\",\"@id\":\"https:\\\/\\\/www.malinashop.lt\\\/#organization\",\"name\":\"COM Group Ecommerce\",\"url\":\"https:\\\/\\\/www.malinashop.lt\\\/\",\"logo\":{\"@type\":\"ImageObject\",\"inLanguage\":\"lt-LT\",\"@id\":\"https:\\\/\\\/www.malinashop.lt\\\/#\\\/schema\\\/logo\\\/image\\\/\",\"url\":\"https:\\\/\\\/www.malinashop.lt\\\/wp-content\\\/uploads\\\/2024\\\/08\\\/462559670_3787732518133670_9795632669273463_n-e1731525914575.png\",\"contentUrl\":\"https:\\\/\\\/www.malinashop.lt\\\/wp-content\\\/uploads\\\/2024\\\/08\\\/462559670_3787732518133670_9795632669273463_n-e1731525914575.png\",\"width\":180,\"height\":60,\"caption\":\"COM Group Ecommerce\"},\"image\":{\"@id\":\"https:\\\/\\\/www.malinashop.lt\\\/#\\\/schema\\\/logo\\\/image\\\/\"}}]}<\/script>\n<!-- \/ Yoast SEO plugin. -->","yoast_head_json":{"title":"FERRLI IONIC ultra lengvas ir ultra tylus d\u017eiovintuvas, m\u0117lynos spalvos - MalinaShop.lt J\u016bs\u0173 sveikatai ir gro\u017eiui.","description":"FERRLI IONIC\u00a0plauk\u0173 d\u017eiovintuvas, tai patentuoto dizaino d\u017eiovintuvas, kuris yra tyliausias ir ultra lenfvas rinkoje! Su \u0161io d\u017eiovintuvo skirtingais antgaliais gal\u0117site susiformuoti \u0161ukuosen\u0105 ar atsistatyti paukus strukt\u016bros lygiu! Ferrli Superionic plauk\u0173 d\u017eiovintuvas su 500 mln. jon\u0173 generatoriumi, turbojet sistema ir 120.000RPM motoru. Super tylus, lengvas ir greitas d\u017eiovinimas be \u017ealos plaukams.","robots":{"index":"index","follow":"follow","max-snippet":"max-snippet:-1","max-image-preview":"max-image-preview:large","max-video-preview":"max-video-preview:-1"},"canonical":"https:\/\/www.malinashop.lt\/lt_lt\/shop\/ferrli-ionic-ultra-lengvas-ir-ultra-tylus-dziovintuvas-melynos-spalvos\/","og_locale":"lt_LT","og_type":"article","og_title":"FERRLI IONIC ultra lengvas ir ultra tylus d\u017eiovintuvas, m\u0117lynos spalvos - MalinaShop.lt J\u016bs\u0173 sveikatai ir gro\u017eiui.","og_description":"FERRLI IONIC\u00a0plauk\u0173 d\u017eiovintuvas, tai patentuoto dizaino d\u017eiovintuvas, kuris yra tyliausias ir ultra lenfvas rinkoje! Su \u0161io d\u017eiovintuvo skirtingais antgaliais gal\u0117site susiformuoti \u0161ukuosen\u0105 ar atsistatyti paukus strukt\u016bros lygiu! Ferrli Superionic plauk\u0173 d\u017eiovintuvas su 500 mln. jon\u0173 generatoriumi, turbojet sistema ir 120.000RPM motoru. Super tylus, lengvas ir greitas d\u017eiovinimas be \u017ealos plaukams.","og_url":"https:\/\/www.malinashop.lt\/lt_lt\/shop\/ferrli-ionic-ultra-lengvas-ir-ultra-tylus-dziovintuvas-melynos-spalvos\/","og_site_name":"MalinaShop.lt J\u016bs\u0173 sveikatai ir gro\u017eiui.","article_modified_time":"2025-03-06T09:57:57+00:00","og_image":[{"width":990,"height":990,"url":"https:\/\/www.malinashop.lt\/wp-content\/uploads\/2024\/12\/DOVANOS180_22.webp","type":"image\/webp"}],"twitter_card":"summary_large_image","schema":{"@context":"https:\/\/schema.org","@graph":[{"@type":"WebPage","@id":"https:\/\/www.malinashop.lt\/shop\/ferrli-ionic-ultra-lengvas-ir-ultra-tylus-dziovintuvas-melynos-spalvos\/","url":"https:\/\/www.malinashop.lt\/shop\/ferrli-ionic-ultra-lengvas-ir-ultra-tylus-dziovintuvas-melynos-spalvos\/","name":"FERRLI IONIC ultra lengvas ir ultra tylus d\u017eiovintuvas, m\u0117lynos spalvos - MalinaShop.lt J\u016bs\u0173 sveikatai ir gro\u017eiui.","isPartOf":{"@id":"https:\/\/www.malinashop.lt\/#website"},"primaryImageOfPage":{"@id":"https:\/\/www.malinashop.lt\/shop\/ferrli-ionic-ultra-lengvas-ir-ultra-tylus-dziovintuvas-melynos-spalvos\/#primaryimage"},"image":{"@id":"https:\/\/www.malinashop.lt\/shop\/ferrli-ionic-ultra-lengvas-ir-ultra-tylus-dziovintuvas-melynos-spalvos\/#primaryimage"},"thumbnailUrl":"https:\/\/www.malinashop.lt\/wp-content\/uploads\/2024\/12\/DOVANOS180_22.webp","datePublished":"2024-12-27T09:31:36+00:00","dateModified":"2025-03-06T09:57:57+00:00","description":"FERRLI IONIC\u00a0plauk\u0173 d\u017eiovintuvas, tai patentuoto dizaino d\u017eiovintuvas, kuris yra tyliausias ir ultra lenfvas rinkoje! Su \u0161io d\u017eiovintuvo skirtingais antgaliais gal\u0117site susiformuoti \u0161ukuosen\u0105 ar atsistatyti paukus strukt\u016bros lygiu! Ferrli Superionic plauk\u0173 d\u017eiovintuvas su 500 mln. jon\u0173 generatoriumi, turbojet sistema ir 120.000RPM motoru. Super tylus, lengvas ir greitas d\u017eiovinimas be \u017ealos plaukams.","breadcrumb":{"@id":"https:\/\/www.malinashop.lt\/shop\/ferrli-ionic-ultra-lengvas-ir-ultra-tylus-dziovintuvas-melynos-spalvos\/#breadcrumb"},"inLanguage":"lt-LT","potentialAction":[{"@type":"ReadAction","target":["https:\/\/www.malinashop.lt\/shop\/ferrli-ionic-ultra-lengvas-ir-ultra-tylus-dziovintuvas-melynos-spalvos\/"]}]},{"@type":"ImageObject","inLanguage":"lt-LT","@id":"https:\/\/www.malinashop.lt\/shop\/ferrli-ionic-ultra-lengvas-ir-ultra-tylus-dziovintuvas-melynos-spalvos\/#primaryimage","url":"https:\/\/www.malinashop.lt\/wp-content\/uploads\/2024\/12\/DOVANOS180_22.webp","contentUrl":"https:\/\/www.malinashop.lt\/wp-content\/uploads\/2024\/12\/DOVANOS180_22.webp","width":990,"height":990},{"@type":"BreadcrumbList","@id":"https:\/\/www.malinashop.lt\/shop\/ferrli-ionic-ultra-lengvas-ir-ultra-tylus-dziovintuvas-melynos-spalvos\/#breadcrumb","itemListElement":[{"@type":"ListItem","position":1,"name":"Pagrindinis","item":"https:\/\/www.malinashop.lt\/"},{"@type":"ListItem","position":2,"name":"Parduotuv\u0117","item":"https:\/\/www.malinashop.lt\/en\/parduotuve\/"},{"@type":"ListItem","position":3,"name":"FERRLI IONIC ultra lengvas ir ultra tylus d\u017eiovintuvas, m\u0117lynos spalvos"}]},{"@type":"WebSite","@id":"https:\/\/www.malinashop.lt\/#website","url":"https:\/\/www.malinashop.lt\/","name":"COM Group Ecommerce","description":"MalinaShop.lt - Gro\u017eio ir sveikatos produktai i\u0161 patikim\u0173 preki\u0173 \u017eenkl\u0173. Atraskite auk\u0161tos kokyb\u0117s kosmetik\u0105 u\u017e puiki\u0105 kain\u0105.","publisher":{"@id":"https:\/\/www.malinashop.lt\/#organization"},"potentialAction":[{"@type":"SearchAction","target":{"@type":"EntryPoint","urlTemplate":"https:\/\/www.malinashop.lt\/?s={search_term_string}"},"query-input":{"@type":"PropertyValueSpecification","valueRequired":true,"valueName":"search_term_string"}}],"inLanguage":"lt-LT"},{"@type":"Organization","@id":"https:\/\/www.malinashop.lt\/#organization","name":"COM Group Ecommerce","url":"https:\/\/www.malinashop.lt\/","logo":{"@type":"ImageObject","inLanguage":"lt-LT","@id":"https:\/\/www.malinashop.lt\/#\/schema\/logo\/image\/","url":"https:\/\/www.malinashop.lt\/wp-content\/uploads\/2024\/08\/462559670_3787732518133670_9795632669273463_n-e1731525914575.png","contentUrl":"https:\/\/www.malinashop.lt\/wp-content\/uploads\/2024\/08\/462559670_3787732518133670_9795632669273463_n-e1731525914575.png","width":180,"height":60,"caption":"COM Group Ecommerce"},"image":{"@id":"https:\/\/www.malinashop.lt\/#\/schema\/logo\/image\/"}}]}},"jetpack_sharing_enabled":true,"_links":{"self":[{"href":"https:\/\/www.malinashop.lt\/lt_lt\/wp-json\/wp\/v2\/product\/30945","targetHints":{"allow":["GET"]}}],"collection":[{"href":"https:\/\/www.malinashop.lt\/lt_lt\/wp-json\/wp\/v2\/product"}],"about":[{"href":"https:\/\/www.malinashop.lt\/lt_lt\/wp-json\/wp\/v2\/types\/product"}],"version-history":[{"count":1,"href":"https:\/\/www.malinashop.lt\/lt_lt\/wp-json\/wp\/v2\/product\/30945\/revisions"}],"predecessor-version":[{"id":32397,"href":"https:\/\/www.malinashop.lt\/lt_lt\/wp-json\/wp\/v2\/product\/30945\/revisions\/32397"}],"wp:featuredmedia":[{"embeddable":true,"href":"https:\/\/www.malinashop.lt\/lt_lt\/wp-json\/wp\/v2\/media\/43434"}],"wp:attachment":[{"href":"https:\/\/www.malinashop.lt\/lt_lt\/wp-json\/wp\/v2\/media?parent=30945"}],"wp:term":[{"taxonomy":"product_brand","embeddable":true,"href":"https:\/\/www.malinashop.lt\/lt_lt\/wp-json\/wp\/v2\/product_brand?post=30945"},{"taxonomy":"product_cat","embeddable":true,"href":"https:\/\/www.malinashop.lt\/lt_lt\/wp-json\/wp\/v2\/product_cat?post=30945"},{"taxonomy":"product_tag","embeddable":true,"href":"https:\/\/www.malinashop.lt\/lt_lt\/wp-json\/wp\/v2\/product_tag?post=30945"}],"curies":[{"name":"wp","href":"https:\/\/api.w.org\/{rel}","templated":true}]}}