{"id":30587,"date":"2026-04-13T13:21:11","date_gmt":"2026-04-13T10:21:11","guid":{"rendered":"https:\/\/malinashop.lt\/?post_type=product&#038;p=30587"},"modified":"2026-04-14T09:08:06","modified_gmt":"2026-04-14T06:08:06","slug":"roomoi-vin-noble-namu-kvapu-difuzoriaus-ir-papildymo-rinkinys-500-ml-500-ml","status":"publish","type":"product","link":"https:\/\/www.malinashop.lt\/lt_lt\/shop\/roomoi-vin-noble-namu-kvapu-difuzoriaus-ir-papildymo-rinkinys-500-ml-500-ml\/","title":{"rendered":"ROOMOI VIN NOBLE nam\u0173 kvap\u0173 difuzoriaus \u2026"},"content":{"rendered":"<div class=\"relative basis-auto flex-col -mb-(--composer-overlap-px) [--composer-overlap-px:28px] grow flex overflow-hidden\">\n<div class=\"relative h-full\">\n<div class=\"flex h-full flex-col overflow-y-auto thread-xl:pt-(--header-height) [scrollbar-gutter:stable_both-edges]\">\n<div class=\"flex flex-col text-sm thread-xl:pt-header-height pb-25\">\n<article class=\"text-token-text-primary w-full focus:outline-none [--shadow-height:45px] has-data-writing-block:pointer-events-none has-data-writing-block:-mt-(--shadow-height) has-data-writing-block:pt-(--shadow-height) [&amp;:has([data-writing-block])&gt;*]:pointer-events-auto [content-visibility:auto] supports-[content-visibility:auto]:[contain-intrinsic-size:auto_100lvh] scroll-mt-[calc(var(--header-height)+min(200px,max(70px,20svh)))]\" dir=\"auto\" data-turn-id=\"request-68c31e5c-f8ac-832b-9925-96755f033da8-0\" data-testid=\"conversation-turn-636\" data-scroll-anchor=\"true\" data-turn=\"assistant\">\n<div class=\"text-base my-auto mx-auto pb-10 [--thread-content-margin:--spacing(4)] thread-sm:[--thread-content-margin:--spacing(6)] thread-lg:[--thread-content-margin:--spacing(16)] px-(--thread-content-margin)\">\n<div class=\"[--thread-content-max-width:40rem] thread-lg:[--thread-content-max-width:48rem] mx-auto max-w-(--thread-content-max-width) flex-1 group\/turn-messages focus-visible:outline-hidden relative flex w-full min-w-0 flex-col agent-turn\">\n<div class=\"flex max-w-full flex-col grow\">\n<div class=\"min-h-8 text-message relative flex w-full flex-col items-end gap-2 text-start break-words whitespace-normal [.text-message+&amp;]:mt-1\" dir=\"auto\" data-message-author-role=\"assistant\" data-message-id=\"38e014e8-f836-4bb8-ab5f-6b753bac078c\" data-message-model-slug=\"gpt-5\">\n<div class=\"flex w-full flex-col gap-1 empty:hidden first:pt-[1px]\">\n<div class=\"markdown prose dark:prose-invert w-full break-words dark markdown-new-styling\">\n<p data-start=\"396\" data-end=\"547\"><strong data-start=\"396\" data-end=\"448\">ROOMOI nam\u0173 kvapo difuzoriaus rinkinys Vin Noble<\/strong> sukurtas tiems, kurie vertina <strong data-start=\"479\" data-end=\"526\">i\u0161skirtin\u012f kvap\u0105, ilgaam\u017ei\u0161kum\u0105 ir estetik\u0105<\/strong>.<br data-start=\"527\" data-end=\"530\" \/>Rinkin\u012f sudaro:<\/p>\n<ul data-start=\"548\" data-end=\"815\">\n<li data-start=\"548\" data-end=\"653\">\n<p data-start=\"550\" data-end=\"653\"><strong data-start=\"550\" data-end=\"583\">Difuzorius Vin Noble (500 ml)<\/strong> \u2013 prabangus juodo d\u016bminio stiklo buteliukas su juodomis lazdel\u0117mis;<\/p>\n<\/li>\n<li data-start=\"654\" data-end=\"731\">\n<p data-start=\"656\" data-end=\"731\"><strong data-start=\"656\" data-end=\"695\">Kvapo papildymas Vin Noble (500 ml)<\/strong> \u2013 patogus perpilimui \u012f difuzori\u0173;<\/p>\n<\/li>\n<li data-start=\"732\" data-end=\"815\">\n<p data-start=\"734\" data-end=\"815\"><strong data-start=\"734\" data-end=\"765\">ROOMOI ekologi\u0161kos lazdel\u0117s<\/strong> \u2013 u\u017etikrina tolyg\u0173 ir ilgalaik\u012f kvapo sklidim\u0105.<\/p>\n<\/li>\n<\/ul>\n<p data-start=\"817\" data-end=\"1054\"><strong data-start=\"817\" data-end=\"837\">ROOMOI Vin Noble<\/strong> kvapas nukelia \u012f <strong data-start=\"855\" data-end=\"876\">\u017eydint\u012f vynuogyn\u0105<\/strong>, kuriame susilieja <strong data-start=\"896\" data-end=\"950\">vynuogi\u0173 saldumas, \u017eem\u0117s \u0161iluma ir vaisi\u0173 gaivumas<\/strong>. \u0160is kvapas sukuria <strong data-start=\"971\" data-end=\"1014\">ramyb\u0117s, jaukumo ir prabangos atmosfer\u0105<\/strong>, kuri subtiliai pripildo visus namus.<\/p>\n<p data-start=\"1056\" data-end=\"1282\">Difuzoriaus dizainas \u2013 <strong data-start=\"1079\" data-end=\"1111\">minimalistinis, juodo stiklo<\/strong>, tod\u0117l jis tampa ne tik <strong data-start=\"1136\" data-end=\"1180\">kvapo \u0161altiniu, bet ir interjero akcentu<\/strong>.<br data-start=\"1181\" data-end=\"1184\" \/>Kvapas skleid\u017eiasi <strong data-start=\"1203\" data-end=\"1232\">tolygiai ir i\u0161lieka ilgai<\/strong>, subtiliai praturtindamas kiekvien\u0105 nam\u0173 erdv\u0119.<\/p>\n<hr data-start=\"1284\" data-end=\"1287\" \/>\n<h4 data-start=\"1289\" data-end=\"1328\"><strong data-start=\"1293\" data-end=\"1326\">ROOMOI Vin Noble kvap\u0173 natos:<\/strong><\/h4>\n<ul data-start=\"1329\" data-end=\"1479\">\n<li data-start=\"1329\" data-end=\"1386\">\n<p data-start=\"1331\" data-end=\"1386\"><strong data-start=\"1331\" data-end=\"1352\">Vir\u0161utin\u0117s natos:<\/strong> apelsinas, na\u0161lait\u0117, magnolija.<\/p>\n<\/li>\n<li data-start=\"1387\" data-end=\"1433\">\n<p data-start=\"1389\" data-end=\"1433\"><strong data-start=\"1389\" data-end=\"1409\">Vidurin\u0117s natos:<\/strong> slyva, bra\u0161k\u0117, uogos.<\/p>\n<\/li>\n<li data-start=\"1434\" data-end=\"1479\">\n<p data-start=\"1436\" data-end=\"1479\"><strong data-start=\"1436\" data-end=\"1454\">Bazin\u0117s natos:<\/strong> sausa mediena, ber\u017eas.<\/p>\n<\/li>\n<\/ul>\n<hr data-start=\"1481\" data-end=\"1484\" \/>\n<h4 data-start=\"1486\" data-end=\"1502\"><strong data-start=\"1490\" data-end=\"1500\">Talpa:<\/strong><\/h4>\n<p data-start=\"1503\" data-end=\"1542\">500 ml difuzorius + 500 ml papildymas<\/p>\n<hr data-start=\"1544\" data-end=\"1547\" \/>\n<h4 data-start=\"1549\" data-end=\"1573\"><strong data-start=\"1553\" data-end=\"1571\">Kvapo savyb\u0117s:<\/strong><\/h4>\n<ul data-start=\"1574\" data-end=\"1745\">\n<li data-start=\"1574\" data-end=\"1626\">\n<p data-start=\"1576\" data-end=\"1626\">Ilgai i\u0161liekantis, \u0161iltas ir vaisi\u0161kas aromatas;<\/p>\n<\/li>\n<li data-start=\"1627\" data-end=\"1667\">\n<p data-start=\"1629\" data-end=\"1667\">Sukuria jauki\u0105, prabangi\u0105 atmosfer\u0105;<\/p>\n<\/li>\n<li data-start=\"1668\" data-end=\"1700\">\n<p data-start=\"1670\" data-end=\"1700\">Tinka bet kokiam interjerui;<\/p>\n<\/li>\n<li data-start=\"1701\" data-end=\"1745\">\n<p data-start=\"1703\" data-end=\"1745\">Pateikiamas prabangioje dovan\u0173 d\u0117\u017eut\u0117je.<\/p>\n<\/li>\n<\/ul>\n<hr data-start=\"1747\" data-end=\"1750\" \/>\n<p data-path-to-node=\"2\"><b data-path-to-node=\"2\" data-index-in-node=\"0\">Naudojimas ir savyb\u0117s<\/b><\/p>\n<p data-path-to-node=\"3\"><b data-path-to-node=\"3\" data-index-in-node=\"0\">ROOMOI<\/b> nam\u0173 kvapai sukurti tam, kad skleist\u0173si tolygiai ir i\u0161likt\u0173 ilgai. Intensyvi kvap\u0173 kompozicija suteikia \u0161velnios prabangos poj\u016bt\u012f, o kruop\u0161\u010diai parinktos natos paver\u010dia aromat\u0105 ramiu, ta\u010diau nepaprastai sodriu. Pagamintas Italijoje, \u0161is kvapas pasi\u017eymi auk\u0161\u010diausia kokybe, aromato stabilumu ir ilgaam\u017ei\u0161kumu, tod\u0117l j\u016bs\u0173 namai visada skleis i\u0161skirtin\u0119 \u0161ilum\u0105 ir elegancij\u0105.<\/p>\n<p data-path-to-node=\"4\"><b data-path-to-node=\"4\" data-index-in-node=\"0\">I\u0161laikymas ir praktiniai patarimai:<\/b> Gamintojas nurodo, kad <b data-path-to-node=\"4\" data-index-in-node=\"59\">500 ml<\/b> talpos difuzorius vidutini\u0161kai tarnauja <b data-path-to-node=\"4\" data-index-in-node=\"106\">3\u20134 m\u0117nesius<\/b>. Ta\u010diau svarbu atkreipti d\u0117mes\u012f, kad kvapas gali i\u0161garuoti grei\u010diau d\u0117l \u0161i\u0173 prie\u017eas\u010di\u0173:<\/p>\n<ul data-path-to-node=\"5\">\n<li>\n<p data-path-to-node=\"5,0,0\"><b data-path-to-node=\"5,0,0\" data-index-in-node=\"0\">Patalpos dydis:<\/b> Didesn\u0117je erdv\u0117je skystis garuoja intensyviau.<\/p>\n<\/li>\n<li>\n<p data-path-to-node=\"5,1,0\"><b data-path-to-node=\"5,1,0\" data-index-in-node=\"0\">Aplinkos veiksniai:<\/b> Tiesioginiai saul\u0117s spinduliai, dr\u0117gm\u0117, skersv\u0117jis ar \u0161alia esantys \u0161ilumos \u0161altiniai pagreitina garavimo proces\u0105.<\/p>\n<\/li>\n<li>\n<p data-path-to-node=\"5,2,0\"><b data-path-to-node=\"5,2,0\" data-index-in-node=\"0\">Lazdeli\u0173 kiekis:<\/b> Kuo daugiau lazdeli\u0173 naudojate, tuo intensyviau sklis kvapas, ta\u010diau skystis i\u0161garuos grei\u010diau.<\/p>\n<\/li>\n<\/ul>\n<p data-path-to-node=\"6\"><b data-path-to-node=\"6\" data-index-in-node=\"0\">Svarbi informacija d\u0117l nauj\u0173 rinkini\u0173:<\/b> Atkreipiame d\u0117mes\u012f, kad naujuose rinkiniuose (<b data-path-to-node=\"6\" data-index-in-node=\"85\">500 ml + 200 ml<\/b> bei <b data-path-to-node=\"6\" data-index-in-node=\"105\">200 ml + 100 ml<\/b>) naudojamos <b data-path-to-node=\"6\" data-index-in-node=\"133\">atnaujinto tipo lazdel\u0117s<\/b>. Jos pasi\u017eymi dar efektyvesne sklaida, tod\u0117l rekomenduojame <b data-path-to-node=\"6\" data-index-in-node=\"218\">naudoti ma\u017eesn\u012f kiek\u012f lazdeli\u0173<\/b>. Reguliuodami j\u0173 kiek\u012f, lengvai rasite ideal\u0173 balans\u0105 tarp norimo aromato stiprumo ir produkto ilgaam\u017ei\u0161kumo.<\/p>\n<\/div>\n<\/div>\n<\/div>\n<\/div>\n<\/div>\n<\/div>\n<\/article>\n<\/div>\n<\/div>\n<\/div>\n<\/div>\n","protected":false},"excerpt":{"rendered":"<p>Prabangus ROOMOI <strong data-start=\"170\" data-end=\"183\">Vin Noble<\/strong> nam\u0173 kvapo rinkinys \u2013 tai \u017eydin\u010dio vynuogyno aromatas su \u0161iltais, vaisi\u0161kais ir medienos tonais. Eleganti\u0161kas dizainas ir ilgai i\u0161liekantis kvapas \u2013 puiki dovana bet kokiai progai.<\/p>\n","protected":false},"featured_media":30595,"template":"","meta":[],"product_brand":[552],"product_cat":[1137,1140,573,1395],"product_tag":[1153],"class_list":{"0":"post-30587","1":"product","2":"type-product","3":"status-publish","4":"has-post-thumbnail","6":"product_brand-roomoi","7":"product_cat-dovanos","8":"product_cat-namu-kvapai","9":"product_cat-namu-kvapai-2","10":"product_cat-rinkiniai","11":"product_tag-roomoi","13":"first","14":"instock","15":"sale","16":"taxable","17":"shipping-taxable","18":"purchasable","19":"product-type-simple"},"yoast_head":"<!-- This site is optimized with the Yoast SEO plugin v27.4 - https:\/\/yoast.com\/product\/yoast-seo-wordpress\/ -->\n<title>ROOMOI VIN NOBLE nam\u0173 kvap\u0173 difuzoriaus \u2026 - MalinaShop.lt J\u016bs\u0173 sveikatai ir gro\u017eiui.<\/title>\n<meta name=\"description\" content=\"ROOMOI Vin Noble \u2013 prabangus nam\u0173 kvapo rinkinys su difuzoriumi, papildymu ir lazdel\u0117mis. Vynuogi\u0173, uog\u0173 ir medienos natos kuria jaukum\u0105 ir prabang\u0105.\" \/>\n<meta name=\"robots\" content=\"index, follow, max-snippet:-1, max-image-preview:large, max-video-preview:-1\" \/>\n<link rel=\"canonical\" href=\"https:\/\/www.malinashop.lt\/lt_lt\/shop\/roomoi-vin-noble-namu-kvapu-difuzoriaus-ir-papildymo-rinkinys-500-ml-500-ml\/\" \/>\n<meta property=\"og:locale\" content=\"lt_LT\" \/>\n<meta property=\"og:type\" content=\"article\" \/>\n<meta property=\"og:title\" content=\"ROOMOI VIN NOBLE nam\u0173 kvap\u0173 difuzoriaus \u2026 - MalinaShop.lt J\u016bs\u0173 sveikatai ir gro\u017eiui.\" \/>\n<meta property=\"og:description\" content=\"ROOMOI Vin Noble \u2013 prabangus nam\u0173 kvapo rinkinys su difuzoriumi, papildymu ir lazdel\u0117mis. Vynuogi\u0173, uog\u0173 ir medienos natos kuria jaukum\u0105 ir prabang\u0105.\" \/>\n<meta property=\"og:url\" content=\"https:\/\/www.malinashop.lt\/lt_lt\/shop\/roomoi-vin-noble-namu-kvapu-difuzoriaus-ir-papildymo-rinkinys-500-ml-500-ml\/\" \/>\n<meta property=\"og:site_name\" content=\"MalinaShop.lt J\u016bs\u0173 sveikatai ir gro\u017eiui.\" \/>\n<meta property=\"article:modified_time\" content=\"2026-04-14T06:08:06+00:00\" \/>\n<meta property=\"og:image\" content=\"https:\/\/www.malinashop.lt\/wp-content\/uploads\/2024\/12\/ROOMOI-VIN-NOBLE-namu-kvapu-difuzoriaus-ir-papildymo-rinkinys-500-ml-500-ml-e1735818427971.webp\" \/>\n\t<meta property=\"og:image:width\" content=\"768\" \/>\n\t<meta property=\"og:image:height\" content=\"524\" \/>\n\t<meta property=\"og:image:type\" content=\"image\/webp\" \/>\n<meta name=\"twitter:card\" content=\"summary_large_image\" \/>\n<script type=\"application\/ld+json\" class=\"yoast-schema-graph\">{\"@context\":\"https:\\\/\\\/schema.org\",\"@graph\":[{\"@type\":\"WebPage\",\"@id\":\"https:\\\/\\\/www.malinashop.lt\\\/lt_lt\\\/shop\\\/roomoi-vin-noble-namu-kvapu-difuzoriaus-ir-papildymo-rinkinys-500-ml-500-ml\\\/\",\"url\":\"https:\\\/\\\/www.malinashop.lt\\\/lt_lt\\\/shop\\\/roomoi-vin-noble-namu-kvapu-difuzoriaus-ir-papildymo-rinkinys-500-ml-500-ml\\\/\",\"name\":\"ROOMOI VIN NOBLE nam\u0173 kvap\u0173 difuzoriaus \u2026 - MalinaShop.lt J\u016bs\u0173 sveikatai ir gro\u017eiui.\",\"isPartOf\":{\"@id\":\"https:\\\/\\\/www.malinashop.lt\\\/en\\\/#website\"},\"primaryImageOfPage\":{\"@id\":\"https:\\\/\\\/www.malinashop.lt\\\/lt_lt\\\/shop\\\/roomoi-vin-noble-namu-kvapu-difuzoriaus-ir-papildymo-rinkinys-500-ml-500-ml\\\/#primaryimage\"},\"image\":{\"@id\":\"https:\\\/\\\/www.malinashop.lt\\\/lt_lt\\\/shop\\\/roomoi-vin-noble-namu-kvapu-difuzoriaus-ir-papildymo-rinkinys-500-ml-500-ml\\\/#primaryimage\"},\"thumbnailUrl\":\"https:\\\/\\\/www.malinashop.lt\\\/wp-content\\\/uploads\\\/2024\\\/12\\\/ROOMOI-VIN-NOBLE-namu-kvapu-difuzoriaus-ir-papildymo-rinkinys-500-ml-500-ml-e1735818427971.webp\",\"datePublished\":\"2026-04-13T10:21:11+00:00\",\"dateModified\":\"2026-04-14T06:08:06+00:00\",\"description\":\"ROOMOI Vin Noble \u2013 prabangus nam\u0173 kvapo rinkinys su difuzoriumi, papildymu ir lazdel\u0117mis. Vynuogi\u0173, uog\u0173 ir medienos natos kuria jaukum\u0105 ir prabang\u0105.\",\"breadcrumb\":{\"@id\":\"https:\\\/\\\/www.malinashop.lt\\\/lt_lt\\\/shop\\\/roomoi-vin-noble-namu-kvapu-difuzoriaus-ir-papildymo-rinkinys-500-ml-500-ml\\\/#breadcrumb\"},\"inLanguage\":\"lt-LT\",\"potentialAction\":[{\"@type\":\"ReadAction\",\"target\":[\"https:\\\/\\\/www.malinashop.lt\\\/lt_lt\\\/shop\\\/roomoi-vin-noble-namu-kvapu-difuzoriaus-ir-papildymo-rinkinys-500-ml-500-ml\\\/\"]}]},{\"@type\":\"ImageObject\",\"inLanguage\":\"lt-LT\",\"@id\":\"https:\\\/\\\/www.malinashop.lt\\\/lt_lt\\\/shop\\\/roomoi-vin-noble-namu-kvapu-difuzoriaus-ir-papildymo-rinkinys-500-ml-500-ml\\\/#primaryimage\",\"url\":\"https:\\\/\\\/www.malinashop.lt\\\/wp-content\\\/uploads\\\/2024\\\/12\\\/ROOMOI-VIN-NOBLE-namu-kvapu-difuzoriaus-ir-papildymo-rinkinys-500-ml-500-ml-e1735818427971.webp\",\"contentUrl\":\"https:\\\/\\\/www.malinashop.lt\\\/wp-content\\\/uploads\\\/2024\\\/12\\\/ROOMOI-VIN-NOBLE-namu-kvapu-difuzoriaus-ir-papildymo-rinkinys-500-ml-500-ml-e1735818427971.webp\",\"width\":768,\"height\":524},{\"@type\":\"BreadcrumbList\",\"@id\":\"https:\\\/\\\/www.malinashop.lt\\\/lt_lt\\\/shop\\\/roomoi-vin-noble-namu-kvapu-difuzoriaus-ir-papildymo-rinkinys-500-ml-500-ml\\\/#breadcrumb\",\"itemListElement\":[{\"@type\":\"ListItem\",\"position\":1,\"name\":\"Home\",\"item\":\"https:\\\/\\\/www.malinashop.lt\\\/en\\\/\"},{\"@type\":\"ListItem\",\"position\":2,\"name\":\"Parduotuv\u0117\",\"item\":\"https:\\\/\\\/www.malinashop.lt\\\/en\\\/parduotuve\\\/\"},{\"@type\":\"ListItem\",\"position\":3,\"name\":\"ROOMOI VIN NOBLE nam\u0173 kvap\u0173 difuzoriaus \u2026\"}]},{\"@type\":\"WebSite\",\"@id\":\"https:\\\/\\\/www.malinashop.lt\\\/en\\\/#website\",\"url\":\"https:\\\/\\\/www.malinashop.lt\\\/en\\\/\",\"name\":\"COM Group Ecommerce\",\"description\":\"MalinaShop.lt - Gro\u017eio ir sveikatos produktai i\u0161 patikim\u0173 preki\u0173 \u017eenkl\u0173. Atraskite auk\u0161tos kokyb\u0117s kosmetik\u0105 u\u017e puiki\u0105 kain\u0105.\",\"publisher\":{\"@id\":\"https:\\\/\\\/www.malinashop.lt\\\/en\\\/#organization\"},\"potentialAction\":[{\"@type\":\"SearchAction\",\"target\":{\"@type\":\"EntryPoint\",\"urlTemplate\":\"https:\\\/\\\/www.malinashop.lt\\\/en\\\/?s={search_term_string}\"},\"query-input\":{\"@type\":\"PropertyValueSpecification\",\"valueRequired\":true,\"valueName\":\"search_term_string\"}}],\"inLanguage\":\"lt-LT\"},{\"@type\":\"Organization\",\"@id\":\"https:\\\/\\\/www.malinashop.lt\\\/en\\\/#organization\",\"name\":\"COM Group Ecommerce\",\"url\":\"https:\\\/\\\/www.malinashop.lt\\\/en\\\/\",\"logo\":{\"@type\":\"ImageObject\",\"inLanguage\":\"lt-LT\",\"@id\":\"https:\\\/\\\/www.malinashop.lt\\\/en\\\/#\\\/schema\\\/logo\\\/image\\\/\",\"url\":\"https:\\\/\\\/www.malinashop.lt\\\/wp-content\\\/uploads\\\/2024\\\/08\\\/462559670_3787732518133670_9795632669273463_n-e1731525914575.png\",\"contentUrl\":\"https:\\\/\\\/www.malinashop.lt\\\/wp-content\\\/uploads\\\/2024\\\/08\\\/462559670_3787732518133670_9795632669273463_n-e1731525914575.png\",\"width\":180,\"height\":60,\"caption\":\"COM Group Ecommerce\"},\"image\":{\"@id\":\"https:\\\/\\\/www.malinashop.lt\\\/en\\\/#\\\/schema\\\/logo\\\/image\\\/\"}}]}<\/script>\n<!-- \/ Yoast SEO plugin. -->","yoast_head_json":{"title":"ROOMOI VIN NOBLE nam\u0173 kvap\u0173 difuzoriaus \u2026 - MalinaShop.lt J\u016bs\u0173 sveikatai ir gro\u017eiui.","description":"ROOMOI Vin Noble \u2013 prabangus nam\u0173 kvapo rinkinys su difuzoriumi, papildymu ir lazdel\u0117mis. Vynuogi\u0173, uog\u0173 ir medienos natos kuria jaukum\u0105 ir prabang\u0105.","robots":{"index":"index","follow":"follow","max-snippet":"max-snippet:-1","max-image-preview":"max-image-preview:large","max-video-preview":"max-video-preview:-1"},"canonical":"https:\/\/www.malinashop.lt\/lt_lt\/shop\/roomoi-vin-noble-namu-kvapu-difuzoriaus-ir-papildymo-rinkinys-500-ml-500-ml\/","og_locale":"lt_LT","og_type":"article","og_title":"ROOMOI VIN NOBLE nam\u0173 kvap\u0173 difuzoriaus \u2026 - MalinaShop.lt J\u016bs\u0173 sveikatai ir gro\u017eiui.","og_description":"ROOMOI Vin Noble \u2013 prabangus nam\u0173 kvapo rinkinys su difuzoriumi, papildymu ir lazdel\u0117mis. Vynuogi\u0173, uog\u0173 ir medienos natos kuria jaukum\u0105 ir prabang\u0105.","og_url":"https:\/\/www.malinashop.lt\/lt_lt\/shop\/roomoi-vin-noble-namu-kvapu-difuzoriaus-ir-papildymo-rinkinys-500-ml-500-ml\/","og_site_name":"MalinaShop.lt J\u016bs\u0173 sveikatai ir gro\u017eiui.","article_modified_time":"2026-04-14T06:08:06+00:00","og_image":[{"width":768,"height":524,"url":"https:\/\/www.malinashop.lt\/wp-content\/uploads\/2024\/12\/ROOMOI-VIN-NOBLE-namu-kvapu-difuzoriaus-ir-papildymo-rinkinys-500-ml-500-ml-e1735818427971.webp","type":"image\/webp"}],"twitter_card":"summary_large_image","schema":{"@context":"https:\/\/schema.org","@graph":[{"@type":"WebPage","@id":"https:\/\/www.malinashop.lt\/lt_lt\/shop\/roomoi-vin-noble-namu-kvapu-difuzoriaus-ir-papildymo-rinkinys-500-ml-500-ml\/","url":"https:\/\/www.malinashop.lt\/lt_lt\/shop\/roomoi-vin-noble-namu-kvapu-difuzoriaus-ir-papildymo-rinkinys-500-ml-500-ml\/","name":"ROOMOI VIN NOBLE nam\u0173 kvap\u0173 difuzoriaus \u2026 - MalinaShop.lt J\u016bs\u0173 sveikatai ir gro\u017eiui.","isPartOf":{"@id":"https:\/\/www.malinashop.lt\/en\/#website"},"primaryImageOfPage":{"@id":"https:\/\/www.malinashop.lt\/lt_lt\/shop\/roomoi-vin-noble-namu-kvapu-difuzoriaus-ir-papildymo-rinkinys-500-ml-500-ml\/#primaryimage"},"image":{"@id":"https:\/\/www.malinashop.lt\/lt_lt\/shop\/roomoi-vin-noble-namu-kvapu-difuzoriaus-ir-papildymo-rinkinys-500-ml-500-ml\/#primaryimage"},"thumbnailUrl":"https:\/\/www.malinashop.lt\/wp-content\/uploads\/2024\/12\/ROOMOI-VIN-NOBLE-namu-kvapu-difuzoriaus-ir-papildymo-rinkinys-500-ml-500-ml-e1735818427971.webp","datePublished":"2026-04-13T10:21:11+00:00","dateModified":"2026-04-14T06:08:06+00:00","description":"ROOMOI Vin Noble \u2013 prabangus nam\u0173 kvapo rinkinys su difuzoriumi, papildymu ir lazdel\u0117mis. Vynuogi\u0173, uog\u0173 ir medienos natos kuria jaukum\u0105 ir prabang\u0105.","breadcrumb":{"@id":"https:\/\/www.malinashop.lt\/lt_lt\/shop\/roomoi-vin-noble-namu-kvapu-difuzoriaus-ir-papildymo-rinkinys-500-ml-500-ml\/#breadcrumb"},"inLanguage":"lt-LT","potentialAction":[{"@type":"ReadAction","target":["https:\/\/www.malinashop.lt\/lt_lt\/shop\/roomoi-vin-noble-namu-kvapu-difuzoriaus-ir-papildymo-rinkinys-500-ml-500-ml\/"]}]},{"@type":"ImageObject","inLanguage":"lt-LT","@id":"https:\/\/www.malinashop.lt\/lt_lt\/shop\/roomoi-vin-noble-namu-kvapu-difuzoriaus-ir-papildymo-rinkinys-500-ml-500-ml\/#primaryimage","url":"https:\/\/www.malinashop.lt\/wp-content\/uploads\/2024\/12\/ROOMOI-VIN-NOBLE-namu-kvapu-difuzoriaus-ir-papildymo-rinkinys-500-ml-500-ml-e1735818427971.webp","contentUrl":"https:\/\/www.malinashop.lt\/wp-content\/uploads\/2024\/12\/ROOMOI-VIN-NOBLE-namu-kvapu-difuzoriaus-ir-papildymo-rinkinys-500-ml-500-ml-e1735818427971.webp","width":768,"height":524},{"@type":"BreadcrumbList","@id":"https:\/\/www.malinashop.lt\/lt_lt\/shop\/roomoi-vin-noble-namu-kvapu-difuzoriaus-ir-papildymo-rinkinys-500-ml-500-ml\/#breadcrumb","itemListElement":[{"@type":"ListItem","position":1,"name":"Home","item":"https:\/\/www.malinashop.lt\/en\/"},{"@type":"ListItem","position":2,"name":"Parduotuv\u0117","item":"https:\/\/www.malinashop.lt\/en\/parduotuve\/"},{"@type":"ListItem","position":3,"name":"ROOMOI VIN NOBLE nam\u0173 kvap\u0173 difuzoriaus \u2026"}]},{"@type":"WebSite","@id":"https:\/\/www.malinashop.lt\/en\/#website","url":"https:\/\/www.malinashop.lt\/en\/","name":"COM Group Ecommerce","description":"MalinaShop.lt - Gro\u017eio ir sveikatos produktai i\u0161 patikim\u0173 preki\u0173 \u017eenkl\u0173. Atraskite auk\u0161tos kokyb\u0117s kosmetik\u0105 u\u017e puiki\u0105 kain\u0105.","publisher":{"@id":"https:\/\/www.malinashop.lt\/en\/#organization"},"potentialAction":[{"@type":"SearchAction","target":{"@type":"EntryPoint","urlTemplate":"https:\/\/www.malinashop.lt\/en\/?s={search_term_string}"},"query-input":{"@type":"PropertyValueSpecification","valueRequired":true,"valueName":"search_term_string"}}],"inLanguage":"lt-LT"},{"@type":"Organization","@id":"https:\/\/www.malinashop.lt\/en\/#organization","name":"COM Group Ecommerce","url":"https:\/\/www.malinashop.lt\/en\/","logo":{"@type":"ImageObject","inLanguage":"lt-LT","@id":"https:\/\/www.malinashop.lt\/en\/#\/schema\/logo\/image\/","url":"https:\/\/www.malinashop.lt\/wp-content\/uploads\/2024\/08\/462559670_3787732518133670_9795632669273463_n-e1731525914575.png","contentUrl":"https:\/\/www.malinashop.lt\/wp-content\/uploads\/2024\/08\/462559670_3787732518133670_9795632669273463_n-e1731525914575.png","width":180,"height":60,"caption":"COM Group Ecommerce"},"image":{"@id":"https:\/\/www.malinashop.lt\/en\/#\/schema\/logo\/image\/"}}]}},"jetpack_sharing_enabled":true,"_links":{"self":[{"href":"https:\/\/www.malinashop.lt\/lt_lt\/wp-json\/wp\/v2\/product\/30587","targetHints":{"allow":["GET"]}}],"collection":[{"href":"https:\/\/www.malinashop.lt\/lt_lt\/wp-json\/wp\/v2\/product"}],"about":[{"href":"https:\/\/www.malinashop.lt\/lt_lt\/wp-json\/wp\/v2\/types\/product"}],"version-history":[{"count":5,"href":"https:\/\/www.malinashop.lt\/lt_lt\/wp-json\/wp\/v2\/product\/30587\/revisions"}],"predecessor-version":[{"id":75755,"href":"https:\/\/www.malinashop.lt\/lt_lt\/wp-json\/wp\/v2\/product\/30587\/revisions\/75755"}],"wp:featuredmedia":[{"embeddable":true,"href":"https:\/\/www.malinashop.lt\/lt_lt\/wp-json\/wp\/v2\/media\/30595"}],"wp:attachment":[{"href":"https:\/\/www.malinashop.lt\/lt_lt\/wp-json\/wp\/v2\/media?parent=30587"}],"wp:term":[{"taxonomy":"product_brand","embeddable":true,"href":"https:\/\/www.malinashop.lt\/lt_lt\/wp-json\/wp\/v2\/product_brand?post=30587"},{"taxonomy":"product_cat","embeddable":true,"href":"https:\/\/www.malinashop.lt\/lt_lt\/wp-json\/wp\/v2\/product_cat?post=30587"},{"taxonomy":"product_tag","embeddable":true,"href":"https:\/\/www.malinashop.lt\/lt_lt\/wp-json\/wp\/v2\/product_tag?post=30587"}],"curies":[{"name":"wp","href":"https:\/\/api.w.org\/{rel}","templated":true}]}}