{"id":30569,"date":"2024-12-04T14:44:01","date_gmt":"2024-12-04T11:44:01","guid":{"rendered":"https:\/\/malinashop.lt\/?post_type=product&#038;p=30569"},"modified":"2026-03-30T11:25:11","modified_gmt":"2026-03-30T08:25:11","slug":"roomoi-mystic-aura-namu-kvapu-difuzorius-500-ml","status":"publish","type":"product","link":"https:\/\/www.malinashop.lt\/lt_lt\/shop\/roomoi-mystic-aura-namu-kvapu-difuzorius-500-ml\/","title":{"rendered":"ROOMOI MYSTIC AURA nam\u0173 kvap\u0173 difuzorius, 500 ml"},"content":{"rendered":"<p><strong>ROOMOI nam\u0173 kvap\u0173 difuzorius MYSTIC AURA <\/strong>\u2013 eleganti\u0161kas ir gyvybingas nam\u0173 kvapas, sukuriantis \u0161vytin\u010di\u0105 ir apgaubian\u010di\u0105 atmosfer\u0105. Mandarino ir nashi kriau\u0161i\u0173 gaivos nat\u0173 derinys su intensyviomis turki\u0161kos ro\u017e\u0117s, oud ir vanil\u0117s aromat\u0173 kompozicijomis suteikia erdvei \u0161ilt\u0105, rafinuot\u0105 ir prabangi\u0105 aur\u0105. \u0160is g\u0117li\u0173 ir rytieti\u0161kas kvapas puikiai tinka tiek namams, tiek prabangiems interjerams. Kvapas praturtintas elegancija ir gyvybingumu, pasiruo\u0161\u0119s pagyvinti J\u016bs\u0173 erdv\u0119 su gaiviais mandarino ir nashi kriau\u0161i\u0173 aromatais, kartu su intensyviomis turki\u0161kos ro\u017e\u0117s, agarmed\u017eio ir vanil\u0117s natomis.<\/p>\n<p><strong>\u201eA\u0161 siekiau elegancijos \u2013 ry\u0161kios ir apgaubian\u010dios g\u0117li\u0173 puok\u0161t\u0117s. Jos rafinuota aura buvo tobula man.\u201d<\/strong><\/p>\n<p>MYSTIC AURA si\u016blo g\u0117li\u0173 ir rytieti\u0161k\u0105 kompozicij\u0105, praturtint\u0105 \u0161iltomis ir \u0161vytin\u010diomis rytieti\u0161komis natomis, kurios apima prabangios puok\u0161t\u0117s siel\u0105.<\/p>\n<p><strong>Vir\u0161utin\u0117s natos:<\/strong> mandarinas, bergamot\u0117, juodieji serbentai, nashi kriau\u0161\u0117<br \/>\n<strong>Vidurin\u0117s natos:<\/strong> turki\u0161ka ro\u017e\u0117, gardenija, smilkalai, agarmedis<br \/>\n<strong>Bazin\u0117s natos:<\/strong> vanil\u0117, tonka pupel\u0117s, ambra, muskusas<\/p>\n<p>Kartu su difuzoriumi gausite ir <strong>ROOMOI ekologi\u0161kas nam\u0173 kvap\u0173 lazdeles<\/strong>, kurios u\u017etikrins, kad kvapas ilgai d\u017eiugins j\u016bs\u0173 erdv\u0119.<\/p>\n<p><strong>Dizainas<\/strong> \u2013 minimalistinio stiliaus juodo d\u016bminio stiklo buteliukas su juodomis lazdel\u0117mis, lengvai pritaikomas bet kokiam interjerui. Buteliuko dizainas sukurtas taip, kad kvapas skleist\u0173si tolygiai ir i\u0161likt\u0173 ilgai.<\/p>\n<p><strong>ROOMOI nam\u0173 kvapai<\/strong> sukurti skleisti \u0161iltus ir maloniai nuteikian\u010dius aromatus J\u016bs\u0173 pasirinktose erdv\u0117se. Kvapas puikiai tinka gyvenamosioms zonoms, parod\u0173 erdv\u0117ms, butikams ir presti\u017ein\u0117ms studijoms.<\/p>\n<h4 data-path-to-node=\"2\"><b data-path-to-node=\"2\" data-index-in-node=\"0\">Naudojimas ir savyb\u0117s<\/b><\/h4>\n<p data-path-to-node=\"3\"><b data-path-to-node=\"3\" data-index-in-node=\"0\">ROOMOI<\/b> nam\u0173 kvapai sukurti tam, kad skleist\u0173si tolygiai ir i\u0161likt\u0173 ilgai. Intensyvi kvap\u0173 kompozicija suteikia \u0161velnios prabangos poj\u016bt\u012f, o kruop\u0161\u010diai parinktos natos paver\u010dia aromat\u0105 ramiu, ta\u010diau nepaprastai sodriu. Pagamintas Italijoje, \u0161is kvapas pasi\u017eymi auk\u0161\u010diausia kokybe, aromato stabilumu ir ilgaam\u017ei\u0161kumu, tod\u0117l j\u016bs\u0173 namai visada skleis i\u0161skirtin\u0119 \u0161ilum\u0105 ir elegancij\u0105.<\/p>\n<p data-path-to-node=\"4\"><b data-path-to-node=\"4\" data-index-in-node=\"0\">I\u0161laikymas ir praktiniai patarimai:<\/b> Gamintojas nurodo, kad <b data-path-to-node=\"4\" data-index-in-node=\"59\">500 ml<\/b> talpos difuzorius vidutini\u0161kai tarnauja <b data-path-to-node=\"4\" data-index-in-node=\"106\">3\u20134 m\u0117nesius<\/b>. Ta\u010diau svarbu atkreipti d\u0117mes\u012f, kad kvapas gali i\u0161garuoti grei\u010diau d\u0117l \u0161i\u0173 prie\u017eas\u010di\u0173:<\/p>\n<ul data-path-to-node=\"5\">\n<li>\n<p data-path-to-node=\"5,0,0\"><b data-path-to-node=\"5,0,0\" data-index-in-node=\"0\">Patalpos dydis:<\/b> Didesn\u0117je erdv\u0117je skystis garuoja intensyviau.<\/p>\n<\/li>\n<li>\n<p data-path-to-node=\"5,1,0\"><b data-path-to-node=\"5,1,0\" data-index-in-node=\"0\">Aplinkos veiksniai:<\/b> Tiesioginiai saul\u0117s spinduliai, dr\u0117gm\u0117, skersv\u0117jis ar \u0161alia esantys \u0161ilumos \u0161altiniai pagreitina garavimo proces\u0105.<\/p>\n<\/li>\n<li>\n<p data-path-to-node=\"5,2,0\"><b data-path-to-node=\"5,2,0\" data-index-in-node=\"0\">Lazdeli\u0173 kiekis:<\/b> Kuo daugiau lazdeli\u0173 naudojate, tuo intensyviau sklis kvapas, ta\u010diau skystis i\u0161garuos grei\u010diau.<\/p>\n<\/li>\n<\/ul>\n<p data-path-to-node=\"6\"><b data-path-to-node=\"6\" data-index-in-node=\"0\">Svarbi informacija d\u0117l nauj\u0173 rinkini\u0173:<\/b> Atkreipiame d\u0117mes\u012f, kad naujuose rinkiniuose (<b data-path-to-node=\"6\" data-index-in-node=\"85\">500 ml + 200 ml<\/b> bei <b data-path-to-node=\"6\" data-index-in-node=\"105\">200 ml + 100 ml<\/b>) naudojamos <b data-path-to-node=\"6\" data-index-in-node=\"133\">atnaujinto tipo lazdel\u0117s<\/b>. Jos pasi\u017eymi dar efektyvesne sklaida, tod\u0117l rekomenduojame <b data-path-to-node=\"6\" data-index-in-node=\"218\">naudoti ma\u017eesn\u012f kiek\u012f lazdeli\u0173<\/b>. Reguliuodami j\u0173 kiek\u012f, lengvai rasite ideal\u0173 balans\u0105 tarp norimo aromato stiprumo ir produkto ilgaam\u017ei\u0161kumo.<\/p>\n","protected":false},"excerpt":{"rendered":"<p>+<a href=\"https:\/\/shopbysiegel.com\/roomoi-lazdeles-kvapu-difuzoriams\/\">ROOMOI lazdel\u0117s kvap\u0173 difuzoriams (ilgos, 29.5 cm)<\/a><\/p>\n","protected":false},"featured_media":30570,"template":"","meta":[],"product_brand":[552],"product_cat":[1137,1140,573],"product_tag":[1153],"class_list":{"0":"post-30569","1":"product","2":"type-product","3":"status-publish","4":"has-post-thumbnail","6":"product_brand-roomoi","7":"product_cat-dovanos","8":"product_cat-namu-kvapai","9":"product_cat-namu-kvapai-2","10":"product_tag-roomoi","12":"first","13":"instock","14":"sale","15":"taxable","16":"shipping-taxable","17":"purchasable","18":"product-type-simple"},"yoast_head":"<!-- This site is optimized with the Yoast SEO plugin v27.4 - https:\/\/yoast.com\/product\/yoast-seo-wordpress\/ -->\n<title>ROOMOI MYSTIC AURA nam\u0173 kvap\u0173 difuzorius, 500 ml - MalinaShop.lt J\u016bs\u0173 sveikatai ir gro\u017eiui.<\/title>\n<meta name=\"description\" content=\"ROOMOI MYSTIC AURA difuzorius \u2013 eleganti\u0161kas g\u0117li\u0173 ir rytieti\u0161kas kvapas, puikiai tinkantis namams ir prabangiam interjerui.\" \/>\n<meta name=\"robots\" content=\"index, follow, max-snippet:-1, max-image-preview:large, max-video-preview:-1\" \/>\n<link rel=\"canonical\" href=\"https:\/\/www.malinashop.lt\/lt_lt\/shop\/roomoi-mystic-aura-namu-kvapu-difuzorius-500-ml\/\" \/>\n<meta property=\"og:locale\" content=\"lt_LT\" \/>\n<meta property=\"og:type\" content=\"article\" \/>\n<meta property=\"og:title\" content=\"ROOMOI MYSTIC AURA nam\u0173 kvap\u0173 difuzorius, 500 ml - MalinaShop.lt J\u016bs\u0173 sveikatai ir gro\u017eiui.\" \/>\n<meta property=\"og:description\" content=\"ROOMOI MYSTIC AURA difuzorius \u2013 eleganti\u0161kas g\u0117li\u0173 ir rytieti\u0161kas kvapas, puikiai tinkantis namams ir prabangiam interjerui.\" \/>\n<meta property=\"og:url\" content=\"https:\/\/www.malinashop.lt\/lt_lt\/shop\/roomoi-mystic-aura-namu-kvapu-difuzorius-500-ml\/\" \/>\n<meta property=\"og:site_name\" content=\"MalinaShop.lt J\u016bs\u0173 sveikatai ir gro\u017eiui.\" \/>\n<meta property=\"article:modified_time\" content=\"2026-03-30T08:25:11+00:00\" \/>\n<meta property=\"og:image\" content=\"https:\/\/www.malinashop.lt\/wp-content\/uploads\/2024\/12\/ROOMOI-MYSTIC-AURA-namu-kvapu-difuzorius-500-ml.webp\" \/>\n\t<meta property=\"og:image:width\" content=\"768\" \/>\n\t<meta property=\"og:image:height\" content=\"768\" \/>\n\t<meta property=\"og:image:type\" content=\"image\/webp\" \/>\n<meta name=\"twitter:card\" content=\"summary_large_image\" \/>\n<script type=\"application\/ld+json\" class=\"yoast-schema-graph\">{\"@context\":\"https:\\\/\\\/schema.org\",\"@graph\":[{\"@type\":\"WebPage\",\"@id\":\"https:\\\/\\\/www.malinashop.lt\\\/lt_lt\\\/shop\\\/roomoi-mystic-aura-namu-kvapu-difuzorius-500-ml\\\/\",\"url\":\"https:\\\/\\\/www.malinashop.lt\\\/lt_lt\\\/shop\\\/roomoi-mystic-aura-namu-kvapu-difuzorius-500-ml\\\/\",\"name\":\"ROOMOI MYSTIC AURA nam\u0173 kvap\u0173 difuzorius, 500 ml - MalinaShop.lt J\u016bs\u0173 sveikatai ir gro\u017eiui.\",\"isPartOf\":{\"@id\":\"https:\\\/\\\/www.malinashop.lt\\\/#website\"},\"primaryImageOfPage\":{\"@id\":\"https:\\\/\\\/www.malinashop.lt\\\/lt_lt\\\/shop\\\/roomoi-mystic-aura-namu-kvapu-difuzorius-500-ml\\\/#primaryimage\"},\"image\":{\"@id\":\"https:\\\/\\\/www.malinashop.lt\\\/lt_lt\\\/shop\\\/roomoi-mystic-aura-namu-kvapu-difuzorius-500-ml\\\/#primaryimage\"},\"thumbnailUrl\":\"https:\\\/\\\/www.malinashop.lt\\\/wp-content\\\/uploads\\\/2024\\\/12\\\/ROOMOI-MYSTIC-AURA-namu-kvapu-difuzorius-500-ml.webp\",\"datePublished\":\"2024-12-04T11:44:01+00:00\",\"dateModified\":\"2026-03-30T08:25:11+00:00\",\"description\":\"ROOMOI MYSTIC AURA difuzorius \u2013 eleganti\u0161kas g\u0117li\u0173 ir rytieti\u0161kas kvapas, puikiai tinkantis namams ir prabangiam interjerui.\",\"breadcrumb\":{\"@id\":\"https:\\\/\\\/www.malinashop.lt\\\/lt_lt\\\/shop\\\/roomoi-mystic-aura-namu-kvapu-difuzorius-500-ml\\\/#breadcrumb\"},\"inLanguage\":\"lt-LT\",\"potentialAction\":[{\"@type\":\"ReadAction\",\"target\":[\"https:\\\/\\\/www.malinashop.lt\\\/lt_lt\\\/shop\\\/roomoi-mystic-aura-namu-kvapu-difuzorius-500-ml\\\/\"]}]},{\"@type\":\"ImageObject\",\"inLanguage\":\"lt-LT\",\"@id\":\"https:\\\/\\\/www.malinashop.lt\\\/lt_lt\\\/shop\\\/roomoi-mystic-aura-namu-kvapu-difuzorius-500-ml\\\/#primaryimage\",\"url\":\"https:\\\/\\\/www.malinashop.lt\\\/wp-content\\\/uploads\\\/2024\\\/12\\\/ROOMOI-MYSTIC-AURA-namu-kvapu-difuzorius-500-ml.webp\",\"contentUrl\":\"https:\\\/\\\/www.malinashop.lt\\\/wp-content\\\/uploads\\\/2024\\\/12\\\/ROOMOI-MYSTIC-AURA-namu-kvapu-difuzorius-500-ml.webp\",\"width\":768,\"height\":768},{\"@type\":\"BreadcrumbList\",\"@id\":\"https:\\\/\\\/www.malinashop.lt\\\/lt_lt\\\/shop\\\/roomoi-mystic-aura-namu-kvapu-difuzorius-500-ml\\\/#breadcrumb\",\"itemListElement\":[{\"@type\":\"ListItem\",\"position\":1,\"name\":\"Pagrindinis\",\"item\":\"https:\\\/\\\/www.malinashop.lt\\\/\"},{\"@type\":\"ListItem\",\"position\":2,\"name\":\"Parduotuv\u0117\",\"item\":\"https:\\\/\\\/www.malinashop.lt\\\/en\\\/parduotuve\\\/\"},{\"@type\":\"ListItem\",\"position\":3,\"name\":\"ROOMOI MYSTIC AURA nam\u0173 kvap\u0173 difuzorius, 500 ml\"}]},{\"@type\":\"WebSite\",\"@id\":\"https:\\\/\\\/www.malinashop.lt\\\/#website\",\"url\":\"https:\\\/\\\/www.malinashop.lt\\\/\",\"name\":\"COM Group Ecommerce\",\"description\":\"MalinaShop.lt - Gro\u017eio ir sveikatos produktai i\u0161 patikim\u0173 preki\u0173 \u017eenkl\u0173. Atraskite auk\u0161tos kokyb\u0117s kosmetik\u0105 u\u017e puiki\u0105 kain\u0105.\",\"publisher\":{\"@id\":\"https:\\\/\\\/www.malinashop.lt\\\/#organization\"},\"potentialAction\":[{\"@type\":\"SearchAction\",\"target\":{\"@type\":\"EntryPoint\",\"urlTemplate\":\"https:\\\/\\\/www.malinashop.lt\\\/?s={search_term_string}\"},\"query-input\":{\"@type\":\"PropertyValueSpecification\",\"valueRequired\":true,\"valueName\":\"search_term_string\"}}],\"inLanguage\":\"lt-LT\"},{\"@type\":\"Organization\",\"@id\":\"https:\\\/\\\/www.malinashop.lt\\\/#organization\",\"name\":\"COM Group Ecommerce\",\"url\":\"https:\\\/\\\/www.malinashop.lt\\\/\",\"logo\":{\"@type\":\"ImageObject\",\"inLanguage\":\"lt-LT\",\"@id\":\"https:\\\/\\\/www.malinashop.lt\\\/#\\\/schema\\\/logo\\\/image\\\/\",\"url\":\"https:\\\/\\\/www.malinashop.lt\\\/wp-content\\\/uploads\\\/2024\\\/08\\\/462559670_3787732518133670_9795632669273463_n-e1731525914575.png\",\"contentUrl\":\"https:\\\/\\\/www.malinashop.lt\\\/wp-content\\\/uploads\\\/2024\\\/08\\\/462559670_3787732518133670_9795632669273463_n-e1731525914575.png\",\"width\":180,\"height\":60,\"caption\":\"COM Group Ecommerce\"},\"image\":{\"@id\":\"https:\\\/\\\/www.malinashop.lt\\\/#\\\/schema\\\/logo\\\/image\\\/\"}}]}<\/script>\n<!-- \/ Yoast SEO plugin. -->","yoast_head_json":{"title":"ROOMOI MYSTIC AURA nam\u0173 kvap\u0173 difuzorius, 500 ml - MalinaShop.lt J\u016bs\u0173 sveikatai ir gro\u017eiui.","description":"ROOMOI MYSTIC AURA difuzorius \u2013 eleganti\u0161kas g\u0117li\u0173 ir rytieti\u0161kas kvapas, puikiai tinkantis namams ir prabangiam interjerui.","robots":{"index":"index","follow":"follow","max-snippet":"max-snippet:-1","max-image-preview":"max-image-preview:large","max-video-preview":"max-video-preview:-1"},"canonical":"https:\/\/www.malinashop.lt\/lt_lt\/shop\/roomoi-mystic-aura-namu-kvapu-difuzorius-500-ml\/","og_locale":"lt_LT","og_type":"article","og_title":"ROOMOI MYSTIC AURA nam\u0173 kvap\u0173 difuzorius, 500 ml - MalinaShop.lt J\u016bs\u0173 sveikatai ir gro\u017eiui.","og_description":"ROOMOI MYSTIC AURA difuzorius \u2013 eleganti\u0161kas g\u0117li\u0173 ir rytieti\u0161kas kvapas, puikiai tinkantis namams ir prabangiam interjerui.","og_url":"https:\/\/www.malinashop.lt\/lt_lt\/shop\/roomoi-mystic-aura-namu-kvapu-difuzorius-500-ml\/","og_site_name":"MalinaShop.lt J\u016bs\u0173 sveikatai ir gro\u017eiui.","article_modified_time":"2026-03-30T08:25:11+00:00","og_image":[{"width":768,"height":768,"url":"https:\/\/www.malinashop.lt\/wp-content\/uploads\/2024\/12\/ROOMOI-MYSTIC-AURA-namu-kvapu-difuzorius-500-ml.webp","type":"image\/webp"}],"twitter_card":"summary_large_image","schema":{"@context":"https:\/\/schema.org","@graph":[{"@type":"WebPage","@id":"https:\/\/www.malinashop.lt\/lt_lt\/shop\/roomoi-mystic-aura-namu-kvapu-difuzorius-500-ml\/","url":"https:\/\/www.malinashop.lt\/lt_lt\/shop\/roomoi-mystic-aura-namu-kvapu-difuzorius-500-ml\/","name":"ROOMOI MYSTIC AURA nam\u0173 kvap\u0173 difuzorius, 500 ml - MalinaShop.lt J\u016bs\u0173 sveikatai ir gro\u017eiui.","isPartOf":{"@id":"https:\/\/www.malinashop.lt\/#website"},"primaryImageOfPage":{"@id":"https:\/\/www.malinashop.lt\/lt_lt\/shop\/roomoi-mystic-aura-namu-kvapu-difuzorius-500-ml\/#primaryimage"},"image":{"@id":"https:\/\/www.malinashop.lt\/lt_lt\/shop\/roomoi-mystic-aura-namu-kvapu-difuzorius-500-ml\/#primaryimage"},"thumbnailUrl":"https:\/\/www.malinashop.lt\/wp-content\/uploads\/2024\/12\/ROOMOI-MYSTIC-AURA-namu-kvapu-difuzorius-500-ml.webp","datePublished":"2024-12-04T11:44:01+00:00","dateModified":"2026-03-30T08:25:11+00:00","description":"ROOMOI MYSTIC AURA difuzorius \u2013 eleganti\u0161kas g\u0117li\u0173 ir rytieti\u0161kas kvapas, puikiai tinkantis namams ir prabangiam interjerui.","breadcrumb":{"@id":"https:\/\/www.malinashop.lt\/lt_lt\/shop\/roomoi-mystic-aura-namu-kvapu-difuzorius-500-ml\/#breadcrumb"},"inLanguage":"lt-LT","potentialAction":[{"@type":"ReadAction","target":["https:\/\/www.malinashop.lt\/lt_lt\/shop\/roomoi-mystic-aura-namu-kvapu-difuzorius-500-ml\/"]}]},{"@type":"ImageObject","inLanguage":"lt-LT","@id":"https:\/\/www.malinashop.lt\/lt_lt\/shop\/roomoi-mystic-aura-namu-kvapu-difuzorius-500-ml\/#primaryimage","url":"https:\/\/www.malinashop.lt\/wp-content\/uploads\/2024\/12\/ROOMOI-MYSTIC-AURA-namu-kvapu-difuzorius-500-ml.webp","contentUrl":"https:\/\/www.malinashop.lt\/wp-content\/uploads\/2024\/12\/ROOMOI-MYSTIC-AURA-namu-kvapu-difuzorius-500-ml.webp","width":768,"height":768},{"@type":"BreadcrumbList","@id":"https:\/\/www.malinashop.lt\/lt_lt\/shop\/roomoi-mystic-aura-namu-kvapu-difuzorius-500-ml\/#breadcrumb","itemListElement":[{"@type":"ListItem","position":1,"name":"Pagrindinis","item":"https:\/\/www.malinashop.lt\/"},{"@type":"ListItem","position":2,"name":"Parduotuv\u0117","item":"https:\/\/www.malinashop.lt\/en\/parduotuve\/"},{"@type":"ListItem","position":3,"name":"ROOMOI MYSTIC AURA nam\u0173 kvap\u0173 difuzorius, 500 ml"}]},{"@type":"WebSite","@id":"https:\/\/www.malinashop.lt\/#website","url":"https:\/\/www.malinashop.lt\/","name":"COM Group Ecommerce","description":"MalinaShop.lt - Gro\u017eio ir sveikatos produktai i\u0161 patikim\u0173 preki\u0173 \u017eenkl\u0173. Atraskite auk\u0161tos kokyb\u0117s kosmetik\u0105 u\u017e puiki\u0105 kain\u0105.","publisher":{"@id":"https:\/\/www.malinashop.lt\/#organization"},"potentialAction":[{"@type":"SearchAction","target":{"@type":"EntryPoint","urlTemplate":"https:\/\/www.malinashop.lt\/?s={search_term_string}"},"query-input":{"@type":"PropertyValueSpecification","valueRequired":true,"valueName":"search_term_string"}}],"inLanguage":"lt-LT"},{"@type":"Organization","@id":"https:\/\/www.malinashop.lt\/#organization","name":"COM Group Ecommerce","url":"https:\/\/www.malinashop.lt\/","logo":{"@type":"ImageObject","inLanguage":"lt-LT","@id":"https:\/\/www.malinashop.lt\/#\/schema\/logo\/image\/","url":"https:\/\/www.malinashop.lt\/wp-content\/uploads\/2024\/08\/462559670_3787732518133670_9795632669273463_n-e1731525914575.png","contentUrl":"https:\/\/www.malinashop.lt\/wp-content\/uploads\/2024\/08\/462559670_3787732518133670_9795632669273463_n-e1731525914575.png","width":180,"height":60,"caption":"COM Group Ecommerce"},"image":{"@id":"https:\/\/www.malinashop.lt\/#\/schema\/logo\/image\/"}}]}},"jetpack_sharing_enabled":true,"_links":{"self":[{"href":"https:\/\/www.malinashop.lt\/lt_lt\/wp-json\/wp\/v2\/product\/30569","targetHints":{"allow":["GET"]}}],"collection":[{"href":"https:\/\/www.malinashop.lt\/lt_lt\/wp-json\/wp\/v2\/product"}],"about":[{"href":"https:\/\/www.malinashop.lt\/lt_lt\/wp-json\/wp\/v2\/types\/product"}],"version-history":[{"count":7,"href":"https:\/\/www.malinashop.lt\/lt_lt\/wp-json\/wp\/v2\/product\/30569\/revisions"}],"predecessor-version":[{"id":75780,"href":"https:\/\/www.malinashop.lt\/lt_lt\/wp-json\/wp\/v2\/product\/30569\/revisions\/75780"}],"wp:featuredmedia":[{"embeddable":true,"href":"https:\/\/www.malinashop.lt\/lt_lt\/wp-json\/wp\/v2\/media\/30570"}],"wp:attachment":[{"href":"https:\/\/www.malinashop.lt\/lt_lt\/wp-json\/wp\/v2\/media?parent=30569"}],"wp:term":[{"taxonomy":"product_brand","embeddable":true,"href":"https:\/\/www.malinashop.lt\/lt_lt\/wp-json\/wp\/v2\/product_brand?post=30569"},{"taxonomy":"product_cat","embeddable":true,"href":"https:\/\/www.malinashop.lt\/lt_lt\/wp-json\/wp\/v2\/product_cat?post=30569"},{"taxonomy":"product_tag","embeddable":true,"href":"https:\/\/www.malinashop.lt\/lt_lt\/wp-json\/wp\/v2\/product_tag?post=30569"}],"curies":[{"name":"wp","href":"https:\/\/api.w.org\/{rel}","templated":true}]}}