{"id":30556,"date":"2024-12-03T17:59:29","date_gmt":"2024-12-03T14:59:29","guid":{"rendered":"https:\/\/malinashop.lt\/?post_type=product&#038;p=30556"},"modified":"2026-02-10T13:27:12","modified_gmt":"2026-02-10T10:27:12","slug":"mjcare-on-aloe-mask-drekinanti-lakstine-veido-kauke-su-alijosiumi-22g","status":"publish","type":"product","link":"https:\/\/www.malinashop.lt\/lt_lt\/shop\/mjcare-on-aloe-mask-drekinanti-lakstine-veido-kauke-su-alijosiumi-22g\/","title":{"rendered":"MJCARE ON ALOE MASK dr\u0117kinanti lak\u0161tin\u0117 veido kauk\u0117 su alijo\u0161iumi, 22g"},"content":{"rendered":"<p><strong>MJCARE lak\u0161tin\u0117 veido kauk\u0117 su alijo\u0161iumi ON ALOE MASK<\/strong> intensyviai dr\u0117kina veido od\u0105, suteikia jai gaivumo ir elastingumo. Unikali kauk\u0117s sud\u0117tis padeda i\u0161lyginti odos atspalv\u012f ir tekst\u016br\u0105, suteikiant jai \u0161velnumo ir spindesio. Alavij\u0173 ekstraktas veikia kaip nat\u016bralus antioksidantas, padeda kovoti su u\u017edegimais ir spuogais, taip pat ramina ir atgaivina od\u0105. Hialurono r\u016bg\u0161tis u\u017etikrina ilgalaik\u012f dr\u0117gm\u0117s palaikym\u0105, padeda odai tapti stangresnei ir elastingesnei. Taukmed\u017eio sviestas, turintis vitamin\u0173 A ir E, apsaugo od\u0105 nuo prie\u0161laikinio sen\u0117jimo ir gerina jos spalv\u0105. Vitaminas E taip pat padeda pagerinti odos \u0161vyt\u0117jim\u0105.<\/p>\n<p><strong>Naudojimas:<\/strong><\/p>\n<ol>\n<li>Prie\u0161 atidarydami pakuot\u0119, du-tris kartus patrinkite delnais, kad serumas tolygiai susimai\u0161yt\u0173.<\/li>\n<li>Nuvalykite veid\u0105 ir u\u017ed\u0117kite kauk\u0119 ant \u0161varios, sausos odos.<\/li>\n<li>Palikite kauk\u0119 ant veido 15-20 minu\u010di\u0173.<\/li>\n<li>Nuimkite kauk\u0119 ir \u0161velniai \u012fmasa\u017euokite liku\u010dius, kol jie visi\u0161kai susigers. Nuplauti nereikia.<\/li>\n<li>Naudokite 2 kartus per savait\u0119.<\/li>\n<\/ol>\n<p><strong>\u012esp\u0117jimai:<\/strong> Tik i\u0161oriniam naudojimui. Laikyti vaikams nepasiekiamoje vietoje. Nenaudokite ant sudirgusios odos. Nustokite vartoti, jei atsiranda dirginimo ar b\u0117rimo po\u017eymi\u0173. Laikyti atokiai nuo tiesiogini\u0173 saul\u0117s spinduli\u0173. Vengti kontakto su akimis.<\/p>\n","protected":false},"excerpt":{"rendered":"<p>MJCARE lak\u0161tin\u0117 veido kauk\u0117 su alijo\u0161iumi ON ALOE MASK intensyviai dr\u0117kina veido od\u0105, suteikia jai gaivumo ir elastingumo. Unikali kauk\u0117s sud\u0117tis padeda&hellip;<\/p>\n","protected":false},"featured_media":30557,"template":"","meta":[],"product_brand":[1150],"product_cat":[1136],"product_tag":[1634],"class_list":{"0":"post-30556","1":"product","2":"type-product","3":"status-publish","4":"has-post-thumbnail","6":"product_brand-mjcare","7":"product_cat-lakstines-veido-kaukes","8":"product_tag-mjcare","10":"first","11":"instock","12":"sale","13":"featured","14":"taxable","15":"shipping-taxable","16":"purchasable","17":"product-type-simple"},"yoast_head":"<!-- This site is optimized with the Yoast SEO plugin v27.4 - https:\/\/yoast.com\/product\/yoast-seo-wordpress\/ -->\n<title>MJCARE ON ALOE MASK dr\u0117kinanti lak\u0161tin\u0117 veido kauk\u0117 su alijo\u0161iumi, 22g - MalinaShop.lt J\u016bs\u0173 sveikatai ir gro\u017eiui.<\/title>\n<meta name=\"description\" content=\"MJCARE lak\u0161tin\u0117 kauk\u0117 su alijo\u0161iumi intensyviai dr\u0117kina ir ramina od\u0105, gerina jos elastingum\u0105, \u0161vyt\u0117jim\u0105, i\u0161lygina atspalv\u012f ir tekst\u016br\u0105.\" \/>\n<meta name=\"robots\" content=\"index, follow, max-snippet:-1, max-image-preview:large, max-video-preview:-1\" \/>\n<link rel=\"canonical\" href=\"https:\/\/www.malinashop.lt\/lt_lt\/shop\/mjcare-on-aloe-mask-drekinanti-lakstine-veido-kauke-su-alijosiumi-22g\/\" \/>\n<meta property=\"og:locale\" content=\"lt_LT\" \/>\n<meta property=\"og:type\" content=\"article\" \/>\n<meta property=\"og:title\" content=\"MJCARE ON ALOE MASK dr\u0117kinanti lak\u0161tin\u0117 veido kauk\u0117 su alijo\u0161iumi, 22g - MalinaShop.lt J\u016bs\u0173 sveikatai ir gro\u017eiui.\" \/>\n<meta property=\"og:description\" content=\"MJCARE lak\u0161tin\u0117 kauk\u0117 su alijo\u0161iumi intensyviai dr\u0117kina ir ramina od\u0105, gerina jos elastingum\u0105, \u0161vyt\u0117jim\u0105, i\u0161lygina atspalv\u012f ir tekst\u016br\u0105.\" \/>\n<meta property=\"og:url\" content=\"https:\/\/www.malinashop.lt\/lt_lt\/shop\/mjcare-on-aloe-mask-drekinanti-lakstine-veido-kauke-su-alijosiumi-22g\/\" \/>\n<meta property=\"og:site_name\" content=\"MalinaShop.lt J\u016bs\u0173 sveikatai ir gro\u017eiui.\" \/>\n<meta property=\"article:modified_time\" content=\"2026-02-10T10:27:12+00:00\" \/>\n<meta property=\"og:image\" content=\"https:\/\/www.malinashop.lt\/wp-content\/uploads\/2024\/12\/MJCARE-ON-ALOE-MASK-drekinanti-lakstine-veido-kauke-su-alijosiumi-22g.webp\" \/>\n\t<meta property=\"og:image:width\" content=\"768\" \/>\n\t<meta property=\"og:image:height\" content=\"768\" \/>\n\t<meta property=\"og:image:type\" content=\"image\/webp\" \/>\n<meta name=\"twitter:card\" content=\"summary_large_image\" \/>\n<script type=\"application\/ld+json\" class=\"yoast-schema-graph\">{\"@context\":\"https:\\\/\\\/schema.org\",\"@graph\":[{\"@type\":\"WebPage\",\"@id\":\"https:\\\/\\\/www.malinashop.lt\\\/shop\\\/mjcare-on-aloe-mask-drekinanti-lakstine-veido-kauke-su-alijosiumi-22g\\\/\",\"url\":\"https:\\\/\\\/www.malinashop.lt\\\/shop\\\/mjcare-on-aloe-mask-drekinanti-lakstine-veido-kauke-su-alijosiumi-22g\\\/\",\"name\":\"MJCARE ON ALOE MASK dr\u0117kinanti lak\u0161tin\u0117 veido kauk\u0117 su alijo\u0161iumi, 22g - MalinaShop.lt J\u016bs\u0173 sveikatai ir gro\u017eiui.\",\"isPartOf\":{\"@id\":\"https:\\\/\\\/www.malinashop.lt\\\/#website\"},\"primaryImageOfPage\":{\"@id\":\"https:\\\/\\\/www.malinashop.lt\\\/shop\\\/mjcare-on-aloe-mask-drekinanti-lakstine-veido-kauke-su-alijosiumi-22g\\\/#primaryimage\"},\"image\":{\"@id\":\"https:\\\/\\\/www.malinashop.lt\\\/shop\\\/mjcare-on-aloe-mask-drekinanti-lakstine-veido-kauke-su-alijosiumi-22g\\\/#primaryimage\"},\"thumbnailUrl\":\"https:\\\/\\\/www.malinashop.lt\\\/wp-content\\\/uploads\\\/2024\\\/12\\\/MJCARE-ON-ALOE-MASK-drekinanti-lakstine-veido-kauke-su-alijosiumi-22g.webp\",\"datePublished\":\"2024-12-03T14:59:29+00:00\",\"dateModified\":\"2026-02-10T10:27:12+00:00\",\"description\":\"MJCARE lak\u0161tin\u0117 kauk\u0117 su alijo\u0161iumi intensyviai dr\u0117kina ir ramina od\u0105, gerina jos elastingum\u0105, \u0161vyt\u0117jim\u0105, i\u0161lygina atspalv\u012f ir tekst\u016br\u0105.\",\"breadcrumb\":{\"@id\":\"https:\\\/\\\/www.malinashop.lt\\\/shop\\\/mjcare-on-aloe-mask-drekinanti-lakstine-veido-kauke-su-alijosiumi-22g\\\/#breadcrumb\"},\"inLanguage\":\"lt-LT\",\"potentialAction\":[{\"@type\":\"ReadAction\",\"target\":[\"https:\\\/\\\/www.malinashop.lt\\\/shop\\\/mjcare-on-aloe-mask-drekinanti-lakstine-veido-kauke-su-alijosiumi-22g\\\/\"]}]},{\"@type\":\"ImageObject\",\"inLanguage\":\"lt-LT\",\"@id\":\"https:\\\/\\\/www.malinashop.lt\\\/shop\\\/mjcare-on-aloe-mask-drekinanti-lakstine-veido-kauke-su-alijosiumi-22g\\\/#primaryimage\",\"url\":\"https:\\\/\\\/www.malinashop.lt\\\/wp-content\\\/uploads\\\/2024\\\/12\\\/MJCARE-ON-ALOE-MASK-drekinanti-lakstine-veido-kauke-su-alijosiumi-22g.webp\",\"contentUrl\":\"https:\\\/\\\/www.malinashop.lt\\\/wp-content\\\/uploads\\\/2024\\\/12\\\/MJCARE-ON-ALOE-MASK-drekinanti-lakstine-veido-kauke-su-alijosiumi-22g.webp\",\"width\":768,\"height\":768},{\"@type\":\"BreadcrumbList\",\"@id\":\"https:\\\/\\\/www.malinashop.lt\\\/shop\\\/mjcare-on-aloe-mask-drekinanti-lakstine-veido-kauke-su-alijosiumi-22g\\\/#breadcrumb\",\"itemListElement\":[{\"@type\":\"ListItem\",\"position\":1,\"name\":\"Pagrindinis\",\"item\":\"https:\\\/\\\/www.malinashop.lt\\\/\"},{\"@type\":\"ListItem\",\"position\":2,\"name\":\"Parduotuv\u0117\",\"item\":\"https:\\\/\\\/www.malinashop.lt\\\/en\\\/parduotuve\\\/\"},{\"@type\":\"ListItem\",\"position\":3,\"name\":\"MJCARE ON ALOE MASK dr\u0117kinanti lak\u0161tin\u0117 veido kauk\u0117 su alijo\u0161iumi, 22g\"}]},{\"@type\":\"WebSite\",\"@id\":\"https:\\\/\\\/www.malinashop.lt\\\/#website\",\"url\":\"https:\\\/\\\/www.malinashop.lt\\\/\",\"name\":\"COM Group Ecommerce\",\"description\":\"MalinaShop.lt - Gro\u017eio ir sveikatos produktai i\u0161 patikim\u0173 preki\u0173 \u017eenkl\u0173. Atraskite auk\u0161tos kokyb\u0117s kosmetik\u0105 u\u017e puiki\u0105 kain\u0105.\",\"publisher\":{\"@id\":\"https:\\\/\\\/www.malinashop.lt\\\/#organization\"},\"potentialAction\":[{\"@type\":\"SearchAction\",\"target\":{\"@type\":\"EntryPoint\",\"urlTemplate\":\"https:\\\/\\\/www.malinashop.lt\\\/?s={search_term_string}\"},\"query-input\":{\"@type\":\"PropertyValueSpecification\",\"valueRequired\":true,\"valueName\":\"search_term_string\"}}],\"inLanguage\":\"lt-LT\"},{\"@type\":\"Organization\",\"@id\":\"https:\\\/\\\/www.malinashop.lt\\\/#organization\",\"name\":\"COM Group Ecommerce\",\"url\":\"https:\\\/\\\/www.malinashop.lt\\\/\",\"logo\":{\"@type\":\"ImageObject\",\"inLanguage\":\"lt-LT\",\"@id\":\"https:\\\/\\\/www.malinashop.lt\\\/#\\\/schema\\\/logo\\\/image\\\/\",\"url\":\"https:\\\/\\\/www.malinashop.lt\\\/wp-content\\\/uploads\\\/2024\\\/08\\\/462559670_3787732518133670_9795632669273463_n-e1731525914575.png\",\"contentUrl\":\"https:\\\/\\\/www.malinashop.lt\\\/wp-content\\\/uploads\\\/2024\\\/08\\\/462559670_3787732518133670_9795632669273463_n-e1731525914575.png\",\"width\":180,\"height\":60,\"caption\":\"COM Group Ecommerce\"},\"image\":{\"@id\":\"https:\\\/\\\/www.malinashop.lt\\\/#\\\/schema\\\/logo\\\/image\\\/\"}}]}<\/script>\n<!-- \/ Yoast SEO plugin. -->","yoast_head_json":{"title":"MJCARE ON ALOE MASK dr\u0117kinanti lak\u0161tin\u0117 veido kauk\u0117 su alijo\u0161iumi, 22g - MalinaShop.lt J\u016bs\u0173 sveikatai ir gro\u017eiui.","description":"MJCARE lak\u0161tin\u0117 kauk\u0117 su alijo\u0161iumi intensyviai dr\u0117kina ir ramina od\u0105, gerina jos elastingum\u0105, \u0161vyt\u0117jim\u0105, i\u0161lygina atspalv\u012f ir tekst\u016br\u0105.","robots":{"index":"index","follow":"follow","max-snippet":"max-snippet:-1","max-image-preview":"max-image-preview:large","max-video-preview":"max-video-preview:-1"},"canonical":"https:\/\/www.malinashop.lt\/lt_lt\/shop\/mjcare-on-aloe-mask-drekinanti-lakstine-veido-kauke-su-alijosiumi-22g\/","og_locale":"lt_LT","og_type":"article","og_title":"MJCARE ON ALOE MASK dr\u0117kinanti lak\u0161tin\u0117 veido kauk\u0117 su alijo\u0161iumi, 22g - MalinaShop.lt J\u016bs\u0173 sveikatai ir gro\u017eiui.","og_description":"MJCARE lak\u0161tin\u0117 kauk\u0117 su alijo\u0161iumi intensyviai dr\u0117kina ir ramina od\u0105, gerina jos elastingum\u0105, \u0161vyt\u0117jim\u0105, i\u0161lygina atspalv\u012f ir tekst\u016br\u0105.","og_url":"https:\/\/www.malinashop.lt\/lt_lt\/shop\/mjcare-on-aloe-mask-drekinanti-lakstine-veido-kauke-su-alijosiumi-22g\/","og_site_name":"MalinaShop.lt J\u016bs\u0173 sveikatai ir gro\u017eiui.","article_modified_time":"2026-02-10T10:27:12+00:00","og_image":[{"width":768,"height":768,"url":"https:\/\/www.malinashop.lt\/wp-content\/uploads\/2024\/12\/MJCARE-ON-ALOE-MASK-drekinanti-lakstine-veido-kauke-su-alijosiumi-22g.webp","type":"image\/webp"}],"twitter_card":"summary_large_image","schema":{"@context":"https:\/\/schema.org","@graph":[{"@type":"WebPage","@id":"https:\/\/www.malinashop.lt\/shop\/mjcare-on-aloe-mask-drekinanti-lakstine-veido-kauke-su-alijosiumi-22g\/","url":"https:\/\/www.malinashop.lt\/shop\/mjcare-on-aloe-mask-drekinanti-lakstine-veido-kauke-su-alijosiumi-22g\/","name":"MJCARE ON ALOE MASK dr\u0117kinanti lak\u0161tin\u0117 veido kauk\u0117 su alijo\u0161iumi, 22g - MalinaShop.lt J\u016bs\u0173 sveikatai ir gro\u017eiui.","isPartOf":{"@id":"https:\/\/www.malinashop.lt\/#website"},"primaryImageOfPage":{"@id":"https:\/\/www.malinashop.lt\/shop\/mjcare-on-aloe-mask-drekinanti-lakstine-veido-kauke-su-alijosiumi-22g\/#primaryimage"},"image":{"@id":"https:\/\/www.malinashop.lt\/shop\/mjcare-on-aloe-mask-drekinanti-lakstine-veido-kauke-su-alijosiumi-22g\/#primaryimage"},"thumbnailUrl":"https:\/\/www.malinashop.lt\/wp-content\/uploads\/2024\/12\/MJCARE-ON-ALOE-MASK-drekinanti-lakstine-veido-kauke-su-alijosiumi-22g.webp","datePublished":"2024-12-03T14:59:29+00:00","dateModified":"2026-02-10T10:27:12+00:00","description":"MJCARE lak\u0161tin\u0117 kauk\u0117 su alijo\u0161iumi intensyviai dr\u0117kina ir ramina od\u0105, gerina jos elastingum\u0105, \u0161vyt\u0117jim\u0105, i\u0161lygina atspalv\u012f ir tekst\u016br\u0105.","breadcrumb":{"@id":"https:\/\/www.malinashop.lt\/shop\/mjcare-on-aloe-mask-drekinanti-lakstine-veido-kauke-su-alijosiumi-22g\/#breadcrumb"},"inLanguage":"lt-LT","potentialAction":[{"@type":"ReadAction","target":["https:\/\/www.malinashop.lt\/shop\/mjcare-on-aloe-mask-drekinanti-lakstine-veido-kauke-su-alijosiumi-22g\/"]}]},{"@type":"ImageObject","inLanguage":"lt-LT","@id":"https:\/\/www.malinashop.lt\/shop\/mjcare-on-aloe-mask-drekinanti-lakstine-veido-kauke-su-alijosiumi-22g\/#primaryimage","url":"https:\/\/www.malinashop.lt\/wp-content\/uploads\/2024\/12\/MJCARE-ON-ALOE-MASK-drekinanti-lakstine-veido-kauke-su-alijosiumi-22g.webp","contentUrl":"https:\/\/www.malinashop.lt\/wp-content\/uploads\/2024\/12\/MJCARE-ON-ALOE-MASK-drekinanti-lakstine-veido-kauke-su-alijosiumi-22g.webp","width":768,"height":768},{"@type":"BreadcrumbList","@id":"https:\/\/www.malinashop.lt\/shop\/mjcare-on-aloe-mask-drekinanti-lakstine-veido-kauke-su-alijosiumi-22g\/#breadcrumb","itemListElement":[{"@type":"ListItem","position":1,"name":"Pagrindinis","item":"https:\/\/www.malinashop.lt\/"},{"@type":"ListItem","position":2,"name":"Parduotuv\u0117","item":"https:\/\/www.malinashop.lt\/en\/parduotuve\/"},{"@type":"ListItem","position":3,"name":"MJCARE ON ALOE MASK dr\u0117kinanti lak\u0161tin\u0117 veido kauk\u0117 su alijo\u0161iumi, 22g"}]},{"@type":"WebSite","@id":"https:\/\/www.malinashop.lt\/#website","url":"https:\/\/www.malinashop.lt\/","name":"COM Group Ecommerce","description":"MalinaShop.lt - Gro\u017eio ir sveikatos produktai i\u0161 patikim\u0173 preki\u0173 \u017eenkl\u0173. Atraskite auk\u0161tos kokyb\u0117s kosmetik\u0105 u\u017e puiki\u0105 kain\u0105.","publisher":{"@id":"https:\/\/www.malinashop.lt\/#organization"},"potentialAction":[{"@type":"SearchAction","target":{"@type":"EntryPoint","urlTemplate":"https:\/\/www.malinashop.lt\/?s={search_term_string}"},"query-input":{"@type":"PropertyValueSpecification","valueRequired":true,"valueName":"search_term_string"}}],"inLanguage":"lt-LT"},{"@type":"Organization","@id":"https:\/\/www.malinashop.lt\/#organization","name":"COM Group Ecommerce","url":"https:\/\/www.malinashop.lt\/","logo":{"@type":"ImageObject","inLanguage":"lt-LT","@id":"https:\/\/www.malinashop.lt\/#\/schema\/logo\/image\/","url":"https:\/\/www.malinashop.lt\/wp-content\/uploads\/2024\/08\/462559670_3787732518133670_9795632669273463_n-e1731525914575.png","contentUrl":"https:\/\/www.malinashop.lt\/wp-content\/uploads\/2024\/08\/462559670_3787732518133670_9795632669273463_n-e1731525914575.png","width":180,"height":60,"caption":"COM Group Ecommerce"},"image":{"@id":"https:\/\/www.malinashop.lt\/#\/schema\/logo\/image\/"}}]}},"jetpack_sharing_enabled":true,"_links":{"self":[{"href":"https:\/\/www.malinashop.lt\/lt_lt\/wp-json\/wp\/v2\/product\/30556","targetHints":{"allow":["GET"]}}],"collection":[{"href":"https:\/\/www.malinashop.lt\/lt_lt\/wp-json\/wp\/v2\/product"}],"about":[{"href":"https:\/\/www.malinashop.lt\/lt_lt\/wp-json\/wp\/v2\/types\/product"}],"version-history":[{"count":1,"href":"https:\/\/www.malinashop.lt\/lt_lt\/wp-json\/wp\/v2\/product\/30556\/revisions"}],"predecessor-version":[{"id":32552,"href":"https:\/\/www.malinashop.lt\/lt_lt\/wp-json\/wp\/v2\/product\/30556\/revisions\/32552"}],"wp:featuredmedia":[{"embeddable":true,"href":"https:\/\/www.malinashop.lt\/lt_lt\/wp-json\/wp\/v2\/media\/30557"}],"wp:attachment":[{"href":"https:\/\/www.malinashop.lt\/lt_lt\/wp-json\/wp\/v2\/media?parent=30556"}],"wp:term":[{"taxonomy":"product_brand","embeddable":true,"href":"https:\/\/www.malinashop.lt\/lt_lt\/wp-json\/wp\/v2\/product_brand?post=30556"},{"taxonomy":"product_cat","embeddable":true,"href":"https:\/\/www.malinashop.lt\/lt_lt\/wp-json\/wp\/v2\/product_cat?post=30556"},{"taxonomy":"product_tag","embeddable":true,"href":"https:\/\/www.malinashop.lt\/lt_lt\/wp-json\/wp\/v2\/product_tag?post=30556"}],"curies":[{"name":"wp","href":"https:\/\/api.w.org\/{rel}","templated":true}]}}