{"id":30536,"date":"2024-12-03T17:23:15","date_gmt":"2024-12-03T14:23:15","guid":{"rendered":"https:\/\/malinashop.lt\/?post_type=product&#038;p=30536"},"modified":"2026-02-10T13:27:14","modified_gmt":"2026-02-10T10:27:14","slug":"mjcare-premium-charcoal-black-mask-valomoji-lakstine-veido-kauke-25-g","status":"publish","type":"product","link":"https:\/\/www.malinashop.lt\/lt_lt\/shop\/mjcare-premium-charcoal-black-mask-valomoji-lakstine-veido-kauke-25-g\/","title":{"rendered":"MJCARE PREMIUM CHARCOAL BLACK MASK valomoji lak\u0161tin\u0117 veido kauk\u0117, 25 g"},"content":{"rendered":"<p><strong>MJCARE PREMIUM CHARCOAL BLACK MASK<\/strong> su med\u017eio anglimi \u2013 tai valomoji lak\u0161tin\u0117 veido kauk\u0117, skirta giluminiam veido odos valymui, por\u0173 susiaur\u0117jimui ir perteklinio riebal\u0173 kontrol\u0117s palaikymui. \u0160i kauk\u0117 pasi\u017eymi detoksikuojan\u010diu poveikiu, padeda optimizuoti riebalini\u0173 liauk\u0173 veikl\u0105 ir apsaugo nuo spuog\u0173.<\/p>\n<p><strong>Pagrindin\u0117s savyb\u0117s:<\/strong><\/p>\n<ul>\n<li><strong>Med\u017eio anglies galia:<\/strong> Anglis efektyviai pritraukia ir i\u0161traukia ne\u0161varumus bei riebal\u0173 pertekli\u0173 i\u0161 odos, suteikdama gilaus valymo efekt\u0105.<\/li>\n<li><strong>Detoksikuojantis poveikis:<\/strong> \u0160i kauk\u0117 ne tik valo, bet ir atnaujina od\u0105, pa\u0161alindama vis\u0173 tip\u0173 ne\u0161varumus bei toksinus.<\/li>\n<li><strong>Reguliuoja riebal\u0173 i\u0161siskyrim\u0105:<\/strong> Optimaliai veikia riebalin\u0119 od\u0105, kontroliuodama riebal\u0173 sekrecij\u0105 ir ma\u017eindama blizges\u012f.<\/li>\n<li><strong>Prevencija:<\/strong> Idealiai tinka riebios ir mi\u0161rios odos prie\u017ei\u016brai, ta\u010diau taip pat gali b\u016bti naudojama ir kit\u0173 tip\u0173 od\u0173 ink\u0161tir\u0173 ir spuog\u0173 prevencijai.<\/li>\n<\/ul>\n<p><strong>Rekomenduojama naudoti<\/strong>: \u0160i kauk\u0117 puikiai tinka riebiai ir mi\u0161riai odai, siekiant u\u017ekirsti keli\u0105 spuogams ir ink\u0161tirams, ta\u010diau j\u0105 taip pat galima naudoti \u012fvairi\u0173 tip\u0173 odoms, norint pagerinti j\u0173 \u0161var\u0105 ir sveikat\u0105.<\/p>\n<p>Naudojant \u0161i\u0105 kauk\u0119, oda tampa \u0161varesn\u0117, gaivesn\u0117 ir lygesn\u0117, o poros \u2013 ma\u017eesn\u0117s ir u\u017esikim\u0161imo prevencijai.<\/p>\n","protected":false},"excerpt":{"rendered":"<p>MJCARE PREMIUM CHARCOAL BLACK MASK su med\u017eio anglimi \u2013 tai valomoji lak\u0161tin\u0117 veido kauk\u0117, skirta giluminiam veido odos valymui, por\u0173 susiaur\u0117jimui ir&hellip;<\/p>\n","protected":false},"featured_media":30537,"template":"","meta":[],"product_brand":[1150],"product_cat":[1136],"product_tag":[1634],"class_list":{"0":"post-30536","1":"product","2":"type-product","3":"status-publish","4":"has-post-thumbnail","6":"product_brand-mjcare","7":"product_cat-lakstines-veido-kaukes","8":"product_tag-mjcare","10":"first","11":"instock","12":"sale","13":"featured","14":"taxable","15":"shipping-taxable","16":"purchasable","17":"product-type-simple"},"yoast_head":"<!-- This site is optimized with the Yoast SEO plugin v27.4 - https:\/\/yoast.com\/product\/yoast-seo-wordpress\/ -->\n<title>MJCARE PREMIUM CHARCOAL BLACK MASK valomoji lak\u0161tin\u0117 veido kauk\u0117, 25 g - MalinaShop.lt J\u016bs\u0173 sveikatai ir gro\u017eiui.<\/title>\n<meta name=\"description\" content=\"MJCARE PREMIUM CHARCOAL BLACK MASK kauk\u0117 su med\u017eio anglimi giliau valo od\u0105, kontroliuoja riebal\u0173 pertekli\u0173 ir apsaugo nuo spuog\u0173. Puikiai tinka riebiai ir mi\u0161riai odai.\" \/>\n<meta name=\"robots\" content=\"index, follow, max-snippet:-1, max-image-preview:large, max-video-preview:-1\" \/>\n<link rel=\"canonical\" href=\"https:\/\/www.malinashop.lt\/lt_lt\/shop\/mjcare-premium-charcoal-black-mask-valomoji-lakstine-veido-kauke-25-g\/\" \/>\n<meta property=\"og:locale\" content=\"lt_LT\" \/>\n<meta property=\"og:type\" content=\"article\" \/>\n<meta property=\"og:title\" content=\"MJCARE PREMIUM CHARCOAL BLACK MASK valomoji lak\u0161tin\u0117 veido kauk\u0117, 25 g - MalinaShop.lt J\u016bs\u0173 sveikatai ir gro\u017eiui.\" \/>\n<meta property=\"og:description\" content=\"MJCARE PREMIUM CHARCOAL BLACK MASK kauk\u0117 su med\u017eio anglimi giliau valo od\u0105, kontroliuoja riebal\u0173 pertekli\u0173 ir apsaugo nuo spuog\u0173. Puikiai tinka riebiai ir mi\u0161riai odai.\" \/>\n<meta property=\"og:url\" content=\"https:\/\/www.malinashop.lt\/lt_lt\/shop\/mjcare-premium-charcoal-black-mask-valomoji-lakstine-veido-kauke-25-g\/\" \/>\n<meta property=\"og:site_name\" content=\"MalinaShop.lt J\u016bs\u0173 sveikatai ir gro\u017eiui.\" \/>\n<meta property=\"article:modified_time\" content=\"2026-02-10T10:27:14+00:00\" \/>\n<meta property=\"og:image\" content=\"https:\/\/www.malinashop.lt\/wp-content\/uploads\/2024\/12\/MJCARE-PREMIUM-CHARCOAL-BLACK-MASK-valomoji-lakstine-veido-kauke-25-g.webp\" \/>\n\t<meta property=\"og:image:width\" content=\"768\" \/>\n\t<meta property=\"og:image:height\" content=\"768\" \/>\n\t<meta property=\"og:image:type\" content=\"image\/webp\" \/>\n<meta name=\"twitter:card\" content=\"summary_large_image\" \/>\n<script type=\"application\/ld+json\" class=\"yoast-schema-graph\">{\"@context\":\"https:\\\/\\\/schema.org\",\"@graph\":[{\"@type\":\"WebPage\",\"@id\":\"https:\\\/\\\/www.malinashop.lt\\\/shop\\\/mjcare-premium-charcoal-black-mask-valomoji-lakstine-veido-kauke-25-g\\\/\",\"url\":\"https:\\\/\\\/www.malinashop.lt\\\/shop\\\/mjcare-premium-charcoal-black-mask-valomoji-lakstine-veido-kauke-25-g\\\/\",\"name\":\"MJCARE PREMIUM CHARCOAL BLACK MASK valomoji lak\u0161tin\u0117 veido kauk\u0117, 25 g - MalinaShop.lt J\u016bs\u0173 sveikatai ir gro\u017eiui.\",\"isPartOf\":{\"@id\":\"https:\\\/\\\/www.malinashop.lt\\\/#website\"},\"primaryImageOfPage\":{\"@id\":\"https:\\\/\\\/www.malinashop.lt\\\/shop\\\/mjcare-premium-charcoal-black-mask-valomoji-lakstine-veido-kauke-25-g\\\/#primaryimage\"},\"image\":{\"@id\":\"https:\\\/\\\/www.malinashop.lt\\\/shop\\\/mjcare-premium-charcoal-black-mask-valomoji-lakstine-veido-kauke-25-g\\\/#primaryimage\"},\"thumbnailUrl\":\"https:\\\/\\\/www.malinashop.lt\\\/wp-content\\\/uploads\\\/2024\\\/12\\\/MJCARE-PREMIUM-CHARCOAL-BLACK-MASK-valomoji-lakstine-veido-kauke-25-g.webp\",\"datePublished\":\"2024-12-03T14:23:15+00:00\",\"dateModified\":\"2026-02-10T10:27:14+00:00\",\"description\":\"MJCARE PREMIUM CHARCOAL BLACK MASK kauk\u0117 su med\u017eio anglimi giliau valo od\u0105, kontroliuoja riebal\u0173 pertekli\u0173 ir apsaugo nuo spuog\u0173. Puikiai tinka riebiai ir mi\u0161riai odai.\",\"breadcrumb\":{\"@id\":\"https:\\\/\\\/www.malinashop.lt\\\/shop\\\/mjcare-premium-charcoal-black-mask-valomoji-lakstine-veido-kauke-25-g\\\/#breadcrumb\"},\"inLanguage\":\"lt-LT\",\"potentialAction\":[{\"@type\":\"ReadAction\",\"target\":[\"https:\\\/\\\/www.malinashop.lt\\\/shop\\\/mjcare-premium-charcoal-black-mask-valomoji-lakstine-veido-kauke-25-g\\\/\"]}]},{\"@type\":\"ImageObject\",\"inLanguage\":\"lt-LT\",\"@id\":\"https:\\\/\\\/www.malinashop.lt\\\/shop\\\/mjcare-premium-charcoal-black-mask-valomoji-lakstine-veido-kauke-25-g\\\/#primaryimage\",\"url\":\"https:\\\/\\\/www.malinashop.lt\\\/wp-content\\\/uploads\\\/2024\\\/12\\\/MJCARE-PREMIUM-CHARCOAL-BLACK-MASK-valomoji-lakstine-veido-kauke-25-g.webp\",\"contentUrl\":\"https:\\\/\\\/www.malinashop.lt\\\/wp-content\\\/uploads\\\/2024\\\/12\\\/MJCARE-PREMIUM-CHARCOAL-BLACK-MASK-valomoji-lakstine-veido-kauke-25-g.webp\",\"width\":768,\"height\":768},{\"@type\":\"BreadcrumbList\",\"@id\":\"https:\\\/\\\/www.malinashop.lt\\\/shop\\\/mjcare-premium-charcoal-black-mask-valomoji-lakstine-veido-kauke-25-g\\\/#breadcrumb\",\"itemListElement\":[{\"@type\":\"ListItem\",\"position\":1,\"name\":\"Pagrindinis\",\"item\":\"https:\\\/\\\/www.malinashop.lt\\\/\"},{\"@type\":\"ListItem\",\"position\":2,\"name\":\"Parduotuv\u0117\",\"item\":\"https:\\\/\\\/www.malinashop.lt\\\/en\\\/parduotuve\\\/\"},{\"@type\":\"ListItem\",\"position\":3,\"name\":\"MJCARE PREMIUM CHARCOAL BLACK MASK valomoji lak\u0161tin\u0117 veido kauk\u0117, 25 g\"}]},{\"@type\":\"WebSite\",\"@id\":\"https:\\\/\\\/www.malinashop.lt\\\/#website\",\"url\":\"https:\\\/\\\/www.malinashop.lt\\\/\",\"name\":\"COM Group Ecommerce\",\"description\":\"MalinaShop.lt - Gro\u017eio ir sveikatos produktai i\u0161 patikim\u0173 preki\u0173 \u017eenkl\u0173. Atraskite auk\u0161tos kokyb\u0117s kosmetik\u0105 u\u017e puiki\u0105 kain\u0105.\",\"publisher\":{\"@id\":\"https:\\\/\\\/www.malinashop.lt\\\/#organization\"},\"potentialAction\":[{\"@type\":\"SearchAction\",\"target\":{\"@type\":\"EntryPoint\",\"urlTemplate\":\"https:\\\/\\\/www.malinashop.lt\\\/?s={search_term_string}\"},\"query-input\":{\"@type\":\"PropertyValueSpecification\",\"valueRequired\":true,\"valueName\":\"search_term_string\"}}],\"inLanguage\":\"lt-LT\"},{\"@type\":\"Organization\",\"@id\":\"https:\\\/\\\/www.malinashop.lt\\\/#organization\",\"name\":\"COM Group Ecommerce\",\"url\":\"https:\\\/\\\/www.malinashop.lt\\\/\",\"logo\":{\"@type\":\"ImageObject\",\"inLanguage\":\"lt-LT\",\"@id\":\"https:\\\/\\\/www.malinashop.lt\\\/#\\\/schema\\\/logo\\\/image\\\/\",\"url\":\"https:\\\/\\\/www.malinashop.lt\\\/wp-content\\\/uploads\\\/2024\\\/08\\\/462559670_3787732518133670_9795632669273463_n-e1731525914575.png\",\"contentUrl\":\"https:\\\/\\\/www.malinashop.lt\\\/wp-content\\\/uploads\\\/2024\\\/08\\\/462559670_3787732518133670_9795632669273463_n-e1731525914575.png\",\"width\":180,\"height\":60,\"caption\":\"COM Group Ecommerce\"},\"image\":{\"@id\":\"https:\\\/\\\/www.malinashop.lt\\\/#\\\/schema\\\/logo\\\/image\\\/\"}}]}<\/script>\n<!-- \/ Yoast SEO plugin. -->","yoast_head_json":{"title":"MJCARE PREMIUM CHARCOAL BLACK MASK valomoji lak\u0161tin\u0117 veido kauk\u0117, 25 g - MalinaShop.lt J\u016bs\u0173 sveikatai ir gro\u017eiui.","description":"MJCARE PREMIUM CHARCOAL BLACK MASK kauk\u0117 su med\u017eio anglimi giliau valo od\u0105, kontroliuoja riebal\u0173 pertekli\u0173 ir apsaugo nuo spuog\u0173. Puikiai tinka riebiai ir mi\u0161riai odai.","robots":{"index":"index","follow":"follow","max-snippet":"max-snippet:-1","max-image-preview":"max-image-preview:large","max-video-preview":"max-video-preview:-1"},"canonical":"https:\/\/www.malinashop.lt\/lt_lt\/shop\/mjcare-premium-charcoal-black-mask-valomoji-lakstine-veido-kauke-25-g\/","og_locale":"lt_LT","og_type":"article","og_title":"MJCARE PREMIUM CHARCOAL BLACK MASK valomoji lak\u0161tin\u0117 veido kauk\u0117, 25 g - MalinaShop.lt J\u016bs\u0173 sveikatai ir gro\u017eiui.","og_description":"MJCARE PREMIUM CHARCOAL BLACK MASK kauk\u0117 su med\u017eio anglimi giliau valo od\u0105, kontroliuoja riebal\u0173 pertekli\u0173 ir apsaugo nuo spuog\u0173. Puikiai tinka riebiai ir mi\u0161riai odai.","og_url":"https:\/\/www.malinashop.lt\/lt_lt\/shop\/mjcare-premium-charcoal-black-mask-valomoji-lakstine-veido-kauke-25-g\/","og_site_name":"MalinaShop.lt J\u016bs\u0173 sveikatai ir gro\u017eiui.","article_modified_time":"2026-02-10T10:27:14+00:00","og_image":[{"width":768,"height":768,"url":"https:\/\/www.malinashop.lt\/wp-content\/uploads\/2024\/12\/MJCARE-PREMIUM-CHARCOAL-BLACK-MASK-valomoji-lakstine-veido-kauke-25-g.webp","type":"image\/webp"}],"twitter_card":"summary_large_image","schema":{"@context":"https:\/\/schema.org","@graph":[{"@type":"WebPage","@id":"https:\/\/www.malinashop.lt\/shop\/mjcare-premium-charcoal-black-mask-valomoji-lakstine-veido-kauke-25-g\/","url":"https:\/\/www.malinashop.lt\/shop\/mjcare-premium-charcoal-black-mask-valomoji-lakstine-veido-kauke-25-g\/","name":"MJCARE PREMIUM CHARCOAL BLACK MASK valomoji lak\u0161tin\u0117 veido kauk\u0117, 25 g - MalinaShop.lt J\u016bs\u0173 sveikatai ir gro\u017eiui.","isPartOf":{"@id":"https:\/\/www.malinashop.lt\/#website"},"primaryImageOfPage":{"@id":"https:\/\/www.malinashop.lt\/shop\/mjcare-premium-charcoal-black-mask-valomoji-lakstine-veido-kauke-25-g\/#primaryimage"},"image":{"@id":"https:\/\/www.malinashop.lt\/shop\/mjcare-premium-charcoal-black-mask-valomoji-lakstine-veido-kauke-25-g\/#primaryimage"},"thumbnailUrl":"https:\/\/www.malinashop.lt\/wp-content\/uploads\/2024\/12\/MJCARE-PREMIUM-CHARCOAL-BLACK-MASK-valomoji-lakstine-veido-kauke-25-g.webp","datePublished":"2024-12-03T14:23:15+00:00","dateModified":"2026-02-10T10:27:14+00:00","description":"MJCARE PREMIUM CHARCOAL BLACK MASK kauk\u0117 su med\u017eio anglimi giliau valo od\u0105, kontroliuoja riebal\u0173 pertekli\u0173 ir apsaugo nuo spuog\u0173. Puikiai tinka riebiai ir mi\u0161riai odai.","breadcrumb":{"@id":"https:\/\/www.malinashop.lt\/shop\/mjcare-premium-charcoal-black-mask-valomoji-lakstine-veido-kauke-25-g\/#breadcrumb"},"inLanguage":"lt-LT","potentialAction":[{"@type":"ReadAction","target":["https:\/\/www.malinashop.lt\/shop\/mjcare-premium-charcoal-black-mask-valomoji-lakstine-veido-kauke-25-g\/"]}]},{"@type":"ImageObject","inLanguage":"lt-LT","@id":"https:\/\/www.malinashop.lt\/shop\/mjcare-premium-charcoal-black-mask-valomoji-lakstine-veido-kauke-25-g\/#primaryimage","url":"https:\/\/www.malinashop.lt\/wp-content\/uploads\/2024\/12\/MJCARE-PREMIUM-CHARCOAL-BLACK-MASK-valomoji-lakstine-veido-kauke-25-g.webp","contentUrl":"https:\/\/www.malinashop.lt\/wp-content\/uploads\/2024\/12\/MJCARE-PREMIUM-CHARCOAL-BLACK-MASK-valomoji-lakstine-veido-kauke-25-g.webp","width":768,"height":768},{"@type":"BreadcrumbList","@id":"https:\/\/www.malinashop.lt\/shop\/mjcare-premium-charcoal-black-mask-valomoji-lakstine-veido-kauke-25-g\/#breadcrumb","itemListElement":[{"@type":"ListItem","position":1,"name":"Pagrindinis","item":"https:\/\/www.malinashop.lt\/"},{"@type":"ListItem","position":2,"name":"Parduotuv\u0117","item":"https:\/\/www.malinashop.lt\/en\/parduotuve\/"},{"@type":"ListItem","position":3,"name":"MJCARE PREMIUM CHARCOAL BLACK MASK valomoji lak\u0161tin\u0117 veido kauk\u0117, 25 g"}]},{"@type":"WebSite","@id":"https:\/\/www.malinashop.lt\/#website","url":"https:\/\/www.malinashop.lt\/","name":"COM Group Ecommerce","description":"MalinaShop.lt - Gro\u017eio ir sveikatos produktai i\u0161 patikim\u0173 preki\u0173 \u017eenkl\u0173. Atraskite auk\u0161tos kokyb\u0117s kosmetik\u0105 u\u017e puiki\u0105 kain\u0105.","publisher":{"@id":"https:\/\/www.malinashop.lt\/#organization"},"potentialAction":[{"@type":"SearchAction","target":{"@type":"EntryPoint","urlTemplate":"https:\/\/www.malinashop.lt\/?s={search_term_string}"},"query-input":{"@type":"PropertyValueSpecification","valueRequired":true,"valueName":"search_term_string"}}],"inLanguage":"lt-LT"},{"@type":"Organization","@id":"https:\/\/www.malinashop.lt\/#organization","name":"COM Group Ecommerce","url":"https:\/\/www.malinashop.lt\/","logo":{"@type":"ImageObject","inLanguage":"lt-LT","@id":"https:\/\/www.malinashop.lt\/#\/schema\/logo\/image\/","url":"https:\/\/www.malinashop.lt\/wp-content\/uploads\/2024\/08\/462559670_3787732518133670_9795632669273463_n-e1731525914575.png","contentUrl":"https:\/\/www.malinashop.lt\/wp-content\/uploads\/2024\/08\/462559670_3787732518133670_9795632669273463_n-e1731525914575.png","width":180,"height":60,"caption":"COM Group Ecommerce"},"image":{"@id":"https:\/\/www.malinashop.lt\/#\/schema\/logo\/image\/"}}]}},"jetpack_sharing_enabled":true,"_links":{"self":[{"href":"https:\/\/www.malinashop.lt\/lt_lt\/wp-json\/wp\/v2\/product\/30536","targetHints":{"allow":["GET"]}}],"collection":[{"href":"https:\/\/www.malinashop.lt\/lt_lt\/wp-json\/wp\/v2\/product"}],"about":[{"href":"https:\/\/www.malinashop.lt\/lt_lt\/wp-json\/wp\/v2\/types\/product"}],"version-history":[{"count":1,"href":"https:\/\/www.malinashop.lt\/lt_lt\/wp-json\/wp\/v2\/product\/30536\/revisions"}],"predecessor-version":[{"id":32562,"href":"https:\/\/www.malinashop.lt\/lt_lt\/wp-json\/wp\/v2\/product\/30536\/revisions\/32562"}],"wp:featuredmedia":[{"embeddable":true,"href":"https:\/\/www.malinashop.lt\/lt_lt\/wp-json\/wp\/v2\/media\/30537"}],"wp:attachment":[{"href":"https:\/\/www.malinashop.lt\/lt_lt\/wp-json\/wp\/v2\/media?parent=30536"}],"wp:term":[{"taxonomy":"product_brand","embeddable":true,"href":"https:\/\/www.malinashop.lt\/lt_lt\/wp-json\/wp\/v2\/product_brand?post=30536"},{"taxonomy":"product_cat","embeddable":true,"href":"https:\/\/www.malinashop.lt\/lt_lt\/wp-json\/wp\/v2\/product_cat?post=30536"},{"taxonomy":"product_tag","embeddable":true,"href":"https:\/\/www.malinashop.lt\/lt_lt\/wp-json\/wp\/v2\/product_tag?post=30536"}],"curies":[{"name":"wp","href":"https:\/\/api.w.org\/{rel}","templated":true}]}}