{"id":20918,"date":"2024-11-06T15:54:47","date_gmt":"2024-11-06T12:54:47","guid":{"rendered":"https:\/\/malinashop.lt\/produktas\/petite-maison-face-cleansing-foam-valomosios-veido-putos-200ml\/"},"modified":"2026-04-08T13:02:42","modified_gmt":"2026-04-08T10:02:42","slug":"petite-maison-face-cleansing-foam-valomosios-veido-putos-200ml","status":"publish","type":"product","link":"https:\/\/www.malinashop.lt\/lt_lt\/shop\/petite-maison-face-cleansing-foam-valomosios-veido-putos-200ml\/","title":{"rendered":"PETITE MAISON FACE CLEANSING FOAM valomosios veido putos, 200ml"},"content":{"rendered":"<p>PETITE MAISON valomosios veido putos FACE CLEANSING FOAM<\/p>\n<p>\u0160ios valomosios putos, praturtintos lotoso \u017eied\u0173 ekstraktu ir prebiotik\u0173 kompleksu, \u0161velniai pa\u0161alina riebal\u0173 pertekli\u0173 ir ne\u0161varumus, i\u0161laikydamos nat\u016bral\u0173 odos dr\u0117gm\u0117s balans\u0105. Putoje esantis gotu kola lap\u0173 ekstraktas padeda suma\u017einti smulkias linijas ant veido, o vitaminas B3 padeda ma\u017einti tamsi\u0173 d\u0117mi\u0173 matomum\u0105, suteikdamas \u0161veln\u0173, \u0161var\u0173 ir gaiv\u0173 odos poj\u016bt\u012f.<\/p>\n<p>Naudojimas: Spustel\u0117kite dozatori\u0173, kad produktas pasiskirstyt\u0173 ant \u0161epet\u0117lio. Sukamaisiais judesiais tepkite ant dr\u0117gnos odos ir nuplaukite vandeniu.<\/p>\n<p>\u012esp\u0117jimas: Tik i\u0161oriniam naudojimui. Prie\u0161 naudojant rekomenduojama i\u0161bandyti ant nedidelio odos ploto, kad i\u0161vengtum\u0117te galimo sudirginimo. Jei atsiranda jautrumas, nenaudoti ir pasitarti su gydytoju. Venkite kontakto su akimis. Patekus \u012f akis, plauti dideliu kiekiu vandens. Laikyti vaikams nepasiekiamoje vietoje.<\/p>\n<div class=\"text-tab text-tab-id-10\">\n<p>Siuntas i\u0161siun\u010diame antradieniais ir ketvirtadieniais. Jei d\u0117l koki\u0173 nors prie\u017eas\u010di\u0173 siunta negali b\u016bti i\u0161si\u0173sta \u0161iomis dienomis ir ji yra perkeliama \u012f kit\u0105 dien\u0105, apie tai informuosime jus svetain\u0117je arba el. pa\u0161tu.<\/p>\n<p>\u201eJei turite klausim\u0173, pra\u0161ome susisiekti el. pa\u0161tu info@malinashop.lt arba telefonu +37065444002 darbo dienomis nuo 10:00 iki 16:00 val.\u201c<\/p>\n<\/div>\n<div class=\"text-tab text-tab-id-11\">\n<p>Perkant u\u017e daugiau nei 50\u20ac &#8211; pristatymas nemokamas.<\/p>\n<p>Pristatymas \u012f LPexpress pa\u0161tomat\u0105\u00a0(visoje Lietuvoje, i\u0161skyrus Kur\u0161i\u0173 Nerij\u0105).<\/p>\n<\/div>\n","protected":false},"excerpt":{"rendered":"<p>PETITE MAISON valomosios veido putos FACE CLEANSING FOAM \u0160ios valomosios putos, praturtintos lotoso \u017eied\u0173 ekstraktu ir prebiotik\u0173 kompleksu, \u0161velniai pa\u0161alina riebal\u0173 pertekli\u0173&hellip;<\/p>\n","protected":false},"featured_media":17933,"template":"","meta":[],"product_brand":[554],"product_cat":[562,537,728],"product_tag":[1159],"class_list":{"0":"post-20918","1":"product","2":"type-product","3":"status-publish","4":"has-post-thumbnail","6":"product_brand-petite-maison","7":"product_cat-sandelio-valymas","8":"product_cat-veido-valymo-priemones","9":"product_cat-veidui","10":"product_tag-petite-maison","12":"first","13":"instock","14":"sale","15":"taxable","16":"shipping-taxable","17":"purchasable","18":"product-type-simple"},"yoast_head":"<!-- This site is optimized with the Yoast SEO plugin v27.4 - https:\/\/yoast.com\/product\/yoast-seo-wordpress\/ -->\n<title>PETITE MAISON FACE CLEANSING FOAM valomosios veido putos, 200ml - MalinaShop.lt J\u016bs\u0173 sveikatai ir gro\u017eiui.<\/title>\n<meta name=\"robots\" content=\"index, follow, max-snippet:-1, max-image-preview:large, max-video-preview:-1\" \/>\n<link rel=\"canonical\" href=\"https:\/\/www.malinashop.lt\/lt_lt\/shop\/petite-maison-face-cleansing-foam-valomosios-veido-putos-200ml\/\" \/>\n<meta property=\"og:locale\" content=\"lt_LT\" \/>\n<meta property=\"og:type\" content=\"article\" \/>\n<meta property=\"og:title\" content=\"PETITE MAISON FACE CLEANSING FOAM valomosios veido putos, 200ml - MalinaShop.lt J\u016bs\u0173 sveikatai ir gro\u017eiui.\" \/>\n<meta property=\"og:url\" content=\"https:\/\/www.malinashop.lt\/lt_lt\/shop\/petite-maison-face-cleansing-foam-valomosios-veido-putos-200ml\/\" \/>\n<meta property=\"og:site_name\" content=\"MalinaShop.lt J\u016bs\u0173 sveikatai ir gro\u017eiui.\" \/>\n<meta property=\"article:modified_time\" content=\"2026-04-08T10:02:42+00:00\" \/>\n<meta property=\"og:image\" content=\"https:\/\/www.malinashop.lt\/wp-content\/uploads\/2024\/11\/PETITE-MAISON-FACE-CLEANSING-FOAM-valomosios-veido-putos-200ml1.png\" \/>\n\t<meta property=\"og:image:width\" content=\"990\" \/>\n\t<meta property=\"og:image:height\" content=\"990\" \/>\n\t<meta property=\"og:image:type\" content=\"image\/png\" \/>\n<meta name=\"twitter:card\" content=\"summary_large_image\" \/>\n<script type=\"application\/ld+json\" class=\"yoast-schema-graph\">{\"@context\":\"https:\\\/\\\/schema.org\",\"@graph\":[{\"@type\":\"WebPage\",\"@id\":\"https:\\\/\\\/www.malinashop.lt\\\/lt_lt\\\/shop\\\/petite-maison-face-cleansing-foam-valomosios-veido-putos-200ml\\\/\",\"url\":\"https:\\\/\\\/www.malinashop.lt\\\/lt_lt\\\/shop\\\/petite-maison-face-cleansing-foam-valomosios-veido-putos-200ml\\\/\",\"name\":\"PETITE MAISON FACE CLEANSING FOAM valomosios veido putos, 200ml - MalinaShop.lt J\u016bs\u0173 sveikatai ir gro\u017eiui.\",\"isPartOf\":{\"@id\":\"https:\\\/\\\/www.malinashop.lt\\\/en\\\/#website\"},\"primaryImageOfPage\":{\"@id\":\"https:\\\/\\\/www.malinashop.lt\\\/lt_lt\\\/shop\\\/petite-maison-face-cleansing-foam-valomosios-veido-putos-200ml\\\/#primaryimage\"},\"image\":{\"@id\":\"https:\\\/\\\/www.malinashop.lt\\\/lt_lt\\\/shop\\\/petite-maison-face-cleansing-foam-valomosios-veido-putos-200ml\\\/#primaryimage\"},\"thumbnailUrl\":\"https:\\\/\\\/www.malinashop.lt\\\/wp-content\\\/uploads\\\/2024\\\/11\\\/PETITE-MAISON-FACE-CLEANSING-FOAM-valomosios-veido-putos-200ml1.png\",\"datePublished\":\"2024-11-06T12:54:47+00:00\",\"dateModified\":\"2026-04-08T10:02:42+00:00\",\"breadcrumb\":{\"@id\":\"https:\\\/\\\/www.malinashop.lt\\\/lt_lt\\\/shop\\\/petite-maison-face-cleansing-foam-valomosios-veido-putos-200ml\\\/#breadcrumb\"},\"inLanguage\":\"lt-LT\",\"potentialAction\":[{\"@type\":\"ReadAction\",\"target\":[\"https:\\\/\\\/www.malinashop.lt\\\/lt_lt\\\/shop\\\/petite-maison-face-cleansing-foam-valomosios-veido-putos-200ml\\\/\"]}]},{\"@type\":\"ImageObject\",\"inLanguage\":\"lt-LT\",\"@id\":\"https:\\\/\\\/www.malinashop.lt\\\/lt_lt\\\/shop\\\/petite-maison-face-cleansing-foam-valomosios-veido-putos-200ml\\\/#primaryimage\",\"url\":\"https:\\\/\\\/www.malinashop.lt\\\/wp-content\\\/uploads\\\/2024\\\/11\\\/PETITE-MAISON-FACE-CLEANSING-FOAM-valomosios-veido-putos-200ml1.png\",\"contentUrl\":\"https:\\\/\\\/www.malinashop.lt\\\/wp-content\\\/uploads\\\/2024\\\/11\\\/PETITE-MAISON-FACE-CLEANSING-FOAM-valomosios-veido-putos-200ml1.png\",\"width\":990,\"height\":990},{\"@type\":\"BreadcrumbList\",\"@id\":\"https:\\\/\\\/www.malinashop.lt\\\/lt_lt\\\/shop\\\/petite-maison-face-cleansing-foam-valomosios-veido-putos-200ml\\\/#breadcrumb\",\"itemListElement\":[{\"@type\":\"ListItem\",\"position\":1,\"name\":\"Home\",\"item\":\"https:\\\/\\\/www.malinashop.lt\\\/en\\\/\"},{\"@type\":\"ListItem\",\"position\":2,\"name\":\"Parduotuv\u0117\",\"item\":\"https:\\\/\\\/www.malinashop.lt\\\/en\\\/parduotuve\\\/\"},{\"@type\":\"ListItem\",\"position\":3,\"name\":\"PETITE MAISON FACE CLEANSING FOAM valomosios veido putos, 200ml\"}]},{\"@type\":\"WebSite\",\"@id\":\"https:\\\/\\\/www.malinashop.lt\\\/en\\\/#website\",\"url\":\"https:\\\/\\\/www.malinashop.lt\\\/en\\\/\",\"name\":\"COM Group Ecommerce\",\"description\":\"MalinaShop.lt - Gro\u017eio ir sveikatos produktai i\u0161 patikim\u0173 preki\u0173 \u017eenkl\u0173. Atraskite auk\u0161tos kokyb\u0117s kosmetik\u0105 u\u017e puiki\u0105 kain\u0105.\",\"publisher\":{\"@id\":\"https:\\\/\\\/www.malinashop.lt\\\/en\\\/#organization\"},\"potentialAction\":[{\"@type\":\"SearchAction\",\"target\":{\"@type\":\"EntryPoint\",\"urlTemplate\":\"https:\\\/\\\/www.malinashop.lt\\\/en\\\/?s={search_term_string}\"},\"query-input\":{\"@type\":\"PropertyValueSpecification\",\"valueRequired\":true,\"valueName\":\"search_term_string\"}}],\"inLanguage\":\"lt-LT\"},{\"@type\":\"Organization\",\"@id\":\"https:\\\/\\\/www.malinashop.lt\\\/en\\\/#organization\",\"name\":\"COM Group Ecommerce\",\"url\":\"https:\\\/\\\/www.malinashop.lt\\\/en\\\/\",\"logo\":{\"@type\":\"ImageObject\",\"inLanguage\":\"lt-LT\",\"@id\":\"https:\\\/\\\/www.malinashop.lt\\\/en\\\/#\\\/schema\\\/logo\\\/image\\\/\",\"url\":\"https:\\\/\\\/www.malinashop.lt\\\/wp-content\\\/uploads\\\/2024\\\/08\\\/462559670_3787732518133670_9795632669273463_n-e1731525914575.png\",\"contentUrl\":\"https:\\\/\\\/www.malinashop.lt\\\/wp-content\\\/uploads\\\/2024\\\/08\\\/462559670_3787732518133670_9795632669273463_n-e1731525914575.png\",\"width\":180,\"height\":60,\"caption\":\"COM Group Ecommerce\"},\"image\":{\"@id\":\"https:\\\/\\\/www.malinashop.lt\\\/en\\\/#\\\/schema\\\/logo\\\/image\\\/\"}}]}<\/script>\n<!-- \/ Yoast SEO plugin. -->","yoast_head_json":{"title":"PETITE MAISON FACE CLEANSING FOAM valomosios veido putos, 200ml - MalinaShop.lt J\u016bs\u0173 sveikatai ir gro\u017eiui.","robots":{"index":"index","follow":"follow","max-snippet":"max-snippet:-1","max-image-preview":"max-image-preview:large","max-video-preview":"max-video-preview:-1"},"canonical":"https:\/\/www.malinashop.lt\/lt_lt\/shop\/petite-maison-face-cleansing-foam-valomosios-veido-putos-200ml\/","og_locale":"lt_LT","og_type":"article","og_title":"PETITE MAISON FACE CLEANSING FOAM valomosios veido putos, 200ml - MalinaShop.lt J\u016bs\u0173 sveikatai ir gro\u017eiui.","og_url":"https:\/\/www.malinashop.lt\/lt_lt\/shop\/petite-maison-face-cleansing-foam-valomosios-veido-putos-200ml\/","og_site_name":"MalinaShop.lt J\u016bs\u0173 sveikatai ir gro\u017eiui.","article_modified_time":"2026-04-08T10:02:42+00:00","og_image":[{"width":990,"height":990,"url":"https:\/\/www.malinashop.lt\/wp-content\/uploads\/2024\/11\/PETITE-MAISON-FACE-CLEANSING-FOAM-valomosios-veido-putos-200ml1.png","type":"image\/png"}],"twitter_card":"summary_large_image","schema":{"@context":"https:\/\/schema.org","@graph":[{"@type":"WebPage","@id":"https:\/\/www.malinashop.lt\/lt_lt\/shop\/petite-maison-face-cleansing-foam-valomosios-veido-putos-200ml\/","url":"https:\/\/www.malinashop.lt\/lt_lt\/shop\/petite-maison-face-cleansing-foam-valomosios-veido-putos-200ml\/","name":"PETITE MAISON FACE CLEANSING FOAM valomosios veido putos, 200ml - MalinaShop.lt J\u016bs\u0173 sveikatai ir gro\u017eiui.","isPartOf":{"@id":"https:\/\/www.malinashop.lt\/en\/#website"},"primaryImageOfPage":{"@id":"https:\/\/www.malinashop.lt\/lt_lt\/shop\/petite-maison-face-cleansing-foam-valomosios-veido-putos-200ml\/#primaryimage"},"image":{"@id":"https:\/\/www.malinashop.lt\/lt_lt\/shop\/petite-maison-face-cleansing-foam-valomosios-veido-putos-200ml\/#primaryimage"},"thumbnailUrl":"https:\/\/www.malinashop.lt\/wp-content\/uploads\/2024\/11\/PETITE-MAISON-FACE-CLEANSING-FOAM-valomosios-veido-putos-200ml1.png","datePublished":"2024-11-06T12:54:47+00:00","dateModified":"2026-04-08T10:02:42+00:00","breadcrumb":{"@id":"https:\/\/www.malinashop.lt\/lt_lt\/shop\/petite-maison-face-cleansing-foam-valomosios-veido-putos-200ml\/#breadcrumb"},"inLanguage":"lt-LT","potentialAction":[{"@type":"ReadAction","target":["https:\/\/www.malinashop.lt\/lt_lt\/shop\/petite-maison-face-cleansing-foam-valomosios-veido-putos-200ml\/"]}]},{"@type":"ImageObject","inLanguage":"lt-LT","@id":"https:\/\/www.malinashop.lt\/lt_lt\/shop\/petite-maison-face-cleansing-foam-valomosios-veido-putos-200ml\/#primaryimage","url":"https:\/\/www.malinashop.lt\/wp-content\/uploads\/2024\/11\/PETITE-MAISON-FACE-CLEANSING-FOAM-valomosios-veido-putos-200ml1.png","contentUrl":"https:\/\/www.malinashop.lt\/wp-content\/uploads\/2024\/11\/PETITE-MAISON-FACE-CLEANSING-FOAM-valomosios-veido-putos-200ml1.png","width":990,"height":990},{"@type":"BreadcrumbList","@id":"https:\/\/www.malinashop.lt\/lt_lt\/shop\/petite-maison-face-cleansing-foam-valomosios-veido-putos-200ml\/#breadcrumb","itemListElement":[{"@type":"ListItem","position":1,"name":"Home","item":"https:\/\/www.malinashop.lt\/en\/"},{"@type":"ListItem","position":2,"name":"Parduotuv\u0117","item":"https:\/\/www.malinashop.lt\/en\/parduotuve\/"},{"@type":"ListItem","position":3,"name":"PETITE MAISON FACE CLEANSING FOAM valomosios veido putos, 200ml"}]},{"@type":"WebSite","@id":"https:\/\/www.malinashop.lt\/en\/#website","url":"https:\/\/www.malinashop.lt\/en\/","name":"COM Group Ecommerce","description":"MalinaShop.lt - Gro\u017eio ir sveikatos produktai i\u0161 patikim\u0173 preki\u0173 \u017eenkl\u0173. Atraskite auk\u0161tos kokyb\u0117s kosmetik\u0105 u\u017e puiki\u0105 kain\u0105.","publisher":{"@id":"https:\/\/www.malinashop.lt\/en\/#organization"},"potentialAction":[{"@type":"SearchAction","target":{"@type":"EntryPoint","urlTemplate":"https:\/\/www.malinashop.lt\/en\/?s={search_term_string}"},"query-input":{"@type":"PropertyValueSpecification","valueRequired":true,"valueName":"search_term_string"}}],"inLanguage":"lt-LT"},{"@type":"Organization","@id":"https:\/\/www.malinashop.lt\/en\/#organization","name":"COM Group Ecommerce","url":"https:\/\/www.malinashop.lt\/en\/","logo":{"@type":"ImageObject","inLanguage":"lt-LT","@id":"https:\/\/www.malinashop.lt\/en\/#\/schema\/logo\/image\/","url":"https:\/\/www.malinashop.lt\/wp-content\/uploads\/2024\/08\/462559670_3787732518133670_9795632669273463_n-e1731525914575.png","contentUrl":"https:\/\/www.malinashop.lt\/wp-content\/uploads\/2024\/08\/462559670_3787732518133670_9795632669273463_n-e1731525914575.png","width":180,"height":60,"caption":"COM Group Ecommerce"},"image":{"@id":"https:\/\/www.malinashop.lt\/en\/#\/schema\/logo\/image\/"}}]}},"jetpack_sharing_enabled":true,"_links":{"self":[{"href":"https:\/\/www.malinashop.lt\/lt_lt\/wp-json\/wp\/v2\/product\/20918","targetHints":{"allow":["GET"]}}],"collection":[{"href":"https:\/\/www.malinashop.lt\/lt_lt\/wp-json\/wp\/v2\/product"}],"about":[{"href":"https:\/\/www.malinashop.lt\/lt_lt\/wp-json\/wp\/v2\/types\/product"}],"version-history":[{"count":1,"href":"https:\/\/www.malinashop.lt\/lt_lt\/wp-json\/wp\/v2\/product\/20918\/revisions"}],"predecessor-version":[{"id":33306,"href":"https:\/\/www.malinashop.lt\/lt_lt\/wp-json\/wp\/v2\/product\/20918\/revisions\/33306"}],"wp:featuredmedia":[{"embeddable":true,"href":"https:\/\/www.malinashop.lt\/lt_lt\/wp-json\/wp\/v2\/media\/17933"}],"wp:attachment":[{"href":"https:\/\/www.malinashop.lt\/lt_lt\/wp-json\/wp\/v2\/media?parent=20918"}],"wp:term":[{"taxonomy":"product_brand","embeddable":true,"href":"https:\/\/www.malinashop.lt\/lt_lt\/wp-json\/wp\/v2\/product_brand?post=20918"},{"taxonomy":"product_cat","embeddable":true,"href":"https:\/\/www.malinashop.lt\/lt_lt\/wp-json\/wp\/v2\/product_cat?post=20918"},{"taxonomy":"product_tag","embeddable":true,"href":"https:\/\/www.malinashop.lt\/lt_lt\/wp-json\/wp\/v2\/product_tag?post=20918"}],"curies":[{"name":"wp","href":"https:\/\/api.w.org\/{rel}","templated":true}]}}