{"id":20894,"date":"2024-11-06T15:54:47","date_gmt":"2024-11-06T12:54:47","guid":{"rendered":"https:\/\/malinashop.lt\/produktas\/mia-makeup-shine-on-lip-oil-passion-lupu-blizgis-45-g\/"},"modified":"2026-04-06T19:03:39","modified_gmt":"2026-04-06T16:03:39","slug":"mia-makeup-shine-on-lip-oil-passion-lupu-blizgis-45-g","status":"publish","type":"product","link":"https:\/\/www.malinashop.lt\/lt_lt\/shop\/mia-makeup-shine-on-lip-oil-passion-lupu-blizgis-45-g\/","title":{"rendered":"MIA MAKEUP SHINE ON LIP OIL PASSION l\u016bp\u0173 blizgis 4,5 g"},"content":{"rendered":"<p>MIA MAKEUP l\u016bp\u0173 blizgis ON LIP OIL\u00a0PASSION<\/p>\n<p>MIA MAKEUP SHINE ON LIP OIL \u2013 unikalus aliejin\u0117s formul\u0117s l\u016bp\u0173 blizgesys, suteikiantis nat\u016bral\u0173 spindes\u012f ir pary\u0161kinantis l\u016bp\u0173 spalv\u0105. Nelipni formul\u0117, praturtinta ricinos aliejumi, alaviju ir bi\u010di\u0173 va\u0161ku, apsaugo l\u016bpas nuo i\u0161saus\u0117jimo ir i\u0161orinio poveikio, intensyviai maitina, kad l\u016bpos i\u0161likt\u0173 \u0161velnios ir sudr\u0117kintos.<\/p>\n<p>Naudojimas: Tepkite ant \u0161vari\u0173 l\u016bp\u0173, kad suteiktum\u0117te \u017evilgesio ir subtilaus atspalvio. Nor\u0117dami i\u0161ry\u0161kinti l\u016bp\u0173 form\u0105, tepkite blizges\u012f ant l\u016bp\u0173 da\u017e\u0173 ar naudokite kartu su l\u016bp\u0173 pie\u0161tuku.<\/p>\n","protected":false},"excerpt":{"rendered":"<p>MIA MAKEUP l\u016bp\u0173 blizgis ON LIP OIL PASSION <\/p>\n<p>MIA MAKEUP SHINE ON LIP OIL \u2013 unikalus aliejin\u0117s formul\u0117s l\u016bp\u0173 blizgesys, suteikiantis nat\u016bral\u0173 spindes\u012f ir pary\u0161kinantis l\u016bp\u0173 spalv\u0105.<\/p>\n","protected":false},"featured_media":18383,"template":"","meta":[],"product_brand":[522],"product_cat":[102,708,523,728],"product_tag":[1633],"class_list":{"0":"post-20894","1":"product","2":"type-product","3":"status-publish","4":"has-post-thumbnail","6":"product_brand-mia-makeup","7":"product_cat-dekoratyvine-kosmetika","8":"product_cat-lupoms","9":"product_cat-lupu-blizgiai","10":"product_cat-veidui","11":"product_tag-mia-makeup","13":"first","14":"instock","15":"sale","16":"taxable","17":"shipping-taxable","18":"purchasable","19":"product-type-simple"},"yoast_head":"<!-- This site is optimized with the Yoast SEO plugin v27.4 - https:\/\/yoast.com\/product\/yoast-seo-wordpress\/ -->\n<title>MIA MAKEUP SHINE ON LIP OIL PASSION l\u016bp\u0173 blizgis 4,5 g - MalinaShop.lt J\u016bs\u0173 sveikatai ir gro\u017eiui.<\/title>\n<meta name=\"description\" content=\"MIA MAKEUP l\u016bp\u0173 blizgis ON LIP OIL PASSION n nMIA MAKEUP SHINE ON LIP OIL \u2013 unikalus aliejin\u0117s formul\u0117s l\u016bp\u0173 blizgesys, suteikiantis nat\u016bral\u0173 spindes\u012f ir...\" \/>\n<meta name=\"robots\" content=\"index, follow, max-snippet:-1, max-image-preview:large, max-video-preview:-1\" \/>\n<link rel=\"canonical\" href=\"https:\/\/www.malinashop.lt\/lt_lt\/shop\/mia-makeup-shine-on-lip-oil-passion-lupu-blizgis-45-g\/\" \/>\n<meta property=\"og:locale\" content=\"lt_LT\" \/>\n<meta property=\"og:type\" content=\"article\" \/>\n<meta property=\"og:title\" content=\"MIA MAKEUP SHINE ON LIP OIL PASSION l\u016bp\u0173 blizgis 4,5 g - MalinaShop.lt J\u016bs\u0173 sveikatai ir gro\u017eiui.\" \/>\n<meta property=\"og:description\" content=\"MIA MAKEUP l\u016bp\u0173 blizgis ON LIP OIL PASSION n nMIA MAKEUP SHINE ON LIP OIL \u2013 unikalus aliejin\u0117s formul\u0117s l\u016bp\u0173 blizgesys, suteikiantis nat\u016bral\u0173 spindes\u012f ir...\" \/>\n<meta property=\"og:url\" content=\"https:\/\/www.malinashop.lt\/lt_lt\/shop\/mia-makeup-shine-on-lip-oil-passion-lupu-blizgis-45-g\/\" \/>\n<meta property=\"og:site_name\" content=\"MalinaShop.lt J\u016bs\u0173 sveikatai ir gro\u017eiui.\" \/>\n<meta property=\"article:modified_time\" content=\"2026-04-06T16:03:39+00:00\" \/>\n<meta property=\"og:image\" content=\"https:\/\/www.malinashop.lt\/wp-content\/uploads\/2024\/11\/MIA-MAKEUP-SHINE-ON-LIP-OIL-PASSION-lupu-blizgis-45-g.png\" \/>\n\t<meta property=\"og:image:width\" content=\"768\" \/>\n\t<meta property=\"og:image:height\" content=\"768\" \/>\n\t<meta property=\"og:image:type\" content=\"image\/png\" \/>\n<meta name=\"twitter:card\" content=\"summary_large_image\" \/>\n<script type=\"application\/ld+json\" class=\"yoast-schema-graph\">{\"@context\":\"https:\\\/\\\/schema.org\",\"@graph\":[{\"@type\":\"WebPage\",\"@id\":\"https:\\\/\\\/www.malinashop.lt\\\/shop\\\/mia-makeup-shine-on-lip-oil-passion-lupu-blizgis-45-g\\\/\",\"url\":\"https:\\\/\\\/www.malinashop.lt\\\/shop\\\/mia-makeup-shine-on-lip-oil-passion-lupu-blizgis-45-g\\\/\",\"name\":\"MIA MAKEUP SHINE ON LIP OIL PASSION l\u016bp\u0173 blizgis 4,5 g - MalinaShop.lt J\u016bs\u0173 sveikatai ir gro\u017eiui.\",\"isPartOf\":{\"@id\":\"https:\\\/\\\/www.malinashop.lt\\\/#website\"},\"primaryImageOfPage\":{\"@id\":\"https:\\\/\\\/www.malinashop.lt\\\/shop\\\/mia-makeup-shine-on-lip-oil-passion-lupu-blizgis-45-g\\\/#primaryimage\"},\"image\":{\"@id\":\"https:\\\/\\\/www.malinashop.lt\\\/shop\\\/mia-makeup-shine-on-lip-oil-passion-lupu-blizgis-45-g\\\/#primaryimage\"},\"thumbnailUrl\":\"https:\\\/\\\/www.malinashop.lt\\\/wp-content\\\/uploads\\\/2024\\\/11\\\/MIA-MAKEUP-SHINE-ON-LIP-OIL-PASSION-lupu-blizgis-45-g.png\",\"datePublished\":\"2024-11-06T12:54:47+00:00\",\"dateModified\":\"2026-04-06T16:03:39+00:00\",\"description\":\"MIA MAKEUP l\u016bp\u0173 blizgis ON LIP OIL PASSION \\\\n \\\\nMIA MAKEUP SHINE ON LIP OIL \u2013 unikalus aliejin\u0117s formul\u0117s l\u016bp\u0173 blizgesys, suteikiantis nat\u016bral\u0173 spindes\u012f ir...\",\"breadcrumb\":{\"@id\":\"https:\\\/\\\/www.malinashop.lt\\\/shop\\\/mia-makeup-shine-on-lip-oil-passion-lupu-blizgis-45-g\\\/#breadcrumb\"},\"inLanguage\":\"lt-LT\",\"potentialAction\":[{\"@type\":\"ReadAction\",\"target\":[\"https:\\\/\\\/www.malinashop.lt\\\/shop\\\/mia-makeup-shine-on-lip-oil-passion-lupu-blizgis-45-g\\\/\"]}]},{\"@type\":\"ImageObject\",\"inLanguage\":\"lt-LT\",\"@id\":\"https:\\\/\\\/www.malinashop.lt\\\/shop\\\/mia-makeup-shine-on-lip-oil-passion-lupu-blizgis-45-g\\\/#primaryimage\",\"url\":\"https:\\\/\\\/www.malinashop.lt\\\/wp-content\\\/uploads\\\/2024\\\/11\\\/MIA-MAKEUP-SHINE-ON-LIP-OIL-PASSION-lupu-blizgis-45-g.png\",\"contentUrl\":\"https:\\\/\\\/www.malinashop.lt\\\/wp-content\\\/uploads\\\/2024\\\/11\\\/MIA-MAKEUP-SHINE-ON-LIP-OIL-PASSION-lupu-blizgis-45-g.png\",\"width\":768,\"height\":768},{\"@type\":\"BreadcrumbList\",\"@id\":\"https:\\\/\\\/www.malinashop.lt\\\/shop\\\/mia-makeup-shine-on-lip-oil-passion-lupu-blizgis-45-g\\\/#breadcrumb\",\"itemListElement\":[{\"@type\":\"ListItem\",\"position\":1,\"name\":\"Pagrindinis\",\"item\":\"https:\\\/\\\/www.malinashop.lt\\\/\"},{\"@type\":\"ListItem\",\"position\":2,\"name\":\"Parduotuv\u0117\",\"item\":\"https:\\\/\\\/www.malinashop.lt\\\/en\\\/parduotuve\\\/\"},{\"@type\":\"ListItem\",\"position\":3,\"name\":\"MIA MAKEUP SHINE ON LIP OIL PASSION l\u016bp\u0173 blizgis 4,5 g\"}]},{\"@type\":\"WebSite\",\"@id\":\"https:\\\/\\\/www.malinashop.lt\\\/#website\",\"url\":\"https:\\\/\\\/www.malinashop.lt\\\/\",\"name\":\"COM Group Ecommerce\",\"description\":\"MalinaShop.lt - Gro\u017eio ir sveikatos produktai i\u0161 patikim\u0173 preki\u0173 \u017eenkl\u0173. Atraskite auk\u0161tos kokyb\u0117s kosmetik\u0105 u\u017e puiki\u0105 kain\u0105.\",\"publisher\":{\"@id\":\"https:\\\/\\\/www.malinashop.lt\\\/#organization\"},\"potentialAction\":[{\"@type\":\"SearchAction\",\"target\":{\"@type\":\"EntryPoint\",\"urlTemplate\":\"https:\\\/\\\/www.malinashop.lt\\\/?s={search_term_string}\"},\"query-input\":{\"@type\":\"PropertyValueSpecification\",\"valueRequired\":true,\"valueName\":\"search_term_string\"}}],\"inLanguage\":\"lt-LT\"},{\"@type\":\"Organization\",\"@id\":\"https:\\\/\\\/www.malinashop.lt\\\/#organization\",\"name\":\"COM Group Ecommerce\",\"url\":\"https:\\\/\\\/www.malinashop.lt\\\/\",\"logo\":{\"@type\":\"ImageObject\",\"inLanguage\":\"lt-LT\",\"@id\":\"https:\\\/\\\/www.malinashop.lt\\\/#\\\/schema\\\/logo\\\/image\\\/\",\"url\":\"https:\\\/\\\/www.malinashop.lt\\\/wp-content\\\/uploads\\\/2024\\\/08\\\/462559670_3787732518133670_9795632669273463_n-e1731525914575.png\",\"contentUrl\":\"https:\\\/\\\/www.malinashop.lt\\\/wp-content\\\/uploads\\\/2024\\\/08\\\/462559670_3787732518133670_9795632669273463_n-e1731525914575.png\",\"width\":180,\"height\":60,\"caption\":\"COM Group Ecommerce\"},\"image\":{\"@id\":\"https:\\\/\\\/www.malinashop.lt\\\/#\\\/schema\\\/logo\\\/image\\\/\"}}]}<\/script>\n<!-- \/ Yoast SEO plugin. -->","yoast_head_json":{"title":"MIA MAKEUP SHINE ON LIP OIL PASSION l\u016bp\u0173 blizgis 4,5 g - MalinaShop.lt J\u016bs\u0173 sveikatai ir gro\u017eiui.","description":"MIA MAKEUP l\u016bp\u0173 blizgis ON LIP OIL PASSION n nMIA MAKEUP SHINE ON LIP OIL \u2013 unikalus aliejin\u0117s formul\u0117s l\u016bp\u0173 blizgesys, suteikiantis nat\u016bral\u0173 spindes\u012f ir...","robots":{"index":"index","follow":"follow","max-snippet":"max-snippet:-1","max-image-preview":"max-image-preview:large","max-video-preview":"max-video-preview:-1"},"canonical":"https:\/\/www.malinashop.lt\/lt_lt\/shop\/mia-makeup-shine-on-lip-oil-passion-lupu-blizgis-45-g\/","og_locale":"lt_LT","og_type":"article","og_title":"MIA MAKEUP SHINE ON LIP OIL PASSION l\u016bp\u0173 blizgis 4,5 g - MalinaShop.lt J\u016bs\u0173 sveikatai ir gro\u017eiui.","og_description":"MIA MAKEUP l\u016bp\u0173 blizgis ON LIP OIL PASSION n nMIA MAKEUP SHINE ON LIP OIL \u2013 unikalus aliejin\u0117s formul\u0117s l\u016bp\u0173 blizgesys, suteikiantis nat\u016bral\u0173 spindes\u012f ir...","og_url":"https:\/\/www.malinashop.lt\/lt_lt\/shop\/mia-makeup-shine-on-lip-oil-passion-lupu-blizgis-45-g\/","og_site_name":"MalinaShop.lt J\u016bs\u0173 sveikatai ir gro\u017eiui.","article_modified_time":"2026-04-06T16:03:39+00:00","og_image":[{"width":768,"height":768,"url":"https:\/\/www.malinashop.lt\/wp-content\/uploads\/2024\/11\/MIA-MAKEUP-SHINE-ON-LIP-OIL-PASSION-lupu-blizgis-45-g.png","type":"image\/png"}],"twitter_card":"summary_large_image","schema":{"@context":"https:\/\/schema.org","@graph":[{"@type":"WebPage","@id":"https:\/\/www.malinashop.lt\/shop\/mia-makeup-shine-on-lip-oil-passion-lupu-blizgis-45-g\/","url":"https:\/\/www.malinashop.lt\/shop\/mia-makeup-shine-on-lip-oil-passion-lupu-blizgis-45-g\/","name":"MIA MAKEUP SHINE ON LIP OIL PASSION l\u016bp\u0173 blizgis 4,5 g - MalinaShop.lt J\u016bs\u0173 sveikatai ir gro\u017eiui.","isPartOf":{"@id":"https:\/\/www.malinashop.lt\/#website"},"primaryImageOfPage":{"@id":"https:\/\/www.malinashop.lt\/shop\/mia-makeup-shine-on-lip-oil-passion-lupu-blizgis-45-g\/#primaryimage"},"image":{"@id":"https:\/\/www.malinashop.lt\/shop\/mia-makeup-shine-on-lip-oil-passion-lupu-blizgis-45-g\/#primaryimage"},"thumbnailUrl":"https:\/\/www.malinashop.lt\/wp-content\/uploads\/2024\/11\/MIA-MAKEUP-SHINE-ON-LIP-OIL-PASSION-lupu-blizgis-45-g.png","datePublished":"2024-11-06T12:54:47+00:00","dateModified":"2026-04-06T16:03:39+00:00","description":"MIA MAKEUP l\u016bp\u0173 blizgis ON LIP OIL PASSION \\n \\nMIA MAKEUP SHINE ON LIP OIL \u2013 unikalus aliejin\u0117s formul\u0117s l\u016bp\u0173 blizgesys, suteikiantis nat\u016bral\u0173 spindes\u012f ir...","breadcrumb":{"@id":"https:\/\/www.malinashop.lt\/shop\/mia-makeup-shine-on-lip-oil-passion-lupu-blizgis-45-g\/#breadcrumb"},"inLanguage":"lt-LT","potentialAction":[{"@type":"ReadAction","target":["https:\/\/www.malinashop.lt\/shop\/mia-makeup-shine-on-lip-oil-passion-lupu-blizgis-45-g\/"]}]},{"@type":"ImageObject","inLanguage":"lt-LT","@id":"https:\/\/www.malinashop.lt\/shop\/mia-makeup-shine-on-lip-oil-passion-lupu-blizgis-45-g\/#primaryimage","url":"https:\/\/www.malinashop.lt\/wp-content\/uploads\/2024\/11\/MIA-MAKEUP-SHINE-ON-LIP-OIL-PASSION-lupu-blizgis-45-g.png","contentUrl":"https:\/\/www.malinashop.lt\/wp-content\/uploads\/2024\/11\/MIA-MAKEUP-SHINE-ON-LIP-OIL-PASSION-lupu-blizgis-45-g.png","width":768,"height":768},{"@type":"BreadcrumbList","@id":"https:\/\/www.malinashop.lt\/shop\/mia-makeup-shine-on-lip-oil-passion-lupu-blizgis-45-g\/#breadcrumb","itemListElement":[{"@type":"ListItem","position":1,"name":"Pagrindinis","item":"https:\/\/www.malinashop.lt\/"},{"@type":"ListItem","position":2,"name":"Parduotuv\u0117","item":"https:\/\/www.malinashop.lt\/en\/parduotuve\/"},{"@type":"ListItem","position":3,"name":"MIA MAKEUP SHINE ON LIP OIL PASSION l\u016bp\u0173 blizgis 4,5 g"}]},{"@type":"WebSite","@id":"https:\/\/www.malinashop.lt\/#website","url":"https:\/\/www.malinashop.lt\/","name":"COM Group Ecommerce","description":"MalinaShop.lt - Gro\u017eio ir sveikatos produktai i\u0161 patikim\u0173 preki\u0173 \u017eenkl\u0173. Atraskite auk\u0161tos kokyb\u0117s kosmetik\u0105 u\u017e puiki\u0105 kain\u0105.","publisher":{"@id":"https:\/\/www.malinashop.lt\/#organization"},"potentialAction":[{"@type":"SearchAction","target":{"@type":"EntryPoint","urlTemplate":"https:\/\/www.malinashop.lt\/?s={search_term_string}"},"query-input":{"@type":"PropertyValueSpecification","valueRequired":true,"valueName":"search_term_string"}}],"inLanguage":"lt-LT"},{"@type":"Organization","@id":"https:\/\/www.malinashop.lt\/#organization","name":"COM Group Ecommerce","url":"https:\/\/www.malinashop.lt\/","logo":{"@type":"ImageObject","inLanguage":"lt-LT","@id":"https:\/\/www.malinashop.lt\/#\/schema\/logo\/image\/","url":"https:\/\/www.malinashop.lt\/wp-content\/uploads\/2024\/08\/462559670_3787732518133670_9795632669273463_n-e1731525914575.png","contentUrl":"https:\/\/www.malinashop.lt\/wp-content\/uploads\/2024\/08\/462559670_3787732518133670_9795632669273463_n-e1731525914575.png","width":180,"height":60,"caption":"COM Group Ecommerce"},"image":{"@id":"https:\/\/www.malinashop.lt\/#\/schema\/logo\/image\/"}}]}},"jetpack_sharing_enabled":true,"_links":{"self":[{"href":"https:\/\/www.malinashop.lt\/lt_lt\/wp-json\/wp\/v2\/product\/20894","targetHints":{"allow":["GET"]}}],"collection":[{"href":"https:\/\/www.malinashop.lt\/lt_lt\/wp-json\/wp\/v2\/product"}],"about":[{"href":"https:\/\/www.malinashop.lt\/lt_lt\/wp-json\/wp\/v2\/types\/product"}],"version-history":[{"count":2,"href":"https:\/\/www.malinashop.lt\/lt_lt\/wp-json\/wp\/v2\/product\/20894\/revisions"}],"predecessor-version":[{"id":76311,"href":"https:\/\/www.malinashop.lt\/lt_lt\/wp-json\/wp\/v2\/product\/20894\/revisions\/76311"}],"wp:featuredmedia":[{"embeddable":true,"href":"https:\/\/www.malinashop.lt\/lt_lt\/wp-json\/wp\/v2\/media\/18383"}],"wp:attachment":[{"href":"https:\/\/www.malinashop.lt\/lt_lt\/wp-json\/wp\/v2\/media?parent=20894"}],"wp:term":[{"taxonomy":"product_brand","embeddable":true,"href":"https:\/\/www.malinashop.lt\/lt_lt\/wp-json\/wp\/v2\/product_brand?post=20894"},{"taxonomy":"product_cat","embeddable":true,"href":"https:\/\/www.malinashop.lt\/lt_lt\/wp-json\/wp\/v2\/product_cat?post=20894"},{"taxonomy":"product_tag","embeddable":true,"href":"https:\/\/www.malinashop.lt\/lt_lt\/wp-json\/wp\/v2\/product_tag?post=20894"}],"curies":[{"name":"wp","href":"https:\/\/api.w.org\/{rel}","templated":true}]}}