{"id":20886,"date":"2024-11-06T15:54:43","date_gmt":"2024-11-06T12:54:43","guid":{"rendered":"https:\/\/malinashop.lt\/produktas\/mia-makeup-cleansing-in-the-dark-valomasis-veido-prausiklis-su-aktyviaja-anglimi-200-ml\/"},"modified":"2026-04-06T19:03:37","modified_gmt":"2026-04-06T16:03:37","slug":"mia-makeup-cleansing-in-the-dark-valomasis-veido-prausiklis-su-aktyviaja-anglimi-200-ml","status":"publish","type":"product","link":"https:\/\/www.malinashop.lt\/lt_lt\/shop\/mia-makeup-cleansing-in-the-dark-valomasis-veido-prausiklis-su-aktyviaja-anglimi-200-ml\/","title":{"rendered":"MIA MAKEUP CLEANSING IN THE DARK valomasis veido prausiklis su aktyvi\u0105ja anglimi , 200 ml"},"content":{"rendered":"<p>MIA MAKEUP valomasis veido prausiklis su aktyvi\u0105ja anglimi CLEANSING IN THE DARK<\/p>\n<p>MIA MAKEUP veido prausiklis su aktyvuota anglimi ir alaviju \u2013 ideali priemon\u0117 riebiai bei mi\u0161riai odai. Aktyvioji anglis veikia kaip magnetas, efektyviai sugeria ne\u0161varumus ir toksinus, o alavijas u\u017etikrina odos dr\u0117kinim\u0105 bei balans\u0105. Prausiklis suteikia \u0161varos ir gaivumo poj\u016bt\u012f, palikdamas od\u0105 \u0161velni\u0105 ir \u0161vytin\u010di\u0105, taip pat padeda reguliuoti riebal\u0173 i\u0161siskyrim\u0105.<\/p>\n<p>Naudojimas: Tepkite ryte ir vakare ant dr\u0117gno veido sukamaisiais judesiais, tada nuplaukite vandeniu.<\/p>\n","protected":false},"excerpt":{"rendered":"<p>MIA MAKEUP valomasis veido prausiklis su aktyvi\u0105ja anglimi CLEANSING IN THE DARK <\/p>\n<p>MIA MAKEUP veido prausiklis su aktyvuota anglimi ir alaviju \u2013 ideali priemon\u0117 riebiai bei mi\u0161riai odai.<\/p>\n","protected":false},"featured_media":18236,"template":"","meta":[],"product_brand":[522],"product_cat":[102,537,728],"product_tag":[1633],"class_list":{"0":"post-20886","1":"product","2":"type-product","3":"status-publish","4":"has-post-thumbnail","6":"product_brand-mia-makeup","7":"product_cat-dekoratyvine-kosmetika","8":"product_cat-veido-valymo-priemones","9":"product_cat-veidui","10":"product_tag-mia-makeup","12":"first","13":"outofstock","14":"sale","15":"taxable","16":"shipping-taxable","17":"purchasable","18":"product-type-simple"},"yoast_head":"<!-- This site is optimized with the Yoast SEO plugin v27.4 - https:\/\/yoast.com\/product\/yoast-seo-wordpress\/ -->\n<title>MIA MAKEUP CLEANSING IN THE DARK valomasis veido prausiklis su aktyvi\u0105ja anglimi , 200 ml - MalinaShop.lt J\u016bs\u0173 sveikatai ir gro\u017eiui.<\/title>\n<meta name=\"description\" content=\"MIA MAKEUP valomasis veido prausiklis su aktyvi\u0105ja anglimi CLEANSING IN THE DARK n nMIA MAKEUP veido prausiklis su aktyvuota anglimi ir alaviju \u2013 ideali...\" \/>\n<meta name=\"robots\" content=\"index, follow, max-snippet:-1, max-image-preview:large, max-video-preview:-1\" \/>\n<link rel=\"canonical\" href=\"https:\/\/www.malinashop.lt\/lt_lt\/shop\/mia-makeup-cleansing-in-the-dark-valomasis-veido-prausiklis-su-aktyviaja-anglimi-200-ml\/\" \/>\n<meta property=\"og:locale\" content=\"lt_LT\" \/>\n<meta property=\"og:type\" content=\"article\" \/>\n<meta property=\"og:title\" content=\"MIA MAKEUP CLEANSING IN THE DARK valomasis veido prausiklis su aktyvi\u0105ja anglimi , 200 ml - MalinaShop.lt J\u016bs\u0173 sveikatai ir gro\u017eiui.\" \/>\n<meta property=\"og:description\" content=\"MIA MAKEUP valomasis veido prausiklis su aktyvi\u0105ja anglimi CLEANSING IN THE DARK n nMIA MAKEUP veido prausiklis su aktyvuota anglimi ir alaviju \u2013 ideali...\" \/>\n<meta property=\"og:url\" content=\"https:\/\/www.malinashop.lt\/lt_lt\/shop\/mia-makeup-cleansing-in-the-dark-valomasis-veido-prausiklis-su-aktyviaja-anglimi-200-ml\/\" \/>\n<meta property=\"og:site_name\" content=\"MalinaShop.lt J\u016bs\u0173 sveikatai ir gro\u017eiui.\" \/>\n<meta property=\"article:modified_time\" content=\"2026-04-06T16:03:37+00:00\" \/>\n<meta property=\"og:image\" content=\"https:\/\/www.malinashop.lt\/wp-content\/uploads\/2024\/11\/MIA-MAKEUP-CLEANSING-IN-THE-DARK-valomasis-veido-prausiklis-su-aktyviaja-anglimi-200-ml.png\" \/>\n\t<meta property=\"og:image:width\" content=\"768\" \/>\n\t<meta property=\"og:image:height\" content=\"768\" \/>\n\t<meta property=\"og:image:type\" content=\"image\/png\" \/>\n<meta name=\"twitter:card\" content=\"summary_large_image\" \/>\n<script type=\"application\/ld+json\" class=\"yoast-schema-graph\">{\"@context\":\"https:\\\/\\\/schema.org\",\"@graph\":[{\"@type\":\"WebPage\",\"@id\":\"https:\\\/\\\/www.malinashop.lt\\\/lt_lt\\\/shop\\\/mia-makeup-cleansing-in-the-dark-valomasis-veido-prausiklis-su-aktyviaja-anglimi-200-ml\\\/\",\"url\":\"https:\\\/\\\/www.malinashop.lt\\\/lt_lt\\\/shop\\\/mia-makeup-cleansing-in-the-dark-valomasis-veido-prausiklis-su-aktyviaja-anglimi-200-ml\\\/\",\"name\":\"MIA MAKEUP CLEANSING IN THE DARK valomasis veido prausiklis su aktyvi\u0105ja anglimi , 200 ml - MalinaShop.lt J\u016bs\u0173 sveikatai ir gro\u017eiui.\",\"isPartOf\":{\"@id\":\"https:\\\/\\\/www.malinashop.lt\\\/en\\\/#website\"},\"primaryImageOfPage\":{\"@id\":\"https:\\\/\\\/www.malinashop.lt\\\/lt_lt\\\/shop\\\/mia-makeup-cleansing-in-the-dark-valomasis-veido-prausiklis-su-aktyviaja-anglimi-200-ml\\\/#primaryimage\"},\"image\":{\"@id\":\"https:\\\/\\\/www.malinashop.lt\\\/lt_lt\\\/shop\\\/mia-makeup-cleansing-in-the-dark-valomasis-veido-prausiklis-su-aktyviaja-anglimi-200-ml\\\/#primaryimage\"},\"thumbnailUrl\":\"https:\\\/\\\/www.malinashop.lt\\\/wp-content\\\/uploads\\\/2024\\\/11\\\/MIA-MAKEUP-CLEANSING-IN-THE-DARK-valomasis-veido-prausiklis-su-aktyviaja-anglimi-200-ml.png\",\"datePublished\":\"2024-11-06T12:54:43+00:00\",\"dateModified\":\"2026-04-06T16:03:37+00:00\",\"description\":\"MIA MAKEUP valomasis veido prausiklis su aktyvi\u0105ja anglimi CLEANSING IN THE DARK \\\\n \\\\nMIA MAKEUP veido prausiklis su aktyvuota anglimi ir alaviju \u2013 ideali...\",\"breadcrumb\":{\"@id\":\"https:\\\/\\\/www.malinashop.lt\\\/lt_lt\\\/shop\\\/mia-makeup-cleansing-in-the-dark-valomasis-veido-prausiklis-su-aktyviaja-anglimi-200-ml\\\/#breadcrumb\"},\"inLanguage\":\"lt-LT\",\"potentialAction\":[{\"@type\":\"ReadAction\",\"target\":[\"https:\\\/\\\/www.malinashop.lt\\\/lt_lt\\\/shop\\\/mia-makeup-cleansing-in-the-dark-valomasis-veido-prausiklis-su-aktyviaja-anglimi-200-ml\\\/\"]}]},{\"@type\":\"ImageObject\",\"inLanguage\":\"lt-LT\",\"@id\":\"https:\\\/\\\/www.malinashop.lt\\\/lt_lt\\\/shop\\\/mia-makeup-cleansing-in-the-dark-valomasis-veido-prausiklis-su-aktyviaja-anglimi-200-ml\\\/#primaryimage\",\"url\":\"https:\\\/\\\/www.malinashop.lt\\\/wp-content\\\/uploads\\\/2024\\\/11\\\/MIA-MAKEUP-CLEANSING-IN-THE-DARK-valomasis-veido-prausiklis-su-aktyviaja-anglimi-200-ml.png\",\"contentUrl\":\"https:\\\/\\\/www.malinashop.lt\\\/wp-content\\\/uploads\\\/2024\\\/11\\\/MIA-MAKEUP-CLEANSING-IN-THE-DARK-valomasis-veido-prausiklis-su-aktyviaja-anglimi-200-ml.png\",\"width\":768,\"height\":768},{\"@type\":\"BreadcrumbList\",\"@id\":\"https:\\\/\\\/www.malinashop.lt\\\/lt_lt\\\/shop\\\/mia-makeup-cleansing-in-the-dark-valomasis-veido-prausiklis-su-aktyviaja-anglimi-200-ml\\\/#breadcrumb\",\"itemListElement\":[{\"@type\":\"ListItem\",\"position\":1,\"name\":\"Home\",\"item\":\"https:\\\/\\\/www.malinashop.lt\\\/en\\\/\"},{\"@type\":\"ListItem\",\"position\":2,\"name\":\"Parduotuv\u0117\",\"item\":\"https:\\\/\\\/www.malinashop.lt\\\/en\\\/parduotuve\\\/\"},{\"@type\":\"ListItem\",\"position\":3,\"name\":\"MIA MAKEUP CLEANSING IN THE DARK valomasis veido prausiklis su aktyvi\u0105ja anglimi , 200 ml\"}]},{\"@type\":\"WebSite\",\"@id\":\"https:\\\/\\\/www.malinashop.lt\\\/en\\\/#website\",\"url\":\"https:\\\/\\\/www.malinashop.lt\\\/en\\\/\",\"name\":\"COM Group Ecommerce\",\"description\":\"MalinaShop.lt - Gro\u017eio ir sveikatos produktai i\u0161 patikim\u0173 preki\u0173 \u017eenkl\u0173. Atraskite auk\u0161tos kokyb\u0117s kosmetik\u0105 u\u017e puiki\u0105 kain\u0105.\",\"publisher\":{\"@id\":\"https:\\\/\\\/www.malinashop.lt\\\/en\\\/#organization\"},\"potentialAction\":[{\"@type\":\"SearchAction\",\"target\":{\"@type\":\"EntryPoint\",\"urlTemplate\":\"https:\\\/\\\/www.malinashop.lt\\\/en\\\/?s={search_term_string}\"},\"query-input\":{\"@type\":\"PropertyValueSpecification\",\"valueRequired\":true,\"valueName\":\"search_term_string\"}}],\"inLanguage\":\"lt-LT\"},{\"@type\":\"Organization\",\"@id\":\"https:\\\/\\\/www.malinashop.lt\\\/en\\\/#organization\",\"name\":\"COM Group Ecommerce\",\"url\":\"https:\\\/\\\/www.malinashop.lt\\\/en\\\/\",\"logo\":{\"@type\":\"ImageObject\",\"inLanguage\":\"lt-LT\",\"@id\":\"https:\\\/\\\/www.malinashop.lt\\\/en\\\/#\\\/schema\\\/logo\\\/image\\\/\",\"url\":\"https:\\\/\\\/www.malinashop.lt\\\/wp-content\\\/uploads\\\/2024\\\/08\\\/462559670_3787732518133670_9795632669273463_n-e1731525914575.png\",\"contentUrl\":\"https:\\\/\\\/www.malinashop.lt\\\/wp-content\\\/uploads\\\/2024\\\/08\\\/462559670_3787732518133670_9795632669273463_n-e1731525914575.png\",\"width\":180,\"height\":60,\"caption\":\"COM Group Ecommerce\"},\"image\":{\"@id\":\"https:\\\/\\\/www.malinashop.lt\\\/en\\\/#\\\/schema\\\/logo\\\/image\\\/\"}}]}<\/script>\n<!-- \/ Yoast SEO plugin. -->","yoast_head_json":{"title":"MIA MAKEUP CLEANSING IN THE DARK valomasis veido prausiklis su aktyvi\u0105ja anglimi , 200 ml - MalinaShop.lt J\u016bs\u0173 sveikatai ir gro\u017eiui.","description":"MIA MAKEUP valomasis veido prausiklis su aktyvi\u0105ja anglimi CLEANSING IN THE DARK n nMIA MAKEUP veido prausiklis su aktyvuota anglimi ir alaviju \u2013 ideali...","robots":{"index":"index","follow":"follow","max-snippet":"max-snippet:-1","max-image-preview":"max-image-preview:large","max-video-preview":"max-video-preview:-1"},"canonical":"https:\/\/www.malinashop.lt\/lt_lt\/shop\/mia-makeup-cleansing-in-the-dark-valomasis-veido-prausiklis-su-aktyviaja-anglimi-200-ml\/","og_locale":"lt_LT","og_type":"article","og_title":"MIA MAKEUP CLEANSING IN THE DARK valomasis veido prausiklis su aktyvi\u0105ja anglimi , 200 ml - MalinaShop.lt J\u016bs\u0173 sveikatai ir gro\u017eiui.","og_description":"MIA MAKEUP valomasis veido prausiklis su aktyvi\u0105ja anglimi CLEANSING IN THE DARK n nMIA MAKEUP veido prausiklis su aktyvuota anglimi ir alaviju \u2013 ideali...","og_url":"https:\/\/www.malinashop.lt\/lt_lt\/shop\/mia-makeup-cleansing-in-the-dark-valomasis-veido-prausiklis-su-aktyviaja-anglimi-200-ml\/","og_site_name":"MalinaShop.lt J\u016bs\u0173 sveikatai ir gro\u017eiui.","article_modified_time":"2026-04-06T16:03:37+00:00","og_image":[{"width":768,"height":768,"url":"https:\/\/www.malinashop.lt\/wp-content\/uploads\/2024\/11\/MIA-MAKEUP-CLEANSING-IN-THE-DARK-valomasis-veido-prausiklis-su-aktyviaja-anglimi-200-ml.png","type":"image\/png"}],"twitter_card":"summary_large_image","schema":{"@context":"https:\/\/schema.org","@graph":[{"@type":"WebPage","@id":"https:\/\/www.malinashop.lt\/lt_lt\/shop\/mia-makeup-cleansing-in-the-dark-valomasis-veido-prausiklis-su-aktyviaja-anglimi-200-ml\/","url":"https:\/\/www.malinashop.lt\/lt_lt\/shop\/mia-makeup-cleansing-in-the-dark-valomasis-veido-prausiklis-su-aktyviaja-anglimi-200-ml\/","name":"MIA MAKEUP CLEANSING IN THE DARK valomasis veido prausiklis su aktyvi\u0105ja anglimi , 200 ml - MalinaShop.lt J\u016bs\u0173 sveikatai ir gro\u017eiui.","isPartOf":{"@id":"https:\/\/www.malinashop.lt\/en\/#website"},"primaryImageOfPage":{"@id":"https:\/\/www.malinashop.lt\/lt_lt\/shop\/mia-makeup-cleansing-in-the-dark-valomasis-veido-prausiklis-su-aktyviaja-anglimi-200-ml\/#primaryimage"},"image":{"@id":"https:\/\/www.malinashop.lt\/lt_lt\/shop\/mia-makeup-cleansing-in-the-dark-valomasis-veido-prausiklis-su-aktyviaja-anglimi-200-ml\/#primaryimage"},"thumbnailUrl":"https:\/\/www.malinashop.lt\/wp-content\/uploads\/2024\/11\/MIA-MAKEUP-CLEANSING-IN-THE-DARK-valomasis-veido-prausiklis-su-aktyviaja-anglimi-200-ml.png","datePublished":"2024-11-06T12:54:43+00:00","dateModified":"2026-04-06T16:03:37+00:00","description":"MIA MAKEUP valomasis veido prausiklis su aktyvi\u0105ja anglimi CLEANSING IN THE DARK \\n \\nMIA MAKEUP veido prausiklis su aktyvuota anglimi ir alaviju \u2013 ideali...","breadcrumb":{"@id":"https:\/\/www.malinashop.lt\/lt_lt\/shop\/mia-makeup-cleansing-in-the-dark-valomasis-veido-prausiklis-su-aktyviaja-anglimi-200-ml\/#breadcrumb"},"inLanguage":"lt-LT","potentialAction":[{"@type":"ReadAction","target":["https:\/\/www.malinashop.lt\/lt_lt\/shop\/mia-makeup-cleansing-in-the-dark-valomasis-veido-prausiklis-su-aktyviaja-anglimi-200-ml\/"]}]},{"@type":"ImageObject","inLanguage":"lt-LT","@id":"https:\/\/www.malinashop.lt\/lt_lt\/shop\/mia-makeup-cleansing-in-the-dark-valomasis-veido-prausiklis-su-aktyviaja-anglimi-200-ml\/#primaryimage","url":"https:\/\/www.malinashop.lt\/wp-content\/uploads\/2024\/11\/MIA-MAKEUP-CLEANSING-IN-THE-DARK-valomasis-veido-prausiklis-su-aktyviaja-anglimi-200-ml.png","contentUrl":"https:\/\/www.malinashop.lt\/wp-content\/uploads\/2024\/11\/MIA-MAKEUP-CLEANSING-IN-THE-DARK-valomasis-veido-prausiklis-su-aktyviaja-anglimi-200-ml.png","width":768,"height":768},{"@type":"BreadcrumbList","@id":"https:\/\/www.malinashop.lt\/lt_lt\/shop\/mia-makeup-cleansing-in-the-dark-valomasis-veido-prausiklis-su-aktyviaja-anglimi-200-ml\/#breadcrumb","itemListElement":[{"@type":"ListItem","position":1,"name":"Home","item":"https:\/\/www.malinashop.lt\/en\/"},{"@type":"ListItem","position":2,"name":"Parduotuv\u0117","item":"https:\/\/www.malinashop.lt\/en\/parduotuve\/"},{"@type":"ListItem","position":3,"name":"MIA MAKEUP CLEANSING IN THE DARK valomasis veido prausiklis su aktyvi\u0105ja anglimi , 200 ml"}]},{"@type":"WebSite","@id":"https:\/\/www.malinashop.lt\/en\/#website","url":"https:\/\/www.malinashop.lt\/en\/","name":"COM Group Ecommerce","description":"MalinaShop.lt - Gro\u017eio ir sveikatos produktai i\u0161 patikim\u0173 preki\u0173 \u017eenkl\u0173. Atraskite auk\u0161tos kokyb\u0117s kosmetik\u0105 u\u017e puiki\u0105 kain\u0105.","publisher":{"@id":"https:\/\/www.malinashop.lt\/en\/#organization"},"potentialAction":[{"@type":"SearchAction","target":{"@type":"EntryPoint","urlTemplate":"https:\/\/www.malinashop.lt\/en\/?s={search_term_string}"},"query-input":{"@type":"PropertyValueSpecification","valueRequired":true,"valueName":"search_term_string"}}],"inLanguage":"lt-LT"},{"@type":"Organization","@id":"https:\/\/www.malinashop.lt\/en\/#organization","name":"COM Group Ecommerce","url":"https:\/\/www.malinashop.lt\/en\/","logo":{"@type":"ImageObject","inLanguage":"lt-LT","@id":"https:\/\/www.malinashop.lt\/en\/#\/schema\/logo\/image\/","url":"https:\/\/www.malinashop.lt\/wp-content\/uploads\/2024\/08\/462559670_3787732518133670_9795632669273463_n-e1731525914575.png","contentUrl":"https:\/\/www.malinashop.lt\/wp-content\/uploads\/2024\/08\/462559670_3787732518133670_9795632669273463_n-e1731525914575.png","width":180,"height":60,"caption":"COM Group Ecommerce"},"image":{"@id":"https:\/\/www.malinashop.lt\/en\/#\/schema\/logo\/image\/"}}]}},"jetpack_sharing_enabled":true,"_links":{"self":[{"href":"https:\/\/www.malinashop.lt\/lt_lt\/wp-json\/wp\/v2\/product\/20886","targetHints":{"allow":["GET"]}}],"collection":[{"href":"https:\/\/www.malinashop.lt\/lt_lt\/wp-json\/wp\/v2\/product"}],"about":[{"href":"https:\/\/www.malinashop.lt\/lt_lt\/wp-json\/wp\/v2\/types\/product"}],"version-history":[{"count":2,"href":"https:\/\/www.malinashop.lt\/lt_lt\/wp-json\/wp\/v2\/product\/20886\/revisions"}],"predecessor-version":[{"id":76307,"href":"https:\/\/www.malinashop.lt\/lt_lt\/wp-json\/wp\/v2\/product\/20886\/revisions\/76307"}],"wp:featuredmedia":[{"embeddable":true,"href":"https:\/\/www.malinashop.lt\/lt_lt\/wp-json\/wp\/v2\/media\/18236"}],"wp:attachment":[{"href":"https:\/\/www.malinashop.lt\/lt_lt\/wp-json\/wp\/v2\/media?parent=20886"}],"wp:term":[{"taxonomy":"product_brand","embeddable":true,"href":"https:\/\/www.malinashop.lt\/lt_lt\/wp-json\/wp\/v2\/product_brand?post=20886"},{"taxonomy":"product_cat","embeddable":true,"href":"https:\/\/www.malinashop.lt\/lt_lt\/wp-json\/wp\/v2\/product_cat?post=20886"},{"taxonomy":"product_tag","embeddable":true,"href":"https:\/\/www.malinashop.lt\/lt_lt\/wp-json\/wp\/v2\/product_tag?post=20886"}],"curies":[{"name":"wp","href":"https:\/\/api.w.org\/{rel}","templated":true}]}}