{"id":20880,"date":"2024-11-06T15:54:43","date_gmt":"2024-11-06T12:54:43","guid":{"rendered":"https:\/\/malinashop.lt\/produktas\/mia-makeup-4ever-fluid-foundation-01-porcelain-ilgai-isliekantis-makiazo-pagrindas-30-ml\/"},"modified":"2026-04-06T19:03:36","modified_gmt":"2026-04-06T16:03:36","slug":"mia-makeup-4ever-fluid-foundation-01-porcelain-ilgai-isliekantis-makiazo-pagrindas-30-ml","status":"publish","type":"product","link":"https:\/\/www.malinashop.lt\/lt_lt\/shop\/mia-makeup-4ever-fluid-foundation-01-porcelain-ilgai-isliekantis-makiazo-pagrindas-30-ml\/","title":{"rendered":"MIA MAKEUP 4EVER FLUID FOUNDATION 01 POR\u2026"},"content":{"rendered":"<p>MIA MAKEUP ilgai i\u0161liekantis makia\u017eo pagrindas 4EVER FLUID FOUNDATION \u2013 01 PORCELAIN<\/p>\n<p>\u0160is ilgai i\u0161liekantis makia\u017eo pagrindas u\u017etikrina nepriekai\u0161ting\u0105 odos i\u0161vaizd\u0105 vis\u0105 dien\u0105. D\u0117l sud\u0117tyje esan\u010dio jojobos aliejaus ir alavijo, 4EVER FLUID FOUNDATION prisitaiko prie vis\u0173 odos tip\u0173, suteikdamas komforto jausm\u0105 iki 24 valand\u0173. \u0160velni matin\u0117 tekst\u016bra suma\u017eina poras ir odos blizges\u012f, suteikdama tolygi\u0105 spalv\u0105 bei glotni\u0105 tekst\u016br\u0105. Spalv\u0105 01 PORCELAIN galima mai\u0161yti su kitais atspalviais, kad i\u0161gautum\u0117te puikiai tinkant\u012f ton\u0105.<\/p>\n<p>Naudojimas: tepkite ant \u0161varios odos, naudodami makia\u017eo \u0161epet\u0117l\u012f ar kempin\u0117l\u0119 (blender\u012f) optimaliai dangaus kokybei pasiekti.<\/p>\n","protected":false},"excerpt":{"rendered":"<p>MIA MAKEUP ilgai i\u0161liekantis makia\u017eo pagrindas 4EVER FLUID FOUNDATION \u2013 01 PORCELAIN<br \/>\n \u0160is ilgai i\u0161liekantis makia\u017eo pagrindas u\u017etikrina nepriekai\u0161ting\u0105 odos i\u0161vaizd\u0105 vis\u0105 dien\u0105.<\/p>\n","protected":false},"featured_media":18197,"template":"","meta":[],"product_brand":[522],"product_cat":[102,530],"product_tag":[1633],"class_list":{"0":"post-20880","1":"product","2":"type-product","3":"status-publish","4":"has-post-thumbnail","6":"product_brand-mia-makeup","7":"product_cat-dekoratyvine-kosmetika","8":"product_cat-makiazo-pagrindas","9":"product_tag-mia-makeup","11":"first","12":"outofstock","13":"sale","14":"taxable","15":"shipping-taxable","16":"purchasable","17":"product-type-simple"},"yoast_head":"<!-- This site is optimized with the Yoast SEO plugin v27.4 - https:\/\/yoast.com\/product\/yoast-seo-wordpress\/ -->\n<title>MIA MAKEUP 4EVER FLUID FOUNDATION 01 POR\u2026 - MalinaShop.lt J\u016bs\u0173 sveikatai ir gro\u017eiui.<\/title>\n<meta name=\"description\" content=\"MIA MAKEUP ilgai i\u0161liekantis makia\u017eo pagrindas 4EVER FLUID FOUNDATION \u2013 01 PORCELAIN n \u0160is ilgai i\u0161liekantis makia\u017eo pagrindas u\u017etikrina nepriekai\u0161ting\u0105...\" \/>\n<meta name=\"robots\" content=\"index, follow, max-snippet:-1, max-image-preview:large, max-video-preview:-1\" \/>\n<link rel=\"canonical\" href=\"https:\/\/www.malinashop.lt\/lt_lt\/shop\/mia-makeup-4ever-fluid-foundation-01-porcelain-ilgai-isliekantis-makiazo-pagrindas-30-ml\/\" \/>\n<meta property=\"og:locale\" content=\"lt_LT\" \/>\n<meta property=\"og:type\" content=\"article\" \/>\n<meta property=\"og:title\" content=\"MIA MAKEUP 4EVER FLUID FOUNDATION 01 POR\u2026 - MalinaShop.lt J\u016bs\u0173 sveikatai ir gro\u017eiui.\" \/>\n<meta property=\"og:description\" content=\"MIA MAKEUP ilgai i\u0161liekantis makia\u017eo pagrindas 4EVER FLUID FOUNDATION \u2013 01 PORCELAIN n \u0160is ilgai i\u0161liekantis makia\u017eo pagrindas u\u017etikrina nepriekai\u0161ting\u0105...\" \/>\n<meta property=\"og:url\" content=\"https:\/\/www.malinashop.lt\/lt_lt\/shop\/mia-makeup-4ever-fluid-foundation-01-porcelain-ilgai-isliekantis-makiazo-pagrindas-30-ml\/\" \/>\n<meta property=\"og:site_name\" content=\"MalinaShop.lt J\u016bs\u0173 sveikatai ir gro\u017eiui.\" \/>\n<meta property=\"article:modified_time\" content=\"2026-04-06T16:03:36+00:00\" \/>\n<meta property=\"og:image\" content=\"https:\/\/www.malinashop.lt\/wp-content\/uploads\/2024\/11\/MIA-MAKEUP-4EVER-FLUID-FOUNDATION-01-PORCELAIN-ilgai-isliekantis-makiazo-pagrindas-30-ml.png\" \/>\n\t<meta property=\"og:image:width\" content=\"768\" \/>\n\t<meta property=\"og:image:height\" content=\"768\" \/>\n\t<meta property=\"og:image:type\" content=\"image\/png\" \/>\n<meta name=\"twitter:card\" content=\"summary_large_image\" \/>\n<script type=\"application\/ld+json\" class=\"yoast-schema-graph\">{\"@context\":\"https:\\\/\\\/schema.org\",\"@graph\":[{\"@type\":\"WebPage\",\"@id\":\"https:\\\/\\\/www.malinashop.lt\\\/en\\\/shop\\\/mia-makeup-4ever-fluid-foundation-01-porcelain-ilgai-isliekantis-makiazo-pagrindas-30-ml\\\/\",\"url\":\"https:\\\/\\\/www.malinashop.lt\\\/en\\\/shop\\\/mia-makeup-4ever-fluid-foundation-01-porcelain-ilgai-isliekantis-makiazo-pagrindas-30-ml\\\/\",\"name\":\"MIA MAKEUP 4EVER FLUID FOUNDATION 01 POR\u2026 - MalinaShop.lt J\u016bs\u0173 sveikatai ir gro\u017eiui.\",\"isPartOf\":{\"@id\":\"https:\\\/\\\/www.malinashop.lt\\\/en\\\/#website\"},\"primaryImageOfPage\":{\"@id\":\"https:\\\/\\\/www.malinashop.lt\\\/en\\\/shop\\\/mia-makeup-4ever-fluid-foundation-01-porcelain-ilgai-isliekantis-makiazo-pagrindas-30-ml\\\/#primaryimage\"},\"image\":{\"@id\":\"https:\\\/\\\/www.malinashop.lt\\\/en\\\/shop\\\/mia-makeup-4ever-fluid-foundation-01-porcelain-ilgai-isliekantis-makiazo-pagrindas-30-ml\\\/#primaryimage\"},\"thumbnailUrl\":\"https:\\\/\\\/www.malinashop.lt\\\/wp-content\\\/uploads\\\/2024\\\/11\\\/MIA-MAKEUP-4EVER-FLUID-FOUNDATION-01-PORCELAIN-ilgai-isliekantis-makiazo-pagrindas-30-ml.png\",\"datePublished\":\"2024-11-06T12:54:43+00:00\",\"dateModified\":\"2026-04-06T16:03:36+00:00\",\"description\":\"MIA MAKEUP ilgai i\u0161liekantis makia\u017eo pagrindas 4EVER FLUID FOUNDATION \u2013 01 PORCELAIN \\\\n \u0160is ilgai i\u0161liekantis makia\u017eo pagrindas u\u017etikrina nepriekai\u0161ting\u0105...\",\"breadcrumb\":{\"@id\":\"https:\\\/\\\/www.malinashop.lt\\\/en\\\/shop\\\/mia-makeup-4ever-fluid-foundation-01-porcelain-ilgai-isliekantis-makiazo-pagrindas-30-ml\\\/#breadcrumb\"},\"inLanguage\":\"lt-LT\",\"potentialAction\":[{\"@type\":\"ReadAction\",\"target\":[\"https:\\\/\\\/www.malinashop.lt\\\/en\\\/shop\\\/mia-makeup-4ever-fluid-foundation-01-porcelain-ilgai-isliekantis-makiazo-pagrindas-30-ml\\\/\"]}]},{\"@type\":\"ImageObject\",\"inLanguage\":\"lt-LT\",\"@id\":\"https:\\\/\\\/www.malinashop.lt\\\/en\\\/shop\\\/mia-makeup-4ever-fluid-foundation-01-porcelain-ilgai-isliekantis-makiazo-pagrindas-30-ml\\\/#primaryimage\",\"url\":\"https:\\\/\\\/www.malinashop.lt\\\/wp-content\\\/uploads\\\/2024\\\/11\\\/MIA-MAKEUP-4EVER-FLUID-FOUNDATION-01-PORCELAIN-ilgai-isliekantis-makiazo-pagrindas-30-ml.png\",\"contentUrl\":\"https:\\\/\\\/www.malinashop.lt\\\/wp-content\\\/uploads\\\/2024\\\/11\\\/MIA-MAKEUP-4EVER-FLUID-FOUNDATION-01-PORCELAIN-ilgai-isliekantis-makiazo-pagrindas-30-ml.png\",\"width\":768,\"height\":768},{\"@type\":\"BreadcrumbList\",\"@id\":\"https:\\\/\\\/www.malinashop.lt\\\/en\\\/shop\\\/mia-makeup-4ever-fluid-foundation-01-porcelain-ilgai-isliekantis-makiazo-pagrindas-30-ml\\\/#breadcrumb\",\"itemListElement\":[{\"@type\":\"ListItem\",\"position\":1,\"name\":\"Home\",\"item\":\"https:\\\/\\\/www.malinashop.lt\\\/en\\\/\"},{\"@type\":\"ListItem\",\"position\":2,\"name\":\"Parduotuv\u0117\",\"item\":\"https:\\\/\\\/www.malinashop.lt\\\/en\\\/parduotuve\\\/\"},{\"@type\":\"ListItem\",\"position\":3,\"name\":\"MIA MAKEUP 4EVER FLUID FOUNDATION 01 POR\u2026\"}]},{\"@type\":\"WebSite\",\"@id\":\"https:\\\/\\\/www.malinashop.lt\\\/en\\\/#website\",\"url\":\"https:\\\/\\\/www.malinashop.lt\\\/en\\\/\",\"name\":\"COM Group Ecommerce\",\"description\":\"MalinaShop.lt - Gro\u017eio ir sveikatos produktai i\u0161 patikim\u0173 preki\u0173 \u017eenkl\u0173. Atraskite auk\u0161tos kokyb\u0117s kosmetik\u0105 u\u017e puiki\u0105 kain\u0105.\",\"publisher\":{\"@id\":\"https:\\\/\\\/www.malinashop.lt\\\/en\\\/#organization\"},\"potentialAction\":[{\"@type\":\"SearchAction\",\"target\":{\"@type\":\"EntryPoint\",\"urlTemplate\":\"https:\\\/\\\/www.malinashop.lt\\\/en\\\/?s={search_term_string}\"},\"query-input\":{\"@type\":\"PropertyValueSpecification\",\"valueRequired\":true,\"valueName\":\"search_term_string\"}}],\"inLanguage\":\"lt-LT\"},{\"@type\":\"Organization\",\"@id\":\"https:\\\/\\\/www.malinashop.lt\\\/en\\\/#organization\",\"name\":\"COM Group Ecommerce\",\"url\":\"https:\\\/\\\/www.malinashop.lt\\\/en\\\/\",\"logo\":{\"@type\":\"ImageObject\",\"inLanguage\":\"lt-LT\",\"@id\":\"https:\\\/\\\/www.malinashop.lt\\\/en\\\/#\\\/schema\\\/logo\\\/image\\\/\",\"url\":\"https:\\\/\\\/www.malinashop.lt\\\/wp-content\\\/uploads\\\/2024\\\/08\\\/462559670_3787732518133670_9795632669273463_n-e1731525914575.png\",\"contentUrl\":\"https:\\\/\\\/www.malinashop.lt\\\/wp-content\\\/uploads\\\/2024\\\/08\\\/462559670_3787732518133670_9795632669273463_n-e1731525914575.png\",\"width\":180,\"height\":60,\"caption\":\"COM Group Ecommerce\"},\"image\":{\"@id\":\"https:\\\/\\\/www.malinashop.lt\\\/en\\\/#\\\/schema\\\/logo\\\/image\\\/\"}}]}<\/script>\n<!-- \/ Yoast SEO plugin. -->","yoast_head_json":{"title":"MIA MAKEUP 4EVER FLUID FOUNDATION 01 POR\u2026 - MalinaShop.lt J\u016bs\u0173 sveikatai ir gro\u017eiui.","description":"MIA MAKEUP ilgai i\u0161liekantis makia\u017eo pagrindas 4EVER FLUID FOUNDATION \u2013 01 PORCELAIN n \u0160is ilgai i\u0161liekantis makia\u017eo pagrindas u\u017etikrina nepriekai\u0161ting\u0105...","robots":{"index":"index","follow":"follow","max-snippet":"max-snippet:-1","max-image-preview":"max-image-preview:large","max-video-preview":"max-video-preview:-1"},"canonical":"https:\/\/www.malinashop.lt\/lt_lt\/shop\/mia-makeup-4ever-fluid-foundation-01-porcelain-ilgai-isliekantis-makiazo-pagrindas-30-ml\/","og_locale":"lt_LT","og_type":"article","og_title":"MIA MAKEUP 4EVER FLUID FOUNDATION 01 POR\u2026 - MalinaShop.lt J\u016bs\u0173 sveikatai ir gro\u017eiui.","og_description":"MIA MAKEUP ilgai i\u0161liekantis makia\u017eo pagrindas 4EVER FLUID FOUNDATION \u2013 01 PORCELAIN n \u0160is ilgai i\u0161liekantis makia\u017eo pagrindas u\u017etikrina nepriekai\u0161ting\u0105...","og_url":"https:\/\/www.malinashop.lt\/lt_lt\/shop\/mia-makeup-4ever-fluid-foundation-01-porcelain-ilgai-isliekantis-makiazo-pagrindas-30-ml\/","og_site_name":"MalinaShop.lt J\u016bs\u0173 sveikatai ir gro\u017eiui.","article_modified_time":"2026-04-06T16:03:36+00:00","og_image":[{"width":768,"height":768,"url":"https:\/\/www.malinashop.lt\/wp-content\/uploads\/2024\/11\/MIA-MAKEUP-4EVER-FLUID-FOUNDATION-01-PORCELAIN-ilgai-isliekantis-makiazo-pagrindas-30-ml.png","type":"image\/png"}],"twitter_card":"summary_large_image","schema":{"@context":"https:\/\/schema.org","@graph":[{"@type":"WebPage","@id":"https:\/\/www.malinashop.lt\/en\/shop\/mia-makeup-4ever-fluid-foundation-01-porcelain-ilgai-isliekantis-makiazo-pagrindas-30-ml\/","url":"https:\/\/www.malinashop.lt\/en\/shop\/mia-makeup-4ever-fluid-foundation-01-porcelain-ilgai-isliekantis-makiazo-pagrindas-30-ml\/","name":"MIA MAKEUP 4EVER FLUID FOUNDATION 01 POR\u2026 - MalinaShop.lt J\u016bs\u0173 sveikatai ir gro\u017eiui.","isPartOf":{"@id":"https:\/\/www.malinashop.lt\/en\/#website"},"primaryImageOfPage":{"@id":"https:\/\/www.malinashop.lt\/en\/shop\/mia-makeup-4ever-fluid-foundation-01-porcelain-ilgai-isliekantis-makiazo-pagrindas-30-ml\/#primaryimage"},"image":{"@id":"https:\/\/www.malinashop.lt\/en\/shop\/mia-makeup-4ever-fluid-foundation-01-porcelain-ilgai-isliekantis-makiazo-pagrindas-30-ml\/#primaryimage"},"thumbnailUrl":"https:\/\/www.malinashop.lt\/wp-content\/uploads\/2024\/11\/MIA-MAKEUP-4EVER-FLUID-FOUNDATION-01-PORCELAIN-ilgai-isliekantis-makiazo-pagrindas-30-ml.png","datePublished":"2024-11-06T12:54:43+00:00","dateModified":"2026-04-06T16:03:36+00:00","description":"MIA MAKEUP ilgai i\u0161liekantis makia\u017eo pagrindas 4EVER FLUID FOUNDATION \u2013 01 PORCELAIN \\n \u0160is ilgai i\u0161liekantis makia\u017eo pagrindas u\u017etikrina nepriekai\u0161ting\u0105...","breadcrumb":{"@id":"https:\/\/www.malinashop.lt\/en\/shop\/mia-makeup-4ever-fluid-foundation-01-porcelain-ilgai-isliekantis-makiazo-pagrindas-30-ml\/#breadcrumb"},"inLanguage":"lt-LT","potentialAction":[{"@type":"ReadAction","target":["https:\/\/www.malinashop.lt\/en\/shop\/mia-makeup-4ever-fluid-foundation-01-porcelain-ilgai-isliekantis-makiazo-pagrindas-30-ml\/"]}]},{"@type":"ImageObject","inLanguage":"lt-LT","@id":"https:\/\/www.malinashop.lt\/en\/shop\/mia-makeup-4ever-fluid-foundation-01-porcelain-ilgai-isliekantis-makiazo-pagrindas-30-ml\/#primaryimage","url":"https:\/\/www.malinashop.lt\/wp-content\/uploads\/2024\/11\/MIA-MAKEUP-4EVER-FLUID-FOUNDATION-01-PORCELAIN-ilgai-isliekantis-makiazo-pagrindas-30-ml.png","contentUrl":"https:\/\/www.malinashop.lt\/wp-content\/uploads\/2024\/11\/MIA-MAKEUP-4EVER-FLUID-FOUNDATION-01-PORCELAIN-ilgai-isliekantis-makiazo-pagrindas-30-ml.png","width":768,"height":768},{"@type":"BreadcrumbList","@id":"https:\/\/www.malinashop.lt\/en\/shop\/mia-makeup-4ever-fluid-foundation-01-porcelain-ilgai-isliekantis-makiazo-pagrindas-30-ml\/#breadcrumb","itemListElement":[{"@type":"ListItem","position":1,"name":"Home","item":"https:\/\/www.malinashop.lt\/en\/"},{"@type":"ListItem","position":2,"name":"Parduotuv\u0117","item":"https:\/\/www.malinashop.lt\/en\/parduotuve\/"},{"@type":"ListItem","position":3,"name":"MIA MAKEUP 4EVER FLUID FOUNDATION 01 POR\u2026"}]},{"@type":"WebSite","@id":"https:\/\/www.malinashop.lt\/en\/#website","url":"https:\/\/www.malinashop.lt\/en\/","name":"COM Group Ecommerce","description":"MalinaShop.lt - Gro\u017eio ir sveikatos produktai i\u0161 patikim\u0173 preki\u0173 \u017eenkl\u0173. Atraskite auk\u0161tos kokyb\u0117s kosmetik\u0105 u\u017e puiki\u0105 kain\u0105.","publisher":{"@id":"https:\/\/www.malinashop.lt\/en\/#organization"},"potentialAction":[{"@type":"SearchAction","target":{"@type":"EntryPoint","urlTemplate":"https:\/\/www.malinashop.lt\/en\/?s={search_term_string}"},"query-input":{"@type":"PropertyValueSpecification","valueRequired":true,"valueName":"search_term_string"}}],"inLanguage":"lt-LT"},{"@type":"Organization","@id":"https:\/\/www.malinashop.lt\/en\/#organization","name":"COM Group Ecommerce","url":"https:\/\/www.malinashop.lt\/en\/","logo":{"@type":"ImageObject","inLanguage":"lt-LT","@id":"https:\/\/www.malinashop.lt\/en\/#\/schema\/logo\/image\/","url":"https:\/\/www.malinashop.lt\/wp-content\/uploads\/2024\/08\/462559670_3787732518133670_9795632669273463_n-e1731525914575.png","contentUrl":"https:\/\/www.malinashop.lt\/wp-content\/uploads\/2024\/08\/462559670_3787732518133670_9795632669273463_n-e1731525914575.png","width":180,"height":60,"caption":"COM Group Ecommerce"},"image":{"@id":"https:\/\/www.malinashop.lt\/en\/#\/schema\/logo\/image\/"}}]}},"jetpack_sharing_enabled":true,"_links":{"self":[{"href":"https:\/\/www.malinashop.lt\/lt_lt\/wp-json\/wp\/v2\/product\/20880","targetHints":{"allow":["GET"]}}],"collection":[{"href":"https:\/\/www.malinashop.lt\/lt_lt\/wp-json\/wp\/v2\/product"}],"about":[{"href":"https:\/\/www.malinashop.lt\/lt_lt\/wp-json\/wp\/v2\/types\/product"}],"version-history":[{"count":3,"href":"https:\/\/www.malinashop.lt\/lt_lt\/wp-json\/wp\/v2\/product\/20880\/revisions"}],"predecessor-version":[{"id":76304,"href":"https:\/\/www.malinashop.lt\/lt_lt\/wp-json\/wp\/v2\/product\/20880\/revisions\/76304"}],"wp:featuredmedia":[{"embeddable":true,"href":"https:\/\/www.malinashop.lt\/lt_lt\/wp-json\/wp\/v2\/media\/18197"}],"wp:attachment":[{"href":"https:\/\/www.malinashop.lt\/lt_lt\/wp-json\/wp\/v2\/media?parent=20880"}],"wp:term":[{"taxonomy":"product_brand","embeddable":true,"href":"https:\/\/www.malinashop.lt\/lt_lt\/wp-json\/wp\/v2\/product_brand?post=20880"},{"taxonomy":"product_cat","embeddable":true,"href":"https:\/\/www.malinashop.lt\/lt_lt\/wp-json\/wp\/v2\/product_cat?post=20880"},{"taxonomy":"product_tag","embeddable":true,"href":"https:\/\/www.malinashop.lt\/lt_lt\/wp-json\/wp\/v2\/product_tag?post=20880"}],"curies":[{"name":"wp","href":"https:\/\/api.w.org\/{rel}","templated":true}]}}