{"id":20678,"date":"2024-11-06T15:54:18","date_gmt":"2024-11-06T12:54:18","guid":{"rendered":"https:\/\/malinashop.lt\/produktas\/technique-system-energy-kit-hair-bath-treatment-hair-loss-prevention-programme-rinkinys-nuo-plauku-slinkimo-1-vnt\/"},"modified":"2026-02-13T00:11:07","modified_gmt":"2026-02-12T21:11:07","slug":"technique-system-energy-kit-hair-bath-treatment-hair-loss-prevention-programme-rinkinys-nuo-plauku-slinkimo-1-vnt","status":"publish","type":"product","link":"https:\/\/www.malinashop.lt\/lt_lt\/shop\/technique-system-energy-kit-hair-bath-treatment-hair-loss-prevention-programme-rinkinys-nuo-plauku-slinkimo-1-vnt\/","title":{"rendered":"TECHNIQUE SYSTEM ENERGY KIT HAIR BATH + TREATMENT HAIR LOSS PREVENTION PROGRAMME rinkinys nuo plauk\u0173 slinkimo, 1 vnt"},"content":{"rendered":"<p>TECHNIQUE rinkinys nuo plauk\u0173 slinkimo SYSTEM ENERGY KIT HAIR BATH + TREATMENT HAIR LOSS PREVENTION PROGRAMME skirtas stiprinti plaukus, skatinti j\u0173 augim\u0105 ir ma\u017einti slinkim\u0105. Produktai veikia plauk\u0173 \u0161aknis, maitina galvos od\u0105, skatina nauj\u0173 plauk\u0173 augim\u0105 bei apsaugo plaukus nuo l\u016b\u017ein\u0117jimo. Rinkin\u012f sudaro: TECHNIQUE \u0161amp\u016bnas nuo plauk\u0173 slinkimo SYSTEM ENERGY HAIR BATH, 300 ml ir TECHNIQUE ampul\u0117s nuo plauk\u0173 slinkimo SYSTEM ENERGY HAIR FALL PREVENTION TREATMENT, 10\u00d78 ml.<\/p>\n<p>TECHNIQUE \u0161amp\u016bnas nuo plauk\u0173 slinkimo SYSTEM ENERGY HAIR BATH:<\/p>\n<p>Skatina nat\u016bral\u0173 plauk\u0173 augim\u0105;<br \/>\nDr\u0117kina, mink\u0161tina ir ramina galvos od\u0105;<br \/>\nPlauk\u0173 slinkimo prevencija;<br \/>\nBe paraben\u0173.<br \/>\nNaudojimas: nedidel\u012f kiek\u012f paskirstykite ant vandeniu sudr\u0117kint\u0173 plauk\u0173 ir galvos odos, \u0161velniai \u012fmasa\u017euokite. Kruop\u0161\u010diai i\u0161skalaukite ir pakartokite. Palikite \u0161amp\u016bn\u0105 3 minut\u0117ms, tada v\u0117l kruop\u0161\u010diai i\u0161skalaukite.<\/p>\n<p>TECHNIQUE ampul\u0117s nuo plauk\u0173 slinkimo SYSTEM ENERGY HAIR FALL PREVENTION TREATMENT:<\/p>\n<p>Skatina nat\u016bral\u0173 plauk\u0173 augim\u0105;<br \/>\nPraturtintos hidrolizuotu keratinu, multivitamin\u0173 kompleksu ir eteriniais aliejais;<br \/>\nIntensyvi plauk\u0173 slinkimo prevencija.<br \/>\nNaudojimas: paskirstykite ant i\u0161plautos galvos odos, pradedant nuo plauk\u0173 \u0161akn\u0173, ir masa\u017euokite, kol visi\u0161kai \u012fsigers. Nenuplaukite. Intensyvi proced\u016bra: 2-3 ampul\u0117s per savait\u0119 5-6 savaites. Reguliari prie\u017ei\u016bra: 1-2 ampul\u0117s per savait\u0119 5-6 savaites.<\/p>\n<p>\u012esp\u0117jimai: laikyti atokiau nuo \u0161ilumos ir \u0161viesos \u0161altini\u0173. Nenuryti. Laikyti vaikams nepasiekiamoje vietoje. Vengti patekimo \u012f akis. Netepti pa\u017eeistos ar sudirgintos odos.<\/p>\n<div class=\"text-tab text-tab-id-10\">\n<p>Siuntas i\u0161siun\u010diame antradieniais ir ketvirtadieniais. Jei d\u0117l koki\u0173 nors prie\u017eas\u010di\u0173 siunta negali b\u016bti i\u0161si\u0173sta \u0161iomis dienomis ir ji yra perkeliama \u012f kit\u0105 dien\u0105, apie tai informuosime jus svetain\u0117je arba el. pa\u0161tu.<\/p>\n<p>\u201eJei turite klausim\u0173, pra\u0161ome susisiekti el. pa\u0161tu info@malinashop.lt arba telefonu +37065444002 darbo dienomis nuo 10:00 iki 16:00 val.\u201c<\/p>\n<\/div>\n<div class=\"text-tab text-tab-id-11\">\n<p>Perkant u\u017e daugiau nei 50\u20ac &#8211; pristatymas nemokamas.<\/p>\n<p>Pristatymas \u012f LPexpress pa\u0161tomat\u0105\u00a0(visoje Lietuvoje, i\u0161skyrus Kur\u0161i\u0173 Nerij\u0105).<\/p>\n<\/div>\n","protected":false},"excerpt":{"rendered":"<p>TECHNIQUE rinkinys nuo plauk\u0173 slinkimo SYSTEM ENERGY KIT HAIR BATH + TREATMENT HAIR LOSS PREVENTION PROGRAMME skirtas stiprinti plaukus, skatinti j\u0173 augim\u0105&hellip;<\/p>\n","protected":false},"featured_media":18124,"template":"","meta":[],"product_brand":[519],"product_cat":[185],"product_tag":[1638],"class_list":{"0":"post-20678","1":"product","2":"type-product","3":"status-publish","4":"has-post-thumbnail","6":"product_brand-technique","7":"product_cat-plauku-sampunai","8":"product_tag-technique","10":"first","11":"outofstock","12":"sale","13":"taxable","14":"shipping-taxable","15":"purchasable","16":"product-type-simple"},"yoast_head":"<!-- This site is optimized with the Yoast SEO plugin v27.4 - https:\/\/yoast.com\/product\/yoast-seo-wordpress\/ -->\n<title>TECHNIQUE SYSTEM ENERGY KIT HAIR BATH + TREATMENT HAIR LOSS PREVENTION PROGRAMME rinkinys nuo plauk\u0173 slinkimo, 1 vnt - MalinaShop.lt J\u016bs\u0173 sveikatai ir gro\u017eiui.<\/title>\n<meta name=\"robots\" content=\"index, follow, max-snippet:-1, max-image-preview:large, max-video-preview:-1\" \/>\n<link rel=\"canonical\" href=\"https:\/\/www.malinashop.lt\/lt_lt\/shop\/technique-system-energy-kit-hair-bath-treatment-hair-loss-prevention-programme-rinkinys-nuo-plauku-slinkimo-1-vnt\/\" \/>\n<meta property=\"og:locale\" content=\"lt_LT\" \/>\n<meta property=\"og:type\" content=\"article\" \/>\n<meta property=\"og:title\" content=\"TECHNIQUE SYSTEM ENERGY KIT HAIR BATH + TREATMENT HAIR LOSS PREVENTION PROGRAMME rinkinys nuo plauk\u0173 slinkimo, 1 vnt - MalinaShop.lt J\u016bs\u0173 sveikatai ir gro\u017eiui.\" \/>\n<meta property=\"og:url\" content=\"https:\/\/www.malinashop.lt\/lt_lt\/shop\/technique-system-energy-kit-hair-bath-treatment-hair-loss-prevention-programme-rinkinys-nuo-plauku-slinkimo-1-vnt\/\" \/>\n<meta property=\"og:site_name\" content=\"MalinaShop.lt J\u016bs\u0173 sveikatai ir gro\u017eiui.\" \/>\n<meta property=\"article:modified_time\" content=\"2026-02-12T21:11:07+00:00\" \/>\n<meta property=\"og:image\" content=\"https:\/\/www.malinashop.lt\/wp-content\/uploads\/2024\/11\/TECHNIQUE-SYSTEM-ENERGY-KIT-HAIR-BATH-TREATMENT-HAIR-LOSS-PREVENTION-PROGRAMME-rinkinys-nuo-plauku-slinkimo-1-vnt.jpg\" \/>\n\t<meta property=\"og:image:width\" content=\"768\" \/>\n\t<meta property=\"og:image:height\" content=\"768\" \/>\n\t<meta property=\"og:image:type\" content=\"image\/jpeg\" \/>\n<meta name=\"twitter:card\" content=\"summary_large_image\" \/>\n<script type=\"application\/ld+json\" class=\"yoast-schema-graph\">{\"@context\":\"https:\\\/\\\/schema.org\",\"@graph\":[{\"@type\":\"WebPage\",\"@id\":\"https:\\\/\\\/www.malinashop.lt\\\/shop\\\/technique-system-energy-kit-hair-bath-treatment-hair-loss-prevention-programme-rinkinys-nuo-plauku-slinkimo-1-vnt\\\/\",\"url\":\"https:\\\/\\\/www.malinashop.lt\\\/shop\\\/technique-system-energy-kit-hair-bath-treatment-hair-loss-prevention-programme-rinkinys-nuo-plauku-slinkimo-1-vnt\\\/\",\"name\":\"TECHNIQUE SYSTEM ENERGY KIT HAIR BATH + TREATMENT HAIR LOSS PREVENTION PROGRAMME rinkinys nuo plauk\u0173 slinkimo, 1 vnt - MalinaShop.lt J\u016bs\u0173 sveikatai ir gro\u017eiui.\",\"isPartOf\":{\"@id\":\"https:\\\/\\\/www.malinashop.lt\\\/#website\"},\"primaryImageOfPage\":{\"@id\":\"https:\\\/\\\/www.malinashop.lt\\\/shop\\\/technique-system-energy-kit-hair-bath-treatment-hair-loss-prevention-programme-rinkinys-nuo-plauku-slinkimo-1-vnt\\\/#primaryimage\"},\"image\":{\"@id\":\"https:\\\/\\\/www.malinashop.lt\\\/shop\\\/technique-system-energy-kit-hair-bath-treatment-hair-loss-prevention-programme-rinkinys-nuo-plauku-slinkimo-1-vnt\\\/#primaryimage\"},\"thumbnailUrl\":\"https:\\\/\\\/www.malinashop.lt\\\/wp-content\\\/uploads\\\/2024\\\/11\\\/TECHNIQUE-SYSTEM-ENERGY-KIT-HAIR-BATH-TREATMENT-HAIR-LOSS-PREVENTION-PROGRAMME-rinkinys-nuo-plauku-slinkimo-1-vnt.jpg\",\"datePublished\":\"2024-11-06T12:54:18+00:00\",\"dateModified\":\"2026-02-12T21:11:07+00:00\",\"breadcrumb\":{\"@id\":\"https:\\\/\\\/www.malinashop.lt\\\/shop\\\/technique-system-energy-kit-hair-bath-treatment-hair-loss-prevention-programme-rinkinys-nuo-plauku-slinkimo-1-vnt\\\/#breadcrumb\"},\"inLanguage\":\"lt-LT\",\"potentialAction\":[{\"@type\":\"ReadAction\",\"target\":[\"https:\\\/\\\/www.malinashop.lt\\\/shop\\\/technique-system-energy-kit-hair-bath-treatment-hair-loss-prevention-programme-rinkinys-nuo-plauku-slinkimo-1-vnt\\\/\"]}]},{\"@type\":\"ImageObject\",\"inLanguage\":\"lt-LT\",\"@id\":\"https:\\\/\\\/www.malinashop.lt\\\/shop\\\/technique-system-energy-kit-hair-bath-treatment-hair-loss-prevention-programme-rinkinys-nuo-plauku-slinkimo-1-vnt\\\/#primaryimage\",\"url\":\"https:\\\/\\\/www.malinashop.lt\\\/wp-content\\\/uploads\\\/2024\\\/11\\\/TECHNIQUE-SYSTEM-ENERGY-KIT-HAIR-BATH-TREATMENT-HAIR-LOSS-PREVENTION-PROGRAMME-rinkinys-nuo-plauku-slinkimo-1-vnt.jpg\",\"contentUrl\":\"https:\\\/\\\/www.malinashop.lt\\\/wp-content\\\/uploads\\\/2024\\\/11\\\/TECHNIQUE-SYSTEM-ENERGY-KIT-HAIR-BATH-TREATMENT-HAIR-LOSS-PREVENTION-PROGRAMME-rinkinys-nuo-plauku-slinkimo-1-vnt.jpg\",\"width\":768,\"height\":768},{\"@type\":\"BreadcrumbList\",\"@id\":\"https:\\\/\\\/www.malinashop.lt\\\/shop\\\/technique-system-energy-kit-hair-bath-treatment-hair-loss-prevention-programme-rinkinys-nuo-plauku-slinkimo-1-vnt\\\/#breadcrumb\",\"itemListElement\":[{\"@type\":\"ListItem\",\"position\":1,\"name\":\"Pagrindinis\",\"item\":\"https:\\\/\\\/www.malinashop.lt\\\/\"},{\"@type\":\"ListItem\",\"position\":2,\"name\":\"Parduotuv\u0117\",\"item\":\"https:\\\/\\\/www.malinashop.lt\\\/en\\\/parduotuve\\\/\"},{\"@type\":\"ListItem\",\"position\":3,\"name\":\"TECHNIQUE SYSTEM ENERGY KIT HAIR BATH + TREATMENT HAIR LOSS PREVENTION PROGRAMME rinkinys nuo plauk\u0173 slinkimo, 1 vnt\"}]},{\"@type\":\"WebSite\",\"@id\":\"https:\\\/\\\/www.malinashop.lt\\\/#website\",\"url\":\"https:\\\/\\\/www.malinashop.lt\\\/\",\"name\":\"COM Group Ecommerce\",\"description\":\"MalinaShop.lt - Gro\u017eio ir sveikatos produktai i\u0161 patikim\u0173 preki\u0173 \u017eenkl\u0173. Atraskite auk\u0161tos kokyb\u0117s kosmetik\u0105 u\u017e puiki\u0105 kain\u0105.\",\"publisher\":{\"@id\":\"https:\\\/\\\/www.malinashop.lt\\\/#organization\"},\"potentialAction\":[{\"@type\":\"SearchAction\",\"target\":{\"@type\":\"EntryPoint\",\"urlTemplate\":\"https:\\\/\\\/www.malinashop.lt\\\/?s={search_term_string}\"},\"query-input\":{\"@type\":\"PropertyValueSpecification\",\"valueRequired\":true,\"valueName\":\"search_term_string\"}}],\"inLanguage\":\"lt-LT\"},{\"@type\":\"Organization\",\"@id\":\"https:\\\/\\\/www.malinashop.lt\\\/#organization\",\"name\":\"COM Group Ecommerce\",\"url\":\"https:\\\/\\\/www.malinashop.lt\\\/\",\"logo\":{\"@type\":\"ImageObject\",\"inLanguage\":\"lt-LT\",\"@id\":\"https:\\\/\\\/www.malinashop.lt\\\/#\\\/schema\\\/logo\\\/image\\\/\",\"url\":\"https:\\\/\\\/www.malinashop.lt\\\/wp-content\\\/uploads\\\/2024\\\/08\\\/462559670_3787732518133670_9795632669273463_n-e1731525914575.png\",\"contentUrl\":\"https:\\\/\\\/www.malinashop.lt\\\/wp-content\\\/uploads\\\/2024\\\/08\\\/462559670_3787732518133670_9795632669273463_n-e1731525914575.png\",\"width\":180,\"height\":60,\"caption\":\"COM Group Ecommerce\"},\"image\":{\"@id\":\"https:\\\/\\\/www.malinashop.lt\\\/#\\\/schema\\\/logo\\\/image\\\/\"}}]}<\/script>\n<!-- \/ Yoast SEO plugin. -->","yoast_head_json":{"title":"TECHNIQUE SYSTEM ENERGY KIT HAIR BATH + TREATMENT HAIR LOSS PREVENTION PROGRAMME rinkinys nuo plauk\u0173 slinkimo, 1 vnt - MalinaShop.lt J\u016bs\u0173 sveikatai ir gro\u017eiui.","robots":{"index":"index","follow":"follow","max-snippet":"max-snippet:-1","max-image-preview":"max-image-preview:large","max-video-preview":"max-video-preview:-1"},"canonical":"https:\/\/www.malinashop.lt\/lt_lt\/shop\/technique-system-energy-kit-hair-bath-treatment-hair-loss-prevention-programme-rinkinys-nuo-plauku-slinkimo-1-vnt\/","og_locale":"lt_LT","og_type":"article","og_title":"TECHNIQUE SYSTEM ENERGY KIT HAIR BATH + TREATMENT HAIR LOSS PREVENTION PROGRAMME rinkinys nuo plauk\u0173 slinkimo, 1 vnt - MalinaShop.lt J\u016bs\u0173 sveikatai ir gro\u017eiui.","og_url":"https:\/\/www.malinashop.lt\/lt_lt\/shop\/technique-system-energy-kit-hair-bath-treatment-hair-loss-prevention-programme-rinkinys-nuo-plauku-slinkimo-1-vnt\/","og_site_name":"MalinaShop.lt J\u016bs\u0173 sveikatai ir gro\u017eiui.","article_modified_time":"2026-02-12T21:11:07+00:00","og_image":[{"width":768,"height":768,"url":"https:\/\/www.malinashop.lt\/wp-content\/uploads\/2024\/11\/TECHNIQUE-SYSTEM-ENERGY-KIT-HAIR-BATH-TREATMENT-HAIR-LOSS-PREVENTION-PROGRAMME-rinkinys-nuo-plauku-slinkimo-1-vnt.jpg","type":"image\/jpeg"}],"twitter_card":"summary_large_image","schema":{"@context":"https:\/\/schema.org","@graph":[{"@type":"WebPage","@id":"https:\/\/www.malinashop.lt\/shop\/technique-system-energy-kit-hair-bath-treatment-hair-loss-prevention-programme-rinkinys-nuo-plauku-slinkimo-1-vnt\/","url":"https:\/\/www.malinashop.lt\/shop\/technique-system-energy-kit-hair-bath-treatment-hair-loss-prevention-programme-rinkinys-nuo-plauku-slinkimo-1-vnt\/","name":"TECHNIQUE SYSTEM ENERGY KIT HAIR BATH + TREATMENT HAIR LOSS PREVENTION PROGRAMME rinkinys nuo plauk\u0173 slinkimo, 1 vnt - MalinaShop.lt J\u016bs\u0173 sveikatai ir gro\u017eiui.","isPartOf":{"@id":"https:\/\/www.malinashop.lt\/#website"},"primaryImageOfPage":{"@id":"https:\/\/www.malinashop.lt\/shop\/technique-system-energy-kit-hair-bath-treatment-hair-loss-prevention-programme-rinkinys-nuo-plauku-slinkimo-1-vnt\/#primaryimage"},"image":{"@id":"https:\/\/www.malinashop.lt\/shop\/technique-system-energy-kit-hair-bath-treatment-hair-loss-prevention-programme-rinkinys-nuo-plauku-slinkimo-1-vnt\/#primaryimage"},"thumbnailUrl":"https:\/\/www.malinashop.lt\/wp-content\/uploads\/2024\/11\/TECHNIQUE-SYSTEM-ENERGY-KIT-HAIR-BATH-TREATMENT-HAIR-LOSS-PREVENTION-PROGRAMME-rinkinys-nuo-plauku-slinkimo-1-vnt.jpg","datePublished":"2024-11-06T12:54:18+00:00","dateModified":"2026-02-12T21:11:07+00:00","breadcrumb":{"@id":"https:\/\/www.malinashop.lt\/shop\/technique-system-energy-kit-hair-bath-treatment-hair-loss-prevention-programme-rinkinys-nuo-plauku-slinkimo-1-vnt\/#breadcrumb"},"inLanguage":"lt-LT","potentialAction":[{"@type":"ReadAction","target":["https:\/\/www.malinashop.lt\/shop\/technique-system-energy-kit-hair-bath-treatment-hair-loss-prevention-programme-rinkinys-nuo-plauku-slinkimo-1-vnt\/"]}]},{"@type":"ImageObject","inLanguage":"lt-LT","@id":"https:\/\/www.malinashop.lt\/shop\/technique-system-energy-kit-hair-bath-treatment-hair-loss-prevention-programme-rinkinys-nuo-plauku-slinkimo-1-vnt\/#primaryimage","url":"https:\/\/www.malinashop.lt\/wp-content\/uploads\/2024\/11\/TECHNIQUE-SYSTEM-ENERGY-KIT-HAIR-BATH-TREATMENT-HAIR-LOSS-PREVENTION-PROGRAMME-rinkinys-nuo-plauku-slinkimo-1-vnt.jpg","contentUrl":"https:\/\/www.malinashop.lt\/wp-content\/uploads\/2024\/11\/TECHNIQUE-SYSTEM-ENERGY-KIT-HAIR-BATH-TREATMENT-HAIR-LOSS-PREVENTION-PROGRAMME-rinkinys-nuo-plauku-slinkimo-1-vnt.jpg","width":768,"height":768},{"@type":"BreadcrumbList","@id":"https:\/\/www.malinashop.lt\/shop\/technique-system-energy-kit-hair-bath-treatment-hair-loss-prevention-programme-rinkinys-nuo-plauku-slinkimo-1-vnt\/#breadcrumb","itemListElement":[{"@type":"ListItem","position":1,"name":"Pagrindinis","item":"https:\/\/www.malinashop.lt\/"},{"@type":"ListItem","position":2,"name":"Parduotuv\u0117","item":"https:\/\/www.malinashop.lt\/en\/parduotuve\/"},{"@type":"ListItem","position":3,"name":"TECHNIQUE SYSTEM ENERGY KIT HAIR BATH + TREATMENT HAIR LOSS PREVENTION PROGRAMME rinkinys nuo plauk\u0173 slinkimo, 1 vnt"}]},{"@type":"WebSite","@id":"https:\/\/www.malinashop.lt\/#website","url":"https:\/\/www.malinashop.lt\/","name":"COM Group Ecommerce","description":"MalinaShop.lt - Gro\u017eio ir sveikatos produktai i\u0161 patikim\u0173 preki\u0173 \u017eenkl\u0173. Atraskite auk\u0161tos kokyb\u0117s kosmetik\u0105 u\u017e puiki\u0105 kain\u0105.","publisher":{"@id":"https:\/\/www.malinashop.lt\/#organization"},"potentialAction":[{"@type":"SearchAction","target":{"@type":"EntryPoint","urlTemplate":"https:\/\/www.malinashop.lt\/?s={search_term_string}"},"query-input":{"@type":"PropertyValueSpecification","valueRequired":true,"valueName":"search_term_string"}}],"inLanguage":"lt-LT"},{"@type":"Organization","@id":"https:\/\/www.malinashop.lt\/#organization","name":"COM Group Ecommerce","url":"https:\/\/www.malinashop.lt\/","logo":{"@type":"ImageObject","inLanguage":"lt-LT","@id":"https:\/\/www.malinashop.lt\/#\/schema\/logo\/image\/","url":"https:\/\/www.malinashop.lt\/wp-content\/uploads\/2024\/08\/462559670_3787732518133670_9795632669273463_n-e1731525914575.png","contentUrl":"https:\/\/www.malinashop.lt\/wp-content\/uploads\/2024\/08\/462559670_3787732518133670_9795632669273463_n-e1731525914575.png","width":180,"height":60,"caption":"COM Group Ecommerce"},"image":{"@id":"https:\/\/www.malinashop.lt\/#\/schema\/logo\/image\/"}}]}},"jetpack_sharing_enabled":true,"_links":{"self":[{"href":"https:\/\/www.malinashop.lt\/lt_lt\/wp-json\/wp\/v2\/product\/20678","targetHints":{"allow":["GET"]}}],"collection":[{"href":"https:\/\/www.malinashop.lt\/lt_lt\/wp-json\/wp\/v2\/product"}],"about":[{"href":"https:\/\/www.malinashop.lt\/lt_lt\/wp-json\/wp\/v2\/types\/product"}],"version-history":[{"count":1,"href":"https:\/\/www.malinashop.lt\/lt_lt\/wp-json\/wp\/v2\/product\/20678\/revisions"}],"predecessor-version":[{"id":32631,"href":"https:\/\/www.malinashop.lt\/lt_lt\/wp-json\/wp\/v2\/product\/20678\/revisions\/32631"}],"wp:featuredmedia":[{"embeddable":true,"href":"https:\/\/www.malinashop.lt\/lt_lt\/wp-json\/wp\/v2\/media\/18124"}],"wp:attachment":[{"href":"https:\/\/www.malinashop.lt\/lt_lt\/wp-json\/wp\/v2\/media?parent=20678"}],"wp:term":[{"taxonomy":"product_brand","embeddable":true,"href":"https:\/\/www.malinashop.lt\/lt_lt\/wp-json\/wp\/v2\/product_brand?post=20678"},{"taxonomy":"product_cat","embeddable":true,"href":"https:\/\/www.malinashop.lt\/lt_lt\/wp-json\/wp\/v2\/product_cat?post=20678"},{"taxonomy":"product_tag","embeddable":true,"href":"https:\/\/www.malinashop.lt\/lt_lt\/wp-json\/wp\/v2\/product_tag?post=20678"}],"curies":[{"name":"wp","href":"https:\/\/api.w.org\/{rel}","templated":true}]}}