{"id":20550,"date":"2024-11-06T15:54:03","date_gmt":"2024-11-06T12:54:03","guid":{"rendered":"https:\/\/malinashop.lt\/produktas\/erre-due-power-lash-effect-mascara-nr-101-blakstienu-tusas\/"},"modified":"2026-02-12T21:37:30","modified_gmt":"2026-02-12T18:37:30","slug":"erre-due-power-lash-effect-mascara-nr-101-blakstienu-tusas","status":"publish","type":"product","link":"https:\/\/www.malinashop.lt\/lt_lt\/shop\/erre-due-power-lash-effect-mascara-nr-101-blakstienu-tusas\/","title":{"rendered":"ERRE DUE POWER LASH EFFECT MASCARA Nr. 101 blakstien\u0173 tu\u0161as"},"content":{"rendered":"<p>ERRE DUE Power Lash Effect Mascara Nr. 101: Apimtis, Ilgis ir Ry\u0161kus Kont\u016bras<\/p>\n<p>ERRE DUE Power Lash Effect Mascara Nr. 101 sukurtas \u201enetikr\u0173 blakstien\u0173\u201c efektui pasiekti. Novatori\u0161kas cilindrinis \u0161epet\u0117lis u\u017etikrina ypating\u0105 tikslum\u0105 ir blakstien\u0173 i\u0161ry\u0161kinim\u0105, suteikdamas didel\u0119 apimt\u012f ir ilg\u012f net trumpoms blakstienoms. Be to, \u0161is tu\u0161as yra atsparus dr\u0117gmei, tod\u0117l i\u0161laiko nepriekai\u0161ting\u0105 i\u0161vaizd\u0105 vis\u0105 dien\u0105.<\/p>\n<p>ERRE DUE: K\u016brybingumas ir Modernumas<\/p>\n<p>ERRE DUE yra pa\u017eangus prek\u0117s \u017eenklas, nuolat sekantis naujausias mados tendencijas ir reguliariai atnaujinantis savo gamini\u0173 bei spalv\u0173 asortiment\u0105. Jie si\u016blo plat\u0173 auk\u0161tos kokyb\u0117s makia\u017eo produkt\u0173 spektr\u0105, kuris pasi\u017eymi prabangiu poj\u016b\u010diu, profesionaliu \u012fvaizd\u017eiu ir puikiu kainos bei kokyb\u0117s santykiu.<\/p>\n<p>Auk\u0161\u010diausia Kokyb\u0117 ir Moderni Estetika<\/p>\n<p>ERRE DUE kosmetika atitinka grie\u017etus kokyb\u0117s standartus, u\u017etikrindama idealaus \u012fvaizd\u017eio, nesenstan\u010dios vert\u0117s ir modernios estetikos balans\u0105. Minimalistin\u0117, ta\u010diau prabangi pakuot\u0117 puikiai atspindi prek\u0117s \u017eenklo filosofij\u0105, perteikdama \u0161iuolaiki\u0161k\u0105 ir eleganti\u0161k\u0105 estetik\u0105.<\/p>\n<p>Patirkite ERRE DUE Kokyb\u0119<\/p>\n<p>I\u0161bandykite ERRE DUE dekoratyvin\u0119 kosmetik\u0105 ir \u012fsitikinkite jos kokybe bei ilgalaiki\u0161kumu. \u0160ie produktai ne tik puikiai atrodo, bet ir suteikia profesional\u0173 rezultat\u0105 kiekvien\u0105 kart\u0105.<\/p>\n<div class=\"text-tab text-tab-id-10\">\n<p>Siuntas i\u0161siun\u010diame antradieniais ir ketvirtadieniais. Jei d\u0117l koki\u0173 nors prie\u017eas\u010di\u0173 siunta negali b\u016bti i\u0161si\u0173sta \u0161iomis dienomis ir ji yra perkeliama \u012f kit\u0105 dien\u0105, apie tai informuosime jus svetain\u0117je arba el. pa\u0161tu.<\/p>\n<p>\u201eJei turite klausim\u0173, pra\u0161ome susisiekti el. pa\u0161tu info@malinashop.lt arba telefonu +37065444002 darbo dienomis nuo 10:00 iki 16:00 val.\u201c<\/p>\n<\/div>\n<div class=\"text-tab text-tab-id-11\">\n<p>Perkant u\u017e daugiau nei 50\u20ac &#8211; pristatymas nemokamas.<\/p>\n<p>Pristatymas \u012f LPexpress pa\u0161tomat\u0105\u00a0(visoje Lietuvoje, i\u0161skyrus Kur\u0161i\u0173 Nerij\u0105).<\/p>\n<\/div>\n","protected":false},"excerpt":{"rendered":"<p>ERRE DUE Power Lash Effect Mascara Nr. 101: Apimtis, Ilgis ir Ry\u0161kus Kont\u016bras ERRE DUE Power Lash Effect Mascara Nr. 101 sukurtas&hellip;<\/p>\n","protected":false},"featured_media":18980,"template":"","meta":[],"product_brand":[561],"product_cat":[521,728],"product_tag":[1157],"class_list":{"0":"post-20550","1":"product","2":"type-product","3":"status-publish","4":"has-post-thumbnail","6":"product_brand-erre-due","7":"product_cat-blakstienu-tusai","8":"product_cat-veidui","9":"product_tag-erre-due","11":"first","12":"instock","13":"sale","14":"taxable","15":"shipping-taxable","16":"purchasable","17":"product-type-simple"},"yoast_head":"<!-- This site is optimized with the Yoast SEO plugin v27.4 - https:\/\/yoast.com\/product\/yoast-seo-wordpress\/ -->\n<title>ERRE DUE POWER LASH EFFECT MASCARA Nr. 101 blakstien\u0173 tu\u0161as - MalinaShop.lt J\u016bs\u0173 sveikatai ir gro\u017eiui.<\/title>\n<meta name=\"robots\" content=\"index, follow, max-snippet:-1, max-image-preview:large, max-video-preview:-1\" \/>\n<link rel=\"canonical\" href=\"https:\/\/www.malinashop.lt\/lt_lt\/shop\/erre-due-power-lash-effect-mascara-nr-101-blakstienu-tusas\/\" \/>\n<meta property=\"og:locale\" content=\"lt_LT\" \/>\n<meta property=\"og:type\" content=\"article\" \/>\n<meta property=\"og:title\" content=\"ERRE DUE POWER LASH EFFECT MASCARA Nr. 101 blakstien\u0173 tu\u0161as - MalinaShop.lt J\u016bs\u0173 sveikatai ir gro\u017eiui.\" \/>\n<meta property=\"og:url\" content=\"https:\/\/www.malinashop.lt\/lt_lt\/shop\/erre-due-power-lash-effect-mascara-nr-101-blakstienu-tusas\/\" \/>\n<meta property=\"og:site_name\" content=\"MalinaShop.lt J\u016bs\u0173 sveikatai ir gro\u017eiui.\" \/>\n<meta property=\"article:modified_time\" content=\"2026-02-12T18:37:30+00:00\" \/>\n<meta property=\"og:image\" content=\"https:\/\/www.malinashop.lt\/wp-content\/uploads\/2024\/11\/ERRE-DUE-POWER-LASH-EFFECT-MASCARA-Nr.-101-blakstienu-tusas.png\" \/>\n\t<meta property=\"og:image:width\" content=\"990\" \/>\n\t<meta property=\"og:image:height\" content=\"1238\" \/>\n\t<meta property=\"og:image:type\" content=\"image\/png\" \/>\n<meta name=\"twitter:card\" content=\"summary_large_image\" \/>\n<script type=\"application\/ld+json\" class=\"yoast-schema-graph\">{\"@context\":\"https:\\\/\\\/schema.org\",\"@graph\":[{\"@type\":\"WebPage\",\"@id\":\"https:\\\/\\\/www.malinashop.lt\\\/shop\\\/erre-due-power-lash-effect-mascara-nr-101-blakstienu-tusas\\\/\",\"url\":\"https:\\\/\\\/www.malinashop.lt\\\/shop\\\/erre-due-power-lash-effect-mascara-nr-101-blakstienu-tusas\\\/\",\"name\":\"ERRE DUE POWER LASH EFFECT MASCARA Nr. 101 blakstien\u0173 tu\u0161as - MalinaShop.lt J\u016bs\u0173 sveikatai ir gro\u017eiui.\",\"isPartOf\":{\"@id\":\"https:\\\/\\\/www.malinashop.lt\\\/#website\"},\"primaryImageOfPage\":{\"@id\":\"https:\\\/\\\/www.malinashop.lt\\\/shop\\\/erre-due-power-lash-effect-mascara-nr-101-blakstienu-tusas\\\/#primaryimage\"},\"image\":{\"@id\":\"https:\\\/\\\/www.malinashop.lt\\\/shop\\\/erre-due-power-lash-effect-mascara-nr-101-blakstienu-tusas\\\/#primaryimage\"},\"thumbnailUrl\":\"https:\\\/\\\/www.malinashop.lt\\\/wp-content\\\/uploads\\\/2024\\\/11\\\/ERRE-DUE-POWER-LASH-EFFECT-MASCARA-Nr.-101-blakstienu-tusas.png\",\"datePublished\":\"2024-11-06T12:54:03+00:00\",\"dateModified\":\"2026-02-12T18:37:30+00:00\",\"breadcrumb\":{\"@id\":\"https:\\\/\\\/www.malinashop.lt\\\/shop\\\/erre-due-power-lash-effect-mascara-nr-101-blakstienu-tusas\\\/#breadcrumb\"},\"inLanguage\":\"lt-LT\",\"potentialAction\":[{\"@type\":\"ReadAction\",\"target\":[\"https:\\\/\\\/www.malinashop.lt\\\/shop\\\/erre-due-power-lash-effect-mascara-nr-101-blakstienu-tusas\\\/\"]}]},{\"@type\":\"ImageObject\",\"inLanguage\":\"lt-LT\",\"@id\":\"https:\\\/\\\/www.malinashop.lt\\\/shop\\\/erre-due-power-lash-effect-mascara-nr-101-blakstienu-tusas\\\/#primaryimage\",\"url\":\"https:\\\/\\\/www.malinashop.lt\\\/wp-content\\\/uploads\\\/2024\\\/11\\\/ERRE-DUE-POWER-LASH-EFFECT-MASCARA-Nr.-101-blakstienu-tusas.png\",\"contentUrl\":\"https:\\\/\\\/www.malinashop.lt\\\/wp-content\\\/uploads\\\/2024\\\/11\\\/ERRE-DUE-POWER-LASH-EFFECT-MASCARA-Nr.-101-blakstienu-tusas.png\",\"width\":990,\"height\":1238},{\"@type\":\"BreadcrumbList\",\"@id\":\"https:\\\/\\\/www.malinashop.lt\\\/shop\\\/erre-due-power-lash-effect-mascara-nr-101-blakstienu-tusas\\\/#breadcrumb\",\"itemListElement\":[{\"@type\":\"ListItem\",\"position\":1,\"name\":\"Pagrindinis\",\"item\":\"https:\\\/\\\/www.malinashop.lt\\\/\"},{\"@type\":\"ListItem\",\"position\":2,\"name\":\"Parduotuv\u0117\",\"item\":\"https:\\\/\\\/www.malinashop.lt\\\/en\\\/parduotuve\\\/\"},{\"@type\":\"ListItem\",\"position\":3,\"name\":\"ERRE DUE POWER LASH EFFECT MASCARA Nr. 101 blakstien\u0173 tu\u0161as\"}]},{\"@type\":\"WebSite\",\"@id\":\"https:\\\/\\\/www.malinashop.lt\\\/#website\",\"url\":\"https:\\\/\\\/www.malinashop.lt\\\/\",\"name\":\"COM Group Ecommerce\",\"description\":\"MalinaShop.lt - Gro\u017eio ir sveikatos produktai i\u0161 patikim\u0173 preki\u0173 \u017eenkl\u0173. Atraskite auk\u0161tos kokyb\u0117s kosmetik\u0105 u\u017e puiki\u0105 kain\u0105.\",\"publisher\":{\"@id\":\"https:\\\/\\\/www.malinashop.lt\\\/#organization\"},\"potentialAction\":[{\"@type\":\"SearchAction\",\"target\":{\"@type\":\"EntryPoint\",\"urlTemplate\":\"https:\\\/\\\/www.malinashop.lt\\\/?s={search_term_string}\"},\"query-input\":{\"@type\":\"PropertyValueSpecification\",\"valueRequired\":true,\"valueName\":\"search_term_string\"}}],\"inLanguage\":\"lt-LT\"},{\"@type\":\"Organization\",\"@id\":\"https:\\\/\\\/www.malinashop.lt\\\/#organization\",\"name\":\"COM Group Ecommerce\",\"url\":\"https:\\\/\\\/www.malinashop.lt\\\/\",\"logo\":{\"@type\":\"ImageObject\",\"inLanguage\":\"lt-LT\",\"@id\":\"https:\\\/\\\/www.malinashop.lt\\\/#\\\/schema\\\/logo\\\/image\\\/\",\"url\":\"https:\\\/\\\/www.malinashop.lt\\\/wp-content\\\/uploads\\\/2024\\\/08\\\/462559670_3787732518133670_9795632669273463_n-e1731525914575.png\",\"contentUrl\":\"https:\\\/\\\/www.malinashop.lt\\\/wp-content\\\/uploads\\\/2024\\\/08\\\/462559670_3787732518133670_9795632669273463_n-e1731525914575.png\",\"width\":180,\"height\":60,\"caption\":\"COM Group Ecommerce\"},\"image\":{\"@id\":\"https:\\\/\\\/www.malinashop.lt\\\/#\\\/schema\\\/logo\\\/image\\\/\"}}]}<\/script>\n<!-- \/ Yoast SEO plugin. -->","yoast_head_json":{"title":"ERRE DUE POWER LASH EFFECT MASCARA Nr. 101 blakstien\u0173 tu\u0161as - MalinaShop.lt J\u016bs\u0173 sveikatai ir gro\u017eiui.","robots":{"index":"index","follow":"follow","max-snippet":"max-snippet:-1","max-image-preview":"max-image-preview:large","max-video-preview":"max-video-preview:-1"},"canonical":"https:\/\/www.malinashop.lt\/lt_lt\/shop\/erre-due-power-lash-effect-mascara-nr-101-blakstienu-tusas\/","og_locale":"lt_LT","og_type":"article","og_title":"ERRE DUE POWER LASH EFFECT MASCARA Nr. 101 blakstien\u0173 tu\u0161as - MalinaShop.lt J\u016bs\u0173 sveikatai ir gro\u017eiui.","og_url":"https:\/\/www.malinashop.lt\/lt_lt\/shop\/erre-due-power-lash-effect-mascara-nr-101-blakstienu-tusas\/","og_site_name":"MalinaShop.lt J\u016bs\u0173 sveikatai ir gro\u017eiui.","article_modified_time":"2026-02-12T18:37:30+00:00","og_image":[{"width":990,"height":1238,"url":"https:\/\/www.malinashop.lt\/wp-content\/uploads\/2024\/11\/ERRE-DUE-POWER-LASH-EFFECT-MASCARA-Nr.-101-blakstienu-tusas.png","type":"image\/png"}],"twitter_card":"summary_large_image","schema":{"@context":"https:\/\/schema.org","@graph":[{"@type":"WebPage","@id":"https:\/\/www.malinashop.lt\/shop\/erre-due-power-lash-effect-mascara-nr-101-blakstienu-tusas\/","url":"https:\/\/www.malinashop.lt\/shop\/erre-due-power-lash-effect-mascara-nr-101-blakstienu-tusas\/","name":"ERRE DUE POWER LASH EFFECT MASCARA Nr. 101 blakstien\u0173 tu\u0161as - MalinaShop.lt J\u016bs\u0173 sveikatai ir gro\u017eiui.","isPartOf":{"@id":"https:\/\/www.malinashop.lt\/#website"},"primaryImageOfPage":{"@id":"https:\/\/www.malinashop.lt\/shop\/erre-due-power-lash-effect-mascara-nr-101-blakstienu-tusas\/#primaryimage"},"image":{"@id":"https:\/\/www.malinashop.lt\/shop\/erre-due-power-lash-effect-mascara-nr-101-blakstienu-tusas\/#primaryimage"},"thumbnailUrl":"https:\/\/www.malinashop.lt\/wp-content\/uploads\/2024\/11\/ERRE-DUE-POWER-LASH-EFFECT-MASCARA-Nr.-101-blakstienu-tusas.png","datePublished":"2024-11-06T12:54:03+00:00","dateModified":"2026-02-12T18:37:30+00:00","breadcrumb":{"@id":"https:\/\/www.malinashop.lt\/shop\/erre-due-power-lash-effect-mascara-nr-101-blakstienu-tusas\/#breadcrumb"},"inLanguage":"lt-LT","potentialAction":[{"@type":"ReadAction","target":["https:\/\/www.malinashop.lt\/shop\/erre-due-power-lash-effect-mascara-nr-101-blakstienu-tusas\/"]}]},{"@type":"ImageObject","inLanguage":"lt-LT","@id":"https:\/\/www.malinashop.lt\/shop\/erre-due-power-lash-effect-mascara-nr-101-blakstienu-tusas\/#primaryimage","url":"https:\/\/www.malinashop.lt\/wp-content\/uploads\/2024\/11\/ERRE-DUE-POWER-LASH-EFFECT-MASCARA-Nr.-101-blakstienu-tusas.png","contentUrl":"https:\/\/www.malinashop.lt\/wp-content\/uploads\/2024\/11\/ERRE-DUE-POWER-LASH-EFFECT-MASCARA-Nr.-101-blakstienu-tusas.png","width":990,"height":1238},{"@type":"BreadcrumbList","@id":"https:\/\/www.malinashop.lt\/shop\/erre-due-power-lash-effect-mascara-nr-101-blakstienu-tusas\/#breadcrumb","itemListElement":[{"@type":"ListItem","position":1,"name":"Pagrindinis","item":"https:\/\/www.malinashop.lt\/"},{"@type":"ListItem","position":2,"name":"Parduotuv\u0117","item":"https:\/\/www.malinashop.lt\/en\/parduotuve\/"},{"@type":"ListItem","position":3,"name":"ERRE DUE POWER LASH EFFECT MASCARA Nr. 101 blakstien\u0173 tu\u0161as"}]},{"@type":"WebSite","@id":"https:\/\/www.malinashop.lt\/#website","url":"https:\/\/www.malinashop.lt\/","name":"COM Group Ecommerce","description":"MalinaShop.lt - Gro\u017eio ir sveikatos produktai i\u0161 patikim\u0173 preki\u0173 \u017eenkl\u0173. Atraskite auk\u0161tos kokyb\u0117s kosmetik\u0105 u\u017e puiki\u0105 kain\u0105.","publisher":{"@id":"https:\/\/www.malinashop.lt\/#organization"},"potentialAction":[{"@type":"SearchAction","target":{"@type":"EntryPoint","urlTemplate":"https:\/\/www.malinashop.lt\/?s={search_term_string}"},"query-input":{"@type":"PropertyValueSpecification","valueRequired":true,"valueName":"search_term_string"}}],"inLanguage":"lt-LT"},{"@type":"Organization","@id":"https:\/\/www.malinashop.lt\/#organization","name":"COM Group Ecommerce","url":"https:\/\/www.malinashop.lt\/","logo":{"@type":"ImageObject","inLanguage":"lt-LT","@id":"https:\/\/www.malinashop.lt\/#\/schema\/logo\/image\/","url":"https:\/\/www.malinashop.lt\/wp-content\/uploads\/2024\/08\/462559670_3787732518133670_9795632669273463_n-e1731525914575.png","contentUrl":"https:\/\/www.malinashop.lt\/wp-content\/uploads\/2024\/08\/462559670_3787732518133670_9795632669273463_n-e1731525914575.png","width":180,"height":60,"caption":"COM Group Ecommerce"},"image":{"@id":"https:\/\/www.malinashop.lt\/#\/schema\/logo\/image\/"}}]}},"jetpack_sharing_enabled":true,"_links":{"self":[{"href":"https:\/\/www.malinashop.lt\/lt_lt\/wp-json\/wp\/v2\/product\/20550","targetHints":{"allow":["GET"]}}],"collection":[{"href":"https:\/\/www.malinashop.lt\/lt_lt\/wp-json\/wp\/v2\/product"}],"about":[{"href":"https:\/\/www.malinashop.lt\/lt_lt\/wp-json\/wp\/v2\/types\/product"}],"version-history":[{"count":1,"href":"https:\/\/www.malinashop.lt\/lt_lt\/wp-json\/wp\/v2\/product\/20550\/revisions"}],"predecessor-version":[{"id":32656,"href":"https:\/\/www.malinashop.lt\/lt_lt\/wp-json\/wp\/v2\/product\/20550\/revisions\/32656"}],"wp:featuredmedia":[{"embeddable":true,"href":"https:\/\/www.malinashop.lt\/lt_lt\/wp-json\/wp\/v2\/media\/18980"}],"wp:attachment":[{"href":"https:\/\/www.malinashop.lt\/lt_lt\/wp-json\/wp\/v2\/media?parent=20550"}],"wp:term":[{"taxonomy":"product_brand","embeddable":true,"href":"https:\/\/www.malinashop.lt\/lt_lt\/wp-json\/wp\/v2\/product_brand?post=20550"},{"taxonomy":"product_cat","embeddable":true,"href":"https:\/\/www.malinashop.lt\/lt_lt\/wp-json\/wp\/v2\/product_cat?post=20550"},{"taxonomy":"product_tag","embeddable":true,"href":"https:\/\/www.malinashop.lt\/lt_lt\/wp-json\/wp\/v2\/product_tag?post=20550"}],"curies":[{"name":"wp","href":"https:\/\/api.w.org\/{rel}","templated":true}]}}