{"id":20542,"date":"2024-11-06T15:54:03","date_gmt":"2024-11-06T12:54:03","guid":{"rendered":"https:\/\/malinashop.lt\/produktas\/erre-due-black-xcess-3d-waterproof-mascara-nr-01-vandeniui-atsparus-blakstienu-tusas\/"},"modified":"2026-02-12T23:27:28","modified_gmt":"2026-02-12T20:27:28","slug":"erre-due-black-xcess-3d-waterproof-mascara-nr-01-vandeniui-atsparus-blakstienu-tusas","status":"publish","type":"product","link":"https:\/\/www.malinashop.lt\/lt_lt\/shop\/erre-due-black-xcess-3d-waterproof-mascara-nr-01-vandeniui-atsparus-blakstienu-tusas\/","title":{"rendered":"ERRE DUE Black XCESS 3D WATERPROOF MASCARA Nr. 01 vandeniui atsparus blakstien\u0173 tu\u0161as"},"content":{"rendered":"<p>ERRE DUE Vandeniui Atsparus Blakstien\u0173 Tu\u0161as Nr. 01 Black XCESS 3D WATERPROOF MASCARA \u2013 Waterproof \u2013 3D Effect \u2013 Length<\/p>\n<p>Vandeniui atsparus blakstien\u0173 tu\u0161as su silikoniniu \u0161epet\u0117liu, kuris netepa blakstien\u0173. Sukuria \u012fsp\u016bding\u0105 t\u016br\u012f, ilg\u012f ir puikiai atskiria blakstienas. Praturtintas bi\u010di\u0173 va\u0161ku, u\u017etikrinan\u010diu stiprum\u0105 ir nuostab\u0173 3D efekt\u0105.<\/p>\n<p>ATSPARUS VANDENIUI \u2013 3D EFEKTAS \u2013 ILGINANTIS<\/p>\n<p>ERRE DUE vandeniui atsparus tu\u0161as Nr. 01 Black XCESS 3D WATERPROOF MASCARA yra be nano, anglies ir trietanolamino. \u0160is tu\u0161as ne tik suteikia blakstienoms nepriekai\u0161ting\u0105 i\u0161vaizd\u0105, bet ir u\u017etikrina ilgalaik\u012f i\u0161silaikym\u0105, nepriklausomai nuo aplinkos s\u0105lyg\u0173.<\/p>\n<p>ERRE DUE \u2013 Modernus ir K\u016brybingas Prek\u0117s \u017denklas<\/p>\n<p>ERRE DUE yra inovatyvus prek\u0117s \u017eenklas, nuolat sekantis naujausias mados tendencijas. Jie reguliariai atnaujina ir ple\u010dia savo produkt\u0173 bei spalv\u0173 asortiment\u0105, si\u016blydami auk\u0161tos kokyb\u0117s makia\u017eo priemones, pasi\u017eymin\u010dias prabangiu poj\u016b\u010diu ir profesionaliu \u012fvaizd\u017eiu.<\/p>\n<p>Prabangus Poj\u016btis ir Profesionali Kokyb\u0117<\/p>\n<p>ERRE DUE makia\u017eo produktai pasi\u017eymi prabangiu poj\u016b\u010diu ir profesionaliu \u012fvaizd\u017eiu, kartu i\u0161laikydami puik\u0173 kainos ir kokyb\u0117s santyk\u012f. Kiekvienas gaminys atitinka grie\u017etus kokyb\u0117s standartus, suderindamas nesenstan\u010di\u0105 vert\u0119 ir moderni\u0105 estetik\u0105.<\/p>\n<p>Kosmetika, Kuri Kvie\u010dia I\u0161bandyti<\/p>\n<p>ERRE DUE kosmetika yra sukurta taip, kad atitikt\u0173 auk\u0161\u010diausius kokyb\u0117s standartus, derindama nesenstan\u010di\u0105 vert\u0119 su \u0161iuolaikine estetika. Minimalistin\u0117, ta\u010diau prabangi pakuot\u0117 atspindi prek\u0117s \u017eenklo filosofij\u0105. I\u0161bandykite ERRE DUE dekoratyvin\u0119 kosmetik\u0105 ir \u012fsitikinkite jos kokybe bei ilgalaikiu i\u0161silaikymu!<\/p>\n","protected":false},"excerpt":{"rendered":"<p>ERRE DUE Vandeniui Atsparus Blakstien\u0173 Tu\u0161as Nr. 01 Black XCESS 3D WATERPROOF MASCARA \u2013 Waterproof \u2013 3D Effect \u2013 Length Vandeniui atsparus&hellip;<\/p>\n","protected":false},"featured_media":18735,"template":"","meta":[],"product_brand":[561],"product_cat":[521],"product_tag":[1157],"class_list":{"0":"post-20542","1":"product","2":"type-product","3":"status-publish","4":"has-post-thumbnail","6":"product_brand-erre-due","7":"product_cat-blakstienu-tusai","8":"product_tag-erre-due","10":"first","11":"instock","12":"sale","13":"taxable","14":"shipping-taxable","15":"purchasable","16":"product-type-simple"},"yoast_head":"<!-- This site is optimized with the Yoast SEO plugin v27.4 - https:\/\/yoast.com\/product\/yoast-seo-wordpress\/ -->\n<title>ERRE DUE Black XCESS 3D WATERPROOF MASCARA Nr. 01 vandeniui atsparus blakstien\u0173 tu\u0161as - MalinaShop.lt J\u016bs\u0173 sveikatai ir gro\u017eiui.<\/title>\n<meta name=\"robots\" content=\"index, follow, max-snippet:-1, max-image-preview:large, max-video-preview:-1\" \/>\n<link rel=\"canonical\" href=\"https:\/\/www.malinashop.lt\/lt_lt\/shop\/erre-due-black-xcess-3d-waterproof-mascara-nr-01-vandeniui-atsparus-blakstienu-tusas\/\" \/>\n<meta property=\"og:locale\" content=\"lt_LT\" \/>\n<meta property=\"og:type\" content=\"article\" \/>\n<meta property=\"og:title\" content=\"ERRE DUE Black XCESS 3D WATERPROOF MASCARA Nr. 01 vandeniui atsparus blakstien\u0173 tu\u0161as - MalinaShop.lt J\u016bs\u0173 sveikatai ir gro\u017eiui.\" \/>\n<meta property=\"og:url\" content=\"https:\/\/www.malinashop.lt\/lt_lt\/shop\/erre-due-black-xcess-3d-waterproof-mascara-nr-01-vandeniui-atsparus-blakstienu-tusas\/\" \/>\n<meta property=\"og:site_name\" content=\"MalinaShop.lt J\u016bs\u0173 sveikatai ir gro\u017eiui.\" \/>\n<meta property=\"article:modified_time\" content=\"2026-02-12T20:27:28+00:00\" \/>\n<meta property=\"og:image\" content=\"https:\/\/www.malinashop.lt\/wp-content\/uploads\/2024\/11\/ERRE-DUE-Black-XCESS-3D-WATERPROOF-MASCARA-Nr.-01-vandeniui-atsparus-blakstienu-tusas.png\" \/>\n\t<meta property=\"og:image:width\" content=\"896\" \/>\n\t<meta property=\"og:image:height\" content=\"1120\" \/>\n\t<meta property=\"og:image:type\" content=\"image\/png\" \/>\n<meta name=\"twitter:card\" content=\"summary_large_image\" \/>\n<script type=\"application\/ld+json\" class=\"yoast-schema-graph\">{\"@context\":\"https:\\\/\\\/schema.org\",\"@graph\":[{\"@type\":\"WebPage\",\"@id\":\"https:\\\/\\\/www.malinashop.lt\\\/shop\\\/erre-due-black-xcess-3d-waterproof-mascara-nr-01-vandeniui-atsparus-blakstienu-tusas\\\/\",\"url\":\"https:\\\/\\\/www.malinashop.lt\\\/shop\\\/erre-due-black-xcess-3d-waterproof-mascara-nr-01-vandeniui-atsparus-blakstienu-tusas\\\/\",\"name\":\"ERRE DUE Black XCESS 3D WATERPROOF MASCARA Nr. 01 vandeniui atsparus blakstien\u0173 tu\u0161as - MalinaShop.lt J\u016bs\u0173 sveikatai ir gro\u017eiui.\",\"isPartOf\":{\"@id\":\"https:\\\/\\\/www.malinashop.lt\\\/#website\"},\"primaryImageOfPage\":{\"@id\":\"https:\\\/\\\/www.malinashop.lt\\\/shop\\\/erre-due-black-xcess-3d-waterproof-mascara-nr-01-vandeniui-atsparus-blakstienu-tusas\\\/#primaryimage\"},\"image\":{\"@id\":\"https:\\\/\\\/www.malinashop.lt\\\/shop\\\/erre-due-black-xcess-3d-waterproof-mascara-nr-01-vandeniui-atsparus-blakstienu-tusas\\\/#primaryimage\"},\"thumbnailUrl\":\"https:\\\/\\\/www.malinashop.lt\\\/wp-content\\\/uploads\\\/2024\\\/11\\\/ERRE-DUE-Black-XCESS-3D-WATERPROOF-MASCARA-Nr.-01-vandeniui-atsparus-blakstienu-tusas.png\",\"datePublished\":\"2024-11-06T12:54:03+00:00\",\"dateModified\":\"2026-02-12T20:27:28+00:00\",\"breadcrumb\":{\"@id\":\"https:\\\/\\\/www.malinashop.lt\\\/shop\\\/erre-due-black-xcess-3d-waterproof-mascara-nr-01-vandeniui-atsparus-blakstienu-tusas\\\/#breadcrumb\"},\"inLanguage\":\"lt-LT\",\"potentialAction\":[{\"@type\":\"ReadAction\",\"target\":[\"https:\\\/\\\/www.malinashop.lt\\\/shop\\\/erre-due-black-xcess-3d-waterproof-mascara-nr-01-vandeniui-atsparus-blakstienu-tusas\\\/\"]}]},{\"@type\":\"ImageObject\",\"inLanguage\":\"lt-LT\",\"@id\":\"https:\\\/\\\/www.malinashop.lt\\\/shop\\\/erre-due-black-xcess-3d-waterproof-mascara-nr-01-vandeniui-atsparus-blakstienu-tusas\\\/#primaryimage\",\"url\":\"https:\\\/\\\/www.malinashop.lt\\\/wp-content\\\/uploads\\\/2024\\\/11\\\/ERRE-DUE-Black-XCESS-3D-WATERPROOF-MASCARA-Nr.-01-vandeniui-atsparus-blakstienu-tusas.png\",\"contentUrl\":\"https:\\\/\\\/www.malinashop.lt\\\/wp-content\\\/uploads\\\/2024\\\/11\\\/ERRE-DUE-Black-XCESS-3D-WATERPROOF-MASCARA-Nr.-01-vandeniui-atsparus-blakstienu-tusas.png\",\"width\":896,\"height\":1120},{\"@type\":\"BreadcrumbList\",\"@id\":\"https:\\\/\\\/www.malinashop.lt\\\/shop\\\/erre-due-black-xcess-3d-waterproof-mascara-nr-01-vandeniui-atsparus-blakstienu-tusas\\\/#breadcrumb\",\"itemListElement\":[{\"@type\":\"ListItem\",\"position\":1,\"name\":\"Pagrindinis\",\"item\":\"https:\\\/\\\/www.malinashop.lt\\\/\"},{\"@type\":\"ListItem\",\"position\":2,\"name\":\"Parduotuv\u0117\",\"item\":\"https:\\\/\\\/www.malinashop.lt\\\/en\\\/parduotuve\\\/\"},{\"@type\":\"ListItem\",\"position\":3,\"name\":\"ERRE DUE Black XCESS 3D WATERPROOF MASCARA Nr. 01 vandeniui atsparus blakstien\u0173 tu\u0161as\"}]},{\"@type\":\"WebSite\",\"@id\":\"https:\\\/\\\/www.malinashop.lt\\\/#website\",\"url\":\"https:\\\/\\\/www.malinashop.lt\\\/\",\"name\":\"COM Group Ecommerce\",\"description\":\"MalinaShop.lt - Gro\u017eio ir sveikatos produktai i\u0161 patikim\u0173 preki\u0173 \u017eenkl\u0173. Atraskite auk\u0161tos kokyb\u0117s kosmetik\u0105 u\u017e puiki\u0105 kain\u0105.\",\"publisher\":{\"@id\":\"https:\\\/\\\/www.malinashop.lt\\\/#organization\"},\"potentialAction\":[{\"@type\":\"SearchAction\",\"target\":{\"@type\":\"EntryPoint\",\"urlTemplate\":\"https:\\\/\\\/www.malinashop.lt\\\/?s={search_term_string}\"},\"query-input\":{\"@type\":\"PropertyValueSpecification\",\"valueRequired\":true,\"valueName\":\"search_term_string\"}}],\"inLanguage\":\"lt-LT\"},{\"@type\":\"Organization\",\"@id\":\"https:\\\/\\\/www.malinashop.lt\\\/#organization\",\"name\":\"COM Group Ecommerce\",\"url\":\"https:\\\/\\\/www.malinashop.lt\\\/\",\"logo\":{\"@type\":\"ImageObject\",\"inLanguage\":\"lt-LT\",\"@id\":\"https:\\\/\\\/www.malinashop.lt\\\/#\\\/schema\\\/logo\\\/image\\\/\",\"url\":\"https:\\\/\\\/www.malinashop.lt\\\/wp-content\\\/uploads\\\/2024\\\/08\\\/462559670_3787732518133670_9795632669273463_n-e1731525914575.png\",\"contentUrl\":\"https:\\\/\\\/www.malinashop.lt\\\/wp-content\\\/uploads\\\/2024\\\/08\\\/462559670_3787732518133670_9795632669273463_n-e1731525914575.png\",\"width\":180,\"height\":60,\"caption\":\"COM Group Ecommerce\"},\"image\":{\"@id\":\"https:\\\/\\\/www.malinashop.lt\\\/#\\\/schema\\\/logo\\\/image\\\/\"}}]}<\/script>\n<!-- \/ Yoast SEO plugin. -->","yoast_head_json":{"title":"ERRE DUE Black XCESS 3D WATERPROOF MASCARA Nr. 01 vandeniui atsparus blakstien\u0173 tu\u0161as - MalinaShop.lt J\u016bs\u0173 sveikatai ir gro\u017eiui.","robots":{"index":"index","follow":"follow","max-snippet":"max-snippet:-1","max-image-preview":"max-image-preview:large","max-video-preview":"max-video-preview:-1"},"canonical":"https:\/\/www.malinashop.lt\/lt_lt\/shop\/erre-due-black-xcess-3d-waterproof-mascara-nr-01-vandeniui-atsparus-blakstienu-tusas\/","og_locale":"lt_LT","og_type":"article","og_title":"ERRE DUE Black XCESS 3D WATERPROOF MASCARA Nr. 01 vandeniui atsparus blakstien\u0173 tu\u0161as - MalinaShop.lt J\u016bs\u0173 sveikatai ir gro\u017eiui.","og_url":"https:\/\/www.malinashop.lt\/lt_lt\/shop\/erre-due-black-xcess-3d-waterproof-mascara-nr-01-vandeniui-atsparus-blakstienu-tusas\/","og_site_name":"MalinaShop.lt J\u016bs\u0173 sveikatai ir gro\u017eiui.","article_modified_time":"2026-02-12T20:27:28+00:00","og_image":[{"width":896,"height":1120,"url":"https:\/\/www.malinashop.lt\/wp-content\/uploads\/2024\/11\/ERRE-DUE-Black-XCESS-3D-WATERPROOF-MASCARA-Nr.-01-vandeniui-atsparus-blakstienu-tusas.png","type":"image\/png"}],"twitter_card":"summary_large_image","schema":{"@context":"https:\/\/schema.org","@graph":[{"@type":"WebPage","@id":"https:\/\/www.malinashop.lt\/shop\/erre-due-black-xcess-3d-waterproof-mascara-nr-01-vandeniui-atsparus-blakstienu-tusas\/","url":"https:\/\/www.malinashop.lt\/shop\/erre-due-black-xcess-3d-waterproof-mascara-nr-01-vandeniui-atsparus-blakstienu-tusas\/","name":"ERRE DUE Black XCESS 3D WATERPROOF MASCARA Nr. 01 vandeniui atsparus blakstien\u0173 tu\u0161as - MalinaShop.lt J\u016bs\u0173 sveikatai ir gro\u017eiui.","isPartOf":{"@id":"https:\/\/www.malinashop.lt\/#website"},"primaryImageOfPage":{"@id":"https:\/\/www.malinashop.lt\/shop\/erre-due-black-xcess-3d-waterproof-mascara-nr-01-vandeniui-atsparus-blakstienu-tusas\/#primaryimage"},"image":{"@id":"https:\/\/www.malinashop.lt\/shop\/erre-due-black-xcess-3d-waterproof-mascara-nr-01-vandeniui-atsparus-blakstienu-tusas\/#primaryimage"},"thumbnailUrl":"https:\/\/www.malinashop.lt\/wp-content\/uploads\/2024\/11\/ERRE-DUE-Black-XCESS-3D-WATERPROOF-MASCARA-Nr.-01-vandeniui-atsparus-blakstienu-tusas.png","datePublished":"2024-11-06T12:54:03+00:00","dateModified":"2026-02-12T20:27:28+00:00","breadcrumb":{"@id":"https:\/\/www.malinashop.lt\/shop\/erre-due-black-xcess-3d-waterproof-mascara-nr-01-vandeniui-atsparus-blakstienu-tusas\/#breadcrumb"},"inLanguage":"lt-LT","potentialAction":[{"@type":"ReadAction","target":["https:\/\/www.malinashop.lt\/shop\/erre-due-black-xcess-3d-waterproof-mascara-nr-01-vandeniui-atsparus-blakstienu-tusas\/"]}]},{"@type":"ImageObject","inLanguage":"lt-LT","@id":"https:\/\/www.malinashop.lt\/shop\/erre-due-black-xcess-3d-waterproof-mascara-nr-01-vandeniui-atsparus-blakstienu-tusas\/#primaryimage","url":"https:\/\/www.malinashop.lt\/wp-content\/uploads\/2024\/11\/ERRE-DUE-Black-XCESS-3D-WATERPROOF-MASCARA-Nr.-01-vandeniui-atsparus-blakstienu-tusas.png","contentUrl":"https:\/\/www.malinashop.lt\/wp-content\/uploads\/2024\/11\/ERRE-DUE-Black-XCESS-3D-WATERPROOF-MASCARA-Nr.-01-vandeniui-atsparus-blakstienu-tusas.png","width":896,"height":1120},{"@type":"BreadcrumbList","@id":"https:\/\/www.malinashop.lt\/shop\/erre-due-black-xcess-3d-waterproof-mascara-nr-01-vandeniui-atsparus-blakstienu-tusas\/#breadcrumb","itemListElement":[{"@type":"ListItem","position":1,"name":"Pagrindinis","item":"https:\/\/www.malinashop.lt\/"},{"@type":"ListItem","position":2,"name":"Parduotuv\u0117","item":"https:\/\/www.malinashop.lt\/en\/parduotuve\/"},{"@type":"ListItem","position":3,"name":"ERRE DUE Black XCESS 3D WATERPROOF MASCARA Nr. 01 vandeniui atsparus blakstien\u0173 tu\u0161as"}]},{"@type":"WebSite","@id":"https:\/\/www.malinashop.lt\/#website","url":"https:\/\/www.malinashop.lt\/","name":"COM Group Ecommerce","description":"MalinaShop.lt - Gro\u017eio ir sveikatos produktai i\u0161 patikim\u0173 preki\u0173 \u017eenkl\u0173. Atraskite auk\u0161tos kokyb\u0117s kosmetik\u0105 u\u017e puiki\u0105 kain\u0105.","publisher":{"@id":"https:\/\/www.malinashop.lt\/#organization"},"potentialAction":[{"@type":"SearchAction","target":{"@type":"EntryPoint","urlTemplate":"https:\/\/www.malinashop.lt\/?s={search_term_string}"},"query-input":{"@type":"PropertyValueSpecification","valueRequired":true,"valueName":"search_term_string"}}],"inLanguage":"lt-LT"},{"@type":"Organization","@id":"https:\/\/www.malinashop.lt\/#organization","name":"COM Group Ecommerce","url":"https:\/\/www.malinashop.lt\/","logo":{"@type":"ImageObject","inLanguage":"lt-LT","@id":"https:\/\/www.malinashop.lt\/#\/schema\/logo\/image\/","url":"https:\/\/www.malinashop.lt\/wp-content\/uploads\/2024\/08\/462559670_3787732518133670_9795632669273463_n-e1731525914575.png","contentUrl":"https:\/\/www.malinashop.lt\/wp-content\/uploads\/2024\/08\/462559670_3787732518133670_9795632669273463_n-e1731525914575.png","width":180,"height":60,"caption":"COM Group Ecommerce"},"image":{"@id":"https:\/\/www.malinashop.lt\/#\/schema\/logo\/image\/"}}]}},"jetpack_sharing_enabled":true,"_links":{"self":[{"href":"https:\/\/www.malinashop.lt\/lt_lt\/wp-json\/wp\/v2\/product\/20542","targetHints":{"allow":["GET"]}}],"collection":[{"href":"https:\/\/www.malinashop.lt\/lt_lt\/wp-json\/wp\/v2\/product"}],"about":[{"href":"https:\/\/www.malinashop.lt\/lt_lt\/wp-json\/wp\/v2\/types\/product"}],"version-history":[{"count":1,"href":"https:\/\/www.malinashop.lt\/lt_lt\/wp-json\/wp\/v2\/product\/20542\/revisions"}],"predecessor-version":[{"id":32659,"href":"https:\/\/www.malinashop.lt\/lt_lt\/wp-json\/wp\/v2\/product\/20542\/revisions\/32659"}],"wp:featuredmedia":[{"embeddable":true,"href":"https:\/\/www.malinashop.lt\/lt_lt\/wp-json\/wp\/v2\/media\/18735"}],"wp:attachment":[{"href":"https:\/\/www.malinashop.lt\/lt_lt\/wp-json\/wp\/v2\/media?parent=20542"}],"wp:term":[{"taxonomy":"product_brand","embeddable":true,"href":"https:\/\/www.malinashop.lt\/lt_lt\/wp-json\/wp\/v2\/product_brand?post=20542"},{"taxonomy":"product_cat","embeddable":true,"href":"https:\/\/www.malinashop.lt\/lt_lt\/wp-json\/wp\/v2\/product_cat?post=20542"},{"taxonomy":"product_tag","embeddable":true,"href":"https:\/\/www.malinashop.lt\/lt_lt\/wp-json\/wp\/v2\/product_tag?post=20542"}],"curies":[{"name":"wp","href":"https:\/\/api.w.org\/{rel}","templated":true}]}}