{"id":20496,"date":"2024-11-06T15:53:59","date_gmt":"2024-11-06T12:53:59","guid":{"rendered":"https:\/\/malinashop.lt\/produktas\/erre-due-eva-in-paradise-nr-117-skaistalai\/"},"modified":"2026-02-12T23:24:20","modified_gmt":"2026-02-12T20:24:20","slug":"erre-due-eva-in-paradise-nr-117-skaistalai","status":"publish","type":"product","link":"https:\/\/www.malinashop.lt\/lt_lt\/shop\/erre-due-eva-in-paradise-nr-117-skaistalai\/","title":{"rendered":"ERRE DUE Eva In Paradise Nr. 117 skaistalai"},"content":{"rendered":"<p>ERRE DUE Skaistalai Nr. 117 Eva In Paradise<\/p>\n<p>Nat\u016bralus Atspalvis Ir \u0160ilko \u0160velnumo Poj\u016btis<\/p>\n<p>ERRE DUE skaistalai Nr. 117 Eva In Paradise yra smulkios, \u0161ilkin\u0117s tekst\u016bros, padengiantys od\u0105 lengvu \u0161ydu. Lengva naudoti, \u0161ie skaistalai suteikia vientis\u0105, \u0161ilkin\u012f atspalv\u012f skruostams, tod\u0117l oda atrodo nat\u016braliai. Ilgai i\u0161liekantis atspalvis leis jums atrodyti nuostabiai ir stulbinamai vis\u0105 dien\u0105.<\/p>\n<p>Viskas, Ko Reikia, Kad J\u016bs\u0173 Oda \u017dvilg\u0117t\u0173<\/p>\n<p>ERRE DUE skaistalai Nr. 117 Eva In Paradise suteikia visk\u0105, ko reikia, kad j\u016bs\u0173 oda atrodyt\u0173 \u017evilganti ir nat\u016braliai gra\u017ei.<\/p>\n<p>Apie ERRE DUE<\/p>\n<p>ERRE DUE yra modernus ir k\u016brybingas prek\u0117s \u017eenklas, visada sekantis naujausias mados tendencijas. Jie reguliariai atnaujina ir ple\u010dia savo gamini\u0173 bei spalv\u0173 asortiment\u0105, si\u016blydami auk\u0161tos kokyb\u0117s makia\u017eo produktus, pasi\u017eymin\u010dius prabangiu poj\u016b\u010diu, profesionaliu \u012fvaizd\u017eiu ir puikiu kainos bei kokyb\u0117s santykiu.<\/p>\n<p>Kokyb\u0117s Garantija<\/p>\n<p>ERRE DUE kosmetika atitinka grie\u017etus kokyb\u0117s standartus, u\u017etikrindama ideal\u0173 \u012fvaizd\u017eio, nesenstan\u010dios vert\u0117s ir modernios estetikos balans\u0105. Visi j\u0173 gaminiai yra auk\u0161tos kokyb\u0117s, sudarantys nesenstan\u010dios vert\u0117s ir modernios estetikos derin\u012f. Minimalistin\u0117 ir prabangi pakuot\u0117 atspindi prek\u0117s \u017eenklo filosofij\u0105.<\/p>\n<p>I\u0161bandykite ir \u012esitikinkite Kokybe<\/p>\n<p>Pajuskite ERRE DUE dekoratyvin\u0117s kosmetikos kokyb\u0119 ir ilgalaik\u012f i\u0161silaikym\u0105 patys.<\/p>\n","protected":false},"excerpt":{"rendered":"<p>ERRE DUE Skaistalai Nr. 117 Eva In Paradise Nat\u016bralus Atspalvis Ir \u0160ilko \u0160velnumo Poj\u016btis ERRE DUE skaistalai Nr. 117 Eva In Paradise&hellip;<\/p>\n","protected":false},"featured_media":18801,"template":"","meta":[],"product_brand":[561],"product_cat":[526,728],"product_tag":[1157],"class_list":{"0":"post-20496","1":"product","2":"type-product","3":"status-publish","4":"has-post-thumbnail","6":"product_brand-erre-due","7":"product_cat-skaistalai","8":"product_cat-veidui","9":"product_tag-erre-due","11":"first","12":"instock","13":"sale","14":"taxable","15":"shipping-taxable","16":"purchasable","17":"product-type-simple"},"yoast_head":"<!-- This site is optimized with the Yoast SEO plugin v27.4 - https:\/\/yoast.com\/product\/yoast-seo-wordpress\/ -->\n<title>ERRE DUE Eva In Paradise Nr. 117 skaistalai - MalinaShop.lt J\u016bs\u0173 sveikatai ir gro\u017eiui.<\/title>\n<meta name=\"robots\" content=\"index, follow, max-snippet:-1, max-image-preview:large, max-video-preview:-1\" \/>\n<link rel=\"canonical\" href=\"https:\/\/www.malinashop.lt\/lt_lt\/shop\/erre-due-eva-in-paradise-nr-117-skaistalai\/\" \/>\n<meta property=\"og:locale\" content=\"lt_LT\" \/>\n<meta property=\"og:type\" content=\"article\" \/>\n<meta property=\"og:title\" content=\"ERRE DUE Eva In Paradise Nr. 117 skaistalai - MalinaShop.lt J\u016bs\u0173 sveikatai ir gro\u017eiui.\" \/>\n<meta property=\"og:url\" content=\"https:\/\/www.malinashop.lt\/lt_lt\/shop\/erre-due-eva-in-paradise-nr-117-skaistalai\/\" \/>\n<meta property=\"og:site_name\" content=\"MalinaShop.lt J\u016bs\u0173 sveikatai ir gro\u017eiui.\" \/>\n<meta property=\"article:modified_time\" content=\"2026-02-12T20:24:20+00:00\" \/>\n<meta property=\"og:image\" content=\"https:\/\/www.malinashop.lt\/wp-content\/uploads\/2024\/11\/ERRE-DUE-Eva-In-Paradise-Nr.-117-skaistalai.jpg\" \/>\n\t<meta property=\"og:image:width\" content=\"1280\" \/>\n\t<meta property=\"og:image:height\" content=\"1600\" \/>\n\t<meta property=\"og:image:type\" content=\"image\/jpeg\" \/>\n<meta name=\"twitter:card\" content=\"summary_large_image\" \/>\n<script type=\"application\/ld+json\" class=\"yoast-schema-graph\">{\"@context\":\"https:\\\/\\\/schema.org\",\"@graph\":[{\"@type\":\"WebPage\",\"@id\":\"https:\\\/\\\/www.malinashop.lt\\\/shop\\\/erre-due-eva-in-paradise-nr-117-skaistalai\\\/\",\"url\":\"https:\\\/\\\/www.malinashop.lt\\\/shop\\\/erre-due-eva-in-paradise-nr-117-skaistalai\\\/\",\"name\":\"ERRE DUE Eva In Paradise Nr. 117 skaistalai - MalinaShop.lt J\u016bs\u0173 sveikatai ir gro\u017eiui.\",\"isPartOf\":{\"@id\":\"https:\\\/\\\/www.malinashop.lt\\\/#website\"},\"primaryImageOfPage\":{\"@id\":\"https:\\\/\\\/www.malinashop.lt\\\/shop\\\/erre-due-eva-in-paradise-nr-117-skaistalai\\\/#primaryimage\"},\"image\":{\"@id\":\"https:\\\/\\\/www.malinashop.lt\\\/shop\\\/erre-due-eva-in-paradise-nr-117-skaistalai\\\/#primaryimage\"},\"thumbnailUrl\":\"https:\\\/\\\/www.malinashop.lt\\\/wp-content\\\/uploads\\\/2024\\\/11\\\/ERRE-DUE-Eva-In-Paradise-Nr.-117-skaistalai.jpg\",\"datePublished\":\"2024-11-06T12:53:59+00:00\",\"dateModified\":\"2026-02-12T20:24:20+00:00\",\"breadcrumb\":{\"@id\":\"https:\\\/\\\/www.malinashop.lt\\\/shop\\\/erre-due-eva-in-paradise-nr-117-skaistalai\\\/#breadcrumb\"},\"inLanguage\":\"lt-LT\",\"potentialAction\":[{\"@type\":\"ReadAction\",\"target\":[\"https:\\\/\\\/www.malinashop.lt\\\/shop\\\/erre-due-eva-in-paradise-nr-117-skaistalai\\\/\"]}]},{\"@type\":\"ImageObject\",\"inLanguage\":\"lt-LT\",\"@id\":\"https:\\\/\\\/www.malinashop.lt\\\/shop\\\/erre-due-eva-in-paradise-nr-117-skaistalai\\\/#primaryimage\",\"url\":\"https:\\\/\\\/www.malinashop.lt\\\/wp-content\\\/uploads\\\/2024\\\/11\\\/ERRE-DUE-Eva-In-Paradise-Nr.-117-skaistalai.jpg\",\"contentUrl\":\"https:\\\/\\\/www.malinashop.lt\\\/wp-content\\\/uploads\\\/2024\\\/11\\\/ERRE-DUE-Eva-In-Paradise-Nr.-117-skaistalai.jpg\",\"width\":1280,\"height\":1600},{\"@type\":\"BreadcrumbList\",\"@id\":\"https:\\\/\\\/www.malinashop.lt\\\/shop\\\/erre-due-eva-in-paradise-nr-117-skaistalai\\\/#breadcrumb\",\"itemListElement\":[{\"@type\":\"ListItem\",\"position\":1,\"name\":\"Pagrindinis\",\"item\":\"https:\\\/\\\/www.malinashop.lt\\\/\"},{\"@type\":\"ListItem\",\"position\":2,\"name\":\"Parduotuv\u0117\",\"item\":\"https:\\\/\\\/www.malinashop.lt\\\/en\\\/parduotuve\\\/\"},{\"@type\":\"ListItem\",\"position\":3,\"name\":\"ERRE DUE Eva In Paradise Nr. 117 skaistalai\"}]},{\"@type\":\"WebSite\",\"@id\":\"https:\\\/\\\/www.malinashop.lt\\\/#website\",\"url\":\"https:\\\/\\\/www.malinashop.lt\\\/\",\"name\":\"COM Group Ecommerce\",\"description\":\"MalinaShop.lt - Gro\u017eio ir sveikatos produktai i\u0161 patikim\u0173 preki\u0173 \u017eenkl\u0173. Atraskite auk\u0161tos kokyb\u0117s kosmetik\u0105 u\u017e puiki\u0105 kain\u0105.\",\"publisher\":{\"@id\":\"https:\\\/\\\/www.malinashop.lt\\\/#organization\"},\"potentialAction\":[{\"@type\":\"SearchAction\",\"target\":{\"@type\":\"EntryPoint\",\"urlTemplate\":\"https:\\\/\\\/www.malinashop.lt\\\/?s={search_term_string}\"},\"query-input\":{\"@type\":\"PropertyValueSpecification\",\"valueRequired\":true,\"valueName\":\"search_term_string\"}}],\"inLanguage\":\"lt-LT\"},{\"@type\":\"Organization\",\"@id\":\"https:\\\/\\\/www.malinashop.lt\\\/#organization\",\"name\":\"COM Group Ecommerce\",\"url\":\"https:\\\/\\\/www.malinashop.lt\\\/\",\"logo\":{\"@type\":\"ImageObject\",\"inLanguage\":\"lt-LT\",\"@id\":\"https:\\\/\\\/www.malinashop.lt\\\/#\\\/schema\\\/logo\\\/image\\\/\",\"url\":\"https:\\\/\\\/www.malinashop.lt\\\/wp-content\\\/uploads\\\/2024\\\/08\\\/462559670_3787732518133670_9795632669273463_n-e1731525914575.png\",\"contentUrl\":\"https:\\\/\\\/www.malinashop.lt\\\/wp-content\\\/uploads\\\/2024\\\/08\\\/462559670_3787732518133670_9795632669273463_n-e1731525914575.png\",\"width\":180,\"height\":60,\"caption\":\"COM Group Ecommerce\"},\"image\":{\"@id\":\"https:\\\/\\\/www.malinashop.lt\\\/#\\\/schema\\\/logo\\\/image\\\/\"}}]}<\/script>\n<!-- \/ Yoast SEO plugin. -->","yoast_head_json":{"title":"ERRE DUE Eva In Paradise Nr. 117 skaistalai - MalinaShop.lt J\u016bs\u0173 sveikatai ir gro\u017eiui.","robots":{"index":"index","follow":"follow","max-snippet":"max-snippet:-1","max-image-preview":"max-image-preview:large","max-video-preview":"max-video-preview:-1"},"canonical":"https:\/\/www.malinashop.lt\/lt_lt\/shop\/erre-due-eva-in-paradise-nr-117-skaistalai\/","og_locale":"lt_LT","og_type":"article","og_title":"ERRE DUE Eva In Paradise Nr. 117 skaistalai - MalinaShop.lt J\u016bs\u0173 sveikatai ir gro\u017eiui.","og_url":"https:\/\/www.malinashop.lt\/lt_lt\/shop\/erre-due-eva-in-paradise-nr-117-skaistalai\/","og_site_name":"MalinaShop.lt J\u016bs\u0173 sveikatai ir gro\u017eiui.","article_modified_time":"2026-02-12T20:24:20+00:00","og_image":[{"width":1280,"height":1600,"url":"https:\/\/www.malinashop.lt\/wp-content\/uploads\/2024\/11\/ERRE-DUE-Eva-In-Paradise-Nr.-117-skaistalai.jpg","type":"image\/jpeg"}],"twitter_card":"summary_large_image","schema":{"@context":"https:\/\/schema.org","@graph":[{"@type":"WebPage","@id":"https:\/\/www.malinashop.lt\/shop\/erre-due-eva-in-paradise-nr-117-skaistalai\/","url":"https:\/\/www.malinashop.lt\/shop\/erre-due-eva-in-paradise-nr-117-skaistalai\/","name":"ERRE DUE Eva In Paradise Nr. 117 skaistalai - MalinaShop.lt J\u016bs\u0173 sveikatai ir gro\u017eiui.","isPartOf":{"@id":"https:\/\/www.malinashop.lt\/#website"},"primaryImageOfPage":{"@id":"https:\/\/www.malinashop.lt\/shop\/erre-due-eva-in-paradise-nr-117-skaistalai\/#primaryimage"},"image":{"@id":"https:\/\/www.malinashop.lt\/shop\/erre-due-eva-in-paradise-nr-117-skaistalai\/#primaryimage"},"thumbnailUrl":"https:\/\/www.malinashop.lt\/wp-content\/uploads\/2024\/11\/ERRE-DUE-Eva-In-Paradise-Nr.-117-skaistalai.jpg","datePublished":"2024-11-06T12:53:59+00:00","dateModified":"2026-02-12T20:24:20+00:00","breadcrumb":{"@id":"https:\/\/www.malinashop.lt\/shop\/erre-due-eva-in-paradise-nr-117-skaistalai\/#breadcrumb"},"inLanguage":"lt-LT","potentialAction":[{"@type":"ReadAction","target":["https:\/\/www.malinashop.lt\/shop\/erre-due-eva-in-paradise-nr-117-skaistalai\/"]}]},{"@type":"ImageObject","inLanguage":"lt-LT","@id":"https:\/\/www.malinashop.lt\/shop\/erre-due-eva-in-paradise-nr-117-skaistalai\/#primaryimage","url":"https:\/\/www.malinashop.lt\/wp-content\/uploads\/2024\/11\/ERRE-DUE-Eva-In-Paradise-Nr.-117-skaistalai.jpg","contentUrl":"https:\/\/www.malinashop.lt\/wp-content\/uploads\/2024\/11\/ERRE-DUE-Eva-In-Paradise-Nr.-117-skaistalai.jpg","width":1280,"height":1600},{"@type":"BreadcrumbList","@id":"https:\/\/www.malinashop.lt\/shop\/erre-due-eva-in-paradise-nr-117-skaistalai\/#breadcrumb","itemListElement":[{"@type":"ListItem","position":1,"name":"Pagrindinis","item":"https:\/\/www.malinashop.lt\/"},{"@type":"ListItem","position":2,"name":"Parduotuv\u0117","item":"https:\/\/www.malinashop.lt\/en\/parduotuve\/"},{"@type":"ListItem","position":3,"name":"ERRE DUE Eva In Paradise Nr. 117 skaistalai"}]},{"@type":"WebSite","@id":"https:\/\/www.malinashop.lt\/#website","url":"https:\/\/www.malinashop.lt\/","name":"COM Group Ecommerce","description":"MalinaShop.lt - Gro\u017eio ir sveikatos produktai i\u0161 patikim\u0173 preki\u0173 \u017eenkl\u0173. Atraskite auk\u0161tos kokyb\u0117s kosmetik\u0105 u\u017e puiki\u0105 kain\u0105.","publisher":{"@id":"https:\/\/www.malinashop.lt\/#organization"},"potentialAction":[{"@type":"SearchAction","target":{"@type":"EntryPoint","urlTemplate":"https:\/\/www.malinashop.lt\/?s={search_term_string}"},"query-input":{"@type":"PropertyValueSpecification","valueRequired":true,"valueName":"search_term_string"}}],"inLanguage":"lt-LT"},{"@type":"Organization","@id":"https:\/\/www.malinashop.lt\/#organization","name":"COM Group Ecommerce","url":"https:\/\/www.malinashop.lt\/","logo":{"@type":"ImageObject","inLanguage":"lt-LT","@id":"https:\/\/www.malinashop.lt\/#\/schema\/logo\/image\/","url":"https:\/\/www.malinashop.lt\/wp-content\/uploads\/2024\/08\/462559670_3787732518133670_9795632669273463_n-e1731525914575.png","contentUrl":"https:\/\/www.malinashop.lt\/wp-content\/uploads\/2024\/08\/462559670_3787732518133670_9795632669273463_n-e1731525914575.png","width":180,"height":60,"caption":"COM Group Ecommerce"},"image":{"@id":"https:\/\/www.malinashop.lt\/#\/schema\/logo\/image\/"}}]}},"jetpack_sharing_enabled":true,"_links":{"self":[{"href":"https:\/\/www.malinashop.lt\/lt_lt\/wp-json\/wp\/v2\/product\/20496","targetHints":{"allow":["GET"]}}],"collection":[{"href":"https:\/\/www.malinashop.lt\/lt_lt\/wp-json\/wp\/v2\/product"}],"about":[{"href":"https:\/\/www.malinashop.lt\/lt_lt\/wp-json\/wp\/v2\/types\/product"}],"version-history":[{"count":1,"href":"https:\/\/www.malinashop.lt\/lt_lt\/wp-json\/wp\/v2\/product\/20496\/revisions"}],"predecessor-version":[{"id":32678,"href":"https:\/\/www.malinashop.lt\/lt_lt\/wp-json\/wp\/v2\/product\/20496\/revisions\/32678"}],"wp:featuredmedia":[{"embeddable":true,"href":"https:\/\/www.malinashop.lt\/lt_lt\/wp-json\/wp\/v2\/media\/18801"}],"wp:attachment":[{"href":"https:\/\/www.malinashop.lt\/lt_lt\/wp-json\/wp\/v2\/media?parent=20496"}],"wp:term":[{"taxonomy":"product_brand","embeddable":true,"href":"https:\/\/www.malinashop.lt\/lt_lt\/wp-json\/wp\/v2\/product_brand?post=20496"},{"taxonomy":"product_cat","embeddable":true,"href":"https:\/\/www.malinashop.lt\/lt_lt\/wp-json\/wp\/v2\/product_cat?post=20496"},{"taxonomy":"product_tag","embeddable":true,"href":"https:\/\/www.malinashop.lt\/lt_lt\/wp-json\/wp\/v2\/product_tag?post=20496"}],"curies":[{"name":"wp","href":"https:\/\/api.w.org\/{rel}","templated":true}]}}