{"id":20332,"date":"2026-04-14T18:35:44","date_gmt":"2026-04-14T15:35:44","guid":{"rendered":"https:\/\/malinashop.lt\/produktas\/roomoi-vin-noble-namu-kvapu-difuzorius-500-ml\/"},"modified":"2026-04-14T09:08:17","modified_gmt":"2026-04-14T06:08:17","slug":"roomoi-vin-noble-namu-kvapu-difuzorius-500-ml","status":"publish","type":"product","link":"https:\/\/www.malinashop.lt\/lt_lt\/shop\/roomoi-vin-noble-namu-kvapu-difuzorius-500-ml\/","title":{"rendered":"ROOMOI VIN NOBLE nam\u0173 kvap\u0173 difuzorius, 500ml"},"content":{"rendered":"<p data-start=\"359\" data-end=\"638\"><span style=\"color: #000000;\"><strong data-start=\"359\" data-end=\"379\">ROOMOI Vin Noble<\/strong> \u2013 tai <strong data-start=\"386\" data-end=\"421\">prabangus nam\u0173 kvap\u0173 difuzorius<\/strong>, leid\u017eiantis pasinerti \u012f <strong data-start=\"447\" data-end=\"479\">\u017eydin\u010dio vynuogyno atmosfer\u0105<\/strong>. \u0160iltos ir sultingos aromato natos pripildo namus <strong data-start=\"530\" data-end=\"577\">jaukumo, ramyb\u0117s ir i\u0161skirtin\u0117s elegancijos<\/strong>, sukurdamos <strong data-start=\"590\" data-end=\"635\">gurmani\u0161k\u0105, ilgai i\u0161liekant\u012f kvapo \u0161leif\u0105<\/strong>.<\/span><\/p>\n<p data-start=\"640\" data-end=\"884\"><span style=\"color: #000000;\">Aromato kompozicijoje dera <strong data-start=\"667\" data-end=\"695\">vynuogi\u0173 ir \u017eem\u0117s kvapai<\/strong>, apgaubiantys subtiliu <strong data-start=\"719\" data-end=\"756\">vaisi\u0173 saldumu ir medienos \u0161iluma<\/strong>. Kvapas tolygiai skleid\u017eiasi per lazdeles, i\u0161laikydamas <strong data-start=\"813\" data-end=\"836\">pastov\u0173 intensyvum\u0105<\/strong> ir <strong data-start=\"840\" data-end=\"881\">malon\u0173 balans\u0105 tarp saldumo ir gaivos<\/strong>.<\/span><\/p>\n<hr data-start=\"886\" data-end=\"889\" \/>\n<h4 data-start=\"891\" data-end=\"919\"><span style=\"color: #000000;\"><strong data-start=\"895\" data-end=\"917\">Kvap\u0173 kompozicija:<\/strong><\/span><\/h4>\n<ul data-start=\"920\" data-end=\"1067\">\n<li data-start=\"920\" data-end=\"976\">\n<p data-start=\"922\" data-end=\"976\"><span style=\"color: #000000;\"><strong data-start=\"922\" data-end=\"943\">Vir\u0161utin\u0117s natos:<\/strong> apelsinas, na\u0161lait\u0117, magnolija<\/span><\/p>\n<\/li>\n<li data-start=\"977\" data-end=\"1022\">\n<p data-start=\"979\" data-end=\"1022\"><span style=\"color: #000000;\"><strong data-start=\"979\" data-end=\"999\">Vidurin\u0117s natos:<\/strong> slyva, bra\u0161k\u0117, uogos<\/span><\/p>\n<\/li>\n<li data-start=\"1023\" data-end=\"1067\">\n<p data-start=\"1025\" data-end=\"1067\"><span style=\"color: #000000;\"><strong data-start=\"1025\" data-end=\"1043\">Bazin\u0117s natos:<\/strong> sausa mediena, ber\u017eas<\/span><\/p>\n<\/li>\n<\/ul>\n<p data-start=\"1069\" data-end=\"1088\"><span style=\"color: #000000;\"><strong data-start=\"1069\" data-end=\"1079\">Talpa:<\/strong> 500 ml<\/span><\/p>\n<hr data-start=\"1090\" data-end=\"1093\" \/>\n<h4 data-start=\"1095\" data-end=\"1146\"><span style=\"color: #000000;\"><strong data-start=\"1099\" data-end=\"1144\">Prabangus dizainas ir ilgalaikis aromatas<\/strong><\/span><\/h4>\n<p data-start=\"1147\" data-end=\"1361\"><span style=\"color: #000000;\">Difuzorius i\u0161pilstytas \u012f <strong data-start=\"1172\" data-end=\"1206\">juodo d\u016bminio stiklo buteliuk\u0105<\/strong>, kuris tampa <strong data-start=\"1220\" data-end=\"1249\">stilinga interjero detale<\/strong>. <strong data-start=\"1251\" data-end=\"1281\">Ekologi\u0161kos kvap\u0173 lazdel\u0117s<\/strong> leid\u017eia aromatui sklisti palaipsniui, tod\u0117l kvapas i\u0161lieka ilgai ir tolygiai.<\/span><\/p>\n<p data-start=\"1363\" data-end=\"1569\"><span style=\"color: #000000;\">Supakuotas \u012f <strong data-start=\"1376\" data-end=\"1396\">prabangi\u0105 d\u0117\u017eut\u0119<\/strong>, \u0161is difuzorius puikiai tinka kaip <strong data-start=\"1432\" data-end=\"1442\">dovana<\/strong> ar <strong data-start=\"1446\" data-end=\"1476\">eleganti\u0161kas nam\u0173 akcentas<\/strong>. Minimalistinis dizainas ir rafinuotas kvapas paver\u010dia kiekvien\u0105 kambar\u012f <strong data-start=\"1550\" data-end=\"1566\">ramyb\u0117s oaze<\/strong>.<\/span><\/p>\n<hr data-start=\"1571\" data-end=\"1574\" \/>\n<h4 data-start=\"1576\" data-end=\"1606\"><span style=\"color: #000000;\"><strong data-start=\"1580\" data-end=\"1604\">Atraskite savo kvap\u0105<\/strong><\/span><\/h4>\n<p data-start=\"1607\" data-end=\"1828\"><span style=\"color: #000000;\">Pasirinkite jums labiausiai patinkant\u012f ROOMOI aromat\u0105:<\/span><br data-start=\"1661\" data-end=\"1664\" \/><span style=\"color: #000000;\"><strong data-start=\"1664\" data-end=\"1741\">Ambre Deep \u2022 Nordique Cold \u2022 Vin Noble \u2022 Voyage Oriental \u2022 Vanille Tender<\/strong><\/span><br data-start=\"1741\" data-end=\"1744\" \/><span style=\"color: #000000;\">Naudokite su <strong data-start=\"1757\" data-end=\"1784\">ROOMOI kvap\u0173 lazdel\u0117mis<\/strong>, kad m\u0117gstamas kvapas i\u0161likt\u0173 dar ilgiau.<\/span><\/p>\n<hr data-start=\"1830\" data-end=\"1833\" \/>\n<h4 data-start=\"1835\" data-end=\"1864\"><span style=\"color: #000000;\"><strong data-start=\"1839\" data-end=\"1862\">Pagaminta Italijoje<\/strong><\/span><\/h4>\n<p data-start=\"1865\" data-end=\"2064\"><span style=\"color: #000000;\"><strong data-start=\"1865\" data-end=\"1887\">ROOMOI nam\u0173 kvapai<\/strong> kuriami <strong data-start=\"1896\" data-end=\"1909\">Italijoje<\/strong>, naudojant auk\u0161tos kokyb\u0117s ingredientus ir modernias gamybos technologijas. Kiekvienas aromatas pasi\u017eymi <strong data-start=\"2015\" data-end=\"2061\">ilgalaikiu poveikiu ir i\u0161skirtine prabanga<\/strong>.<\/span><\/p>\n<p data-path-to-node=\"2\"><b data-path-to-node=\"2\" data-index-in-node=\"0\">Naudojimas ir savyb\u0117s<\/b><\/p>\n<p data-path-to-node=\"3\"><b data-path-to-node=\"3\" data-index-in-node=\"0\">ROOMOI<\/b> nam\u0173 kvapai sukurti tam, kad skleist\u0173si tolygiai ir i\u0161likt\u0173 ilgai. Intensyvi kvap\u0173 kompozicija suteikia \u0161velnios prabangos poj\u016bt\u012f, o kruop\u0161\u010diai parinktos natos paver\u010dia aromat\u0105 ramiu, ta\u010diau nepaprastai sodriu. Pagamintas Italijoje, \u0161is kvapas pasi\u017eymi auk\u0161\u010diausia kokybe, aromato stabilumu ir ilgaam\u017ei\u0161kumu, tod\u0117l j\u016bs\u0173 namai visada skleis i\u0161skirtin\u0119 \u0161ilum\u0105 ir elegancij\u0105.<\/p>\n<p data-path-to-node=\"4\"><b data-path-to-node=\"4\" data-index-in-node=\"0\">I\u0161laikymas ir praktiniai patarimai:<\/b> Gamintojas nurodo, kad <b data-path-to-node=\"4\" data-index-in-node=\"59\">500 ml<\/b> talpos difuzorius vidutini\u0161kai tarnauja <b data-path-to-node=\"4\" data-index-in-node=\"106\">3\u20134 m\u0117nesius<\/b>. Ta\u010diau svarbu atkreipti d\u0117mes\u012f, kad kvapas gali i\u0161garuoti grei\u010diau d\u0117l \u0161i\u0173 prie\u017eas\u010di\u0173:<\/p>\n<ul data-path-to-node=\"5\">\n<li>\n<p data-path-to-node=\"5,0,0\"><b data-path-to-node=\"5,0,0\" data-index-in-node=\"0\">Patalpos dydis:<\/b> Didesn\u0117je erdv\u0117je skystis garuoja intensyviau.<\/p>\n<\/li>\n<li>\n<p data-path-to-node=\"5,1,0\"><b data-path-to-node=\"5,1,0\" data-index-in-node=\"0\">Aplinkos veiksniai:<\/b> Tiesioginiai saul\u0117s spinduliai, dr\u0117gm\u0117, skersv\u0117jis ar \u0161alia esantys \u0161ilumos \u0161altiniai pagreitina garavimo proces\u0105.<\/p>\n<\/li>\n<li>\n<p data-path-to-node=\"5,2,0\"><b data-path-to-node=\"5,2,0\" data-index-in-node=\"0\">Lazdeli\u0173 kiekis:<\/b> Kuo daugiau lazdeli\u0173 naudojate, tuo intensyviau sklis kvapas, ta\u010diau skystis i\u0161garuos grei\u010diau.<\/p>\n<\/li>\n<\/ul>\n<p data-path-to-node=\"6\"><b data-path-to-node=\"6\" data-index-in-node=\"0\">Svarbi informacija d\u0117l nauj\u0173 rinkini\u0173:<\/b> Atkreipiame d\u0117mes\u012f, kad naujuose rinkiniuose (<b data-path-to-node=\"6\" data-index-in-node=\"85\">500 ml + 200 ml<\/b> bei <b data-path-to-node=\"6\" data-index-in-node=\"105\">200 ml + 100 ml<\/b>) naudojamos <b data-path-to-node=\"6\" data-index-in-node=\"133\">atnaujinto tipo lazdel\u0117s<\/b>. Jos pasi\u017eymi dar efektyvesne sklaida, tod\u0117l rekomenduojame <b data-path-to-node=\"6\" data-index-in-node=\"218\">naudoti ma\u017eesn\u012f kiek\u012f lazdeli\u0173<\/b>. Reguliuodami j\u0173 kiek\u012f, lengvai rasite ideal\u0173 balans\u0105 tarp norimo aromato stiprumo ir produkto ilgaam\u017ei\u0161kumo.<\/p>\n<div class=\"text-tab text-tab-id-10\"><\/div>\n<div class=\"text-tab text-tab-id-11\">\n<p>&nbsp;<\/p>\n<\/div>\n","protected":false},"excerpt":{"rendered":"<p><strong data-start=\"141\" data-end=\"161\">ROOMOI Vin Noble<\/strong> \u2013 eleganti\u0161kas nam\u0173 kvap\u0173 difuzorius, kuris pripildys namus \u017eydin\u010dio vynuogyno aromatu. \u0160ilti, sultingi ir gurmani\u0161ki tonai suteiks erdvei jaukumo bei prabangos.<\/p>\n<p>+<a href=\"https:\/\/shopbysiegel.com\/roomoi-lazdeles-kvapu-difuzoriams\/\">ROOMOI lazdel\u0117s kvap\u0173 difuzoriams (ilgos, 29.5 cm)<\/a><\/p>\n","protected":false},"featured_media":18023,"template":"","meta":[],"product_brand":[552],"product_cat":[1137,1140,573],"product_tag":[1153],"class_list":{"0":"post-20332","1":"product","2":"type-product","3":"status-publish","4":"has-post-thumbnail","6":"product_brand-roomoi","7":"product_cat-dovanos","8":"product_cat-namu-kvapai","9":"product_cat-namu-kvapai-2","10":"product_tag-roomoi","12":"first","13":"instock","14":"sale","15":"taxable","16":"shipping-taxable","17":"purchasable","18":"product-type-simple"},"yoast_head":"<!-- This site is optimized with the Yoast SEO plugin v27.4 - https:\/\/yoast.com\/product\/yoast-seo-wordpress\/ -->\n<title>ROOMOI VIN NOBLE nam\u0173 kvap\u0173 difuzorius, 500ml - MalinaShop.lt J\u016bs\u0173 sveikatai ir gro\u017eiui.<\/title>\n<meta name=\"description\" content=\"ROOMOI Vin Noble \u2013 itali\u0161kas nam\u0173 kvap\u0173 difuzorius su \u017eydin\u010dio vynuogyno aromatu. Ilgai i\u0161liekantis, prabangus ir jaukus kvapas j\u016bs\u0173 erdvei.\" \/>\n<meta name=\"robots\" content=\"index, follow, max-snippet:-1, max-image-preview:large, max-video-preview:-1\" \/>\n<link rel=\"canonical\" href=\"https:\/\/www.malinashop.lt\/lt_lt\/shop\/roomoi-vin-noble-namu-kvapu-difuzorius-500-ml\/\" \/>\n<meta property=\"og:locale\" content=\"lt_LT\" \/>\n<meta property=\"og:type\" content=\"article\" \/>\n<meta property=\"og:title\" content=\"ROOMOI VIN NOBLE nam\u0173 kvap\u0173 difuzorius, 500ml - MalinaShop.lt J\u016bs\u0173 sveikatai ir gro\u017eiui.\" \/>\n<meta property=\"og:description\" content=\"ROOMOI Vin Noble \u2013 itali\u0161kas nam\u0173 kvap\u0173 difuzorius su \u017eydin\u010dio vynuogyno aromatu. Ilgai i\u0161liekantis, prabangus ir jaukus kvapas j\u016bs\u0173 erdvei.\" \/>\n<meta property=\"og:url\" content=\"https:\/\/www.malinashop.lt\/lt_lt\/shop\/roomoi-vin-noble-namu-kvapu-difuzorius-500-ml\/\" \/>\n<meta property=\"og:site_name\" content=\"MalinaShop.lt J\u016bs\u0173 sveikatai ir gro\u017eiui.\" \/>\n<meta property=\"og:image\" content=\"https:\/\/www.malinashop.lt\/wp-content\/uploads\/2024\/11\/ROOMOI-VIN-NOBLE-namu-kvapu-difuzorius-500-ml.-n.jpg\" \/>\n\t<meta property=\"og:image:width\" content=\"1000\" \/>\n\t<meta property=\"og:image:height\" content=\"1000\" \/>\n\t<meta property=\"og:image:type\" content=\"image\/jpeg\" \/>\n<meta name=\"twitter:card\" content=\"summary_large_image\" \/>\n<script type=\"application\/ld+json\" class=\"yoast-schema-graph\">{\"@context\":\"https:\\\/\\\/schema.org\",\"@graph\":[{\"@type\":\"WebPage\",\"@id\":\"https:\\\/\\\/www.malinashop.lt\\\/shop\\\/roomoi-vin-noble-namu-kvapu-difuzorius-500-ml\\\/\",\"url\":\"https:\\\/\\\/www.malinashop.lt\\\/shop\\\/roomoi-vin-noble-namu-kvapu-difuzorius-500-ml\\\/\",\"name\":\"ROOMOI VIN NOBLE nam\u0173 kvap\u0173 difuzorius, 500ml - MalinaShop.lt J\u016bs\u0173 sveikatai ir gro\u017eiui.\",\"isPartOf\":{\"@id\":\"https:\\\/\\\/www.malinashop.lt\\\/#website\"},\"primaryImageOfPage\":{\"@id\":\"https:\\\/\\\/www.malinashop.lt\\\/shop\\\/roomoi-vin-noble-namu-kvapu-difuzorius-500-ml\\\/#primaryimage\"},\"image\":{\"@id\":\"https:\\\/\\\/www.malinashop.lt\\\/shop\\\/roomoi-vin-noble-namu-kvapu-difuzorius-500-ml\\\/#primaryimage\"},\"thumbnailUrl\":\"https:\\\/\\\/www.malinashop.lt\\\/wp-content\\\/uploads\\\/2024\\\/11\\\/ROOMOI-VIN-NOBLE-namu-kvapu-difuzorius-500-ml.-n.jpg\",\"datePublished\":\"2026-04-14T15:35:44+00:00\",\"description\":\"ROOMOI Vin Noble \u2013 itali\u0161kas nam\u0173 kvap\u0173 difuzorius su \u017eydin\u010dio vynuogyno aromatu. Ilgai i\u0161liekantis, prabangus ir jaukus kvapas j\u016bs\u0173 erdvei.\",\"breadcrumb\":{\"@id\":\"https:\\\/\\\/www.malinashop.lt\\\/shop\\\/roomoi-vin-noble-namu-kvapu-difuzorius-500-ml\\\/#breadcrumb\"},\"inLanguage\":\"lt-LT\",\"potentialAction\":[{\"@type\":\"ReadAction\",\"target\":[\"https:\\\/\\\/www.malinashop.lt\\\/shop\\\/roomoi-vin-noble-namu-kvapu-difuzorius-500-ml\\\/\"]}]},{\"@type\":\"ImageObject\",\"inLanguage\":\"lt-LT\",\"@id\":\"https:\\\/\\\/www.malinashop.lt\\\/shop\\\/roomoi-vin-noble-namu-kvapu-difuzorius-500-ml\\\/#primaryimage\",\"url\":\"https:\\\/\\\/www.malinashop.lt\\\/wp-content\\\/uploads\\\/2024\\\/11\\\/ROOMOI-VIN-NOBLE-namu-kvapu-difuzorius-500-ml.-n.jpg\",\"contentUrl\":\"https:\\\/\\\/www.malinashop.lt\\\/wp-content\\\/uploads\\\/2024\\\/11\\\/ROOMOI-VIN-NOBLE-namu-kvapu-difuzorius-500-ml.-n.jpg\",\"width\":1000,\"height\":1000},{\"@type\":\"BreadcrumbList\",\"@id\":\"https:\\\/\\\/www.malinashop.lt\\\/shop\\\/roomoi-vin-noble-namu-kvapu-difuzorius-500-ml\\\/#breadcrumb\",\"itemListElement\":[{\"@type\":\"ListItem\",\"position\":1,\"name\":\"Pagrindinis\",\"item\":\"https:\\\/\\\/www.malinashop.lt\\\/\"},{\"@type\":\"ListItem\",\"position\":2,\"name\":\"Parduotuv\u0117\",\"item\":\"https:\\\/\\\/www.malinashop.lt\\\/en\\\/parduotuve\\\/\"},{\"@type\":\"ListItem\",\"position\":3,\"name\":\"ROOMOI VIN NOBLE nam\u0173 kvap\u0173 difuzorius, 500ml\"}]},{\"@type\":\"WebSite\",\"@id\":\"https:\\\/\\\/www.malinashop.lt\\\/#website\",\"url\":\"https:\\\/\\\/www.malinashop.lt\\\/\",\"name\":\"COM Group Ecommerce\",\"description\":\"MalinaShop.lt - Gro\u017eio ir sveikatos produktai i\u0161 patikim\u0173 preki\u0173 \u017eenkl\u0173. Atraskite auk\u0161tos kokyb\u0117s kosmetik\u0105 u\u017e puiki\u0105 kain\u0105.\",\"publisher\":{\"@id\":\"https:\\\/\\\/www.malinashop.lt\\\/#organization\"},\"potentialAction\":[{\"@type\":\"SearchAction\",\"target\":{\"@type\":\"EntryPoint\",\"urlTemplate\":\"https:\\\/\\\/www.malinashop.lt\\\/?s={search_term_string}\"},\"query-input\":{\"@type\":\"PropertyValueSpecification\",\"valueRequired\":true,\"valueName\":\"search_term_string\"}}],\"inLanguage\":\"lt-LT\"},{\"@type\":\"Organization\",\"@id\":\"https:\\\/\\\/www.malinashop.lt\\\/#organization\",\"name\":\"COM Group Ecommerce\",\"url\":\"https:\\\/\\\/www.malinashop.lt\\\/\",\"logo\":{\"@type\":\"ImageObject\",\"inLanguage\":\"lt-LT\",\"@id\":\"https:\\\/\\\/www.malinashop.lt\\\/#\\\/schema\\\/logo\\\/image\\\/\",\"url\":\"https:\\\/\\\/www.malinashop.lt\\\/wp-content\\\/uploads\\\/2024\\\/08\\\/462559670_3787732518133670_9795632669273463_n-e1731525914575.png\",\"contentUrl\":\"https:\\\/\\\/www.malinashop.lt\\\/wp-content\\\/uploads\\\/2024\\\/08\\\/462559670_3787732518133670_9795632669273463_n-e1731525914575.png\",\"width\":180,\"height\":60,\"caption\":\"COM Group Ecommerce\"},\"image\":{\"@id\":\"https:\\\/\\\/www.malinashop.lt\\\/#\\\/schema\\\/logo\\\/image\\\/\"}}]}<\/script>\n<!-- \/ Yoast SEO plugin. -->","yoast_head_json":{"title":"ROOMOI VIN NOBLE nam\u0173 kvap\u0173 difuzorius, 500ml - MalinaShop.lt J\u016bs\u0173 sveikatai ir gro\u017eiui.","description":"ROOMOI Vin Noble \u2013 itali\u0161kas nam\u0173 kvap\u0173 difuzorius su \u017eydin\u010dio vynuogyno aromatu. Ilgai i\u0161liekantis, prabangus ir jaukus kvapas j\u016bs\u0173 erdvei.","robots":{"index":"index","follow":"follow","max-snippet":"max-snippet:-1","max-image-preview":"max-image-preview:large","max-video-preview":"max-video-preview:-1"},"canonical":"https:\/\/www.malinashop.lt\/lt_lt\/shop\/roomoi-vin-noble-namu-kvapu-difuzorius-500-ml\/","og_locale":"lt_LT","og_type":"article","og_title":"ROOMOI VIN NOBLE nam\u0173 kvap\u0173 difuzorius, 500ml - MalinaShop.lt J\u016bs\u0173 sveikatai ir gro\u017eiui.","og_description":"ROOMOI Vin Noble \u2013 itali\u0161kas nam\u0173 kvap\u0173 difuzorius su \u017eydin\u010dio vynuogyno aromatu. Ilgai i\u0161liekantis, prabangus ir jaukus kvapas j\u016bs\u0173 erdvei.","og_url":"https:\/\/www.malinashop.lt\/lt_lt\/shop\/roomoi-vin-noble-namu-kvapu-difuzorius-500-ml\/","og_site_name":"MalinaShop.lt J\u016bs\u0173 sveikatai ir gro\u017eiui.","og_image":[{"width":1000,"height":1000,"url":"https:\/\/www.malinashop.lt\/wp-content\/uploads\/2024\/11\/ROOMOI-VIN-NOBLE-namu-kvapu-difuzorius-500-ml.-n.jpg","type":"image\/jpeg"}],"twitter_card":"summary_large_image","schema":{"@context":"https:\/\/schema.org","@graph":[{"@type":"WebPage","@id":"https:\/\/www.malinashop.lt\/shop\/roomoi-vin-noble-namu-kvapu-difuzorius-500-ml\/","url":"https:\/\/www.malinashop.lt\/shop\/roomoi-vin-noble-namu-kvapu-difuzorius-500-ml\/","name":"ROOMOI VIN NOBLE nam\u0173 kvap\u0173 difuzorius, 500ml - MalinaShop.lt J\u016bs\u0173 sveikatai ir gro\u017eiui.","isPartOf":{"@id":"https:\/\/www.malinashop.lt\/#website"},"primaryImageOfPage":{"@id":"https:\/\/www.malinashop.lt\/shop\/roomoi-vin-noble-namu-kvapu-difuzorius-500-ml\/#primaryimage"},"image":{"@id":"https:\/\/www.malinashop.lt\/shop\/roomoi-vin-noble-namu-kvapu-difuzorius-500-ml\/#primaryimage"},"thumbnailUrl":"https:\/\/www.malinashop.lt\/wp-content\/uploads\/2024\/11\/ROOMOI-VIN-NOBLE-namu-kvapu-difuzorius-500-ml.-n.jpg","datePublished":"2026-04-14T15:35:44+00:00","description":"ROOMOI Vin Noble \u2013 itali\u0161kas nam\u0173 kvap\u0173 difuzorius su \u017eydin\u010dio vynuogyno aromatu. Ilgai i\u0161liekantis, prabangus ir jaukus kvapas j\u016bs\u0173 erdvei.","breadcrumb":{"@id":"https:\/\/www.malinashop.lt\/shop\/roomoi-vin-noble-namu-kvapu-difuzorius-500-ml\/#breadcrumb"},"inLanguage":"lt-LT","potentialAction":[{"@type":"ReadAction","target":["https:\/\/www.malinashop.lt\/shop\/roomoi-vin-noble-namu-kvapu-difuzorius-500-ml\/"]}]},{"@type":"ImageObject","inLanguage":"lt-LT","@id":"https:\/\/www.malinashop.lt\/shop\/roomoi-vin-noble-namu-kvapu-difuzorius-500-ml\/#primaryimage","url":"https:\/\/www.malinashop.lt\/wp-content\/uploads\/2024\/11\/ROOMOI-VIN-NOBLE-namu-kvapu-difuzorius-500-ml.-n.jpg","contentUrl":"https:\/\/www.malinashop.lt\/wp-content\/uploads\/2024\/11\/ROOMOI-VIN-NOBLE-namu-kvapu-difuzorius-500-ml.-n.jpg","width":1000,"height":1000},{"@type":"BreadcrumbList","@id":"https:\/\/www.malinashop.lt\/shop\/roomoi-vin-noble-namu-kvapu-difuzorius-500-ml\/#breadcrumb","itemListElement":[{"@type":"ListItem","position":1,"name":"Pagrindinis","item":"https:\/\/www.malinashop.lt\/"},{"@type":"ListItem","position":2,"name":"Parduotuv\u0117","item":"https:\/\/www.malinashop.lt\/en\/parduotuve\/"},{"@type":"ListItem","position":3,"name":"ROOMOI VIN NOBLE nam\u0173 kvap\u0173 difuzorius, 500ml"}]},{"@type":"WebSite","@id":"https:\/\/www.malinashop.lt\/#website","url":"https:\/\/www.malinashop.lt\/","name":"COM Group Ecommerce","description":"MalinaShop.lt - Gro\u017eio ir sveikatos produktai i\u0161 patikim\u0173 preki\u0173 \u017eenkl\u0173. Atraskite auk\u0161tos kokyb\u0117s kosmetik\u0105 u\u017e puiki\u0105 kain\u0105.","publisher":{"@id":"https:\/\/www.malinashop.lt\/#organization"},"potentialAction":[{"@type":"SearchAction","target":{"@type":"EntryPoint","urlTemplate":"https:\/\/www.malinashop.lt\/?s={search_term_string}"},"query-input":{"@type":"PropertyValueSpecification","valueRequired":true,"valueName":"search_term_string"}}],"inLanguage":"lt-LT"},{"@type":"Organization","@id":"https:\/\/www.malinashop.lt\/#organization","name":"COM Group Ecommerce","url":"https:\/\/www.malinashop.lt\/","logo":{"@type":"ImageObject","inLanguage":"lt-LT","@id":"https:\/\/www.malinashop.lt\/#\/schema\/logo\/image\/","url":"https:\/\/www.malinashop.lt\/wp-content\/uploads\/2024\/08\/462559670_3787732518133670_9795632669273463_n-e1731525914575.png","contentUrl":"https:\/\/www.malinashop.lt\/wp-content\/uploads\/2024\/08\/462559670_3787732518133670_9795632669273463_n-e1731525914575.png","width":180,"height":60,"caption":"COM Group Ecommerce"},"image":{"@id":"https:\/\/www.malinashop.lt\/#\/schema\/logo\/image\/"}}]}},"jetpack_sharing_enabled":true,"_links":{"self":[{"href":"https:\/\/www.malinashop.lt\/lt_lt\/wp-json\/wp\/v2\/product\/20332","targetHints":{"allow":["GET"]}}],"collection":[{"href":"https:\/\/www.malinashop.lt\/lt_lt\/wp-json\/wp\/v2\/product"}],"about":[{"href":"https:\/\/www.malinashop.lt\/lt_lt\/wp-json\/wp\/v2\/types\/product"}],"version-history":[{"count":8,"href":"https:\/\/www.malinashop.lt\/lt_lt\/wp-json\/wp\/v2\/product\/20332\/revisions"}],"predecessor-version":[{"id":75754,"href":"https:\/\/www.malinashop.lt\/lt_lt\/wp-json\/wp\/v2\/product\/20332\/revisions\/75754"}],"wp:featuredmedia":[{"embeddable":true,"href":"https:\/\/www.malinashop.lt\/lt_lt\/wp-json\/wp\/v2\/media\/18023"}],"wp:attachment":[{"href":"https:\/\/www.malinashop.lt\/lt_lt\/wp-json\/wp\/v2\/media?parent=20332"}],"wp:term":[{"taxonomy":"product_brand","embeddable":true,"href":"https:\/\/www.malinashop.lt\/lt_lt\/wp-json\/wp\/v2\/product_brand?post=20332"},{"taxonomy":"product_cat","embeddable":true,"href":"https:\/\/www.malinashop.lt\/lt_lt\/wp-json\/wp\/v2\/product_cat?post=20332"},{"taxonomy":"product_tag","embeddable":true,"href":"https:\/\/www.malinashop.lt\/lt_lt\/wp-json\/wp\/v2\/product_tag?post=20332"}],"curies":[{"name":"wp","href":"https:\/\/api.w.org\/{rel}","templated":true}]}}