{"id":20292,"date":"2024-11-06T15:53:39","date_gmt":"2024-11-06T12:53:39","guid":{"rendered":"https:\/\/malinashop.lt\/produktas\/erre-due-silky-premium-lip-definer-nr-524-ilgalaikis-lupu-piestukas\/"},"modified":"2026-02-12T21:37:39","modified_gmt":"2026-02-12T18:37:39","slug":"erre-due-silky-premium-lip-definer-nr-524-ilgalaikis-lupu-piestukas","status":"publish","type":"product","link":"https:\/\/www.malinashop.lt\/lt_lt\/shop\/erre-due-silky-premium-lip-definer-nr-524-ilgalaikis-lupu-piestukas\/","title":{"rendered":"ERRE DUE SILKY PREMIUM LIP DEFINER Nr. 524 ilgalaikis l\u016bp\u0173 pie\u0161tukas"},"content":{"rendered":"<p><strong>ERRE DUE Ilgalaikis L\u016bp\u0173 Pie\u0161tukas Nr. 524 SILKY PREMIUM LIP DEFINER<\/strong><\/p>\n<p>ERRE DUE ilgalaikis l\u016bp\u0173 pie\u0161tukas Nr. 524 SILKY PREMIUM LIP DEFINER yra itin mink\u0161tas ir netepantis l\u016bp\u0173 kont\u016bravimo pie\u0161tukas, kuris i\u0161lieka iki 7 valand\u0173. \u0160is novatori\u0161kas pie\u0161tukas lengvai padengia l\u016bpas ir suteikia tolygi\u0105 spalv\u0105, u\u017etikrindamas ilgalaik\u012f komfort\u0105 ir nepriekai\u0161ting\u0105 i\u0161vaizd\u0105.<\/p>\n<p><strong>Tobulas Pasirinkimas J\u016bs\u0173 L\u016bpoms<\/strong><\/p>\n<p>ERRE DUE ilgalaikis l\u016bp\u0173 pie\u0161tukas Nr. 524 SILKY PREMIUM LIP DEFINER yra idealus pasirinkimas, siekiant ilgalaikio l\u016bp\u0173 kont\u016bravimo. Jis ne tik ilgai i\u0161lieka, bet ir suteikia l\u016bpoms tobul\u0105, vientis\u0105 i\u0161vaizd\u0105.<\/p>\n<p><strong>Modernus ir K\u016brybingas Prek\u0117s \u017denklas<\/strong><\/p>\n<p>ERRE DUE yra modernus ir k\u016brybingas prek\u0117s \u017eenklas, kuris seka naujausias mados tendencijas ir nuolat atnaujina savo produkt\u0173 bei spalv\u0173 asortiment\u0105. J\u0173 makia\u017eo priemon\u0117s i\u0161siskiria auk\u0161ta kokybe, prabangiu poj\u016b\u010diu ir puikiu kainos bei kokyb\u0117s santykiu.<\/p>\n<p><strong>Auk\u0161ti Kokyb\u0117s Standartai<\/strong><\/p>\n<p>ERRE DUE kosmetika atitinka grie\u017etus kokyb\u0117s standartus, u\u017etikrindama ideal\u0173 \u012fvaizd\u017eio, nesenstan\u010dios vert\u0117s ir modernios estetikos balans\u0105. Visi gaminiai sukurti taip, kad atspind\u0117t\u0173 prek\u0117s \u017eenklo filosofij\u0105 ir dvelkt\u0173 prabanga. Minimalistin\u0117 pakuot\u0117 pabr\u0117\u017eia j\u0173 i\u0161skirtinum\u0105 ir patrauklum\u0105.<\/p>\n<p><strong>Patirkite Patys<\/strong><\/p>\n<p>I\u0161bandykite ERRE DUE ilgalaik\u012f l\u016bp\u0173 pie\u0161tuk\u0105 Nr. 524 SILKY PREMIUM LIP DEFINER ir patys \u012fsitikinkite \u0161ios dekoratyvin\u0117s kosmetikos kokybe bei ilgaam\u017ei\u0161kumu. Pajuskite, kaip \u0161i priemon\u0117 gali pagerinti j\u016bs\u0173 kasdien\u012f gro\u017eio ritual\u0105 ir suteikti j\u016bs\u0173 l\u016bpoms nepriekai\u0161ting\u0105 i\u0161vaizd\u0105, kuri i\u0161liks vis\u0105 dien\u0105.<\/p>\n<div class=\"text-tab text-tab-id-10\">\n<p>Siuntas i\u0161siun\u010diame antradieniais ir ketvirtadieniais. Jei d\u0117l koki\u0173 nors prie\u017eas\u010di\u0173 siunta negali b\u016bti i\u0161si\u0173sta \u0161iomis dienomis ir ji yra perkeliama \u012f kit\u0105 dien\u0105, apie tai informuosime jus svetain\u0117je arba el. pa\u0161tu.<\/p>\n<p>\u201eJei turite klausim\u0173, pra\u0161ome susisiekti el. pa\u0161tu info@malinashop.lt arba telefonu +37065444002 darbo dienomis nuo 10:00 iki 16:00 val.\u201c<\/p>\n<\/div>\n<div class=\"text-tab text-tab-id-11\">\n<p>Perkant u\u017e daugiau nei 50\u20ac &#8211; pristatymas nemokamas.<\/p>\n<p>Pristatymas \u012f LPexpress pa\u0161tomat\u0105\u00a0(visoje Lietuvoje, i\u0161skyrus Kur\u0161i\u0173 Nerij\u0105).<\/p>\n<\/div>\n","protected":false},"excerpt":{"rendered":"<p>ERRE DUE Ilgalaikis L\u016bp\u0173 Pie\u0161tukas Nr. 524 SILKY PREMIUM LIP DEFINER ERRE DUE ilgalaikis l\u016bp\u0173 pie\u0161tukas Nr. 524 SILKY PREMIUM LIP DEFINER&hellip;<\/p>\n","protected":false},"featured_media":19020,"template":"","meta":[],"product_brand":[561],"product_cat":[708,529,728],"product_tag":[1157],"class_list":{"0":"post-20292","1":"product","2":"type-product","3":"status-publish","4":"has-post-thumbnail","6":"product_brand-erre-due","7":"product_cat-lupoms","8":"product_cat-lupu-piestukai","9":"product_cat-veidui","10":"product_tag-erre-due","12":"first","13":"instock","14":"sale","15":"taxable","16":"shipping-taxable","17":"purchasable","18":"product-type-simple"},"yoast_head":"<!-- This site is optimized with the Yoast SEO plugin v27.4 - https:\/\/yoast.com\/product\/yoast-seo-wordpress\/ -->\n<title>ERRE DUE SILKY PREMIUM LIP DEFINER Nr. 524 ilgalaikis l\u016bp\u0173 pie\u0161tukas - MalinaShop.lt J\u016bs\u0173 sveikatai ir gro\u017eiui.<\/title>\n<meta name=\"robots\" content=\"index, follow, max-snippet:-1, max-image-preview:large, max-video-preview:-1\" \/>\n<link rel=\"canonical\" href=\"https:\/\/www.malinashop.lt\/lt_lt\/shop\/erre-due-silky-premium-lip-definer-nr-524-ilgalaikis-lupu-piestukas\/\" \/>\n<meta property=\"og:locale\" content=\"lt_LT\" \/>\n<meta property=\"og:type\" content=\"article\" \/>\n<meta property=\"og:title\" content=\"ERRE DUE SILKY PREMIUM LIP DEFINER Nr. 524 ilgalaikis l\u016bp\u0173 pie\u0161tukas - MalinaShop.lt J\u016bs\u0173 sveikatai ir gro\u017eiui.\" \/>\n<meta property=\"og:url\" content=\"https:\/\/www.malinashop.lt\/lt_lt\/shop\/erre-due-silky-premium-lip-definer-nr-524-ilgalaikis-lupu-piestukas\/\" \/>\n<meta property=\"og:site_name\" content=\"MalinaShop.lt J\u016bs\u0173 sveikatai ir gro\u017eiui.\" \/>\n<meta property=\"article:modified_time\" content=\"2026-02-12T18:37:39+00:00\" \/>\n<meta property=\"og:image\" content=\"https:\/\/www.malinashop.lt\/wp-content\/uploads\/2024\/11\/ERRE-DUE-SILKY-PREMIUM-LIP-DEFINER-Nr.-524-ilgalaikis-lupu-piestukas.jpg\" \/>\n\t<meta property=\"og:image:width\" content=\"1000\" \/>\n\t<meta property=\"og:image:height\" content=\"1000\" \/>\n\t<meta property=\"og:image:type\" content=\"image\/jpeg\" \/>\n<meta name=\"twitter:card\" content=\"summary_large_image\" \/>\n<script type=\"application\/ld+json\" class=\"yoast-schema-graph\">{\"@context\":\"https:\\\/\\\/schema.org\",\"@graph\":[{\"@type\":\"WebPage\",\"@id\":\"https:\\\/\\\/www.malinashop.lt\\\/lt_lt\\\/shop\\\/erre-due-silky-premium-lip-definer-nr-524-ilgalaikis-lupu-piestukas\\\/\",\"url\":\"https:\\\/\\\/www.malinashop.lt\\\/lt_lt\\\/shop\\\/erre-due-silky-premium-lip-definer-nr-524-ilgalaikis-lupu-piestukas\\\/\",\"name\":\"ERRE DUE SILKY PREMIUM LIP DEFINER Nr. 524 ilgalaikis l\u016bp\u0173 pie\u0161tukas - MalinaShop.lt J\u016bs\u0173 sveikatai ir gro\u017eiui.\",\"isPartOf\":{\"@id\":\"https:\\\/\\\/www.malinashop.lt\\\/#website\"},\"primaryImageOfPage\":{\"@id\":\"https:\\\/\\\/www.malinashop.lt\\\/lt_lt\\\/shop\\\/erre-due-silky-premium-lip-definer-nr-524-ilgalaikis-lupu-piestukas\\\/#primaryimage\"},\"image\":{\"@id\":\"https:\\\/\\\/www.malinashop.lt\\\/lt_lt\\\/shop\\\/erre-due-silky-premium-lip-definer-nr-524-ilgalaikis-lupu-piestukas\\\/#primaryimage\"},\"thumbnailUrl\":\"https:\\\/\\\/www.malinashop.lt\\\/wp-content\\\/uploads\\\/2024\\\/11\\\/ERRE-DUE-SILKY-PREMIUM-LIP-DEFINER-Nr.-524-ilgalaikis-lupu-piestukas.jpg\",\"datePublished\":\"2024-11-06T12:53:39+00:00\",\"dateModified\":\"2026-02-12T18:37:39+00:00\",\"breadcrumb\":{\"@id\":\"https:\\\/\\\/www.malinashop.lt\\\/lt_lt\\\/shop\\\/erre-due-silky-premium-lip-definer-nr-524-ilgalaikis-lupu-piestukas\\\/#breadcrumb\"},\"inLanguage\":\"lt-LT\",\"potentialAction\":[{\"@type\":\"ReadAction\",\"target\":[\"https:\\\/\\\/www.malinashop.lt\\\/lt_lt\\\/shop\\\/erre-due-silky-premium-lip-definer-nr-524-ilgalaikis-lupu-piestukas\\\/\"]}]},{\"@type\":\"ImageObject\",\"inLanguage\":\"lt-LT\",\"@id\":\"https:\\\/\\\/www.malinashop.lt\\\/lt_lt\\\/shop\\\/erre-due-silky-premium-lip-definer-nr-524-ilgalaikis-lupu-piestukas\\\/#primaryimage\",\"url\":\"https:\\\/\\\/www.malinashop.lt\\\/wp-content\\\/uploads\\\/2024\\\/11\\\/ERRE-DUE-SILKY-PREMIUM-LIP-DEFINER-Nr.-524-ilgalaikis-lupu-piestukas.jpg\",\"contentUrl\":\"https:\\\/\\\/www.malinashop.lt\\\/wp-content\\\/uploads\\\/2024\\\/11\\\/ERRE-DUE-SILKY-PREMIUM-LIP-DEFINER-Nr.-524-ilgalaikis-lupu-piestukas.jpg\",\"width\":1000,\"height\":1000},{\"@type\":\"BreadcrumbList\",\"@id\":\"https:\\\/\\\/www.malinashop.lt\\\/lt_lt\\\/shop\\\/erre-due-silky-premium-lip-definer-nr-524-ilgalaikis-lupu-piestukas\\\/#breadcrumb\",\"itemListElement\":[{\"@type\":\"ListItem\",\"position\":1,\"name\":\"Pagrindinis\",\"item\":\"https:\\\/\\\/www.malinashop.lt\\\/\"},{\"@type\":\"ListItem\",\"position\":2,\"name\":\"Parduotuv\u0117\",\"item\":\"https:\\\/\\\/www.malinashop.lt\\\/en\\\/parduotuve\\\/\"},{\"@type\":\"ListItem\",\"position\":3,\"name\":\"ERRE DUE SILKY PREMIUM LIP DEFINER Nr. 524 ilgalaikis l\u016bp\u0173 pie\u0161tukas\"}]},{\"@type\":\"WebSite\",\"@id\":\"https:\\\/\\\/www.malinashop.lt\\\/#website\",\"url\":\"https:\\\/\\\/www.malinashop.lt\\\/\",\"name\":\"COM Group Ecommerce\",\"description\":\"MalinaShop.lt - Gro\u017eio ir sveikatos produktai i\u0161 patikim\u0173 preki\u0173 \u017eenkl\u0173. Atraskite auk\u0161tos kokyb\u0117s kosmetik\u0105 u\u017e puiki\u0105 kain\u0105.\",\"publisher\":{\"@id\":\"https:\\\/\\\/www.malinashop.lt\\\/#organization\"},\"potentialAction\":[{\"@type\":\"SearchAction\",\"target\":{\"@type\":\"EntryPoint\",\"urlTemplate\":\"https:\\\/\\\/www.malinashop.lt\\\/?s={search_term_string}\"},\"query-input\":{\"@type\":\"PropertyValueSpecification\",\"valueRequired\":true,\"valueName\":\"search_term_string\"}}],\"inLanguage\":\"lt-LT\"},{\"@type\":\"Organization\",\"@id\":\"https:\\\/\\\/www.malinashop.lt\\\/#organization\",\"name\":\"COM Group Ecommerce\",\"url\":\"https:\\\/\\\/www.malinashop.lt\\\/\",\"logo\":{\"@type\":\"ImageObject\",\"inLanguage\":\"lt-LT\",\"@id\":\"https:\\\/\\\/www.malinashop.lt\\\/#\\\/schema\\\/logo\\\/image\\\/\",\"url\":\"https:\\\/\\\/www.malinashop.lt\\\/wp-content\\\/uploads\\\/2024\\\/08\\\/462559670_3787732518133670_9795632669273463_n-e1731525914575.png\",\"contentUrl\":\"https:\\\/\\\/www.malinashop.lt\\\/wp-content\\\/uploads\\\/2024\\\/08\\\/462559670_3787732518133670_9795632669273463_n-e1731525914575.png\",\"width\":180,\"height\":60,\"caption\":\"COM Group Ecommerce\"},\"image\":{\"@id\":\"https:\\\/\\\/www.malinashop.lt\\\/#\\\/schema\\\/logo\\\/image\\\/\"}}]}<\/script>\n<!-- \/ Yoast SEO plugin. -->","yoast_head_json":{"title":"ERRE DUE SILKY PREMIUM LIP DEFINER Nr. 524 ilgalaikis l\u016bp\u0173 pie\u0161tukas - MalinaShop.lt J\u016bs\u0173 sveikatai ir gro\u017eiui.","robots":{"index":"index","follow":"follow","max-snippet":"max-snippet:-1","max-image-preview":"max-image-preview:large","max-video-preview":"max-video-preview:-1"},"canonical":"https:\/\/www.malinashop.lt\/lt_lt\/shop\/erre-due-silky-premium-lip-definer-nr-524-ilgalaikis-lupu-piestukas\/","og_locale":"lt_LT","og_type":"article","og_title":"ERRE DUE SILKY PREMIUM LIP DEFINER Nr. 524 ilgalaikis l\u016bp\u0173 pie\u0161tukas - MalinaShop.lt J\u016bs\u0173 sveikatai ir gro\u017eiui.","og_url":"https:\/\/www.malinashop.lt\/lt_lt\/shop\/erre-due-silky-premium-lip-definer-nr-524-ilgalaikis-lupu-piestukas\/","og_site_name":"MalinaShop.lt J\u016bs\u0173 sveikatai ir gro\u017eiui.","article_modified_time":"2026-02-12T18:37:39+00:00","og_image":[{"width":1000,"height":1000,"url":"https:\/\/www.malinashop.lt\/wp-content\/uploads\/2024\/11\/ERRE-DUE-SILKY-PREMIUM-LIP-DEFINER-Nr.-524-ilgalaikis-lupu-piestukas.jpg","type":"image\/jpeg"}],"twitter_card":"summary_large_image","schema":{"@context":"https:\/\/schema.org","@graph":[{"@type":"WebPage","@id":"https:\/\/www.malinashop.lt\/lt_lt\/shop\/erre-due-silky-premium-lip-definer-nr-524-ilgalaikis-lupu-piestukas\/","url":"https:\/\/www.malinashop.lt\/lt_lt\/shop\/erre-due-silky-premium-lip-definer-nr-524-ilgalaikis-lupu-piestukas\/","name":"ERRE DUE SILKY PREMIUM LIP DEFINER Nr. 524 ilgalaikis l\u016bp\u0173 pie\u0161tukas - MalinaShop.lt J\u016bs\u0173 sveikatai ir gro\u017eiui.","isPartOf":{"@id":"https:\/\/www.malinashop.lt\/#website"},"primaryImageOfPage":{"@id":"https:\/\/www.malinashop.lt\/lt_lt\/shop\/erre-due-silky-premium-lip-definer-nr-524-ilgalaikis-lupu-piestukas\/#primaryimage"},"image":{"@id":"https:\/\/www.malinashop.lt\/lt_lt\/shop\/erre-due-silky-premium-lip-definer-nr-524-ilgalaikis-lupu-piestukas\/#primaryimage"},"thumbnailUrl":"https:\/\/www.malinashop.lt\/wp-content\/uploads\/2024\/11\/ERRE-DUE-SILKY-PREMIUM-LIP-DEFINER-Nr.-524-ilgalaikis-lupu-piestukas.jpg","datePublished":"2024-11-06T12:53:39+00:00","dateModified":"2026-02-12T18:37:39+00:00","breadcrumb":{"@id":"https:\/\/www.malinashop.lt\/lt_lt\/shop\/erre-due-silky-premium-lip-definer-nr-524-ilgalaikis-lupu-piestukas\/#breadcrumb"},"inLanguage":"lt-LT","potentialAction":[{"@type":"ReadAction","target":["https:\/\/www.malinashop.lt\/lt_lt\/shop\/erre-due-silky-premium-lip-definer-nr-524-ilgalaikis-lupu-piestukas\/"]}]},{"@type":"ImageObject","inLanguage":"lt-LT","@id":"https:\/\/www.malinashop.lt\/lt_lt\/shop\/erre-due-silky-premium-lip-definer-nr-524-ilgalaikis-lupu-piestukas\/#primaryimage","url":"https:\/\/www.malinashop.lt\/wp-content\/uploads\/2024\/11\/ERRE-DUE-SILKY-PREMIUM-LIP-DEFINER-Nr.-524-ilgalaikis-lupu-piestukas.jpg","contentUrl":"https:\/\/www.malinashop.lt\/wp-content\/uploads\/2024\/11\/ERRE-DUE-SILKY-PREMIUM-LIP-DEFINER-Nr.-524-ilgalaikis-lupu-piestukas.jpg","width":1000,"height":1000},{"@type":"BreadcrumbList","@id":"https:\/\/www.malinashop.lt\/lt_lt\/shop\/erre-due-silky-premium-lip-definer-nr-524-ilgalaikis-lupu-piestukas\/#breadcrumb","itemListElement":[{"@type":"ListItem","position":1,"name":"Pagrindinis","item":"https:\/\/www.malinashop.lt\/"},{"@type":"ListItem","position":2,"name":"Parduotuv\u0117","item":"https:\/\/www.malinashop.lt\/en\/parduotuve\/"},{"@type":"ListItem","position":3,"name":"ERRE DUE SILKY PREMIUM LIP DEFINER Nr. 524 ilgalaikis l\u016bp\u0173 pie\u0161tukas"}]},{"@type":"WebSite","@id":"https:\/\/www.malinashop.lt\/#website","url":"https:\/\/www.malinashop.lt\/","name":"COM Group Ecommerce","description":"MalinaShop.lt - Gro\u017eio ir sveikatos produktai i\u0161 patikim\u0173 preki\u0173 \u017eenkl\u0173. Atraskite auk\u0161tos kokyb\u0117s kosmetik\u0105 u\u017e puiki\u0105 kain\u0105.","publisher":{"@id":"https:\/\/www.malinashop.lt\/#organization"},"potentialAction":[{"@type":"SearchAction","target":{"@type":"EntryPoint","urlTemplate":"https:\/\/www.malinashop.lt\/?s={search_term_string}"},"query-input":{"@type":"PropertyValueSpecification","valueRequired":true,"valueName":"search_term_string"}}],"inLanguage":"lt-LT"},{"@type":"Organization","@id":"https:\/\/www.malinashop.lt\/#organization","name":"COM Group Ecommerce","url":"https:\/\/www.malinashop.lt\/","logo":{"@type":"ImageObject","inLanguage":"lt-LT","@id":"https:\/\/www.malinashop.lt\/#\/schema\/logo\/image\/","url":"https:\/\/www.malinashop.lt\/wp-content\/uploads\/2024\/08\/462559670_3787732518133670_9795632669273463_n-e1731525914575.png","contentUrl":"https:\/\/www.malinashop.lt\/wp-content\/uploads\/2024\/08\/462559670_3787732518133670_9795632669273463_n-e1731525914575.png","width":180,"height":60,"caption":"COM Group Ecommerce"},"image":{"@id":"https:\/\/www.malinashop.lt\/#\/schema\/logo\/image\/"}}]}},"jetpack_sharing_enabled":true,"_links":{"self":[{"href":"https:\/\/www.malinashop.lt\/lt_lt\/wp-json\/wp\/v2\/product\/20292","targetHints":{"allow":["GET"]}}],"collection":[{"href":"https:\/\/www.malinashop.lt\/lt_lt\/wp-json\/wp\/v2\/product"}],"about":[{"href":"https:\/\/www.malinashop.lt\/lt_lt\/wp-json\/wp\/v2\/types\/product"}],"version-history":[{"count":1,"href":"https:\/\/www.malinashop.lt\/lt_lt\/wp-json\/wp\/v2\/product\/20292\/revisions"}],"predecessor-version":[{"id":33003,"href":"https:\/\/www.malinashop.lt\/lt_lt\/wp-json\/wp\/v2\/product\/20292\/revisions\/33003"}],"wp:featuredmedia":[{"embeddable":true,"href":"https:\/\/www.malinashop.lt\/lt_lt\/wp-json\/wp\/v2\/media\/19020"}],"wp:attachment":[{"href":"https:\/\/www.malinashop.lt\/lt_lt\/wp-json\/wp\/v2\/media?parent=20292"}],"wp:term":[{"taxonomy":"product_brand","embeddable":true,"href":"https:\/\/www.malinashop.lt\/lt_lt\/wp-json\/wp\/v2\/product_brand?post=20292"},{"taxonomy":"product_cat","embeddable":true,"href":"https:\/\/www.malinashop.lt\/lt_lt\/wp-json\/wp\/v2\/product_cat?post=20292"},{"taxonomy":"product_tag","embeddable":true,"href":"https:\/\/www.malinashop.lt\/lt_lt\/wp-json\/wp\/v2\/product_tag?post=20292"}],"curies":[{"name":"wp","href":"https:\/\/api.w.org\/{rel}","templated":true}]}}