{"id":20207,"date":"2025-07-06T10:53:26","date_gmt":"2025-07-06T07:53:26","guid":{"rendered":"https:\/\/malinashop.lt\/produktas\/once-lorev-eau-de-parfum-intense-kvepalai-100-ml\/"},"modified":"2026-03-18T12:32:57","modified_gmt":"2026-03-18T09:32:57","slug":"once-lorev-eau-de-parfum-intense-kvepalai-100-ml","status":"publish","type":"product","link":"https:\/\/www.malinashop.lt\/lt_lt\/shop\/once-lorev-eau-de-parfum-intense-kvepalai-100-ml\/","title":{"rendered":"ONCE LOREV Eau De Parfum Intense kvepalai, 100ml"},"content":{"rendered":"<p data-start=\"258\" data-end=\"451\"><strong data-start=\"258\" data-end=\"272\">ONCE Lorev<\/strong> \u2013 tai <strong data-start=\"279\" data-end=\"307\">\u0161viesos ir dr\u0105sos kvapas<\/strong>, kuriame <strong data-start=\"317\" data-end=\"344\">balt\u0173 g\u0117li\u0173 turtingumas<\/strong> susipina su <strong data-start=\"357\" data-end=\"392\">vaisi\u0161komis ir medienos natomis<\/strong>, kurdamas <strong data-start=\"403\" data-end=\"448\">\u0161velni\u0105, eleganti\u0161k\u0105 ir pasitikin\u010di\u0105 aur\u0105<\/strong>.<\/p>\n<p data-start=\"453\" data-end=\"741\">Kvapo prad\u017eioje atsiskleid\u017eia <strong data-start=\"483\" data-end=\"529\">bij\u016bn\u0173, frezij\u0173, persiko ir ro\u017einio pipiro<\/strong> dvelksmas \u2013 gaivus, jausmingas ir lengvai provokuojantis. Kvapo \u0161irdyje pulsuoja <strong data-start=\"611\" data-end=\"665\">arabinio jazminai\u010dio, tuberozos ir oran\u017eini\u0173 \u017eied\u0173<\/strong> \u0161iluma, o pagrind\u0105 sustiprina <strong data-start=\"696\" data-end=\"722\">pa\u010diuli\u0173 ir vetiverij\u0173<\/strong> aksominis gylis.<\/p>\n<p data-start=\"743\" data-end=\"928\">\u0160\u012f aromat\u0105 suk\u016br\u0117 garsus <strong data-start=\"768\" data-end=\"805\">pranc\u016bz\u0173 parfumeris Lucas Sieuzac<\/strong>, kur\u012f \u012fkvepia kelion\u0117s ir emocijos. Jo k\u016bryboje svarbiausia \u2013 <strong data-start=\"868\" data-end=\"925\">harmonija, subtilumas ir geb\u0117jimas su\u017eadinti poj\u016b\u010dius<\/strong>.<\/p>\n<p data-start=\"930\" data-end=\"1085\"><strong data-start=\"930\" data-end=\"944\">ONCE Lorev<\/strong> \u2013 tai kvapas, kuris pasakoja <strong data-start=\"974\" data-end=\"1016\">dr\u0105sos, meil\u0117s ir moteri\u0161kumo istorij\u0105<\/strong>. Jis skirtas moteriai, kuri spindi i\u0161 vidaus ir nebijo i\u0161siskirti.<\/p>\n<hr data-start=\"1087\" data-end=\"1090\" \/>\n<h3 data-start=\"1092\" data-end=\"1114\"><strong data-start=\"1096\" data-end=\"1112\">Kvap\u0173 natos:<\/strong><\/h3>\n<ul data-start=\"1115\" data-end=\"1307\">\n<li data-start=\"1115\" data-end=\"1189\">\n<p data-start=\"1117\" data-end=\"1189\"><strong data-start=\"1117\" data-end=\"1132\">Vir\u0161utin\u0117s:<\/strong> bij\u016bnas, violetin\u0117 frezija, persikas, ro\u017einis pipiras.<\/p>\n<\/li>\n<li data-start=\"1190\" data-end=\"1266\">\n<p data-start=\"1192\" data-end=\"1266\"><strong data-start=\"1192\" data-end=\"1206\">Vidurin\u0117s:<\/strong> arabinis jazminaitis, kvapioji tuberoza, oran\u017ein\u0117s g\u0117l\u0117s.<\/p>\n<\/li>\n<li data-start=\"1267\" data-end=\"1307\">\n<p data-start=\"1269\" data-end=\"1307\"><strong data-start=\"1269\" data-end=\"1281\">Bazin\u0117s:<\/strong> pa\u010diuliai, vetiverijos.<\/p>\n<\/li>\n<\/ul>\n<hr data-start=\"1309\" data-end=\"1312\" \/>\n<h3 data-start=\"1314\" data-end=\"1332\"><strong data-start=\"1318\" data-end=\"1330\">K\u016br\u0117jas:<\/strong><\/h3>\n<p data-start=\"1333\" data-end=\"1456\"><strong data-start=\"1333\" data-end=\"1350\">Lucas Sieuzac<\/strong> \u2013 garsus parfumeris i\u0161 Pranc\u016bzijos, kurio darbai pasi\u017eymi <strong data-start=\"1409\" data-end=\"1453\">smalsumu, k\u016brybi\u0161kumu ir emociniu gilumu<\/strong>.<\/p>\n<hr data-start=\"1458\" data-end=\"1461\" \/>\n<h3 data-start=\"1463\" data-end=\"1525\"><strong data-start=\"1467\" data-end=\"1523\">ONCE filosofija \u2013 kvapas, pasakojantis J\u016bs\u0173 istorij\u0105<\/strong><\/h3>\n<p data-start=\"1526\" data-end=\"1803\">Kiekvienas <strong data-start=\"1537\" data-end=\"1545\">ONCE<\/strong> aromatas \u2013 tai <strong data-start=\"1561\" data-end=\"1608\">emocij\u0173, prisiminim\u0173 ir asmenyb\u0117s atspindys<\/strong>. Vos keli la\u0161ai gali perteikti <strong data-start=\"1640\" data-end=\"1682\">meil\u0119, d\u017eiaugsm\u0105, dr\u0105s\u0105 ar jausmingum\u0105<\/strong>.<br data-start=\"1683\" data-end=\"1686\" \/>\u0160ie kvepalai \u2013 tai <strong data-start=\"1705\" data-end=\"1734\">unikalus poj\u016b\u010di\u0173 pasaulis<\/strong>, kvie\u010diantis pasinerti \u012f <strong data-start=\"1760\" data-end=\"1800\">autenti\u0161k\u0105 gro\u017eio ir emocij\u0173 kelion\u0119<\/strong>.<\/p>\n<hr data-start=\"1805\" data-end=\"1808\" \/>\n<h3 data-start=\"1810\" data-end=\"1836\"><strong data-start=\"1814\" data-end=\"1834\">Aromato savyb\u0117s:<\/strong><\/h3>\n<ul data-start=\"1837\" data-end=\"1977\">\n<li data-start=\"1837\" data-end=\"1867\">\n<p data-start=\"1839\" data-end=\"1867\">G\u0117li\u0173 ir medienos aromatas<\/p>\n<\/li>\n<li data-start=\"1868\" data-end=\"1903\">\n<p data-start=\"1870\" data-end=\"1903\">\u0160viesus, \u0161iltas ir eleganti\u0161kas<\/p>\n<\/li>\n<li data-start=\"1904\" data-end=\"1931\">\n<p data-start=\"1906\" data-end=\"1931\">Tinka dienai ir vakarui<\/p>\n<\/li>\n<li data-start=\"1932\" data-end=\"1977\">\n<p data-start=\"1934\" data-end=\"1977\">Skirtas pasitikin\u010diai, moderniai moteriai<\/p>\n<\/li>\n<\/ul>\n<hr data-start=\"1979\" data-end=\"1982\" \/>\n<h3 data-start=\"1984\" data-end=\"2027\"><\/h3>\n","protected":false},"excerpt":{"rendered":"<p data-start=\"28\" data-end=\"224\"><strong data-start=\"28\" data-end=\"42\">ONCE Lorev<\/strong> \u2013 \u0161viesos ir dr\u0105sos aromatas, kuriame susilieja baltos g\u0117l\u0117s, sultingas persikas ir aksominis muskusas. Subtilus, harmoningas kvapas, spinduliuojantis moteri\u0161kum\u0105 ir pasitik\u0117jim\u0105.<\/p>\n","protected":false},"featured_media":21288,"template":"","meta":[],"product_brand":[558],"product_cat":[707,545],"product_tag":[1636],"class_list":{"0":"post-20207","1":"product","2":"type-product","3":"status-publish","4":"has-post-thumbnail","6":"product_brand-once-perfume","7":"product_cat-kvepalai","8":"product_cat-kvepalai-moterims","9":"product_tag-once-perfume","11":"first","12":"instock","13":"sale","14":"featured","15":"taxable","16":"shipping-taxable","17":"purchasable","18":"product-type-simple"},"yoast_head":"<!-- This site is optimized with the Yoast SEO plugin v27.4 - https:\/\/yoast.com\/product\/yoast-seo-wordpress\/ -->\n<title>ONCE LOREV Eau De Parfum Intense kvepalai, 100ml - MalinaShop.lt J\u016bs\u0173 sveikatai ir gro\u017eiui.<\/title>\n<meta name=\"description\" content=\"ONCE Lorev \u2013 g\u0117li\u0173 ir medienos aromatas su persiko, jazminai\u010dio ir vetiverijos natomis. \u0160viesos, dr\u0105sos ir elegancijos kvapas moteriai.\" \/>\n<meta name=\"robots\" content=\"index, follow, max-snippet:-1, max-image-preview:large, max-video-preview:-1\" \/>\n<link rel=\"canonical\" href=\"https:\/\/www.malinashop.lt\/lt_lt\/shop\/once-lorev-eau-de-parfum-intense-kvepalai-100-ml\/\" \/>\n<meta property=\"og:locale\" content=\"lt_LT\" \/>\n<meta property=\"og:type\" content=\"article\" \/>\n<meta property=\"og:title\" content=\"ONCE LOREV Eau De Parfum Intense kvepalai, 100ml - MalinaShop.lt J\u016bs\u0173 sveikatai ir gro\u017eiui.\" \/>\n<meta property=\"og:description\" content=\"ONCE Lorev \u2013 g\u0117li\u0173 ir medienos aromatas su persiko, jazminai\u010dio ir vetiverijos natomis. \u0160viesos, dr\u0105sos ir elegancijos kvapas moteriai.\" \/>\n<meta property=\"og:url\" content=\"https:\/\/www.malinashop.lt\/lt_lt\/shop\/once-lorev-eau-de-parfum-intense-kvepalai-100-ml\/\" \/>\n<meta property=\"og:site_name\" content=\"MalinaShop.lt J\u016bs\u0173 sveikatai ir gro\u017eiui.\" \/>\n<meta property=\"article:modified_time\" content=\"2026-03-18T09:32:57+00:00\" \/>\n<meta property=\"og:image\" content=\"https:\/\/www.malinashop.lt\/wp-content\/uploads\/2024\/11\/once-lorev-eau-de-parfum-intense-kvepalai-100-ml-2-1.jpg\" \/>\n\t<meta property=\"og:image:width\" content=\"388\" \/>\n\t<meta property=\"og:image:height\" content=\"388\" \/>\n\t<meta property=\"og:image:type\" content=\"image\/jpeg\" \/>\n<meta name=\"twitter:card\" content=\"summary_large_image\" \/>\n<script type=\"application\/ld+json\" class=\"yoast-schema-graph\">{\"@context\":\"https:\\\/\\\/schema.org\",\"@graph\":[{\"@type\":\"WebPage\",\"@id\":\"https:\\\/\\\/www.malinashop.lt\\\/lt_lt\\\/shop\\\/once-lorev-eau-de-parfum-intense-kvepalai-100-ml\\\/\",\"url\":\"https:\\\/\\\/www.malinashop.lt\\\/lt_lt\\\/shop\\\/once-lorev-eau-de-parfum-intense-kvepalai-100-ml\\\/\",\"name\":\"ONCE LOREV Eau De Parfum Intense kvepalai, 100ml - MalinaShop.lt J\u016bs\u0173 sveikatai ir gro\u017eiui.\",\"isPartOf\":{\"@id\":\"https:\\\/\\\/www.malinashop.lt\\\/#website\"},\"primaryImageOfPage\":{\"@id\":\"https:\\\/\\\/www.malinashop.lt\\\/lt_lt\\\/shop\\\/once-lorev-eau-de-parfum-intense-kvepalai-100-ml\\\/#primaryimage\"},\"image\":{\"@id\":\"https:\\\/\\\/www.malinashop.lt\\\/lt_lt\\\/shop\\\/once-lorev-eau-de-parfum-intense-kvepalai-100-ml\\\/#primaryimage\"},\"thumbnailUrl\":\"https:\\\/\\\/www.malinashop.lt\\\/wp-content\\\/uploads\\\/2024\\\/11\\\/once-lorev-eau-de-parfum-intense-kvepalai-100-ml-2-1.jpg\",\"datePublished\":\"2025-07-06T07:53:26+00:00\",\"dateModified\":\"2026-03-18T09:32:57+00:00\",\"description\":\"ONCE Lorev \u2013 g\u0117li\u0173 ir medienos aromatas su persiko, jazminai\u010dio ir vetiverijos natomis. \u0160viesos, dr\u0105sos ir elegancijos kvapas moteriai.\",\"breadcrumb\":{\"@id\":\"https:\\\/\\\/www.malinashop.lt\\\/lt_lt\\\/shop\\\/once-lorev-eau-de-parfum-intense-kvepalai-100-ml\\\/#breadcrumb\"},\"inLanguage\":\"lt-LT\",\"potentialAction\":[{\"@type\":\"ReadAction\",\"target\":[\"https:\\\/\\\/www.malinashop.lt\\\/lt_lt\\\/shop\\\/once-lorev-eau-de-parfum-intense-kvepalai-100-ml\\\/\"]}]},{\"@type\":\"ImageObject\",\"inLanguage\":\"lt-LT\",\"@id\":\"https:\\\/\\\/www.malinashop.lt\\\/lt_lt\\\/shop\\\/once-lorev-eau-de-parfum-intense-kvepalai-100-ml\\\/#primaryimage\",\"url\":\"https:\\\/\\\/www.malinashop.lt\\\/wp-content\\\/uploads\\\/2024\\\/11\\\/once-lorev-eau-de-parfum-intense-kvepalai-100-ml-2-1.jpg\",\"contentUrl\":\"https:\\\/\\\/www.malinashop.lt\\\/wp-content\\\/uploads\\\/2024\\\/11\\\/once-lorev-eau-de-parfum-intense-kvepalai-100-ml-2-1.jpg\",\"width\":388,\"height\":388},{\"@type\":\"BreadcrumbList\",\"@id\":\"https:\\\/\\\/www.malinashop.lt\\\/lt_lt\\\/shop\\\/once-lorev-eau-de-parfum-intense-kvepalai-100-ml\\\/#breadcrumb\",\"itemListElement\":[{\"@type\":\"ListItem\",\"position\":1,\"name\":\"Pagrindinis\",\"item\":\"https:\\\/\\\/www.malinashop.lt\\\/\"},{\"@type\":\"ListItem\",\"position\":2,\"name\":\"Parduotuv\u0117\",\"item\":\"https:\\\/\\\/www.malinashop.lt\\\/en\\\/parduotuve\\\/\"},{\"@type\":\"ListItem\",\"position\":3,\"name\":\"ONCE LOREV Eau De Parfum Intense kvepalai, 100ml\"}]},{\"@type\":\"WebSite\",\"@id\":\"https:\\\/\\\/www.malinashop.lt\\\/#website\",\"url\":\"https:\\\/\\\/www.malinashop.lt\\\/\",\"name\":\"COM Group Ecommerce\",\"description\":\"MalinaShop.lt - Gro\u017eio ir sveikatos produktai i\u0161 patikim\u0173 preki\u0173 \u017eenkl\u0173. Atraskite auk\u0161tos kokyb\u0117s kosmetik\u0105 u\u017e puiki\u0105 kain\u0105.\",\"publisher\":{\"@id\":\"https:\\\/\\\/www.malinashop.lt\\\/#organization\"},\"potentialAction\":[{\"@type\":\"SearchAction\",\"target\":{\"@type\":\"EntryPoint\",\"urlTemplate\":\"https:\\\/\\\/www.malinashop.lt\\\/?s={search_term_string}\"},\"query-input\":{\"@type\":\"PropertyValueSpecification\",\"valueRequired\":true,\"valueName\":\"search_term_string\"}}],\"inLanguage\":\"lt-LT\"},{\"@type\":\"Organization\",\"@id\":\"https:\\\/\\\/www.malinashop.lt\\\/#organization\",\"name\":\"COM Group Ecommerce\",\"url\":\"https:\\\/\\\/www.malinashop.lt\\\/\",\"logo\":{\"@type\":\"ImageObject\",\"inLanguage\":\"lt-LT\",\"@id\":\"https:\\\/\\\/www.malinashop.lt\\\/#\\\/schema\\\/logo\\\/image\\\/\",\"url\":\"https:\\\/\\\/www.malinashop.lt\\\/wp-content\\\/uploads\\\/2024\\\/08\\\/462559670_3787732518133670_9795632669273463_n-e1731525914575.png\",\"contentUrl\":\"https:\\\/\\\/www.malinashop.lt\\\/wp-content\\\/uploads\\\/2024\\\/08\\\/462559670_3787732518133670_9795632669273463_n-e1731525914575.png\",\"width\":180,\"height\":60,\"caption\":\"COM Group Ecommerce\"},\"image\":{\"@id\":\"https:\\\/\\\/www.malinashop.lt\\\/#\\\/schema\\\/logo\\\/image\\\/\"}}]}<\/script>\n<!-- \/ Yoast SEO plugin. -->","yoast_head_json":{"title":"ONCE LOREV Eau De Parfum Intense kvepalai, 100ml - MalinaShop.lt J\u016bs\u0173 sveikatai ir gro\u017eiui.","description":"ONCE Lorev \u2013 g\u0117li\u0173 ir medienos aromatas su persiko, jazminai\u010dio ir vetiverijos natomis. \u0160viesos, dr\u0105sos ir elegancijos kvapas moteriai.","robots":{"index":"index","follow":"follow","max-snippet":"max-snippet:-1","max-image-preview":"max-image-preview:large","max-video-preview":"max-video-preview:-1"},"canonical":"https:\/\/www.malinashop.lt\/lt_lt\/shop\/once-lorev-eau-de-parfum-intense-kvepalai-100-ml\/","og_locale":"lt_LT","og_type":"article","og_title":"ONCE LOREV Eau De Parfum Intense kvepalai, 100ml - MalinaShop.lt J\u016bs\u0173 sveikatai ir gro\u017eiui.","og_description":"ONCE Lorev \u2013 g\u0117li\u0173 ir medienos aromatas su persiko, jazminai\u010dio ir vetiverijos natomis. \u0160viesos, dr\u0105sos ir elegancijos kvapas moteriai.","og_url":"https:\/\/www.malinashop.lt\/lt_lt\/shop\/once-lorev-eau-de-parfum-intense-kvepalai-100-ml\/","og_site_name":"MalinaShop.lt J\u016bs\u0173 sveikatai ir gro\u017eiui.","article_modified_time":"2026-03-18T09:32:57+00:00","og_image":[{"width":388,"height":388,"url":"https:\/\/www.malinashop.lt\/wp-content\/uploads\/2024\/11\/once-lorev-eau-de-parfum-intense-kvepalai-100-ml-2-1.jpg","type":"image\/jpeg"}],"twitter_card":"summary_large_image","schema":{"@context":"https:\/\/schema.org","@graph":[{"@type":"WebPage","@id":"https:\/\/www.malinashop.lt\/lt_lt\/shop\/once-lorev-eau-de-parfum-intense-kvepalai-100-ml\/","url":"https:\/\/www.malinashop.lt\/lt_lt\/shop\/once-lorev-eau-de-parfum-intense-kvepalai-100-ml\/","name":"ONCE LOREV Eau De Parfum Intense kvepalai, 100ml - MalinaShop.lt J\u016bs\u0173 sveikatai ir gro\u017eiui.","isPartOf":{"@id":"https:\/\/www.malinashop.lt\/#website"},"primaryImageOfPage":{"@id":"https:\/\/www.malinashop.lt\/lt_lt\/shop\/once-lorev-eau-de-parfum-intense-kvepalai-100-ml\/#primaryimage"},"image":{"@id":"https:\/\/www.malinashop.lt\/lt_lt\/shop\/once-lorev-eau-de-parfum-intense-kvepalai-100-ml\/#primaryimage"},"thumbnailUrl":"https:\/\/www.malinashop.lt\/wp-content\/uploads\/2024\/11\/once-lorev-eau-de-parfum-intense-kvepalai-100-ml-2-1.jpg","datePublished":"2025-07-06T07:53:26+00:00","dateModified":"2026-03-18T09:32:57+00:00","description":"ONCE Lorev \u2013 g\u0117li\u0173 ir medienos aromatas su persiko, jazminai\u010dio ir vetiverijos natomis. \u0160viesos, dr\u0105sos ir elegancijos kvapas moteriai.","breadcrumb":{"@id":"https:\/\/www.malinashop.lt\/lt_lt\/shop\/once-lorev-eau-de-parfum-intense-kvepalai-100-ml\/#breadcrumb"},"inLanguage":"lt-LT","potentialAction":[{"@type":"ReadAction","target":["https:\/\/www.malinashop.lt\/lt_lt\/shop\/once-lorev-eau-de-parfum-intense-kvepalai-100-ml\/"]}]},{"@type":"ImageObject","inLanguage":"lt-LT","@id":"https:\/\/www.malinashop.lt\/lt_lt\/shop\/once-lorev-eau-de-parfum-intense-kvepalai-100-ml\/#primaryimage","url":"https:\/\/www.malinashop.lt\/wp-content\/uploads\/2024\/11\/once-lorev-eau-de-parfum-intense-kvepalai-100-ml-2-1.jpg","contentUrl":"https:\/\/www.malinashop.lt\/wp-content\/uploads\/2024\/11\/once-lorev-eau-de-parfum-intense-kvepalai-100-ml-2-1.jpg","width":388,"height":388},{"@type":"BreadcrumbList","@id":"https:\/\/www.malinashop.lt\/lt_lt\/shop\/once-lorev-eau-de-parfum-intense-kvepalai-100-ml\/#breadcrumb","itemListElement":[{"@type":"ListItem","position":1,"name":"Pagrindinis","item":"https:\/\/www.malinashop.lt\/"},{"@type":"ListItem","position":2,"name":"Parduotuv\u0117","item":"https:\/\/www.malinashop.lt\/en\/parduotuve\/"},{"@type":"ListItem","position":3,"name":"ONCE LOREV Eau De Parfum Intense kvepalai, 100ml"}]},{"@type":"WebSite","@id":"https:\/\/www.malinashop.lt\/#website","url":"https:\/\/www.malinashop.lt\/","name":"COM Group Ecommerce","description":"MalinaShop.lt - Gro\u017eio ir sveikatos produktai i\u0161 patikim\u0173 preki\u0173 \u017eenkl\u0173. Atraskite auk\u0161tos kokyb\u0117s kosmetik\u0105 u\u017e puiki\u0105 kain\u0105.","publisher":{"@id":"https:\/\/www.malinashop.lt\/#organization"},"potentialAction":[{"@type":"SearchAction","target":{"@type":"EntryPoint","urlTemplate":"https:\/\/www.malinashop.lt\/?s={search_term_string}"},"query-input":{"@type":"PropertyValueSpecification","valueRequired":true,"valueName":"search_term_string"}}],"inLanguage":"lt-LT"},{"@type":"Organization","@id":"https:\/\/www.malinashop.lt\/#organization","name":"COM Group Ecommerce","url":"https:\/\/www.malinashop.lt\/","logo":{"@type":"ImageObject","inLanguage":"lt-LT","@id":"https:\/\/www.malinashop.lt\/#\/schema\/logo\/image\/","url":"https:\/\/www.malinashop.lt\/wp-content\/uploads\/2024\/08\/462559670_3787732518133670_9795632669273463_n-e1731525914575.png","contentUrl":"https:\/\/www.malinashop.lt\/wp-content\/uploads\/2024\/08\/462559670_3787732518133670_9795632669273463_n-e1731525914575.png","width":180,"height":60,"caption":"COM Group Ecommerce"},"image":{"@id":"https:\/\/www.malinashop.lt\/#\/schema\/logo\/image\/"}}]}},"jetpack_sharing_enabled":true,"_links":{"self":[{"href":"https:\/\/www.malinashop.lt\/lt_lt\/wp-json\/wp\/v2\/product\/20207","targetHints":{"allow":["GET"]}}],"collection":[{"href":"https:\/\/www.malinashop.lt\/lt_lt\/wp-json\/wp\/v2\/product"}],"about":[{"href":"https:\/\/www.malinashop.lt\/lt_lt\/wp-json\/wp\/v2\/types\/product"}],"version-history":[{"count":9,"href":"https:\/\/www.malinashop.lt\/lt_lt\/wp-json\/wp\/v2\/product\/20207\/revisions"}],"predecessor-version":[{"id":73383,"href":"https:\/\/www.malinashop.lt\/lt_lt\/wp-json\/wp\/v2\/product\/20207\/revisions\/73383"}],"wp:featuredmedia":[{"embeddable":true,"href":"https:\/\/www.malinashop.lt\/lt_lt\/wp-json\/wp\/v2\/media\/21288"}],"wp:attachment":[{"href":"https:\/\/www.malinashop.lt\/lt_lt\/wp-json\/wp\/v2\/media?parent=20207"}],"wp:term":[{"taxonomy":"product_brand","embeddable":true,"href":"https:\/\/www.malinashop.lt\/lt_lt\/wp-json\/wp\/v2\/product_brand?post=20207"},{"taxonomy":"product_cat","embeddable":true,"href":"https:\/\/www.malinashop.lt\/lt_lt\/wp-json\/wp\/v2\/product_cat?post=20207"},{"taxonomy":"product_tag","embeddable":true,"href":"https:\/\/www.malinashop.lt\/lt_lt\/wp-json\/wp\/v2\/product_tag?post=20207"}],"curies":[{"name":"wp","href":"https:\/\/api.w.org\/{rel}","templated":true}]}}