{"id":20205,"date":"2025-08-08T15:53:26","date_gmt":"2025-08-08T12:53:26","guid":{"rendered":"https:\/\/malinashop.lt\/produktas\/once-etheria-intense-kvepalai-100-ml\/"},"modified":"2026-03-18T12:32:57","modified_gmt":"2026-03-18T09:32:57","slug":"once-etheria-intense-kvepalai-100-ml","status":"publish","type":"product","link":"https:\/\/www.malinashop.lt\/lt_lt\/shop\/once-etheria-intense-kvepalai-100-ml\/","title":{"rendered":"ONCE ETHERIA Intense kvepalai, 100 ml"},"content":{"rendered":"<p data-start=\"278\" data-end=\"498\"><strong data-start=\"278\" data-end=\"294\">ONCE Etheria<\/strong> \u2013 tai <strong data-start=\"301\" data-end=\"346\">ry\u017etingas, \u017eavus ir paslaptingas aromatas<\/strong>, sujungiantis <strong data-start=\"361\" data-end=\"400\">g\u0117li\u0173 \u0161velnum\u0105 ir rytieti\u0161k\u0105 gilum\u0105<\/strong>. Kvapas alsuoja <strong data-start=\"417\" data-end=\"450\">gyvybingumu ir sald\u017eiu tyrumu<\/strong>, sukurdamas <strong data-start=\"463\" data-end=\"488\">subtilios elegancijos<\/strong> \u012fsp\u016bd\u012f.<\/p>\n<p data-start=\"500\" data-end=\"771\">Jo <strong data-start=\"503\" data-end=\"527\">turtinga kompozicija<\/strong> atskleid\u017eia <strong data-start=\"540\" data-end=\"583\">bergamot\u0117s, mandarin\u0173, juod\u0173j\u0173 serbent\u0173<\/strong> ir <strong data-start=\"587\" data-end=\"605\">Nashi kriau\u0161\u0117s<\/strong> gaivum\u0105, kuris perauga \u012f <strong data-start=\"631\" data-end=\"679\">turki\u0161kos ro\u017e\u0117s, gardenijos, smilkal\u0173 ir oud<\/strong> \u0161ird\u012f. Galiausiai aromat\u0105 apgaubia <strong data-start=\"715\" data-end=\"761\">vanil\u0117s, tonkos pupeli\u0173, ambros ir muskuso<\/strong> \u0161iluma.<\/p>\n<p data-start=\"773\" data-end=\"938\"><strong data-start=\"773\" data-end=\"797\">Ethe + Ria = Etheria<\/strong> \u2013 tai <strong data-start=\"804\" data-end=\"848\">grynumo, skaidrumo ir dvasin\u0117s stipryb\u0117s<\/strong> simbolis. \u0160is kvapas \u2013 tarsi <strong data-start=\"878\" data-end=\"935\">vidin\u0117s moters galios ir pasitik\u0117jimo savimi i\u0161rai\u0161ka<\/strong>.<\/p>\n<hr data-start=\"940\" data-end=\"943\" \/>\n<h3 data-start=\"945\" data-end=\"967\"><strong data-start=\"949\" data-end=\"965\">Kvap\u0173 natos:<\/strong><\/h3>\n<ul data-start=\"968\" data-end=\"1163\">\n<li data-start=\"968\" data-end=\"1045\">\n<p data-start=\"970\" data-end=\"1045\"><strong data-start=\"970\" data-end=\"985\">Vir\u0161utin\u0117s:<\/strong> mandarinai, bergamot\u0117, juodieji serbentai, Nashi kriau\u0161\u0117.<\/p>\n<\/li>\n<li data-start=\"1046\" data-end=\"1106\">\n<p data-start=\"1048\" data-end=\"1106\"><strong data-start=\"1048\" data-end=\"1062\">Vidurin\u0117s:<\/strong> turki\u0161ka ro\u017e\u0117, gardenija, smilkalai, oud.<\/p>\n<\/li>\n<li data-start=\"1107\" data-end=\"1163\">\n<p data-start=\"1109\" data-end=\"1163\"><strong data-start=\"1109\" data-end=\"1121\">Bazin\u0117s:<\/strong> vanil\u0117, tonka pupel\u0117s, ambra, muskusas.<\/p>\n<\/li>\n<\/ul>\n<hr data-start=\"1165\" data-end=\"1168\" \/>\n<h3 data-start=\"1170\" data-end=\"1195\"><strong data-start=\"1174\" data-end=\"1193\">ONCE filosofija<\/strong><\/h3>\n<p data-start=\"1196\" data-end=\"1432\">Kiekvienas <strong data-start=\"1207\" data-end=\"1215\">ONCE<\/strong> aromatas \u2013 tai <strong data-start=\"1231\" data-end=\"1269\">istorija apie emocijas ir asmenyb\u0119<\/strong>. Vos keli la\u0161ai leid\u017eia i\u0161reik\u0161ti <strong data-start=\"1304\" data-end=\"1346\">meil\u0119, d\u017eiaugsm\u0105, jausmingum\u0105 ar dr\u0105s\u0105<\/strong>.<br data-start=\"1347\" data-end=\"1350\" \/>\u0160ie kvepalai kvie\u010dia atrasti <strong data-start=\"1379\" data-end=\"1405\">autenti\u0161k\u0105 moteri\u0161kum\u0105<\/strong>, kuris spindi i\u0161 vidaus.<\/p>\n<hr data-start=\"1434\" data-end=\"1437\" \/>\n<h3 data-start=\"1439\" data-end=\"1465\"><strong data-start=\"1443\" data-end=\"1463\">Aromato savyb\u0117s:<\/strong><\/h3>\n<ul data-start=\"1466\" data-end=\"1588\">\n<li data-start=\"1466\" data-end=\"1497\">\n<p data-start=\"1468\" data-end=\"1497\">G\u0117li\u0173 ir rytieti\u0161kas kvapas<\/p>\n<\/li>\n<li data-start=\"1498\" data-end=\"1545\">\n<p data-start=\"1500\" data-end=\"1545\">Subtiliai saldus, paslaptingas, i\u0161liekantis<\/p>\n<\/li>\n<li data-start=\"1546\" data-end=\"1588\">\n<p data-start=\"1548\" data-end=\"1588\">Sukuria elegancijos ir \u0161velnumo \u012fsp\u016bd\u012f<\/p>\n<\/li>\n<\/ul>\n","protected":false},"excerpt":{"rendered":"<p><strong data-start=\"28\" data-end=\"44\">ONCE Etheria<\/strong> \u2013 prabangus g\u0117li\u0173 ir rytieti\u0161kas aromatas moteriai, spinduliuojantis ry\u017etingum\u0105, \u017eaves\u012f ir paslapt\u012f. Kvapas su bergamot\u0117s, ro\u017e\u0117s ir ambros natomis atskleid\u017eia elegancij\u0105 bei i\u0161skirtin\u012f moteri\u0161kum\u0105.<\/p>\n","protected":false},"featured_media":21277,"template":"","meta":[],"product_brand":[558],"product_cat":[707,545],"product_tag":[1636],"class_list":{"0":"post-20205","1":"product","2":"type-product","3":"status-publish","4":"has-post-thumbnail","6":"product_brand-once-perfume","7":"product_cat-kvepalai","8":"product_cat-kvepalai-moterims","9":"product_tag-once-perfume","11":"first","12":"instock","13":"sale","14":"featured","15":"taxable","16":"shipping-taxable","17":"purchasable","18":"product-type-simple"},"yoast_head":"<!-- This site is optimized with the Yoast SEO plugin v27.4 - https:\/\/yoast.com\/product\/yoast-seo-wordpress\/ -->\n<title>ONCE ETHERIA Intense kvepalai, 100 ml - MalinaShop.lt J\u016bs\u0173 sveikatai ir gro\u017eiui.<\/title>\n<meta name=\"description\" content=\"ONCE Etheria \u2013 g\u0117li\u0173 ir rytieti\u0161kas aromatas su bergamot\u0117s, ro\u017e\u0117s ir ambros natomis. Ry\u017etingas, \u017eavus ir paslaptingas kvapas moteriai.\" \/>\n<meta name=\"robots\" content=\"index, follow, max-snippet:-1, max-image-preview:large, max-video-preview:-1\" \/>\n<link rel=\"canonical\" href=\"https:\/\/www.malinashop.lt\/lt_lt\/shop\/once-etheria-intense-kvepalai-100-ml\/\" \/>\n<meta property=\"og:locale\" content=\"lt_LT\" \/>\n<meta property=\"og:type\" content=\"article\" \/>\n<meta property=\"og:title\" content=\"ONCE ETHERIA Intense kvepalai, 100 ml - MalinaShop.lt J\u016bs\u0173 sveikatai ir gro\u017eiui.\" \/>\n<meta property=\"og:description\" content=\"ONCE Etheria \u2013 g\u0117li\u0173 ir rytieti\u0161kas aromatas su bergamot\u0117s, ro\u017e\u0117s ir ambros natomis. Ry\u017etingas, \u017eavus ir paslaptingas kvapas moteriai.\" \/>\n<meta property=\"og:url\" content=\"https:\/\/www.malinashop.lt\/lt_lt\/shop\/once-etheria-intense-kvepalai-100-ml\/\" \/>\n<meta property=\"og:site_name\" content=\"MalinaShop.lt J\u016bs\u0173 sveikatai ir gro\u017eiui.\" \/>\n<meta property=\"article:modified_time\" content=\"2026-03-18T09:32:57+00:00\" \/>\n<meta property=\"og:image\" content=\"https:\/\/www.malinashop.lt\/wp-content\/uploads\/2024\/11\/once-etheria-intense-kvepalai-100-ml-1-1.jpg\" \/>\n\t<meta property=\"og:image:width\" content=\"388\" \/>\n\t<meta property=\"og:image:height\" content=\"388\" \/>\n\t<meta property=\"og:image:type\" content=\"image\/jpeg\" \/>\n<meta name=\"twitter:card\" content=\"summary_large_image\" \/>\n<script type=\"application\/ld+json\" class=\"yoast-schema-graph\">{\"@context\":\"https:\\\/\\\/schema.org\",\"@graph\":[{\"@type\":\"WebPage\",\"@id\":\"https:\\\/\\\/www.malinashop.lt\\\/lt_lt\\\/shop\\\/once-etheria-intense-kvepalai-100-ml\\\/\",\"url\":\"https:\\\/\\\/www.malinashop.lt\\\/lt_lt\\\/shop\\\/once-etheria-intense-kvepalai-100-ml\\\/\",\"name\":\"ONCE ETHERIA Intense kvepalai, 100 ml - MalinaShop.lt J\u016bs\u0173 sveikatai ir gro\u017eiui.\",\"isPartOf\":{\"@id\":\"https:\\\/\\\/www.malinashop.lt\\\/#website\"},\"primaryImageOfPage\":{\"@id\":\"https:\\\/\\\/www.malinashop.lt\\\/lt_lt\\\/shop\\\/once-etheria-intense-kvepalai-100-ml\\\/#primaryimage\"},\"image\":{\"@id\":\"https:\\\/\\\/www.malinashop.lt\\\/lt_lt\\\/shop\\\/once-etheria-intense-kvepalai-100-ml\\\/#primaryimage\"},\"thumbnailUrl\":\"https:\\\/\\\/www.malinashop.lt\\\/wp-content\\\/uploads\\\/2024\\\/11\\\/once-etheria-intense-kvepalai-100-ml-1-1.jpg\",\"datePublished\":\"2025-08-08T12:53:26+00:00\",\"dateModified\":\"2026-03-18T09:32:57+00:00\",\"description\":\"ONCE Etheria \u2013 g\u0117li\u0173 ir rytieti\u0161kas aromatas su bergamot\u0117s, ro\u017e\u0117s ir ambros natomis. Ry\u017etingas, \u017eavus ir paslaptingas kvapas moteriai.\",\"breadcrumb\":{\"@id\":\"https:\\\/\\\/www.malinashop.lt\\\/lt_lt\\\/shop\\\/once-etheria-intense-kvepalai-100-ml\\\/#breadcrumb\"},\"inLanguage\":\"lt-LT\",\"potentialAction\":[{\"@type\":\"ReadAction\",\"target\":[\"https:\\\/\\\/www.malinashop.lt\\\/lt_lt\\\/shop\\\/once-etheria-intense-kvepalai-100-ml\\\/\"]}]},{\"@type\":\"ImageObject\",\"inLanguage\":\"lt-LT\",\"@id\":\"https:\\\/\\\/www.malinashop.lt\\\/lt_lt\\\/shop\\\/once-etheria-intense-kvepalai-100-ml\\\/#primaryimage\",\"url\":\"https:\\\/\\\/www.malinashop.lt\\\/wp-content\\\/uploads\\\/2024\\\/11\\\/once-etheria-intense-kvepalai-100-ml-1-1.jpg\",\"contentUrl\":\"https:\\\/\\\/www.malinashop.lt\\\/wp-content\\\/uploads\\\/2024\\\/11\\\/once-etheria-intense-kvepalai-100-ml-1-1.jpg\",\"width\":388,\"height\":388},{\"@type\":\"BreadcrumbList\",\"@id\":\"https:\\\/\\\/www.malinashop.lt\\\/lt_lt\\\/shop\\\/once-etheria-intense-kvepalai-100-ml\\\/#breadcrumb\",\"itemListElement\":[{\"@type\":\"ListItem\",\"position\":1,\"name\":\"Pagrindinis\",\"item\":\"https:\\\/\\\/www.malinashop.lt\\\/\"},{\"@type\":\"ListItem\",\"position\":2,\"name\":\"Parduotuv\u0117\",\"item\":\"https:\\\/\\\/www.malinashop.lt\\\/en\\\/parduotuve\\\/\"},{\"@type\":\"ListItem\",\"position\":3,\"name\":\"ONCE ETHERIA Intense kvepalai, 100 ml\"}]},{\"@type\":\"WebSite\",\"@id\":\"https:\\\/\\\/www.malinashop.lt\\\/#website\",\"url\":\"https:\\\/\\\/www.malinashop.lt\\\/\",\"name\":\"COM Group Ecommerce\",\"description\":\"MalinaShop.lt - Gro\u017eio ir sveikatos produktai i\u0161 patikim\u0173 preki\u0173 \u017eenkl\u0173. Atraskite auk\u0161tos kokyb\u0117s kosmetik\u0105 u\u017e puiki\u0105 kain\u0105.\",\"publisher\":{\"@id\":\"https:\\\/\\\/www.malinashop.lt\\\/#organization\"},\"potentialAction\":[{\"@type\":\"SearchAction\",\"target\":{\"@type\":\"EntryPoint\",\"urlTemplate\":\"https:\\\/\\\/www.malinashop.lt\\\/?s={search_term_string}\"},\"query-input\":{\"@type\":\"PropertyValueSpecification\",\"valueRequired\":true,\"valueName\":\"search_term_string\"}}],\"inLanguage\":\"lt-LT\"},{\"@type\":\"Organization\",\"@id\":\"https:\\\/\\\/www.malinashop.lt\\\/#organization\",\"name\":\"COM Group Ecommerce\",\"url\":\"https:\\\/\\\/www.malinashop.lt\\\/\",\"logo\":{\"@type\":\"ImageObject\",\"inLanguage\":\"lt-LT\",\"@id\":\"https:\\\/\\\/www.malinashop.lt\\\/#\\\/schema\\\/logo\\\/image\\\/\",\"url\":\"https:\\\/\\\/www.malinashop.lt\\\/wp-content\\\/uploads\\\/2024\\\/08\\\/462559670_3787732518133670_9795632669273463_n-e1731525914575.png\",\"contentUrl\":\"https:\\\/\\\/www.malinashop.lt\\\/wp-content\\\/uploads\\\/2024\\\/08\\\/462559670_3787732518133670_9795632669273463_n-e1731525914575.png\",\"width\":180,\"height\":60,\"caption\":\"COM Group Ecommerce\"},\"image\":{\"@id\":\"https:\\\/\\\/www.malinashop.lt\\\/#\\\/schema\\\/logo\\\/image\\\/\"}}]}<\/script>\n<!-- \/ Yoast SEO plugin. -->","yoast_head_json":{"title":"ONCE ETHERIA Intense kvepalai, 100 ml - MalinaShop.lt J\u016bs\u0173 sveikatai ir gro\u017eiui.","description":"ONCE Etheria \u2013 g\u0117li\u0173 ir rytieti\u0161kas aromatas su bergamot\u0117s, ro\u017e\u0117s ir ambros natomis. Ry\u017etingas, \u017eavus ir paslaptingas kvapas moteriai.","robots":{"index":"index","follow":"follow","max-snippet":"max-snippet:-1","max-image-preview":"max-image-preview:large","max-video-preview":"max-video-preview:-1"},"canonical":"https:\/\/www.malinashop.lt\/lt_lt\/shop\/once-etheria-intense-kvepalai-100-ml\/","og_locale":"lt_LT","og_type":"article","og_title":"ONCE ETHERIA Intense kvepalai, 100 ml - MalinaShop.lt J\u016bs\u0173 sveikatai ir gro\u017eiui.","og_description":"ONCE Etheria \u2013 g\u0117li\u0173 ir rytieti\u0161kas aromatas su bergamot\u0117s, ro\u017e\u0117s ir ambros natomis. Ry\u017etingas, \u017eavus ir paslaptingas kvapas moteriai.","og_url":"https:\/\/www.malinashop.lt\/lt_lt\/shop\/once-etheria-intense-kvepalai-100-ml\/","og_site_name":"MalinaShop.lt J\u016bs\u0173 sveikatai ir gro\u017eiui.","article_modified_time":"2026-03-18T09:32:57+00:00","og_image":[{"width":388,"height":388,"url":"https:\/\/www.malinashop.lt\/wp-content\/uploads\/2024\/11\/once-etheria-intense-kvepalai-100-ml-1-1.jpg","type":"image\/jpeg"}],"twitter_card":"summary_large_image","schema":{"@context":"https:\/\/schema.org","@graph":[{"@type":"WebPage","@id":"https:\/\/www.malinashop.lt\/lt_lt\/shop\/once-etheria-intense-kvepalai-100-ml\/","url":"https:\/\/www.malinashop.lt\/lt_lt\/shop\/once-etheria-intense-kvepalai-100-ml\/","name":"ONCE ETHERIA Intense kvepalai, 100 ml - MalinaShop.lt J\u016bs\u0173 sveikatai ir gro\u017eiui.","isPartOf":{"@id":"https:\/\/www.malinashop.lt\/#website"},"primaryImageOfPage":{"@id":"https:\/\/www.malinashop.lt\/lt_lt\/shop\/once-etheria-intense-kvepalai-100-ml\/#primaryimage"},"image":{"@id":"https:\/\/www.malinashop.lt\/lt_lt\/shop\/once-etheria-intense-kvepalai-100-ml\/#primaryimage"},"thumbnailUrl":"https:\/\/www.malinashop.lt\/wp-content\/uploads\/2024\/11\/once-etheria-intense-kvepalai-100-ml-1-1.jpg","datePublished":"2025-08-08T12:53:26+00:00","dateModified":"2026-03-18T09:32:57+00:00","description":"ONCE Etheria \u2013 g\u0117li\u0173 ir rytieti\u0161kas aromatas su bergamot\u0117s, ro\u017e\u0117s ir ambros natomis. Ry\u017etingas, \u017eavus ir paslaptingas kvapas moteriai.","breadcrumb":{"@id":"https:\/\/www.malinashop.lt\/lt_lt\/shop\/once-etheria-intense-kvepalai-100-ml\/#breadcrumb"},"inLanguage":"lt-LT","potentialAction":[{"@type":"ReadAction","target":["https:\/\/www.malinashop.lt\/lt_lt\/shop\/once-etheria-intense-kvepalai-100-ml\/"]}]},{"@type":"ImageObject","inLanguage":"lt-LT","@id":"https:\/\/www.malinashop.lt\/lt_lt\/shop\/once-etheria-intense-kvepalai-100-ml\/#primaryimage","url":"https:\/\/www.malinashop.lt\/wp-content\/uploads\/2024\/11\/once-etheria-intense-kvepalai-100-ml-1-1.jpg","contentUrl":"https:\/\/www.malinashop.lt\/wp-content\/uploads\/2024\/11\/once-etheria-intense-kvepalai-100-ml-1-1.jpg","width":388,"height":388},{"@type":"BreadcrumbList","@id":"https:\/\/www.malinashop.lt\/lt_lt\/shop\/once-etheria-intense-kvepalai-100-ml\/#breadcrumb","itemListElement":[{"@type":"ListItem","position":1,"name":"Pagrindinis","item":"https:\/\/www.malinashop.lt\/"},{"@type":"ListItem","position":2,"name":"Parduotuv\u0117","item":"https:\/\/www.malinashop.lt\/en\/parduotuve\/"},{"@type":"ListItem","position":3,"name":"ONCE ETHERIA Intense kvepalai, 100 ml"}]},{"@type":"WebSite","@id":"https:\/\/www.malinashop.lt\/#website","url":"https:\/\/www.malinashop.lt\/","name":"COM Group Ecommerce","description":"MalinaShop.lt - Gro\u017eio ir sveikatos produktai i\u0161 patikim\u0173 preki\u0173 \u017eenkl\u0173. Atraskite auk\u0161tos kokyb\u0117s kosmetik\u0105 u\u017e puiki\u0105 kain\u0105.","publisher":{"@id":"https:\/\/www.malinashop.lt\/#organization"},"potentialAction":[{"@type":"SearchAction","target":{"@type":"EntryPoint","urlTemplate":"https:\/\/www.malinashop.lt\/?s={search_term_string}"},"query-input":{"@type":"PropertyValueSpecification","valueRequired":true,"valueName":"search_term_string"}}],"inLanguage":"lt-LT"},{"@type":"Organization","@id":"https:\/\/www.malinashop.lt\/#organization","name":"COM Group Ecommerce","url":"https:\/\/www.malinashop.lt\/","logo":{"@type":"ImageObject","inLanguage":"lt-LT","@id":"https:\/\/www.malinashop.lt\/#\/schema\/logo\/image\/","url":"https:\/\/www.malinashop.lt\/wp-content\/uploads\/2024\/08\/462559670_3787732518133670_9795632669273463_n-e1731525914575.png","contentUrl":"https:\/\/www.malinashop.lt\/wp-content\/uploads\/2024\/08\/462559670_3787732518133670_9795632669273463_n-e1731525914575.png","width":180,"height":60,"caption":"COM Group Ecommerce"},"image":{"@id":"https:\/\/www.malinashop.lt\/#\/schema\/logo\/image\/"}}]}},"jetpack_sharing_enabled":true,"_links":{"self":[{"href":"https:\/\/www.malinashop.lt\/lt_lt\/wp-json\/wp\/v2\/product\/20205","targetHints":{"allow":["GET"]}}],"collection":[{"href":"https:\/\/www.malinashop.lt\/lt_lt\/wp-json\/wp\/v2\/product"}],"about":[{"href":"https:\/\/www.malinashop.lt\/lt_lt\/wp-json\/wp\/v2\/types\/product"}],"version-history":[{"count":8,"href":"https:\/\/www.malinashop.lt\/lt_lt\/wp-json\/wp\/v2\/product\/20205\/revisions"}],"predecessor-version":[{"id":73237,"href":"https:\/\/www.malinashop.lt\/lt_lt\/wp-json\/wp\/v2\/product\/20205\/revisions\/73237"}],"wp:featuredmedia":[{"embeddable":true,"href":"https:\/\/www.malinashop.lt\/lt_lt\/wp-json\/wp\/v2\/media\/21277"}],"wp:attachment":[{"href":"https:\/\/www.malinashop.lt\/lt_lt\/wp-json\/wp\/v2\/media?parent=20205"}],"wp:term":[{"taxonomy":"product_brand","embeddable":true,"href":"https:\/\/www.malinashop.lt\/lt_lt\/wp-json\/wp\/v2\/product_brand?post=20205"},{"taxonomy":"product_cat","embeddable":true,"href":"https:\/\/www.malinashop.lt\/lt_lt\/wp-json\/wp\/v2\/product_cat?post=20205"},{"taxonomy":"product_tag","embeddable":true,"href":"https:\/\/www.malinashop.lt\/lt_lt\/wp-json\/wp\/v2\/product_tag?post=20205"}],"curies":[{"name":"wp","href":"https:\/\/api.w.org\/{rel}","templated":true}]}}