{"id":20131,"date":"2024-11-06T15:53:21","date_gmt":"2024-11-06T12:53:21","guid":{"rendered":"https:\/\/malinashop.lt\/produktas\/once-explosea-eau-de-parfum-intense-kvepalai-vyrams-100-ml\/"},"modified":"2026-03-18T12:32:58","modified_gmt":"2026-03-18T09:32:58","slug":"once-explosea-eau-de-parfum-intense-kvepalai-vyrams-100-ml","status":"publish","type":"product","link":"https:\/\/www.malinashop.lt\/lt_lt\/shop\/once-explosea-eau-de-parfum-intense-kvepalai-vyrams-100-ml\/","title":{"rendered":"ONCE EXPLOSEA Eau De Parfum Intense kvepalai vyrams, 100 ml"},"content":{"rendered":"<p data-start=\"273\" data-end=\"488\"><strong data-start=\"273\" data-end=\"290\">ONCE Explosea<\/strong> \u2013 tai <strong data-start=\"297\" data-end=\"345\">laisv\u0117s, dr\u0105sos ir atradim\u0173 dvasios aromatas<\/strong>, skirtas vyrui, kuris nebijo \u017eengti \u012f ne\u017einomyb\u0119. \u0160is kvapas \u2013 tarsi <strong data-start=\"415\" data-end=\"436\">gaivaus oro g\u016bsis<\/strong>, kvie\u010diantis tyrin\u0117ti, patirti ir siekti daugiau.<\/p>\n<p data-start=\"490\" data-end=\"876\">Jau pirmosiomis sekund\u0117mis <strong data-start=\"517\" data-end=\"548\">citrusin\u0117s ir j\u016brin\u0117s natos<\/strong> su <strong data-start=\"552\" data-end=\"574\">\u0161afrano prieskoniu<\/strong> pa\u017eadina poj\u016b\u010dius ir \u012fkvepia ry\u017eto. Vidurin\u0117se natose <strong data-start=\"629\" data-end=\"692\">ro\u017e\u0117, saldymedis, gintaras, ka\u0161myras ir kipras (nagarmotha)<\/strong> suteikia kvapui gylio ir subtilios prabangos. Galiausiai aromat\u0105 apgaubia <strong data-start=\"767\" data-end=\"803\">muskuso, gintaro ir sandalmed\u017eio<\/strong> \u0161iluma \u2013 tai kvapo dalis, kuri suteikia jam tvirtumo ir ilgaam\u017ei\u0161kumo.<\/p>\n<p data-start=\"878\" data-end=\"1112\">\u0160io i\u0161skirtinio aromato k\u016br\u0117ja \u2013 <strong data-start=\"911\" data-end=\"942\">parfumer\u0117 Angeline Leporini<\/strong>, gars\u0117janti savo <strong data-start=\"960\" data-end=\"996\">k\u016brybi\u0161kumu ir aistra atradimams<\/strong>. \u012ekv\u0117pta kelioni\u0173 ir kult\u016brini\u0173 patir\u010di\u0173, ji kuria kvapus, kurie <strong data-start=\"1062\" data-end=\"1109\">pasakoja istorijas per poj\u016b\u010dius ir emocijas<\/strong>.<\/p>\n<p data-start=\"1114\" data-end=\"1203\"><strong data-start=\"1114\" data-end=\"1131\">ONCE Explosea<\/strong> \u2013 kvapas vyrui, kuris vertina nepriklausomyb\u0119, dr\u0105s\u0105 ir i\u0161skirtinum\u0105.<\/p>\n<hr data-start=\"1205\" data-end=\"1208\" \/>\n<h3 data-start=\"1210\" data-end=\"1232\"><strong data-start=\"1214\" data-end=\"1230\">Kvap\u0173 natos:<\/strong><\/h3>\n<ul data-start=\"1233\" data-end=\"1426\">\n<li data-start=\"1233\" data-end=\"1298\">\n<p data-start=\"1235\" data-end=\"1298\"><strong data-start=\"1235\" data-end=\"1250\">Vir\u0161utin\u0117s:<\/strong> citrusiniai vaisiai, j\u016brin\u0117s natos, \u0161afranas.<\/p>\n<\/li>\n<li data-start=\"1299\" data-end=\"1376\">\n<p data-start=\"1301\" data-end=\"1376\"><strong data-start=\"1301\" data-end=\"1315\">Vidurin\u0117s:<\/strong> ro\u017e\u0117, saldymedis, gintaras, ka\u0161myras, kipras (nagarmotha).<\/p>\n<\/li>\n<li data-start=\"1377\" data-end=\"1426\">\n<p data-start=\"1379\" data-end=\"1426\"><strong data-start=\"1379\" data-end=\"1391\">Bazin\u0117s:<\/strong> muskusas, gintaras, sandalmedis.<\/p>\n<\/li>\n<\/ul>\n<hr data-start=\"1428\" data-end=\"1431\" \/>\n<h3 data-start=\"1433\" data-end=\"1450\"><strong data-start=\"1437\" data-end=\"1448\">K\u016br\u0117ja:<\/strong><\/h3>\n<p data-start=\"1451\" data-end=\"1587\"><strong data-start=\"1451\" data-end=\"1472\">Angeline Leporini<\/strong> \u2013 jauna, talentinga parfumer\u0117 i\u0161 Pranc\u016bzijos, kurios k\u016brinius apib\u016bdina <strong data-start=\"1545\" data-end=\"1584\">dosnumas, k\u016brybi\u0161kumas ir smalsumas<\/strong>.<\/p>\n<hr data-start=\"1589\" data-end=\"1592\" \/>\n<h3 data-start=\"1594\" data-end=\"1656\"><strong data-start=\"1598\" data-end=\"1654\">ONCE filosofija \u2013 kvapas, pasakojantis J\u016bs\u0173 istorij\u0105<\/strong><\/h3>\n<p data-start=\"1657\" data-end=\"1845\">Kiekvienas <strong data-start=\"1668\" data-end=\"1676\">ONCE<\/strong> aromatas \u2013 tai <strong data-start=\"1692\" data-end=\"1722\">autenti\u0161ka emocij\u0173 kelion\u0117<\/strong>, leid\u017eianti perteikti <strong data-start=\"1745\" data-end=\"1773\">dr\u0105s\u0105, jaudul\u012f ir laisv\u0119<\/strong>. Vos keli la\u0161ai kvepal\u0173 atskleid\u017eia <strong data-start=\"1810\" data-end=\"1842\">asmenyb\u0119 ir jos i\u0161skirtinum\u0105<\/strong>.<\/p>\n<hr data-start=\"1847\" data-end=\"1850\" \/>\n<h3 data-start=\"1852\" data-end=\"1878\"><strong data-start=\"1856\" data-end=\"1876\">Aromato savyb\u0117s:<\/strong><\/h3>\n<ul data-start=\"1879\" data-end=\"2028\">\n<li data-start=\"1879\" data-end=\"1913\">\n<p data-start=\"1881\" data-end=\"1913\">Gaivus, vyri\u0161kas ir energingas<\/p>\n<\/li>\n<li data-start=\"1914\" data-end=\"1946\">\n<p data-start=\"1916\" data-end=\"1946\">Citrusinis\u2013medienos aromatas<\/p>\n<\/li>\n<li data-start=\"1947\" data-end=\"1986\">\n<p data-start=\"1949\" data-end=\"1986\">Sukuria laisv\u0117s ir stipryb\u0117s poj\u016bt\u012f<\/p>\n<\/li>\n<li data-start=\"1987\" data-end=\"2028\">\n<p data-start=\"1989\" data-end=\"2028\">Tinka kasdienai ir ypatingoms progoms<\/p>\n<\/li>\n<\/ul>\n<p>&nbsp;<\/p>\n","protected":false},"excerpt":{"rendered":"<p data-start=\"28\" data-end=\"239\"><strong data-start=\"28\" data-end=\"45\">ONCE Explosea<\/strong> \u2013 vyri\u0161kas aromatas, \u012fk\u016bnijantis laisv\u0117s jausm\u0105. Gaivios citrusin\u0117s ir j\u016brin\u0117s natos dera su gintaro, muskuso ir sandalmed\u017eio \u0161iluma, sukurdamos dr\u0105s\u0173, energing\u0105 ir i\u0161skirtinai vyri\u0161k\u0105 kvap\u0105.<\/p>\n","protected":false},"featured_media":17892,"template":"","meta":[],"product_brand":[558],"product_cat":[707,547],"product_tag":[1636],"class_list":{"0":"post-20131","1":"product","2":"type-product","3":"status-publish","4":"has-post-thumbnail","6":"product_brand-once-perfume","7":"product_cat-kvepalai","8":"product_cat-kvepalai-vyrams","9":"product_tag-once-perfume","11":"first","12":"instock","13":"sale","14":"taxable","15":"shipping-taxable","16":"purchasable","17":"product-type-simple"},"yoast_head":"<!-- This site is optimized with the Yoast SEO plugin v27.4 - https:\/\/yoast.com\/product\/yoast-seo-wordpress\/ -->\n<title>ONCE EXPLOSEA Eau De Parfum Intense kvepalai vyrams, 100 ml - MalinaShop.lt J\u016bs\u0173 sveikatai ir gro\u017eiui.<\/title>\n<meta name=\"description\" content=\"ONCE Explosea \u2013 vyri\u0161kas citrusinis\u2013medienos aromatas su gintaro, muskuso ir \u0161afrano natomis. Kvapas, \u012fk\u016bnijantis laisv\u0119 ir dr\u0105s\u0105.\" \/>\n<meta name=\"robots\" content=\"index, follow, max-snippet:-1, max-image-preview:large, max-video-preview:-1\" \/>\n<link rel=\"canonical\" href=\"https:\/\/www.malinashop.lt\/lt_lt\/shop\/once-explosea-eau-de-parfum-intense-kvepalai-vyrams-100-ml\/\" \/>\n<meta property=\"og:locale\" content=\"lt_LT\" \/>\n<meta property=\"og:type\" content=\"article\" \/>\n<meta property=\"og:title\" content=\"ONCE EXPLOSEA Eau De Parfum Intense kvepalai vyrams, 100 ml - MalinaShop.lt J\u016bs\u0173 sveikatai ir gro\u017eiui.\" \/>\n<meta property=\"og:description\" content=\"ONCE Explosea \u2013 vyri\u0161kas citrusinis\u2013medienos aromatas su gintaro, muskuso ir \u0161afrano natomis. Kvapas, \u012fk\u016bnijantis laisv\u0119 ir dr\u0105s\u0105.\" \/>\n<meta property=\"og:url\" content=\"https:\/\/www.malinashop.lt\/lt_lt\/shop\/once-explosea-eau-de-parfum-intense-kvepalai-vyrams-100-ml\/\" \/>\n<meta property=\"og:site_name\" content=\"MalinaShop.lt J\u016bs\u0173 sveikatai ir gro\u017eiui.\" \/>\n<meta property=\"article:modified_time\" content=\"2026-03-18T09:32:58+00:00\" \/>\n<meta property=\"og:image\" content=\"https:\/\/www.malinashop.lt\/wp-content\/uploads\/2024\/11\/ONCE-EXPLOSEA-Eau-De-Parfum-Intense-kvepalai-vyrams-100-ml.jpg\" \/>\n\t<meta property=\"og:image:width\" content=\"2000\" \/>\n\t<meta property=\"og:image:height\" content=\"2000\" \/>\n\t<meta property=\"og:image:type\" content=\"image\/jpeg\" \/>\n<meta name=\"twitter:card\" content=\"summary_large_image\" \/>\n<script type=\"application\/ld+json\" class=\"yoast-schema-graph\">{\"@context\":\"https:\\\/\\\/schema.org\",\"@graph\":[{\"@type\":\"WebPage\",\"@id\":\"https:\\\/\\\/www.malinashop.lt\\\/shop\\\/once-explosea-eau-de-parfum-intense-kvepalai-vyrams-100-ml\\\/\",\"url\":\"https:\\\/\\\/www.malinashop.lt\\\/shop\\\/once-explosea-eau-de-parfum-intense-kvepalai-vyrams-100-ml\\\/\",\"name\":\"ONCE EXPLOSEA Eau De Parfum Intense kvepalai vyrams, 100 ml - MalinaShop.lt J\u016bs\u0173 sveikatai ir gro\u017eiui.\",\"isPartOf\":{\"@id\":\"https:\\\/\\\/www.malinashop.lt\\\/#website\"},\"primaryImageOfPage\":{\"@id\":\"https:\\\/\\\/www.malinashop.lt\\\/shop\\\/once-explosea-eau-de-parfum-intense-kvepalai-vyrams-100-ml\\\/#primaryimage\"},\"image\":{\"@id\":\"https:\\\/\\\/www.malinashop.lt\\\/shop\\\/once-explosea-eau-de-parfum-intense-kvepalai-vyrams-100-ml\\\/#primaryimage\"},\"thumbnailUrl\":\"https:\\\/\\\/www.malinashop.lt\\\/wp-content\\\/uploads\\\/2024\\\/11\\\/ONCE-EXPLOSEA-Eau-De-Parfum-Intense-kvepalai-vyrams-100-ml.jpg\",\"datePublished\":\"2024-11-06T12:53:21+00:00\",\"dateModified\":\"2026-03-18T09:32:58+00:00\",\"description\":\"ONCE Explosea \u2013 vyri\u0161kas citrusinis\u2013medienos aromatas su gintaro, muskuso ir \u0161afrano natomis. Kvapas, \u012fk\u016bnijantis laisv\u0119 ir dr\u0105s\u0105.\",\"breadcrumb\":{\"@id\":\"https:\\\/\\\/www.malinashop.lt\\\/shop\\\/once-explosea-eau-de-parfum-intense-kvepalai-vyrams-100-ml\\\/#breadcrumb\"},\"inLanguage\":\"lt-LT\",\"potentialAction\":[{\"@type\":\"ReadAction\",\"target\":[\"https:\\\/\\\/www.malinashop.lt\\\/shop\\\/once-explosea-eau-de-parfum-intense-kvepalai-vyrams-100-ml\\\/\"]}]},{\"@type\":\"ImageObject\",\"inLanguage\":\"lt-LT\",\"@id\":\"https:\\\/\\\/www.malinashop.lt\\\/shop\\\/once-explosea-eau-de-parfum-intense-kvepalai-vyrams-100-ml\\\/#primaryimage\",\"url\":\"https:\\\/\\\/www.malinashop.lt\\\/wp-content\\\/uploads\\\/2024\\\/11\\\/ONCE-EXPLOSEA-Eau-De-Parfum-Intense-kvepalai-vyrams-100-ml.jpg\",\"contentUrl\":\"https:\\\/\\\/www.malinashop.lt\\\/wp-content\\\/uploads\\\/2024\\\/11\\\/ONCE-EXPLOSEA-Eau-De-Parfum-Intense-kvepalai-vyrams-100-ml.jpg\",\"width\":2000,\"height\":2000},{\"@type\":\"BreadcrumbList\",\"@id\":\"https:\\\/\\\/www.malinashop.lt\\\/shop\\\/once-explosea-eau-de-parfum-intense-kvepalai-vyrams-100-ml\\\/#breadcrumb\",\"itemListElement\":[{\"@type\":\"ListItem\",\"position\":1,\"name\":\"Pagrindinis\",\"item\":\"https:\\\/\\\/www.malinashop.lt\\\/\"},{\"@type\":\"ListItem\",\"position\":2,\"name\":\"Parduotuv\u0117\",\"item\":\"https:\\\/\\\/www.malinashop.lt\\\/en\\\/parduotuve\\\/\"},{\"@type\":\"ListItem\",\"position\":3,\"name\":\"ONCE EXPLOSEA Eau De Parfum Intense kvepalai vyrams, 100 ml\"}]},{\"@type\":\"WebSite\",\"@id\":\"https:\\\/\\\/www.malinashop.lt\\\/#website\",\"url\":\"https:\\\/\\\/www.malinashop.lt\\\/\",\"name\":\"COM Group Ecommerce\",\"description\":\"MalinaShop.lt - Gro\u017eio ir sveikatos produktai i\u0161 patikim\u0173 preki\u0173 \u017eenkl\u0173. Atraskite auk\u0161tos kokyb\u0117s kosmetik\u0105 u\u017e puiki\u0105 kain\u0105.\",\"publisher\":{\"@id\":\"https:\\\/\\\/www.malinashop.lt\\\/#organization\"},\"potentialAction\":[{\"@type\":\"SearchAction\",\"target\":{\"@type\":\"EntryPoint\",\"urlTemplate\":\"https:\\\/\\\/www.malinashop.lt\\\/?s={search_term_string}\"},\"query-input\":{\"@type\":\"PropertyValueSpecification\",\"valueRequired\":true,\"valueName\":\"search_term_string\"}}],\"inLanguage\":\"lt-LT\"},{\"@type\":\"Organization\",\"@id\":\"https:\\\/\\\/www.malinashop.lt\\\/#organization\",\"name\":\"COM Group Ecommerce\",\"url\":\"https:\\\/\\\/www.malinashop.lt\\\/\",\"logo\":{\"@type\":\"ImageObject\",\"inLanguage\":\"lt-LT\",\"@id\":\"https:\\\/\\\/www.malinashop.lt\\\/#\\\/schema\\\/logo\\\/image\\\/\",\"url\":\"https:\\\/\\\/www.malinashop.lt\\\/wp-content\\\/uploads\\\/2024\\\/08\\\/462559670_3787732518133670_9795632669273463_n-e1731525914575.png\",\"contentUrl\":\"https:\\\/\\\/www.malinashop.lt\\\/wp-content\\\/uploads\\\/2024\\\/08\\\/462559670_3787732518133670_9795632669273463_n-e1731525914575.png\",\"width\":180,\"height\":60,\"caption\":\"COM Group Ecommerce\"},\"image\":{\"@id\":\"https:\\\/\\\/www.malinashop.lt\\\/#\\\/schema\\\/logo\\\/image\\\/\"}}]}<\/script>\n<!-- \/ Yoast SEO plugin. -->","yoast_head_json":{"title":"ONCE EXPLOSEA Eau De Parfum Intense kvepalai vyrams, 100 ml - MalinaShop.lt J\u016bs\u0173 sveikatai ir gro\u017eiui.","description":"ONCE Explosea \u2013 vyri\u0161kas citrusinis\u2013medienos aromatas su gintaro, muskuso ir \u0161afrano natomis. Kvapas, \u012fk\u016bnijantis laisv\u0119 ir dr\u0105s\u0105.","robots":{"index":"index","follow":"follow","max-snippet":"max-snippet:-1","max-image-preview":"max-image-preview:large","max-video-preview":"max-video-preview:-1"},"canonical":"https:\/\/www.malinashop.lt\/lt_lt\/shop\/once-explosea-eau-de-parfum-intense-kvepalai-vyrams-100-ml\/","og_locale":"lt_LT","og_type":"article","og_title":"ONCE EXPLOSEA Eau De Parfum Intense kvepalai vyrams, 100 ml - MalinaShop.lt J\u016bs\u0173 sveikatai ir gro\u017eiui.","og_description":"ONCE Explosea \u2013 vyri\u0161kas citrusinis\u2013medienos aromatas su gintaro, muskuso ir \u0161afrano natomis. Kvapas, \u012fk\u016bnijantis laisv\u0119 ir dr\u0105s\u0105.","og_url":"https:\/\/www.malinashop.lt\/lt_lt\/shop\/once-explosea-eau-de-parfum-intense-kvepalai-vyrams-100-ml\/","og_site_name":"MalinaShop.lt J\u016bs\u0173 sveikatai ir gro\u017eiui.","article_modified_time":"2026-03-18T09:32:58+00:00","og_image":[{"width":2000,"height":2000,"url":"https:\/\/www.malinashop.lt\/wp-content\/uploads\/2024\/11\/ONCE-EXPLOSEA-Eau-De-Parfum-Intense-kvepalai-vyrams-100-ml.jpg","type":"image\/jpeg"}],"twitter_card":"summary_large_image","schema":{"@context":"https:\/\/schema.org","@graph":[{"@type":"WebPage","@id":"https:\/\/www.malinashop.lt\/shop\/once-explosea-eau-de-parfum-intense-kvepalai-vyrams-100-ml\/","url":"https:\/\/www.malinashop.lt\/shop\/once-explosea-eau-de-parfum-intense-kvepalai-vyrams-100-ml\/","name":"ONCE EXPLOSEA Eau De Parfum Intense kvepalai vyrams, 100 ml - MalinaShop.lt J\u016bs\u0173 sveikatai ir gro\u017eiui.","isPartOf":{"@id":"https:\/\/www.malinashop.lt\/#website"},"primaryImageOfPage":{"@id":"https:\/\/www.malinashop.lt\/shop\/once-explosea-eau-de-parfum-intense-kvepalai-vyrams-100-ml\/#primaryimage"},"image":{"@id":"https:\/\/www.malinashop.lt\/shop\/once-explosea-eau-de-parfum-intense-kvepalai-vyrams-100-ml\/#primaryimage"},"thumbnailUrl":"https:\/\/www.malinashop.lt\/wp-content\/uploads\/2024\/11\/ONCE-EXPLOSEA-Eau-De-Parfum-Intense-kvepalai-vyrams-100-ml.jpg","datePublished":"2024-11-06T12:53:21+00:00","dateModified":"2026-03-18T09:32:58+00:00","description":"ONCE Explosea \u2013 vyri\u0161kas citrusinis\u2013medienos aromatas su gintaro, muskuso ir \u0161afrano natomis. Kvapas, \u012fk\u016bnijantis laisv\u0119 ir dr\u0105s\u0105.","breadcrumb":{"@id":"https:\/\/www.malinashop.lt\/shop\/once-explosea-eau-de-parfum-intense-kvepalai-vyrams-100-ml\/#breadcrumb"},"inLanguage":"lt-LT","potentialAction":[{"@type":"ReadAction","target":["https:\/\/www.malinashop.lt\/shop\/once-explosea-eau-de-parfum-intense-kvepalai-vyrams-100-ml\/"]}]},{"@type":"ImageObject","inLanguage":"lt-LT","@id":"https:\/\/www.malinashop.lt\/shop\/once-explosea-eau-de-parfum-intense-kvepalai-vyrams-100-ml\/#primaryimage","url":"https:\/\/www.malinashop.lt\/wp-content\/uploads\/2024\/11\/ONCE-EXPLOSEA-Eau-De-Parfum-Intense-kvepalai-vyrams-100-ml.jpg","contentUrl":"https:\/\/www.malinashop.lt\/wp-content\/uploads\/2024\/11\/ONCE-EXPLOSEA-Eau-De-Parfum-Intense-kvepalai-vyrams-100-ml.jpg","width":2000,"height":2000},{"@type":"BreadcrumbList","@id":"https:\/\/www.malinashop.lt\/shop\/once-explosea-eau-de-parfum-intense-kvepalai-vyrams-100-ml\/#breadcrumb","itemListElement":[{"@type":"ListItem","position":1,"name":"Pagrindinis","item":"https:\/\/www.malinashop.lt\/"},{"@type":"ListItem","position":2,"name":"Parduotuv\u0117","item":"https:\/\/www.malinashop.lt\/en\/parduotuve\/"},{"@type":"ListItem","position":3,"name":"ONCE EXPLOSEA Eau De Parfum Intense kvepalai vyrams, 100 ml"}]},{"@type":"WebSite","@id":"https:\/\/www.malinashop.lt\/#website","url":"https:\/\/www.malinashop.lt\/","name":"COM Group Ecommerce","description":"MalinaShop.lt - Gro\u017eio ir sveikatos produktai i\u0161 patikim\u0173 preki\u0173 \u017eenkl\u0173. Atraskite auk\u0161tos kokyb\u0117s kosmetik\u0105 u\u017e puiki\u0105 kain\u0105.","publisher":{"@id":"https:\/\/www.malinashop.lt\/#organization"},"potentialAction":[{"@type":"SearchAction","target":{"@type":"EntryPoint","urlTemplate":"https:\/\/www.malinashop.lt\/?s={search_term_string}"},"query-input":{"@type":"PropertyValueSpecification","valueRequired":true,"valueName":"search_term_string"}}],"inLanguage":"lt-LT"},{"@type":"Organization","@id":"https:\/\/www.malinashop.lt\/#organization","name":"COM Group Ecommerce","url":"https:\/\/www.malinashop.lt\/","logo":{"@type":"ImageObject","inLanguage":"lt-LT","@id":"https:\/\/www.malinashop.lt\/#\/schema\/logo\/image\/","url":"https:\/\/www.malinashop.lt\/wp-content\/uploads\/2024\/08\/462559670_3787732518133670_9795632669273463_n-e1731525914575.png","contentUrl":"https:\/\/www.malinashop.lt\/wp-content\/uploads\/2024\/08\/462559670_3787732518133670_9795632669273463_n-e1731525914575.png","width":180,"height":60,"caption":"COM Group Ecommerce"},"image":{"@id":"https:\/\/www.malinashop.lt\/#\/schema\/logo\/image\/"}}]}},"jetpack_sharing_enabled":true,"_links":{"self":[{"href":"https:\/\/www.malinashop.lt\/lt_lt\/wp-json\/wp\/v2\/product\/20131","targetHints":{"allow":["GET"]}}],"collection":[{"href":"https:\/\/www.malinashop.lt\/lt_lt\/wp-json\/wp\/v2\/product"}],"about":[{"href":"https:\/\/www.malinashop.lt\/lt_lt\/wp-json\/wp\/v2\/types\/product"}],"version-history":[{"count":3,"href":"https:\/\/www.malinashop.lt\/lt_lt\/wp-json\/wp\/v2\/product\/20131\/revisions"}],"predecessor-version":[{"id":59830,"href":"https:\/\/www.malinashop.lt\/lt_lt\/wp-json\/wp\/v2\/product\/20131\/revisions\/59830"}],"wp:featuredmedia":[{"embeddable":true,"href":"https:\/\/www.malinashop.lt\/lt_lt\/wp-json\/wp\/v2\/media\/17892"}],"wp:attachment":[{"href":"https:\/\/www.malinashop.lt\/lt_lt\/wp-json\/wp\/v2\/media?parent=20131"}],"wp:term":[{"taxonomy":"product_brand","embeddable":true,"href":"https:\/\/www.malinashop.lt\/lt_lt\/wp-json\/wp\/v2\/product_brand?post=20131"},{"taxonomy":"product_cat","embeddable":true,"href":"https:\/\/www.malinashop.lt\/lt_lt\/wp-json\/wp\/v2\/product_cat?post=20131"},{"taxonomy":"product_tag","embeddable":true,"href":"https:\/\/www.malinashop.lt\/lt_lt\/wp-json\/wp\/v2\/product_tag?post=20131"}],"curies":[{"name":"wp","href":"https:\/\/api.w.org\/{rel}","templated":true}]}}