{"id":20129,"date":"2024-11-06T15:53:16","date_gmt":"2024-11-06T12:53:16","guid":{"rendered":"https:\/\/malinashop.lt\/produktas\/once-exiro-eau-de-parfum-intense-kvepalai-vyrams-100-ml\/"},"modified":"2026-03-18T12:33:01","modified_gmt":"2026-03-18T09:33:01","slug":"once-exiro-eau-de-parfum-intense-kvepalai-vyrams-100-ml","status":"publish","type":"product","link":"https:\/\/www.malinashop.lt\/lt_lt\/shop\/once-exiro-eau-de-parfum-intense-kvepalai-vyrams-100-ml\/","title":{"rendered":"ONCE EXIRO Eau De Parfum Intense kvepalai vyrams, 100 ml"},"content":{"rendered":"<p data-start=\"306\" data-end=\"602\"><strong data-start=\"306\" data-end=\"320\">ONCE Exiro<\/strong> \u2013 tai <strong data-start=\"327\" data-end=\"363\">misti\u0161kas ir jausmingas aromatas<\/strong>, atveriantis keli\u0105 \u012f ne\u017einomyb\u0119, \u012fkv\u0117pt\u0105 <strong data-start=\"405\" data-end=\"437\">klajokli\u0161ko gyvenimo dvasios<\/strong>. \u0160is kvapas apjungia <strong data-start=\"459\" data-end=\"506\">laukin\u0117s gamtos \u017eaves\u012f ir subtili\u0105 prabang\u0105<\/strong>, sukurdamas poj\u016bt\u012f, lyg keliautum\u0117te po dykum\u0105, kur \u0161iluma persipina su prieskoni\u0173 aromatais.<\/p>\n<p data-start=\"604\" data-end=\"879\">Kvapo prad\u017eioje juntamas <strong data-start=\"629\" data-end=\"678\">raudonojo apelsino ir juodojo pipiro gaivumas<\/strong>, kuris palaipsniui u\u017eleid\u017eia viet\u0105 <strong data-start=\"714\" data-end=\"774\">\u0161afrano, tonka pupeli\u0173 ir pl\u0117v\u0117tosios viksvuol\u0117s \u0161ilumai<\/strong>. Galiausiai aromat\u0105 apgaubia <strong data-start=\"804\" data-end=\"837\">ambra, labdanumas ir pa\u010diulis<\/strong>, suteikiantys i\u0161liekant\u012f, sodr\u0173 \u0161leif\u0105.<\/p>\n<p data-start=\"881\" data-end=\"1013\"><strong data-start=\"881\" data-end=\"895\">ONCE Exiro<\/strong> \u2013 tai <strong data-start=\"902\" data-end=\"942\">kelion\u0117s, laisv\u0117s ir atradimo kvapas<\/strong>, skirtas \u017emon\u0117ms, kurie nebijo i\u0161siskirti ir ie\u0161ko aromato su siela.<\/p>\n<hr data-start=\"1015\" data-end=\"1018\" \/>\n<h3 data-start=\"1020\" data-end=\"1044\"><strong data-start=\"1024\" data-end=\"1042\">Kvepal\u0173 natos:<\/strong><\/h3>\n<ul data-start=\"1045\" data-end=\"1240\">\n<li data-start=\"1045\" data-end=\"1119\">\n<p data-start=\"1047\" data-end=\"1119\"><strong data-start=\"1047\" data-end=\"1068\">Vir\u0161utin\u0117s natos:<\/strong> snaputis, raudonasis apelsinas, juodasis pipiras<\/p>\n<\/li>\n<li data-start=\"1120\" data-end=\"1189\">\n<p data-start=\"1122\" data-end=\"1189\"><strong data-start=\"1122\" data-end=\"1142\">Vidurin\u0117s natos:<\/strong> pl\u0117v\u0117toji viksvuol\u0117, tonka pupel\u0117s, \u0161afranas<\/p>\n<\/li>\n<li data-start=\"1190\" data-end=\"1240\">\n<p data-start=\"1192\" data-end=\"1240\"><strong data-start=\"1192\" data-end=\"1210\">Bazin\u0117s natos:<\/strong> labdanumas, ambra, pa\u010diulis<\/p>\n<\/li>\n<\/ul>\n<hr data-start=\"1242\" data-end=\"1245\" \/>\n<h3 data-start=\"1247\" data-end=\"1264\"><strong data-start=\"1251\" data-end=\"1262\">K\u016br\u0117ja:<\/strong><\/h3>\n<p data-start=\"1265\" data-end=\"1554\"><strong data-start=\"1265\" data-end=\"1285\">Soizic Beaucourt<\/strong> \u2013 k\u016brybi\u0161ka ir dr\u0105si parfumer\u0117, men\u0105 suvokianti kaip berib\u0119 erdv\u0119. Ji tiki, kad <strong data-start=\"1366\" data-end=\"1391\">gro\u017eis slypi laisv\u0117je<\/strong> \u2013 tiek k\u016bryboje, tiek kvapuose. Jos aromatai atspindi poj\u016b\u010di\u0173 pasaul\u012f, kuris jungia skirtingas kult\u016bras, emocijas ir meno disciplinas \u012f vien\u0105 harmoning\u0105 visum\u0105.<\/p>\n<hr data-start=\"1556\" data-end=\"1559\" \/>\n<h3 data-start=\"1561\" data-end=\"1595\"><strong data-start=\"1565\" data-end=\"1593\">ONCE kvepal\u0173 filosofija:<\/strong><\/h3>\n<p data-start=\"1596\" data-end=\"1792\">Kiekvienas <strong data-start=\"1607\" data-end=\"1615\">ONCE<\/strong> kvapas \u2013 tai <strong data-start=\"1629\" data-end=\"1650\">asmenin\u0117 istorija<\/strong>, i\u0161reik\u0161ta per poj\u016b\u010dius. Aromatai perteikia <strong data-start=\"1695\" data-end=\"1747\">meil\u0119, d\u017eiaugsm\u0105, tro\u0161kim\u0105, jausmingum\u0105 ir dr\u0105s\u0105<\/strong>, leid\u017eian\u010dius pasinerti \u012f emocij\u0173 pasaul\u012f.<\/p>\n<hr data-start=\"1794\" data-end=\"1797\" \/>\n<h3 data-start=\"1799\" data-end=\"1843\"><strong data-start=\"1803\" data-end=\"1841\">ONCE Exiro \u2013 aromatas klajotojams:<\/strong><\/h3>\n<p data-start=\"1844\" data-end=\"2064\">Kvapas, kuriame susipina <strong data-start=\"1869\" data-end=\"1912\">rytieti\u0161ki prieskoniai ir laukin\u0117 gamta<\/strong>, sukurtas tiems, kurie nori i\u0161laisvinti savo poj\u016b\u010dius. Supakuotas \u012f prabangi\u0105 d\u0117\u017eut\u0119, <strong data-start=\"1999\" data-end=\"2013\">ONCE Exiro<\/strong> \u2013 tai <strong data-start=\"2020\" data-end=\"2036\">puiki dovana<\/strong> ie\u0161kantiems i\u0161skirtinumo.<\/p>\n","protected":false},"excerpt":{"rendered":"<p><strong data-start=\"101\" data-end=\"115\">ONCE Exiro<\/strong> \u2013 paslaptingas, kelioni\u0173 \u012fkv\u0117ptas kvapas su laukini\u0173 ro\u017ei\u0173, \u0161afrano, ambros ir sandalmed\u017eio natomis. Sukurtas tiems, kurie ie\u0161ko laisv\u0117s ir gylio aromate.<\/p>\n","protected":false},"featured_media":17890,"template":"","meta":[],"product_brand":[558],"product_cat":[707,547],"product_tag":[1636],"class_list":{"0":"post-20129","1":"product","2":"type-product","3":"status-publish","4":"has-post-thumbnail","6":"product_brand-once-perfume","7":"product_cat-kvepalai","8":"product_cat-kvepalai-vyrams","9":"product_tag-once-perfume","11":"first","12":"instock","13":"sale","14":"taxable","15":"shipping-taxable","16":"purchasable","17":"product-type-simple"},"yoast_head":"<!-- This site is optimized with the Yoast SEO plugin v27.4 - https:\/\/yoast.com\/product\/yoast-seo-wordpress\/ -->\n<title>ONCE EXIRO Eau De Parfum Intense kvepalai vyrams, 100 ml - MalinaShop.lt J\u016bs\u0173 sveikatai ir gro\u017eiui.<\/title>\n<meta name=\"description\" content=\"ONCE Exiro \u2013 misti\u0161kas, kelioni\u0173 \u012fkv\u0117ptas kvapas su \u0161afrano, ambros ir sandalmed\u017eio natomis. Sukurtas laisv\u0117s ir atradim\u0173 myl\u0117tojams.\" \/>\n<meta name=\"robots\" content=\"index, follow, max-snippet:-1, max-image-preview:large, max-video-preview:-1\" \/>\n<link rel=\"canonical\" href=\"https:\/\/www.malinashop.lt\/lt_lt\/shop\/once-exiro-eau-de-parfum-intense-kvepalai-vyrams-100-ml\/\" \/>\n<meta property=\"og:locale\" content=\"lt_LT\" \/>\n<meta property=\"og:type\" content=\"article\" \/>\n<meta property=\"og:title\" content=\"ONCE EXIRO Eau De Parfum Intense kvepalai vyrams, 100 ml - MalinaShop.lt J\u016bs\u0173 sveikatai ir gro\u017eiui.\" \/>\n<meta property=\"og:description\" content=\"ONCE Exiro \u2013 misti\u0161kas, kelioni\u0173 \u012fkv\u0117ptas kvapas su \u0161afrano, ambros ir sandalmed\u017eio natomis. Sukurtas laisv\u0117s ir atradim\u0173 myl\u0117tojams.\" \/>\n<meta property=\"og:url\" content=\"https:\/\/www.malinashop.lt\/lt_lt\/shop\/once-exiro-eau-de-parfum-intense-kvepalai-vyrams-100-ml\/\" \/>\n<meta property=\"og:site_name\" content=\"MalinaShop.lt J\u016bs\u0173 sveikatai ir gro\u017eiui.\" \/>\n<meta property=\"article:modified_time\" content=\"2026-03-18T09:33:01+00:00\" \/>\n<meta property=\"og:image\" content=\"https:\/\/www.malinashop.lt\/wp-content\/uploads\/2024\/11\/ONCE-EXIRO-Eau-De-Parfum-Intense-kvepalai-vyrams-100-ml.jpg\" \/>\n\t<meta property=\"og:image:width\" content=\"1080\" \/>\n\t<meta property=\"og:image:height\" content=\"1080\" \/>\n\t<meta property=\"og:image:type\" content=\"image\/jpeg\" \/>\n<meta name=\"twitter:card\" content=\"summary_large_image\" \/>\n<script type=\"application\/ld+json\" class=\"yoast-schema-graph\">{\"@context\":\"https:\\\/\\\/schema.org\",\"@graph\":[{\"@type\":\"WebPage\",\"@id\":\"https:\\\/\\\/www.malinashop.lt\\\/shop\\\/once-exiro-eau-de-parfum-intense-kvepalai-vyrams-100-ml\\\/\",\"url\":\"https:\\\/\\\/www.malinashop.lt\\\/shop\\\/once-exiro-eau-de-parfum-intense-kvepalai-vyrams-100-ml\\\/\",\"name\":\"ONCE EXIRO Eau De Parfum Intense kvepalai vyrams, 100 ml - MalinaShop.lt J\u016bs\u0173 sveikatai ir gro\u017eiui.\",\"isPartOf\":{\"@id\":\"https:\\\/\\\/www.malinashop.lt\\\/#website\"},\"primaryImageOfPage\":{\"@id\":\"https:\\\/\\\/www.malinashop.lt\\\/shop\\\/once-exiro-eau-de-parfum-intense-kvepalai-vyrams-100-ml\\\/#primaryimage\"},\"image\":{\"@id\":\"https:\\\/\\\/www.malinashop.lt\\\/shop\\\/once-exiro-eau-de-parfum-intense-kvepalai-vyrams-100-ml\\\/#primaryimage\"},\"thumbnailUrl\":\"https:\\\/\\\/www.malinashop.lt\\\/wp-content\\\/uploads\\\/2024\\\/11\\\/ONCE-EXIRO-Eau-De-Parfum-Intense-kvepalai-vyrams-100-ml.jpg\",\"datePublished\":\"2024-11-06T12:53:16+00:00\",\"dateModified\":\"2026-03-18T09:33:01+00:00\",\"description\":\"ONCE Exiro \u2013 misti\u0161kas, kelioni\u0173 \u012fkv\u0117ptas kvapas su \u0161afrano, ambros ir sandalmed\u017eio natomis. Sukurtas laisv\u0117s ir atradim\u0173 myl\u0117tojams.\",\"breadcrumb\":{\"@id\":\"https:\\\/\\\/www.malinashop.lt\\\/shop\\\/once-exiro-eau-de-parfum-intense-kvepalai-vyrams-100-ml\\\/#breadcrumb\"},\"inLanguage\":\"lt-LT\",\"potentialAction\":[{\"@type\":\"ReadAction\",\"target\":[\"https:\\\/\\\/www.malinashop.lt\\\/shop\\\/once-exiro-eau-de-parfum-intense-kvepalai-vyrams-100-ml\\\/\"]}]},{\"@type\":\"ImageObject\",\"inLanguage\":\"lt-LT\",\"@id\":\"https:\\\/\\\/www.malinashop.lt\\\/shop\\\/once-exiro-eau-de-parfum-intense-kvepalai-vyrams-100-ml\\\/#primaryimage\",\"url\":\"https:\\\/\\\/www.malinashop.lt\\\/wp-content\\\/uploads\\\/2024\\\/11\\\/ONCE-EXIRO-Eau-De-Parfum-Intense-kvepalai-vyrams-100-ml.jpg\",\"contentUrl\":\"https:\\\/\\\/www.malinashop.lt\\\/wp-content\\\/uploads\\\/2024\\\/11\\\/ONCE-EXIRO-Eau-De-Parfum-Intense-kvepalai-vyrams-100-ml.jpg\",\"width\":1080,\"height\":1080},{\"@type\":\"BreadcrumbList\",\"@id\":\"https:\\\/\\\/www.malinashop.lt\\\/shop\\\/once-exiro-eau-de-parfum-intense-kvepalai-vyrams-100-ml\\\/#breadcrumb\",\"itemListElement\":[{\"@type\":\"ListItem\",\"position\":1,\"name\":\"Pagrindinis\",\"item\":\"https:\\\/\\\/www.malinashop.lt\\\/\"},{\"@type\":\"ListItem\",\"position\":2,\"name\":\"Parduotuv\u0117\",\"item\":\"https:\\\/\\\/www.malinashop.lt\\\/en\\\/parduotuve\\\/\"},{\"@type\":\"ListItem\",\"position\":3,\"name\":\"ONCE EXIRO Eau De Parfum Intense kvepalai vyrams, 100 ml\"}]},{\"@type\":\"WebSite\",\"@id\":\"https:\\\/\\\/www.malinashop.lt\\\/#website\",\"url\":\"https:\\\/\\\/www.malinashop.lt\\\/\",\"name\":\"COM Group Ecommerce\",\"description\":\"MalinaShop.lt - Gro\u017eio ir sveikatos produktai i\u0161 patikim\u0173 preki\u0173 \u017eenkl\u0173. Atraskite auk\u0161tos kokyb\u0117s kosmetik\u0105 u\u017e puiki\u0105 kain\u0105.\",\"publisher\":{\"@id\":\"https:\\\/\\\/www.malinashop.lt\\\/#organization\"},\"potentialAction\":[{\"@type\":\"SearchAction\",\"target\":{\"@type\":\"EntryPoint\",\"urlTemplate\":\"https:\\\/\\\/www.malinashop.lt\\\/?s={search_term_string}\"},\"query-input\":{\"@type\":\"PropertyValueSpecification\",\"valueRequired\":true,\"valueName\":\"search_term_string\"}}],\"inLanguage\":\"lt-LT\"},{\"@type\":\"Organization\",\"@id\":\"https:\\\/\\\/www.malinashop.lt\\\/#organization\",\"name\":\"COM Group Ecommerce\",\"url\":\"https:\\\/\\\/www.malinashop.lt\\\/\",\"logo\":{\"@type\":\"ImageObject\",\"inLanguage\":\"lt-LT\",\"@id\":\"https:\\\/\\\/www.malinashop.lt\\\/#\\\/schema\\\/logo\\\/image\\\/\",\"url\":\"https:\\\/\\\/www.malinashop.lt\\\/wp-content\\\/uploads\\\/2024\\\/08\\\/462559670_3787732518133670_9795632669273463_n-e1731525914575.png\",\"contentUrl\":\"https:\\\/\\\/www.malinashop.lt\\\/wp-content\\\/uploads\\\/2024\\\/08\\\/462559670_3787732518133670_9795632669273463_n-e1731525914575.png\",\"width\":180,\"height\":60,\"caption\":\"COM Group Ecommerce\"},\"image\":{\"@id\":\"https:\\\/\\\/www.malinashop.lt\\\/#\\\/schema\\\/logo\\\/image\\\/\"}}]}<\/script>\n<!-- \/ Yoast SEO plugin. -->","yoast_head_json":{"title":"ONCE EXIRO Eau De Parfum Intense kvepalai vyrams, 100 ml - MalinaShop.lt J\u016bs\u0173 sveikatai ir gro\u017eiui.","description":"ONCE Exiro \u2013 misti\u0161kas, kelioni\u0173 \u012fkv\u0117ptas kvapas su \u0161afrano, ambros ir sandalmed\u017eio natomis. Sukurtas laisv\u0117s ir atradim\u0173 myl\u0117tojams.","robots":{"index":"index","follow":"follow","max-snippet":"max-snippet:-1","max-image-preview":"max-image-preview:large","max-video-preview":"max-video-preview:-1"},"canonical":"https:\/\/www.malinashop.lt\/lt_lt\/shop\/once-exiro-eau-de-parfum-intense-kvepalai-vyrams-100-ml\/","og_locale":"lt_LT","og_type":"article","og_title":"ONCE EXIRO Eau De Parfum Intense kvepalai vyrams, 100 ml - MalinaShop.lt J\u016bs\u0173 sveikatai ir gro\u017eiui.","og_description":"ONCE Exiro \u2013 misti\u0161kas, kelioni\u0173 \u012fkv\u0117ptas kvapas su \u0161afrano, ambros ir sandalmed\u017eio natomis. Sukurtas laisv\u0117s ir atradim\u0173 myl\u0117tojams.","og_url":"https:\/\/www.malinashop.lt\/lt_lt\/shop\/once-exiro-eau-de-parfum-intense-kvepalai-vyrams-100-ml\/","og_site_name":"MalinaShop.lt J\u016bs\u0173 sveikatai ir gro\u017eiui.","article_modified_time":"2026-03-18T09:33:01+00:00","og_image":[{"width":1080,"height":1080,"url":"https:\/\/www.malinashop.lt\/wp-content\/uploads\/2024\/11\/ONCE-EXIRO-Eau-De-Parfum-Intense-kvepalai-vyrams-100-ml.jpg","type":"image\/jpeg"}],"twitter_card":"summary_large_image","schema":{"@context":"https:\/\/schema.org","@graph":[{"@type":"WebPage","@id":"https:\/\/www.malinashop.lt\/shop\/once-exiro-eau-de-parfum-intense-kvepalai-vyrams-100-ml\/","url":"https:\/\/www.malinashop.lt\/shop\/once-exiro-eau-de-parfum-intense-kvepalai-vyrams-100-ml\/","name":"ONCE EXIRO Eau De Parfum Intense kvepalai vyrams, 100 ml - MalinaShop.lt J\u016bs\u0173 sveikatai ir gro\u017eiui.","isPartOf":{"@id":"https:\/\/www.malinashop.lt\/#website"},"primaryImageOfPage":{"@id":"https:\/\/www.malinashop.lt\/shop\/once-exiro-eau-de-parfum-intense-kvepalai-vyrams-100-ml\/#primaryimage"},"image":{"@id":"https:\/\/www.malinashop.lt\/shop\/once-exiro-eau-de-parfum-intense-kvepalai-vyrams-100-ml\/#primaryimage"},"thumbnailUrl":"https:\/\/www.malinashop.lt\/wp-content\/uploads\/2024\/11\/ONCE-EXIRO-Eau-De-Parfum-Intense-kvepalai-vyrams-100-ml.jpg","datePublished":"2024-11-06T12:53:16+00:00","dateModified":"2026-03-18T09:33:01+00:00","description":"ONCE Exiro \u2013 misti\u0161kas, kelioni\u0173 \u012fkv\u0117ptas kvapas su \u0161afrano, ambros ir sandalmed\u017eio natomis. Sukurtas laisv\u0117s ir atradim\u0173 myl\u0117tojams.","breadcrumb":{"@id":"https:\/\/www.malinashop.lt\/shop\/once-exiro-eau-de-parfum-intense-kvepalai-vyrams-100-ml\/#breadcrumb"},"inLanguage":"lt-LT","potentialAction":[{"@type":"ReadAction","target":["https:\/\/www.malinashop.lt\/shop\/once-exiro-eau-de-parfum-intense-kvepalai-vyrams-100-ml\/"]}]},{"@type":"ImageObject","inLanguage":"lt-LT","@id":"https:\/\/www.malinashop.lt\/shop\/once-exiro-eau-de-parfum-intense-kvepalai-vyrams-100-ml\/#primaryimage","url":"https:\/\/www.malinashop.lt\/wp-content\/uploads\/2024\/11\/ONCE-EXIRO-Eau-De-Parfum-Intense-kvepalai-vyrams-100-ml.jpg","contentUrl":"https:\/\/www.malinashop.lt\/wp-content\/uploads\/2024\/11\/ONCE-EXIRO-Eau-De-Parfum-Intense-kvepalai-vyrams-100-ml.jpg","width":1080,"height":1080},{"@type":"BreadcrumbList","@id":"https:\/\/www.malinashop.lt\/shop\/once-exiro-eau-de-parfum-intense-kvepalai-vyrams-100-ml\/#breadcrumb","itemListElement":[{"@type":"ListItem","position":1,"name":"Pagrindinis","item":"https:\/\/www.malinashop.lt\/"},{"@type":"ListItem","position":2,"name":"Parduotuv\u0117","item":"https:\/\/www.malinashop.lt\/en\/parduotuve\/"},{"@type":"ListItem","position":3,"name":"ONCE EXIRO Eau De Parfum Intense kvepalai vyrams, 100 ml"}]},{"@type":"WebSite","@id":"https:\/\/www.malinashop.lt\/#website","url":"https:\/\/www.malinashop.lt\/","name":"COM Group Ecommerce","description":"MalinaShop.lt - Gro\u017eio ir sveikatos produktai i\u0161 patikim\u0173 preki\u0173 \u017eenkl\u0173. Atraskite auk\u0161tos kokyb\u0117s kosmetik\u0105 u\u017e puiki\u0105 kain\u0105.","publisher":{"@id":"https:\/\/www.malinashop.lt\/#organization"},"potentialAction":[{"@type":"SearchAction","target":{"@type":"EntryPoint","urlTemplate":"https:\/\/www.malinashop.lt\/?s={search_term_string}"},"query-input":{"@type":"PropertyValueSpecification","valueRequired":true,"valueName":"search_term_string"}}],"inLanguage":"lt-LT"},{"@type":"Organization","@id":"https:\/\/www.malinashop.lt\/#organization","name":"COM Group Ecommerce","url":"https:\/\/www.malinashop.lt\/","logo":{"@type":"ImageObject","inLanguage":"lt-LT","@id":"https:\/\/www.malinashop.lt\/#\/schema\/logo\/image\/","url":"https:\/\/www.malinashop.lt\/wp-content\/uploads\/2024\/08\/462559670_3787732518133670_9795632669273463_n-e1731525914575.png","contentUrl":"https:\/\/www.malinashop.lt\/wp-content\/uploads\/2024\/08\/462559670_3787732518133670_9795632669273463_n-e1731525914575.png","width":180,"height":60,"caption":"COM Group Ecommerce"},"image":{"@id":"https:\/\/www.malinashop.lt\/#\/schema\/logo\/image\/"}}]}},"jetpack_sharing_enabled":true,"_links":{"self":[{"href":"https:\/\/www.malinashop.lt\/lt_lt\/wp-json\/wp\/v2\/product\/20129","targetHints":{"allow":["GET"]}}],"collection":[{"href":"https:\/\/www.malinashop.lt\/lt_lt\/wp-json\/wp\/v2\/product"}],"about":[{"href":"https:\/\/www.malinashop.lt\/lt_lt\/wp-json\/wp\/v2\/types\/product"}],"version-history":[{"count":3,"href":"https:\/\/www.malinashop.lt\/lt_lt\/wp-json\/wp\/v2\/product\/20129\/revisions"}],"predecessor-version":[{"id":59885,"href":"https:\/\/www.malinashop.lt\/lt_lt\/wp-json\/wp\/v2\/product\/20129\/revisions\/59885"}],"wp:featuredmedia":[{"embeddable":true,"href":"https:\/\/www.malinashop.lt\/lt_lt\/wp-json\/wp\/v2\/media\/17890"}],"wp:attachment":[{"href":"https:\/\/www.malinashop.lt\/lt_lt\/wp-json\/wp\/v2\/media?parent=20129"}],"wp:term":[{"taxonomy":"product_brand","embeddable":true,"href":"https:\/\/www.malinashop.lt\/lt_lt\/wp-json\/wp\/v2\/product_brand?post=20129"},{"taxonomy":"product_cat","embeddable":true,"href":"https:\/\/www.malinashop.lt\/lt_lt\/wp-json\/wp\/v2\/product_cat?post=20129"},{"taxonomy":"product_tag","embeddable":true,"href":"https:\/\/www.malinashop.lt\/lt_lt\/wp-json\/wp\/v2\/product_tag?post=20129"}],"curies":[{"name":"wp","href":"https:\/\/api.w.org\/{rel}","templated":true}]}}