{"id":20127,"date":"2024-11-06T15:53:16","date_gmt":"2024-11-06T12:53:16","guid":{"rendered":"https:\/\/malinashop.lt\/produktas\/once-courield-eau-de-parfum-intense-kvepalai-vyrams-100-ml\/"},"modified":"2026-03-18T12:33:01","modified_gmt":"2026-03-18T09:33:01","slug":"once-courield-eau-de-parfum-intense-kvepalai-vyrams-100-ml","status":"publish","type":"product","link":"https:\/\/www.malinashop.lt\/lt_lt\/shop\/once-courield-eau-de-parfum-intense-kvepalai-vyrams-100-ml\/","title":{"rendered":"ONCE COURIELD Eau De Parfum Intense kvepalai, 100ml"},"content":{"rendered":"<p data-start=\"300\" data-end=\"572\"><strong data-start=\"300\" data-end=\"317\">ONCE Courield<\/strong> \u2013 tai <strong data-start=\"324\" data-end=\"355\">gaivus ir energingas kvapas<\/strong>, kuris sujungia citrusini\u0173 vaisi\u0173 gaivum\u0105, \u0161vie\u017ei\u0173 \u017ealumyn\u0173 gyvybingum\u0105 ir gili\u0105 medienos \u0161ilum\u0105. Aromatas alsuoja <strong data-start=\"471\" data-end=\"508\">gamta, grynumu ir vidine stiprybe<\/strong>, tarsi rytinis pasivaik\u0161\u010diojimas per saul\u0117s nutviekst\u0105 mi\u0161k\u0105.<\/p>\n<p data-start=\"574\" data-end=\"814\">Kvapo prad\u017eioje atsiskleid\u017eia <strong data-start=\"604\" data-end=\"638\">citrus\u0173 ir kalendr\u0173 lap\u0173 gaiva<\/strong>, kuri pereina \u012f <strong data-start=\"655\" data-end=\"685\">sak\u0173 ir medienos nat\u0173 gyl\u012f<\/strong>. Kompozicij\u0105 u\u017ebaigia <strong data-start=\"708\" data-end=\"753\">kedro, kipariso ir kvapiojo auksabarzd\u017eio<\/strong> akordai, suteikiantys aromatui elegancijos ir i\u0161liekamumo.<\/p>\n<p data-start=\"816\" data-end=\"932\">\u0160is kvapas tinka tiek vyrams, tiek moterims, ie\u0161kantiems <strong data-start=\"873\" data-end=\"929\">nat\u016bralios, subalansuotos ir \u012fkvepian\u010dios harmonijos<\/strong>.<\/p>\n<hr data-start=\"934\" data-end=\"937\" \/>\n<h3 data-start=\"939\" data-end=\"963\"><strong data-start=\"943\" data-end=\"961\">Kvepal\u0173 natos:<\/strong><\/h3>\n<ul data-start=\"964\" data-end=\"1167\">\n<li data-start=\"964\" data-end=\"1035\">\n<p data-start=\"966\" data-end=\"1035\"><strong data-start=\"966\" data-end=\"987\">Vir\u0161utin\u0117s natos:<\/strong> citrusai, kalendr\u0173 lapai, \u0161vie\u017ei \u017eali akordai<\/p>\n<\/li>\n<li data-start=\"1036\" data-end=\"1092\">\n<p data-start=\"1038\" data-end=\"1092\"><strong data-start=\"1038\" data-end=\"1058\">Vidurin\u0117s natos:<\/strong> mediena, sakai, a\u0161trus aromatas<\/p>\n<\/li>\n<li data-start=\"1093\" data-end=\"1167\">\n<p data-start=\"1095\" data-end=\"1167\"><strong data-start=\"1095\" data-end=\"1113\">Bazin\u0117s natos:<\/strong> kiparisas, kvapusis auksabarzdis, benzoinas, kedras<\/p>\n<\/li>\n<\/ul>\n<hr data-start=\"1169\" data-end=\"1172\" \/>\n<h3 data-start=\"1174\" data-end=\"1191\"><strong data-start=\"1178\" data-end=\"1189\">K\u016br\u0117ja:<\/strong><\/h3>\n<p data-start=\"1192\" data-end=\"1449\"><strong data-start=\"1192\" data-end=\"1212\">Soizic Beaucourt<\/strong> \u2013 parfumer\u0117, kuri tiki, kad k\u016brybi\u0161kumas slypi laisv\u0117je. Ji siekia sujungti men\u0105, poj\u016b\u010dius ir emocijas, kurdama kvepalus kaip \u201eskyst\u0105 gro\u017e\u012f\u201c. Soizic pabr\u0117\u017eia, kad <strong data-start=\"1376\" data-end=\"1405\">\u012fkv\u0117pimas yra tik prad\u017eia<\/strong>, o tikrasis menas gimsta k\u016brybos procese.<\/p>\n<hr data-start=\"1451\" data-end=\"1454\" \/>\n<h3 data-start=\"1456\" data-end=\"1490\"><strong data-start=\"1460\" data-end=\"1488\">ONCE kvepal\u0173 filosofija:<\/strong><\/h3>\n<p data-start=\"1491\" data-end=\"1720\">Kiekvienas ONCE kvapas pasakoja <strong data-start=\"1523\" data-end=\"1544\">asmenin\u0119 istorij\u0105<\/strong>, perteikdamas emocijas, prisiminimus ir charakter\u012f. Kvapai leid\u017eia i\u0161reik\u0161ti <strong data-start=\"1622\" data-end=\"1671\">dr\u0105s\u0105, d\u017eiaugsm\u0105, jausmingum\u0105 ar pasitik\u0117jim\u0105<\/strong>, sujungiant poj\u016b\u010dius \u012f vien\u0105 unikali\u0105 patirt\u012f.<\/p>\n<hr data-start=\"1722\" data-end=\"1725\" \/>\n<h3 data-start=\"1727\" data-end=\"1778\"><strong data-start=\"1731\" data-end=\"1776\">ONCE Courield \u2013 gamtos \u012fkv\u0117ptas aromatas:<\/strong><\/h3>\n<p data-start=\"1779\" data-end=\"2027\">Kvapas i\u0161siskiria savo <strong data-start=\"1802\" data-end=\"1851\">subtiliu \u017ealumos, citrus\u0173 ir medienos deriniu<\/strong>, tod\u0117l puikiai tinka tiems, kurie m\u0117gsta <strong data-start=\"1893\" data-end=\"1931\">\u0161varos, gaivos ir stipryb\u0117s poj\u016bt\u012f<\/strong>. Supakuotas \u012f eleganti\u0161k\u0105 d\u0117\u017eut\u0119, ONCE Courield taps <strong data-start=\"1985\" data-end=\"2002\">puikia dovana<\/strong> sau ar artimam \u017emogui.<\/p>\n","protected":false},"excerpt":{"rendered":"<p><strong data-start=\"105\" data-end=\"122\">ONCE Courield<\/strong> \u2013 gaivus, medienos ir \u017ealumos kupinas aromatas su citrus\u0173, sak\u0173 ir kedro natomis. \u0160is kvapas \u012fk\u016bnija stipryb\u0119, balans\u0105 ir nat\u016brali\u0105 energij\u0105.<\/p>\n","protected":false},"featured_media":17869,"template":"","meta":[],"product_brand":[558],"product_cat":[707,547],"product_tag":[1636],"class_list":{"0":"post-20127","1":"product","2":"type-product","3":"status-publish","4":"has-post-thumbnail","6":"product_brand-once-perfume","7":"product_cat-kvepalai","8":"product_cat-kvepalai-vyrams","9":"product_tag-once-perfume","11":"first","12":"instock","13":"sale","14":"featured","15":"taxable","16":"shipping-taxable","17":"purchasable","18":"product-type-simple"},"yoast_head":"<!-- This site is optimized with the Yoast SEO plugin v27.4 - https:\/\/yoast.com\/product\/yoast-seo-wordpress\/ -->\n<title>ONCE COURIELD Eau De Parfum Intense kvepalai, 100ml - MalinaShop.lt J\u016bs\u0173 sveikatai ir gro\u017eiui.<\/title>\n<meta name=\"description\" content=\"ONCE Courield \u2013 gaivus, medienos ir citrus\u0173 aromatas su kedro ir sak\u0173 natomis. \u012ek\u016bnija gamtos stipryb\u0119, \u0161var\u0105 ir harmonij\u0105 kiekviename la\u0161e.\" \/>\n<meta name=\"robots\" content=\"index, follow, max-snippet:-1, max-image-preview:large, max-video-preview:-1\" \/>\n<link rel=\"canonical\" href=\"https:\/\/www.malinashop.lt\/lt_lt\/shop\/once-courield-eau-de-parfum-intense-kvepalai-vyrams-100-ml\/\" \/>\n<meta property=\"og:locale\" content=\"lt_LT\" \/>\n<meta property=\"og:type\" content=\"article\" \/>\n<meta property=\"og:title\" content=\"ONCE COURIELD Eau De Parfum Intense kvepalai, 100ml - MalinaShop.lt J\u016bs\u0173 sveikatai ir gro\u017eiui.\" \/>\n<meta property=\"og:description\" content=\"ONCE Courield \u2013 gaivus, medienos ir citrus\u0173 aromatas su kedro ir sak\u0173 natomis. \u012ek\u016bnija gamtos stipryb\u0119, \u0161var\u0105 ir harmonij\u0105 kiekviename la\u0161e.\" \/>\n<meta property=\"og:url\" content=\"https:\/\/www.malinashop.lt\/lt_lt\/shop\/once-courield-eau-de-parfum-intense-kvepalai-vyrams-100-ml\/\" \/>\n<meta property=\"og:site_name\" content=\"MalinaShop.lt J\u016bs\u0173 sveikatai ir gro\u017eiui.\" \/>\n<meta property=\"article:modified_time\" content=\"2026-03-18T09:33:01+00:00\" \/>\n<meta property=\"og:image\" content=\"https:\/\/www.malinashop.lt\/wp-content\/uploads\/2024\/11\/ONCE-COURIELD-Eau-De-Parfum-Intense-kvepalai-vyrams-100-ml.jpg\" \/>\n\t<meta property=\"og:image:width\" content=\"1080\" \/>\n\t<meta property=\"og:image:height\" content=\"1080\" \/>\n\t<meta property=\"og:image:type\" content=\"image\/jpeg\" \/>\n<meta name=\"twitter:card\" content=\"summary_large_image\" \/>\n<script type=\"application\/ld+json\" class=\"yoast-schema-graph\">{\"@context\":\"https:\\\/\\\/schema.org\",\"@graph\":[{\"@type\":\"WebPage\",\"@id\":\"https:\\\/\\\/www.malinashop.lt\\\/en\\\/shop\\\/once-courield-eau-de-parfum-intense-kvepalai-vyrams-100-ml\\\/\",\"url\":\"https:\\\/\\\/www.malinashop.lt\\\/en\\\/shop\\\/once-courield-eau-de-parfum-intense-kvepalai-vyrams-100-ml\\\/\",\"name\":\"ONCE COURIELD Eau De Parfum Intense kvepalai, 100ml - MalinaShop.lt J\u016bs\u0173 sveikatai ir gro\u017eiui.\",\"isPartOf\":{\"@id\":\"https:\\\/\\\/www.malinashop.lt\\\/#website\"},\"primaryImageOfPage\":{\"@id\":\"https:\\\/\\\/www.malinashop.lt\\\/en\\\/shop\\\/once-courield-eau-de-parfum-intense-kvepalai-vyrams-100-ml\\\/#primaryimage\"},\"image\":{\"@id\":\"https:\\\/\\\/www.malinashop.lt\\\/en\\\/shop\\\/once-courield-eau-de-parfum-intense-kvepalai-vyrams-100-ml\\\/#primaryimage\"},\"thumbnailUrl\":\"https:\\\/\\\/www.malinashop.lt\\\/wp-content\\\/uploads\\\/2024\\\/11\\\/ONCE-COURIELD-Eau-De-Parfum-Intense-kvepalai-vyrams-100-ml.jpg\",\"datePublished\":\"2024-11-06T12:53:16+00:00\",\"dateModified\":\"2026-03-18T09:33:01+00:00\",\"description\":\"ONCE Courield \u2013 gaivus, medienos ir citrus\u0173 aromatas su kedro ir sak\u0173 natomis. \u012ek\u016bnija gamtos stipryb\u0119, \u0161var\u0105 ir harmonij\u0105 kiekviename la\u0161e.\",\"breadcrumb\":{\"@id\":\"https:\\\/\\\/www.malinashop.lt\\\/en\\\/shop\\\/once-courield-eau-de-parfum-intense-kvepalai-vyrams-100-ml\\\/#breadcrumb\"},\"inLanguage\":\"lt-LT\",\"potentialAction\":[{\"@type\":\"ReadAction\",\"target\":[\"https:\\\/\\\/www.malinashop.lt\\\/en\\\/shop\\\/once-courield-eau-de-parfum-intense-kvepalai-vyrams-100-ml\\\/\"]}]},{\"@type\":\"ImageObject\",\"inLanguage\":\"lt-LT\",\"@id\":\"https:\\\/\\\/www.malinashop.lt\\\/en\\\/shop\\\/once-courield-eau-de-parfum-intense-kvepalai-vyrams-100-ml\\\/#primaryimage\",\"url\":\"https:\\\/\\\/www.malinashop.lt\\\/wp-content\\\/uploads\\\/2024\\\/11\\\/ONCE-COURIELD-Eau-De-Parfum-Intense-kvepalai-vyrams-100-ml.jpg\",\"contentUrl\":\"https:\\\/\\\/www.malinashop.lt\\\/wp-content\\\/uploads\\\/2024\\\/11\\\/ONCE-COURIELD-Eau-De-Parfum-Intense-kvepalai-vyrams-100-ml.jpg\",\"width\":1080,\"height\":1080},{\"@type\":\"BreadcrumbList\",\"@id\":\"https:\\\/\\\/www.malinashop.lt\\\/en\\\/shop\\\/once-courield-eau-de-parfum-intense-kvepalai-vyrams-100-ml\\\/#breadcrumb\",\"itemListElement\":[{\"@type\":\"ListItem\",\"position\":1,\"name\":\"Pagrindinis\",\"item\":\"https:\\\/\\\/www.malinashop.lt\\\/\"},{\"@type\":\"ListItem\",\"position\":2,\"name\":\"Parduotuv\u0117\",\"item\":\"https:\\\/\\\/www.malinashop.lt\\\/en\\\/parduotuve\\\/\"},{\"@type\":\"ListItem\",\"position\":3,\"name\":\"ONCE COURIELD Eau De Parfum Intense kvepalai, 100ml\"}]},{\"@type\":\"WebSite\",\"@id\":\"https:\\\/\\\/www.malinashop.lt\\\/#website\",\"url\":\"https:\\\/\\\/www.malinashop.lt\\\/\",\"name\":\"COM Group Ecommerce\",\"description\":\"MalinaShop.lt - Gro\u017eio ir sveikatos produktai i\u0161 patikim\u0173 preki\u0173 \u017eenkl\u0173. Atraskite auk\u0161tos kokyb\u0117s kosmetik\u0105 u\u017e puiki\u0105 kain\u0105.\",\"publisher\":{\"@id\":\"https:\\\/\\\/www.malinashop.lt\\\/#organization\"},\"potentialAction\":[{\"@type\":\"SearchAction\",\"target\":{\"@type\":\"EntryPoint\",\"urlTemplate\":\"https:\\\/\\\/www.malinashop.lt\\\/?s={search_term_string}\"},\"query-input\":{\"@type\":\"PropertyValueSpecification\",\"valueRequired\":true,\"valueName\":\"search_term_string\"}}],\"inLanguage\":\"lt-LT\"},{\"@type\":\"Organization\",\"@id\":\"https:\\\/\\\/www.malinashop.lt\\\/#organization\",\"name\":\"COM Group Ecommerce\",\"url\":\"https:\\\/\\\/www.malinashop.lt\\\/\",\"logo\":{\"@type\":\"ImageObject\",\"inLanguage\":\"lt-LT\",\"@id\":\"https:\\\/\\\/www.malinashop.lt\\\/#\\\/schema\\\/logo\\\/image\\\/\",\"url\":\"https:\\\/\\\/www.malinashop.lt\\\/wp-content\\\/uploads\\\/2024\\\/08\\\/462559670_3787732518133670_9795632669273463_n-e1731525914575.png\",\"contentUrl\":\"https:\\\/\\\/www.malinashop.lt\\\/wp-content\\\/uploads\\\/2024\\\/08\\\/462559670_3787732518133670_9795632669273463_n-e1731525914575.png\",\"width\":180,\"height\":60,\"caption\":\"COM Group Ecommerce\"},\"image\":{\"@id\":\"https:\\\/\\\/www.malinashop.lt\\\/#\\\/schema\\\/logo\\\/image\\\/\"}}]}<\/script>\n<!-- \/ Yoast SEO plugin. -->","yoast_head_json":{"title":"ONCE COURIELD Eau De Parfum Intense kvepalai, 100ml - MalinaShop.lt J\u016bs\u0173 sveikatai ir gro\u017eiui.","description":"ONCE Courield \u2013 gaivus, medienos ir citrus\u0173 aromatas su kedro ir sak\u0173 natomis. \u012ek\u016bnija gamtos stipryb\u0119, \u0161var\u0105 ir harmonij\u0105 kiekviename la\u0161e.","robots":{"index":"index","follow":"follow","max-snippet":"max-snippet:-1","max-image-preview":"max-image-preview:large","max-video-preview":"max-video-preview:-1"},"canonical":"https:\/\/www.malinashop.lt\/lt_lt\/shop\/once-courield-eau-de-parfum-intense-kvepalai-vyrams-100-ml\/","og_locale":"lt_LT","og_type":"article","og_title":"ONCE COURIELD Eau De Parfum Intense kvepalai, 100ml - MalinaShop.lt J\u016bs\u0173 sveikatai ir gro\u017eiui.","og_description":"ONCE Courield \u2013 gaivus, medienos ir citrus\u0173 aromatas su kedro ir sak\u0173 natomis. \u012ek\u016bnija gamtos stipryb\u0119, \u0161var\u0105 ir harmonij\u0105 kiekviename la\u0161e.","og_url":"https:\/\/www.malinashop.lt\/lt_lt\/shop\/once-courield-eau-de-parfum-intense-kvepalai-vyrams-100-ml\/","og_site_name":"MalinaShop.lt J\u016bs\u0173 sveikatai ir gro\u017eiui.","article_modified_time":"2026-03-18T09:33:01+00:00","og_image":[{"width":1080,"height":1080,"url":"https:\/\/www.malinashop.lt\/wp-content\/uploads\/2024\/11\/ONCE-COURIELD-Eau-De-Parfum-Intense-kvepalai-vyrams-100-ml.jpg","type":"image\/jpeg"}],"twitter_card":"summary_large_image","schema":{"@context":"https:\/\/schema.org","@graph":[{"@type":"WebPage","@id":"https:\/\/www.malinashop.lt\/en\/shop\/once-courield-eau-de-parfum-intense-kvepalai-vyrams-100-ml\/","url":"https:\/\/www.malinashop.lt\/en\/shop\/once-courield-eau-de-parfum-intense-kvepalai-vyrams-100-ml\/","name":"ONCE COURIELD Eau De Parfum Intense kvepalai, 100ml - MalinaShop.lt J\u016bs\u0173 sveikatai ir gro\u017eiui.","isPartOf":{"@id":"https:\/\/www.malinashop.lt\/#website"},"primaryImageOfPage":{"@id":"https:\/\/www.malinashop.lt\/en\/shop\/once-courield-eau-de-parfum-intense-kvepalai-vyrams-100-ml\/#primaryimage"},"image":{"@id":"https:\/\/www.malinashop.lt\/en\/shop\/once-courield-eau-de-parfum-intense-kvepalai-vyrams-100-ml\/#primaryimage"},"thumbnailUrl":"https:\/\/www.malinashop.lt\/wp-content\/uploads\/2024\/11\/ONCE-COURIELD-Eau-De-Parfum-Intense-kvepalai-vyrams-100-ml.jpg","datePublished":"2024-11-06T12:53:16+00:00","dateModified":"2026-03-18T09:33:01+00:00","description":"ONCE Courield \u2013 gaivus, medienos ir citrus\u0173 aromatas su kedro ir sak\u0173 natomis. \u012ek\u016bnija gamtos stipryb\u0119, \u0161var\u0105 ir harmonij\u0105 kiekviename la\u0161e.","breadcrumb":{"@id":"https:\/\/www.malinashop.lt\/en\/shop\/once-courield-eau-de-parfum-intense-kvepalai-vyrams-100-ml\/#breadcrumb"},"inLanguage":"lt-LT","potentialAction":[{"@type":"ReadAction","target":["https:\/\/www.malinashop.lt\/en\/shop\/once-courield-eau-de-parfum-intense-kvepalai-vyrams-100-ml\/"]}]},{"@type":"ImageObject","inLanguage":"lt-LT","@id":"https:\/\/www.malinashop.lt\/en\/shop\/once-courield-eau-de-parfum-intense-kvepalai-vyrams-100-ml\/#primaryimage","url":"https:\/\/www.malinashop.lt\/wp-content\/uploads\/2024\/11\/ONCE-COURIELD-Eau-De-Parfum-Intense-kvepalai-vyrams-100-ml.jpg","contentUrl":"https:\/\/www.malinashop.lt\/wp-content\/uploads\/2024\/11\/ONCE-COURIELD-Eau-De-Parfum-Intense-kvepalai-vyrams-100-ml.jpg","width":1080,"height":1080},{"@type":"BreadcrumbList","@id":"https:\/\/www.malinashop.lt\/en\/shop\/once-courield-eau-de-parfum-intense-kvepalai-vyrams-100-ml\/#breadcrumb","itemListElement":[{"@type":"ListItem","position":1,"name":"Pagrindinis","item":"https:\/\/www.malinashop.lt\/"},{"@type":"ListItem","position":2,"name":"Parduotuv\u0117","item":"https:\/\/www.malinashop.lt\/en\/parduotuve\/"},{"@type":"ListItem","position":3,"name":"ONCE COURIELD Eau De Parfum Intense kvepalai, 100ml"}]},{"@type":"WebSite","@id":"https:\/\/www.malinashop.lt\/#website","url":"https:\/\/www.malinashop.lt\/","name":"COM Group Ecommerce","description":"MalinaShop.lt - Gro\u017eio ir sveikatos produktai i\u0161 patikim\u0173 preki\u0173 \u017eenkl\u0173. Atraskite auk\u0161tos kokyb\u0117s kosmetik\u0105 u\u017e puiki\u0105 kain\u0105.","publisher":{"@id":"https:\/\/www.malinashop.lt\/#organization"},"potentialAction":[{"@type":"SearchAction","target":{"@type":"EntryPoint","urlTemplate":"https:\/\/www.malinashop.lt\/?s={search_term_string}"},"query-input":{"@type":"PropertyValueSpecification","valueRequired":true,"valueName":"search_term_string"}}],"inLanguage":"lt-LT"},{"@type":"Organization","@id":"https:\/\/www.malinashop.lt\/#organization","name":"COM Group Ecommerce","url":"https:\/\/www.malinashop.lt\/","logo":{"@type":"ImageObject","inLanguage":"lt-LT","@id":"https:\/\/www.malinashop.lt\/#\/schema\/logo\/image\/","url":"https:\/\/www.malinashop.lt\/wp-content\/uploads\/2024\/08\/462559670_3787732518133670_9795632669273463_n-e1731525914575.png","contentUrl":"https:\/\/www.malinashop.lt\/wp-content\/uploads\/2024\/08\/462559670_3787732518133670_9795632669273463_n-e1731525914575.png","width":180,"height":60,"caption":"COM Group Ecommerce"},"image":{"@id":"https:\/\/www.malinashop.lt\/#\/schema\/logo\/image\/"}}]}},"jetpack_sharing_enabled":true,"_links":{"self":[{"href":"https:\/\/www.malinashop.lt\/lt_lt\/wp-json\/wp\/v2\/product\/20127","targetHints":{"allow":["GET"]}}],"collection":[{"href":"https:\/\/www.malinashop.lt\/lt_lt\/wp-json\/wp\/v2\/product"}],"about":[{"href":"https:\/\/www.malinashop.lt\/lt_lt\/wp-json\/wp\/v2\/types\/product"}],"version-history":[{"count":5,"href":"https:\/\/www.malinashop.lt\/lt_lt\/wp-json\/wp\/v2\/product\/20127\/revisions"}],"predecessor-version":[{"id":72337,"href":"https:\/\/www.malinashop.lt\/lt_lt\/wp-json\/wp\/v2\/product\/20127\/revisions\/72337"}],"wp:featuredmedia":[{"embeddable":true,"href":"https:\/\/www.malinashop.lt\/lt_lt\/wp-json\/wp\/v2\/media\/17869"}],"wp:attachment":[{"href":"https:\/\/www.malinashop.lt\/lt_lt\/wp-json\/wp\/v2\/media?parent=20127"}],"wp:term":[{"taxonomy":"product_brand","embeddable":true,"href":"https:\/\/www.malinashop.lt\/lt_lt\/wp-json\/wp\/v2\/product_brand?post=20127"},{"taxonomy":"product_cat","embeddable":true,"href":"https:\/\/www.malinashop.lt\/lt_lt\/wp-json\/wp\/v2\/product_cat?post=20127"},{"taxonomy":"product_tag","embeddable":true,"href":"https:\/\/www.malinashop.lt\/lt_lt\/wp-json\/wp\/v2\/product_tag?post=20127"}],"curies":[{"name":"wp","href":"https:\/\/api.w.org\/{rel}","templated":true}]}}