{"id":20123,"date":"2024-11-06T15:53:16","date_gmt":"2024-11-06T12:53:16","guid":{"rendered":"https:\/\/malinashop.lt\/produktas\/once-hotis-eau-de-parfum-intense-kvepalai-100-ml\/"},"modified":"2026-03-18T12:33:00","modified_gmt":"2026-03-18T09:33:00","slug":"once-hotis-eau-de-parfum-intense-kvepalai-100-ml","status":"publish","type":"product","link":"https:\/\/www.malinashop.lt\/lt_lt\/shop\/once-hotis-eau-de-parfum-intense-kvepalai-100-ml\/","title":{"rendered":"ONCE HOTIS Eau De Parfum Intense kvepalai, 100 ml"},"content":{"rendered":"<p data-start=\"268\" data-end=\"510\"><strong data-start=\"268\" data-end=\"282\">ONCE Hotis<\/strong> \u2013 tai <strong data-start=\"289\" data-end=\"321\">gyvas ir dinami\u0161kas aromatas<\/strong>, \u012fk\u016bnijantis <strong data-start=\"335\" data-end=\"373\">Vidur\u017eemio j\u016bros \u0161vent\u0117s atmosfer\u0105<\/strong>. Kvepalai atspindi \u0161ilto v\u0117jo, j\u016bros druskos ir saul\u0117s spinduli\u0173 kupin\u0105 dien\u0105 \u2013 kai viskas aplink pulsuoja energija, \u0161viesa ir laisve.<\/p>\n<p data-start=\"512\" data-end=\"900\">Kvapas prasideda <strong data-start=\"529\" data-end=\"578\">kadagio uog\u0173, mat\u0117s arbatos ir ro\u017einio pipiro<\/strong> deriniu, kuris akimirksniu pa\u017eadina poj\u016b\u010dius. \u0160irdyje atsiskleid\u017eia <strong data-start=\"647\" data-end=\"699\">nerolio, ro\u017e\u0117s, arbatos, cinamono ir gvazdik\u0117lio<\/strong> natos, suteikian\u010dios aromatui \u0161velnumo ir prieskonin\u0117s elegancijos. <strong data-start=\"768\" data-end=\"837\">Bazin\u0117s ka\u0161myro, ambros, kedro, sandalmed\u017eio, labdanumo ir tabako<\/strong> natos suteikia gilumo, \u0161ilumos bei subtilios vyri\u0161kos j\u0117gos.<\/p>\n<p data-start=\"902\" data-end=\"1091\">Kvepalus suk\u016br\u0117 <strong data-start=\"918\" data-end=\"939\">Angeline Leporini<\/strong>, \u017einoma d\u0117l savo k\u016brybi\u0161kumo ir geb\u0117jimo perteikti emocijas per kvapus. Ji kuria parfumerij\u0105, kuri <strong data-start=\"1039\" data-end=\"1088\">pasakoja istorijas \u2013 ne \u017eod\u017eiais, o poj\u016b\u010diais<\/strong>.<\/p>\n<p data-start=\"1093\" data-end=\"1279\"><strong data-start=\"1093\" data-end=\"1107\">ONCE Hotis<\/strong> \u2013 kvapas tiems, kurie m\u0117gsta <strong data-start=\"1137\" data-end=\"1176\">laisv\u0119, saul\u0119 ir gyvenimo d\u017eiaugsm\u0105<\/strong>. Tai aromatas, kuris <strong data-start=\"1198\" data-end=\"1230\">primena atostogas prie j\u016bros<\/strong>, bet kartu i\u0161laiko subtil\u0173 prabangos atspalv\u012f.<\/p>\n<hr data-start=\"1281\" data-end=\"1284\" \/>\n<h3 data-start=\"1286\" data-end=\"1308\"><strong data-start=\"1290\" data-end=\"1306\">Kvap\u0173 natos:<\/strong><\/h3>\n<ul data-start=\"1309\" data-end=\"1512\">\n<li data-start=\"1309\" data-end=\"1372\">\n<p data-start=\"1311\" data-end=\"1372\"><strong data-start=\"1311\" data-end=\"1326\">Vir\u0161utin\u0117s:<\/strong> kadagio uogos, mat\u0117 arbata, ro\u017einis pipiras<\/p>\n<\/li>\n<li data-start=\"1373\" data-end=\"1437\">\n<p data-start=\"1375\" data-end=\"1437\"><strong data-start=\"1375\" data-end=\"1389\">Vidurin\u0117s:<\/strong> nerolis, ro\u017e\u0117, arbata, cinamonas, gvazdik\u0117lis<\/p>\n<\/li>\n<li data-start=\"1438\" data-end=\"1512\">\n<p data-start=\"1440\" data-end=\"1512\"><strong data-start=\"1440\" data-end=\"1452\">Bazin\u0117s:<\/strong> ka\u0161myras, ambra, kedras, sandalmedis, labdanumas, tabakas<\/p>\n<\/li>\n<\/ul>\n<hr data-start=\"1514\" data-end=\"1517\" \/>\n<h3 data-start=\"1519\" data-end=\"1536\"><strong data-start=\"1523\" data-end=\"1534\">K\u016br\u0117ja:<\/strong><\/h3>\n<p data-start=\"1537\" data-end=\"1718\"><strong data-start=\"1537\" data-end=\"1558\">Angeline Leporini<\/strong> \u2013 pranc\u016bz\u0173 parfumer\u0117, kuri savo kvapuose jungia <strong data-start=\"1607\" data-end=\"1662\">kult\u016br\u0173 \u012fvairov\u0119, k\u016brybin\u0119 laisv\u0119 ir emocin\u012f gilum\u0105<\/strong>, siekdama kiekvienu aromatu perteikti tikr\u0105 istorij\u0105.<\/p>\n<hr data-start=\"1720\" data-end=\"1723\" \/>\n<h3 data-start=\"1725\" data-end=\"1787\"><strong data-start=\"1729\" data-end=\"1785\">ONCE filosofija \u2013 kvapas, pasakojantis J\u016bs\u0173 istorij\u0105<\/strong><\/h3>\n<p data-start=\"1788\" data-end=\"1965\"><strong data-start=\"1788\" data-end=\"1796\">ONCE<\/strong> aromatai leid\u017eia kvapu <strong data-start=\"1820\" data-end=\"1858\">perteikti emocijas ir prisiminimus<\/strong>, kurie apibr\u0117\u017eia j\u016bs\u0173 asmenyb\u0119. Vos keli la\u0161ai \u0161io kvapo \u2013 ir jis tampa <strong data-start=\"1931\" data-end=\"1962\">j\u016bs\u0173 charakterio atspind\u017eiu<\/strong>.<\/p>\n<hr data-start=\"1967\" data-end=\"1970\" \/>\n<h3 data-start=\"1972\" data-end=\"1998\"><strong data-start=\"1976\" data-end=\"1996\">Aromato savyb\u0117s:<\/strong><\/h3>\n<ul data-start=\"1999\" data-end=\"2173\">\n<li data-start=\"1999\" data-end=\"2040\">\n<p data-start=\"2001\" data-end=\"2040\">Gaivus, \u0161iltas, prieskoninis aromatas<\/p>\n<\/li>\n<li data-start=\"2041\" data-end=\"2077\">\n<p data-start=\"2043\" data-end=\"2077\">Tinka tiek vyrams, tiek moterims<\/p>\n<\/li>\n<li data-start=\"2078\" data-end=\"2131\">\n<p data-start=\"2080\" data-end=\"2131\">\u012ekvepiantis laisv\u0117s ir Vidur\u017eemio j\u016bros energijos<\/p>\n<\/li>\n<li data-start=\"2132\" data-end=\"2173\">\n<p data-start=\"2134\" data-end=\"2173\">Ilgai i\u0161liekantis, i\u0161skirtinis kvapas<\/p>\n<\/li>\n<\/ul>\n","protected":false},"excerpt":{"rendered":"<p><strong data-start=\"28\" data-end=\"42\">ONCE Hotis<\/strong> \u2013 gyvybingas ir saul\u0117tas aromatas, kuriame susipina citrus\u0173 gaiva, prieskoniai ir \u0161ilti medienos tonai. Tai Vidur\u017eemio j\u016bros dvasia buteliuke \u2013 energija, d\u017eiaugsmas ir laisv\u0117 viename kvape.<\/p>\n","protected":false},"featured_media":17900,"template":"","meta":[],"product_brand":[558],"product_cat":[707,545],"product_tag":[1636],"class_list":{"0":"post-20123","1":"product","2":"type-product","3":"status-publish","4":"has-post-thumbnail","6":"product_brand-once-perfume","7":"product_cat-kvepalai","8":"product_cat-kvepalai-moterims","9":"product_tag-once-perfume","11":"first","12":"instock","13":"sale","14":"taxable","15":"shipping-taxable","16":"purchasable","17":"product-type-simple"},"yoast_head":"<!-- This site is optimized with the Yoast SEO plugin v27.4 - https:\/\/yoast.com\/product\/yoast-seo-wordpress\/ -->\n<title>ONCE HOTIS Eau De Parfum Intense kvepalai, 100 ml - MalinaShop.lt J\u016bs\u0173 sveikatai ir gro\u017eiui.<\/title>\n<meta name=\"description\" content=\"ONCE Hotis \u2013 gaivus unisex kvapas su citrus\u0173, prieskoni\u0173 ir medienos natomis. Vidur\u017eemio j\u016bros \u012fkv\u0117ptas aromatas, alsuojantis energija ir laisve.\" \/>\n<meta name=\"robots\" content=\"index, follow, max-snippet:-1, max-image-preview:large, max-video-preview:-1\" \/>\n<link rel=\"canonical\" href=\"https:\/\/www.malinashop.lt\/lt_lt\/shop\/once-hotis-eau-de-parfum-intense-kvepalai-100-ml\/\" \/>\n<meta property=\"og:locale\" content=\"lt_LT\" \/>\n<meta property=\"og:type\" content=\"article\" \/>\n<meta property=\"og:title\" content=\"ONCE HOTIS Eau De Parfum Intense kvepalai, 100 ml - MalinaShop.lt J\u016bs\u0173 sveikatai ir gro\u017eiui.\" \/>\n<meta property=\"og:description\" content=\"ONCE Hotis \u2013 gaivus unisex kvapas su citrus\u0173, prieskoni\u0173 ir medienos natomis. Vidur\u017eemio j\u016bros \u012fkv\u0117ptas aromatas, alsuojantis energija ir laisve.\" \/>\n<meta property=\"og:url\" content=\"https:\/\/www.malinashop.lt\/lt_lt\/shop\/once-hotis-eau-de-parfum-intense-kvepalai-100-ml\/\" \/>\n<meta property=\"og:site_name\" content=\"MalinaShop.lt J\u016bs\u0173 sveikatai ir gro\u017eiui.\" \/>\n<meta property=\"article:modified_time\" content=\"2026-03-18T09:33:00+00:00\" \/>\n<meta property=\"og:image\" content=\"https:\/\/www.malinashop.lt\/wp-content\/uploads\/2024\/11\/ONCE-HOTIS-Eau-De-Parfum-Intense-kvepalai-100-ml.jpg\" \/>\n\t<meta property=\"og:image:width\" content=\"1080\" \/>\n\t<meta property=\"og:image:height\" content=\"1080\" \/>\n\t<meta property=\"og:image:type\" content=\"image\/jpeg\" \/>\n<meta name=\"twitter:card\" content=\"summary_large_image\" \/>\n<script type=\"application\/ld+json\" class=\"yoast-schema-graph\">{\"@context\":\"https:\\\/\\\/schema.org\",\"@graph\":[{\"@type\":\"WebPage\",\"@id\":\"https:\\\/\\\/www.malinashop.lt\\\/shop\\\/once-hotis-eau-de-parfum-intense-kvepalai-100-ml\\\/\",\"url\":\"https:\\\/\\\/www.malinashop.lt\\\/shop\\\/once-hotis-eau-de-parfum-intense-kvepalai-100-ml\\\/\",\"name\":\"ONCE HOTIS Eau De Parfum Intense kvepalai, 100 ml - MalinaShop.lt J\u016bs\u0173 sveikatai ir gro\u017eiui.\",\"isPartOf\":{\"@id\":\"https:\\\/\\\/www.malinashop.lt\\\/#website\"},\"primaryImageOfPage\":{\"@id\":\"https:\\\/\\\/www.malinashop.lt\\\/shop\\\/once-hotis-eau-de-parfum-intense-kvepalai-100-ml\\\/#primaryimage\"},\"image\":{\"@id\":\"https:\\\/\\\/www.malinashop.lt\\\/shop\\\/once-hotis-eau-de-parfum-intense-kvepalai-100-ml\\\/#primaryimage\"},\"thumbnailUrl\":\"https:\\\/\\\/www.malinashop.lt\\\/wp-content\\\/uploads\\\/2024\\\/11\\\/ONCE-HOTIS-Eau-De-Parfum-Intense-kvepalai-100-ml.jpg\",\"datePublished\":\"2024-11-06T12:53:16+00:00\",\"dateModified\":\"2026-03-18T09:33:00+00:00\",\"description\":\"ONCE Hotis \u2013 gaivus unisex kvapas su citrus\u0173, prieskoni\u0173 ir medienos natomis. Vidur\u017eemio j\u016bros \u012fkv\u0117ptas aromatas, alsuojantis energija ir laisve.\",\"breadcrumb\":{\"@id\":\"https:\\\/\\\/www.malinashop.lt\\\/shop\\\/once-hotis-eau-de-parfum-intense-kvepalai-100-ml\\\/#breadcrumb\"},\"inLanguage\":\"lt-LT\",\"potentialAction\":[{\"@type\":\"ReadAction\",\"target\":[\"https:\\\/\\\/www.malinashop.lt\\\/shop\\\/once-hotis-eau-de-parfum-intense-kvepalai-100-ml\\\/\"]}]},{\"@type\":\"ImageObject\",\"inLanguage\":\"lt-LT\",\"@id\":\"https:\\\/\\\/www.malinashop.lt\\\/shop\\\/once-hotis-eau-de-parfum-intense-kvepalai-100-ml\\\/#primaryimage\",\"url\":\"https:\\\/\\\/www.malinashop.lt\\\/wp-content\\\/uploads\\\/2024\\\/11\\\/ONCE-HOTIS-Eau-De-Parfum-Intense-kvepalai-100-ml.jpg\",\"contentUrl\":\"https:\\\/\\\/www.malinashop.lt\\\/wp-content\\\/uploads\\\/2024\\\/11\\\/ONCE-HOTIS-Eau-De-Parfum-Intense-kvepalai-100-ml.jpg\",\"width\":1080,\"height\":1080},{\"@type\":\"BreadcrumbList\",\"@id\":\"https:\\\/\\\/www.malinashop.lt\\\/shop\\\/once-hotis-eau-de-parfum-intense-kvepalai-100-ml\\\/#breadcrumb\",\"itemListElement\":[{\"@type\":\"ListItem\",\"position\":1,\"name\":\"Pagrindinis\",\"item\":\"https:\\\/\\\/www.malinashop.lt\\\/\"},{\"@type\":\"ListItem\",\"position\":2,\"name\":\"Parduotuv\u0117\",\"item\":\"https:\\\/\\\/www.malinashop.lt\\\/en\\\/parduotuve\\\/\"},{\"@type\":\"ListItem\",\"position\":3,\"name\":\"ONCE HOTIS Eau De Parfum Intense kvepalai, 100 ml\"}]},{\"@type\":\"WebSite\",\"@id\":\"https:\\\/\\\/www.malinashop.lt\\\/#website\",\"url\":\"https:\\\/\\\/www.malinashop.lt\\\/\",\"name\":\"COM Group Ecommerce\",\"description\":\"MalinaShop.lt - Gro\u017eio ir sveikatos produktai i\u0161 patikim\u0173 preki\u0173 \u017eenkl\u0173. Atraskite auk\u0161tos kokyb\u0117s kosmetik\u0105 u\u017e puiki\u0105 kain\u0105.\",\"publisher\":{\"@id\":\"https:\\\/\\\/www.malinashop.lt\\\/#organization\"},\"potentialAction\":[{\"@type\":\"SearchAction\",\"target\":{\"@type\":\"EntryPoint\",\"urlTemplate\":\"https:\\\/\\\/www.malinashop.lt\\\/?s={search_term_string}\"},\"query-input\":{\"@type\":\"PropertyValueSpecification\",\"valueRequired\":true,\"valueName\":\"search_term_string\"}}],\"inLanguage\":\"lt-LT\"},{\"@type\":\"Organization\",\"@id\":\"https:\\\/\\\/www.malinashop.lt\\\/#organization\",\"name\":\"COM Group Ecommerce\",\"url\":\"https:\\\/\\\/www.malinashop.lt\\\/\",\"logo\":{\"@type\":\"ImageObject\",\"inLanguage\":\"lt-LT\",\"@id\":\"https:\\\/\\\/www.malinashop.lt\\\/#\\\/schema\\\/logo\\\/image\\\/\",\"url\":\"https:\\\/\\\/www.malinashop.lt\\\/wp-content\\\/uploads\\\/2024\\\/08\\\/462559670_3787732518133670_9795632669273463_n-e1731525914575.png\",\"contentUrl\":\"https:\\\/\\\/www.malinashop.lt\\\/wp-content\\\/uploads\\\/2024\\\/08\\\/462559670_3787732518133670_9795632669273463_n-e1731525914575.png\",\"width\":180,\"height\":60,\"caption\":\"COM Group Ecommerce\"},\"image\":{\"@id\":\"https:\\\/\\\/www.malinashop.lt\\\/#\\\/schema\\\/logo\\\/image\\\/\"}}]}<\/script>\n<!-- \/ Yoast SEO plugin. -->","yoast_head_json":{"title":"ONCE HOTIS Eau De Parfum Intense kvepalai, 100 ml - MalinaShop.lt J\u016bs\u0173 sveikatai ir gro\u017eiui.","description":"ONCE Hotis \u2013 gaivus unisex kvapas su citrus\u0173, prieskoni\u0173 ir medienos natomis. Vidur\u017eemio j\u016bros \u012fkv\u0117ptas aromatas, alsuojantis energija ir laisve.","robots":{"index":"index","follow":"follow","max-snippet":"max-snippet:-1","max-image-preview":"max-image-preview:large","max-video-preview":"max-video-preview:-1"},"canonical":"https:\/\/www.malinashop.lt\/lt_lt\/shop\/once-hotis-eau-de-parfum-intense-kvepalai-100-ml\/","og_locale":"lt_LT","og_type":"article","og_title":"ONCE HOTIS Eau De Parfum Intense kvepalai, 100 ml - MalinaShop.lt J\u016bs\u0173 sveikatai ir gro\u017eiui.","og_description":"ONCE Hotis \u2013 gaivus unisex kvapas su citrus\u0173, prieskoni\u0173 ir medienos natomis. Vidur\u017eemio j\u016bros \u012fkv\u0117ptas aromatas, alsuojantis energija ir laisve.","og_url":"https:\/\/www.malinashop.lt\/lt_lt\/shop\/once-hotis-eau-de-parfum-intense-kvepalai-100-ml\/","og_site_name":"MalinaShop.lt J\u016bs\u0173 sveikatai ir gro\u017eiui.","article_modified_time":"2026-03-18T09:33:00+00:00","og_image":[{"width":1080,"height":1080,"url":"https:\/\/www.malinashop.lt\/wp-content\/uploads\/2024\/11\/ONCE-HOTIS-Eau-De-Parfum-Intense-kvepalai-100-ml.jpg","type":"image\/jpeg"}],"twitter_card":"summary_large_image","schema":{"@context":"https:\/\/schema.org","@graph":[{"@type":"WebPage","@id":"https:\/\/www.malinashop.lt\/shop\/once-hotis-eau-de-parfum-intense-kvepalai-100-ml\/","url":"https:\/\/www.malinashop.lt\/shop\/once-hotis-eau-de-parfum-intense-kvepalai-100-ml\/","name":"ONCE HOTIS Eau De Parfum Intense kvepalai, 100 ml - MalinaShop.lt J\u016bs\u0173 sveikatai ir gro\u017eiui.","isPartOf":{"@id":"https:\/\/www.malinashop.lt\/#website"},"primaryImageOfPage":{"@id":"https:\/\/www.malinashop.lt\/shop\/once-hotis-eau-de-parfum-intense-kvepalai-100-ml\/#primaryimage"},"image":{"@id":"https:\/\/www.malinashop.lt\/shop\/once-hotis-eau-de-parfum-intense-kvepalai-100-ml\/#primaryimage"},"thumbnailUrl":"https:\/\/www.malinashop.lt\/wp-content\/uploads\/2024\/11\/ONCE-HOTIS-Eau-De-Parfum-Intense-kvepalai-100-ml.jpg","datePublished":"2024-11-06T12:53:16+00:00","dateModified":"2026-03-18T09:33:00+00:00","description":"ONCE Hotis \u2013 gaivus unisex kvapas su citrus\u0173, prieskoni\u0173 ir medienos natomis. Vidur\u017eemio j\u016bros \u012fkv\u0117ptas aromatas, alsuojantis energija ir laisve.","breadcrumb":{"@id":"https:\/\/www.malinashop.lt\/shop\/once-hotis-eau-de-parfum-intense-kvepalai-100-ml\/#breadcrumb"},"inLanguage":"lt-LT","potentialAction":[{"@type":"ReadAction","target":["https:\/\/www.malinashop.lt\/shop\/once-hotis-eau-de-parfum-intense-kvepalai-100-ml\/"]}]},{"@type":"ImageObject","inLanguage":"lt-LT","@id":"https:\/\/www.malinashop.lt\/shop\/once-hotis-eau-de-parfum-intense-kvepalai-100-ml\/#primaryimage","url":"https:\/\/www.malinashop.lt\/wp-content\/uploads\/2024\/11\/ONCE-HOTIS-Eau-De-Parfum-Intense-kvepalai-100-ml.jpg","contentUrl":"https:\/\/www.malinashop.lt\/wp-content\/uploads\/2024\/11\/ONCE-HOTIS-Eau-De-Parfum-Intense-kvepalai-100-ml.jpg","width":1080,"height":1080},{"@type":"BreadcrumbList","@id":"https:\/\/www.malinashop.lt\/shop\/once-hotis-eau-de-parfum-intense-kvepalai-100-ml\/#breadcrumb","itemListElement":[{"@type":"ListItem","position":1,"name":"Pagrindinis","item":"https:\/\/www.malinashop.lt\/"},{"@type":"ListItem","position":2,"name":"Parduotuv\u0117","item":"https:\/\/www.malinashop.lt\/en\/parduotuve\/"},{"@type":"ListItem","position":3,"name":"ONCE HOTIS Eau De Parfum Intense kvepalai, 100 ml"}]},{"@type":"WebSite","@id":"https:\/\/www.malinashop.lt\/#website","url":"https:\/\/www.malinashop.lt\/","name":"COM Group Ecommerce","description":"MalinaShop.lt - Gro\u017eio ir sveikatos produktai i\u0161 patikim\u0173 preki\u0173 \u017eenkl\u0173. Atraskite auk\u0161tos kokyb\u0117s kosmetik\u0105 u\u017e puiki\u0105 kain\u0105.","publisher":{"@id":"https:\/\/www.malinashop.lt\/#organization"},"potentialAction":[{"@type":"SearchAction","target":{"@type":"EntryPoint","urlTemplate":"https:\/\/www.malinashop.lt\/?s={search_term_string}"},"query-input":{"@type":"PropertyValueSpecification","valueRequired":true,"valueName":"search_term_string"}}],"inLanguage":"lt-LT"},{"@type":"Organization","@id":"https:\/\/www.malinashop.lt\/#organization","name":"COM Group Ecommerce","url":"https:\/\/www.malinashop.lt\/","logo":{"@type":"ImageObject","inLanguage":"lt-LT","@id":"https:\/\/www.malinashop.lt\/#\/schema\/logo\/image\/","url":"https:\/\/www.malinashop.lt\/wp-content\/uploads\/2024\/08\/462559670_3787732518133670_9795632669273463_n-e1731525914575.png","contentUrl":"https:\/\/www.malinashop.lt\/wp-content\/uploads\/2024\/08\/462559670_3787732518133670_9795632669273463_n-e1731525914575.png","width":180,"height":60,"caption":"COM Group Ecommerce"},"image":{"@id":"https:\/\/www.malinashop.lt\/#\/schema\/logo\/image\/"}}]}},"jetpack_sharing_enabled":true,"_links":{"self":[{"href":"https:\/\/www.malinashop.lt\/lt_lt\/wp-json\/wp\/v2\/product\/20123","targetHints":{"allow":["GET"]}}],"collection":[{"href":"https:\/\/www.malinashop.lt\/lt_lt\/wp-json\/wp\/v2\/product"}],"about":[{"href":"https:\/\/www.malinashop.lt\/lt_lt\/wp-json\/wp\/v2\/types\/product"}],"version-history":[{"count":3,"href":"https:\/\/www.malinashop.lt\/lt_lt\/wp-json\/wp\/v2\/product\/20123\/revisions"}],"predecessor-version":[{"id":59841,"href":"https:\/\/www.malinashop.lt\/lt_lt\/wp-json\/wp\/v2\/product\/20123\/revisions\/59841"}],"wp:featuredmedia":[{"embeddable":true,"href":"https:\/\/www.malinashop.lt\/lt_lt\/wp-json\/wp\/v2\/media\/17900"}],"wp:attachment":[{"href":"https:\/\/www.malinashop.lt\/lt_lt\/wp-json\/wp\/v2\/media?parent=20123"}],"wp:term":[{"taxonomy":"product_brand","embeddable":true,"href":"https:\/\/www.malinashop.lt\/lt_lt\/wp-json\/wp\/v2\/product_brand?post=20123"},{"taxonomy":"product_cat","embeddable":true,"href":"https:\/\/www.malinashop.lt\/lt_lt\/wp-json\/wp\/v2\/product_cat?post=20123"},{"taxonomy":"product_tag","embeddable":true,"href":"https:\/\/www.malinashop.lt\/lt_lt\/wp-json\/wp\/v2\/product_tag?post=20123"}],"curies":[{"name":"wp","href":"https:\/\/api.w.org\/{rel}","templated":true}]}}