{"id":20121,"date":"2024-11-06T15:53:16","date_gmt":"2024-11-06T12:53:16","guid":{"rendered":"https:\/\/malinashop.lt\/produktas\/once-handfidance-eau-de-parfum-intense-kvepalai-100-ml\/"},"modified":"2026-03-18T12:33:00","modified_gmt":"2026-03-18T09:33:00","slug":"once-handfidance-eau-de-parfum-intense-kvepalai-100-ml","status":"publish","type":"product","link":"https:\/\/www.malinashop.lt\/lt_lt\/shop\/once-handfidance-eau-de-parfum-intense-kvepalai-100-ml\/","title":{"rendered":"ONCE HANDFIDANCE Eau De Parfum Intense kvepalai, 100 ml"},"content":{"rendered":"<p data-start=\"253\" data-end=\"473\"><strong data-start=\"253\" data-end=\"273\">ONCE Handfidance<\/strong> \u2013 tai <strong data-start=\"280\" data-end=\"314\">i\u0161skirtinis gurmani\u0161kas kvapas<\/strong>, apjungiantis <strong data-start=\"329\" data-end=\"381\">s\u016brios karamel\u0117s \u0161velnum\u0105 ir agarmed\u017eio prabang\u0105<\/strong>. \u0160is aromatas tarsi desertas poj\u016b\u010diams \u2013 saldus, kremi\u0161kas, bet kartu paslaptingai gilus.<\/p>\n<p data-start=\"475\" data-end=\"834\">Kvapas prasideda <strong data-start=\"492\" data-end=\"531\">benzoino, baltojo pa\u010diulio ir ro\u017ei\u0173<\/strong> akordais, kurie \u012fne\u0161a \u0161velnios elegancijos ir sodrumo. Vidurin\u0117je dalyje juntamas <strong data-start=\"614\" data-end=\"644\">muskusas ir Teksaso kedras<\/strong>, suteikiantys kvapui \u0161ilumos ir medienos dvelksmo. Galiausiai <strong data-start=\"707\" data-end=\"769\">bukasis puskiparisis, vanil\u0117, tonkapup\u0117s ir boya agarmedis<\/strong> sukuria sodr\u0173, aksomin\u012f p\u0117dsak\u0105, kuris ilgai i\u0161lieka ant odos.<\/p>\n<p data-start=\"836\" data-end=\"1104\">K\u016br\u0117ja <strong data-start=\"843\" data-end=\"864\">Angeline Leporini<\/strong> \u2013 parfumer\u0117, kuri savo kvapuose jungia <strong data-start=\"904\" data-end=\"949\">dosnum\u0105, k\u016brybi\u0161kum\u0105 ir poj\u016b\u010di\u0173 subtilum\u0105<\/strong>. Ji ie\u0161ko derm\u0117s tarp prie\u0161ingybi\u0173 \u2013 \u0161velnumo ir j\u0117gos, saldumo ir gylio \u2013 tod\u0117l ONCE Handfidance tampa kvapu, kuris <strong data-start=\"1067\" data-end=\"1101\">ne tik vilioja, bet ir \u012fkvepia<\/strong>.<\/p>\n<p data-start=\"1106\" data-end=\"1252\"><strong data-start=\"1106\" data-end=\"1126\">ONCE Handfidance<\/strong> \u2013 tai <strong data-start=\"1133\" data-end=\"1166\">kvapas, kuris apkabina \u0161iluma<\/strong>, tarsi primindamas, kad gyvenimo gro\u017eis slypi akimirkose, kurias \u012fsimenate \u0161irdimi.<\/p>\n<hr data-start=\"1254\" data-end=\"1257\" \/>\n<h3 data-start=\"1259\" data-end=\"1281\"><strong data-start=\"1263\" data-end=\"1279\">Kvap\u0173 natos:<\/strong><\/h3>\n<ul data-start=\"1282\" data-end=\"1458\">\n<li data-start=\"1282\" data-end=\"1338\">\n<p data-start=\"1284\" data-end=\"1338\"><strong data-start=\"1284\" data-end=\"1299\">Vir\u0161utin\u0117s:<\/strong> benzoinas, baltasis pa\u010diulis, ro\u017e\u0117s.<\/p>\n<\/li>\n<li data-start=\"1339\" data-end=\"1383\">\n<p data-start=\"1341\" data-end=\"1383\"><strong data-start=\"1341\" data-end=\"1355\">Vidurin\u0117s:<\/strong> muskusas, Teksaso kedras.<\/p>\n<\/li>\n<li data-start=\"1384\" data-end=\"1458\">\n<p data-start=\"1386\" data-end=\"1458\"><strong data-start=\"1386\" data-end=\"1398\">Bazin\u0117s:<\/strong> bukasis puskiparisis, vanil\u0117, tonkapup\u0117s, boya agarmedis.<\/p>\n<\/li>\n<\/ul>\n<hr data-start=\"1460\" data-end=\"1463\" \/>\n<h3 data-start=\"1465\" data-end=\"1482\"><strong data-start=\"1469\" data-end=\"1480\">K\u016br\u0117ja:<\/strong><\/h3>\n<p data-start=\"1483\" data-end=\"1627\"><strong data-start=\"1483\" data-end=\"1504\">Angeline Leporini<\/strong> \u2013 pranc\u016bz\u0173 parfumer\u0117, gars\u0117janti geb\u0117jimu sukurti kvapus, kurie <strong data-start=\"1569\" data-end=\"1624\">perteikia emocijas, jausmingum\u0105 ir autenti\u0161k\u0105 gro\u017e\u012f<\/strong>.<\/p>\n<hr data-start=\"1629\" data-end=\"1632\" \/>\n<h3 data-start=\"1634\" data-end=\"1696\"><strong data-start=\"1638\" data-end=\"1694\">ONCE filosofija \u2013 kvapas, pasakojantis J\u016bs\u0173 istorij\u0105<\/strong><\/h3>\n<p data-start=\"1697\" data-end=\"1903\"><strong data-start=\"1697\" data-end=\"1705\">ONCE<\/strong> aromatai leid\u017eia <strong data-start=\"1723\" data-end=\"1761\">i\u0161reik\u0161ti emocijas ir prisiminimus<\/strong>, pasakojan\u010dius J\u016bs\u0173 asmenyb\u0119. Vos keli la\u0161ai \u2013 ir kvapas tampa <strong data-start=\"1825\" data-end=\"1849\">J\u016bs\u0173 unikaliu para\u0161u<\/strong>, i\u0161rei\u0161kian\u010diu d\u017eiaugsm\u0105, \u0161velnum\u0105 ar pasitik\u0117jim\u0105.<\/p>\n<hr data-start=\"1905\" data-end=\"1908\" \/>\n<h3 data-start=\"1910\" data-end=\"1936\"><strong data-start=\"1914\" data-end=\"1934\">Aromato savyb\u0117s:<\/strong><\/h3>\n<ul data-start=\"1937\" data-end=\"2114\">\n<li data-start=\"1937\" data-end=\"1977\">\n<p data-start=\"1939\" data-end=\"1977\">\u0160iltas, saldus, gurmani\u0161kas aromatas<\/p>\n<\/li>\n<li data-start=\"1978\" data-end=\"2014\">\n<p data-start=\"1980\" data-end=\"2014\">Tinka tiek vyrams, tiek moterims<\/p>\n<\/li>\n<li data-start=\"2015\" data-end=\"2070\">\n<p data-start=\"2017\" data-end=\"2070\">Vanilinis\u2013medienos kvapas su agarmed\u017eio u\u017euominomis<\/p>\n<\/li>\n<li data-start=\"2071\" data-end=\"2114\">\n<p data-start=\"2073\" data-end=\"2114\">Idealus vakarui arba ypatingoms progoms<\/p>\n<\/li>\n<\/ul>\n","protected":false},"excerpt":{"rendered":"<p data-start=\"28\" data-end=\"219\"><strong data-start=\"28\" data-end=\"48\">ONCE Handfidance<\/strong> \u2013 gurmani\u0161kas unisex kvapas, kuriame susilieja s\u016brios karamel\u0117s, agarmed\u017eio ir vanil\u0117s natos. Tai \u0161iltas, jausmingas ir prabangus aromatas, kupinas paslaptingo saldumo.<\/p>\n","protected":false},"featured_media":17896,"template":"","meta":[],"product_brand":[558],"product_cat":[707,545],"product_tag":[1636],"class_list":{"0":"post-20121","1":"product","2":"type-product","3":"status-publish","4":"has-post-thumbnail","6":"product_brand-once-perfume","7":"product_cat-kvepalai","8":"product_cat-kvepalai-moterims","9":"product_tag-once-perfume","11":"first","12":"instock","13":"sale","14":"taxable","15":"shipping-taxable","16":"purchasable","17":"product-type-simple"},"yoast_head":"<!-- This site is optimized with the Yoast SEO plugin v27.4 - https:\/\/yoast.com\/product\/yoast-seo-wordpress\/ -->\n<title>ONCE HANDFIDANCE Eau De Parfum Intense kvepalai, 100 ml - MalinaShop.lt J\u016bs\u0173 sveikatai ir gro\u017eiui.<\/title>\n<meta name=\"description\" content=\"ONCE Handfidance \u2013 gurmani\u0161kas kvapas su s\u016brios karamel\u0117s, agarmed\u017eio ir vanil\u0117s natomis. \u0160iltas, jausmingas ir prabangus aromatas kiekvienai progai.\" \/>\n<meta name=\"robots\" content=\"index, follow, max-snippet:-1, max-image-preview:large, max-video-preview:-1\" \/>\n<link rel=\"canonical\" href=\"https:\/\/www.malinashop.lt\/lt_lt\/shop\/once-handfidance-eau-de-parfum-intense-kvepalai-100-ml\/\" \/>\n<meta property=\"og:locale\" content=\"lt_LT\" \/>\n<meta property=\"og:type\" content=\"article\" \/>\n<meta property=\"og:title\" content=\"ONCE HANDFIDANCE Eau De Parfum Intense kvepalai, 100 ml - MalinaShop.lt J\u016bs\u0173 sveikatai ir gro\u017eiui.\" \/>\n<meta property=\"og:description\" content=\"ONCE Handfidance \u2013 gurmani\u0161kas kvapas su s\u016brios karamel\u0117s, agarmed\u017eio ir vanil\u0117s natomis. \u0160iltas, jausmingas ir prabangus aromatas kiekvienai progai.\" \/>\n<meta property=\"og:url\" content=\"https:\/\/www.malinashop.lt\/lt_lt\/shop\/once-handfidance-eau-de-parfum-intense-kvepalai-100-ml\/\" \/>\n<meta property=\"og:site_name\" content=\"MalinaShop.lt J\u016bs\u0173 sveikatai ir gro\u017eiui.\" \/>\n<meta property=\"article:modified_time\" content=\"2026-03-18T09:33:00+00:00\" \/>\n<meta property=\"og:image\" content=\"https:\/\/www.malinashop.lt\/wp-content\/uploads\/2024\/11\/ONCE-HANDFIDANCE-Eau-De-Parfum-Intense-kvepalai-100-ml.jpg\" \/>\n\t<meta property=\"og:image:width\" content=\"1080\" \/>\n\t<meta property=\"og:image:height\" content=\"1080\" \/>\n\t<meta property=\"og:image:type\" content=\"image\/jpeg\" \/>\n<meta name=\"twitter:card\" content=\"summary_large_image\" \/>\n<script type=\"application\/ld+json\" class=\"yoast-schema-graph\">{\"@context\":\"https:\\\/\\\/schema.org\",\"@graph\":[{\"@type\":\"WebPage\",\"@id\":\"https:\\\/\\\/www.malinashop.lt\\\/shop\\\/once-handfidance-eau-de-parfum-intense-kvepalai-100-ml\\\/\",\"url\":\"https:\\\/\\\/www.malinashop.lt\\\/shop\\\/once-handfidance-eau-de-parfum-intense-kvepalai-100-ml\\\/\",\"name\":\"ONCE HANDFIDANCE Eau De Parfum Intense kvepalai, 100 ml - MalinaShop.lt J\u016bs\u0173 sveikatai ir gro\u017eiui.\",\"isPartOf\":{\"@id\":\"https:\\\/\\\/www.malinashop.lt\\\/#website\"},\"primaryImageOfPage\":{\"@id\":\"https:\\\/\\\/www.malinashop.lt\\\/shop\\\/once-handfidance-eau-de-parfum-intense-kvepalai-100-ml\\\/#primaryimage\"},\"image\":{\"@id\":\"https:\\\/\\\/www.malinashop.lt\\\/shop\\\/once-handfidance-eau-de-parfum-intense-kvepalai-100-ml\\\/#primaryimage\"},\"thumbnailUrl\":\"https:\\\/\\\/www.malinashop.lt\\\/wp-content\\\/uploads\\\/2024\\\/11\\\/ONCE-HANDFIDANCE-Eau-De-Parfum-Intense-kvepalai-100-ml.jpg\",\"datePublished\":\"2024-11-06T12:53:16+00:00\",\"dateModified\":\"2026-03-18T09:33:00+00:00\",\"description\":\"ONCE Handfidance \u2013 gurmani\u0161kas kvapas su s\u016brios karamel\u0117s, agarmed\u017eio ir vanil\u0117s natomis. \u0160iltas, jausmingas ir prabangus aromatas kiekvienai progai.\",\"breadcrumb\":{\"@id\":\"https:\\\/\\\/www.malinashop.lt\\\/shop\\\/once-handfidance-eau-de-parfum-intense-kvepalai-100-ml\\\/#breadcrumb\"},\"inLanguage\":\"lt-LT\",\"potentialAction\":[{\"@type\":\"ReadAction\",\"target\":[\"https:\\\/\\\/www.malinashop.lt\\\/shop\\\/once-handfidance-eau-de-parfum-intense-kvepalai-100-ml\\\/\"]}]},{\"@type\":\"ImageObject\",\"inLanguage\":\"lt-LT\",\"@id\":\"https:\\\/\\\/www.malinashop.lt\\\/shop\\\/once-handfidance-eau-de-parfum-intense-kvepalai-100-ml\\\/#primaryimage\",\"url\":\"https:\\\/\\\/www.malinashop.lt\\\/wp-content\\\/uploads\\\/2024\\\/11\\\/ONCE-HANDFIDANCE-Eau-De-Parfum-Intense-kvepalai-100-ml.jpg\",\"contentUrl\":\"https:\\\/\\\/www.malinashop.lt\\\/wp-content\\\/uploads\\\/2024\\\/11\\\/ONCE-HANDFIDANCE-Eau-De-Parfum-Intense-kvepalai-100-ml.jpg\",\"width\":1080,\"height\":1080},{\"@type\":\"BreadcrumbList\",\"@id\":\"https:\\\/\\\/www.malinashop.lt\\\/shop\\\/once-handfidance-eau-de-parfum-intense-kvepalai-100-ml\\\/#breadcrumb\",\"itemListElement\":[{\"@type\":\"ListItem\",\"position\":1,\"name\":\"Pagrindinis\",\"item\":\"https:\\\/\\\/www.malinashop.lt\\\/\"},{\"@type\":\"ListItem\",\"position\":2,\"name\":\"Parduotuv\u0117\",\"item\":\"https:\\\/\\\/www.malinashop.lt\\\/en\\\/parduotuve\\\/\"},{\"@type\":\"ListItem\",\"position\":3,\"name\":\"ONCE HANDFIDANCE Eau De Parfum Intense kvepalai, 100 ml\"}]},{\"@type\":\"WebSite\",\"@id\":\"https:\\\/\\\/www.malinashop.lt\\\/#website\",\"url\":\"https:\\\/\\\/www.malinashop.lt\\\/\",\"name\":\"COM Group Ecommerce\",\"description\":\"MalinaShop.lt - Gro\u017eio ir sveikatos produktai i\u0161 patikim\u0173 preki\u0173 \u017eenkl\u0173. Atraskite auk\u0161tos kokyb\u0117s kosmetik\u0105 u\u017e puiki\u0105 kain\u0105.\",\"publisher\":{\"@id\":\"https:\\\/\\\/www.malinashop.lt\\\/#organization\"},\"potentialAction\":[{\"@type\":\"SearchAction\",\"target\":{\"@type\":\"EntryPoint\",\"urlTemplate\":\"https:\\\/\\\/www.malinashop.lt\\\/?s={search_term_string}\"},\"query-input\":{\"@type\":\"PropertyValueSpecification\",\"valueRequired\":true,\"valueName\":\"search_term_string\"}}],\"inLanguage\":\"lt-LT\"},{\"@type\":\"Organization\",\"@id\":\"https:\\\/\\\/www.malinashop.lt\\\/#organization\",\"name\":\"COM Group Ecommerce\",\"url\":\"https:\\\/\\\/www.malinashop.lt\\\/\",\"logo\":{\"@type\":\"ImageObject\",\"inLanguage\":\"lt-LT\",\"@id\":\"https:\\\/\\\/www.malinashop.lt\\\/#\\\/schema\\\/logo\\\/image\\\/\",\"url\":\"https:\\\/\\\/www.malinashop.lt\\\/wp-content\\\/uploads\\\/2024\\\/08\\\/462559670_3787732518133670_9795632669273463_n-e1731525914575.png\",\"contentUrl\":\"https:\\\/\\\/www.malinashop.lt\\\/wp-content\\\/uploads\\\/2024\\\/08\\\/462559670_3787732518133670_9795632669273463_n-e1731525914575.png\",\"width\":180,\"height\":60,\"caption\":\"COM Group Ecommerce\"},\"image\":{\"@id\":\"https:\\\/\\\/www.malinashop.lt\\\/#\\\/schema\\\/logo\\\/image\\\/\"}}]}<\/script>\n<!-- \/ Yoast SEO plugin. -->","yoast_head_json":{"title":"ONCE HANDFIDANCE Eau De Parfum Intense kvepalai, 100 ml - MalinaShop.lt J\u016bs\u0173 sveikatai ir gro\u017eiui.","description":"ONCE Handfidance \u2013 gurmani\u0161kas kvapas su s\u016brios karamel\u0117s, agarmed\u017eio ir vanil\u0117s natomis. \u0160iltas, jausmingas ir prabangus aromatas kiekvienai progai.","robots":{"index":"index","follow":"follow","max-snippet":"max-snippet:-1","max-image-preview":"max-image-preview:large","max-video-preview":"max-video-preview:-1"},"canonical":"https:\/\/www.malinashop.lt\/lt_lt\/shop\/once-handfidance-eau-de-parfum-intense-kvepalai-100-ml\/","og_locale":"lt_LT","og_type":"article","og_title":"ONCE HANDFIDANCE Eau De Parfum Intense kvepalai, 100 ml - MalinaShop.lt J\u016bs\u0173 sveikatai ir gro\u017eiui.","og_description":"ONCE Handfidance \u2013 gurmani\u0161kas kvapas su s\u016brios karamel\u0117s, agarmed\u017eio ir vanil\u0117s natomis. \u0160iltas, jausmingas ir prabangus aromatas kiekvienai progai.","og_url":"https:\/\/www.malinashop.lt\/lt_lt\/shop\/once-handfidance-eau-de-parfum-intense-kvepalai-100-ml\/","og_site_name":"MalinaShop.lt J\u016bs\u0173 sveikatai ir gro\u017eiui.","article_modified_time":"2026-03-18T09:33:00+00:00","og_image":[{"width":1080,"height":1080,"url":"https:\/\/www.malinashop.lt\/wp-content\/uploads\/2024\/11\/ONCE-HANDFIDANCE-Eau-De-Parfum-Intense-kvepalai-100-ml.jpg","type":"image\/jpeg"}],"twitter_card":"summary_large_image","schema":{"@context":"https:\/\/schema.org","@graph":[{"@type":"WebPage","@id":"https:\/\/www.malinashop.lt\/shop\/once-handfidance-eau-de-parfum-intense-kvepalai-100-ml\/","url":"https:\/\/www.malinashop.lt\/shop\/once-handfidance-eau-de-parfum-intense-kvepalai-100-ml\/","name":"ONCE HANDFIDANCE Eau De Parfum Intense kvepalai, 100 ml - MalinaShop.lt J\u016bs\u0173 sveikatai ir gro\u017eiui.","isPartOf":{"@id":"https:\/\/www.malinashop.lt\/#website"},"primaryImageOfPage":{"@id":"https:\/\/www.malinashop.lt\/shop\/once-handfidance-eau-de-parfum-intense-kvepalai-100-ml\/#primaryimage"},"image":{"@id":"https:\/\/www.malinashop.lt\/shop\/once-handfidance-eau-de-parfum-intense-kvepalai-100-ml\/#primaryimage"},"thumbnailUrl":"https:\/\/www.malinashop.lt\/wp-content\/uploads\/2024\/11\/ONCE-HANDFIDANCE-Eau-De-Parfum-Intense-kvepalai-100-ml.jpg","datePublished":"2024-11-06T12:53:16+00:00","dateModified":"2026-03-18T09:33:00+00:00","description":"ONCE Handfidance \u2013 gurmani\u0161kas kvapas su s\u016brios karamel\u0117s, agarmed\u017eio ir vanil\u0117s natomis. \u0160iltas, jausmingas ir prabangus aromatas kiekvienai progai.","breadcrumb":{"@id":"https:\/\/www.malinashop.lt\/shop\/once-handfidance-eau-de-parfum-intense-kvepalai-100-ml\/#breadcrumb"},"inLanguage":"lt-LT","potentialAction":[{"@type":"ReadAction","target":["https:\/\/www.malinashop.lt\/shop\/once-handfidance-eau-de-parfum-intense-kvepalai-100-ml\/"]}]},{"@type":"ImageObject","inLanguage":"lt-LT","@id":"https:\/\/www.malinashop.lt\/shop\/once-handfidance-eau-de-parfum-intense-kvepalai-100-ml\/#primaryimage","url":"https:\/\/www.malinashop.lt\/wp-content\/uploads\/2024\/11\/ONCE-HANDFIDANCE-Eau-De-Parfum-Intense-kvepalai-100-ml.jpg","contentUrl":"https:\/\/www.malinashop.lt\/wp-content\/uploads\/2024\/11\/ONCE-HANDFIDANCE-Eau-De-Parfum-Intense-kvepalai-100-ml.jpg","width":1080,"height":1080},{"@type":"BreadcrumbList","@id":"https:\/\/www.malinashop.lt\/shop\/once-handfidance-eau-de-parfum-intense-kvepalai-100-ml\/#breadcrumb","itemListElement":[{"@type":"ListItem","position":1,"name":"Pagrindinis","item":"https:\/\/www.malinashop.lt\/"},{"@type":"ListItem","position":2,"name":"Parduotuv\u0117","item":"https:\/\/www.malinashop.lt\/en\/parduotuve\/"},{"@type":"ListItem","position":3,"name":"ONCE HANDFIDANCE Eau De Parfum Intense kvepalai, 100 ml"}]},{"@type":"WebSite","@id":"https:\/\/www.malinashop.lt\/#website","url":"https:\/\/www.malinashop.lt\/","name":"COM Group Ecommerce","description":"MalinaShop.lt - Gro\u017eio ir sveikatos produktai i\u0161 patikim\u0173 preki\u0173 \u017eenkl\u0173. Atraskite auk\u0161tos kokyb\u0117s kosmetik\u0105 u\u017e puiki\u0105 kain\u0105.","publisher":{"@id":"https:\/\/www.malinashop.lt\/#organization"},"potentialAction":[{"@type":"SearchAction","target":{"@type":"EntryPoint","urlTemplate":"https:\/\/www.malinashop.lt\/?s={search_term_string}"},"query-input":{"@type":"PropertyValueSpecification","valueRequired":true,"valueName":"search_term_string"}}],"inLanguage":"lt-LT"},{"@type":"Organization","@id":"https:\/\/www.malinashop.lt\/#organization","name":"COM Group Ecommerce","url":"https:\/\/www.malinashop.lt\/","logo":{"@type":"ImageObject","inLanguage":"lt-LT","@id":"https:\/\/www.malinashop.lt\/#\/schema\/logo\/image\/","url":"https:\/\/www.malinashop.lt\/wp-content\/uploads\/2024\/08\/462559670_3787732518133670_9795632669273463_n-e1731525914575.png","contentUrl":"https:\/\/www.malinashop.lt\/wp-content\/uploads\/2024\/08\/462559670_3787732518133670_9795632669273463_n-e1731525914575.png","width":180,"height":60,"caption":"COM Group Ecommerce"},"image":{"@id":"https:\/\/www.malinashop.lt\/#\/schema\/logo\/image\/"}}]}},"jetpack_sharing_enabled":true,"_links":{"self":[{"href":"https:\/\/www.malinashop.lt\/lt_lt\/wp-json\/wp\/v2\/product\/20121","targetHints":{"allow":["GET"]}}],"collection":[{"href":"https:\/\/www.malinashop.lt\/lt_lt\/wp-json\/wp\/v2\/product"}],"about":[{"href":"https:\/\/www.malinashop.lt\/lt_lt\/wp-json\/wp\/v2\/types\/product"}],"version-history":[{"count":3,"href":"https:\/\/www.malinashop.lt\/lt_lt\/wp-json\/wp\/v2\/product\/20121\/revisions"}],"predecessor-version":[{"id":59840,"href":"https:\/\/www.malinashop.lt\/lt_lt\/wp-json\/wp\/v2\/product\/20121\/revisions\/59840"}],"wp:featuredmedia":[{"embeddable":true,"href":"https:\/\/www.malinashop.lt\/lt_lt\/wp-json\/wp\/v2\/media\/17896"}],"wp:attachment":[{"href":"https:\/\/www.malinashop.lt\/lt_lt\/wp-json\/wp\/v2\/media?parent=20121"}],"wp:term":[{"taxonomy":"product_brand","embeddable":true,"href":"https:\/\/www.malinashop.lt\/lt_lt\/wp-json\/wp\/v2\/product_brand?post=20121"},{"taxonomy":"product_cat","embeddable":true,"href":"https:\/\/www.malinashop.lt\/lt_lt\/wp-json\/wp\/v2\/product_cat?post=20121"},{"taxonomy":"product_tag","embeddable":true,"href":"https:\/\/www.malinashop.lt\/lt_lt\/wp-json\/wp\/v2\/product_tag?post=20121"}],"curies":[{"name":"wp","href":"https:\/\/api.w.org\/{rel}","templated":true}]}}