{"id":20119,"date":"2024-11-06T15:53:16","date_gmt":"2024-11-06T12:53:16","guid":{"rendered":"https:\/\/malinashop.lt\/produktas\/once-desight-eau-de-parfum-intense-kvepalai-100-ml\/"},"modified":"2026-03-18T12:32:59","modified_gmt":"2026-03-18T09:32:59","slug":"once-desight-eau-de-parfum-intense-kvepalai-100-ml","status":"publish","type":"product","link":"https:\/\/www.malinashop.lt\/lt_lt\/shop\/once-desight-eau-de-parfum-intense-kvepalai-100-ml\/","title":{"rendered":"ONCE DESIGHT Eau De Parfum Intense kvepalai, 100 ml"},"content":{"rendered":"<p data-start=\"242\" data-end=\"516\"><strong data-start=\"242\" data-end=\"258\">ONCE Desight<\/strong> \u2013 tai <strong data-start=\"265\" data-end=\"310\">egzoti\u0161kas, \u0161iltas ir jausmingas aromatas<\/strong>, sukurtas tiems, kurie vertina paslapt\u012f, rafinuotum\u0105 ir subtili\u0105 prabang\u0105. \u0160is kvapas apjungia <strong data-start=\"406\" data-end=\"437\">medienos, tabako ir kakavos<\/strong> natas, kurios drauge sukuria <strong data-start=\"467\" data-end=\"513\">sodr\u0173, gundant\u012f ir ilgam \u012fsimenant\u012f \u012fsp\u016bd\u012f<\/strong>.<\/p>\n<p data-start=\"518\" data-end=\"888\">Kvapas prasideda <strong data-start=\"535\" data-end=\"587\">tabako lap\u0173, prieskoni\u0173 akord\u0173 ir ro\u017einio pipiro<\/strong> deriniu \u2013 tai energijos, \u0161ilumos ir aistros pli\u016bpsnis. \u0160irdyje atsiskleid\u017eia <strong data-start=\"665\" data-end=\"690\">vanil\u0117s ir tonkapupi\u0173<\/strong> natos, kurios suteikia aromatui \u0161velnumo ir saldumo balanso. Baz\u0117je \u2013 <strong data-start=\"761\" data-end=\"810\">kakavos pupel\u0117s, pa\u010diulis ir bly\u0161kusis kietis<\/strong>, kurie suteikia kvapui gilumo, \u017eemi\u0161kumo ir \u0161iek tiek misti\u0161ko charakterio.<\/p>\n<p data-start=\"890\" data-end=\"1098\">Kvepalus suk\u016br\u0117 <strong data-start=\"906\" data-end=\"927\">Angeline Leporini<\/strong>, gars\u0117janti savo k\u016brybine dr\u0105sa ir geb\u0117jimu sujungti netik\u0117tas natas \u012f harmoningas kvap\u0173 simfonijas. Jos darbai spinduliuoja <strong data-start=\"1053\" data-end=\"1095\">dosnumu, k\u016brybi\u0161kumu ir emociniu gyliu<\/strong>.<\/p>\n<p data-start=\"1100\" data-end=\"1291\"><strong data-start=\"1100\" data-end=\"1116\">ONCE Desight<\/strong> \u2013 kvapas, kuris <strong data-start=\"1133\" data-end=\"1173\">kvepia sapnais, \u0161iluma ir paslaptimi<\/strong>. Tai aromatas, kuris subtiliai apgaubia ir palieka i\u0161liekant\u012f \u012fsp\u016bd\u012f dar ilgai po to, kai i\u0161nyksta pirmosios natos.<\/p>\n<hr data-start=\"1293\" data-end=\"1296\" \/>\n<h3 data-start=\"1298\" data-end=\"1320\"><strong data-start=\"1302\" data-end=\"1318\">Kvap\u0173 natos:<\/strong><\/h3>\n<ul data-start=\"1321\" data-end=\"1496\">\n<li data-start=\"1321\" data-end=\"1387\">\n<p data-start=\"1323\" data-end=\"1387\"><strong data-start=\"1323\" data-end=\"1338\">Vir\u0161utin\u0117s:<\/strong> tabako lapai, \u201espicy accord\u201c, ro\u017einis pipiras.<\/p>\n<\/li>\n<li data-start=\"1388\" data-end=\"1434\">\n<p data-start=\"1390\" data-end=\"1434\"><strong data-start=\"1390\" data-end=\"1404\">Vidurin\u0117s:<\/strong> vanil\u0117, kvapioji tonkapup\u0117.<\/p>\n<\/li>\n<li data-start=\"1435\" data-end=\"1496\">\n<p data-start=\"1437\" data-end=\"1496\"><strong data-start=\"1437\" data-end=\"1449\">Bazin\u0117s:<\/strong> kakavos pupel\u0117s, bly\u0161kusis kietis, pa\u010diulis.<\/p>\n<\/li>\n<\/ul>\n<hr data-start=\"1498\" data-end=\"1501\" \/>\n<h3 data-start=\"1503\" data-end=\"1520\"><strong data-start=\"1507\" data-end=\"1518\">K\u016br\u0117ja:<\/strong><\/h3>\n<p data-start=\"1521\" data-end=\"1655\"><strong data-start=\"1521\" data-end=\"1542\">Angeline Leporini<\/strong> \u2013 pranc\u016bz\u0173 parfumer\u0117, kurios kvapai pasi\u017eymi <strong data-start=\"1588\" data-end=\"1652\">originalumu, emociniu intensyvumu ir nepakartojama harmonija<\/strong>.<\/p>\n<hr data-start=\"1657\" data-end=\"1660\" \/>\n<h3 data-start=\"1662\" data-end=\"1724\"><strong data-start=\"1666\" data-end=\"1722\">ONCE filosofija \u2013 kvapas, pasakojantis J\u016bs\u0173 istorij\u0105<\/strong><\/h3>\n<p data-start=\"1725\" data-end=\"1912\"><strong data-start=\"1725\" data-end=\"1733\">ONCE<\/strong> kvapai sukurti tam, kad perteikt\u0173 <strong data-start=\"1768\" data-end=\"1816\">emocijas, prisiminimus ir unikal\u0173 charakter\u012f<\/strong>. Vos keli la\u0161ai aromato leid\u017eia i\u0161reik\u0161ti <strong data-start=\"1859\" data-end=\"1909\">dr\u0105s\u0105, \u0161velnum\u0105, aistr\u0105 ar pasitik\u0117jim\u0105 savimi<\/strong>.<\/p>\n<hr data-start=\"1914\" data-end=\"1917\" \/>\n<h3 data-start=\"1919\" data-end=\"1945\"><strong data-start=\"1923\" data-end=\"1943\">Aromato savyb\u0117s:<\/strong><\/h3>\n<ul data-start=\"1946\" data-end=\"2111\">\n<li data-start=\"1946\" data-end=\"1989\">\n<p data-start=\"1948\" data-end=\"1989\">\u0160iltas, saldus ir prieskoninis aromatas<\/p>\n<\/li>\n<li data-start=\"1990\" data-end=\"2026\">\n<p data-start=\"1992\" data-end=\"2026\">Tinka tiek vyrams, tiek moterims<\/p>\n<\/li>\n<li data-start=\"2027\" data-end=\"2068\">\n<p data-start=\"2029\" data-end=\"2068\">Idealus vakarui ir ypatingoms progoms<\/p>\n<\/li>\n<li data-start=\"2069\" data-end=\"2111\">\n<p data-start=\"2071\" data-end=\"2111\">Ilgai i\u0161liekantis, paslaptingas kvapas<\/p>\n<\/li>\n<\/ul>\n","protected":false},"excerpt":{"rendered":"<p><strong data-start=\"28\" data-end=\"44\">ONCE Desight<\/strong> \u2013 paslaptingas, \u0161iltas ir svajingas aromatas, kuriame susilieja tabako lapai, kakavos pupel\u0117s ir vanil\u0117. Tai rafinuotas kvapas, kupinas egzotikos ir jausmingumo.<\/p>\n","protected":false},"featured_media":17874,"template":"","meta":[],"product_brand":[558],"product_cat":[707,545],"product_tag":[1636],"class_list":{"0":"post-20119","1":"product","2":"type-product","3":"status-publish","4":"has-post-thumbnail","6":"product_brand-once-perfume","7":"product_cat-kvepalai","8":"product_cat-kvepalai-moterims","9":"product_tag-once-perfume","11":"first","12":"instock","13":"sale","14":"taxable","15":"shipping-taxable","16":"purchasable","17":"product-type-simple"},"yoast_head":"<!-- This site is optimized with the Yoast SEO plugin v27.4 - https:\/\/yoast.com\/product\/yoast-seo-wordpress\/ -->\n<title>ONCE DESIGHT Eau De Parfum Intense kvepalai, 100 ml - MalinaShop.lt J\u016bs\u0173 sveikatai ir gro\u017eiui.<\/title>\n<meta name=\"description\" content=\"ONCE Desight \u2013 \u0161iltas, egzoti\u0161kas kvapas su tabako, kakavos ir vanil\u0117s natomis. Paslaptingas, jausmingas ir i\u0161skirtinis unisex aromatas.\" \/>\n<meta name=\"robots\" content=\"index, follow, max-snippet:-1, max-image-preview:large, max-video-preview:-1\" \/>\n<link rel=\"canonical\" href=\"https:\/\/www.malinashop.lt\/lt_lt\/shop\/once-desight-eau-de-parfum-intense-kvepalai-100-ml\/\" \/>\n<meta property=\"og:locale\" content=\"lt_LT\" \/>\n<meta property=\"og:type\" content=\"article\" \/>\n<meta property=\"og:title\" content=\"ONCE DESIGHT Eau De Parfum Intense kvepalai, 100 ml - MalinaShop.lt J\u016bs\u0173 sveikatai ir gro\u017eiui.\" \/>\n<meta property=\"og:description\" content=\"ONCE Desight \u2013 \u0161iltas, egzoti\u0161kas kvapas su tabako, kakavos ir vanil\u0117s natomis. Paslaptingas, jausmingas ir i\u0161skirtinis unisex aromatas.\" \/>\n<meta property=\"og:url\" content=\"https:\/\/www.malinashop.lt\/lt_lt\/shop\/once-desight-eau-de-parfum-intense-kvepalai-100-ml\/\" \/>\n<meta property=\"og:site_name\" content=\"MalinaShop.lt J\u016bs\u0173 sveikatai ir gro\u017eiui.\" \/>\n<meta property=\"article:modified_time\" content=\"2026-03-18T09:32:59+00:00\" \/>\n<meta property=\"og:image\" content=\"https:\/\/www.malinashop.lt\/wp-content\/uploads\/2024\/11\/ONCE-DESIGHT-Eau-De-Parfum-Intense-kvepalai-100-ml.jpg\" \/>\n\t<meta property=\"og:image:width\" content=\"1080\" \/>\n\t<meta property=\"og:image:height\" content=\"1080\" \/>\n\t<meta property=\"og:image:type\" content=\"image\/jpeg\" \/>\n<meta name=\"twitter:card\" content=\"summary_large_image\" \/>\n<script type=\"application\/ld+json\" class=\"yoast-schema-graph\">{\"@context\":\"https:\\\/\\\/schema.org\",\"@graph\":[{\"@type\":\"WebPage\",\"@id\":\"https:\\\/\\\/www.malinashop.lt\\\/shop\\\/once-desight-eau-de-parfum-intense-kvepalai-100-ml\\\/\",\"url\":\"https:\\\/\\\/www.malinashop.lt\\\/shop\\\/once-desight-eau-de-parfum-intense-kvepalai-100-ml\\\/\",\"name\":\"ONCE DESIGHT Eau De Parfum Intense kvepalai, 100 ml - MalinaShop.lt J\u016bs\u0173 sveikatai ir gro\u017eiui.\",\"isPartOf\":{\"@id\":\"https:\\\/\\\/www.malinashop.lt\\\/#website\"},\"primaryImageOfPage\":{\"@id\":\"https:\\\/\\\/www.malinashop.lt\\\/shop\\\/once-desight-eau-de-parfum-intense-kvepalai-100-ml\\\/#primaryimage\"},\"image\":{\"@id\":\"https:\\\/\\\/www.malinashop.lt\\\/shop\\\/once-desight-eau-de-parfum-intense-kvepalai-100-ml\\\/#primaryimage\"},\"thumbnailUrl\":\"https:\\\/\\\/www.malinashop.lt\\\/wp-content\\\/uploads\\\/2024\\\/11\\\/ONCE-DESIGHT-Eau-De-Parfum-Intense-kvepalai-100-ml.jpg\",\"datePublished\":\"2024-11-06T12:53:16+00:00\",\"dateModified\":\"2026-03-18T09:32:59+00:00\",\"description\":\"ONCE Desight \u2013 \u0161iltas, egzoti\u0161kas kvapas su tabako, kakavos ir vanil\u0117s natomis. Paslaptingas, jausmingas ir i\u0161skirtinis unisex aromatas.\",\"breadcrumb\":{\"@id\":\"https:\\\/\\\/www.malinashop.lt\\\/shop\\\/once-desight-eau-de-parfum-intense-kvepalai-100-ml\\\/#breadcrumb\"},\"inLanguage\":\"lt-LT\",\"potentialAction\":[{\"@type\":\"ReadAction\",\"target\":[\"https:\\\/\\\/www.malinashop.lt\\\/shop\\\/once-desight-eau-de-parfum-intense-kvepalai-100-ml\\\/\"]}]},{\"@type\":\"ImageObject\",\"inLanguage\":\"lt-LT\",\"@id\":\"https:\\\/\\\/www.malinashop.lt\\\/shop\\\/once-desight-eau-de-parfum-intense-kvepalai-100-ml\\\/#primaryimage\",\"url\":\"https:\\\/\\\/www.malinashop.lt\\\/wp-content\\\/uploads\\\/2024\\\/11\\\/ONCE-DESIGHT-Eau-De-Parfum-Intense-kvepalai-100-ml.jpg\",\"contentUrl\":\"https:\\\/\\\/www.malinashop.lt\\\/wp-content\\\/uploads\\\/2024\\\/11\\\/ONCE-DESIGHT-Eau-De-Parfum-Intense-kvepalai-100-ml.jpg\",\"width\":1080,\"height\":1080},{\"@type\":\"BreadcrumbList\",\"@id\":\"https:\\\/\\\/www.malinashop.lt\\\/shop\\\/once-desight-eau-de-parfum-intense-kvepalai-100-ml\\\/#breadcrumb\",\"itemListElement\":[{\"@type\":\"ListItem\",\"position\":1,\"name\":\"Pagrindinis\",\"item\":\"https:\\\/\\\/www.malinashop.lt\\\/\"},{\"@type\":\"ListItem\",\"position\":2,\"name\":\"Parduotuv\u0117\",\"item\":\"https:\\\/\\\/www.malinashop.lt\\\/en\\\/parduotuve\\\/\"},{\"@type\":\"ListItem\",\"position\":3,\"name\":\"ONCE DESIGHT Eau De Parfum Intense kvepalai, 100 ml\"}]},{\"@type\":\"WebSite\",\"@id\":\"https:\\\/\\\/www.malinashop.lt\\\/#website\",\"url\":\"https:\\\/\\\/www.malinashop.lt\\\/\",\"name\":\"COM Group Ecommerce\",\"description\":\"MalinaShop.lt - Gro\u017eio ir sveikatos produktai i\u0161 patikim\u0173 preki\u0173 \u017eenkl\u0173. Atraskite auk\u0161tos kokyb\u0117s kosmetik\u0105 u\u017e puiki\u0105 kain\u0105.\",\"publisher\":{\"@id\":\"https:\\\/\\\/www.malinashop.lt\\\/#organization\"},\"potentialAction\":[{\"@type\":\"SearchAction\",\"target\":{\"@type\":\"EntryPoint\",\"urlTemplate\":\"https:\\\/\\\/www.malinashop.lt\\\/?s={search_term_string}\"},\"query-input\":{\"@type\":\"PropertyValueSpecification\",\"valueRequired\":true,\"valueName\":\"search_term_string\"}}],\"inLanguage\":\"lt-LT\"},{\"@type\":\"Organization\",\"@id\":\"https:\\\/\\\/www.malinashop.lt\\\/#organization\",\"name\":\"COM Group Ecommerce\",\"url\":\"https:\\\/\\\/www.malinashop.lt\\\/\",\"logo\":{\"@type\":\"ImageObject\",\"inLanguage\":\"lt-LT\",\"@id\":\"https:\\\/\\\/www.malinashop.lt\\\/#\\\/schema\\\/logo\\\/image\\\/\",\"url\":\"https:\\\/\\\/www.malinashop.lt\\\/wp-content\\\/uploads\\\/2024\\\/08\\\/462559670_3787732518133670_9795632669273463_n-e1731525914575.png\",\"contentUrl\":\"https:\\\/\\\/www.malinashop.lt\\\/wp-content\\\/uploads\\\/2024\\\/08\\\/462559670_3787732518133670_9795632669273463_n-e1731525914575.png\",\"width\":180,\"height\":60,\"caption\":\"COM Group Ecommerce\"},\"image\":{\"@id\":\"https:\\\/\\\/www.malinashop.lt\\\/#\\\/schema\\\/logo\\\/image\\\/\"}}]}<\/script>\n<!-- \/ Yoast SEO plugin. -->","yoast_head_json":{"title":"ONCE DESIGHT Eau De Parfum Intense kvepalai, 100 ml - MalinaShop.lt J\u016bs\u0173 sveikatai ir gro\u017eiui.","description":"ONCE Desight \u2013 \u0161iltas, egzoti\u0161kas kvapas su tabako, kakavos ir vanil\u0117s natomis. Paslaptingas, jausmingas ir i\u0161skirtinis unisex aromatas.","robots":{"index":"index","follow":"follow","max-snippet":"max-snippet:-1","max-image-preview":"max-image-preview:large","max-video-preview":"max-video-preview:-1"},"canonical":"https:\/\/www.malinashop.lt\/lt_lt\/shop\/once-desight-eau-de-parfum-intense-kvepalai-100-ml\/","og_locale":"lt_LT","og_type":"article","og_title":"ONCE DESIGHT Eau De Parfum Intense kvepalai, 100 ml - MalinaShop.lt J\u016bs\u0173 sveikatai ir gro\u017eiui.","og_description":"ONCE Desight \u2013 \u0161iltas, egzoti\u0161kas kvapas su tabako, kakavos ir vanil\u0117s natomis. Paslaptingas, jausmingas ir i\u0161skirtinis unisex aromatas.","og_url":"https:\/\/www.malinashop.lt\/lt_lt\/shop\/once-desight-eau-de-parfum-intense-kvepalai-100-ml\/","og_site_name":"MalinaShop.lt J\u016bs\u0173 sveikatai ir gro\u017eiui.","article_modified_time":"2026-03-18T09:32:59+00:00","og_image":[{"width":1080,"height":1080,"url":"https:\/\/www.malinashop.lt\/wp-content\/uploads\/2024\/11\/ONCE-DESIGHT-Eau-De-Parfum-Intense-kvepalai-100-ml.jpg","type":"image\/jpeg"}],"twitter_card":"summary_large_image","schema":{"@context":"https:\/\/schema.org","@graph":[{"@type":"WebPage","@id":"https:\/\/www.malinashop.lt\/shop\/once-desight-eau-de-parfum-intense-kvepalai-100-ml\/","url":"https:\/\/www.malinashop.lt\/shop\/once-desight-eau-de-parfum-intense-kvepalai-100-ml\/","name":"ONCE DESIGHT Eau De Parfum Intense kvepalai, 100 ml - MalinaShop.lt J\u016bs\u0173 sveikatai ir gro\u017eiui.","isPartOf":{"@id":"https:\/\/www.malinashop.lt\/#website"},"primaryImageOfPage":{"@id":"https:\/\/www.malinashop.lt\/shop\/once-desight-eau-de-parfum-intense-kvepalai-100-ml\/#primaryimage"},"image":{"@id":"https:\/\/www.malinashop.lt\/shop\/once-desight-eau-de-parfum-intense-kvepalai-100-ml\/#primaryimage"},"thumbnailUrl":"https:\/\/www.malinashop.lt\/wp-content\/uploads\/2024\/11\/ONCE-DESIGHT-Eau-De-Parfum-Intense-kvepalai-100-ml.jpg","datePublished":"2024-11-06T12:53:16+00:00","dateModified":"2026-03-18T09:32:59+00:00","description":"ONCE Desight \u2013 \u0161iltas, egzoti\u0161kas kvapas su tabako, kakavos ir vanil\u0117s natomis. Paslaptingas, jausmingas ir i\u0161skirtinis unisex aromatas.","breadcrumb":{"@id":"https:\/\/www.malinashop.lt\/shop\/once-desight-eau-de-parfum-intense-kvepalai-100-ml\/#breadcrumb"},"inLanguage":"lt-LT","potentialAction":[{"@type":"ReadAction","target":["https:\/\/www.malinashop.lt\/shop\/once-desight-eau-de-parfum-intense-kvepalai-100-ml\/"]}]},{"@type":"ImageObject","inLanguage":"lt-LT","@id":"https:\/\/www.malinashop.lt\/shop\/once-desight-eau-de-parfum-intense-kvepalai-100-ml\/#primaryimage","url":"https:\/\/www.malinashop.lt\/wp-content\/uploads\/2024\/11\/ONCE-DESIGHT-Eau-De-Parfum-Intense-kvepalai-100-ml.jpg","contentUrl":"https:\/\/www.malinashop.lt\/wp-content\/uploads\/2024\/11\/ONCE-DESIGHT-Eau-De-Parfum-Intense-kvepalai-100-ml.jpg","width":1080,"height":1080},{"@type":"BreadcrumbList","@id":"https:\/\/www.malinashop.lt\/shop\/once-desight-eau-de-parfum-intense-kvepalai-100-ml\/#breadcrumb","itemListElement":[{"@type":"ListItem","position":1,"name":"Pagrindinis","item":"https:\/\/www.malinashop.lt\/"},{"@type":"ListItem","position":2,"name":"Parduotuv\u0117","item":"https:\/\/www.malinashop.lt\/en\/parduotuve\/"},{"@type":"ListItem","position":3,"name":"ONCE DESIGHT Eau De Parfum Intense kvepalai, 100 ml"}]},{"@type":"WebSite","@id":"https:\/\/www.malinashop.lt\/#website","url":"https:\/\/www.malinashop.lt\/","name":"COM Group Ecommerce","description":"MalinaShop.lt - Gro\u017eio ir sveikatos produktai i\u0161 patikim\u0173 preki\u0173 \u017eenkl\u0173. Atraskite auk\u0161tos kokyb\u0117s kosmetik\u0105 u\u017e puiki\u0105 kain\u0105.","publisher":{"@id":"https:\/\/www.malinashop.lt\/#organization"},"potentialAction":[{"@type":"SearchAction","target":{"@type":"EntryPoint","urlTemplate":"https:\/\/www.malinashop.lt\/?s={search_term_string}"},"query-input":{"@type":"PropertyValueSpecification","valueRequired":true,"valueName":"search_term_string"}}],"inLanguage":"lt-LT"},{"@type":"Organization","@id":"https:\/\/www.malinashop.lt\/#organization","name":"COM Group Ecommerce","url":"https:\/\/www.malinashop.lt\/","logo":{"@type":"ImageObject","inLanguage":"lt-LT","@id":"https:\/\/www.malinashop.lt\/#\/schema\/logo\/image\/","url":"https:\/\/www.malinashop.lt\/wp-content\/uploads\/2024\/08\/462559670_3787732518133670_9795632669273463_n-e1731525914575.png","contentUrl":"https:\/\/www.malinashop.lt\/wp-content\/uploads\/2024\/08\/462559670_3787732518133670_9795632669273463_n-e1731525914575.png","width":180,"height":60,"caption":"COM Group Ecommerce"},"image":{"@id":"https:\/\/www.malinashop.lt\/#\/schema\/logo\/image\/"}}]}},"jetpack_sharing_enabled":true,"_links":{"self":[{"href":"https:\/\/www.malinashop.lt\/lt_lt\/wp-json\/wp\/v2\/product\/20119","targetHints":{"allow":["GET"]}}],"collection":[{"href":"https:\/\/www.malinashop.lt\/lt_lt\/wp-json\/wp\/v2\/product"}],"about":[{"href":"https:\/\/www.malinashop.lt\/lt_lt\/wp-json\/wp\/v2\/types\/product"}],"version-history":[{"count":4,"href":"https:\/\/www.malinashop.lt\/lt_lt\/wp-json\/wp\/v2\/product\/20119\/revisions"}],"predecessor-version":[{"id":59838,"href":"https:\/\/www.malinashop.lt\/lt_lt\/wp-json\/wp\/v2\/product\/20119\/revisions\/59838"}],"wp:featuredmedia":[{"embeddable":true,"href":"https:\/\/www.malinashop.lt\/lt_lt\/wp-json\/wp\/v2\/media\/17874"}],"wp:attachment":[{"href":"https:\/\/www.malinashop.lt\/lt_lt\/wp-json\/wp\/v2\/media?parent=20119"}],"wp:term":[{"taxonomy":"product_brand","embeddable":true,"href":"https:\/\/www.malinashop.lt\/lt_lt\/wp-json\/wp\/v2\/product_brand?post=20119"},{"taxonomy":"product_cat","embeddable":true,"href":"https:\/\/www.malinashop.lt\/lt_lt\/wp-json\/wp\/v2\/product_cat?post=20119"},{"taxonomy":"product_tag","embeddable":true,"href":"https:\/\/www.malinashop.lt\/lt_lt\/wp-json\/wp\/v2\/product_tag?post=20119"}],"curies":[{"name":"wp","href":"https:\/\/api.w.org\/{rel}","templated":true}]}}