{"id":20117,"date":"2024-11-06T15:53:16","date_gmt":"2024-11-06T12:53:16","guid":{"rendered":"https:\/\/malinashop.lt\/produktas\/once-josy-eau-de-parfum-intense-kvepalai-100-ml\/"},"modified":"2026-03-18T12:32:59","modified_gmt":"2026-03-18T09:32:59","slug":"once-josy-eau-de-parfum-intense-kvepalai-100-ml","status":"publish","type":"product","link":"https:\/\/www.malinashop.lt\/lt_lt\/shop\/once-josy-eau-de-parfum-intense-kvepalai-100-ml\/","title":{"rendered":"ONCE JOSY Eau De Parfum Intense kvepalai, 100 ml"},"content":{"rendered":"<p data-start=\"244\" data-end=\"508\"><strong data-start=\"244\" data-end=\"257\">ONCE Josy<\/strong> \u2013 tai <strong data-start=\"264\" data-end=\"318\">grynumo, \u0161velnumo ir nat\u016bralios elegancijos kvapas<\/strong>, apjungiantis <strong data-start=\"333\" data-end=\"364\">j\u016bros gaiv\u0105 ir \u017eem\u0117s \u0161ilum\u0105<\/strong>. \u0160is aromatas tarsi atgaivina poj\u016b\u010dius \u2013 jis \u0161varus, subalansuotas ir \u0161vytintis, sukurtas tiems, kurie vertina <strong data-start=\"476\" data-end=\"505\">harmonij\u0105 ir autenti\u0161kum\u0105<\/strong>.<\/p>\n<p data-start=\"510\" data-end=\"822\">Kvapas prasideda <strong data-start=\"527\" data-end=\"549\">muskusin\u0117s ybi\u0161k\u0117s<\/strong> natomis, suteikian\u010diomis lengv\u0105 j\u016brin\u012f gaivum\u0105. \u0160irdyje atsiskleid\u017eia <strong data-start=\"620\" data-end=\"644\">pakalnut\u0117s \u0161velnumas<\/strong>, suteikiantis aromatui \u0161varos ir subtilaus moteri\u0161kumo. <strong data-start=\"701\" data-end=\"747\">Ambra, baltieji muskusai ir \u0105\u017euolo samanos<\/strong> baz\u0117je \u012f\u017eemina kvap\u0105, suteikia jam gilumo ir \u0161ilto, i\u0161liekan\u010dio p\u0117dsako.<\/p>\n<p data-start=\"824\" data-end=\"1037\">K\u016br\u0117ja <strong data-start=\"831\" data-end=\"852\">Angeline Leporini<\/strong> \u0161\u012f aromat\u0105 apib\u016bdina kaip <strong data-start=\"879\" data-end=\"914\">\u201etyros j\u016bros alsavim\u0105 ant odos\u201c<\/strong>. Jos k\u016bryba \u2013 tai emocij\u0173 ir poj\u016b\u010di\u0173 kelion\u0117, kur kiekvienas kvapas tampa pasakojimu apie \u017emog\u0173, jo patirtis ir b\u016bsenas.<\/p>\n<p data-start=\"1039\" data-end=\"1155\"><strong data-start=\"1039\" data-end=\"1052\">ONCE Josy<\/strong> \u2013 kvapas, kuris tarsi <strong data-start=\"1075\" data-end=\"1103\">apgaubia \u0161vara ir ramybe<\/strong>, palikdamas subtil\u0173, bet ilgai i\u0161liekant\u012f \u012fsp\u016bd\u012f.<\/p>\n<hr data-start=\"1157\" data-end=\"1160\" \/>\n<h3 data-start=\"1162\" data-end=\"1184\"><strong data-start=\"1166\" data-end=\"1182\">Kvap\u0173 natos:<\/strong><\/h3>\n<ul data-start=\"1185\" data-end=\"1308\">\n<li data-start=\"1185\" data-end=\"1221\">\n<p data-start=\"1187\" data-end=\"1221\"><strong data-start=\"1187\" data-end=\"1202\">Vir\u0161utin\u0117s:<\/strong> muskusin\u0117 ybi\u0161k\u0117<\/p>\n<\/li>\n<li data-start=\"1222\" data-end=\"1250\">\n<p data-start=\"1224\" data-end=\"1250\"><strong data-start=\"1224\" data-end=\"1238\">Vidurin\u0117s:<\/strong> pakalnut\u0117<\/p>\n<\/li>\n<li data-start=\"1251\" data-end=\"1308\">\n<p data-start=\"1253\" data-end=\"1308\"><strong data-start=\"1253\" data-end=\"1265\">Bazin\u0117s:<\/strong> ambra, baltieji muskusai, \u0105\u017euolo samanos<\/p>\n<\/li>\n<\/ul>\n<hr data-start=\"1310\" data-end=\"1313\" \/>\n<h3 data-start=\"1315\" data-end=\"1332\"><strong data-start=\"1319\" data-end=\"1330\">K\u016br\u0117ja:<\/strong><\/h3>\n<p data-start=\"1333\" data-end=\"1494\"><strong data-start=\"1333\" data-end=\"1354\">Angeline Leporini<\/strong> \u2013 pranc\u016bz\u0173 parfumer\u0117, kuri savo k\u016bryboje jungia <strong data-start=\"1403\" data-end=\"1445\">dosnum\u0105, smalsum\u0105 ir k\u016brybin\u012f laisvum\u0105<\/strong>, atrasdama gro\u017e\u012f netik\u0117tuose kvap\u0173 deriniuose.<\/p>\n<hr data-start=\"1496\" data-end=\"1499\" \/>\n<h3 data-start=\"1501\" data-end=\"1563\"><strong data-start=\"1505\" data-end=\"1561\">ONCE filosofija \u2013 kvapas, pasakojantis J\u016bs\u0173 istorij\u0105<\/strong><\/h3>\n<p data-start=\"1564\" data-end=\"1760\">Kiekvienas <strong data-start=\"1575\" data-end=\"1583\">ONCE<\/strong> aromatas \u2013 tai <strong data-start=\"1599\" data-end=\"1619\">emocij\u0173 i\u0161rai\u0161ka<\/strong>, leid\u017eianti kvapu perteikti <strong data-start=\"1648\" data-end=\"1695\">\u0161velnum\u0105, d\u017eiaugsm\u0105, ramyb\u0119 ar pasitik\u0117jim\u0105<\/strong>. Vos keli la\u0161ai leid\u017eia atsiskleisti J\u016bs\u0173 asmenybei per kvap\u0105.<\/p>\n<hr data-start=\"1762\" data-end=\"1765\" \/>\n<h3 data-start=\"1767\" data-end=\"1793\"><strong data-start=\"1771\" data-end=\"1791\">Aromato savyb\u0117s:<\/strong><\/h3>\n<ul data-start=\"1794\" data-end=\"1935\">\n<li data-start=\"1794\" data-end=\"1822\">\n<p data-start=\"1796\" data-end=\"1822\">Gaivus, \u0161varus, subtilus<\/p>\n<\/li>\n<li data-start=\"1823\" data-end=\"1859\">\n<p data-start=\"1825\" data-end=\"1859\">Tinka tiek vyrams, tiek moterims<\/p>\n<\/li>\n<li data-start=\"1860\" data-end=\"1891\">\n<p data-start=\"1862\" data-end=\"1891\">J\u016brinis\u2013gintarinis aromatas<\/p>\n<\/li>\n<li data-start=\"1892\" data-end=\"1935\">\n<p data-start=\"1894\" data-end=\"1935\">Idealus kasdienai ir ramioms akimirkoms<\/p>\n<\/li>\n<\/ul>\n","protected":false},"excerpt":{"rendered":"<p><strong data-start=\"28\" data-end=\"41\">ONCE Josy<\/strong> \u2013 gaivus ir \u0161varus aromatas, jungiantis j\u016bros ir \u017eem\u0117s tyrum\u0105. Ambros, muskuso ir pakalnut\u0117s natos sukuria subtil\u0173, i\u0161skirtin\u012f kvap\u0105, alsuojant\u012f ramybe ir elegancija.<\/p>\n","protected":false},"featured_media":18192,"template":"","meta":[],"product_brand":[558],"product_cat":[707,545],"product_tag":[1636],"class_list":{"0":"post-20117","1":"product","2":"type-product","3":"status-publish","4":"has-post-thumbnail","6":"product_brand-once-perfume","7":"product_cat-kvepalai","8":"product_cat-kvepalai-moterims","9":"product_tag-once-perfume","11":"first","12":"instock","13":"sale","14":"taxable","15":"shipping-taxable","16":"purchasable","17":"product-type-simple"},"yoast_head":"<!-- This site is optimized with the Yoast SEO plugin v27.4 - https:\/\/yoast.com\/product\/yoast-seo-wordpress\/ -->\n<title>ONCE JOSY Eau De Parfum Intense kvepalai, 100 ml - MalinaShop.lt J\u016bs\u0173 sveikatai ir gro\u017eiui.<\/title>\n<meta name=\"description\" content=\"ONCE Josy \u2013 gaivus unisex kvapas su ambros, muskuso ir pakalnut\u0117s natomis. Tyras, eleganti\u0161kas aromatas, \u012fk\u016bnijantis j\u016bros ir \u017eem\u0117s darn\u0105.\" \/>\n<meta name=\"robots\" content=\"index, follow, max-snippet:-1, max-image-preview:large, max-video-preview:-1\" \/>\n<link rel=\"canonical\" href=\"https:\/\/www.malinashop.lt\/lt_lt\/shop\/once-josy-eau-de-parfum-intense-kvepalai-100-ml\/\" \/>\n<meta property=\"og:locale\" content=\"lt_LT\" \/>\n<meta property=\"og:type\" content=\"article\" \/>\n<meta property=\"og:title\" content=\"ONCE JOSY Eau De Parfum Intense kvepalai, 100 ml - MalinaShop.lt J\u016bs\u0173 sveikatai ir gro\u017eiui.\" \/>\n<meta property=\"og:description\" content=\"ONCE Josy \u2013 gaivus unisex kvapas su ambros, muskuso ir pakalnut\u0117s natomis. Tyras, eleganti\u0161kas aromatas, \u012fk\u016bnijantis j\u016bros ir \u017eem\u0117s darn\u0105.\" \/>\n<meta property=\"og:url\" content=\"https:\/\/www.malinashop.lt\/lt_lt\/shop\/once-josy-eau-de-parfum-intense-kvepalai-100-ml\/\" \/>\n<meta property=\"og:site_name\" content=\"MalinaShop.lt J\u016bs\u0173 sveikatai ir gro\u017eiui.\" \/>\n<meta property=\"article:modified_time\" content=\"2026-03-18T09:32:59+00:00\" \/>\n<meta property=\"og:image\" content=\"https:\/\/www.malinashop.lt\/wp-content\/uploads\/2024\/11\/ONCE-JOSY-Eau-De-Parfum-Intense-kvepalai-100-ml.jpg\" \/>\n\t<meta property=\"og:image:width\" content=\"1080\" \/>\n\t<meta property=\"og:image:height\" content=\"1080\" \/>\n\t<meta property=\"og:image:type\" content=\"image\/jpeg\" \/>\n<meta name=\"twitter:card\" content=\"summary_large_image\" \/>\n<script type=\"application\/ld+json\" class=\"yoast-schema-graph\">{\"@context\":\"https:\\\/\\\/schema.org\",\"@graph\":[{\"@type\":\"WebPage\",\"@id\":\"https:\\\/\\\/www.malinashop.lt\\\/shop\\\/once-josy-eau-de-parfum-intense-kvepalai-100-ml\\\/\",\"url\":\"https:\\\/\\\/www.malinashop.lt\\\/shop\\\/once-josy-eau-de-parfum-intense-kvepalai-100-ml\\\/\",\"name\":\"ONCE JOSY Eau De Parfum Intense kvepalai, 100 ml - MalinaShop.lt J\u016bs\u0173 sveikatai ir gro\u017eiui.\",\"isPartOf\":{\"@id\":\"https:\\\/\\\/www.malinashop.lt\\\/#website\"},\"primaryImageOfPage\":{\"@id\":\"https:\\\/\\\/www.malinashop.lt\\\/shop\\\/once-josy-eau-de-parfum-intense-kvepalai-100-ml\\\/#primaryimage\"},\"image\":{\"@id\":\"https:\\\/\\\/www.malinashop.lt\\\/shop\\\/once-josy-eau-de-parfum-intense-kvepalai-100-ml\\\/#primaryimage\"},\"thumbnailUrl\":\"https:\\\/\\\/www.malinashop.lt\\\/wp-content\\\/uploads\\\/2024\\\/11\\\/ONCE-JOSY-Eau-De-Parfum-Intense-kvepalai-100-ml.jpg\",\"datePublished\":\"2024-11-06T12:53:16+00:00\",\"dateModified\":\"2026-03-18T09:32:59+00:00\",\"description\":\"ONCE Josy \u2013 gaivus unisex kvapas su ambros, muskuso ir pakalnut\u0117s natomis. Tyras, eleganti\u0161kas aromatas, \u012fk\u016bnijantis j\u016bros ir \u017eem\u0117s darn\u0105.\",\"breadcrumb\":{\"@id\":\"https:\\\/\\\/www.malinashop.lt\\\/shop\\\/once-josy-eau-de-parfum-intense-kvepalai-100-ml\\\/#breadcrumb\"},\"inLanguage\":\"lt-LT\",\"potentialAction\":[{\"@type\":\"ReadAction\",\"target\":[\"https:\\\/\\\/www.malinashop.lt\\\/shop\\\/once-josy-eau-de-parfum-intense-kvepalai-100-ml\\\/\"]}]},{\"@type\":\"ImageObject\",\"inLanguage\":\"lt-LT\",\"@id\":\"https:\\\/\\\/www.malinashop.lt\\\/shop\\\/once-josy-eau-de-parfum-intense-kvepalai-100-ml\\\/#primaryimage\",\"url\":\"https:\\\/\\\/www.malinashop.lt\\\/wp-content\\\/uploads\\\/2024\\\/11\\\/ONCE-JOSY-Eau-De-Parfum-Intense-kvepalai-100-ml.jpg\",\"contentUrl\":\"https:\\\/\\\/www.malinashop.lt\\\/wp-content\\\/uploads\\\/2024\\\/11\\\/ONCE-JOSY-Eau-De-Parfum-Intense-kvepalai-100-ml.jpg\",\"width\":1080,\"height\":1080},{\"@type\":\"BreadcrumbList\",\"@id\":\"https:\\\/\\\/www.malinashop.lt\\\/shop\\\/once-josy-eau-de-parfum-intense-kvepalai-100-ml\\\/#breadcrumb\",\"itemListElement\":[{\"@type\":\"ListItem\",\"position\":1,\"name\":\"Pagrindinis\",\"item\":\"https:\\\/\\\/www.malinashop.lt\\\/\"},{\"@type\":\"ListItem\",\"position\":2,\"name\":\"Parduotuv\u0117\",\"item\":\"https:\\\/\\\/www.malinashop.lt\\\/en\\\/parduotuve\\\/\"},{\"@type\":\"ListItem\",\"position\":3,\"name\":\"ONCE JOSY Eau De Parfum Intense kvepalai, 100 ml\"}]},{\"@type\":\"WebSite\",\"@id\":\"https:\\\/\\\/www.malinashop.lt\\\/#website\",\"url\":\"https:\\\/\\\/www.malinashop.lt\\\/\",\"name\":\"COM Group Ecommerce\",\"description\":\"MalinaShop.lt - Gro\u017eio ir sveikatos produktai i\u0161 patikim\u0173 preki\u0173 \u017eenkl\u0173. Atraskite auk\u0161tos kokyb\u0117s kosmetik\u0105 u\u017e puiki\u0105 kain\u0105.\",\"publisher\":{\"@id\":\"https:\\\/\\\/www.malinashop.lt\\\/#organization\"},\"potentialAction\":[{\"@type\":\"SearchAction\",\"target\":{\"@type\":\"EntryPoint\",\"urlTemplate\":\"https:\\\/\\\/www.malinashop.lt\\\/?s={search_term_string}\"},\"query-input\":{\"@type\":\"PropertyValueSpecification\",\"valueRequired\":true,\"valueName\":\"search_term_string\"}}],\"inLanguage\":\"lt-LT\"},{\"@type\":\"Organization\",\"@id\":\"https:\\\/\\\/www.malinashop.lt\\\/#organization\",\"name\":\"COM Group Ecommerce\",\"url\":\"https:\\\/\\\/www.malinashop.lt\\\/\",\"logo\":{\"@type\":\"ImageObject\",\"inLanguage\":\"lt-LT\",\"@id\":\"https:\\\/\\\/www.malinashop.lt\\\/#\\\/schema\\\/logo\\\/image\\\/\",\"url\":\"https:\\\/\\\/www.malinashop.lt\\\/wp-content\\\/uploads\\\/2024\\\/08\\\/462559670_3787732518133670_9795632669273463_n-e1731525914575.png\",\"contentUrl\":\"https:\\\/\\\/www.malinashop.lt\\\/wp-content\\\/uploads\\\/2024\\\/08\\\/462559670_3787732518133670_9795632669273463_n-e1731525914575.png\",\"width\":180,\"height\":60,\"caption\":\"COM Group Ecommerce\"},\"image\":{\"@id\":\"https:\\\/\\\/www.malinashop.lt\\\/#\\\/schema\\\/logo\\\/image\\\/\"}}]}<\/script>\n<!-- \/ Yoast SEO plugin. -->","yoast_head_json":{"title":"ONCE JOSY Eau De Parfum Intense kvepalai, 100 ml - MalinaShop.lt J\u016bs\u0173 sveikatai ir gro\u017eiui.","description":"ONCE Josy \u2013 gaivus unisex kvapas su ambros, muskuso ir pakalnut\u0117s natomis. Tyras, eleganti\u0161kas aromatas, \u012fk\u016bnijantis j\u016bros ir \u017eem\u0117s darn\u0105.","robots":{"index":"index","follow":"follow","max-snippet":"max-snippet:-1","max-image-preview":"max-image-preview:large","max-video-preview":"max-video-preview:-1"},"canonical":"https:\/\/www.malinashop.lt\/lt_lt\/shop\/once-josy-eau-de-parfum-intense-kvepalai-100-ml\/","og_locale":"lt_LT","og_type":"article","og_title":"ONCE JOSY Eau De Parfum Intense kvepalai, 100 ml - MalinaShop.lt J\u016bs\u0173 sveikatai ir gro\u017eiui.","og_description":"ONCE Josy \u2013 gaivus unisex kvapas su ambros, muskuso ir pakalnut\u0117s natomis. Tyras, eleganti\u0161kas aromatas, \u012fk\u016bnijantis j\u016bros ir \u017eem\u0117s darn\u0105.","og_url":"https:\/\/www.malinashop.lt\/lt_lt\/shop\/once-josy-eau-de-parfum-intense-kvepalai-100-ml\/","og_site_name":"MalinaShop.lt J\u016bs\u0173 sveikatai ir gro\u017eiui.","article_modified_time":"2026-03-18T09:32:59+00:00","og_image":[{"width":1080,"height":1080,"url":"https:\/\/www.malinashop.lt\/wp-content\/uploads\/2024\/11\/ONCE-JOSY-Eau-De-Parfum-Intense-kvepalai-100-ml.jpg","type":"image\/jpeg"}],"twitter_card":"summary_large_image","schema":{"@context":"https:\/\/schema.org","@graph":[{"@type":"WebPage","@id":"https:\/\/www.malinashop.lt\/shop\/once-josy-eau-de-parfum-intense-kvepalai-100-ml\/","url":"https:\/\/www.malinashop.lt\/shop\/once-josy-eau-de-parfum-intense-kvepalai-100-ml\/","name":"ONCE JOSY Eau De Parfum Intense kvepalai, 100 ml - MalinaShop.lt J\u016bs\u0173 sveikatai ir gro\u017eiui.","isPartOf":{"@id":"https:\/\/www.malinashop.lt\/#website"},"primaryImageOfPage":{"@id":"https:\/\/www.malinashop.lt\/shop\/once-josy-eau-de-parfum-intense-kvepalai-100-ml\/#primaryimage"},"image":{"@id":"https:\/\/www.malinashop.lt\/shop\/once-josy-eau-de-parfum-intense-kvepalai-100-ml\/#primaryimage"},"thumbnailUrl":"https:\/\/www.malinashop.lt\/wp-content\/uploads\/2024\/11\/ONCE-JOSY-Eau-De-Parfum-Intense-kvepalai-100-ml.jpg","datePublished":"2024-11-06T12:53:16+00:00","dateModified":"2026-03-18T09:32:59+00:00","description":"ONCE Josy \u2013 gaivus unisex kvapas su ambros, muskuso ir pakalnut\u0117s natomis. Tyras, eleganti\u0161kas aromatas, \u012fk\u016bnijantis j\u016bros ir \u017eem\u0117s darn\u0105.","breadcrumb":{"@id":"https:\/\/www.malinashop.lt\/shop\/once-josy-eau-de-parfum-intense-kvepalai-100-ml\/#breadcrumb"},"inLanguage":"lt-LT","potentialAction":[{"@type":"ReadAction","target":["https:\/\/www.malinashop.lt\/shop\/once-josy-eau-de-parfum-intense-kvepalai-100-ml\/"]}]},{"@type":"ImageObject","inLanguage":"lt-LT","@id":"https:\/\/www.malinashop.lt\/shop\/once-josy-eau-de-parfum-intense-kvepalai-100-ml\/#primaryimage","url":"https:\/\/www.malinashop.lt\/wp-content\/uploads\/2024\/11\/ONCE-JOSY-Eau-De-Parfum-Intense-kvepalai-100-ml.jpg","contentUrl":"https:\/\/www.malinashop.lt\/wp-content\/uploads\/2024\/11\/ONCE-JOSY-Eau-De-Parfum-Intense-kvepalai-100-ml.jpg","width":1080,"height":1080},{"@type":"BreadcrumbList","@id":"https:\/\/www.malinashop.lt\/shop\/once-josy-eau-de-parfum-intense-kvepalai-100-ml\/#breadcrumb","itemListElement":[{"@type":"ListItem","position":1,"name":"Pagrindinis","item":"https:\/\/www.malinashop.lt\/"},{"@type":"ListItem","position":2,"name":"Parduotuv\u0117","item":"https:\/\/www.malinashop.lt\/en\/parduotuve\/"},{"@type":"ListItem","position":3,"name":"ONCE JOSY Eau De Parfum Intense kvepalai, 100 ml"}]},{"@type":"WebSite","@id":"https:\/\/www.malinashop.lt\/#website","url":"https:\/\/www.malinashop.lt\/","name":"COM Group Ecommerce","description":"MalinaShop.lt - Gro\u017eio ir sveikatos produktai i\u0161 patikim\u0173 preki\u0173 \u017eenkl\u0173. Atraskite auk\u0161tos kokyb\u0117s kosmetik\u0105 u\u017e puiki\u0105 kain\u0105.","publisher":{"@id":"https:\/\/www.malinashop.lt\/#organization"},"potentialAction":[{"@type":"SearchAction","target":{"@type":"EntryPoint","urlTemplate":"https:\/\/www.malinashop.lt\/?s={search_term_string}"},"query-input":{"@type":"PropertyValueSpecification","valueRequired":true,"valueName":"search_term_string"}}],"inLanguage":"lt-LT"},{"@type":"Organization","@id":"https:\/\/www.malinashop.lt\/#organization","name":"COM Group Ecommerce","url":"https:\/\/www.malinashop.lt\/","logo":{"@type":"ImageObject","inLanguage":"lt-LT","@id":"https:\/\/www.malinashop.lt\/#\/schema\/logo\/image\/","url":"https:\/\/www.malinashop.lt\/wp-content\/uploads\/2024\/08\/462559670_3787732518133670_9795632669273463_n-e1731525914575.png","contentUrl":"https:\/\/www.malinashop.lt\/wp-content\/uploads\/2024\/08\/462559670_3787732518133670_9795632669273463_n-e1731525914575.png","width":180,"height":60,"caption":"COM Group Ecommerce"},"image":{"@id":"https:\/\/www.malinashop.lt\/#\/schema\/logo\/image\/"}}]}},"jetpack_sharing_enabled":true,"_links":{"self":[{"href":"https:\/\/www.malinashop.lt\/lt_lt\/wp-json\/wp\/v2\/product\/20117","targetHints":{"allow":["GET"]}}],"collection":[{"href":"https:\/\/www.malinashop.lt\/lt_lt\/wp-json\/wp\/v2\/product"}],"about":[{"href":"https:\/\/www.malinashop.lt\/lt_lt\/wp-json\/wp\/v2\/types\/product"}],"version-history":[{"count":3,"href":"https:\/\/www.malinashop.lt\/lt_lt\/wp-json\/wp\/v2\/product\/20117\/revisions"}],"predecessor-version":[{"id":59836,"href":"https:\/\/www.malinashop.lt\/lt_lt\/wp-json\/wp\/v2\/product\/20117\/revisions\/59836"}],"wp:featuredmedia":[{"embeddable":true,"href":"https:\/\/www.malinashop.lt\/lt_lt\/wp-json\/wp\/v2\/media\/18192"}],"wp:attachment":[{"href":"https:\/\/www.malinashop.lt\/lt_lt\/wp-json\/wp\/v2\/media?parent=20117"}],"wp:term":[{"taxonomy":"product_brand","embeddable":true,"href":"https:\/\/www.malinashop.lt\/lt_lt\/wp-json\/wp\/v2\/product_brand?post=20117"},{"taxonomy":"product_cat","embeddable":true,"href":"https:\/\/www.malinashop.lt\/lt_lt\/wp-json\/wp\/v2\/product_cat?post=20117"},{"taxonomy":"product_tag","embeddable":true,"href":"https:\/\/www.malinashop.lt\/lt_lt\/wp-json\/wp\/v2\/product_tag?post=20117"}],"curies":[{"name":"wp","href":"https:\/\/api.w.org\/{rel}","templated":true}]}}