{"id":20115,"date":"2024-11-06T15:53:16","date_gmt":"2024-11-06T12:53:16","guid":{"rendered":"https:\/\/malinashop.lt\/produktas\/once-braries-eau-de-parfum-intense-kvepalai-100-ml\/"},"modified":"2026-03-18T12:32:58","modified_gmt":"2026-03-18T09:32:58","slug":"once-braries-eau-de-parfum-intense-kvepalai-100-ml","status":"publish","type":"product","link":"https:\/\/www.malinashop.lt\/lt_lt\/shop\/once-braries-eau-de-parfum-intense-kvepalai-100-ml\/","title":{"rendered":"ONCE BRARIES Eau De Parfum Intense kvepalai, 100 ml"},"content":{"rendered":"<p>&nbsp;<\/p>\n<div class=\"text-tab text-tab-id-11\">\n<p data-start=\"248\" data-end=\"551\"><strong data-start=\"248\" data-end=\"264\">ONCE Braries<\/strong> \u2013 tai <strong data-start=\"271\" data-end=\"315\">jausmingas, gilus ir paslaptingas kvapas<\/strong>, kuriame susipina <strong data-start=\"334\" data-end=\"358\">Indonezijos pa\u010diuli\u0173<\/strong> ir <strong data-start=\"362\" data-end=\"380\">Ceilono tabako<\/strong> natos, apgaubtos <strong data-start=\"398\" data-end=\"427\">pikanti\u0161kais prieskoniais<\/strong>. \u0160is aromatas \u2013 <strong data-start=\"444\" data-end=\"477\">stiprus charakteris buteliuke<\/strong>, sukurtas tiems, kurie m\u0117gsta i\u0161siskirti ir palikti nei\u0161dildom\u0105 \u012fsp\u016bd\u012f.<\/p>\n<p data-start=\"553\" data-end=\"892\">Kvapo prad\u017eioje juntami <strong data-start=\"577\" data-end=\"606\">juodojo ir ro\u017einio pipir\u0173<\/strong> akordai suteikia energijos ir dr\u0105sos. Vidurin\u0117je kvapo dalyje atsiskleid\u017eia <strong data-start=\"683\" data-end=\"722\">vetiverijos, tonkapupi\u0173 ir pa\u010diuli\u0173<\/strong> harmonija, kuri kvapui suteikia \u0161ilumos, gylio ir \u017eemi\u0161kumo. Bazin\u0117je dalyje vyrauja <strong data-start=\"808\" data-end=\"842\">tabakas, benzoinas ir muskusas<\/strong>, paliekantys sodr\u0173, rafinuot\u0105 p\u0117dsak\u0105 ant odos.<\/p>\n<p data-start=\"894\" data-end=\"1122\">\u0160io aromato k\u016br\u0117ja \u2013 <strong data-start=\"915\" data-end=\"936\">Angeline Leporini<\/strong>, gars\u0117janti savo geb\u0117jimu kurti <strong data-start=\"969\" data-end=\"1006\">unikalias parfumerines simfonijas<\/strong>. Jos kvapai pasi\u017eymi <strong data-start=\"1028\" data-end=\"1071\">dosnumu, k\u016brybi\u0161kumu ir nuotyki\u0173 dvasia<\/strong> \u2013 b\u016btent tai atsispindi ir ONCE Braries aromate.<\/p>\n<p data-start=\"1124\" data-end=\"1285\"><strong data-start=\"1124\" data-end=\"1140\">ONCE Braries<\/strong> \u2013 tai kvapas, \u012fk\u016bnijantis <strong data-start=\"1167\" data-end=\"1204\">j\u0117g\u0105, aistr\u0105 ir savit\u0105 elegancij\u0105<\/strong>, skirtas tiek vyrams, tiek moterims, kurie vertina intensyvum\u0105 ir rafinuotum\u0105.<\/p>\n<hr data-start=\"1287\" data-end=\"1290\" \/>\n<h3 data-start=\"1292\" data-end=\"1314\"><strong data-start=\"1296\" data-end=\"1312\">Kvap\u0173 natos:<\/strong><\/h3>\n<ul data-start=\"1315\" data-end=\"1468\">\n<li data-start=\"1315\" data-end=\"1369\">\n<p data-start=\"1317\" data-end=\"1369\"><strong data-start=\"1317\" data-end=\"1332\">Vir\u0161utin\u0117s:<\/strong> juodasis pipiras, ro\u017einis pipiras.<\/p>\n<\/li>\n<li data-start=\"1370\" data-end=\"1421\">\n<p data-start=\"1372\" data-end=\"1421\"><strong data-start=\"1372\" data-end=\"1386\">Vidurin\u0117s:<\/strong> tonkapup\u0117, vetiverija, pa\u010diulis.<\/p>\n<\/li>\n<li data-start=\"1422\" data-end=\"1468\">\n<p data-start=\"1424\" data-end=\"1468\"><strong data-start=\"1424\" data-end=\"1436\">Bazin\u0117s:<\/strong> tabakas, benzoinas, muskusas.<\/p>\n<\/li>\n<\/ul>\n<hr data-start=\"1470\" data-end=\"1473\" \/>\n<h3 data-start=\"1475\" data-end=\"1492\"><strong data-start=\"1479\" data-end=\"1490\">K\u016br\u0117ja:<\/strong><\/h3>\n<p data-start=\"1493\" data-end=\"1615\"><strong data-start=\"1493\" data-end=\"1514\">Angeline Leporini<\/strong> \u2013 pranc\u016bz\u0173 parfumer\u0117, kurios k\u016bryba pasi\u017eymi <strong data-start=\"1560\" data-end=\"1612\">giliu emociniu turiniu, smalsumu ir autenti\u0161kumu<\/strong>.<\/p>\n<hr data-start=\"1617\" data-end=\"1620\" \/>\n<h3 data-start=\"1622\" data-end=\"1684\"><strong data-start=\"1626\" data-end=\"1682\">ONCE filosofija \u2013 kvapas, pasakojantis J\u016bs\u0173 istorij\u0105<\/strong><\/h3>\n<p data-start=\"1685\" data-end=\"1892\">Kiekvienas <strong data-start=\"1696\" data-end=\"1704\">ONCE<\/strong> aromatas atskleid\u017eia <strong data-start=\"1726\" data-end=\"1764\">asmenyb\u0119, emocijas ir prisiminimus<\/strong>. Vos keli la\u0161ai kvepal\u0173 leid\u017eia i\u0161reik\u0161ti <strong data-start=\"1807\" data-end=\"1845\">dr\u0105s\u0105, pasitik\u0117jim\u0105 ir jausmingum\u0105<\/strong>, kuriuos kiekvienas \u017emogus ne\u0161iojasi savyje.<\/p>\n<hr data-start=\"1894\" data-end=\"1897\" \/>\n<h3 data-start=\"1899\" data-end=\"1925\"><strong data-start=\"1903\" data-end=\"1923\">Aromato savyb\u0117s:<\/strong><\/h3>\n<ul data-start=\"1926\" data-end=\"2103\">\n<li data-start=\"1926\" data-end=\"1975\">\n<p data-start=\"1928\" data-end=\"1975\">Intensyvus, jausmingas, prieskoninis aromatas<\/p>\n<\/li>\n<li data-start=\"1976\" data-end=\"2012\">\n<p data-start=\"1978\" data-end=\"2012\">Tinka tiek vyrams, tiek moterims<\/p>\n<\/li>\n<li data-start=\"2013\" data-end=\"2052\">\n<p data-start=\"2015\" data-end=\"2052\">Sodrus tabako ir pa\u010diuli\u0173 pagrindas<\/p>\n<\/li>\n<li data-start=\"2053\" data-end=\"2103\">\n<p data-start=\"2055\" data-end=\"2103\">Ilgai i\u0161liekantis, eleganti\u0161kas kvapas vakarui<\/p>\n<\/li>\n<\/ul>\n<\/div>\n","protected":false},"excerpt":{"rendered":"<p><strong data-start=\"28\" data-end=\"44\">ONCE Braries<\/strong> \u2013 unisex aromatas, jungiantis Indonezijos pa\u010diulius, Ceilono tabak\u0105 ir prieskonius. Intensyvus, paslaptingas ir eleganti\u0161kas kvapas, kuriame susilieja \u0161iluma ir galia.<\/p>\n","protected":false},"featured_media":21275,"template":"","meta":[],"product_brand":[558],"product_cat":[707,545],"product_tag":[1636],"class_list":{"0":"post-20115","1":"product","2":"type-product","3":"status-publish","4":"has-post-thumbnail","6":"product_brand-once-perfume","7":"product_cat-kvepalai","8":"product_cat-kvepalai-moterims","9":"product_tag-once-perfume","11":"first","12":"instock","13":"sale","14":"taxable","15":"shipping-taxable","16":"purchasable","17":"product-type-simple"},"yoast_head":"<!-- This site is optimized with the Yoast SEO plugin v27.4 - https:\/\/yoast.com\/product\/yoast-seo-wordpress\/ -->\n<title>ONCE BRARIES Eau De Parfum Intense kvepalai, 100 ml - MalinaShop.lt J\u016bs\u0173 sveikatai ir gro\u017eiui.<\/title>\n<meta name=\"description\" content=\"ONCE Braries \u2013 prieskoninis unisex kvapas su pa\u010diuli\u0173, tabako ir muskuso natomis. Gilus, eleganti\u0161kas ir paslaptingas aromatas stipriai asmenybei.\" \/>\n<meta name=\"robots\" content=\"index, follow, max-snippet:-1, max-image-preview:large, max-video-preview:-1\" \/>\n<link rel=\"canonical\" href=\"https:\/\/www.malinashop.lt\/lt_lt\/shop\/once-braries-eau-de-parfum-intense-kvepalai-100-ml\/\" \/>\n<meta property=\"og:locale\" content=\"lt_LT\" \/>\n<meta property=\"og:type\" content=\"article\" \/>\n<meta property=\"og:title\" content=\"ONCE BRARIES Eau De Parfum Intense kvepalai, 100 ml - MalinaShop.lt J\u016bs\u0173 sveikatai ir gro\u017eiui.\" \/>\n<meta property=\"og:description\" content=\"ONCE Braries \u2013 prieskoninis unisex kvapas su pa\u010diuli\u0173, tabako ir muskuso natomis. Gilus, eleganti\u0161kas ir paslaptingas aromatas stipriai asmenybei.\" \/>\n<meta property=\"og:url\" content=\"https:\/\/www.malinashop.lt\/lt_lt\/shop\/once-braries-eau-de-parfum-intense-kvepalai-100-ml\/\" \/>\n<meta property=\"og:site_name\" content=\"MalinaShop.lt J\u016bs\u0173 sveikatai ir gro\u017eiui.\" \/>\n<meta property=\"article:modified_time\" content=\"2026-03-18T09:32:58+00:00\" \/>\n<meta property=\"og:image\" content=\"https:\/\/www.malinashop.lt\/wp-content\/uploads\/2024\/11\/once-braries-eau-de-parfum-intense-kvepalai-150-ml-2-1.jpg\" \/>\n\t<meta property=\"og:image:width\" content=\"388\" \/>\n\t<meta property=\"og:image:height\" content=\"388\" \/>\n\t<meta property=\"og:image:type\" content=\"image\/jpeg\" \/>\n<meta name=\"twitter:card\" content=\"summary_large_image\" \/>\n<script type=\"application\/ld+json\" class=\"yoast-schema-graph\">{\"@context\":\"https:\\\/\\\/schema.org\",\"@graph\":[{\"@type\":\"WebPage\",\"@id\":\"https:\\\/\\\/www.malinashop.lt\\\/shop\\\/once-braries-eau-de-parfum-intense-kvepalai-100-ml\\\/\",\"url\":\"https:\\\/\\\/www.malinashop.lt\\\/shop\\\/once-braries-eau-de-parfum-intense-kvepalai-100-ml\\\/\",\"name\":\"ONCE BRARIES Eau De Parfum Intense kvepalai, 100 ml - MalinaShop.lt J\u016bs\u0173 sveikatai ir gro\u017eiui.\",\"isPartOf\":{\"@id\":\"https:\\\/\\\/www.malinashop.lt\\\/#website\"},\"primaryImageOfPage\":{\"@id\":\"https:\\\/\\\/www.malinashop.lt\\\/shop\\\/once-braries-eau-de-parfum-intense-kvepalai-100-ml\\\/#primaryimage\"},\"image\":{\"@id\":\"https:\\\/\\\/www.malinashop.lt\\\/shop\\\/once-braries-eau-de-parfum-intense-kvepalai-100-ml\\\/#primaryimage\"},\"thumbnailUrl\":\"https:\\\/\\\/www.malinashop.lt\\\/wp-content\\\/uploads\\\/2024\\\/11\\\/once-braries-eau-de-parfum-intense-kvepalai-150-ml-2-1.jpg\",\"datePublished\":\"2024-11-06T12:53:16+00:00\",\"dateModified\":\"2026-03-18T09:32:58+00:00\",\"description\":\"ONCE Braries \u2013 prieskoninis unisex kvapas su pa\u010diuli\u0173, tabako ir muskuso natomis. Gilus, eleganti\u0161kas ir paslaptingas aromatas stipriai asmenybei.\",\"breadcrumb\":{\"@id\":\"https:\\\/\\\/www.malinashop.lt\\\/shop\\\/once-braries-eau-de-parfum-intense-kvepalai-100-ml\\\/#breadcrumb\"},\"inLanguage\":\"lt-LT\",\"potentialAction\":[{\"@type\":\"ReadAction\",\"target\":[\"https:\\\/\\\/www.malinashop.lt\\\/shop\\\/once-braries-eau-de-parfum-intense-kvepalai-100-ml\\\/\"]}]},{\"@type\":\"ImageObject\",\"inLanguage\":\"lt-LT\",\"@id\":\"https:\\\/\\\/www.malinashop.lt\\\/shop\\\/once-braries-eau-de-parfum-intense-kvepalai-100-ml\\\/#primaryimage\",\"url\":\"https:\\\/\\\/www.malinashop.lt\\\/wp-content\\\/uploads\\\/2024\\\/11\\\/once-braries-eau-de-parfum-intense-kvepalai-150-ml-2-1.jpg\",\"contentUrl\":\"https:\\\/\\\/www.malinashop.lt\\\/wp-content\\\/uploads\\\/2024\\\/11\\\/once-braries-eau-de-parfum-intense-kvepalai-150-ml-2-1.jpg\",\"width\":388,\"height\":388},{\"@type\":\"BreadcrumbList\",\"@id\":\"https:\\\/\\\/www.malinashop.lt\\\/shop\\\/once-braries-eau-de-parfum-intense-kvepalai-100-ml\\\/#breadcrumb\",\"itemListElement\":[{\"@type\":\"ListItem\",\"position\":1,\"name\":\"Pagrindinis\",\"item\":\"https:\\\/\\\/www.malinashop.lt\\\/\"},{\"@type\":\"ListItem\",\"position\":2,\"name\":\"Parduotuv\u0117\",\"item\":\"https:\\\/\\\/www.malinashop.lt\\\/en\\\/parduotuve\\\/\"},{\"@type\":\"ListItem\",\"position\":3,\"name\":\"ONCE BRARIES Eau De Parfum Intense kvepalai, 100 ml\"}]},{\"@type\":\"WebSite\",\"@id\":\"https:\\\/\\\/www.malinashop.lt\\\/#website\",\"url\":\"https:\\\/\\\/www.malinashop.lt\\\/\",\"name\":\"COM Group Ecommerce\",\"description\":\"MalinaShop.lt - Gro\u017eio ir sveikatos produktai i\u0161 patikim\u0173 preki\u0173 \u017eenkl\u0173. Atraskite auk\u0161tos kokyb\u0117s kosmetik\u0105 u\u017e puiki\u0105 kain\u0105.\",\"publisher\":{\"@id\":\"https:\\\/\\\/www.malinashop.lt\\\/#organization\"},\"potentialAction\":[{\"@type\":\"SearchAction\",\"target\":{\"@type\":\"EntryPoint\",\"urlTemplate\":\"https:\\\/\\\/www.malinashop.lt\\\/?s={search_term_string}\"},\"query-input\":{\"@type\":\"PropertyValueSpecification\",\"valueRequired\":true,\"valueName\":\"search_term_string\"}}],\"inLanguage\":\"lt-LT\"},{\"@type\":\"Organization\",\"@id\":\"https:\\\/\\\/www.malinashop.lt\\\/#organization\",\"name\":\"COM Group Ecommerce\",\"url\":\"https:\\\/\\\/www.malinashop.lt\\\/\",\"logo\":{\"@type\":\"ImageObject\",\"inLanguage\":\"lt-LT\",\"@id\":\"https:\\\/\\\/www.malinashop.lt\\\/#\\\/schema\\\/logo\\\/image\\\/\",\"url\":\"https:\\\/\\\/www.malinashop.lt\\\/wp-content\\\/uploads\\\/2024\\\/08\\\/462559670_3787732518133670_9795632669273463_n-e1731525914575.png\",\"contentUrl\":\"https:\\\/\\\/www.malinashop.lt\\\/wp-content\\\/uploads\\\/2024\\\/08\\\/462559670_3787732518133670_9795632669273463_n-e1731525914575.png\",\"width\":180,\"height\":60,\"caption\":\"COM Group Ecommerce\"},\"image\":{\"@id\":\"https:\\\/\\\/www.malinashop.lt\\\/#\\\/schema\\\/logo\\\/image\\\/\"}}]}<\/script>\n<!-- \/ Yoast SEO plugin. -->","yoast_head_json":{"title":"ONCE BRARIES Eau De Parfum Intense kvepalai, 100 ml - MalinaShop.lt J\u016bs\u0173 sveikatai ir gro\u017eiui.","description":"ONCE Braries \u2013 prieskoninis unisex kvapas su pa\u010diuli\u0173, tabako ir muskuso natomis. Gilus, eleganti\u0161kas ir paslaptingas aromatas stipriai asmenybei.","robots":{"index":"index","follow":"follow","max-snippet":"max-snippet:-1","max-image-preview":"max-image-preview:large","max-video-preview":"max-video-preview:-1"},"canonical":"https:\/\/www.malinashop.lt\/lt_lt\/shop\/once-braries-eau-de-parfum-intense-kvepalai-100-ml\/","og_locale":"lt_LT","og_type":"article","og_title":"ONCE BRARIES Eau De Parfum Intense kvepalai, 100 ml - MalinaShop.lt J\u016bs\u0173 sveikatai ir gro\u017eiui.","og_description":"ONCE Braries \u2013 prieskoninis unisex kvapas su pa\u010diuli\u0173, tabako ir muskuso natomis. Gilus, eleganti\u0161kas ir paslaptingas aromatas stipriai asmenybei.","og_url":"https:\/\/www.malinashop.lt\/lt_lt\/shop\/once-braries-eau-de-parfum-intense-kvepalai-100-ml\/","og_site_name":"MalinaShop.lt J\u016bs\u0173 sveikatai ir gro\u017eiui.","article_modified_time":"2026-03-18T09:32:58+00:00","og_image":[{"width":388,"height":388,"url":"https:\/\/www.malinashop.lt\/wp-content\/uploads\/2024\/11\/once-braries-eau-de-parfum-intense-kvepalai-150-ml-2-1.jpg","type":"image\/jpeg"}],"twitter_card":"summary_large_image","schema":{"@context":"https:\/\/schema.org","@graph":[{"@type":"WebPage","@id":"https:\/\/www.malinashop.lt\/shop\/once-braries-eau-de-parfum-intense-kvepalai-100-ml\/","url":"https:\/\/www.malinashop.lt\/shop\/once-braries-eau-de-parfum-intense-kvepalai-100-ml\/","name":"ONCE BRARIES Eau De Parfum Intense kvepalai, 100 ml - MalinaShop.lt J\u016bs\u0173 sveikatai ir gro\u017eiui.","isPartOf":{"@id":"https:\/\/www.malinashop.lt\/#website"},"primaryImageOfPage":{"@id":"https:\/\/www.malinashop.lt\/shop\/once-braries-eau-de-parfum-intense-kvepalai-100-ml\/#primaryimage"},"image":{"@id":"https:\/\/www.malinashop.lt\/shop\/once-braries-eau-de-parfum-intense-kvepalai-100-ml\/#primaryimage"},"thumbnailUrl":"https:\/\/www.malinashop.lt\/wp-content\/uploads\/2024\/11\/once-braries-eau-de-parfum-intense-kvepalai-150-ml-2-1.jpg","datePublished":"2024-11-06T12:53:16+00:00","dateModified":"2026-03-18T09:32:58+00:00","description":"ONCE Braries \u2013 prieskoninis unisex kvapas su pa\u010diuli\u0173, tabako ir muskuso natomis. Gilus, eleganti\u0161kas ir paslaptingas aromatas stipriai asmenybei.","breadcrumb":{"@id":"https:\/\/www.malinashop.lt\/shop\/once-braries-eau-de-parfum-intense-kvepalai-100-ml\/#breadcrumb"},"inLanguage":"lt-LT","potentialAction":[{"@type":"ReadAction","target":["https:\/\/www.malinashop.lt\/shop\/once-braries-eau-de-parfum-intense-kvepalai-100-ml\/"]}]},{"@type":"ImageObject","inLanguage":"lt-LT","@id":"https:\/\/www.malinashop.lt\/shop\/once-braries-eau-de-parfum-intense-kvepalai-100-ml\/#primaryimage","url":"https:\/\/www.malinashop.lt\/wp-content\/uploads\/2024\/11\/once-braries-eau-de-parfum-intense-kvepalai-150-ml-2-1.jpg","contentUrl":"https:\/\/www.malinashop.lt\/wp-content\/uploads\/2024\/11\/once-braries-eau-de-parfum-intense-kvepalai-150-ml-2-1.jpg","width":388,"height":388},{"@type":"BreadcrumbList","@id":"https:\/\/www.malinashop.lt\/shop\/once-braries-eau-de-parfum-intense-kvepalai-100-ml\/#breadcrumb","itemListElement":[{"@type":"ListItem","position":1,"name":"Pagrindinis","item":"https:\/\/www.malinashop.lt\/"},{"@type":"ListItem","position":2,"name":"Parduotuv\u0117","item":"https:\/\/www.malinashop.lt\/en\/parduotuve\/"},{"@type":"ListItem","position":3,"name":"ONCE BRARIES Eau De Parfum Intense kvepalai, 100 ml"}]},{"@type":"WebSite","@id":"https:\/\/www.malinashop.lt\/#website","url":"https:\/\/www.malinashop.lt\/","name":"COM Group Ecommerce","description":"MalinaShop.lt - Gro\u017eio ir sveikatos produktai i\u0161 patikim\u0173 preki\u0173 \u017eenkl\u0173. Atraskite auk\u0161tos kokyb\u0117s kosmetik\u0105 u\u017e puiki\u0105 kain\u0105.","publisher":{"@id":"https:\/\/www.malinashop.lt\/#organization"},"potentialAction":[{"@type":"SearchAction","target":{"@type":"EntryPoint","urlTemplate":"https:\/\/www.malinashop.lt\/?s={search_term_string}"},"query-input":{"@type":"PropertyValueSpecification","valueRequired":true,"valueName":"search_term_string"}}],"inLanguage":"lt-LT"},{"@type":"Organization","@id":"https:\/\/www.malinashop.lt\/#organization","name":"COM Group Ecommerce","url":"https:\/\/www.malinashop.lt\/","logo":{"@type":"ImageObject","inLanguage":"lt-LT","@id":"https:\/\/www.malinashop.lt\/#\/schema\/logo\/image\/","url":"https:\/\/www.malinashop.lt\/wp-content\/uploads\/2024\/08\/462559670_3787732518133670_9795632669273463_n-e1731525914575.png","contentUrl":"https:\/\/www.malinashop.lt\/wp-content\/uploads\/2024\/08\/462559670_3787732518133670_9795632669273463_n-e1731525914575.png","width":180,"height":60,"caption":"COM Group Ecommerce"},"image":{"@id":"https:\/\/www.malinashop.lt\/#\/schema\/logo\/image\/"}}]}},"jetpack_sharing_enabled":true,"_links":{"self":[{"href":"https:\/\/www.malinashop.lt\/lt_lt\/wp-json\/wp\/v2\/product\/20115","targetHints":{"allow":["GET"]}}],"collection":[{"href":"https:\/\/www.malinashop.lt\/lt_lt\/wp-json\/wp\/v2\/product"}],"about":[{"href":"https:\/\/www.malinashop.lt\/lt_lt\/wp-json\/wp\/v2\/types\/product"}],"version-history":[{"count":3,"href":"https:\/\/www.malinashop.lt\/lt_lt\/wp-json\/wp\/v2\/product\/20115\/revisions"}],"predecessor-version":[{"id":59834,"href":"https:\/\/www.malinashop.lt\/lt_lt\/wp-json\/wp\/v2\/product\/20115\/revisions\/59834"}],"wp:featuredmedia":[{"embeddable":true,"href":"https:\/\/www.malinashop.lt\/lt_lt\/wp-json\/wp\/v2\/media\/21275"}],"wp:attachment":[{"href":"https:\/\/www.malinashop.lt\/lt_lt\/wp-json\/wp\/v2\/media?parent=20115"}],"wp:term":[{"taxonomy":"product_brand","embeddable":true,"href":"https:\/\/www.malinashop.lt\/lt_lt\/wp-json\/wp\/v2\/product_brand?post=20115"},{"taxonomy":"product_cat","embeddable":true,"href":"https:\/\/www.malinashop.lt\/lt_lt\/wp-json\/wp\/v2\/product_cat?post=20115"},{"taxonomy":"product_tag","embeddable":true,"href":"https:\/\/www.malinashop.lt\/lt_lt\/wp-json\/wp\/v2\/product_tag?post=20115"}],"curies":[{"name":"wp","href":"https:\/\/api.w.org\/{rel}","templated":true}]}}