{"id":20113,"date":"2024-11-06T15:53:16","date_gmt":"2024-11-06T12:53:16","guid":{"rendered":"https:\/\/malinashop.lt\/produktas\/numee-drops-of-benefits-hydro-boost-b5-ha-intensyvaus-drekinimo-serumas-su-hialuronu-30-ml\/"},"modified":"2026-04-15T15:04:49","modified_gmt":"2026-04-15T12:04:49","slug":"numee-drops-of-benefits-hydro-boost-b5-ha-intensyvaus-drekinimo-serumas-su-hialuronu-30-ml","status":"publish","type":"product","link":"https:\/\/www.malinashop.lt\/lt_lt\/shop\/numee-drops-of-benefits-hydro-boost-b5-ha-intensyvaus-drekinimo-serumas-su-hialuronu-30-ml\/","title":{"rendered":"NUMEE DROPS OF BENEFITS HYDRO BOOST \u2013B5 HA intensyvaus dr\u0117kinimo serumas su hialuronu, 30ml"},"content":{"rendered":"<p>NUMEE pristato intensyvaus dr\u0117kinimo serum\u0105 su hialuronu DROPS OF BENEFITS HYDRO BOOST \u2013 B5 HA, kuris sulaiko ir i\u0161laiko odos dr\u0117gm\u0119, pagreitina l\u0105steli\u0173 atsinaujinim\u0105 ir stimuliuoja odos regeneracij\u0105. Naudojant \u0161\u012f serum\u0105, oda tampa stangresn\u0117 ir atkuria savo apsaugin\u012f barjer\u0105. Hialurono r\u016bg\u0161tis suteikia odai apimties, pakelia ir lygina rauk\u0161leles, u\u017etikrina intensyv\u0173 dr\u0117kinim\u0105. Tinka visiems odos tipams.<\/p>\n<p>Pagrindin\u0117s Sudedamosios Dalys:<\/p>\n<p>Pantenolis (Pro vitaminas B5, 5%): Gerina odos barjero atstatym\u0105, ramina od\u0105 ir pagreitina l\u0105steli\u0173 atsinaujinim\u0105.<br \/>\nHialurono r\u016bg\u0161tis (1%): Didel\u0117s molekulin\u0117s mas\u0117s druska, sulaikanti ir i\u0161laikanti odos dr\u0117gm\u0119. Susidaro apsaugin\u0117 pl\u0117vel\u0117, gerinanti odos stangrum\u0105 ir elastino bei kolageno skaidul\u0173 veikim\u0105.<br \/>\nNaudojimas:<\/p>\n<p>U\u017etepkite du-tris la\u0161us ant \u0161varios ir sausos veido odos.<br \/>\n\u0160velniai \u012fmasa\u017euokite.<br \/>\nNaudokite ryte ir\/arba vakare.<br \/>\nPo to tepkite pasirinkt\u0105 dr\u0117kinam\u0105j\u012f krem\u0105.<br \/>\nYpatingos Savyb\u0117s:<\/p>\n<p>Tinka veganams.<br \/>\n92% ingredient\u0173 yra nat\u016bralios kilm\u0117s.<br \/>\nPagaminta Ispanijoje.<br \/>\nNUMEE Prek\u0117s \u017denklo Filosofija:<\/p>\n<p>NUMEE prek\u0117s \u017eenklas buvo sukurtas po daugiau nei 20 met\u0173 intensyvi\u0173 paie\u0161k\u0173 ir k\u016brimo. Produkt\u0173 filosofija remiasi trimis pagrindiniais principais: saugumu, efektyvumu ir inovatyvumu u\u017e prieinam\u0105 kain\u0105. NUMEE tikslas \u2013 nat\u016bralus ir \u201e\u0161velnus\u201c gro\u017eis, si\u016blant produktus, kurie i\u0161 tikr\u0173j\u0173 veikia.<\/p>\n<p>Nat\u016bralios Kilm\u0117s Ingredientai:<\/p>\n<p>NUMEE naudoja tik saugius ir kokybi\u0161kus ingredientus, kurie yra netoksi\u0161ki ir veiksmingi. J\u0173 produktai atlieka b\u016btent tai, kas para\u0161yta ant etiket\u0117s, u\u017etikrinant maksimal\u0173 poveik\u012f odos sveikatai ir prie\u017ei\u016brai.<\/p>\n<p>Aplinkai Draugi\u0161ki Sprendimai:<\/p>\n<p>NUMEE si\u016blo odos prie\u017ei\u016bros sprendimus, kurie yra ne tik malon\u016bs j\u016bs\u0173 odai, bet ir draugi\u0161ki planetai. Su NUMEE atraskite produktus, kurie yra efektyv\u016bs, nat\u016bral\u016bs ir malon\u016bs naudoti!<\/p>\n<div class=\"text-tab text-tab-id-10\">\n<p>Siuntas i\u0161siun\u010diame antradieniais ir ketvirtadieniais. Jei d\u0117l koki\u0173 nors prie\u017eas\u010di\u0173 siunta negali b\u016bti i\u0161si\u0173sta \u0161iomis dienomis ir ji yra perkeliama \u012f kit\u0105 dien\u0105, apie tai informuosime jus svetain\u0117je arba el. pa\u0161tu.<\/p>\n<p>\u201eJei turite klausim\u0173, pra\u0161ome susisiekti el. pa\u0161tu info@malinashop.lt arba telefonu +37065444002 darbo dienomis nuo 10:00 iki 16:00 val.\u201c<\/p>\n<\/div>\n<div class=\"text-tab text-tab-id-11\">\n<p>Perkant u\u017e daugiau nei 50\u20ac &#8211; pristatymas nemokamas.<\/p>\n<p>Pristatymas \u012f LPexpress pa\u0161tomat\u0105\u00a0(visoje Lietuvoje, i\u0161skyrus Kur\u0161i\u0173 Nerij\u0105).<\/p>\n<\/div>\n","protected":false},"excerpt":{"rendered":"<p>NUMEE pristato intensyvaus dr\u0117kinimo serum\u0105 su hialuronu DROPS OF BENEFITS HYDRO BOOST \u2013 B5 HA, kuris sulaiko ir i\u0161laiko odos dr\u0117gm\u0119, pagreitina&hellip;<\/p>\n","protected":false},"featured_media":18156,"template":"","meta":[],"product_brand":[548],"product_cat":[550,728],"product_tag":[1635],"class_list":{"0":"post-20113","1":"product","2":"type-product","3":"status-publish","4":"has-post-thumbnail","6":"product_brand-numee","7":"product_cat-veido-serumai","8":"product_cat-veidui","9":"product_tag-numee","11":"first","12":"outofstock","13":"sale","14":"taxable","15":"shipping-taxable","16":"purchasable","17":"product-type-simple"},"yoast_head":"<!-- This site is optimized with the Yoast SEO plugin v27.4 - https:\/\/yoast.com\/product\/yoast-seo-wordpress\/ -->\n<title>NUMEE DROPS OF BENEFITS HYDRO BOOST \u2013B5 HA intensyvaus dr\u0117kinimo serumas su hialuronu, 30ml - MalinaShop.lt J\u016bs\u0173 sveikatai ir gro\u017eiui.<\/title>\n<meta name=\"robots\" content=\"index, follow, max-snippet:-1, max-image-preview:large, max-video-preview:-1\" \/>\n<link rel=\"canonical\" href=\"https:\/\/www.malinashop.lt\/lt_lt\/shop\/numee-drops-of-benefits-hydro-boost-b5-ha-intensyvaus-drekinimo-serumas-su-hialuronu-30-ml\/\" \/>\n<meta property=\"og:locale\" content=\"lt_LT\" \/>\n<meta property=\"og:type\" content=\"article\" \/>\n<meta property=\"og:title\" content=\"NUMEE DROPS OF BENEFITS HYDRO BOOST \u2013B5 HA intensyvaus dr\u0117kinimo serumas su hialuronu, 30ml - MalinaShop.lt J\u016bs\u0173 sveikatai ir gro\u017eiui.\" \/>\n<meta property=\"og:url\" content=\"https:\/\/www.malinashop.lt\/lt_lt\/shop\/numee-drops-of-benefits-hydro-boost-b5-ha-intensyvaus-drekinimo-serumas-su-hialuronu-30-ml\/\" \/>\n<meta property=\"og:site_name\" content=\"MalinaShop.lt J\u016bs\u0173 sveikatai ir gro\u017eiui.\" \/>\n<meta property=\"article:modified_time\" content=\"2026-04-15T12:04:49+00:00\" \/>\n<meta property=\"og:image\" content=\"https:\/\/www.malinashop.lt\/wp-content\/uploads\/2024\/11\/NUMEE-DROPS-OF-BENEFITS-HYDRO-BOOST-\u2013-B5-HA-intensyvaus-drekinimo-serumas-su-hialuronu-30-ml.jpg\" \/>\n\t<meta property=\"og:image:width\" content=\"1000\" \/>\n\t<meta property=\"og:image:height\" content=\"1000\" \/>\n\t<meta property=\"og:image:type\" content=\"image\/jpeg\" \/>\n<meta name=\"twitter:card\" content=\"summary_large_image\" \/>\n<script type=\"application\/ld+json\" class=\"yoast-schema-graph\">{\"@context\":\"https:\\\/\\\/schema.org\",\"@graph\":[{\"@type\":\"WebPage\",\"@id\":\"https:\\\/\\\/www.malinashop.lt\\\/shop\\\/numee-drops-of-benefits-hydro-boost-b5-ha-intensyvaus-drekinimo-serumas-su-hialuronu-30-ml\\\/\",\"url\":\"https:\\\/\\\/www.malinashop.lt\\\/shop\\\/numee-drops-of-benefits-hydro-boost-b5-ha-intensyvaus-drekinimo-serumas-su-hialuronu-30-ml\\\/\",\"name\":\"NUMEE DROPS OF BENEFITS HYDRO BOOST \u2013B5 HA intensyvaus dr\u0117kinimo serumas su hialuronu, 30ml - MalinaShop.lt J\u016bs\u0173 sveikatai ir gro\u017eiui.\",\"isPartOf\":{\"@id\":\"https:\\\/\\\/www.malinashop.lt\\\/#website\"},\"primaryImageOfPage\":{\"@id\":\"https:\\\/\\\/www.malinashop.lt\\\/shop\\\/numee-drops-of-benefits-hydro-boost-b5-ha-intensyvaus-drekinimo-serumas-su-hialuronu-30-ml\\\/#primaryimage\"},\"image\":{\"@id\":\"https:\\\/\\\/www.malinashop.lt\\\/shop\\\/numee-drops-of-benefits-hydro-boost-b5-ha-intensyvaus-drekinimo-serumas-su-hialuronu-30-ml\\\/#primaryimage\"},\"thumbnailUrl\":\"https:\\\/\\\/www.malinashop.lt\\\/wp-content\\\/uploads\\\/2024\\\/11\\\/NUMEE-DROPS-OF-BENEFITS-HYDRO-BOOST-\u2013-B5-HA-intensyvaus-drekinimo-serumas-su-hialuronu-30-ml.jpg\",\"datePublished\":\"2024-11-06T12:53:16+00:00\",\"dateModified\":\"2026-04-15T12:04:49+00:00\",\"breadcrumb\":{\"@id\":\"https:\\\/\\\/www.malinashop.lt\\\/shop\\\/numee-drops-of-benefits-hydro-boost-b5-ha-intensyvaus-drekinimo-serumas-su-hialuronu-30-ml\\\/#breadcrumb\"},\"inLanguage\":\"lt-LT\",\"potentialAction\":[{\"@type\":\"ReadAction\",\"target\":[\"https:\\\/\\\/www.malinashop.lt\\\/shop\\\/numee-drops-of-benefits-hydro-boost-b5-ha-intensyvaus-drekinimo-serumas-su-hialuronu-30-ml\\\/\"]}]},{\"@type\":\"ImageObject\",\"inLanguage\":\"lt-LT\",\"@id\":\"https:\\\/\\\/www.malinashop.lt\\\/shop\\\/numee-drops-of-benefits-hydro-boost-b5-ha-intensyvaus-drekinimo-serumas-su-hialuronu-30-ml\\\/#primaryimage\",\"url\":\"https:\\\/\\\/www.malinashop.lt\\\/wp-content\\\/uploads\\\/2024\\\/11\\\/NUMEE-DROPS-OF-BENEFITS-HYDRO-BOOST-\u2013-B5-HA-intensyvaus-drekinimo-serumas-su-hialuronu-30-ml.jpg\",\"contentUrl\":\"https:\\\/\\\/www.malinashop.lt\\\/wp-content\\\/uploads\\\/2024\\\/11\\\/NUMEE-DROPS-OF-BENEFITS-HYDRO-BOOST-\u2013-B5-HA-intensyvaus-drekinimo-serumas-su-hialuronu-30-ml.jpg\",\"width\":1000,\"height\":1000},{\"@type\":\"BreadcrumbList\",\"@id\":\"https:\\\/\\\/www.malinashop.lt\\\/shop\\\/numee-drops-of-benefits-hydro-boost-b5-ha-intensyvaus-drekinimo-serumas-su-hialuronu-30-ml\\\/#breadcrumb\",\"itemListElement\":[{\"@type\":\"ListItem\",\"position\":1,\"name\":\"Pagrindinis\",\"item\":\"https:\\\/\\\/www.malinashop.lt\\\/\"},{\"@type\":\"ListItem\",\"position\":2,\"name\":\"Parduotuv\u0117\",\"item\":\"https:\\\/\\\/www.malinashop.lt\\\/en\\\/parduotuve\\\/\"},{\"@type\":\"ListItem\",\"position\":3,\"name\":\"NUMEE DROPS OF BENEFITS HYDRO BOOST \u2013B5 HA intensyvaus dr\u0117kinimo serumas su hialuronu, 30ml\"}]},{\"@type\":\"WebSite\",\"@id\":\"https:\\\/\\\/www.malinashop.lt\\\/#website\",\"url\":\"https:\\\/\\\/www.malinashop.lt\\\/\",\"name\":\"COM Group Ecommerce\",\"description\":\"MalinaShop.lt - Gro\u017eio ir sveikatos produktai i\u0161 patikim\u0173 preki\u0173 \u017eenkl\u0173. Atraskite auk\u0161tos kokyb\u0117s kosmetik\u0105 u\u017e puiki\u0105 kain\u0105.\",\"publisher\":{\"@id\":\"https:\\\/\\\/www.malinashop.lt\\\/#organization\"},\"potentialAction\":[{\"@type\":\"SearchAction\",\"target\":{\"@type\":\"EntryPoint\",\"urlTemplate\":\"https:\\\/\\\/www.malinashop.lt\\\/?s={search_term_string}\"},\"query-input\":{\"@type\":\"PropertyValueSpecification\",\"valueRequired\":true,\"valueName\":\"search_term_string\"}}],\"inLanguage\":\"lt-LT\"},{\"@type\":\"Organization\",\"@id\":\"https:\\\/\\\/www.malinashop.lt\\\/#organization\",\"name\":\"COM Group Ecommerce\",\"url\":\"https:\\\/\\\/www.malinashop.lt\\\/\",\"logo\":{\"@type\":\"ImageObject\",\"inLanguage\":\"lt-LT\",\"@id\":\"https:\\\/\\\/www.malinashop.lt\\\/#\\\/schema\\\/logo\\\/image\\\/\",\"url\":\"https:\\\/\\\/www.malinashop.lt\\\/wp-content\\\/uploads\\\/2024\\\/08\\\/462559670_3787732518133670_9795632669273463_n-e1731525914575.png\",\"contentUrl\":\"https:\\\/\\\/www.malinashop.lt\\\/wp-content\\\/uploads\\\/2024\\\/08\\\/462559670_3787732518133670_9795632669273463_n-e1731525914575.png\",\"width\":180,\"height\":60,\"caption\":\"COM Group Ecommerce\"},\"image\":{\"@id\":\"https:\\\/\\\/www.malinashop.lt\\\/#\\\/schema\\\/logo\\\/image\\\/\"}}]}<\/script>\n<!-- \/ Yoast SEO plugin. -->","yoast_head_json":{"title":"NUMEE DROPS OF BENEFITS HYDRO BOOST \u2013B5 HA intensyvaus dr\u0117kinimo serumas su hialuronu, 30ml - MalinaShop.lt J\u016bs\u0173 sveikatai ir gro\u017eiui.","robots":{"index":"index","follow":"follow","max-snippet":"max-snippet:-1","max-image-preview":"max-image-preview:large","max-video-preview":"max-video-preview:-1"},"canonical":"https:\/\/www.malinashop.lt\/lt_lt\/shop\/numee-drops-of-benefits-hydro-boost-b5-ha-intensyvaus-drekinimo-serumas-su-hialuronu-30-ml\/","og_locale":"lt_LT","og_type":"article","og_title":"NUMEE DROPS OF BENEFITS HYDRO BOOST \u2013B5 HA intensyvaus dr\u0117kinimo serumas su hialuronu, 30ml - MalinaShop.lt J\u016bs\u0173 sveikatai ir gro\u017eiui.","og_url":"https:\/\/www.malinashop.lt\/lt_lt\/shop\/numee-drops-of-benefits-hydro-boost-b5-ha-intensyvaus-drekinimo-serumas-su-hialuronu-30-ml\/","og_site_name":"MalinaShop.lt J\u016bs\u0173 sveikatai ir gro\u017eiui.","article_modified_time":"2026-04-15T12:04:49+00:00","og_image":[{"width":1000,"height":1000,"url":"https:\/\/www.malinashop.lt\/wp-content\/uploads\/2024\/11\/NUMEE-DROPS-OF-BENEFITS-HYDRO-BOOST-\u2013-B5-HA-intensyvaus-drekinimo-serumas-su-hialuronu-30-ml.jpg","type":"image\/jpeg"}],"twitter_card":"summary_large_image","schema":{"@context":"https:\/\/schema.org","@graph":[{"@type":"WebPage","@id":"https:\/\/www.malinashop.lt\/shop\/numee-drops-of-benefits-hydro-boost-b5-ha-intensyvaus-drekinimo-serumas-su-hialuronu-30-ml\/","url":"https:\/\/www.malinashop.lt\/shop\/numee-drops-of-benefits-hydro-boost-b5-ha-intensyvaus-drekinimo-serumas-su-hialuronu-30-ml\/","name":"NUMEE DROPS OF BENEFITS HYDRO BOOST \u2013B5 HA intensyvaus dr\u0117kinimo serumas su hialuronu, 30ml - MalinaShop.lt J\u016bs\u0173 sveikatai ir gro\u017eiui.","isPartOf":{"@id":"https:\/\/www.malinashop.lt\/#website"},"primaryImageOfPage":{"@id":"https:\/\/www.malinashop.lt\/shop\/numee-drops-of-benefits-hydro-boost-b5-ha-intensyvaus-drekinimo-serumas-su-hialuronu-30-ml\/#primaryimage"},"image":{"@id":"https:\/\/www.malinashop.lt\/shop\/numee-drops-of-benefits-hydro-boost-b5-ha-intensyvaus-drekinimo-serumas-su-hialuronu-30-ml\/#primaryimage"},"thumbnailUrl":"https:\/\/www.malinashop.lt\/wp-content\/uploads\/2024\/11\/NUMEE-DROPS-OF-BENEFITS-HYDRO-BOOST-\u2013-B5-HA-intensyvaus-drekinimo-serumas-su-hialuronu-30-ml.jpg","datePublished":"2024-11-06T12:53:16+00:00","dateModified":"2026-04-15T12:04:49+00:00","breadcrumb":{"@id":"https:\/\/www.malinashop.lt\/shop\/numee-drops-of-benefits-hydro-boost-b5-ha-intensyvaus-drekinimo-serumas-su-hialuronu-30-ml\/#breadcrumb"},"inLanguage":"lt-LT","potentialAction":[{"@type":"ReadAction","target":["https:\/\/www.malinashop.lt\/shop\/numee-drops-of-benefits-hydro-boost-b5-ha-intensyvaus-drekinimo-serumas-su-hialuronu-30-ml\/"]}]},{"@type":"ImageObject","inLanguage":"lt-LT","@id":"https:\/\/www.malinashop.lt\/shop\/numee-drops-of-benefits-hydro-boost-b5-ha-intensyvaus-drekinimo-serumas-su-hialuronu-30-ml\/#primaryimage","url":"https:\/\/www.malinashop.lt\/wp-content\/uploads\/2024\/11\/NUMEE-DROPS-OF-BENEFITS-HYDRO-BOOST-\u2013-B5-HA-intensyvaus-drekinimo-serumas-su-hialuronu-30-ml.jpg","contentUrl":"https:\/\/www.malinashop.lt\/wp-content\/uploads\/2024\/11\/NUMEE-DROPS-OF-BENEFITS-HYDRO-BOOST-\u2013-B5-HA-intensyvaus-drekinimo-serumas-su-hialuronu-30-ml.jpg","width":1000,"height":1000},{"@type":"BreadcrumbList","@id":"https:\/\/www.malinashop.lt\/shop\/numee-drops-of-benefits-hydro-boost-b5-ha-intensyvaus-drekinimo-serumas-su-hialuronu-30-ml\/#breadcrumb","itemListElement":[{"@type":"ListItem","position":1,"name":"Pagrindinis","item":"https:\/\/www.malinashop.lt\/"},{"@type":"ListItem","position":2,"name":"Parduotuv\u0117","item":"https:\/\/www.malinashop.lt\/en\/parduotuve\/"},{"@type":"ListItem","position":3,"name":"NUMEE DROPS OF BENEFITS HYDRO BOOST \u2013B5 HA intensyvaus dr\u0117kinimo serumas su hialuronu, 30ml"}]},{"@type":"WebSite","@id":"https:\/\/www.malinashop.lt\/#website","url":"https:\/\/www.malinashop.lt\/","name":"COM Group Ecommerce","description":"MalinaShop.lt - Gro\u017eio ir sveikatos produktai i\u0161 patikim\u0173 preki\u0173 \u017eenkl\u0173. Atraskite auk\u0161tos kokyb\u0117s kosmetik\u0105 u\u017e puiki\u0105 kain\u0105.","publisher":{"@id":"https:\/\/www.malinashop.lt\/#organization"},"potentialAction":[{"@type":"SearchAction","target":{"@type":"EntryPoint","urlTemplate":"https:\/\/www.malinashop.lt\/?s={search_term_string}"},"query-input":{"@type":"PropertyValueSpecification","valueRequired":true,"valueName":"search_term_string"}}],"inLanguage":"lt-LT"},{"@type":"Organization","@id":"https:\/\/www.malinashop.lt\/#organization","name":"COM Group Ecommerce","url":"https:\/\/www.malinashop.lt\/","logo":{"@type":"ImageObject","inLanguage":"lt-LT","@id":"https:\/\/www.malinashop.lt\/#\/schema\/logo\/image\/","url":"https:\/\/www.malinashop.lt\/wp-content\/uploads\/2024\/08\/462559670_3787732518133670_9795632669273463_n-e1731525914575.png","contentUrl":"https:\/\/www.malinashop.lt\/wp-content\/uploads\/2024\/08\/462559670_3787732518133670_9795632669273463_n-e1731525914575.png","width":180,"height":60,"caption":"COM Group Ecommerce"},"image":{"@id":"https:\/\/www.malinashop.lt\/#\/schema\/logo\/image\/"}}]}},"jetpack_sharing_enabled":true,"_links":{"self":[{"href":"https:\/\/www.malinashop.lt\/lt_lt\/wp-json\/wp\/v2\/product\/20113","targetHints":{"allow":["GET"]}}],"collection":[{"href":"https:\/\/www.malinashop.lt\/lt_lt\/wp-json\/wp\/v2\/product"}],"about":[{"href":"https:\/\/www.malinashop.lt\/lt_lt\/wp-json\/wp\/v2\/types\/product"}],"version-history":[{"count":3,"href":"https:\/\/www.malinashop.lt\/lt_lt\/wp-json\/wp\/v2\/product\/20113\/revisions"}],"predecessor-version":[{"id":73475,"href":"https:\/\/www.malinashop.lt\/lt_lt\/wp-json\/wp\/v2\/product\/20113\/revisions\/73475"}],"wp:featuredmedia":[{"embeddable":true,"href":"https:\/\/www.malinashop.lt\/lt_lt\/wp-json\/wp\/v2\/media\/18156"}],"wp:attachment":[{"href":"https:\/\/www.malinashop.lt\/lt_lt\/wp-json\/wp\/v2\/media?parent=20113"}],"wp:term":[{"taxonomy":"product_brand","embeddable":true,"href":"https:\/\/www.malinashop.lt\/lt_lt\/wp-json\/wp\/v2\/product_brand?post=20113"},{"taxonomy":"product_cat","embeddable":true,"href":"https:\/\/www.malinashop.lt\/lt_lt\/wp-json\/wp\/v2\/product_cat?post=20113"},{"taxonomy":"product_tag","embeddable":true,"href":"https:\/\/www.malinashop.lt\/lt_lt\/wp-json\/wp\/v2\/product_tag?post=20113"}],"curies":[{"name":"wp","href":"https:\/\/api.w.org\/{rel}","templated":true}]}}