{"id":20099,"date":"2024-11-06T15:53:16","date_gmt":"2024-11-06T12:53:16","guid":{"rendered":"https:\/\/malinashop.lt\/produktas\/numee-glow-up-begin-anew-poras-mazinantis-tonizuojantis-losjonas-150-ml\/"},"modified":"2026-03-18T12:34:31","modified_gmt":"2026-03-18T09:34:31","slug":"numee-glow-up-begin-anew-poras-mazinantis-tonizuojantis-losjonas-150-ml","status":"publish","type":"product","link":"https:\/\/www.malinashop.lt\/lt_lt\/shop\/numee-glow-up-begin-anew-poras-mazinantis-tonizuojantis-losjonas-150-ml\/","title":{"rendered":"NUMEE GLOW UP BEGIN ANEW poras ma\u017einantis tonizuojantis losjonas, 150 ml"},"content":{"rendered":"<p>NUMEE pristato poras ma\u017einant\u012f tonizuojant\u012f losjon\u0105 GLOW UP BEGIN ANEW, kuris \u0161velniai valo ir paruo\u0161ia od\u0105 kitam pasirinktam \u017eingsniui. \u0160is losjonas atkem\u0161a ir sutraukia poras, paliekant od\u0105 \u0161vari\u0105 ir suteikdamas gaivumo poj\u016bt\u012f.<\/p>\n<p>Pagrindin\u0117s Sudedamosios Dalys:<\/p>\n<p>Salicilo r\u016bg\u0161tis (2%): Efektyvi \u0161veitimo priemon\u0117, padedanti pa\u0161alinti negyvas odos l\u0105steles.<br \/>\nBetaino runkeli\u0173 ekstraktas (1%): Apsaugo l\u0105steles nuo aplinkos streso ir reguliuoja l\u0105steli\u0173 vandens balans\u0105. Dr\u0117kina ir ramina od\u0105.<br \/>\nHamamelio vanduo (1%): Veikia kaip sutraukianti priemon\u0117, reguliuoja riebal\u0173 i\u0161siskyrim\u0105 ir ma\u017eina i\u0161sipl\u0117tusias poras.<br \/>\nNaudojimas:<\/p>\n<p>Po odos valymo suvilgykite vatos diskel\u012f losjonu ir \u0161velniai u\u017etepkite ant veido.<br \/>\nNenuplaukite.<br \/>\nV\u0117liau tepkite pageidaujam\u0105 serum\u0105 ir\/arba krem\u0105.<br \/>\nDienos metu rekomenduojame naudoti ne ma\u017eesn\u0119 nei SPF30 apsaug\u0105.<br \/>\nYpatingos Savyb\u0117s:<\/p>\n<p>Tinka veganams.<br \/>\n79% ingredient\u0173 yra nat\u016bralios kilm\u0117s.<br \/>\nPagaminta Ispanijoje.<br \/>\nNUMEE Prek\u0117s \u017denklo Filosofija:<\/p>\n<p>NUMEE prek\u0117s \u017eenklas buvo sukurtas po daugiau nei 20 met\u0173 intensyvi\u0173 tyrim\u0173 ir k\u016brimo. Produkt\u0173 filosofija remiasi trimis pagrindiniais principais: saugumu, efektyvumu ir inovatyvumu u\u017e prieinam\u0105 kain\u0105. NUMEE siekia nat\u016bralaus ir \u201e\u0161velnaus\u201c gro\u017eio, si\u016blydami produktus, kurie i\u0161 tikr\u0173j\u0173 veikia.<\/p>\n<p>Nat\u016bralios Kilim\u0117s Ingredientai:<\/p>\n<p>NUMEE naudoja tik saugius ir kokybi\u0161kus ingredientus, kurie yra netoksi\u0161ki ir veiksmingi. J\u0173 produktai atlieka b\u016btent tai, kas para\u0161yta ant etiket\u0117s, u\u017etikrinant maksimal\u0173 poveik\u012f odos sveikatai ir prie\u017ei\u016brai.<\/p>\n<p>Aplinkai Draugi\u0161ki Sprendimai:<\/p>\n<p>NUMEE si\u016blo odos prie\u017ei\u016bros sprendimus, kurie yra ne tik malon\u016bs j\u016bs\u0173 odai, bet ir draugi\u0161ki planetai. Su NUMEE atraskite produktus, kurie yra efektyv\u016bs, nat\u016bral\u016bs ir malon\u016bs naudoti!<\/p>\n<p>Egzistuoja stiprus ry\u0161ys tarp odos prie\u017ei\u016bros ir r\u016bpinimosi savimi, tod\u0117l NUMEE kosmetikoje naudojamos tik patikrintos ir saugios med\u017eiagos, kurios u\u017etikrina puikius rezultatus be kompromis\u0173.<\/p>\n<div class=\"text-tab text-tab-id-10\">\n<p>Siuntas i\u0161siun\u010diame antradieniais ir ketvirtadieniais. Jei d\u0117l koki\u0173 nors prie\u017eas\u010di\u0173 siunta negali b\u016bti i\u0161si\u0173sta \u0161iomis dienomis ir ji yra perkeliama \u012f kit\u0105 dien\u0105, apie tai informuosime jus svetain\u0117je arba el. pa\u0161tu.<\/p>\n<p>\u201eJei turite klausim\u0173, pra\u0161ome susisiekti el. pa\u0161tu info@malinashop.lt arba telefonu +37065444002 darbo dienomis nuo 10:00 iki 16:00 val.\u201c<\/p>\n<\/div>\n<div class=\"text-tab text-tab-id-11\">\n<p>Perkant u\u017e daugiau nei 50\u20ac &#8211; pristatymas nemokamas.<\/p>\n<p>Pristatymas \u012f LPexpress pa\u0161tomat\u0105\u00a0(visoje Lietuvoje, i\u0161skyrus Kur\u0161i\u0173 Nerij\u0105).<\/p>\n<\/div>\n","protected":false},"excerpt":{"rendered":"<p>NUMEE pristato poras ma\u017einant\u012f tonizuojant\u012f losjon\u0105 GLOW UP BEGIN ANEW, kuris \u0161velniai valo ir paruo\u0161ia od\u0105 kitam pasirinktam \u017eingsniui. \u0160is losjonas atkem\u0161a&hellip;<\/p>\n","protected":false},"featured_media":18174,"template":"","meta":[],"product_brand":[548],"product_cat":[537,728],"product_tag":[1635],"class_list":{"0":"post-20099","1":"product","2":"type-product","3":"status-publish","4":"has-post-thumbnail","6":"product_brand-numee","7":"product_cat-veido-valymo-priemones","8":"product_cat-veidui","9":"product_tag-numee","11":"first","12":"outofstock","13":"sale","14":"taxable","15":"shipping-taxable","16":"purchasable","17":"product-type-simple"},"yoast_head":"<!-- This site is optimized with the Yoast SEO plugin v27.3 - https:\/\/yoast.com\/product\/yoast-seo-wordpress\/ -->\n<title>NUMEE GLOW UP BEGIN ANEW poras ma\u017einantis tonizuojantis losjonas, 150 ml - MalinaShop.lt J\u016bs\u0173 sveikatai ir gro\u017eiui.<\/title>\n<meta name=\"robots\" content=\"index, follow, max-snippet:-1, max-image-preview:large, max-video-preview:-1\" \/>\n<link rel=\"canonical\" href=\"https:\/\/www.malinashop.lt\/lt_lt\/shop\/numee-glow-up-begin-anew-poras-mazinantis-tonizuojantis-losjonas-150-ml\/\" \/>\n<meta property=\"og:locale\" content=\"lt_LT\" \/>\n<meta property=\"og:type\" content=\"article\" \/>\n<meta property=\"og:title\" content=\"NUMEE GLOW UP BEGIN ANEW poras ma\u017einantis tonizuojantis losjonas, 150 ml - MalinaShop.lt J\u016bs\u0173 sveikatai ir gro\u017eiui.\" \/>\n<meta property=\"og:url\" content=\"https:\/\/www.malinashop.lt\/lt_lt\/shop\/numee-glow-up-begin-anew-poras-mazinantis-tonizuojantis-losjonas-150-ml\/\" \/>\n<meta property=\"og:site_name\" content=\"MalinaShop.lt J\u016bs\u0173 sveikatai ir gro\u017eiui.\" \/>\n<meta property=\"article:modified_time\" content=\"2026-03-18T09:34:31+00:00\" \/>\n<meta property=\"og:image\" content=\"https:\/\/www.malinashop.lt\/wp-content\/uploads\/2024\/11\/NUMEE-GLOW-UP-BEGIN-ANEW-poras-mazinantis-tonizuojantis-losjonas-150-ml.jpg\" \/>\n\t<meta property=\"og:image:width\" content=\"1000\" \/>\n\t<meta property=\"og:image:height\" content=\"1000\" \/>\n\t<meta property=\"og:image:type\" content=\"image\/jpeg\" \/>\n<meta name=\"twitter:card\" content=\"summary_large_image\" \/>\n<script type=\"application\/ld+json\" class=\"yoast-schema-graph\">{\"@context\":\"https:\\\/\\\/schema.org\",\"@graph\":[{\"@type\":\"WebPage\",\"@id\":\"https:\\\/\\\/www.malinashop.lt\\\/lt_lt\\\/shop\\\/numee-glow-up-begin-anew-poras-mazinantis-tonizuojantis-losjonas-150-ml\\\/\",\"url\":\"https:\\\/\\\/www.malinashop.lt\\\/lt_lt\\\/shop\\\/numee-glow-up-begin-anew-poras-mazinantis-tonizuojantis-losjonas-150-ml\\\/\",\"name\":\"NUMEE GLOW UP BEGIN ANEW poras ma\u017einantis tonizuojantis losjonas, 150 ml - MalinaShop.lt J\u016bs\u0173 sveikatai ir gro\u017eiui.\",\"isPartOf\":{\"@id\":\"https:\\\/\\\/www.malinashop.lt\\\/en\\\/#website\"},\"primaryImageOfPage\":{\"@id\":\"https:\\\/\\\/www.malinashop.lt\\\/lt_lt\\\/shop\\\/numee-glow-up-begin-anew-poras-mazinantis-tonizuojantis-losjonas-150-ml\\\/#primaryimage\"},\"image\":{\"@id\":\"https:\\\/\\\/www.malinashop.lt\\\/lt_lt\\\/shop\\\/numee-glow-up-begin-anew-poras-mazinantis-tonizuojantis-losjonas-150-ml\\\/#primaryimage\"},\"thumbnailUrl\":\"https:\\\/\\\/www.malinashop.lt\\\/wp-content\\\/uploads\\\/2024\\\/11\\\/NUMEE-GLOW-UP-BEGIN-ANEW-poras-mazinantis-tonizuojantis-losjonas-150-ml.jpg\",\"datePublished\":\"2024-11-06T12:53:16+00:00\",\"dateModified\":\"2026-03-18T09:34:31+00:00\",\"breadcrumb\":{\"@id\":\"https:\\\/\\\/www.malinashop.lt\\\/lt_lt\\\/shop\\\/numee-glow-up-begin-anew-poras-mazinantis-tonizuojantis-losjonas-150-ml\\\/#breadcrumb\"},\"inLanguage\":\"lt-LT\",\"potentialAction\":[{\"@type\":\"ReadAction\",\"target\":[\"https:\\\/\\\/www.malinashop.lt\\\/lt_lt\\\/shop\\\/numee-glow-up-begin-anew-poras-mazinantis-tonizuojantis-losjonas-150-ml\\\/\"]}]},{\"@type\":\"ImageObject\",\"inLanguage\":\"lt-LT\",\"@id\":\"https:\\\/\\\/www.malinashop.lt\\\/lt_lt\\\/shop\\\/numee-glow-up-begin-anew-poras-mazinantis-tonizuojantis-losjonas-150-ml\\\/#primaryimage\",\"url\":\"https:\\\/\\\/www.malinashop.lt\\\/wp-content\\\/uploads\\\/2024\\\/11\\\/NUMEE-GLOW-UP-BEGIN-ANEW-poras-mazinantis-tonizuojantis-losjonas-150-ml.jpg\",\"contentUrl\":\"https:\\\/\\\/www.malinashop.lt\\\/wp-content\\\/uploads\\\/2024\\\/11\\\/NUMEE-GLOW-UP-BEGIN-ANEW-poras-mazinantis-tonizuojantis-losjonas-150-ml.jpg\",\"width\":1000,\"height\":1000},{\"@type\":\"BreadcrumbList\",\"@id\":\"https:\\\/\\\/www.malinashop.lt\\\/lt_lt\\\/shop\\\/numee-glow-up-begin-anew-poras-mazinantis-tonizuojantis-losjonas-150-ml\\\/#breadcrumb\",\"itemListElement\":[{\"@type\":\"ListItem\",\"position\":1,\"name\":\"Home\",\"item\":\"https:\\\/\\\/www.malinashop.lt\\\/en\\\/\"},{\"@type\":\"ListItem\",\"position\":2,\"name\":\"Parduotuv\u0117\",\"item\":\"https:\\\/\\\/www.malinashop.lt\\\/en\\\/parduotuve\\\/\"},{\"@type\":\"ListItem\",\"position\":3,\"name\":\"NUMEE GLOW UP BEGIN ANEW poras ma\u017einantis tonizuojantis losjonas, 150 ml\"}]},{\"@type\":\"WebSite\",\"@id\":\"https:\\\/\\\/www.malinashop.lt\\\/en\\\/#website\",\"url\":\"https:\\\/\\\/www.malinashop.lt\\\/en\\\/\",\"name\":\"COM Group Ecommerce\",\"description\":\"MalinaShop.lt - Gro\u017eio ir sveikatos produktai i\u0161 patikim\u0173 preki\u0173 \u017eenkl\u0173. Atraskite auk\u0161tos kokyb\u0117s kosmetik\u0105 u\u017e puiki\u0105 kain\u0105.\",\"publisher\":{\"@id\":\"https:\\\/\\\/www.malinashop.lt\\\/en\\\/#organization\"},\"potentialAction\":[{\"@type\":\"SearchAction\",\"target\":{\"@type\":\"EntryPoint\",\"urlTemplate\":\"https:\\\/\\\/www.malinashop.lt\\\/en\\\/?s={search_term_string}\"},\"query-input\":{\"@type\":\"PropertyValueSpecification\",\"valueRequired\":true,\"valueName\":\"search_term_string\"}}],\"inLanguage\":\"lt-LT\"},{\"@type\":\"Organization\",\"@id\":\"https:\\\/\\\/www.malinashop.lt\\\/en\\\/#organization\",\"name\":\"COM Group Ecommerce\",\"url\":\"https:\\\/\\\/www.malinashop.lt\\\/en\\\/\",\"logo\":{\"@type\":\"ImageObject\",\"inLanguage\":\"lt-LT\",\"@id\":\"https:\\\/\\\/www.malinashop.lt\\\/en\\\/#\\\/schema\\\/logo\\\/image\\\/\",\"url\":\"https:\\\/\\\/www.malinashop.lt\\\/wp-content\\\/uploads\\\/2024\\\/08\\\/462559670_3787732518133670_9795632669273463_n-e1731525914575.png\",\"contentUrl\":\"https:\\\/\\\/www.malinashop.lt\\\/wp-content\\\/uploads\\\/2024\\\/08\\\/462559670_3787732518133670_9795632669273463_n-e1731525914575.png\",\"width\":180,\"height\":60,\"caption\":\"COM Group Ecommerce\"},\"image\":{\"@id\":\"https:\\\/\\\/www.malinashop.lt\\\/en\\\/#\\\/schema\\\/logo\\\/image\\\/\"}}]}<\/script>\n<!-- \/ Yoast SEO plugin. -->","yoast_head_json":{"title":"NUMEE GLOW UP BEGIN ANEW poras ma\u017einantis tonizuojantis losjonas, 150 ml - MalinaShop.lt J\u016bs\u0173 sveikatai ir gro\u017eiui.","robots":{"index":"index","follow":"follow","max-snippet":"max-snippet:-1","max-image-preview":"max-image-preview:large","max-video-preview":"max-video-preview:-1"},"canonical":"https:\/\/www.malinashop.lt\/lt_lt\/shop\/numee-glow-up-begin-anew-poras-mazinantis-tonizuojantis-losjonas-150-ml\/","og_locale":"lt_LT","og_type":"article","og_title":"NUMEE GLOW UP BEGIN ANEW poras ma\u017einantis tonizuojantis losjonas, 150 ml - MalinaShop.lt J\u016bs\u0173 sveikatai ir gro\u017eiui.","og_url":"https:\/\/www.malinashop.lt\/lt_lt\/shop\/numee-glow-up-begin-anew-poras-mazinantis-tonizuojantis-losjonas-150-ml\/","og_site_name":"MalinaShop.lt J\u016bs\u0173 sveikatai ir gro\u017eiui.","article_modified_time":"2026-03-18T09:34:31+00:00","og_image":[{"width":1000,"height":1000,"url":"https:\/\/www.malinashop.lt\/wp-content\/uploads\/2024\/11\/NUMEE-GLOW-UP-BEGIN-ANEW-poras-mazinantis-tonizuojantis-losjonas-150-ml.jpg","type":"image\/jpeg"}],"twitter_card":"summary_large_image","schema":{"@context":"https:\/\/schema.org","@graph":[{"@type":"WebPage","@id":"https:\/\/www.malinashop.lt\/lt_lt\/shop\/numee-glow-up-begin-anew-poras-mazinantis-tonizuojantis-losjonas-150-ml\/","url":"https:\/\/www.malinashop.lt\/lt_lt\/shop\/numee-glow-up-begin-anew-poras-mazinantis-tonizuojantis-losjonas-150-ml\/","name":"NUMEE GLOW UP BEGIN ANEW poras ma\u017einantis tonizuojantis losjonas, 150 ml - MalinaShop.lt J\u016bs\u0173 sveikatai ir gro\u017eiui.","isPartOf":{"@id":"https:\/\/www.malinashop.lt\/en\/#website"},"primaryImageOfPage":{"@id":"https:\/\/www.malinashop.lt\/lt_lt\/shop\/numee-glow-up-begin-anew-poras-mazinantis-tonizuojantis-losjonas-150-ml\/#primaryimage"},"image":{"@id":"https:\/\/www.malinashop.lt\/lt_lt\/shop\/numee-glow-up-begin-anew-poras-mazinantis-tonizuojantis-losjonas-150-ml\/#primaryimage"},"thumbnailUrl":"https:\/\/www.malinashop.lt\/wp-content\/uploads\/2024\/11\/NUMEE-GLOW-UP-BEGIN-ANEW-poras-mazinantis-tonizuojantis-losjonas-150-ml.jpg","datePublished":"2024-11-06T12:53:16+00:00","dateModified":"2026-03-18T09:34:31+00:00","breadcrumb":{"@id":"https:\/\/www.malinashop.lt\/lt_lt\/shop\/numee-glow-up-begin-anew-poras-mazinantis-tonizuojantis-losjonas-150-ml\/#breadcrumb"},"inLanguage":"lt-LT","potentialAction":[{"@type":"ReadAction","target":["https:\/\/www.malinashop.lt\/lt_lt\/shop\/numee-glow-up-begin-anew-poras-mazinantis-tonizuojantis-losjonas-150-ml\/"]}]},{"@type":"ImageObject","inLanguage":"lt-LT","@id":"https:\/\/www.malinashop.lt\/lt_lt\/shop\/numee-glow-up-begin-anew-poras-mazinantis-tonizuojantis-losjonas-150-ml\/#primaryimage","url":"https:\/\/www.malinashop.lt\/wp-content\/uploads\/2024\/11\/NUMEE-GLOW-UP-BEGIN-ANEW-poras-mazinantis-tonizuojantis-losjonas-150-ml.jpg","contentUrl":"https:\/\/www.malinashop.lt\/wp-content\/uploads\/2024\/11\/NUMEE-GLOW-UP-BEGIN-ANEW-poras-mazinantis-tonizuojantis-losjonas-150-ml.jpg","width":1000,"height":1000},{"@type":"BreadcrumbList","@id":"https:\/\/www.malinashop.lt\/lt_lt\/shop\/numee-glow-up-begin-anew-poras-mazinantis-tonizuojantis-losjonas-150-ml\/#breadcrumb","itemListElement":[{"@type":"ListItem","position":1,"name":"Home","item":"https:\/\/www.malinashop.lt\/en\/"},{"@type":"ListItem","position":2,"name":"Parduotuv\u0117","item":"https:\/\/www.malinashop.lt\/en\/parduotuve\/"},{"@type":"ListItem","position":3,"name":"NUMEE GLOW UP BEGIN ANEW poras ma\u017einantis tonizuojantis losjonas, 150 ml"}]},{"@type":"WebSite","@id":"https:\/\/www.malinashop.lt\/en\/#website","url":"https:\/\/www.malinashop.lt\/en\/","name":"COM Group Ecommerce","description":"MalinaShop.lt - Gro\u017eio ir sveikatos produktai i\u0161 patikim\u0173 preki\u0173 \u017eenkl\u0173. Atraskite auk\u0161tos kokyb\u0117s kosmetik\u0105 u\u017e puiki\u0105 kain\u0105.","publisher":{"@id":"https:\/\/www.malinashop.lt\/en\/#organization"},"potentialAction":[{"@type":"SearchAction","target":{"@type":"EntryPoint","urlTemplate":"https:\/\/www.malinashop.lt\/en\/?s={search_term_string}"},"query-input":{"@type":"PropertyValueSpecification","valueRequired":true,"valueName":"search_term_string"}}],"inLanguage":"lt-LT"},{"@type":"Organization","@id":"https:\/\/www.malinashop.lt\/en\/#organization","name":"COM Group Ecommerce","url":"https:\/\/www.malinashop.lt\/en\/","logo":{"@type":"ImageObject","inLanguage":"lt-LT","@id":"https:\/\/www.malinashop.lt\/en\/#\/schema\/logo\/image\/","url":"https:\/\/www.malinashop.lt\/wp-content\/uploads\/2024\/08\/462559670_3787732518133670_9795632669273463_n-e1731525914575.png","contentUrl":"https:\/\/www.malinashop.lt\/wp-content\/uploads\/2024\/08\/462559670_3787732518133670_9795632669273463_n-e1731525914575.png","width":180,"height":60,"caption":"COM Group Ecommerce"},"image":{"@id":"https:\/\/www.malinashop.lt\/en\/#\/schema\/logo\/image\/"}}]}},"jetpack_sharing_enabled":true,"_links":{"self":[{"href":"https:\/\/www.malinashop.lt\/lt_lt\/wp-json\/wp\/v2\/product\/20099","targetHints":{"allow":["GET"]}}],"collection":[{"href":"https:\/\/www.malinashop.lt\/lt_lt\/wp-json\/wp\/v2\/product"}],"about":[{"href":"https:\/\/www.malinashop.lt\/lt_lt\/wp-json\/wp\/v2\/types\/product"}],"version-history":[{"count":2,"href":"https:\/\/www.malinashop.lt\/lt_lt\/wp-json\/wp\/v2\/product\/20099\/revisions"}],"predecessor-version":[{"id":55753,"href":"https:\/\/www.malinashop.lt\/lt_lt\/wp-json\/wp\/v2\/product\/20099\/revisions\/55753"}],"wp:featuredmedia":[{"embeddable":true,"href":"https:\/\/www.malinashop.lt\/lt_lt\/wp-json\/wp\/v2\/media\/18174"}],"wp:attachment":[{"href":"https:\/\/www.malinashop.lt\/lt_lt\/wp-json\/wp\/v2\/media?parent=20099"}],"wp:term":[{"taxonomy":"product_brand","embeddable":true,"href":"https:\/\/www.malinashop.lt\/lt_lt\/wp-json\/wp\/v2\/product_brand?post=20099"},{"taxonomy":"product_cat","embeddable":true,"href":"https:\/\/www.malinashop.lt\/lt_lt\/wp-json\/wp\/v2\/product_cat?post=20099"},{"taxonomy":"product_tag","embeddable":true,"href":"https:\/\/www.malinashop.lt\/lt_lt\/wp-json\/wp\/v2\/product_tag?post=20099"}],"curies":[{"name":"wp","href":"https:\/\/api.w.org\/{rel}","templated":true}]}}