{"id":20087,"date":"2024-11-06T15:53:11","date_gmt":"2024-11-06T12:53:11","guid":{"rendered":"https:\/\/malinashop.lt\/produktas\/numee-dob-juiced-sweet-kiss-redness-rebalancing-serum-raudoni-mazinantis-serumas-30-ml\/"},"modified":"2026-03-18T12:34:38","modified_gmt":"2026-03-18T09:34:38","slug":"numee-dob-juiced-sweet-kiss-redness-rebalancing-serum-raudoni-mazinantis-serumas-30-ml","status":"publish","type":"product","link":"https:\/\/www.malinashop.lt\/lt_lt\/shop\/numee-dob-juiced-sweet-kiss-redness-rebalancing-serum-raudoni-mazinantis-serumas-30-ml\/","title":{"rendered":"NUMEE DOB Juiced SWEET KISS REDNESS REBALANCING SERUM raudon\u012f ma\u017einantis serumas, 30 ml"},"content":{"rendered":"<p>NUMEE pristato inovatyv\u0173 raudon\u012f ma\u017einant\u012f serum\u0105 DOB Juiced SWEET KISS REDNESS REBALANCING SERUM, specialiai sukurt\u0105 jautriai ir sudirgusiai odai. \u0160is serumas padeda greitai suma\u017einti paraudim\u0105 ir nuraminti od\u0105, d\u0117ka itin veiksming\u0173 aktyvi\u0173j\u0173 med\u017eiag\u0173. Vos per 5 minutes galite pasteb\u0117ti odos b\u016bkl\u0117s pager\u0117jim\u0105. Reguliariai naudojant, oda tampa nuraminta, skaistesn\u0117 ir \u0161velnesn\u0117.<\/p>\n<p>Pagrindin\u0117s Sudedamosios Dalys:<\/p>\n<p>Niacinamidas (1,5%): Veiksminga aktyvioji med\u017eiaga, kuri padeda atkurti netolyg\u0173 odos atspalv\u012f, ma\u017eina spalvos pakitimus, rauk\u0161les ir nelygumus. Pagerina odos elastingum\u0105, stimuliuoja kolageno sintez\u0119 ir stiprina odos apsaugin\u012f barjer\u0105.<br \/>\nAlijo\u0161ius (15%): Intensyviai dr\u0117kina ir v\u0117sina od\u0105, suteikdamas jai gaivumo ir komforto poj\u016bt\u012f.<br \/>\nPro vitaminas B5 (2%): Pagerina odos barjero atstatym\u0105, ramina od\u0105 ir skatina l\u0105steli\u0173 atsinaujinim\u0105.<br \/>\nCICA ekstraktas: Skatina kolageno gamyb\u0105 ir gerina odos elastingum\u0105.<br \/>\nNaudojimas:<\/p>\n<p>U\u017etepkite du-tris la\u0161us serumo ant \u0161varios ir sausos veido odos, \u0161velniai \u012fmasa\u017euokite. Naudokite ryte ir\/ar vakare, po to naudokite pasirinkt\u0105 dr\u0117kinam\u0105j\u012f krem\u0105.<\/p>\n<p>NUMEE Prek\u0117s \u017denklo Filosofija:<\/p>\n<p>NUMEE prek\u0117s \u017eenklas buvo sukurtas po daugiau nei 20 met\u0173 intensyvi\u0173 tyrim\u0173 ir k\u016brimo proceso. Produkt\u0173 filosofija remiasi trimis pagrindiniais principais: saugumu, efektyvumu ir inovatyvumu u\u017e prieinam\u0105 kain\u0105. J\u0173 tikslas \u2013 nat\u016bralus ir \u201e\u0161velnus\u201c gro\u017eis su produktais, kurie i\u0161 tikr\u0173j\u0173 veikia.<\/p>\n<p>NUMEE naudoja tik nat\u016bralios kilm\u0117s ingredientus, saugius net jautriausiai odai. Prek\u0117s \u017eenklas siekia ne pakeisti od\u0105, bet sustiprinti jos geb\u0117jim\u0105 atsinaujinti, kad kiekvienas gal\u0117t\u0173 atrasti geriausi\u0105 savo odos versij\u0105: sveik\u0105, gaivi\u0105 ir subalansuot\u0105.<\/p>\n<p>Aplinkai Draugi\u0161ki Sprendimai:<\/p>\n<p>NUMEE si\u016blo odos prie\u017ei\u016bros produktus, kurie ne tik r\u016bpinasi j\u016bs\u0173 oda, bet ir yra draugi\u0161ki aplinkai bei planetai. Su NUMEE atraskite sveik\u0105, \u0161vytin\u010di\u0105 ir subalansuot\u0105 od\u0105 kiekvien\u0105 dien\u0105!<\/p>\n<div class=\"text-tab text-tab-id-10\">\n<p>Siuntas i\u0161siun\u010diame antradieniais ir ketvirtadieniais. Jei d\u0117l koki\u0173 nors prie\u017eas\u010di\u0173 siunta negali b\u016bti i\u0161si\u0173sta \u0161iomis dienomis ir ji yra perkeliama \u012f kit\u0105 dien\u0105, apie tai informuosime jus svetain\u0117je arba el. pa\u0161tu.<\/p>\n<p>\u201eJei turite klausim\u0173, pra\u0161ome susisiekti el. pa\u0161tu info@malinashop.lt arba telefonu +37065444002 darbo dienomis nuo 10:00 iki 16:00 val.\u201c<\/p>\n<\/div>\n<div class=\"text-tab text-tab-id-11\">\n<p>Perkant u\u017e daugiau nei 50\u20ac &#8211; pristatymas nemokamas.<\/p>\n<p>Pristatymas \u012f LPexpress pa\u0161tomat\u0105\u00a0(visoje Lietuvoje, i\u0161skyrus Kur\u0161i\u0173 Nerij\u0105).<\/p>\n<\/div>\n","protected":false},"excerpt":{"rendered":"<p>NUMEE pristato inovatyv\u0173 raudon\u012f ma\u017einant\u012f serum\u0105 DOB Juiced SWEET KISS REDNESS REBALANCING SERUM, specialiai sukurt\u0105 jautriai ir sudirgusiai odai. \u0160is serumas padeda&hellip;<\/p>\n","protected":false},"featured_media":18147,"template":"","meta":[],"product_brand":[548],"product_cat":[550,728],"product_tag":[1635],"class_list":{"0":"post-20087","1":"product","2":"type-product","3":"status-publish","4":"has-post-thumbnail","6":"product_brand-numee","7":"product_cat-veido-serumai","8":"product_cat-veidui","9":"product_tag-numee","11":"first","12":"outofstock","13":"sale","14":"taxable","15":"shipping-taxable","16":"purchasable","17":"product-type-simple"},"yoast_head":"<!-- This site is optimized with the Yoast SEO plugin v27.4 - https:\/\/yoast.com\/product\/yoast-seo-wordpress\/ -->\n<title>NUMEE DOB Juiced SWEET KISS REDNESS REBALANCING SERUM raudon\u012f ma\u017einantis serumas, 30 ml - MalinaShop.lt J\u016bs\u0173 sveikatai ir gro\u017eiui.<\/title>\n<meta name=\"robots\" content=\"index, follow, max-snippet:-1, max-image-preview:large, max-video-preview:-1\" \/>\n<link rel=\"canonical\" href=\"https:\/\/www.malinashop.lt\/lt_lt\/shop\/numee-dob-juiced-sweet-kiss-redness-rebalancing-serum-raudoni-mazinantis-serumas-30-ml\/\" \/>\n<meta property=\"og:locale\" content=\"lt_LT\" \/>\n<meta property=\"og:type\" content=\"article\" \/>\n<meta property=\"og:title\" content=\"NUMEE DOB Juiced SWEET KISS REDNESS REBALANCING SERUM raudon\u012f ma\u017einantis serumas, 30 ml - MalinaShop.lt J\u016bs\u0173 sveikatai ir gro\u017eiui.\" \/>\n<meta property=\"og:url\" content=\"https:\/\/www.malinashop.lt\/lt_lt\/shop\/numee-dob-juiced-sweet-kiss-redness-rebalancing-serum-raudoni-mazinantis-serumas-30-ml\/\" \/>\n<meta property=\"og:site_name\" content=\"MalinaShop.lt J\u016bs\u0173 sveikatai ir gro\u017eiui.\" \/>\n<meta property=\"article:modified_time\" content=\"2026-03-18T09:34:38+00:00\" \/>\n<meta property=\"og:image\" content=\"https:\/\/www.malinashop.lt\/wp-content\/uploads\/2024\/11\/NUMEE-DOB-Juiced-SWEET-KISS-REDNESS-REBALANCING-SERUM-raudoni-mazinantis-serumas-30-ml.jpg\" \/>\n\t<meta property=\"og:image:width\" content=\"1000\" \/>\n\t<meta property=\"og:image:height\" content=\"1000\" \/>\n\t<meta property=\"og:image:type\" content=\"image\/jpeg\" \/>\n<meta name=\"twitter:card\" content=\"summary_large_image\" \/>\n<script type=\"application\/ld+json\" class=\"yoast-schema-graph\">{\"@context\":\"https:\\\/\\\/schema.org\",\"@graph\":[{\"@type\":\"WebPage\",\"@id\":\"https:\\\/\\\/www.malinashop.lt\\\/lt_lt\\\/shop\\\/numee-dob-juiced-sweet-kiss-redness-rebalancing-serum-raudoni-mazinantis-serumas-30-ml\\\/\",\"url\":\"https:\\\/\\\/www.malinashop.lt\\\/lt_lt\\\/shop\\\/numee-dob-juiced-sweet-kiss-redness-rebalancing-serum-raudoni-mazinantis-serumas-30-ml\\\/\",\"name\":\"NUMEE DOB Juiced SWEET KISS REDNESS REBALANCING SERUM raudon\u012f ma\u017einantis serumas, 30 ml - MalinaShop.lt J\u016bs\u0173 sveikatai ir gro\u017eiui.\",\"isPartOf\":{\"@id\":\"https:\\\/\\\/www.malinashop.lt\\\/en\\\/#website\"},\"primaryImageOfPage\":{\"@id\":\"https:\\\/\\\/www.malinashop.lt\\\/lt_lt\\\/shop\\\/numee-dob-juiced-sweet-kiss-redness-rebalancing-serum-raudoni-mazinantis-serumas-30-ml\\\/#primaryimage\"},\"image\":{\"@id\":\"https:\\\/\\\/www.malinashop.lt\\\/lt_lt\\\/shop\\\/numee-dob-juiced-sweet-kiss-redness-rebalancing-serum-raudoni-mazinantis-serumas-30-ml\\\/#primaryimage\"},\"thumbnailUrl\":\"https:\\\/\\\/www.malinashop.lt\\\/wp-content\\\/uploads\\\/2024\\\/11\\\/NUMEE-DOB-Juiced-SWEET-KISS-REDNESS-REBALANCING-SERUM-raudoni-mazinantis-serumas-30-ml.jpg\",\"datePublished\":\"2024-11-06T12:53:11+00:00\",\"dateModified\":\"2026-03-18T09:34:38+00:00\",\"breadcrumb\":{\"@id\":\"https:\\\/\\\/www.malinashop.lt\\\/lt_lt\\\/shop\\\/numee-dob-juiced-sweet-kiss-redness-rebalancing-serum-raudoni-mazinantis-serumas-30-ml\\\/#breadcrumb\"},\"inLanguage\":\"lt-LT\",\"potentialAction\":[{\"@type\":\"ReadAction\",\"target\":[\"https:\\\/\\\/www.malinashop.lt\\\/lt_lt\\\/shop\\\/numee-dob-juiced-sweet-kiss-redness-rebalancing-serum-raudoni-mazinantis-serumas-30-ml\\\/\"]}]},{\"@type\":\"ImageObject\",\"inLanguage\":\"lt-LT\",\"@id\":\"https:\\\/\\\/www.malinashop.lt\\\/lt_lt\\\/shop\\\/numee-dob-juiced-sweet-kiss-redness-rebalancing-serum-raudoni-mazinantis-serumas-30-ml\\\/#primaryimage\",\"url\":\"https:\\\/\\\/www.malinashop.lt\\\/wp-content\\\/uploads\\\/2024\\\/11\\\/NUMEE-DOB-Juiced-SWEET-KISS-REDNESS-REBALANCING-SERUM-raudoni-mazinantis-serumas-30-ml.jpg\",\"contentUrl\":\"https:\\\/\\\/www.malinashop.lt\\\/wp-content\\\/uploads\\\/2024\\\/11\\\/NUMEE-DOB-Juiced-SWEET-KISS-REDNESS-REBALANCING-SERUM-raudoni-mazinantis-serumas-30-ml.jpg\",\"width\":1000,\"height\":1000},{\"@type\":\"BreadcrumbList\",\"@id\":\"https:\\\/\\\/www.malinashop.lt\\\/lt_lt\\\/shop\\\/numee-dob-juiced-sweet-kiss-redness-rebalancing-serum-raudoni-mazinantis-serumas-30-ml\\\/#breadcrumb\",\"itemListElement\":[{\"@type\":\"ListItem\",\"position\":1,\"name\":\"Home\",\"item\":\"https:\\\/\\\/www.malinashop.lt\\\/en\\\/\"},{\"@type\":\"ListItem\",\"position\":2,\"name\":\"Parduotuv\u0117\",\"item\":\"https:\\\/\\\/www.malinashop.lt\\\/en\\\/parduotuve\\\/\"},{\"@type\":\"ListItem\",\"position\":3,\"name\":\"NUMEE DOB Juiced SWEET KISS REDNESS REBALANCING SERUM raudon\u012f ma\u017einantis serumas, 30 ml\"}]},{\"@type\":\"WebSite\",\"@id\":\"https:\\\/\\\/www.malinashop.lt\\\/en\\\/#website\",\"url\":\"https:\\\/\\\/www.malinashop.lt\\\/en\\\/\",\"name\":\"COM Group Ecommerce\",\"description\":\"MalinaShop.lt - Gro\u017eio ir sveikatos produktai i\u0161 patikim\u0173 preki\u0173 \u017eenkl\u0173. Atraskite auk\u0161tos kokyb\u0117s kosmetik\u0105 u\u017e puiki\u0105 kain\u0105.\",\"publisher\":{\"@id\":\"https:\\\/\\\/www.malinashop.lt\\\/en\\\/#organization\"},\"potentialAction\":[{\"@type\":\"SearchAction\",\"target\":{\"@type\":\"EntryPoint\",\"urlTemplate\":\"https:\\\/\\\/www.malinashop.lt\\\/en\\\/?s={search_term_string}\"},\"query-input\":{\"@type\":\"PropertyValueSpecification\",\"valueRequired\":true,\"valueName\":\"search_term_string\"}}],\"inLanguage\":\"lt-LT\"},{\"@type\":\"Organization\",\"@id\":\"https:\\\/\\\/www.malinashop.lt\\\/en\\\/#organization\",\"name\":\"COM Group Ecommerce\",\"url\":\"https:\\\/\\\/www.malinashop.lt\\\/en\\\/\",\"logo\":{\"@type\":\"ImageObject\",\"inLanguage\":\"lt-LT\",\"@id\":\"https:\\\/\\\/www.malinashop.lt\\\/en\\\/#\\\/schema\\\/logo\\\/image\\\/\",\"url\":\"https:\\\/\\\/www.malinashop.lt\\\/wp-content\\\/uploads\\\/2024\\\/08\\\/462559670_3787732518133670_9795632669273463_n-e1731525914575.png\",\"contentUrl\":\"https:\\\/\\\/www.malinashop.lt\\\/wp-content\\\/uploads\\\/2024\\\/08\\\/462559670_3787732518133670_9795632669273463_n-e1731525914575.png\",\"width\":180,\"height\":60,\"caption\":\"COM Group Ecommerce\"},\"image\":{\"@id\":\"https:\\\/\\\/www.malinashop.lt\\\/en\\\/#\\\/schema\\\/logo\\\/image\\\/\"}}]}<\/script>\n<!-- \/ Yoast SEO plugin. -->","yoast_head_json":{"title":"NUMEE DOB Juiced SWEET KISS REDNESS REBALANCING SERUM raudon\u012f ma\u017einantis serumas, 30 ml - MalinaShop.lt J\u016bs\u0173 sveikatai ir gro\u017eiui.","robots":{"index":"index","follow":"follow","max-snippet":"max-snippet:-1","max-image-preview":"max-image-preview:large","max-video-preview":"max-video-preview:-1"},"canonical":"https:\/\/www.malinashop.lt\/lt_lt\/shop\/numee-dob-juiced-sweet-kiss-redness-rebalancing-serum-raudoni-mazinantis-serumas-30-ml\/","og_locale":"lt_LT","og_type":"article","og_title":"NUMEE DOB Juiced SWEET KISS REDNESS REBALANCING SERUM raudon\u012f ma\u017einantis serumas, 30 ml - MalinaShop.lt J\u016bs\u0173 sveikatai ir gro\u017eiui.","og_url":"https:\/\/www.malinashop.lt\/lt_lt\/shop\/numee-dob-juiced-sweet-kiss-redness-rebalancing-serum-raudoni-mazinantis-serumas-30-ml\/","og_site_name":"MalinaShop.lt J\u016bs\u0173 sveikatai ir gro\u017eiui.","article_modified_time":"2026-03-18T09:34:38+00:00","og_image":[{"width":1000,"height":1000,"url":"https:\/\/www.malinashop.lt\/wp-content\/uploads\/2024\/11\/NUMEE-DOB-Juiced-SWEET-KISS-REDNESS-REBALANCING-SERUM-raudoni-mazinantis-serumas-30-ml.jpg","type":"image\/jpeg"}],"twitter_card":"summary_large_image","schema":{"@context":"https:\/\/schema.org","@graph":[{"@type":"WebPage","@id":"https:\/\/www.malinashop.lt\/lt_lt\/shop\/numee-dob-juiced-sweet-kiss-redness-rebalancing-serum-raudoni-mazinantis-serumas-30-ml\/","url":"https:\/\/www.malinashop.lt\/lt_lt\/shop\/numee-dob-juiced-sweet-kiss-redness-rebalancing-serum-raudoni-mazinantis-serumas-30-ml\/","name":"NUMEE DOB Juiced SWEET KISS REDNESS REBALANCING SERUM raudon\u012f ma\u017einantis serumas, 30 ml - MalinaShop.lt J\u016bs\u0173 sveikatai ir gro\u017eiui.","isPartOf":{"@id":"https:\/\/www.malinashop.lt\/en\/#website"},"primaryImageOfPage":{"@id":"https:\/\/www.malinashop.lt\/lt_lt\/shop\/numee-dob-juiced-sweet-kiss-redness-rebalancing-serum-raudoni-mazinantis-serumas-30-ml\/#primaryimage"},"image":{"@id":"https:\/\/www.malinashop.lt\/lt_lt\/shop\/numee-dob-juiced-sweet-kiss-redness-rebalancing-serum-raudoni-mazinantis-serumas-30-ml\/#primaryimage"},"thumbnailUrl":"https:\/\/www.malinashop.lt\/wp-content\/uploads\/2024\/11\/NUMEE-DOB-Juiced-SWEET-KISS-REDNESS-REBALANCING-SERUM-raudoni-mazinantis-serumas-30-ml.jpg","datePublished":"2024-11-06T12:53:11+00:00","dateModified":"2026-03-18T09:34:38+00:00","breadcrumb":{"@id":"https:\/\/www.malinashop.lt\/lt_lt\/shop\/numee-dob-juiced-sweet-kiss-redness-rebalancing-serum-raudoni-mazinantis-serumas-30-ml\/#breadcrumb"},"inLanguage":"lt-LT","potentialAction":[{"@type":"ReadAction","target":["https:\/\/www.malinashop.lt\/lt_lt\/shop\/numee-dob-juiced-sweet-kiss-redness-rebalancing-serum-raudoni-mazinantis-serumas-30-ml\/"]}]},{"@type":"ImageObject","inLanguage":"lt-LT","@id":"https:\/\/www.malinashop.lt\/lt_lt\/shop\/numee-dob-juiced-sweet-kiss-redness-rebalancing-serum-raudoni-mazinantis-serumas-30-ml\/#primaryimage","url":"https:\/\/www.malinashop.lt\/wp-content\/uploads\/2024\/11\/NUMEE-DOB-Juiced-SWEET-KISS-REDNESS-REBALANCING-SERUM-raudoni-mazinantis-serumas-30-ml.jpg","contentUrl":"https:\/\/www.malinashop.lt\/wp-content\/uploads\/2024\/11\/NUMEE-DOB-Juiced-SWEET-KISS-REDNESS-REBALANCING-SERUM-raudoni-mazinantis-serumas-30-ml.jpg","width":1000,"height":1000},{"@type":"BreadcrumbList","@id":"https:\/\/www.malinashop.lt\/lt_lt\/shop\/numee-dob-juiced-sweet-kiss-redness-rebalancing-serum-raudoni-mazinantis-serumas-30-ml\/#breadcrumb","itemListElement":[{"@type":"ListItem","position":1,"name":"Home","item":"https:\/\/www.malinashop.lt\/en\/"},{"@type":"ListItem","position":2,"name":"Parduotuv\u0117","item":"https:\/\/www.malinashop.lt\/en\/parduotuve\/"},{"@type":"ListItem","position":3,"name":"NUMEE DOB Juiced SWEET KISS REDNESS REBALANCING SERUM raudon\u012f ma\u017einantis serumas, 30 ml"}]},{"@type":"WebSite","@id":"https:\/\/www.malinashop.lt\/en\/#website","url":"https:\/\/www.malinashop.lt\/en\/","name":"COM Group Ecommerce","description":"MalinaShop.lt - Gro\u017eio ir sveikatos produktai i\u0161 patikim\u0173 preki\u0173 \u017eenkl\u0173. Atraskite auk\u0161tos kokyb\u0117s kosmetik\u0105 u\u017e puiki\u0105 kain\u0105.","publisher":{"@id":"https:\/\/www.malinashop.lt\/en\/#organization"},"potentialAction":[{"@type":"SearchAction","target":{"@type":"EntryPoint","urlTemplate":"https:\/\/www.malinashop.lt\/en\/?s={search_term_string}"},"query-input":{"@type":"PropertyValueSpecification","valueRequired":true,"valueName":"search_term_string"}}],"inLanguage":"lt-LT"},{"@type":"Organization","@id":"https:\/\/www.malinashop.lt\/en\/#organization","name":"COM Group Ecommerce","url":"https:\/\/www.malinashop.lt\/en\/","logo":{"@type":"ImageObject","inLanguage":"lt-LT","@id":"https:\/\/www.malinashop.lt\/en\/#\/schema\/logo\/image\/","url":"https:\/\/www.malinashop.lt\/wp-content\/uploads\/2024\/08\/462559670_3787732518133670_9795632669273463_n-e1731525914575.png","contentUrl":"https:\/\/www.malinashop.lt\/wp-content\/uploads\/2024\/08\/462559670_3787732518133670_9795632669273463_n-e1731525914575.png","width":180,"height":60,"caption":"COM Group Ecommerce"},"image":{"@id":"https:\/\/www.malinashop.lt\/en\/#\/schema\/logo\/image\/"}}]}},"jetpack_sharing_enabled":true,"_links":{"self":[{"href":"https:\/\/www.malinashop.lt\/lt_lt\/wp-json\/wp\/v2\/product\/20087","targetHints":{"allow":["GET"]}}],"collection":[{"href":"https:\/\/www.malinashop.lt\/lt_lt\/wp-json\/wp\/v2\/product"}],"about":[{"href":"https:\/\/www.malinashop.lt\/lt_lt\/wp-json\/wp\/v2\/types\/product"}],"version-history":[{"count":1,"href":"https:\/\/www.malinashop.lt\/lt_lt\/wp-json\/wp\/v2\/product\/20087\/revisions"}],"predecessor-version":[{"id":32754,"href":"https:\/\/www.malinashop.lt\/lt_lt\/wp-json\/wp\/v2\/product\/20087\/revisions\/32754"}],"wp:featuredmedia":[{"embeddable":true,"href":"https:\/\/www.malinashop.lt\/lt_lt\/wp-json\/wp\/v2\/media\/18147"}],"wp:attachment":[{"href":"https:\/\/www.malinashop.lt\/lt_lt\/wp-json\/wp\/v2\/media?parent=20087"}],"wp:term":[{"taxonomy":"product_brand","embeddable":true,"href":"https:\/\/www.malinashop.lt\/lt_lt\/wp-json\/wp\/v2\/product_brand?post=20087"},{"taxonomy":"product_cat","embeddable":true,"href":"https:\/\/www.malinashop.lt\/lt_lt\/wp-json\/wp\/v2\/product_cat?post=20087"},{"taxonomy":"product_tag","embeddable":true,"href":"https:\/\/www.malinashop.lt\/lt_lt\/wp-json\/wp\/v2\/product_tag?post=20087"}],"curies":[{"name":"wp","href":"https:\/\/api.w.org\/{rel}","templated":true}]}}