{"id":20083,"date":"2024-11-06T15:53:11","date_gmt":"2024-11-06T12:53:11","guid":{"rendered":"https:\/\/malinashop.lt\/produktas\/numee-dob-juiced-mighty-quench-plumping-serum-koncentruotas-elastingumo-suteikiantis-serumas-30-ml\/"},"modified":"2026-03-18T12:34:37","modified_gmt":"2026-03-18T09:34:37","slug":"numee-dob-juiced-mighty-quench-plumping-serum-koncentruotas-elastingumo-suteikiantis-serumas-30-ml","status":"publish","type":"product","link":"https:\/\/www.malinashop.lt\/lt_lt\/shop\/numee-dob-juiced-mighty-quench-plumping-serum-koncentruotas-elastingumo-suteikiantis-serumas-30-ml\/","title":{"rendered":"NUMEE DOB Juiced MIGHTY QUENCH PLUMPING SERUM koncentruotas elastingumo suteikiantis serumas, 30 ml"},"content":{"rendered":"<p>NUMEE pristato savo koncentruot\u0105 elastingumo suteikiant\u012f serum\u0105 DOB Juiced MIGHTY QUENCH PLUMPING SERUM, skirt\u0105 intensyviam odos dr\u0117kinimui ir atgaivinimui. \u0160is serumas sukurtas u\u017etikrinti ilgalaik\u012f ir intensyv\u0173 dr\u0117kinim\u0105, tinkant\u012f visiems odos tipams.<\/p>\n<p>Pagrindin\u0117s Sudedamosios Dalys:<\/p>\n<p>M\u0117lyni\u0173 vaisi\u0173 ekstraktas: Apsaugo od\u0105 nuo laisv\u0173j\u0173 radikal\u0173 ir aplinkos streso, suteikdamas jai nat\u016bral\u0173 spindes\u012f.<br \/>\nM\u0117lyn\u0173j\u0173 drugeli\u0173 \u017eirni\u0173 g\u0117li\u0173 ekstraktas: Skatina odos elastingum\u0105 ir kolageno strukt\u016br\u0105.<br \/>\nNiacinamidas (3%): Viena \u017einomiausi\u0173 veikli\u0173j\u0173 med\u017eiag\u0173, atkuria netolyg\u0173 odos atspalv\u012f, suma\u017eina spalvos pakitimus, rauk\u0161les ir nelygumus bei pagerina odos elastingum\u0105.<br \/>\nAugalinis kolagenas (2%): Skatina dr\u0117kinim\u0105 ir palaiko odos dr\u0117gm\u0117s balans\u0105.<br \/>\nPrivalumai:<\/p>\n<p>Apsaugo od\u0105 nuo ter\u0161al\u0173 \u017ealos.<br \/>\nStimuliuoja kolageno sintez\u0119.<br \/>\nStiprina odos barjer\u0105.<br \/>\nSuteikia ilgalaik\u012f dr\u0117kinim\u0105 ir gaivina od\u0105.<br \/>\nNaudojimas:<\/p>\n<p>Tepkite du-tris la\u0161us ant \u0161varios ir sausos veido odos ir \u0161velniai \u012fmasa\u017euokite. Naudokite ryte ir (arba) vakare. Po to naudokite m\u0117gstam\u0105 dr\u0117kinam\u0105j\u012f krem\u0105.<\/p>\n<p>NUMEE Prek\u0117s \u017denklas:<\/p>\n<p>NUMEE prek\u0117s \u017eenklas gim\u0117 po daugiau nei 20 met\u0173 paie\u0161k\u0173 ir k\u016brimo. Produkt\u0173 filosofija remiasi trimis pagrindiniais principais: saugumu, efektyvumu ir inovatyvumu u\u017e prieinam\u0105 kain\u0105. J\u0173 tikslas \u2013 nat\u016bralus ir \u201e\u0161velnus\u201c gro\u017eis su veiksmingais produktais, kurie i\u0161 ties\u0173 veikia.<\/p>\n<p>NUMEE formul\u0117se naudojami nat\u016bralios kilm\u0117s ingredientai, tinkami net jautriausiai odai. Prek\u0117s \u017eenklas siekia ne pakeisti od\u0105, bet sustiprinti jos geb\u0117jim\u0105 atsinaujinti, kad kiekvienas gal\u0117t\u0173 atrasti geriausi\u0105 savo odos versij\u0105: sveik\u0105, gaivi\u0105 ir subalansuot\u0105.<\/p>\n<p>Aplinkai Draugi\u0161ki Sprendimai:<\/p>\n<p>NUMEE si\u016blo odos prie\u017ei\u016bros produktus, kurie yra ne tik malon\u016bs j\u016bs\u0173 odai, bet ir draugi\u0161ki aplinkai bei planetai, kurioje gyvename.<\/p>\n<p>Su NUMEE atraskite sveik\u0105, spindin\u010di\u0105 ir subalansuot\u0105 od\u0105, kuria galite did\u017eiuotis kiekvien\u0105 dien\u0105!<\/p>\n<div class=\"text-tab text-tab-id-10\">\n<p>Siuntas i\u0161siun\u010diame antradieniais ir ketvirtadieniais. Jei d\u0117l koki\u0173 nors prie\u017eas\u010di\u0173 siunta negali b\u016bti i\u0161si\u0173sta \u0161iomis dienomis ir ji yra perkeliama \u012f kit\u0105 dien\u0105, apie tai informuosime jus svetain\u0117je arba el. pa\u0161tu.<\/p>\n<p>\u201eJei turite klausim\u0173, pra\u0161ome susisiekti el. pa\u0161tu info@malinashop.lt arba telefonu +37065444002 darbo dienomis nuo 10:00 iki 16:00 val.\u201c<\/p>\n<\/div>\n<div class=\"text-tab text-tab-id-11\">\n<p>Perkant u\u017e daugiau nei 50\u20ac &#8211; pristatymas nemokamas.<\/p>\n<p>Pristatymas \u012f LPexpress pa\u0161tomat\u0105\u00a0(visoje Lietuvoje, i\u0161skyrus Kur\u0161i\u0173 Nerij\u0105).<\/p>\n<\/div>\n","protected":false},"excerpt":{"rendered":"<p>NUMEE pristato savo koncentruot\u0105 elastingumo suteikiant\u012f serum\u0105 DOB Juiced MIGHTY QUENCH PLUMPING SERUM, skirt\u0105 intensyviam odos dr\u0117kinimui ir atgaivinimui. \u0160is serumas sukurtas&hellip;<\/p>\n","protected":false},"featured_media":21271,"template":"","meta":[],"product_brand":[548],"product_cat":[550,728],"product_tag":[1635],"class_list":{"0":"post-20083","1":"product","2":"type-product","3":"status-publish","4":"has-post-thumbnail","6":"product_brand-numee","7":"product_cat-veido-serumai","8":"product_cat-veidui","9":"product_tag-numee","11":"first","12":"outofstock","13":"sale","14":"taxable","15":"shipping-taxable","16":"purchasable","17":"product-type-simple"},"yoast_head":"<!-- This site is optimized with the Yoast SEO plugin v27.4 - https:\/\/yoast.com\/product\/yoast-seo-wordpress\/ -->\n<title>NUMEE DOB Juiced MIGHTY QUENCH PLUMPING SERUM koncentruotas elastingumo suteikiantis serumas, 30 ml - MalinaShop.lt J\u016bs\u0173 sveikatai ir gro\u017eiui.<\/title>\n<meta name=\"robots\" content=\"index, follow, max-snippet:-1, max-image-preview:large, max-video-preview:-1\" \/>\n<link rel=\"canonical\" href=\"https:\/\/www.malinashop.lt\/lt_lt\/shop\/numee-dob-juiced-mighty-quench-plumping-serum-koncentruotas-elastingumo-suteikiantis-serumas-30-ml\/\" \/>\n<meta property=\"og:locale\" content=\"lt_LT\" \/>\n<meta property=\"og:type\" content=\"article\" \/>\n<meta property=\"og:title\" content=\"NUMEE DOB Juiced MIGHTY QUENCH PLUMPING SERUM koncentruotas elastingumo suteikiantis serumas, 30 ml - MalinaShop.lt J\u016bs\u0173 sveikatai ir gro\u017eiui.\" \/>\n<meta property=\"og:url\" content=\"https:\/\/www.malinashop.lt\/lt_lt\/shop\/numee-dob-juiced-mighty-quench-plumping-serum-koncentruotas-elastingumo-suteikiantis-serumas-30-ml\/\" \/>\n<meta property=\"og:site_name\" content=\"MalinaShop.lt J\u016bs\u0173 sveikatai ir gro\u017eiui.\" \/>\n<meta property=\"article:modified_time\" content=\"2026-03-18T09:34:37+00:00\" \/>\n<meta property=\"og:image\" content=\"https:\/\/www.malinashop.lt\/wp-content\/uploads\/2024\/11\/numee-dob-juiced-mighty-quench-plumping-serum-koncentruotas-elastingumo-suteikiantis-serumas-30-ml-1.jpg\" \/>\n\t<meta property=\"og:image:width\" content=\"388\" \/>\n\t<meta property=\"og:image:height\" content=\"388\" \/>\n\t<meta property=\"og:image:type\" content=\"image\/jpeg\" \/>\n<meta name=\"twitter:card\" content=\"summary_large_image\" \/>\n<script type=\"application\/ld+json\" class=\"yoast-schema-graph\">{\"@context\":\"https:\\\/\\\/schema.org\",\"@graph\":[{\"@type\":\"WebPage\",\"@id\":\"https:\\\/\\\/www.malinashop.lt\\\/lt_lt\\\/shop\\\/numee-dob-juiced-mighty-quench-plumping-serum-koncentruotas-elastingumo-suteikiantis-serumas-30-ml\\\/\",\"url\":\"https:\\\/\\\/www.malinashop.lt\\\/lt_lt\\\/shop\\\/numee-dob-juiced-mighty-quench-plumping-serum-koncentruotas-elastingumo-suteikiantis-serumas-30-ml\\\/\",\"name\":\"NUMEE DOB Juiced MIGHTY QUENCH PLUMPING SERUM koncentruotas elastingumo suteikiantis serumas, 30 ml - MalinaShop.lt J\u016bs\u0173 sveikatai ir gro\u017eiui.\",\"isPartOf\":{\"@id\":\"https:\\\/\\\/www.malinashop.lt\\\/en\\\/#website\"},\"primaryImageOfPage\":{\"@id\":\"https:\\\/\\\/www.malinashop.lt\\\/lt_lt\\\/shop\\\/numee-dob-juiced-mighty-quench-plumping-serum-koncentruotas-elastingumo-suteikiantis-serumas-30-ml\\\/#primaryimage\"},\"image\":{\"@id\":\"https:\\\/\\\/www.malinashop.lt\\\/lt_lt\\\/shop\\\/numee-dob-juiced-mighty-quench-plumping-serum-koncentruotas-elastingumo-suteikiantis-serumas-30-ml\\\/#primaryimage\"},\"thumbnailUrl\":\"https:\\\/\\\/www.malinashop.lt\\\/wp-content\\\/uploads\\\/2024\\\/11\\\/numee-dob-juiced-mighty-quench-plumping-serum-koncentruotas-elastingumo-suteikiantis-serumas-30-ml-1.jpg\",\"datePublished\":\"2024-11-06T12:53:11+00:00\",\"dateModified\":\"2026-03-18T09:34:37+00:00\",\"breadcrumb\":{\"@id\":\"https:\\\/\\\/www.malinashop.lt\\\/lt_lt\\\/shop\\\/numee-dob-juiced-mighty-quench-plumping-serum-koncentruotas-elastingumo-suteikiantis-serumas-30-ml\\\/#breadcrumb\"},\"inLanguage\":\"lt-LT\",\"potentialAction\":[{\"@type\":\"ReadAction\",\"target\":[\"https:\\\/\\\/www.malinashop.lt\\\/lt_lt\\\/shop\\\/numee-dob-juiced-mighty-quench-plumping-serum-koncentruotas-elastingumo-suteikiantis-serumas-30-ml\\\/\"]}]},{\"@type\":\"ImageObject\",\"inLanguage\":\"lt-LT\",\"@id\":\"https:\\\/\\\/www.malinashop.lt\\\/lt_lt\\\/shop\\\/numee-dob-juiced-mighty-quench-plumping-serum-koncentruotas-elastingumo-suteikiantis-serumas-30-ml\\\/#primaryimage\",\"url\":\"https:\\\/\\\/www.malinashop.lt\\\/wp-content\\\/uploads\\\/2024\\\/11\\\/numee-dob-juiced-mighty-quench-plumping-serum-koncentruotas-elastingumo-suteikiantis-serumas-30-ml-1.jpg\",\"contentUrl\":\"https:\\\/\\\/www.malinashop.lt\\\/wp-content\\\/uploads\\\/2024\\\/11\\\/numee-dob-juiced-mighty-quench-plumping-serum-koncentruotas-elastingumo-suteikiantis-serumas-30-ml-1.jpg\",\"width\":388,\"height\":388},{\"@type\":\"BreadcrumbList\",\"@id\":\"https:\\\/\\\/www.malinashop.lt\\\/lt_lt\\\/shop\\\/numee-dob-juiced-mighty-quench-plumping-serum-koncentruotas-elastingumo-suteikiantis-serumas-30-ml\\\/#breadcrumb\",\"itemListElement\":[{\"@type\":\"ListItem\",\"position\":1,\"name\":\"Home\",\"item\":\"https:\\\/\\\/www.malinashop.lt\\\/en\\\/\"},{\"@type\":\"ListItem\",\"position\":2,\"name\":\"Parduotuv\u0117\",\"item\":\"https:\\\/\\\/www.malinashop.lt\\\/en\\\/parduotuve\\\/\"},{\"@type\":\"ListItem\",\"position\":3,\"name\":\"NUMEE DOB Juiced MIGHTY QUENCH PLUMPING SERUM koncentruotas elastingumo suteikiantis serumas, 30 ml\"}]},{\"@type\":\"WebSite\",\"@id\":\"https:\\\/\\\/www.malinashop.lt\\\/en\\\/#website\",\"url\":\"https:\\\/\\\/www.malinashop.lt\\\/en\\\/\",\"name\":\"COM Group Ecommerce\",\"description\":\"MalinaShop.lt - Gro\u017eio ir sveikatos produktai i\u0161 patikim\u0173 preki\u0173 \u017eenkl\u0173. Atraskite auk\u0161tos kokyb\u0117s kosmetik\u0105 u\u017e puiki\u0105 kain\u0105.\",\"publisher\":{\"@id\":\"https:\\\/\\\/www.malinashop.lt\\\/en\\\/#organization\"},\"potentialAction\":[{\"@type\":\"SearchAction\",\"target\":{\"@type\":\"EntryPoint\",\"urlTemplate\":\"https:\\\/\\\/www.malinashop.lt\\\/en\\\/?s={search_term_string}\"},\"query-input\":{\"@type\":\"PropertyValueSpecification\",\"valueRequired\":true,\"valueName\":\"search_term_string\"}}],\"inLanguage\":\"lt-LT\"},{\"@type\":\"Organization\",\"@id\":\"https:\\\/\\\/www.malinashop.lt\\\/en\\\/#organization\",\"name\":\"COM Group Ecommerce\",\"url\":\"https:\\\/\\\/www.malinashop.lt\\\/en\\\/\",\"logo\":{\"@type\":\"ImageObject\",\"inLanguage\":\"lt-LT\",\"@id\":\"https:\\\/\\\/www.malinashop.lt\\\/en\\\/#\\\/schema\\\/logo\\\/image\\\/\",\"url\":\"https:\\\/\\\/www.malinashop.lt\\\/wp-content\\\/uploads\\\/2024\\\/08\\\/462559670_3787732518133670_9795632669273463_n-e1731525914575.png\",\"contentUrl\":\"https:\\\/\\\/www.malinashop.lt\\\/wp-content\\\/uploads\\\/2024\\\/08\\\/462559670_3787732518133670_9795632669273463_n-e1731525914575.png\",\"width\":180,\"height\":60,\"caption\":\"COM Group Ecommerce\"},\"image\":{\"@id\":\"https:\\\/\\\/www.malinashop.lt\\\/en\\\/#\\\/schema\\\/logo\\\/image\\\/\"}}]}<\/script>\n<!-- \/ Yoast SEO plugin. -->","yoast_head_json":{"title":"NUMEE DOB Juiced MIGHTY QUENCH PLUMPING SERUM koncentruotas elastingumo suteikiantis serumas, 30 ml - MalinaShop.lt J\u016bs\u0173 sveikatai ir gro\u017eiui.","robots":{"index":"index","follow":"follow","max-snippet":"max-snippet:-1","max-image-preview":"max-image-preview:large","max-video-preview":"max-video-preview:-1"},"canonical":"https:\/\/www.malinashop.lt\/lt_lt\/shop\/numee-dob-juiced-mighty-quench-plumping-serum-koncentruotas-elastingumo-suteikiantis-serumas-30-ml\/","og_locale":"lt_LT","og_type":"article","og_title":"NUMEE DOB Juiced MIGHTY QUENCH PLUMPING SERUM koncentruotas elastingumo suteikiantis serumas, 30 ml - MalinaShop.lt J\u016bs\u0173 sveikatai ir gro\u017eiui.","og_url":"https:\/\/www.malinashop.lt\/lt_lt\/shop\/numee-dob-juiced-mighty-quench-plumping-serum-koncentruotas-elastingumo-suteikiantis-serumas-30-ml\/","og_site_name":"MalinaShop.lt J\u016bs\u0173 sveikatai ir gro\u017eiui.","article_modified_time":"2026-03-18T09:34:37+00:00","og_image":[{"width":388,"height":388,"url":"https:\/\/www.malinashop.lt\/wp-content\/uploads\/2024\/11\/numee-dob-juiced-mighty-quench-plumping-serum-koncentruotas-elastingumo-suteikiantis-serumas-30-ml-1.jpg","type":"image\/jpeg"}],"twitter_card":"summary_large_image","schema":{"@context":"https:\/\/schema.org","@graph":[{"@type":"WebPage","@id":"https:\/\/www.malinashop.lt\/lt_lt\/shop\/numee-dob-juiced-mighty-quench-plumping-serum-koncentruotas-elastingumo-suteikiantis-serumas-30-ml\/","url":"https:\/\/www.malinashop.lt\/lt_lt\/shop\/numee-dob-juiced-mighty-quench-plumping-serum-koncentruotas-elastingumo-suteikiantis-serumas-30-ml\/","name":"NUMEE DOB Juiced MIGHTY QUENCH PLUMPING SERUM koncentruotas elastingumo suteikiantis serumas, 30 ml - MalinaShop.lt J\u016bs\u0173 sveikatai ir gro\u017eiui.","isPartOf":{"@id":"https:\/\/www.malinashop.lt\/en\/#website"},"primaryImageOfPage":{"@id":"https:\/\/www.malinashop.lt\/lt_lt\/shop\/numee-dob-juiced-mighty-quench-plumping-serum-koncentruotas-elastingumo-suteikiantis-serumas-30-ml\/#primaryimage"},"image":{"@id":"https:\/\/www.malinashop.lt\/lt_lt\/shop\/numee-dob-juiced-mighty-quench-plumping-serum-koncentruotas-elastingumo-suteikiantis-serumas-30-ml\/#primaryimage"},"thumbnailUrl":"https:\/\/www.malinashop.lt\/wp-content\/uploads\/2024\/11\/numee-dob-juiced-mighty-quench-plumping-serum-koncentruotas-elastingumo-suteikiantis-serumas-30-ml-1.jpg","datePublished":"2024-11-06T12:53:11+00:00","dateModified":"2026-03-18T09:34:37+00:00","breadcrumb":{"@id":"https:\/\/www.malinashop.lt\/lt_lt\/shop\/numee-dob-juiced-mighty-quench-plumping-serum-koncentruotas-elastingumo-suteikiantis-serumas-30-ml\/#breadcrumb"},"inLanguage":"lt-LT","potentialAction":[{"@type":"ReadAction","target":["https:\/\/www.malinashop.lt\/lt_lt\/shop\/numee-dob-juiced-mighty-quench-plumping-serum-koncentruotas-elastingumo-suteikiantis-serumas-30-ml\/"]}]},{"@type":"ImageObject","inLanguage":"lt-LT","@id":"https:\/\/www.malinashop.lt\/lt_lt\/shop\/numee-dob-juiced-mighty-quench-plumping-serum-koncentruotas-elastingumo-suteikiantis-serumas-30-ml\/#primaryimage","url":"https:\/\/www.malinashop.lt\/wp-content\/uploads\/2024\/11\/numee-dob-juiced-mighty-quench-plumping-serum-koncentruotas-elastingumo-suteikiantis-serumas-30-ml-1.jpg","contentUrl":"https:\/\/www.malinashop.lt\/wp-content\/uploads\/2024\/11\/numee-dob-juiced-mighty-quench-plumping-serum-koncentruotas-elastingumo-suteikiantis-serumas-30-ml-1.jpg","width":388,"height":388},{"@type":"BreadcrumbList","@id":"https:\/\/www.malinashop.lt\/lt_lt\/shop\/numee-dob-juiced-mighty-quench-plumping-serum-koncentruotas-elastingumo-suteikiantis-serumas-30-ml\/#breadcrumb","itemListElement":[{"@type":"ListItem","position":1,"name":"Home","item":"https:\/\/www.malinashop.lt\/en\/"},{"@type":"ListItem","position":2,"name":"Parduotuv\u0117","item":"https:\/\/www.malinashop.lt\/en\/parduotuve\/"},{"@type":"ListItem","position":3,"name":"NUMEE DOB Juiced MIGHTY QUENCH PLUMPING SERUM koncentruotas elastingumo suteikiantis serumas, 30 ml"}]},{"@type":"WebSite","@id":"https:\/\/www.malinashop.lt\/en\/#website","url":"https:\/\/www.malinashop.lt\/en\/","name":"COM Group Ecommerce","description":"MalinaShop.lt - Gro\u017eio ir sveikatos produktai i\u0161 patikim\u0173 preki\u0173 \u017eenkl\u0173. Atraskite auk\u0161tos kokyb\u0117s kosmetik\u0105 u\u017e puiki\u0105 kain\u0105.","publisher":{"@id":"https:\/\/www.malinashop.lt\/en\/#organization"},"potentialAction":[{"@type":"SearchAction","target":{"@type":"EntryPoint","urlTemplate":"https:\/\/www.malinashop.lt\/en\/?s={search_term_string}"},"query-input":{"@type":"PropertyValueSpecification","valueRequired":true,"valueName":"search_term_string"}}],"inLanguage":"lt-LT"},{"@type":"Organization","@id":"https:\/\/www.malinashop.lt\/en\/#organization","name":"COM Group Ecommerce","url":"https:\/\/www.malinashop.lt\/en\/","logo":{"@type":"ImageObject","inLanguage":"lt-LT","@id":"https:\/\/www.malinashop.lt\/en\/#\/schema\/logo\/image\/","url":"https:\/\/www.malinashop.lt\/wp-content\/uploads\/2024\/08\/462559670_3787732518133670_9795632669273463_n-e1731525914575.png","contentUrl":"https:\/\/www.malinashop.lt\/wp-content\/uploads\/2024\/08\/462559670_3787732518133670_9795632669273463_n-e1731525914575.png","width":180,"height":60,"caption":"COM Group Ecommerce"},"image":{"@id":"https:\/\/www.malinashop.lt\/en\/#\/schema\/logo\/image\/"}}]}},"jetpack_sharing_enabled":true,"_links":{"self":[{"href":"https:\/\/www.malinashop.lt\/lt_lt\/wp-json\/wp\/v2\/product\/20083","targetHints":{"allow":["GET"]}}],"collection":[{"href":"https:\/\/www.malinashop.lt\/lt_lt\/wp-json\/wp\/v2\/product"}],"about":[{"href":"https:\/\/www.malinashop.lt\/lt_lt\/wp-json\/wp\/v2\/types\/product"}],"version-history":[{"count":1,"href":"https:\/\/www.malinashop.lt\/lt_lt\/wp-json\/wp\/v2\/product\/20083\/revisions"}],"predecessor-version":[{"id":32756,"href":"https:\/\/www.malinashop.lt\/lt_lt\/wp-json\/wp\/v2\/product\/20083\/revisions\/32756"}],"wp:featuredmedia":[{"embeddable":true,"href":"https:\/\/www.malinashop.lt\/lt_lt\/wp-json\/wp\/v2\/media\/21271"}],"wp:attachment":[{"href":"https:\/\/www.malinashop.lt\/lt_lt\/wp-json\/wp\/v2\/media?parent=20083"}],"wp:term":[{"taxonomy":"product_brand","embeddable":true,"href":"https:\/\/www.malinashop.lt\/lt_lt\/wp-json\/wp\/v2\/product_brand?post=20083"},{"taxonomy":"product_cat","embeddable":true,"href":"https:\/\/www.malinashop.lt\/lt_lt\/wp-json\/wp\/v2\/product_cat?post=20083"},{"taxonomy":"product_tag","embeddable":true,"href":"https:\/\/www.malinashop.lt\/lt_lt\/wp-json\/wp\/v2\/product_tag?post=20083"}],"curies":[{"name":"wp","href":"https:\/\/api.w.org\/{rel}","templated":true}]}}