{"id":20077,"date":"2024-11-06T15:53:11","date_gmt":"2024-11-06T12:53:11","guid":{"rendered":"https:\/\/malinashop.lt\/produktas\/numee-drops-of-benefits-pink-potion-sensitive-deep-moisturizing-serum-atstatomasis-serumas-30-ml\/"},"modified":"2026-03-18T12:34:36","modified_gmt":"2026-03-18T09:34:36","slug":"numee-drops-of-benefits-pink-potion-sensitive-deep-moisturizing-serum-atstatomasis-serumas-30-ml","status":"publish","type":"product","link":"https:\/\/www.malinashop.lt\/lt_lt\/shop\/numee-drops-of-benefits-pink-potion-sensitive-deep-moisturizing-serum-atstatomasis-serumas-30-ml\/","title":{"rendered":"NUMEE Drops of Benefits PINK POTION SENSITIVE DEEP MOISTURIZING SERUM atstatomasis serumas, 30 ml"},"content":{"rendered":"<p>\u0160is serumas giliai dr\u0117kina, i\u0161lygina odos atspalv\u012f ir gali pad\u0117ti suma\u017einti rauk\u0161les. Formul\u0117 praturtinta hialurono r\u016bg\u0161timi, vitaminu B12 ir peptidais, kurie padeda palaikyti ir i\u0161laikyti odos dr\u0117gm\u0119.<\/p>\n<p>Pagrindiniai Ingredientai ir J\u0173 Nauda<br \/>\nHialurono R\u016bg\u0161tis<br \/>\nHialurono r\u016bg\u0161tis giliai dr\u0117kina od\u0105, u\u017efiksuodama dr\u0117gm\u0119 ir sukuriant putlumo efekt\u0105, kuris gali pad\u0117ti suma\u017einti smulki\u0173 linij\u0173 ir rauk\u0161li\u0173 atsiradim\u0105. Ji taip pat pagerina odos tekst\u016br\u0105 ir elastingum\u0105.<\/p>\n<p>Peptidai<br \/>\nPeptidai stimuliuoja fibronektino, kolageno ir hialurono r\u016bg\u0161ties sintez\u0119. Jie gali pad\u0117ti suma\u017einti rauk\u0161les, linijas ant kaktos ir \u201e\u017e\u0105sies kojeles\u201c, taip pat pagerina odos elastingum\u0105 ir stangrum\u0105.<\/p>\n<p>Syn\u00ae-Coll<br \/>\nSyn\u00ae-Coll stimuliuoja kolageno gamyb\u0105, padidindamas odos elastingum\u0105, stangrum\u0105 ir tekst\u016br\u0105. Tai veiksminga priemon\u0117 kovojant su sen\u0117jimo po\u017eymiais.<\/p>\n<p>Glicerinas<br \/>\nGlicerinas palaiko odos dr\u0117gm\u0117s lyg\u012f, pad\u0117damas i\u0161laikyti j\u0105 mink\u0161t\u0105 ir elasting\u0105.<\/p>\n<p>Vitaminas B12<br \/>\nVitaminas B12 gali pad\u0117ti nuraminti jautri\u0105 od\u0105, skatina l\u0105steli\u0173 atsinaujinim\u0105 ir saugo odos barjer\u0105. Jis taip pat padeda i\u0161laikyti odos sveikat\u0105 ir \u0161vyt\u0117jim\u0105.<\/p>\n<p>Niacinamidas (Vitaminas B3)<br \/>\nNiacinamidas yra viena i\u0161 naudingiausi\u0173 aktyvi\u0173j\u0173 med\u017eiag\u0173, atkurianti netolyg\u0173 odos atspalv\u012f ir ma\u017einanti spalvos pasikeitim\u0105. Jis suma\u017eina rauk\u0161les ir nelygumus, pagerina odos elastingum\u0105, padeda apsisaugoti nuo ter\u0161al\u0173 \u017ealos, stimuliuoja kolageno sintez\u0119 ir stiprina odos barjer\u0105.<\/p>\n<p>Naudojimo Instrukcijos<br \/>\nNaudojimas: Tepkite du-tris la\u0161us serumo ant \u0161varios ir sausos veido odos ir \u0161velniai \u012fmasa\u017euokite. Naudokite ryte ir (arba) vakare. Po to naudokite pasirinkt\u0105 dr\u0117kinam\u0105j\u012f krem\u0105.<\/p>\n<p>\u012esp\u0117jimai:<\/p>\n<p>NUMEE atstatomasis serumas Drops of Benefits PINK POTION skirtas tik i\u0161oriniam naudojimui.<br \/>\nVenkite tiesioginio kontakto su akimis. Jei produktas patenka \u012f akis, nedelsiant gerai nuplaukite vandeniu.<br \/>\nLaikykite priemon\u0119 vaikams nepasiekiamoje vietoje ir kambario temperat\u016broje.<br \/>\nJei pajutote odos dirginim\u0105, nustokite naudoti produkt\u0105.<br \/>\n\u0160is serumas yra idealus pasirinkimas kasdieninei odos prie\u017ei\u016brai, suteikiantis gil\u0173 dr\u0117kinim\u0105 ir ilgalaik\u012f poveik\u012f. I\u0161bandykite NUMEE atstatom\u0105j\u012f serum\u0105 Drops of Benefits PINK POTION ir pajuskite, kaip j\u016bs\u0173 oda tampa \u0161velnesn\u0117, lygesn\u0117 ir sveikesn\u0117!<\/p>\n<div class=\"text-tab text-tab-id-10\">\n<p>Siuntas i\u0161siun\u010diame antradieniais ir ketvirtadieniais. Jei d\u0117l koki\u0173 nors prie\u017eas\u010di\u0173 siunta negali b\u016bti i\u0161si\u0173sta \u0161iomis dienomis ir ji yra perkeliama \u012f kit\u0105 dien\u0105, apie tai informuosime jus svetain\u0117je arba el. pa\u0161tu.<\/p>\n<p>\u201eJei turite klausim\u0173, pra\u0161ome susisiekti el. pa\u0161tu info@malinashop.lt arba telefonu +37065444002 darbo dienomis nuo 10:00 iki 16:00 val.\u201c<\/p>\n<\/div>\n<div class=\"text-tab text-tab-id-11\">\n<p>Perkant u\u017e daugiau nei 50\u20ac &#8211; pristatymas nemokamas.<\/p>\n<p>Pristatymas \u012f LPexpress pa\u0161tomat\u0105\u00a0(visoje Lietuvoje, i\u0161skyrus Kur\u0161i\u0173 Nerij\u0105).<\/p>\n<\/div>\n","protected":false},"excerpt":{"rendered":"<p>\u0160is serumas giliai dr\u0117kina, i\u0161lygina odos atspalv\u012f ir gali pad\u0117ti suma\u017einti rauk\u0161les. Formul\u0117 praturtinta hialurono r\u016bg\u0161timi, vitaminu B12 ir peptidais, kurie padeda&hellip;<\/p>\n","protected":false},"featured_media":17903,"template":"","meta":[],"product_brand":[548],"product_cat":[550,728],"product_tag":[1635],"class_list":{"0":"post-20077","1":"product","2":"type-product","3":"status-publish","4":"has-post-thumbnail","6":"product_brand-numee","7":"product_cat-veido-serumai","8":"product_cat-veidui","9":"product_tag-numee","11":"first","12":"outofstock","13":"sale","14":"taxable","15":"shipping-taxable","16":"purchasable","17":"product-type-simple"},"yoast_head":"<!-- This site is optimized with the Yoast SEO plugin v27.4 - https:\/\/yoast.com\/product\/yoast-seo-wordpress\/ -->\n<title>NUMEE Drops of Benefits PINK POTION SENSITIVE DEEP MOISTURIZING SERUM atstatomasis serumas, 30 ml - MalinaShop.lt J\u016bs\u0173 sveikatai ir gro\u017eiui.<\/title>\n<meta name=\"robots\" content=\"index, follow, max-snippet:-1, max-image-preview:large, max-video-preview:-1\" \/>\n<link rel=\"canonical\" href=\"https:\/\/www.malinashop.lt\/lt_lt\/shop\/numee-drops-of-benefits-pink-potion-sensitive-deep-moisturizing-serum-atstatomasis-serumas-30-ml\/\" \/>\n<meta property=\"og:locale\" content=\"lt_LT\" \/>\n<meta property=\"og:type\" content=\"article\" \/>\n<meta property=\"og:title\" content=\"NUMEE Drops of Benefits PINK POTION SENSITIVE DEEP MOISTURIZING SERUM atstatomasis serumas, 30 ml - MalinaShop.lt J\u016bs\u0173 sveikatai ir gro\u017eiui.\" \/>\n<meta property=\"og:url\" content=\"https:\/\/www.malinashop.lt\/lt_lt\/shop\/numee-drops-of-benefits-pink-potion-sensitive-deep-moisturizing-serum-atstatomasis-serumas-30-ml\/\" \/>\n<meta property=\"og:site_name\" content=\"MalinaShop.lt J\u016bs\u0173 sveikatai ir gro\u017eiui.\" \/>\n<meta property=\"article:modified_time\" content=\"2026-03-18T09:34:36+00:00\" \/>\n<meta property=\"og:image\" content=\"https:\/\/www.malinashop.lt\/wp-content\/uploads\/2024\/11\/NUMEE-Drops-of-Benefits-PINK-POTION-SENSITIVE-DEEP-MOISTURIZING-SERUM-atstatomasis-serumas-30-ml.jpg\" \/>\n\t<meta property=\"og:image:width\" content=\"1000\" \/>\n\t<meta property=\"og:image:height\" content=\"1000\" \/>\n\t<meta property=\"og:image:type\" content=\"image\/jpeg\" \/>\n<meta name=\"twitter:card\" content=\"summary_large_image\" \/>\n<script type=\"application\/ld+json\" class=\"yoast-schema-graph\">{\"@context\":\"https:\\\/\\\/schema.org\",\"@graph\":[{\"@type\":\"WebPage\",\"@id\":\"https:\\\/\\\/www.malinashop.lt\\\/lt_lt\\\/shop\\\/numee-drops-of-benefits-pink-potion-sensitive-deep-moisturizing-serum-atstatomasis-serumas-30-ml\\\/\",\"url\":\"https:\\\/\\\/www.malinashop.lt\\\/lt_lt\\\/shop\\\/numee-drops-of-benefits-pink-potion-sensitive-deep-moisturizing-serum-atstatomasis-serumas-30-ml\\\/\",\"name\":\"NUMEE Drops of Benefits PINK POTION SENSITIVE DEEP MOISTURIZING SERUM atstatomasis serumas, 30 ml - MalinaShop.lt J\u016bs\u0173 sveikatai ir gro\u017eiui.\",\"isPartOf\":{\"@id\":\"https:\\\/\\\/www.malinashop.lt\\\/en\\\/#website\"},\"primaryImageOfPage\":{\"@id\":\"https:\\\/\\\/www.malinashop.lt\\\/lt_lt\\\/shop\\\/numee-drops-of-benefits-pink-potion-sensitive-deep-moisturizing-serum-atstatomasis-serumas-30-ml\\\/#primaryimage\"},\"image\":{\"@id\":\"https:\\\/\\\/www.malinashop.lt\\\/lt_lt\\\/shop\\\/numee-drops-of-benefits-pink-potion-sensitive-deep-moisturizing-serum-atstatomasis-serumas-30-ml\\\/#primaryimage\"},\"thumbnailUrl\":\"https:\\\/\\\/www.malinashop.lt\\\/wp-content\\\/uploads\\\/2024\\\/11\\\/NUMEE-Drops-of-Benefits-PINK-POTION-SENSITIVE-DEEP-MOISTURIZING-SERUM-atstatomasis-serumas-30-ml.jpg\",\"datePublished\":\"2024-11-06T12:53:11+00:00\",\"dateModified\":\"2026-03-18T09:34:36+00:00\",\"breadcrumb\":{\"@id\":\"https:\\\/\\\/www.malinashop.lt\\\/lt_lt\\\/shop\\\/numee-drops-of-benefits-pink-potion-sensitive-deep-moisturizing-serum-atstatomasis-serumas-30-ml\\\/#breadcrumb\"},\"inLanguage\":\"lt-LT\",\"potentialAction\":[{\"@type\":\"ReadAction\",\"target\":[\"https:\\\/\\\/www.malinashop.lt\\\/lt_lt\\\/shop\\\/numee-drops-of-benefits-pink-potion-sensitive-deep-moisturizing-serum-atstatomasis-serumas-30-ml\\\/\"]}]},{\"@type\":\"ImageObject\",\"inLanguage\":\"lt-LT\",\"@id\":\"https:\\\/\\\/www.malinashop.lt\\\/lt_lt\\\/shop\\\/numee-drops-of-benefits-pink-potion-sensitive-deep-moisturizing-serum-atstatomasis-serumas-30-ml\\\/#primaryimage\",\"url\":\"https:\\\/\\\/www.malinashop.lt\\\/wp-content\\\/uploads\\\/2024\\\/11\\\/NUMEE-Drops-of-Benefits-PINK-POTION-SENSITIVE-DEEP-MOISTURIZING-SERUM-atstatomasis-serumas-30-ml.jpg\",\"contentUrl\":\"https:\\\/\\\/www.malinashop.lt\\\/wp-content\\\/uploads\\\/2024\\\/11\\\/NUMEE-Drops-of-Benefits-PINK-POTION-SENSITIVE-DEEP-MOISTURIZING-SERUM-atstatomasis-serumas-30-ml.jpg\",\"width\":1000,\"height\":1000},{\"@type\":\"BreadcrumbList\",\"@id\":\"https:\\\/\\\/www.malinashop.lt\\\/lt_lt\\\/shop\\\/numee-drops-of-benefits-pink-potion-sensitive-deep-moisturizing-serum-atstatomasis-serumas-30-ml\\\/#breadcrumb\",\"itemListElement\":[{\"@type\":\"ListItem\",\"position\":1,\"name\":\"Home\",\"item\":\"https:\\\/\\\/www.malinashop.lt\\\/en\\\/\"},{\"@type\":\"ListItem\",\"position\":2,\"name\":\"Parduotuv\u0117\",\"item\":\"https:\\\/\\\/www.malinashop.lt\\\/en\\\/parduotuve\\\/\"},{\"@type\":\"ListItem\",\"position\":3,\"name\":\"NUMEE Drops of Benefits PINK POTION SENSITIVE DEEP MOISTURIZING SERUM atstatomasis serumas, 30 ml\"}]},{\"@type\":\"WebSite\",\"@id\":\"https:\\\/\\\/www.malinashop.lt\\\/en\\\/#website\",\"url\":\"https:\\\/\\\/www.malinashop.lt\\\/en\\\/\",\"name\":\"COM Group Ecommerce\",\"description\":\"MalinaShop.lt - Gro\u017eio ir sveikatos produktai i\u0161 patikim\u0173 preki\u0173 \u017eenkl\u0173. Atraskite auk\u0161tos kokyb\u0117s kosmetik\u0105 u\u017e puiki\u0105 kain\u0105.\",\"publisher\":{\"@id\":\"https:\\\/\\\/www.malinashop.lt\\\/en\\\/#organization\"},\"potentialAction\":[{\"@type\":\"SearchAction\",\"target\":{\"@type\":\"EntryPoint\",\"urlTemplate\":\"https:\\\/\\\/www.malinashop.lt\\\/en\\\/?s={search_term_string}\"},\"query-input\":{\"@type\":\"PropertyValueSpecification\",\"valueRequired\":true,\"valueName\":\"search_term_string\"}}],\"inLanguage\":\"lt-LT\"},{\"@type\":\"Organization\",\"@id\":\"https:\\\/\\\/www.malinashop.lt\\\/en\\\/#organization\",\"name\":\"COM Group Ecommerce\",\"url\":\"https:\\\/\\\/www.malinashop.lt\\\/en\\\/\",\"logo\":{\"@type\":\"ImageObject\",\"inLanguage\":\"lt-LT\",\"@id\":\"https:\\\/\\\/www.malinashop.lt\\\/en\\\/#\\\/schema\\\/logo\\\/image\\\/\",\"url\":\"https:\\\/\\\/www.malinashop.lt\\\/wp-content\\\/uploads\\\/2024\\\/08\\\/462559670_3787732518133670_9795632669273463_n-e1731525914575.png\",\"contentUrl\":\"https:\\\/\\\/www.malinashop.lt\\\/wp-content\\\/uploads\\\/2024\\\/08\\\/462559670_3787732518133670_9795632669273463_n-e1731525914575.png\",\"width\":180,\"height\":60,\"caption\":\"COM Group Ecommerce\"},\"image\":{\"@id\":\"https:\\\/\\\/www.malinashop.lt\\\/en\\\/#\\\/schema\\\/logo\\\/image\\\/\"}}]}<\/script>\n<!-- \/ Yoast SEO plugin. -->","yoast_head_json":{"title":"NUMEE Drops of Benefits PINK POTION SENSITIVE DEEP MOISTURIZING SERUM atstatomasis serumas, 30 ml - MalinaShop.lt J\u016bs\u0173 sveikatai ir gro\u017eiui.","robots":{"index":"index","follow":"follow","max-snippet":"max-snippet:-1","max-image-preview":"max-image-preview:large","max-video-preview":"max-video-preview:-1"},"canonical":"https:\/\/www.malinashop.lt\/lt_lt\/shop\/numee-drops-of-benefits-pink-potion-sensitive-deep-moisturizing-serum-atstatomasis-serumas-30-ml\/","og_locale":"lt_LT","og_type":"article","og_title":"NUMEE Drops of Benefits PINK POTION SENSITIVE DEEP MOISTURIZING SERUM atstatomasis serumas, 30 ml - MalinaShop.lt J\u016bs\u0173 sveikatai ir gro\u017eiui.","og_url":"https:\/\/www.malinashop.lt\/lt_lt\/shop\/numee-drops-of-benefits-pink-potion-sensitive-deep-moisturizing-serum-atstatomasis-serumas-30-ml\/","og_site_name":"MalinaShop.lt J\u016bs\u0173 sveikatai ir gro\u017eiui.","article_modified_time":"2026-03-18T09:34:36+00:00","og_image":[{"width":1000,"height":1000,"url":"https:\/\/www.malinashop.lt\/wp-content\/uploads\/2024\/11\/NUMEE-Drops-of-Benefits-PINK-POTION-SENSITIVE-DEEP-MOISTURIZING-SERUM-atstatomasis-serumas-30-ml.jpg","type":"image\/jpeg"}],"twitter_card":"summary_large_image","schema":{"@context":"https:\/\/schema.org","@graph":[{"@type":"WebPage","@id":"https:\/\/www.malinashop.lt\/lt_lt\/shop\/numee-drops-of-benefits-pink-potion-sensitive-deep-moisturizing-serum-atstatomasis-serumas-30-ml\/","url":"https:\/\/www.malinashop.lt\/lt_lt\/shop\/numee-drops-of-benefits-pink-potion-sensitive-deep-moisturizing-serum-atstatomasis-serumas-30-ml\/","name":"NUMEE Drops of Benefits PINK POTION SENSITIVE DEEP MOISTURIZING SERUM atstatomasis serumas, 30 ml - MalinaShop.lt J\u016bs\u0173 sveikatai ir gro\u017eiui.","isPartOf":{"@id":"https:\/\/www.malinashop.lt\/en\/#website"},"primaryImageOfPage":{"@id":"https:\/\/www.malinashop.lt\/lt_lt\/shop\/numee-drops-of-benefits-pink-potion-sensitive-deep-moisturizing-serum-atstatomasis-serumas-30-ml\/#primaryimage"},"image":{"@id":"https:\/\/www.malinashop.lt\/lt_lt\/shop\/numee-drops-of-benefits-pink-potion-sensitive-deep-moisturizing-serum-atstatomasis-serumas-30-ml\/#primaryimage"},"thumbnailUrl":"https:\/\/www.malinashop.lt\/wp-content\/uploads\/2024\/11\/NUMEE-Drops-of-Benefits-PINK-POTION-SENSITIVE-DEEP-MOISTURIZING-SERUM-atstatomasis-serumas-30-ml.jpg","datePublished":"2024-11-06T12:53:11+00:00","dateModified":"2026-03-18T09:34:36+00:00","breadcrumb":{"@id":"https:\/\/www.malinashop.lt\/lt_lt\/shop\/numee-drops-of-benefits-pink-potion-sensitive-deep-moisturizing-serum-atstatomasis-serumas-30-ml\/#breadcrumb"},"inLanguage":"lt-LT","potentialAction":[{"@type":"ReadAction","target":["https:\/\/www.malinashop.lt\/lt_lt\/shop\/numee-drops-of-benefits-pink-potion-sensitive-deep-moisturizing-serum-atstatomasis-serumas-30-ml\/"]}]},{"@type":"ImageObject","inLanguage":"lt-LT","@id":"https:\/\/www.malinashop.lt\/lt_lt\/shop\/numee-drops-of-benefits-pink-potion-sensitive-deep-moisturizing-serum-atstatomasis-serumas-30-ml\/#primaryimage","url":"https:\/\/www.malinashop.lt\/wp-content\/uploads\/2024\/11\/NUMEE-Drops-of-Benefits-PINK-POTION-SENSITIVE-DEEP-MOISTURIZING-SERUM-atstatomasis-serumas-30-ml.jpg","contentUrl":"https:\/\/www.malinashop.lt\/wp-content\/uploads\/2024\/11\/NUMEE-Drops-of-Benefits-PINK-POTION-SENSITIVE-DEEP-MOISTURIZING-SERUM-atstatomasis-serumas-30-ml.jpg","width":1000,"height":1000},{"@type":"BreadcrumbList","@id":"https:\/\/www.malinashop.lt\/lt_lt\/shop\/numee-drops-of-benefits-pink-potion-sensitive-deep-moisturizing-serum-atstatomasis-serumas-30-ml\/#breadcrumb","itemListElement":[{"@type":"ListItem","position":1,"name":"Home","item":"https:\/\/www.malinashop.lt\/en\/"},{"@type":"ListItem","position":2,"name":"Parduotuv\u0117","item":"https:\/\/www.malinashop.lt\/en\/parduotuve\/"},{"@type":"ListItem","position":3,"name":"NUMEE Drops of Benefits PINK POTION SENSITIVE DEEP MOISTURIZING SERUM atstatomasis serumas, 30 ml"}]},{"@type":"WebSite","@id":"https:\/\/www.malinashop.lt\/en\/#website","url":"https:\/\/www.malinashop.lt\/en\/","name":"COM Group Ecommerce","description":"MalinaShop.lt - Gro\u017eio ir sveikatos produktai i\u0161 patikim\u0173 preki\u0173 \u017eenkl\u0173. Atraskite auk\u0161tos kokyb\u0117s kosmetik\u0105 u\u017e puiki\u0105 kain\u0105.","publisher":{"@id":"https:\/\/www.malinashop.lt\/en\/#organization"},"potentialAction":[{"@type":"SearchAction","target":{"@type":"EntryPoint","urlTemplate":"https:\/\/www.malinashop.lt\/en\/?s={search_term_string}"},"query-input":{"@type":"PropertyValueSpecification","valueRequired":true,"valueName":"search_term_string"}}],"inLanguage":"lt-LT"},{"@type":"Organization","@id":"https:\/\/www.malinashop.lt\/en\/#organization","name":"COM Group Ecommerce","url":"https:\/\/www.malinashop.lt\/en\/","logo":{"@type":"ImageObject","inLanguage":"lt-LT","@id":"https:\/\/www.malinashop.lt\/en\/#\/schema\/logo\/image\/","url":"https:\/\/www.malinashop.lt\/wp-content\/uploads\/2024\/08\/462559670_3787732518133670_9795632669273463_n-e1731525914575.png","contentUrl":"https:\/\/www.malinashop.lt\/wp-content\/uploads\/2024\/08\/462559670_3787732518133670_9795632669273463_n-e1731525914575.png","width":180,"height":60,"caption":"COM Group Ecommerce"},"image":{"@id":"https:\/\/www.malinashop.lt\/en\/#\/schema\/logo\/image\/"}}]}},"jetpack_sharing_enabled":true,"_links":{"self":[{"href":"https:\/\/www.malinashop.lt\/lt_lt\/wp-json\/wp\/v2\/product\/20077","targetHints":{"allow":["GET"]}}],"collection":[{"href":"https:\/\/www.malinashop.lt\/lt_lt\/wp-json\/wp\/v2\/product"}],"about":[{"href":"https:\/\/www.malinashop.lt\/lt_lt\/wp-json\/wp\/v2\/types\/product"}],"version-history":[{"count":1,"href":"https:\/\/www.malinashop.lt\/lt_lt\/wp-json\/wp\/v2\/product\/20077\/revisions"}],"predecessor-version":[{"id":32759,"href":"https:\/\/www.malinashop.lt\/lt_lt\/wp-json\/wp\/v2\/product\/20077\/revisions\/32759"}],"wp:featuredmedia":[{"embeddable":true,"href":"https:\/\/www.malinashop.lt\/lt_lt\/wp-json\/wp\/v2\/media\/17903"}],"wp:attachment":[{"href":"https:\/\/www.malinashop.lt\/lt_lt\/wp-json\/wp\/v2\/media?parent=20077"}],"wp:term":[{"taxonomy":"product_brand","embeddable":true,"href":"https:\/\/www.malinashop.lt\/lt_lt\/wp-json\/wp\/v2\/product_brand?post=20077"},{"taxonomy":"product_cat","embeddable":true,"href":"https:\/\/www.malinashop.lt\/lt_lt\/wp-json\/wp\/v2\/product_cat?post=20077"},{"taxonomy":"product_tag","embeddable":true,"href":"https:\/\/www.malinashop.lt\/lt_lt\/wp-json\/wp\/v2\/product_tag?post=20077"}],"curies":[{"name":"wp","href":"https:\/\/api.w.org\/{rel}","templated":true}]}}