{"id":20067,"date":"2024-11-06T15:53:11","date_gmt":"2024-11-06T12:53:11","guid":{"rendered":"https:\/\/malinashop.lt\/produktas\/petite-maison-spf15-lupu-balzamas-blizgis-12-ml\/"},"modified":"2026-03-18T12:31:29","modified_gmt":"2026-03-18T09:31:29","slug":"petite-maison-spf15-lupu-balzamas-blizgis-12-ml","status":"publish","type":"product","link":"https:\/\/www.malinashop.lt\/lt_lt\/shop\/petite-maison-spf15-lupu-balzamas-blizgis-12-ml\/","title":{"rendered":"PETITE MAISON SPF15 l\u016bp\u0173 balzamas \u2013 blizgis, 12 ml"},"content":{"rendered":"<p>Petite Maison l\u016bp\u0173 balzamas \u2013 blizgis yra puiki priemon\u0117 l\u016bp\u0173 dr\u0117gm\u0117s balansui palaikyti. \u0160is produktas giliai dr\u0117kina ir maitina l\u016bpas, suteikdamas joms sveik\u0105 blizges\u012f ir putlum\u0105.<\/p>\n<p>Aktyvieji Ingredientai ir J\u0173 Nauda<br \/>\nGreipfrut\u0173 S\u0117kl\u0173 Aliejus<br \/>\nGreipfrut\u0173 s\u0117kl\u0173 aliejus pasi\u017eymi giluminiu valomuoju poveikiu, naikindamas bakterijas ir u\u017etikrindamas, kad negyvos odos l\u0105stel\u0117s b\u016bt\u0173 pa\u0161alintos nuo l\u016bp\u0173. Jame yra visi reikalingi vitaminai l\u016bp\u0173 prie\u017ei\u016brai, padedantys i\u0161laikyti dr\u0117gm\u0117s pusiausvyr\u0105 ir sveik\u0105 l\u016bp\u0173 i\u0161vaizd\u0105.<\/p>\n<p>Sviestmed\u017ei\u0173 Aliejus<br \/>\nSviestmed\u017ei\u0173 aliejus, vadinamas Afrikos auksu, yra puiki priemon\u0117 l\u016bp\u0173 maitinimui ir raminimui. Jis gausus riebi\u0173j\u0173 r\u016bg\u0161\u010di\u0173, vitamin\u0173 A ir E, linoleno r\u016bg\u0161ties, kurios padeda i\u0161saugoti dr\u0117gm\u0119 l\u016bp\u0173 odos pavir\u0161iniuose sluoksniuose. Be to, sviestmed\u017ei\u0173 aliejus turi fitosterolio, kuris saugo l\u016bpas nuo aplinkos veiksni\u0173, aktyvina kraujotak\u0105 ir ma\u017eina u\u017edegim\u0173 tikimyb\u0119.<\/p>\n<p>Vitaminas F<br \/>\nVitaminas F yra nat\u016braliai gamtoje randamas antioksidantas, i\u0161skiriamas i\u0161 augalini\u0173 aliej\u0173. Jis padeda apsaugoti l\u016bpas nuo \u017ealingo laisv\u0173j\u0173 radikal\u0173 poveikio ir r\u016bpinasi, kad l\u016bpos visada i\u0161laikyt\u0173 dr\u0117gm\u0119. \u0160is vitaminas suteikia l\u016bpoms sveik\u0105, ry\u0161ki\u0105 ir spindin\u010di\u0105 i\u0161vaizd\u0105.<\/p>\n<p>Naudojimo Instrukcijos<br \/>\nNaudojimas: Petite Maison l\u016bp\u0173 balzamas \u2013 blizgis gali b\u016bti tepamas taip da\u017enai, kaip norite. Jis tinka visiems odos tipams.<\/p>\n<p>\u012esp\u0117jimai:<\/p>\n<p>Petite Maison l\u016bp\u0173 balzamas skirtas tik i\u0161oriniam naudojimui.<br \/>\nVenkite tiesioginio kontakto su akimis. Jei produktas patenka \u012f akis, nedelsiant gerai nuplaukite vandeniu.<br \/>\nLaikykite priemon\u0119 vaikams nepasiekiamoje vietoje ir kambario temperat\u016broje.<br \/>\nJei pajutote odos dirginim\u0105, nustokite naudoti produkt\u0105.<br \/>\n\u0160is l\u016bp\u0173 balzamas yra idealus pasirinkimas kasdieninei l\u016bp\u0173 prie\u017ei\u016brai, u\u017etikrinantis gil\u0173 dr\u0117kinim\u0105 ir sveik\u0105 spindes\u012f. I\u0161bandykite Petite Maison l\u016bp\u0173 balzam\u0105 \u2013 blizg\u012f ir m\u0117gaukit\u0117s \u0161velniomis, puikiai pri\u017ei\u016brimomis l\u016bpomis vis\u0105 dien\u0105!<\/p>\n<p>Apie PETITE MAISON<br \/>\nPETITE MAISON \u2013 tai \u0161eimos valdoma kosmetikos \u012fmon\u0117, turinti 35 met\u0173 patirt\u012f ir eksportuojanti produkcij\u0105 \u012f daugiau nei 50 pasaulio \u0161ali\u0173. \u012emon\u0117 did\u017eiuojasi savo didel\u0117mis gerb\u0117j\u0173 bendruomen\u0117mis kiekvienoje \u0161alyje. Visos \u017ealiavos yra gaunamos i\u0161 Europos ir naudojamos modernioje gamykloje, kurioje puosel\u0117jama meil\u0117 gamtai kiekviename gamybos etape.<\/p>\n<p>Kokyb\u0117s ir etikos standartai<br \/>\nN\u0117ra bandym\u0173 su gyv\u016bnais: Visi gaminiai yra draugi\u0161ki gyv\u016bnams.<br \/>\nBe paraben\u0173 ir sulfat\u0173: Produkcija atitinka auk\u0161\u010diausius kokyb\u0117s ir saugumo standartus.<br \/>\nSertifikuoti produktai: Visi produktai atitinka Europos S\u0105jungos normas ir pasaulinius kokyb\u0117s standartus.<\/p>\n<div class=\"text-tab text-tab-id-10\">\n<p>Siuntas i\u0161siun\u010diame antradieniais ir ketvirtadieniais. Jei d\u0117l koki\u0173 nors prie\u017eas\u010di\u0173 siunta negali b\u016bti i\u0161si\u0173sta \u0161iomis dienomis ir ji yra perkeliama \u012f kit\u0105 dien\u0105, apie tai informuosime jus svetain\u0117je arba el. pa\u0161tu.<\/p>\n<p>\u201eJei turite klausim\u0173, pra\u0161ome susisiekti el. pa\u0161tu info@malinashop.lt arba telefonu +37065444002 darbo dienomis nuo 10:00 iki 16:00 val.\u201c<\/p>\n<\/div>\n<div class=\"text-tab text-tab-id-11\">\n<p>Perkant u\u017e daugiau nei 50\u20ac &#8211; pristatymas nemokamas.<\/p>\n<p>Pristatymas \u012f LPexpress pa\u0161tomat\u0105\u00a0(visoje Lietuvoje, i\u0161skyrus Kur\u0161i\u0173 Nerij\u0105).<\/p>\n<\/div>\n","protected":false},"excerpt":{"rendered":"<p>Petite Maison l\u016bp\u0173 balzamas \u2013 blizgis yra puiki priemon\u0117 l\u016bp\u0173 dr\u0117gm\u0117s balansui palaikyti. \u0160is produktas giliai dr\u0117kina ir maitina l\u016bpas, suteikdamas joms&hellip;<\/p>\n","protected":false},"featured_media":17994,"template":"","meta":[],"product_brand":[554],"product_cat":[708,523,728],"product_tag":[1159],"class_list":{"0":"post-20067","1":"product","2":"type-product","3":"status-publish","4":"has-post-thumbnail","6":"product_brand-petite-maison","7":"product_cat-lupoms","8":"product_cat-lupu-blizgiai","9":"product_cat-veidui","10":"product_tag-petite-maison","12":"first","13":"instock","14":"sale","15":"taxable","16":"shipping-taxable","17":"purchasable","18":"product-type-simple"},"yoast_head":"<!-- This site is optimized with the Yoast SEO plugin v27.4 - https:\/\/yoast.com\/product\/yoast-seo-wordpress\/ -->\n<title>PETITE MAISON SPF15 l\u016bp\u0173 balzamas \u2013 blizgis, 12 ml - MalinaShop.lt J\u016bs\u0173 sveikatai ir gro\u017eiui.<\/title>\n<meta name=\"robots\" content=\"index, follow, max-snippet:-1, max-image-preview:large, max-video-preview:-1\" \/>\n<link rel=\"canonical\" href=\"https:\/\/www.malinashop.lt\/lt_lt\/shop\/petite-maison-spf15-lupu-balzamas-blizgis-12-ml\/\" \/>\n<meta property=\"og:locale\" content=\"lt_LT\" \/>\n<meta property=\"og:type\" content=\"article\" \/>\n<meta property=\"og:title\" content=\"PETITE MAISON SPF15 l\u016bp\u0173 balzamas \u2013 blizgis, 12 ml - MalinaShop.lt J\u016bs\u0173 sveikatai ir gro\u017eiui.\" \/>\n<meta property=\"og:url\" content=\"https:\/\/www.malinashop.lt\/lt_lt\/shop\/petite-maison-spf15-lupu-balzamas-blizgis-12-ml\/\" \/>\n<meta property=\"og:site_name\" content=\"MalinaShop.lt J\u016bs\u0173 sveikatai ir gro\u017eiui.\" \/>\n<meta property=\"article:modified_time\" content=\"2026-03-18T09:31:29+00:00\" \/>\n<meta property=\"og:image\" content=\"https:\/\/www.malinashop.lt\/wp-content\/uploads\/2024\/11\/PETITE-MAISON-SPF15-lupu-balzamas-\u2013-blizgis-12-ml-3.jpg\" \/>\n\t<meta property=\"og:image:width\" content=\"1500\" \/>\n\t<meta property=\"og:image:height\" content=\"1500\" \/>\n\t<meta property=\"og:image:type\" content=\"image\/jpeg\" \/>\n<meta name=\"twitter:card\" content=\"summary_large_image\" \/>\n<script type=\"application\/ld+json\" class=\"yoast-schema-graph\">{\"@context\":\"https:\\\/\\\/schema.org\",\"@graph\":[{\"@type\":\"WebPage\",\"@id\":\"https:\\\/\\\/www.malinashop.lt\\\/lt_lt\\\/shop\\\/petite-maison-spf15-lupu-balzamas-blizgis-12-ml\\\/\",\"url\":\"https:\\\/\\\/www.malinashop.lt\\\/lt_lt\\\/shop\\\/petite-maison-spf15-lupu-balzamas-blizgis-12-ml\\\/\",\"name\":\"PETITE MAISON SPF15 l\u016bp\u0173 balzamas \u2013 blizgis, 12 ml - MalinaShop.lt J\u016bs\u0173 sveikatai ir gro\u017eiui.\",\"isPartOf\":{\"@id\":\"https:\\\/\\\/www.malinashop.lt\\\/#website\"},\"primaryImageOfPage\":{\"@id\":\"https:\\\/\\\/www.malinashop.lt\\\/lt_lt\\\/shop\\\/petite-maison-spf15-lupu-balzamas-blizgis-12-ml\\\/#primaryimage\"},\"image\":{\"@id\":\"https:\\\/\\\/www.malinashop.lt\\\/lt_lt\\\/shop\\\/petite-maison-spf15-lupu-balzamas-blizgis-12-ml\\\/#primaryimage\"},\"thumbnailUrl\":\"https:\\\/\\\/www.malinashop.lt\\\/wp-content\\\/uploads\\\/2024\\\/11\\\/PETITE-MAISON-SPF15-lupu-balzamas-\u2013-blizgis-12-ml-3.jpg\",\"datePublished\":\"2024-11-06T12:53:11+00:00\",\"dateModified\":\"2026-03-18T09:31:29+00:00\",\"breadcrumb\":{\"@id\":\"https:\\\/\\\/www.malinashop.lt\\\/lt_lt\\\/shop\\\/petite-maison-spf15-lupu-balzamas-blizgis-12-ml\\\/#breadcrumb\"},\"inLanguage\":\"lt-LT\",\"potentialAction\":[{\"@type\":\"ReadAction\",\"target\":[\"https:\\\/\\\/www.malinashop.lt\\\/lt_lt\\\/shop\\\/petite-maison-spf15-lupu-balzamas-blizgis-12-ml\\\/\"]}]},{\"@type\":\"ImageObject\",\"inLanguage\":\"lt-LT\",\"@id\":\"https:\\\/\\\/www.malinashop.lt\\\/lt_lt\\\/shop\\\/petite-maison-spf15-lupu-balzamas-blizgis-12-ml\\\/#primaryimage\",\"url\":\"https:\\\/\\\/www.malinashop.lt\\\/wp-content\\\/uploads\\\/2024\\\/11\\\/PETITE-MAISON-SPF15-lupu-balzamas-\u2013-blizgis-12-ml-3.jpg\",\"contentUrl\":\"https:\\\/\\\/www.malinashop.lt\\\/wp-content\\\/uploads\\\/2024\\\/11\\\/PETITE-MAISON-SPF15-lupu-balzamas-\u2013-blizgis-12-ml-3.jpg\",\"width\":1500,\"height\":1500},{\"@type\":\"BreadcrumbList\",\"@id\":\"https:\\\/\\\/www.malinashop.lt\\\/lt_lt\\\/shop\\\/petite-maison-spf15-lupu-balzamas-blizgis-12-ml\\\/#breadcrumb\",\"itemListElement\":[{\"@type\":\"ListItem\",\"position\":1,\"name\":\"Pagrindinis\",\"item\":\"https:\\\/\\\/www.malinashop.lt\\\/\"},{\"@type\":\"ListItem\",\"position\":2,\"name\":\"Parduotuv\u0117\",\"item\":\"https:\\\/\\\/www.malinashop.lt\\\/en\\\/parduotuve\\\/\"},{\"@type\":\"ListItem\",\"position\":3,\"name\":\"PETITE MAISON SPF15 l\u016bp\u0173 balzamas \u2013 blizgis, 12 ml\"}]},{\"@type\":\"WebSite\",\"@id\":\"https:\\\/\\\/www.malinashop.lt\\\/#website\",\"url\":\"https:\\\/\\\/www.malinashop.lt\\\/\",\"name\":\"COM Group Ecommerce\",\"description\":\"MalinaShop.lt - Gro\u017eio ir sveikatos produktai i\u0161 patikim\u0173 preki\u0173 \u017eenkl\u0173. Atraskite auk\u0161tos kokyb\u0117s kosmetik\u0105 u\u017e puiki\u0105 kain\u0105.\",\"publisher\":{\"@id\":\"https:\\\/\\\/www.malinashop.lt\\\/#organization\"},\"potentialAction\":[{\"@type\":\"SearchAction\",\"target\":{\"@type\":\"EntryPoint\",\"urlTemplate\":\"https:\\\/\\\/www.malinashop.lt\\\/?s={search_term_string}\"},\"query-input\":{\"@type\":\"PropertyValueSpecification\",\"valueRequired\":true,\"valueName\":\"search_term_string\"}}],\"inLanguage\":\"lt-LT\"},{\"@type\":\"Organization\",\"@id\":\"https:\\\/\\\/www.malinashop.lt\\\/#organization\",\"name\":\"COM Group Ecommerce\",\"url\":\"https:\\\/\\\/www.malinashop.lt\\\/\",\"logo\":{\"@type\":\"ImageObject\",\"inLanguage\":\"lt-LT\",\"@id\":\"https:\\\/\\\/www.malinashop.lt\\\/#\\\/schema\\\/logo\\\/image\\\/\",\"url\":\"https:\\\/\\\/www.malinashop.lt\\\/wp-content\\\/uploads\\\/2024\\\/08\\\/462559670_3787732518133670_9795632669273463_n-e1731525914575.png\",\"contentUrl\":\"https:\\\/\\\/www.malinashop.lt\\\/wp-content\\\/uploads\\\/2024\\\/08\\\/462559670_3787732518133670_9795632669273463_n-e1731525914575.png\",\"width\":180,\"height\":60,\"caption\":\"COM Group Ecommerce\"},\"image\":{\"@id\":\"https:\\\/\\\/www.malinashop.lt\\\/#\\\/schema\\\/logo\\\/image\\\/\"}}]}<\/script>\n<!-- \/ Yoast SEO plugin. -->","yoast_head_json":{"title":"PETITE MAISON SPF15 l\u016bp\u0173 balzamas \u2013 blizgis, 12 ml - MalinaShop.lt J\u016bs\u0173 sveikatai ir gro\u017eiui.","robots":{"index":"index","follow":"follow","max-snippet":"max-snippet:-1","max-image-preview":"max-image-preview:large","max-video-preview":"max-video-preview:-1"},"canonical":"https:\/\/www.malinashop.lt\/lt_lt\/shop\/petite-maison-spf15-lupu-balzamas-blizgis-12-ml\/","og_locale":"lt_LT","og_type":"article","og_title":"PETITE MAISON SPF15 l\u016bp\u0173 balzamas \u2013 blizgis, 12 ml - MalinaShop.lt J\u016bs\u0173 sveikatai ir gro\u017eiui.","og_url":"https:\/\/www.malinashop.lt\/lt_lt\/shop\/petite-maison-spf15-lupu-balzamas-blizgis-12-ml\/","og_site_name":"MalinaShop.lt J\u016bs\u0173 sveikatai ir gro\u017eiui.","article_modified_time":"2026-03-18T09:31:29+00:00","og_image":[{"width":1500,"height":1500,"url":"https:\/\/www.malinashop.lt\/wp-content\/uploads\/2024\/11\/PETITE-MAISON-SPF15-lupu-balzamas-\u2013-blizgis-12-ml-3.jpg","type":"image\/jpeg"}],"twitter_card":"summary_large_image","schema":{"@context":"https:\/\/schema.org","@graph":[{"@type":"WebPage","@id":"https:\/\/www.malinashop.lt\/lt_lt\/shop\/petite-maison-spf15-lupu-balzamas-blizgis-12-ml\/","url":"https:\/\/www.malinashop.lt\/lt_lt\/shop\/petite-maison-spf15-lupu-balzamas-blizgis-12-ml\/","name":"PETITE MAISON SPF15 l\u016bp\u0173 balzamas \u2013 blizgis, 12 ml - MalinaShop.lt J\u016bs\u0173 sveikatai ir gro\u017eiui.","isPartOf":{"@id":"https:\/\/www.malinashop.lt\/#website"},"primaryImageOfPage":{"@id":"https:\/\/www.malinashop.lt\/lt_lt\/shop\/petite-maison-spf15-lupu-balzamas-blizgis-12-ml\/#primaryimage"},"image":{"@id":"https:\/\/www.malinashop.lt\/lt_lt\/shop\/petite-maison-spf15-lupu-balzamas-blizgis-12-ml\/#primaryimage"},"thumbnailUrl":"https:\/\/www.malinashop.lt\/wp-content\/uploads\/2024\/11\/PETITE-MAISON-SPF15-lupu-balzamas-\u2013-blizgis-12-ml-3.jpg","datePublished":"2024-11-06T12:53:11+00:00","dateModified":"2026-03-18T09:31:29+00:00","breadcrumb":{"@id":"https:\/\/www.malinashop.lt\/lt_lt\/shop\/petite-maison-spf15-lupu-balzamas-blizgis-12-ml\/#breadcrumb"},"inLanguage":"lt-LT","potentialAction":[{"@type":"ReadAction","target":["https:\/\/www.malinashop.lt\/lt_lt\/shop\/petite-maison-spf15-lupu-balzamas-blizgis-12-ml\/"]}]},{"@type":"ImageObject","inLanguage":"lt-LT","@id":"https:\/\/www.malinashop.lt\/lt_lt\/shop\/petite-maison-spf15-lupu-balzamas-blizgis-12-ml\/#primaryimage","url":"https:\/\/www.malinashop.lt\/wp-content\/uploads\/2024\/11\/PETITE-MAISON-SPF15-lupu-balzamas-\u2013-blizgis-12-ml-3.jpg","contentUrl":"https:\/\/www.malinashop.lt\/wp-content\/uploads\/2024\/11\/PETITE-MAISON-SPF15-lupu-balzamas-\u2013-blizgis-12-ml-3.jpg","width":1500,"height":1500},{"@type":"BreadcrumbList","@id":"https:\/\/www.malinashop.lt\/lt_lt\/shop\/petite-maison-spf15-lupu-balzamas-blizgis-12-ml\/#breadcrumb","itemListElement":[{"@type":"ListItem","position":1,"name":"Pagrindinis","item":"https:\/\/www.malinashop.lt\/"},{"@type":"ListItem","position":2,"name":"Parduotuv\u0117","item":"https:\/\/www.malinashop.lt\/en\/parduotuve\/"},{"@type":"ListItem","position":3,"name":"PETITE MAISON SPF15 l\u016bp\u0173 balzamas \u2013 blizgis, 12 ml"}]},{"@type":"WebSite","@id":"https:\/\/www.malinashop.lt\/#website","url":"https:\/\/www.malinashop.lt\/","name":"COM Group Ecommerce","description":"MalinaShop.lt - Gro\u017eio ir sveikatos produktai i\u0161 patikim\u0173 preki\u0173 \u017eenkl\u0173. Atraskite auk\u0161tos kokyb\u0117s kosmetik\u0105 u\u017e puiki\u0105 kain\u0105.","publisher":{"@id":"https:\/\/www.malinashop.lt\/#organization"},"potentialAction":[{"@type":"SearchAction","target":{"@type":"EntryPoint","urlTemplate":"https:\/\/www.malinashop.lt\/?s={search_term_string}"},"query-input":{"@type":"PropertyValueSpecification","valueRequired":true,"valueName":"search_term_string"}}],"inLanguage":"lt-LT"},{"@type":"Organization","@id":"https:\/\/www.malinashop.lt\/#organization","name":"COM Group Ecommerce","url":"https:\/\/www.malinashop.lt\/","logo":{"@type":"ImageObject","inLanguage":"lt-LT","@id":"https:\/\/www.malinashop.lt\/#\/schema\/logo\/image\/","url":"https:\/\/www.malinashop.lt\/wp-content\/uploads\/2024\/08\/462559670_3787732518133670_9795632669273463_n-e1731525914575.png","contentUrl":"https:\/\/www.malinashop.lt\/wp-content\/uploads\/2024\/08\/462559670_3787732518133670_9795632669273463_n-e1731525914575.png","width":180,"height":60,"caption":"COM Group Ecommerce"},"image":{"@id":"https:\/\/www.malinashop.lt\/#\/schema\/logo\/image\/"}}]}},"jetpack_sharing_enabled":true,"_links":{"self":[{"href":"https:\/\/www.malinashop.lt\/lt_lt\/wp-json\/wp\/v2\/product\/20067","targetHints":{"allow":["GET"]}}],"collection":[{"href":"https:\/\/www.malinashop.lt\/lt_lt\/wp-json\/wp\/v2\/product"}],"about":[{"href":"https:\/\/www.malinashop.lt\/lt_lt\/wp-json\/wp\/v2\/types\/product"}],"version-history":[{"count":1,"href":"https:\/\/www.malinashop.lt\/lt_lt\/wp-json\/wp\/v2\/product\/20067\/revisions"}],"predecessor-version":[{"id":32764,"href":"https:\/\/www.malinashop.lt\/lt_lt\/wp-json\/wp\/v2\/product\/20067\/revisions\/32764"}],"wp:featuredmedia":[{"embeddable":true,"href":"https:\/\/www.malinashop.lt\/lt_lt\/wp-json\/wp\/v2\/media\/17994"}],"wp:attachment":[{"href":"https:\/\/www.malinashop.lt\/lt_lt\/wp-json\/wp\/v2\/media?parent=20067"}],"wp:term":[{"taxonomy":"product_brand","embeddable":true,"href":"https:\/\/www.malinashop.lt\/lt_lt\/wp-json\/wp\/v2\/product_brand?post=20067"},{"taxonomy":"product_cat","embeddable":true,"href":"https:\/\/www.malinashop.lt\/lt_lt\/wp-json\/wp\/v2\/product_cat?post=20067"},{"taxonomy":"product_tag","embeddable":true,"href":"https:\/\/www.malinashop.lt\/lt_lt\/wp-json\/wp\/v2\/product_tag?post=20067"}],"curies":[{"name":"wp","href":"https:\/\/api.w.org\/{rel}","templated":true}]}}