{"id":20065,"date":"2024-11-06T15:53:11","date_gmt":"2024-11-06T12:53:11","guid":{"rendered":"https:\/\/malinashop.lt\/produktas\/petite-maison-giliai-valanti-veido-kauke-su-roziniu-moliu-80-ml\/"},"modified":"2026-03-18T12:31:29","modified_gmt":"2026-03-18T09:31:29","slug":"petite-maison-giliai-valanti-veido-kauke-su-roziniu-moliu-80-ml","status":"publish","type":"product","link":"https:\/\/www.malinashop.lt\/lt_lt\/shop\/petite-maison-giliai-valanti-veido-kauke-su-roziniu-moliu-80-ml\/","title":{"rendered":"PETITE MAISON giliai valanti veido kauk\u0117 su ro\u017einiu moliu, 80 ml"},"content":{"rendered":"<p>Petite Maison giliai valanti veido kauk\u0117 su ro\u017einiu moliu yra puiki priemon\u0117 odos valymui ir riebal\u0173 pertekliaus pa\u0161alinimui. \u0160i speciali formul\u0117 su ro\u017einiu pomelo ekstraktu, ro\u017einiu moliu ir taukmed\u017eio sviestu padeda i\u0161laikyti odos dr\u0117gm\u0117s balans\u0105 ir \u0161velniai valo, nesausindama odos.<\/p>\n<p>Aktyvieji Ingredientai ir J\u0173 Nauda<br \/>\nRo\u017einis Molis<br \/>\nRo\u017einis molis pagerina odos mikrocirkuliacij\u0105 ir stiprina kapiliar\u0173 sieneles, ma\u017eindamas odos paraudim\u0105. Jis \u0161velniai valo ir \u0161vei\u010dia od\u0105, pa\u0161viesina odos atspalv\u012f, matizuoja ir suma\u017eina poras, suteikdamas odai sveik\u0105 ir \u0161vytin\u010di\u0105 i\u0161vaizd\u0105.<\/p>\n<p>Greipfrut\u0173 S\u0117kl\u0173 Ekstraktas<br \/>\nGreipfrut\u0173 s\u0117kl\u0173 ekstraktas pasi\u017eymi giluminiu valomuoju poveikiu, naikindamas bakterijas, virusus ir grybus. \u0160is ingredientas turi antimikrobini\u0173 savybi\u0173, veiksmingai kovojan\u010di\u0173 su patogeniniais mikroorganizmais. Greipfrut\u0173 s\u0117kl\u0173 ekstraktas regeneruoja, \u0161vei\u010dia ir sutraukia poras, suteikdamas odai \u0161varumo ir gaivumo.<\/p>\n<p>Glicerinas<br \/>\nGlicerinas yra nat\u016bralus odos dr\u0117kinimo sistemos komponentas, intensyviai dr\u0117kinantis od\u0105 ir saugantis j\u0105 nuo i\u0161saus\u0117jimo. Jis suri\u0161a odos vanden\u012f ir neleid\u017eia jam i\u0161garuoti, tod\u0117l ypa\u010d tinka sudirgusiai, jautriai ir ne\u0161varumus kaupian\u010diai odai. Glicerinas efektyviai apsaugo od\u0105 nuo vandens praradimo ir palaiko jos dr\u0117gm\u0117s balans\u0105.<\/p>\n<p>Sviestmed\u017ei\u0173 Aliejus<br \/>\nSviestmed\u017ei\u0173 aliejus, da\u017enai vadinamas Afrikos auksu, yra vertingas ir universalus odos prie\u017ei\u016bros ingredientas. Jis idealiai maitina ir ramina od\u0105, suteikdamas jai reikiam\u0105 dr\u0117gm\u0119 ir apsaug\u0105. Sviestmed\u017ei\u0173 aliejuje gausu riebi\u0173j\u0173 r\u016bg\u0161\u010di\u0173, vitamin\u0173 A ir E, linoleno r\u016bg\u0161ties ir fitosterolio, kurie padeda i\u0161saugoti dr\u0117gm\u0119 odos pavir\u0161iuje ir saugo nuo aplinkos veiksni\u0173, skatindami kraujotak\u0105.<\/p>\n<p>Naudojimo Instrukcijos<br \/>\nNaudojimas: U\u017ed\u0117kite priemon\u0119 ant \u0161varios ir sausos veido odos. Palikite kauk\u0119 10-15 minu\u010di\u0173, tada nuplaukite j\u0105 drugnu vandeniu.<br \/>\n\u012esp\u0117jimai:<\/p>\n<p>Petite Maison giliai valanti veido kauk\u0117 skirta tik i\u0161oriniam naudojimui.<br \/>\nVenkite tiesioginio kontakto su akimis. Jei produktas patenka \u012f akis, nedelsiant gerai nuplaukite vandeniu.<br \/>\nLaikykite priemon\u0119 vaikams nepasiekiamoje vietoje ir kambario temperat\u016broje.<br \/>\nJei pajutote odos dirginim\u0105, nustokite naudoti produkt\u0105.<br \/>\n\u0160i veido kauk\u0117 yra idealus pasirinkimas kasdieninei odos prie\u017ei\u016brai, suteikiantis gil\u0173 valym\u0105, \u0161veitim\u0105 ir intensyv\u0173 dr\u0117kinim\u0105. I\u0161bandykite Petite Maison giliai valan\u010di\u0105 veido kauk\u0119 su ro\u017einiu moliu ir pajuskite, kaip j\u016bs\u0173 oda tampa \u0161velnesn\u0117, lygesn\u0117 ir sveikesn\u0117!<\/p>\n<p>Apie PETITE MAISON<\/p>\n<p>PETITE MAISON \u2013 tai \u0161eimos valdoma kosmetikos \u012fmon\u0117, turinti 35 met\u0173 patirt\u012f ir eksportuojanti produkcij\u0105 \u012f daugiau nei 50 pasaulio \u0161ali\u0173. \u012emon\u0117 did\u017eiuojasi savo didel\u0117mis gerb\u0117j\u0173 bendruomen\u0117mis kiekvienoje \u0161alyje. Visos \u017ealiavos yra gaunamos i\u0161 Europos ir naudojamos modernioje gamykloje, kurioje puosel\u0117jama meil\u0117 gamtai kiekviename gamybos etape.<\/p>\n<p>Kokyb\u0117s ir etikos standartai<br \/>\nN\u0117ra bandym\u0173 su gyv\u016bnais: Visi gaminiai yra draugi\u0161ki gyv\u016bnams.<br \/>\nBe paraben\u0173 ir sulfat\u0173: Produkcija atitinka auk\u0161\u010diausius kokyb\u0117s ir saugumo standartus.<br \/>\nSertifikuoti produktai: Visi produktai atitinka Europos S\u0105jungos normas ir pasaulinius kokyb\u0117s standartus.<\/p>\n<div class=\"text-tab text-tab-id-10\">\n<p>Siuntas i\u0161siun\u010diame antradieniais ir ketvirtadieniais. Jei d\u0117l koki\u0173 nors prie\u017eas\u010di\u0173 siunta negali b\u016bti i\u0161si\u0173sta \u0161iomis dienomis ir ji yra perkeliama \u012f kit\u0105 dien\u0105, apie tai informuosime jus svetain\u0117je arba el. pa\u0161tu.<\/p>\n<p>\u201eJei turite klausim\u0173, pra\u0161ome susisiekti el. pa\u0161tu info@malinashop.lt arba telefonu +37065444002 darbo dienomis nuo 10:00 iki 16:00 val.\u201c<\/p>\n<\/div>\n<div class=\"text-tab text-tab-id-11\">\n<p>Perkant u\u017e daugiau nei 50\u20ac &#8211; pristatymas nemokamas.<\/p>\n<p>Pristatymas \u012f LPexpress pa\u0161tomat\u0105\u00a0(visoje Lietuvoje, i\u0161skyrus Kur\u0161i\u0173 Nerij\u0105).<\/p>\n<\/div>\n","protected":false},"excerpt":{"rendered":"<p>Petite Maison giliai valanti veido kauk\u0117 su ro\u017einiu moliu yra puiki priemon\u0117 odos valymui ir riebal\u0173 pertekliaus pa\u0161alinimui. \u0160i speciali formul\u0117 su&hellip;<\/p>\n","protected":false},"featured_media":17942,"template":"","meta":[],"product_brand":[554],"product_cat":[553,728],"product_tag":[1159],"class_list":{"0":"post-20065","1":"product","2":"type-product","3":"status-publish","4":"has-post-thumbnail","6":"product_brand-petite-maison","7":"product_cat-veido-kaukes","8":"product_cat-veidui","9":"product_tag-petite-maison","11":"first","12":"instock","13":"sale","14":"taxable","15":"shipping-taxable","16":"purchasable","17":"product-type-simple"},"yoast_head":"<!-- This site is optimized with the Yoast SEO plugin v27.4 - https:\/\/yoast.com\/product\/yoast-seo-wordpress\/ -->\n<title>PETITE MAISON giliai valanti veido kauk\u0117 su ro\u017einiu moliu, 80 ml - MalinaShop.lt J\u016bs\u0173 sveikatai ir gro\u017eiui.<\/title>\n<meta name=\"robots\" content=\"index, follow, max-snippet:-1, max-image-preview:large, max-video-preview:-1\" \/>\n<link rel=\"canonical\" href=\"https:\/\/www.malinashop.lt\/lt_lt\/shop\/petite-maison-giliai-valanti-veido-kauke-su-roziniu-moliu-80-ml\/\" \/>\n<meta property=\"og:locale\" content=\"lt_LT\" \/>\n<meta property=\"og:type\" content=\"article\" \/>\n<meta property=\"og:title\" content=\"PETITE MAISON giliai valanti veido kauk\u0117 su ro\u017einiu moliu, 80 ml - MalinaShop.lt J\u016bs\u0173 sveikatai ir gro\u017eiui.\" \/>\n<meta property=\"og:url\" content=\"https:\/\/www.malinashop.lt\/lt_lt\/shop\/petite-maison-giliai-valanti-veido-kauke-su-roziniu-moliu-80-ml\/\" \/>\n<meta property=\"og:site_name\" content=\"MalinaShop.lt J\u016bs\u0173 sveikatai ir gro\u017eiui.\" \/>\n<meta property=\"article:modified_time\" content=\"2026-03-18T09:31:29+00:00\" \/>\n<meta property=\"og:image\" content=\"https:\/\/www.malinashop.lt\/wp-content\/uploads\/2024\/11\/PETITE-MAISON-giliai-valanti-veido-kauke-su-roziniu-moliu-80-ml.jpg\" \/>\n\t<meta property=\"og:image:width\" content=\"1500\" \/>\n\t<meta property=\"og:image:height\" content=\"1500\" \/>\n\t<meta property=\"og:image:type\" content=\"image\/jpeg\" \/>\n<meta name=\"twitter:card\" content=\"summary_large_image\" \/>\n<script type=\"application\/ld+json\" class=\"yoast-schema-graph\">{\"@context\":\"https:\\\/\\\/schema.org\",\"@graph\":[{\"@type\":\"WebPage\",\"@id\":\"https:\\\/\\\/www.malinashop.lt\\\/lt_lt\\\/shop\\\/petite-maison-giliai-valanti-veido-kauke-su-roziniu-moliu-80-ml\\\/\",\"url\":\"https:\\\/\\\/www.malinashop.lt\\\/lt_lt\\\/shop\\\/petite-maison-giliai-valanti-veido-kauke-su-roziniu-moliu-80-ml\\\/\",\"name\":\"PETITE MAISON giliai valanti veido kauk\u0117 su ro\u017einiu moliu, 80 ml - MalinaShop.lt J\u016bs\u0173 sveikatai ir gro\u017eiui.\",\"isPartOf\":{\"@id\":\"https:\\\/\\\/www.malinashop.lt\\\/#website\"},\"primaryImageOfPage\":{\"@id\":\"https:\\\/\\\/www.malinashop.lt\\\/lt_lt\\\/shop\\\/petite-maison-giliai-valanti-veido-kauke-su-roziniu-moliu-80-ml\\\/#primaryimage\"},\"image\":{\"@id\":\"https:\\\/\\\/www.malinashop.lt\\\/lt_lt\\\/shop\\\/petite-maison-giliai-valanti-veido-kauke-su-roziniu-moliu-80-ml\\\/#primaryimage\"},\"thumbnailUrl\":\"https:\\\/\\\/www.malinashop.lt\\\/wp-content\\\/uploads\\\/2024\\\/11\\\/PETITE-MAISON-giliai-valanti-veido-kauke-su-roziniu-moliu-80-ml.jpg\",\"datePublished\":\"2024-11-06T12:53:11+00:00\",\"dateModified\":\"2026-03-18T09:31:29+00:00\",\"breadcrumb\":{\"@id\":\"https:\\\/\\\/www.malinashop.lt\\\/lt_lt\\\/shop\\\/petite-maison-giliai-valanti-veido-kauke-su-roziniu-moliu-80-ml\\\/#breadcrumb\"},\"inLanguage\":\"lt-LT\",\"potentialAction\":[{\"@type\":\"ReadAction\",\"target\":[\"https:\\\/\\\/www.malinashop.lt\\\/lt_lt\\\/shop\\\/petite-maison-giliai-valanti-veido-kauke-su-roziniu-moliu-80-ml\\\/\"]}]},{\"@type\":\"ImageObject\",\"inLanguage\":\"lt-LT\",\"@id\":\"https:\\\/\\\/www.malinashop.lt\\\/lt_lt\\\/shop\\\/petite-maison-giliai-valanti-veido-kauke-su-roziniu-moliu-80-ml\\\/#primaryimage\",\"url\":\"https:\\\/\\\/www.malinashop.lt\\\/wp-content\\\/uploads\\\/2024\\\/11\\\/PETITE-MAISON-giliai-valanti-veido-kauke-su-roziniu-moliu-80-ml.jpg\",\"contentUrl\":\"https:\\\/\\\/www.malinashop.lt\\\/wp-content\\\/uploads\\\/2024\\\/11\\\/PETITE-MAISON-giliai-valanti-veido-kauke-su-roziniu-moliu-80-ml.jpg\",\"width\":1500,\"height\":1500},{\"@type\":\"BreadcrumbList\",\"@id\":\"https:\\\/\\\/www.malinashop.lt\\\/lt_lt\\\/shop\\\/petite-maison-giliai-valanti-veido-kauke-su-roziniu-moliu-80-ml\\\/#breadcrumb\",\"itemListElement\":[{\"@type\":\"ListItem\",\"position\":1,\"name\":\"Pagrindinis\",\"item\":\"https:\\\/\\\/www.malinashop.lt\\\/\"},{\"@type\":\"ListItem\",\"position\":2,\"name\":\"Parduotuv\u0117\",\"item\":\"https:\\\/\\\/www.malinashop.lt\\\/en\\\/parduotuve\\\/\"},{\"@type\":\"ListItem\",\"position\":3,\"name\":\"PETITE MAISON giliai valanti veido kauk\u0117 su ro\u017einiu moliu, 80 ml\"}]},{\"@type\":\"WebSite\",\"@id\":\"https:\\\/\\\/www.malinashop.lt\\\/#website\",\"url\":\"https:\\\/\\\/www.malinashop.lt\\\/\",\"name\":\"COM Group Ecommerce\",\"description\":\"MalinaShop.lt - Gro\u017eio ir sveikatos produktai i\u0161 patikim\u0173 preki\u0173 \u017eenkl\u0173. Atraskite auk\u0161tos kokyb\u0117s kosmetik\u0105 u\u017e puiki\u0105 kain\u0105.\",\"publisher\":{\"@id\":\"https:\\\/\\\/www.malinashop.lt\\\/#organization\"},\"potentialAction\":[{\"@type\":\"SearchAction\",\"target\":{\"@type\":\"EntryPoint\",\"urlTemplate\":\"https:\\\/\\\/www.malinashop.lt\\\/?s={search_term_string}\"},\"query-input\":{\"@type\":\"PropertyValueSpecification\",\"valueRequired\":true,\"valueName\":\"search_term_string\"}}],\"inLanguage\":\"lt-LT\"},{\"@type\":\"Organization\",\"@id\":\"https:\\\/\\\/www.malinashop.lt\\\/#organization\",\"name\":\"COM Group Ecommerce\",\"url\":\"https:\\\/\\\/www.malinashop.lt\\\/\",\"logo\":{\"@type\":\"ImageObject\",\"inLanguage\":\"lt-LT\",\"@id\":\"https:\\\/\\\/www.malinashop.lt\\\/#\\\/schema\\\/logo\\\/image\\\/\",\"url\":\"https:\\\/\\\/www.malinashop.lt\\\/wp-content\\\/uploads\\\/2024\\\/08\\\/462559670_3787732518133670_9795632669273463_n-e1731525914575.png\",\"contentUrl\":\"https:\\\/\\\/www.malinashop.lt\\\/wp-content\\\/uploads\\\/2024\\\/08\\\/462559670_3787732518133670_9795632669273463_n-e1731525914575.png\",\"width\":180,\"height\":60,\"caption\":\"COM Group Ecommerce\"},\"image\":{\"@id\":\"https:\\\/\\\/www.malinashop.lt\\\/#\\\/schema\\\/logo\\\/image\\\/\"}}]}<\/script>\n<!-- \/ Yoast SEO plugin. -->","yoast_head_json":{"title":"PETITE MAISON giliai valanti veido kauk\u0117 su ro\u017einiu moliu, 80 ml - MalinaShop.lt J\u016bs\u0173 sveikatai ir gro\u017eiui.","robots":{"index":"index","follow":"follow","max-snippet":"max-snippet:-1","max-image-preview":"max-image-preview:large","max-video-preview":"max-video-preview:-1"},"canonical":"https:\/\/www.malinashop.lt\/lt_lt\/shop\/petite-maison-giliai-valanti-veido-kauke-su-roziniu-moliu-80-ml\/","og_locale":"lt_LT","og_type":"article","og_title":"PETITE MAISON giliai valanti veido kauk\u0117 su ro\u017einiu moliu, 80 ml - MalinaShop.lt J\u016bs\u0173 sveikatai ir gro\u017eiui.","og_url":"https:\/\/www.malinashop.lt\/lt_lt\/shop\/petite-maison-giliai-valanti-veido-kauke-su-roziniu-moliu-80-ml\/","og_site_name":"MalinaShop.lt J\u016bs\u0173 sveikatai ir gro\u017eiui.","article_modified_time":"2026-03-18T09:31:29+00:00","og_image":[{"width":1500,"height":1500,"url":"https:\/\/www.malinashop.lt\/wp-content\/uploads\/2024\/11\/PETITE-MAISON-giliai-valanti-veido-kauke-su-roziniu-moliu-80-ml.jpg","type":"image\/jpeg"}],"twitter_card":"summary_large_image","schema":{"@context":"https:\/\/schema.org","@graph":[{"@type":"WebPage","@id":"https:\/\/www.malinashop.lt\/lt_lt\/shop\/petite-maison-giliai-valanti-veido-kauke-su-roziniu-moliu-80-ml\/","url":"https:\/\/www.malinashop.lt\/lt_lt\/shop\/petite-maison-giliai-valanti-veido-kauke-su-roziniu-moliu-80-ml\/","name":"PETITE MAISON giliai valanti veido kauk\u0117 su ro\u017einiu moliu, 80 ml - MalinaShop.lt J\u016bs\u0173 sveikatai ir gro\u017eiui.","isPartOf":{"@id":"https:\/\/www.malinashop.lt\/#website"},"primaryImageOfPage":{"@id":"https:\/\/www.malinashop.lt\/lt_lt\/shop\/petite-maison-giliai-valanti-veido-kauke-su-roziniu-moliu-80-ml\/#primaryimage"},"image":{"@id":"https:\/\/www.malinashop.lt\/lt_lt\/shop\/petite-maison-giliai-valanti-veido-kauke-su-roziniu-moliu-80-ml\/#primaryimage"},"thumbnailUrl":"https:\/\/www.malinashop.lt\/wp-content\/uploads\/2024\/11\/PETITE-MAISON-giliai-valanti-veido-kauke-su-roziniu-moliu-80-ml.jpg","datePublished":"2024-11-06T12:53:11+00:00","dateModified":"2026-03-18T09:31:29+00:00","breadcrumb":{"@id":"https:\/\/www.malinashop.lt\/lt_lt\/shop\/petite-maison-giliai-valanti-veido-kauke-su-roziniu-moliu-80-ml\/#breadcrumb"},"inLanguage":"lt-LT","potentialAction":[{"@type":"ReadAction","target":["https:\/\/www.malinashop.lt\/lt_lt\/shop\/petite-maison-giliai-valanti-veido-kauke-su-roziniu-moliu-80-ml\/"]}]},{"@type":"ImageObject","inLanguage":"lt-LT","@id":"https:\/\/www.malinashop.lt\/lt_lt\/shop\/petite-maison-giliai-valanti-veido-kauke-su-roziniu-moliu-80-ml\/#primaryimage","url":"https:\/\/www.malinashop.lt\/wp-content\/uploads\/2024\/11\/PETITE-MAISON-giliai-valanti-veido-kauke-su-roziniu-moliu-80-ml.jpg","contentUrl":"https:\/\/www.malinashop.lt\/wp-content\/uploads\/2024\/11\/PETITE-MAISON-giliai-valanti-veido-kauke-su-roziniu-moliu-80-ml.jpg","width":1500,"height":1500},{"@type":"BreadcrumbList","@id":"https:\/\/www.malinashop.lt\/lt_lt\/shop\/petite-maison-giliai-valanti-veido-kauke-su-roziniu-moliu-80-ml\/#breadcrumb","itemListElement":[{"@type":"ListItem","position":1,"name":"Pagrindinis","item":"https:\/\/www.malinashop.lt\/"},{"@type":"ListItem","position":2,"name":"Parduotuv\u0117","item":"https:\/\/www.malinashop.lt\/en\/parduotuve\/"},{"@type":"ListItem","position":3,"name":"PETITE MAISON giliai valanti veido kauk\u0117 su ro\u017einiu moliu, 80 ml"}]},{"@type":"WebSite","@id":"https:\/\/www.malinashop.lt\/#website","url":"https:\/\/www.malinashop.lt\/","name":"COM Group Ecommerce","description":"MalinaShop.lt - Gro\u017eio ir sveikatos produktai i\u0161 patikim\u0173 preki\u0173 \u017eenkl\u0173. Atraskite auk\u0161tos kokyb\u0117s kosmetik\u0105 u\u017e puiki\u0105 kain\u0105.","publisher":{"@id":"https:\/\/www.malinashop.lt\/#organization"},"potentialAction":[{"@type":"SearchAction","target":{"@type":"EntryPoint","urlTemplate":"https:\/\/www.malinashop.lt\/?s={search_term_string}"},"query-input":{"@type":"PropertyValueSpecification","valueRequired":true,"valueName":"search_term_string"}}],"inLanguage":"lt-LT"},{"@type":"Organization","@id":"https:\/\/www.malinashop.lt\/#organization","name":"COM Group Ecommerce","url":"https:\/\/www.malinashop.lt\/","logo":{"@type":"ImageObject","inLanguage":"lt-LT","@id":"https:\/\/www.malinashop.lt\/#\/schema\/logo\/image\/","url":"https:\/\/www.malinashop.lt\/wp-content\/uploads\/2024\/08\/462559670_3787732518133670_9795632669273463_n-e1731525914575.png","contentUrl":"https:\/\/www.malinashop.lt\/wp-content\/uploads\/2024\/08\/462559670_3787732518133670_9795632669273463_n-e1731525914575.png","width":180,"height":60,"caption":"COM Group Ecommerce"},"image":{"@id":"https:\/\/www.malinashop.lt\/#\/schema\/logo\/image\/"}}]}},"jetpack_sharing_enabled":true,"_links":{"self":[{"href":"https:\/\/www.malinashop.lt\/lt_lt\/wp-json\/wp\/v2\/product\/20065","targetHints":{"allow":["GET"]}}],"collection":[{"href":"https:\/\/www.malinashop.lt\/lt_lt\/wp-json\/wp\/v2\/product"}],"about":[{"href":"https:\/\/www.malinashop.lt\/lt_lt\/wp-json\/wp\/v2\/types\/product"}],"version-history":[{"count":2,"href":"https:\/\/www.malinashop.lt\/lt_lt\/wp-json\/wp\/v2\/product\/20065\/revisions"}],"predecessor-version":[{"id":73480,"href":"https:\/\/www.malinashop.lt\/lt_lt\/wp-json\/wp\/v2\/product\/20065\/revisions\/73480"}],"wp:featuredmedia":[{"embeddable":true,"href":"https:\/\/www.malinashop.lt\/lt_lt\/wp-json\/wp\/v2\/media\/17942"}],"wp:attachment":[{"href":"https:\/\/www.malinashop.lt\/lt_lt\/wp-json\/wp\/v2\/media?parent=20065"}],"wp:term":[{"taxonomy":"product_brand","embeddable":true,"href":"https:\/\/www.malinashop.lt\/lt_lt\/wp-json\/wp\/v2\/product_brand?post=20065"},{"taxonomy":"product_cat","embeddable":true,"href":"https:\/\/www.malinashop.lt\/lt_lt\/wp-json\/wp\/v2\/product_cat?post=20065"},{"taxonomy":"product_tag","embeddable":true,"href":"https:\/\/www.malinashop.lt\/lt_lt\/wp-json\/wp\/v2\/product_tag?post=20065"}],"curies":[{"name":"wp","href":"https:\/\/api.w.org\/{rel}","templated":true}]}}