{"id":20061,"date":"2024-11-06T15:53:11","date_gmt":"2024-11-06T12:53:11","guid":{"rendered":"https:\/\/malinashop.lt\/produktas\/petite-maison-veido-prausiklis-80-ml\/"},"modified":"2026-03-18T12:31:28","modified_gmt":"2026-03-18T09:31:28","slug":"petite-maison-veido-prausiklis-80-ml","status":"publish","type":"product","link":"https:\/\/www.malinashop.lt\/lt_lt\/shop\/petite-maison-veido-prausiklis-80-ml\/","title":{"rendered":"PETITE MAISON veido prausiklis, 80 ml"},"content":{"rendered":"<p>Petite Maison veido prausiklis yra universalus produktas, kuris gali b\u016bti naudojamas kaip prausiklis, \u0161veitiklis arba kauk\u0117. Jo specialiai sukurta formul\u0117 su salicilo r\u016bg\u0161timi ir baltuoju moliu efektyviai valo ir atkem\u0161a poras, pa\u0161alindamas ne\u0161varumus nuo veido. Greipfrut\u0173 s\u0117kl\u0173 aliejus padeda pa\u0161viesinti od\u0105, suteikdamas jai sveiko \u0161vyt\u0117jimo.<\/p>\n<p>Aktyvieji Ingredientai ir J\u0173 Nauda<br \/>\nSalicilo R\u016bg\u0161tis<br \/>\nSalicilo r\u016bg\u0161tis yra \u0161velni, bet veiksminga r\u016bg\u0161tis, kuri padeda pa\u0161alinti negyvas odos l\u0105steles, leisdama odai geriau kv\u0117puoti. Ji skatina odos lygum\u0105, \u0161velnum\u0105 ir elastingum\u0105, suteikdama jai gaivumo.<\/p>\n<p>Baltasis Molis<br \/>\nBaltasis molis yra puikus pasirinkimas mi\u0161rios ir riebios odos savininkams. Jis giliai valo poras ir jas sutraukia, slopina odos u\u017edegimus bei \u0161alina odos d\u0117meles. Be to, baltasis molis gerina odos kraujo apytak\u0105, skatindamas sveik\u0105 odos i\u0161vaizd\u0105.<\/p>\n<p>Greipfrut\u0173 S\u0117kl\u0173 Ekstraktas<br \/>\nGreipfrut\u0173 s\u0117kl\u0173 ekstraktas pasi\u017eymi giluminiu odos valymo poveikiu, naikindamas bakterijas, virusus ir grybus. Jis taip pat turi antimikrobini\u0173 savybi\u0173, veiksmingai kovojan\u010di\u0173 su patogeniniais mikroorganizmais. \u0160is ekstraktas regeneruoja, \u0161vei\u010dia ir sutraukia poras, suteikdamas odai sveik\u0105 ir \u0161vytin\u010di\u0105 i\u0161vaizd\u0105.<\/p>\n<p>Naudojimo Instrukcijos<br \/>\nKaip prausikl\u012f: \u0160velniai tepkite ant dr\u0117gno veido ir kaklo, vengiant aki\u0173 srities. Kruop\u0161\u010diai nuplaukite. Tinka kasdieniam naudojimui.<br \/>\nKaip \u0161veitikl\u012f: U\u017etepkite priemon\u0119 ir \u0161velniai masa\u017euokite \u012f vir\u0161\u0173 nukreiptais sukamaisiais judesiais, sutelkiant d\u0117mes\u012f \u012f kakt\u0105, nos\u012f ir smakr\u0105, vengiant aki\u0173 srities. Kruop\u0161\u010diai nuplaukite. Tinka kasdieniam naudojimui.<br \/>\nKaip kauk\u0119: Tolygiai tepkite ant odos ir palikite 3-5 minutes. Kruop\u0161\u010diai nuplaukite.<br \/>\n\u012esp\u0117jimai:<\/p>\n<p>Petite Maison veido prausiklis skirtas tik i\u0161oriniam naudojimui.<br \/>\nVenkite tiesioginio kontakto su akimis. Jei produktas patenka \u012f akis, nedelsiant gerai nuplaukite vandeniu.<br \/>\nLaikykite priemon\u0119 vaikams nepasiekiamoje vietoje ir kambario temperat\u016broje.<br \/>\nJei pajutote odos dirginim\u0105, nustokite naudoti produkt\u0105.<br \/>\n\u0160is veido prausiklis yra idealus pasirinkimas kasdieninei odos prie\u017ei\u016brai, suteikiantis gil\u0173 valym\u0105, \u0161veitim\u0105 ir intensyv\u0173 dr\u0117kinim\u0105. I\u0161bandykite Petite Maison veido prausikl\u012f ir pajuskite, kaip j\u016bs\u0173 oda tampa \u0161velnesn\u0117, lygesn\u0117 ir sveikesn\u0117!<\/p>\n<p>Apie PETITE MAISON<\/p>\n<p>PETITE MAISON \u2013 tai \u0161eimos valdoma kosmetikos \u012fmon\u0117, turinti 35 met\u0173 patirt\u012f ir eksportuojanti produkcij\u0105 \u012f daugiau nei 50 pasaulio \u0161ali\u0173. \u012emon\u0117 did\u017eiuojasi savo didel\u0117mis gerb\u0117j\u0173 bendruomen\u0117mis kiekvienoje \u0161alyje. Visos \u017ealiavos yra gaunamos i\u0161 Europos ir naudojamos modernioje gamykloje, kurioje puosel\u0117jama meil\u0117 gamtai kiekviename gamybos etape.<\/p>\n<p>Kokyb\u0117s ir etikos standartai<br \/>\nN\u0117ra bandym\u0173 su gyv\u016bnais: Visi gaminiai yra draugi\u0161ki gyv\u016bnams.<br \/>\nBe paraben\u0173 ir sulfat\u0173: Produkcija atitinka auk\u0161\u010diausius kokyb\u0117s ir saugumo standartus.<br \/>\nSertifikuoti produktai: Visi produktai atitinka Europos S\u0105jungos normas ir pasaulinius kokyb\u0117s standartus.<\/p>\n<div class=\"text-tab text-tab-id-10\">\n<p>Siuntas i\u0161siun\u010diame antradieniais ir ketvirtadieniais. Jei d\u0117l koki\u0173 nors prie\u017eas\u010di\u0173 siunta negali b\u016bti i\u0161si\u0173sta \u0161iomis dienomis ir ji yra perkeliama \u012f kit\u0105 dien\u0105, apie tai informuosime jus svetain\u0117je arba el. pa\u0161tu.<\/p>\n<p>\u201eJei turite klausim\u0173, pra\u0161ome susisiekti el. pa\u0161tu info@malinashop.lt arba telefonu +37065444002 darbo dienomis nuo 10:00 iki 16:00 val.\u201c<\/p>\n<\/div>\n<div class=\"text-tab text-tab-id-11\">\n<p>Perkant u\u017e daugiau nei 50\u20ac &#8211; pristatymas nemokamas.<\/p>\n<p>Pristatymas \u012f LPexpress pa\u0161tomat\u0105\u00a0(visoje Lietuvoje, i\u0161skyrus Kur\u0161i\u0173 Nerij\u0105).<\/p>\n<\/div>\n","protected":false},"excerpt":{"rendered":"<p>Petite Maison veido prausiklis yra universalus produktas, kuris gali b\u016bti naudojamas kaip prausiklis, \u0161veitiklis arba kauk\u0117. Jo specialiai sukurta formul\u0117 su salicilo&hellip;<\/p>\n","protected":false},"featured_media":18011,"template":"","meta":[],"product_brand":[554],"product_cat":[537,728],"product_tag":[1159],"class_list":{"0":"post-20061","1":"product","2":"type-product","3":"status-publish","4":"has-post-thumbnail","6":"product_brand-petite-maison","7":"product_cat-veido-valymo-priemones","8":"product_cat-veidui","9":"product_tag-petite-maison","11":"first","12":"instock","13":"sale","14":"taxable","15":"shipping-taxable","16":"purchasable","17":"product-type-simple"},"yoast_head":"<!-- This site is optimized with the Yoast SEO plugin v27.4 - https:\/\/yoast.com\/product\/yoast-seo-wordpress\/ -->\n<title>PETITE MAISON veido prausiklis, 80 ml - MalinaShop.lt J\u016bs\u0173 sveikatai ir gro\u017eiui.<\/title>\n<meta name=\"robots\" content=\"index, follow, max-snippet:-1, max-image-preview:large, max-video-preview:-1\" \/>\n<link rel=\"canonical\" href=\"https:\/\/www.malinashop.lt\/lt_lt\/shop\/petite-maison-veido-prausiklis-80-ml\/\" \/>\n<meta property=\"og:locale\" content=\"lt_LT\" \/>\n<meta property=\"og:type\" content=\"article\" \/>\n<meta property=\"og:title\" content=\"PETITE MAISON veido prausiklis, 80 ml - MalinaShop.lt J\u016bs\u0173 sveikatai ir gro\u017eiui.\" \/>\n<meta property=\"og:url\" content=\"https:\/\/www.malinashop.lt\/lt_lt\/shop\/petite-maison-veido-prausiklis-80-ml\/\" \/>\n<meta property=\"og:site_name\" content=\"MalinaShop.lt J\u016bs\u0173 sveikatai ir gro\u017eiui.\" \/>\n<meta property=\"article:modified_time\" content=\"2026-03-18T09:31:28+00:00\" \/>\n<meta property=\"og:image\" content=\"https:\/\/www.malinashop.lt\/wp-content\/uploads\/2024\/11\/PETITE-MAISON-veido-prausiklis-80-ml.jpg\" \/>\n\t<meta property=\"og:image:width\" content=\"1500\" \/>\n\t<meta property=\"og:image:height\" content=\"1500\" \/>\n\t<meta property=\"og:image:type\" content=\"image\/jpeg\" \/>\n<meta name=\"twitter:card\" content=\"summary_large_image\" \/>\n<script type=\"application\/ld+json\" class=\"yoast-schema-graph\">{\"@context\":\"https:\\\/\\\/schema.org\",\"@graph\":[{\"@type\":\"WebPage\",\"@id\":\"https:\\\/\\\/www.malinashop.lt\\\/lt_lt\\\/shop\\\/petite-maison-veido-prausiklis-80-ml\\\/\",\"url\":\"https:\\\/\\\/www.malinashop.lt\\\/lt_lt\\\/shop\\\/petite-maison-veido-prausiklis-80-ml\\\/\",\"name\":\"PETITE MAISON veido prausiklis, 80 ml - MalinaShop.lt J\u016bs\u0173 sveikatai ir gro\u017eiui.\",\"isPartOf\":{\"@id\":\"https:\\\/\\\/www.malinashop.lt\\\/#website\"},\"primaryImageOfPage\":{\"@id\":\"https:\\\/\\\/www.malinashop.lt\\\/lt_lt\\\/shop\\\/petite-maison-veido-prausiklis-80-ml\\\/#primaryimage\"},\"image\":{\"@id\":\"https:\\\/\\\/www.malinashop.lt\\\/lt_lt\\\/shop\\\/petite-maison-veido-prausiklis-80-ml\\\/#primaryimage\"},\"thumbnailUrl\":\"https:\\\/\\\/www.malinashop.lt\\\/wp-content\\\/uploads\\\/2024\\\/11\\\/PETITE-MAISON-veido-prausiklis-80-ml.jpg\",\"datePublished\":\"2024-11-06T12:53:11+00:00\",\"dateModified\":\"2026-03-18T09:31:28+00:00\",\"breadcrumb\":{\"@id\":\"https:\\\/\\\/www.malinashop.lt\\\/lt_lt\\\/shop\\\/petite-maison-veido-prausiklis-80-ml\\\/#breadcrumb\"},\"inLanguage\":\"lt-LT\",\"potentialAction\":[{\"@type\":\"ReadAction\",\"target\":[\"https:\\\/\\\/www.malinashop.lt\\\/lt_lt\\\/shop\\\/petite-maison-veido-prausiklis-80-ml\\\/\"]}]},{\"@type\":\"ImageObject\",\"inLanguage\":\"lt-LT\",\"@id\":\"https:\\\/\\\/www.malinashop.lt\\\/lt_lt\\\/shop\\\/petite-maison-veido-prausiklis-80-ml\\\/#primaryimage\",\"url\":\"https:\\\/\\\/www.malinashop.lt\\\/wp-content\\\/uploads\\\/2024\\\/11\\\/PETITE-MAISON-veido-prausiklis-80-ml.jpg\",\"contentUrl\":\"https:\\\/\\\/www.malinashop.lt\\\/wp-content\\\/uploads\\\/2024\\\/11\\\/PETITE-MAISON-veido-prausiklis-80-ml.jpg\",\"width\":1500,\"height\":1500},{\"@type\":\"BreadcrumbList\",\"@id\":\"https:\\\/\\\/www.malinashop.lt\\\/lt_lt\\\/shop\\\/petite-maison-veido-prausiklis-80-ml\\\/#breadcrumb\",\"itemListElement\":[{\"@type\":\"ListItem\",\"position\":1,\"name\":\"Pagrindinis\",\"item\":\"https:\\\/\\\/www.malinashop.lt\\\/\"},{\"@type\":\"ListItem\",\"position\":2,\"name\":\"Parduotuv\u0117\",\"item\":\"https:\\\/\\\/www.malinashop.lt\\\/en\\\/parduotuve\\\/\"},{\"@type\":\"ListItem\",\"position\":3,\"name\":\"PETITE MAISON veido prausiklis, 80 ml\"}]},{\"@type\":\"WebSite\",\"@id\":\"https:\\\/\\\/www.malinashop.lt\\\/#website\",\"url\":\"https:\\\/\\\/www.malinashop.lt\\\/\",\"name\":\"COM Group Ecommerce\",\"description\":\"MalinaShop.lt - Gro\u017eio ir sveikatos produktai i\u0161 patikim\u0173 preki\u0173 \u017eenkl\u0173. Atraskite auk\u0161tos kokyb\u0117s kosmetik\u0105 u\u017e puiki\u0105 kain\u0105.\",\"publisher\":{\"@id\":\"https:\\\/\\\/www.malinashop.lt\\\/#organization\"},\"potentialAction\":[{\"@type\":\"SearchAction\",\"target\":{\"@type\":\"EntryPoint\",\"urlTemplate\":\"https:\\\/\\\/www.malinashop.lt\\\/?s={search_term_string}\"},\"query-input\":{\"@type\":\"PropertyValueSpecification\",\"valueRequired\":true,\"valueName\":\"search_term_string\"}}],\"inLanguage\":\"lt-LT\"},{\"@type\":\"Organization\",\"@id\":\"https:\\\/\\\/www.malinashop.lt\\\/#organization\",\"name\":\"COM Group Ecommerce\",\"url\":\"https:\\\/\\\/www.malinashop.lt\\\/\",\"logo\":{\"@type\":\"ImageObject\",\"inLanguage\":\"lt-LT\",\"@id\":\"https:\\\/\\\/www.malinashop.lt\\\/#\\\/schema\\\/logo\\\/image\\\/\",\"url\":\"https:\\\/\\\/www.malinashop.lt\\\/wp-content\\\/uploads\\\/2024\\\/08\\\/462559670_3787732518133670_9795632669273463_n-e1731525914575.png\",\"contentUrl\":\"https:\\\/\\\/www.malinashop.lt\\\/wp-content\\\/uploads\\\/2024\\\/08\\\/462559670_3787732518133670_9795632669273463_n-e1731525914575.png\",\"width\":180,\"height\":60,\"caption\":\"COM Group Ecommerce\"},\"image\":{\"@id\":\"https:\\\/\\\/www.malinashop.lt\\\/#\\\/schema\\\/logo\\\/image\\\/\"}}]}<\/script>\n<!-- \/ Yoast SEO plugin. -->","yoast_head_json":{"title":"PETITE MAISON veido prausiklis, 80 ml - MalinaShop.lt J\u016bs\u0173 sveikatai ir gro\u017eiui.","robots":{"index":"index","follow":"follow","max-snippet":"max-snippet:-1","max-image-preview":"max-image-preview:large","max-video-preview":"max-video-preview:-1"},"canonical":"https:\/\/www.malinashop.lt\/lt_lt\/shop\/petite-maison-veido-prausiklis-80-ml\/","og_locale":"lt_LT","og_type":"article","og_title":"PETITE MAISON veido prausiklis, 80 ml - MalinaShop.lt J\u016bs\u0173 sveikatai ir gro\u017eiui.","og_url":"https:\/\/www.malinashop.lt\/lt_lt\/shop\/petite-maison-veido-prausiklis-80-ml\/","og_site_name":"MalinaShop.lt J\u016bs\u0173 sveikatai ir gro\u017eiui.","article_modified_time":"2026-03-18T09:31:28+00:00","og_image":[{"width":1500,"height":1500,"url":"https:\/\/www.malinashop.lt\/wp-content\/uploads\/2024\/11\/PETITE-MAISON-veido-prausiklis-80-ml.jpg","type":"image\/jpeg"}],"twitter_card":"summary_large_image","schema":{"@context":"https:\/\/schema.org","@graph":[{"@type":"WebPage","@id":"https:\/\/www.malinashop.lt\/lt_lt\/shop\/petite-maison-veido-prausiklis-80-ml\/","url":"https:\/\/www.malinashop.lt\/lt_lt\/shop\/petite-maison-veido-prausiklis-80-ml\/","name":"PETITE MAISON veido prausiklis, 80 ml - MalinaShop.lt J\u016bs\u0173 sveikatai ir gro\u017eiui.","isPartOf":{"@id":"https:\/\/www.malinashop.lt\/#website"},"primaryImageOfPage":{"@id":"https:\/\/www.malinashop.lt\/lt_lt\/shop\/petite-maison-veido-prausiklis-80-ml\/#primaryimage"},"image":{"@id":"https:\/\/www.malinashop.lt\/lt_lt\/shop\/petite-maison-veido-prausiklis-80-ml\/#primaryimage"},"thumbnailUrl":"https:\/\/www.malinashop.lt\/wp-content\/uploads\/2024\/11\/PETITE-MAISON-veido-prausiklis-80-ml.jpg","datePublished":"2024-11-06T12:53:11+00:00","dateModified":"2026-03-18T09:31:28+00:00","breadcrumb":{"@id":"https:\/\/www.malinashop.lt\/lt_lt\/shop\/petite-maison-veido-prausiklis-80-ml\/#breadcrumb"},"inLanguage":"lt-LT","potentialAction":[{"@type":"ReadAction","target":["https:\/\/www.malinashop.lt\/lt_lt\/shop\/petite-maison-veido-prausiklis-80-ml\/"]}]},{"@type":"ImageObject","inLanguage":"lt-LT","@id":"https:\/\/www.malinashop.lt\/lt_lt\/shop\/petite-maison-veido-prausiklis-80-ml\/#primaryimage","url":"https:\/\/www.malinashop.lt\/wp-content\/uploads\/2024\/11\/PETITE-MAISON-veido-prausiklis-80-ml.jpg","contentUrl":"https:\/\/www.malinashop.lt\/wp-content\/uploads\/2024\/11\/PETITE-MAISON-veido-prausiklis-80-ml.jpg","width":1500,"height":1500},{"@type":"BreadcrumbList","@id":"https:\/\/www.malinashop.lt\/lt_lt\/shop\/petite-maison-veido-prausiklis-80-ml\/#breadcrumb","itemListElement":[{"@type":"ListItem","position":1,"name":"Pagrindinis","item":"https:\/\/www.malinashop.lt\/"},{"@type":"ListItem","position":2,"name":"Parduotuv\u0117","item":"https:\/\/www.malinashop.lt\/en\/parduotuve\/"},{"@type":"ListItem","position":3,"name":"PETITE MAISON veido prausiklis, 80 ml"}]},{"@type":"WebSite","@id":"https:\/\/www.malinashop.lt\/#website","url":"https:\/\/www.malinashop.lt\/","name":"COM Group Ecommerce","description":"MalinaShop.lt - Gro\u017eio ir sveikatos produktai i\u0161 patikim\u0173 preki\u0173 \u017eenkl\u0173. Atraskite auk\u0161tos kokyb\u0117s kosmetik\u0105 u\u017e puiki\u0105 kain\u0105.","publisher":{"@id":"https:\/\/www.malinashop.lt\/#organization"},"potentialAction":[{"@type":"SearchAction","target":{"@type":"EntryPoint","urlTemplate":"https:\/\/www.malinashop.lt\/?s={search_term_string}"},"query-input":{"@type":"PropertyValueSpecification","valueRequired":true,"valueName":"search_term_string"}}],"inLanguage":"lt-LT"},{"@type":"Organization","@id":"https:\/\/www.malinashop.lt\/#organization","name":"COM Group Ecommerce","url":"https:\/\/www.malinashop.lt\/","logo":{"@type":"ImageObject","inLanguage":"lt-LT","@id":"https:\/\/www.malinashop.lt\/#\/schema\/logo\/image\/","url":"https:\/\/www.malinashop.lt\/wp-content\/uploads\/2024\/08\/462559670_3787732518133670_9795632669273463_n-e1731525914575.png","contentUrl":"https:\/\/www.malinashop.lt\/wp-content\/uploads\/2024\/08\/462559670_3787732518133670_9795632669273463_n-e1731525914575.png","width":180,"height":60,"caption":"COM Group Ecommerce"},"image":{"@id":"https:\/\/www.malinashop.lt\/#\/schema\/logo\/image\/"}}]}},"jetpack_sharing_enabled":true,"_links":{"self":[{"href":"https:\/\/www.malinashop.lt\/lt_lt\/wp-json\/wp\/v2\/product\/20061","targetHints":{"allow":["GET"]}}],"collection":[{"href":"https:\/\/www.malinashop.lt\/lt_lt\/wp-json\/wp\/v2\/product"}],"about":[{"href":"https:\/\/www.malinashop.lt\/lt_lt\/wp-json\/wp\/v2\/types\/product"}],"version-history":[{"count":1,"href":"https:\/\/www.malinashop.lt\/lt_lt\/wp-json\/wp\/v2\/product\/20061\/revisions"}],"predecessor-version":[{"id":32767,"href":"https:\/\/www.malinashop.lt\/lt_lt\/wp-json\/wp\/v2\/product\/20061\/revisions\/32767"}],"wp:featuredmedia":[{"embeddable":true,"href":"https:\/\/www.malinashop.lt\/lt_lt\/wp-json\/wp\/v2\/media\/18011"}],"wp:attachment":[{"href":"https:\/\/www.malinashop.lt\/lt_lt\/wp-json\/wp\/v2\/media?parent=20061"}],"wp:term":[{"taxonomy":"product_brand","embeddable":true,"href":"https:\/\/www.malinashop.lt\/lt_lt\/wp-json\/wp\/v2\/product_brand?post=20061"},{"taxonomy":"product_cat","embeddable":true,"href":"https:\/\/www.malinashop.lt\/lt_lt\/wp-json\/wp\/v2\/product_cat?post=20061"},{"taxonomy":"product_tag","embeddable":true,"href":"https:\/\/www.malinashop.lt\/lt_lt\/wp-json\/wp\/v2\/product_tag?post=20061"}],"curies":[{"name":"wp","href":"https:\/\/api.w.org\/{rel}","templated":true}]}}