{"id":20049,"date":"2024-11-06T15:53:07","date_gmt":"2024-11-06T12:53:07","guid":{"rendered":"https:\/\/malinashop.lt\/produktas\/petite-maison-maitinantis-ranku-kremas-50ml\/"},"modified":"2026-04-08T13:05:05","modified_gmt":"2026-04-08T10:05:05","slug":"petite-maison-maitinantis-ranku-kremas-50ml","status":"publish","type":"product","link":"https:\/\/www.malinashop.lt\/lt_lt\/shop\/petite-maison-maitinantis-ranku-kremas-50ml\/","title":{"rendered":"PETITE MAISON maitinantis rank\u0173 kremas, 50ml"},"content":{"rendered":"<p>PETITE MAISON maitinantis rank\u0173 kremas padeda apsaugoti od\u0105 nuo i\u0161or\u0117s poveikio, sumink\u0161tinti rank\u0173 od\u0105 ir nagus. Lengva kremo tekst\u016bra nepalieka lipnumo jausmo. \u0160i speciali formul\u0117, praturtinta keratinu ir ro\u017einio pomelo ekstraktu, padeda sustiprinti nagus ir suglotninti rankas.<\/p>\n<p>Pagrindin\u0117s sudedamosios dalys<br \/>\nGreipfrut\u0173 s\u0117kl\u0173 ekstraktas: Turi gilumin\u012f odos valymo poveik\u012f, naikina bakterijas, virusus ir grybel\u012f. Suteikia regeneruojan\u010di\u0173, \u0161vei\u010diam\u0173j\u0173 ir poras sutraukian\u010di\u0173 savybi\u0173.<br \/>\nGlicerinas: Intensyviai dr\u0117kina od\u0105 ir apsaugo j\u0105 nuo i\u0161saus\u0117jimo. Puikiai toleruojamas, ypa\u010d tinkamas sudirgusiai, jautriai ir ne\u0161varumus kaupti linkusiai odai. Glicerinas suri\u0161a dr\u0117gm\u0119 ir i\u0161laiko j\u0105 ant odos pavir\u0161iaus.<br \/>\nVitaminas E: Galingas antioksidantas, i\u0161gaunamas i\u0161 augalini\u0173 aliej\u0173, apsaugantis od\u0105 nuo \u017ealingo laisv\u0173j\u0173 radikal\u0173 poveikio. Vitaminas E padeda kovoti su odos sen\u0117jimu ir i\u0161laiko jaunatvi\u0161k\u0105 i\u0161vaizd\u0105.<br \/>\nSviestmed\u017ei\u0173 aliejus: Vadintas Afrikos auksu, \u0161is aliejus maitina ir ramina od\u0105. Jame gausu riebi\u0173j\u0173 r\u016bg\u0161\u010di\u0173, vitamin\u0173 A ir E, linoleno r\u016bg\u0161ties ir fitosterolio, kurie padeda i\u0161saugoti dr\u0117gm\u0119, apsaugo od\u0105 nuo aplinkos veiksni\u0173, aktyvina kraujotak\u0105 ir ma\u017eina u\u017edegim\u0105. Idealiai tinka vis\u0173 tip\u0173 odai.<\/p>\n<p>Naudojimo instrukcijos<\/p>\n<p>Tinka kasdieniam naudojimui. U\u017ed\u0117kite norim\u0105 kremo kiek\u012f ant rank\u0173 ir \u0161velniai \u012fmasa\u017euokite.<\/p>\n<p>\u012esp\u0117jimai<\/p>\n<p>Skirta tik i\u0161oriniam naudojimui.<br \/>\nVenkite tiesioginio kontakto su akimis. Patekus \u012f akis, nedelsiant gerai nuplaukite vandeniu.<br \/>\nSaugoti nuo vaik\u0173.<br \/>\nLaikyti kambario temperat\u016broje.<br \/>\nPajautus odos dirginim\u0105, rekomenduojama i\u0161 karto nustoti naudoti produkt\u0105.<\/p>\n<p>Apie PETITE MAISON<br \/>\nPETITE MAISON \u2013 tai \u0161eimos valdoma kosmetikos \u012fmon\u0117, turinti 35 met\u0173 patirt\u012f ir eksportuojanti produkcij\u0105 \u012f daugiau nei 50 pasaulio \u0161ali\u0173. \u012emon\u0117 did\u017eiuojasi savo didel\u0117mis gerb\u0117j\u0173 bendruomen\u0117mis kiekvienoje \u0161alyje. Visos \u017ealiavos yra gaunamos i\u0161 Europos ir naudojamos modernioje gamykloje, kurioje puosel\u0117jama meil\u0117 gamtai kiekviename gamybos etape.<\/p>\n<p>Kokyb\u0117s ir etikos standartai<br \/>\nN\u0117ra bandym\u0173 su gyv\u016bnais: Visi gaminiai yra draugi\u0161ki gyv\u016bnams.<br \/>\nBe paraben\u0173 ir sulfat\u0173: Produkcija atitinka auk\u0161\u010diausius kokyb\u0117s ir saugumo standartus.<br \/>\nSertifikuoti produktai: Visi produktai atitinka Europos S\u0105jungos normas ir pasaulinius kokyb\u0117s standartus.<\/p>\n<div class=\"text-tab text-tab-id-10\">\n<p>Siuntas i\u0161siun\u010diame antradieniais ir ketvirtadieniais. Jei d\u0117l koki\u0173 nors prie\u017eas\u010di\u0173 siunta negali b\u016bti i\u0161si\u0173sta \u0161iomis dienomis ir ji yra perkeliama \u012f kit\u0105 dien\u0105, apie tai informuosime jus svetain\u0117je arba el. pa\u0161tu.<\/p>\n<p>\u201eJei turite klausim\u0173, pra\u0161ome susisiekti el. pa\u0161tu info@malinashop.lt arba telefonu +37065444002 darbo dienomis nuo 10:00 iki 16:00 val.\u201c<\/p>\n<\/div>\n<div class=\"text-tab text-tab-id-11\">\n<p>Perkant u\u017e daugiau nei 50\u20ac &#8211; pristatymas nemokamas.<\/p>\n<p>Pristatymas \u012f LPexpress pa\u0161tomat\u0105\u00a0(visoje Lietuvoje, i\u0161skyrus Kur\u0161i\u0173 Nerij\u0105).<\/p>\n<\/div>\n","protected":false},"excerpt":{"rendered":"<p>PETITE MAISON maitinantis rank\u0173 kremas padeda apsaugoti od\u0105 nuo i\u0161or\u0117s poveikio, sumink\u0161tinti rank\u0173 od\u0105 ir nagus. Lengva kremo tekst\u016bra nepalieka lipnumo jausmo.&hellip;<\/p>\n","protected":false},"featured_media":17952,"template":"","meta":[],"product_brand":[554],"product_cat":[731,540,562],"product_tag":[1159],"class_list":{"0":"post-20049","1":"product","2":"type-product","3":"status-publish","4":"has-post-thumbnail","6":"product_brand-petite-maison","7":"product_cat-kunui","8":"product_cat-ranku-prieziura-muilai-ranku-kremai","9":"product_cat-sandelio-valymas","10":"product_tag-petite-maison","12":"first","13":"instock","14":"sale","15":"taxable","16":"shipping-taxable","17":"purchasable","18":"product-type-simple"},"yoast_head":"<!-- This site is optimized with the Yoast SEO plugin v27.4 - https:\/\/yoast.com\/product\/yoast-seo-wordpress\/ -->\n<title>PETITE MAISON maitinantis rank\u0173 kremas, 50ml - MalinaShop.lt J\u016bs\u0173 sveikatai ir gro\u017eiui.<\/title>\n<meta name=\"robots\" content=\"index, follow, max-snippet:-1, max-image-preview:large, max-video-preview:-1\" \/>\n<link rel=\"canonical\" href=\"https:\/\/www.malinashop.lt\/lt_lt\/shop\/petite-maison-maitinantis-ranku-kremas-50ml\/\" \/>\n<meta property=\"og:locale\" content=\"lt_LT\" \/>\n<meta property=\"og:type\" content=\"article\" \/>\n<meta property=\"og:title\" content=\"PETITE MAISON maitinantis rank\u0173 kremas, 50ml - MalinaShop.lt J\u016bs\u0173 sveikatai ir gro\u017eiui.\" \/>\n<meta property=\"og:url\" content=\"https:\/\/www.malinashop.lt\/lt_lt\/shop\/petite-maison-maitinantis-ranku-kremas-50ml\/\" \/>\n<meta property=\"og:site_name\" content=\"MalinaShop.lt J\u016bs\u0173 sveikatai ir gro\u017eiui.\" \/>\n<meta property=\"article:modified_time\" content=\"2026-04-08T10:05:05+00:00\" \/>\n<meta property=\"og:image\" content=\"https:\/\/www.malinashop.lt\/wp-content\/uploads\/2024\/11\/PETITE-MAISON-maitinantis-ranku-kremas-50ml.jpg\" \/>\n\t<meta property=\"og:image:width\" content=\"1500\" \/>\n\t<meta property=\"og:image:height\" content=\"1500\" \/>\n\t<meta property=\"og:image:type\" content=\"image\/jpeg\" \/>\n<meta name=\"twitter:card\" content=\"summary_large_image\" \/>\n<script type=\"application\/ld+json\" class=\"yoast-schema-graph\">{\"@context\":\"https:\\\/\\\/schema.org\",\"@graph\":[{\"@type\":\"WebPage\",\"@id\":\"https:\\\/\\\/www.malinashop.lt\\\/lt_lt\\\/shop\\\/petite-maison-maitinantis-ranku-kremas-50ml\\\/\",\"url\":\"https:\\\/\\\/www.malinashop.lt\\\/lt_lt\\\/shop\\\/petite-maison-maitinantis-ranku-kremas-50ml\\\/\",\"name\":\"PETITE MAISON maitinantis rank\u0173 kremas, 50ml - MalinaShop.lt J\u016bs\u0173 sveikatai ir gro\u017eiui.\",\"isPartOf\":{\"@id\":\"https:\\\/\\\/www.malinashop.lt\\\/en\\\/#website\"},\"primaryImageOfPage\":{\"@id\":\"https:\\\/\\\/www.malinashop.lt\\\/lt_lt\\\/shop\\\/petite-maison-maitinantis-ranku-kremas-50ml\\\/#primaryimage\"},\"image\":{\"@id\":\"https:\\\/\\\/www.malinashop.lt\\\/lt_lt\\\/shop\\\/petite-maison-maitinantis-ranku-kremas-50ml\\\/#primaryimage\"},\"thumbnailUrl\":\"https:\\\/\\\/www.malinashop.lt\\\/wp-content\\\/uploads\\\/2024\\\/11\\\/PETITE-MAISON-maitinantis-ranku-kremas-50ml.jpg\",\"datePublished\":\"2024-11-06T12:53:07+00:00\",\"dateModified\":\"2026-04-08T10:05:05+00:00\",\"breadcrumb\":{\"@id\":\"https:\\\/\\\/www.malinashop.lt\\\/lt_lt\\\/shop\\\/petite-maison-maitinantis-ranku-kremas-50ml\\\/#breadcrumb\"},\"inLanguage\":\"lt-LT\",\"potentialAction\":[{\"@type\":\"ReadAction\",\"target\":[\"https:\\\/\\\/www.malinashop.lt\\\/lt_lt\\\/shop\\\/petite-maison-maitinantis-ranku-kremas-50ml\\\/\"]}]},{\"@type\":\"ImageObject\",\"inLanguage\":\"lt-LT\",\"@id\":\"https:\\\/\\\/www.malinashop.lt\\\/lt_lt\\\/shop\\\/petite-maison-maitinantis-ranku-kremas-50ml\\\/#primaryimage\",\"url\":\"https:\\\/\\\/www.malinashop.lt\\\/wp-content\\\/uploads\\\/2024\\\/11\\\/PETITE-MAISON-maitinantis-ranku-kremas-50ml.jpg\",\"contentUrl\":\"https:\\\/\\\/www.malinashop.lt\\\/wp-content\\\/uploads\\\/2024\\\/11\\\/PETITE-MAISON-maitinantis-ranku-kremas-50ml.jpg\",\"width\":1500,\"height\":1500},{\"@type\":\"BreadcrumbList\",\"@id\":\"https:\\\/\\\/www.malinashop.lt\\\/lt_lt\\\/shop\\\/petite-maison-maitinantis-ranku-kremas-50ml\\\/#breadcrumb\",\"itemListElement\":[{\"@type\":\"ListItem\",\"position\":1,\"name\":\"Home\",\"item\":\"https:\\\/\\\/www.malinashop.lt\\\/en\\\/\"},{\"@type\":\"ListItem\",\"position\":2,\"name\":\"Parduotuv\u0117\",\"item\":\"https:\\\/\\\/www.malinashop.lt\\\/en\\\/parduotuve\\\/\"},{\"@type\":\"ListItem\",\"position\":3,\"name\":\"PETITE MAISON maitinantis rank\u0173 kremas, 50ml\"}]},{\"@type\":\"WebSite\",\"@id\":\"https:\\\/\\\/www.malinashop.lt\\\/en\\\/#website\",\"url\":\"https:\\\/\\\/www.malinashop.lt\\\/en\\\/\",\"name\":\"COM Group Ecommerce\",\"description\":\"MalinaShop.lt - Gro\u017eio ir sveikatos produktai i\u0161 patikim\u0173 preki\u0173 \u017eenkl\u0173. Atraskite auk\u0161tos kokyb\u0117s kosmetik\u0105 u\u017e puiki\u0105 kain\u0105.\",\"publisher\":{\"@id\":\"https:\\\/\\\/www.malinashop.lt\\\/en\\\/#organization\"},\"potentialAction\":[{\"@type\":\"SearchAction\",\"target\":{\"@type\":\"EntryPoint\",\"urlTemplate\":\"https:\\\/\\\/www.malinashop.lt\\\/en\\\/?s={search_term_string}\"},\"query-input\":{\"@type\":\"PropertyValueSpecification\",\"valueRequired\":true,\"valueName\":\"search_term_string\"}}],\"inLanguage\":\"lt-LT\"},{\"@type\":\"Organization\",\"@id\":\"https:\\\/\\\/www.malinashop.lt\\\/en\\\/#organization\",\"name\":\"COM Group Ecommerce\",\"url\":\"https:\\\/\\\/www.malinashop.lt\\\/en\\\/\",\"logo\":{\"@type\":\"ImageObject\",\"inLanguage\":\"lt-LT\",\"@id\":\"https:\\\/\\\/www.malinashop.lt\\\/en\\\/#\\\/schema\\\/logo\\\/image\\\/\",\"url\":\"https:\\\/\\\/www.malinashop.lt\\\/wp-content\\\/uploads\\\/2024\\\/08\\\/462559670_3787732518133670_9795632669273463_n-e1731525914575.png\",\"contentUrl\":\"https:\\\/\\\/www.malinashop.lt\\\/wp-content\\\/uploads\\\/2024\\\/08\\\/462559670_3787732518133670_9795632669273463_n-e1731525914575.png\",\"width\":180,\"height\":60,\"caption\":\"COM Group Ecommerce\"},\"image\":{\"@id\":\"https:\\\/\\\/www.malinashop.lt\\\/en\\\/#\\\/schema\\\/logo\\\/image\\\/\"}}]}<\/script>\n<!-- \/ Yoast SEO plugin. -->","yoast_head_json":{"title":"PETITE MAISON maitinantis rank\u0173 kremas, 50ml - MalinaShop.lt J\u016bs\u0173 sveikatai ir gro\u017eiui.","robots":{"index":"index","follow":"follow","max-snippet":"max-snippet:-1","max-image-preview":"max-image-preview:large","max-video-preview":"max-video-preview:-1"},"canonical":"https:\/\/www.malinashop.lt\/lt_lt\/shop\/petite-maison-maitinantis-ranku-kremas-50ml\/","og_locale":"lt_LT","og_type":"article","og_title":"PETITE MAISON maitinantis rank\u0173 kremas, 50ml - MalinaShop.lt J\u016bs\u0173 sveikatai ir gro\u017eiui.","og_url":"https:\/\/www.malinashop.lt\/lt_lt\/shop\/petite-maison-maitinantis-ranku-kremas-50ml\/","og_site_name":"MalinaShop.lt J\u016bs\u0173 sveikatai ir gro\u017eiui.","article_modified_time":"2026-04-08T10:05:05+00:00","og_image":[{"width":1500,"height":1500,"url":"https:\/\/www.malinashop.lt\/wp-content\/uploads\/2024\/11\/PETITE-MAISON-maitinantis-ranku-kremas-50ml.jpg","type":"image\/jpeg"}],"twitter_card":"summary_large_image","schema":{"@context":"https:\/\/schema.org","@graph":[{"@type":"WebPage","@id":"https:\/\/www.malinashop.lt\/lt_lt\/shop\/petite-maison-maitinantis-ranku-kremas-50ml\/","url":"https:\/\/www.malinashop.lt\/lt_lt\/shop\/petite-maison-maitinantis-ranku-kremas-50ml\/","name":"PETITE MAISON maitinantis rank\u0173 kremas, 50ml - MalinaShop.lt J\u016bs\u0173 sveikatai ir gro\u017eiui.","isPartOf":{"@id":"https:\/\/www.malinashop.lt\/en\/#website"},"primaryImageOfPage":{"@id":"https:\/\/www.malinashop.lt\/lt_lt\/shop\/petite-maison-maitinantis-ranku-kremas-50ml\/#primaryimage"},"image":{"@id":"https:\/\/www.malinashop.lt\/lt_lt\/shop\/petite-maison-maitinantis-ranku-kremas-50ml\/#primaryimage"},"thumbnailUrl":"https:\/\/www.malinashop.lt\/wp-content\/uploads\/2024\/11\/PETITE-MAISON-maitinantis-ranku-kremas-50ml.jpg","datePublished":"2024-11-06T12:53:07+00:00","dateModified":"2026-04-08T10:05:05+00:00","breadcrumb":{"@id":"https:\/\/www.malinashop.lt\/lt_lt\/shop\/petite-maison-maitinantis-ranku-kremas-50ml\/#breadcrumb"},"inLanguage":"lt-LT","potentialAction":[{"@type":"ReadAction","target":["https:\/\/www.malinashop.lt\/lt_lt\/shop\/petite-maison-maitinantis-ranku-kremas-50ml\/"]}]},{"@type":"ImageObject","inLanguage":"lt-LT","@id":"https:\/\/www.malinashop.lt\/lt_lt\/shop\/petite-maison-maitinantis-ranku-kremas-50ml\/#primaryimage","url":"https:\/\/www.malinashop.lt\/wp-content\/uploads\/2024\/11\/PETITE-MAISON-maitinantis-ranku-kremas-50ml.jpg","contentUrl":"https:\/\/www.malinashop.lt\/wp-content\/uploads\/2024\/11\/PETITE-MAISON-maitinantis-ranku-kremas-50ml.jpg","width":1500,"height":1500},{"@type":"BreadcrumbList","@id":"https:\/\/www.malinashop.lt\/lt_lt\/shop\/petite-maison-maitinantis-ranku-kremas-50ml\/#breadcrumb","itemListElement":[{"@type":"ListItem","position":1,"name":"Home","item":"https:\/\/www.malinashop.lt\/en\/"},{"@type":"ListItem","position":2,"name":"Parduotuv\u0117","item":"https:\/\/www.malinashop.lt\/en\/parduotuve\/"},{"@type":"ListItem","position":3,"name":"PETITE MAISON maitinantis rank\u0173 kremas, 50ml"}]},{"@type":"WebSite","@id":"https:\/\/www.malinashop.lt\/en\/#website","url":"https:\/\/www.malinashop.lt\/en\/","name":"COM Group Ecommerce","description":"MalinaShop.lt - Gro\u017eio ir sveikatos produktai i\u0161 patikim\u0173 preki\u0173 \u017eenkl\u0173. Atraskite auk\u0161tos kokyb\u0117s kosmetik\u0105 u\u017e puiki\u0105 kain\u0105.","publisher":{"@id":"https:\/\/www.malinashop.lt\/en\/#organization"},"potentialAction":[{"@type":"SearchAction","target":{"@type":"EntryPoint","urlTemplate":"https:\/\/www.malinashop.lt\/en\/?s={search_term_string}"},"query-input":{"@type":"PropertyValueSpecification","valueRequired":true,"valueName":"search_term_string"}}],"inLanguage":"lt-LT"},{"@type":"Organization","@id":"https:\/\/www.malinashop.lt\/en\/#organization","name":"COM Group Ecommerce","url":"https:\/\/www.malinashop.lt\/en\/","logo":{"@type":"ImageObject","inLanguage":"lt-LT","@id":"https:\/\/www.malinashop.lt\/en\/#\/schema\/logo\/image\/","url":"https:\/\/www.malinashop.lt\/wp-content\/uploads\/2024\/08\/462559670_3787732518133670_9795632669273463_n-e1731525914575.png","contentUrl":"https:\/\/www.malinashop.lt\/wp-content\/uploads\/2024\/08\/462559670_3787732518133670_9795632669273463_n-e1731525914575.png","width":180,"height":60,"caption":"COM Group Ecommerce"},"image":{"@id":"https:\/\/www.malinashop.lt\/en\/#\/schema\/logo\/image\/"}}]}},"jetpack_sharing_enabled":true,"_links":{"self":[{"href":"https:\/\/www.malinashop.lt\/lt_lt\/wp-json\/wp\/v2\/product\/20049","targetHints":{"allow":["GET"]}}],"collection":[{"href":"https:\/\/www.malinashop.lt\/lt_lt\/wp-json\/wp\/v2\/product"}],"about":[{"href":"https:\/\/www.malinashop.lt\/lt_lt\/wp-json\/wp\/v2\/types\/product"}],"version-history":[{"count":2,"href":"https:\/\/www.malinashop.lt\/lt_lt\/wp-json\/wp\/v2\/product\/20049\/revisions"}],"predecessor-version":[{"id":57830,"href":"https:\/\/www.malinashop.lt\/lt_lt\/wp-json\/wp\/v2\/product\/20049\/revisions\/57830"}],"wp:featuredmedia":[{"embeddable":true,"href":"https:\/\/www.malinashop.lt\/lt_lt\/wp-json\/wp\/v2\/media\/17952"}],"wp:attachment":[{"href":"https:\/\/www.malinashop.lt\/lt_lt\/wp-json\/wp\/v2\/media?parent=20049"}],"wp:term":[{"taxonomy":"product_brand","embeddable":true,"href":"https:\/\/www.malinashop.lt\/lt_lt\/wp-json\/wp\/v2\/product_brand?post=20049"},{"taxonomy":"product_cat","embeddable":true,"href":"https:\/\/www.malinashop.lt\/lt_lt\/wp-json\/wp\/v2\/product_cat?post=20049"},{"taxonomy":"product_tag","embeddable":true,"href":"https:\/\/www.malinashop.lt\/lt_lt\/wp-json\/wp\/v2\/product_tag?post=20049"}],"curies":[{"name":"wp","href":"https:\/\/api.w.org\/{rel}","templated":true}]}}