{"id":20017,"date":"2024-11-06T15:53:07","date_gmt":"2024-11-06T12:53:07","guid":{"rendered":"https:\/\/malinashop.lt\/produktas\/petite-maison-kuno-losjonas-granatu-kvapo-255ml\/"},"modified":"2026-03-18T12:31:35","modified_gmt":"2026-03-18T09:31:35","slug":"petite-maison-kuno-losjonas-granatu-kvapo-255ml","status":"publish","type":"product","link":"https:\/\/www.malinashop.lt\/lt_lt\/shop\/petite-maison-kuno-losjonas-granatu-kvapo-255ml\/","title":{"rendered":"PETITE MAISON k\u016bno losjonas (granat\u0173 kvapo), 255ml"},"content":{"rendered":"<h2>PETITE MAISON granat\u0173 kvapo k\u016bno losjonas \u2013 intensyvus dr\u0117kinimas ir gaivus aromatas<\/h2>\n<p>PETITE MAISON granat\u0173 kvapo k\u016bno losjonas yra praturtintas glicerinu ir vitaminu E, siekiant u\u017etikrinti j\u016bs\u0173 odos dr\u0117gm\u0117s balans\u0105 vis\u0105 dien\u0105. \u0160is losjonas maitina od\u0105, suteikdamas jai \u0161velnumo, elastingumo ir ilgalaikio dr\u0117kinimo.<\/p>\n<p>Pagrindin\u0117s savyb\u0117s<br \/>\nGlicerinas: Nat\u016brali odos dr\u0117kinimo sistemos dalis, kuri intensyviai dr\u0117kina od\u0105 ir apsaugo j\u0105 nuo i\u0161saus\u0117jimo. Glicerinas ypa\u010d tinka sudirgusiai, jautriai ir ne\u0161varumus kaupti linkusiai odai, padeda suri\u0161ti ir i\u0161laikyti dr\u0117gm\u0119 odos pavir\u0161iuje.<br \/>\nVitaminas E: Galingas antioksidantas, i\u0161gaunamas i\u0161 augalini\u0173 aliej\u0173. Vitaminas E apsaugo od\u0105 nuo \u017ealingo laisv\u0173j\u0173 radikal\u0173 poveikio, kovodamas su odos sen\u0117jimu ir i\u0161laikydamas jaunatvi\u0161k\u0105 i\u0161vaizd\u0105.<br \/>\nGaivus granat\u0173 aromatas: Malonus ir ilgai i\u0161liekantis kvapas, kuris suteikia gaivumo poj\u016bt\u012f vis\u0105 dien\u0105.<br \/>\n\u0160velnus ir efektyvus: Losjonas \u0161velniai maitina ir dr\u0117kina od\u0105, nepalikdamas riebumo poj\u016b\u010dio.<br \/>\nVis\u0173 tip\u0173 odai: Tinka vis\u0173 tip\u0173 odai, \u012fskaitant jautri\u0105 ir saus\u0105 od\u0105.<br \/>\nNaudojimo instrukcijos<br \/>\nTepkite norim\u0105 kiek\u012f losjono ant odos ir tolygiai paskirstykite sukamaisiais judesiais. Naudokite kasdien, kad oda b\u016bt\u0173 nuolat dr\u0117kinama ir maitinta.<\/p>\n<p>\u012esp\u0117jimai<br \/>\nSkirta tik i\u0161oriniam naudojimui.<br \/>\nVenkite tiesioginio kontakto su akimis. Patekus \u012f akis, nedelsiant gerai nuplaukite vandeniu.<br \/>\nSaugoti nuo vaik\u0173.<br \/>\nLaikyti kambario temperat\u016broje.<\/p>\n<p>Apie PETITE MAISON<br \/>\nPETITE MAISON \u2013 tai \u0161eimos valdoma kosmetikos \u012fmon\u0117, turinti 35 met\u0173 patirt\u012f ir eksportuojanti produkcij\u0105 \u012f daugiau nei 50 pasaulio \u0161ali\u0173. \u012emon\u0117 did\u017eiuojasi savo didel\u0117mis gerb\u0117j\u0173 bendruomen\u0117mis kiekvienoje \u0161alyje. Visos \u017ealiavos yra gaunamos i\u0161 Europos ir naudojamos modernioje gamykloje, kurioje puosel\u0117jama meil\u0117 gamtai kiekviename gamybos etape.<\/p>\n<p>Kokyb\u0117s ir etikos standartai<br \/>\nN\u0117ra bandym\u0173 su gyv\u016bnais: Visi gaminiai yra draugi\u0161ki gyv\u016bnams.<br \/>\nBe paraben\u0173 ir sulfat\u0173: Produkcija atitinka auk\u0161\u010diausius kokyb\u0117s ir saugumo standartus.<br \/>\nSertifikuoti produktai: Visi produktai atitinka Europos S\u0105jungos normas ir pasaulinius kokyb\u0117s standartus.<\/p>\n","protected":false},"excerpt":{"rendered":"<p>PETITE MAISON granat\u0173 kvapo k\u016bno losjonas \u2013 intensyvus dr\u0117kinimas ir gaivus aromatas PETITE MAISON granat\u0173 kvapo k\u016bno losjonas yra praturtintas glicerinu ir&hellip;<\/p>\n","protected":false},"featured_media":17949,"template":"","meta":[],"product_brand":[554],"product_cat":[555],"product_tag":[1159],"class_list":{"0":"post-20017","1":"product","2":"type-product","3":"status-publish","4":"has-post-thumbnail","6":"product_brand-petite-maison","7":"product_cat-kuno-aliejai-losjonai","8":"product_tag-petite-maison","10":"first","11":"outofstock","12":"sale","13":"taxable","14":"shipping-taxable","15":"purchasable","16":"product-type-simple"},"yoast_head":"<!-- This site is optimized with the Yoast SEO plugin v27.4 - https:\/\/yoast.com\/product\/yoast-seo-wordpress\/ -->\n<title>PETITE MAISON k\u016bno losjonas (granat\u0173 kvapo), 255ml - MalinaShop.lt J\u016bs\u0173 sveikatai ir gro\u017eiui.<\/title>\n<meta name=\"robots\" content=\"index, follow, max-snippet:-1, max-image-preview:large, max-video-preview:-1\" \/>\n<link rel=\"canonical\" href=\"https:\/\/www.malinashop.lt\/lt_lt\/shop\/petite-maison-kuno-losjonas-granatu-kvapo-255ml\/\" \/>\n<meta property=\"og:locale\" content=\"lt_LT\" \/>\n<meta property=\"og:type\" content=\"article\" \/>\n<meta property=\"og:title\" content=\"PETITE MAISON k\u016bno losjonas (granat\u0173 kvapo), 255ml - MalinaShop.lt J\u016bs\u0173 sveikatai ir gro\u017eiui.\" \/>\n<meta property=\"og:url\" content=\"https:\/\/www.malinashop.lt\/lt_lt\/shop\/petite-maison-kuno-losjonas-granatu-kvapo-255ml\/\" \/>\n<meta property=\"og:site_name\" content=\"MalinaShop.lt J\u016bs\u0173 sveikatai ir gro\u017eiui.\" \/>\n<meta property=\"article:modified_time\" content=\"2026-03-18T09:31:35+00:00\" \/>\n<meta property=\"og:image\" content=\"https:\/\/www.malinashop.lt\/wp-content\/uploads\/2024\/11\/PETITE-MAISON-kuno-losjonas-granatu-kvapo-255ml.jpg\" \/>\n\t<meta property=\"og:image:width\" content=\"800\" \/>\n\t<meta property=\"og:image:height\" content=\"800\" \/>\n\t<meta property=\"og:image:type\" content=\"image\/jpeg\" \/>\n<meta name=\"twitter:card\" content=\"summary_large_image\" \/>\n<script type=\"application\/ld+json\" class=\"yoast-schema-graph\">{\"@context\":\"https:\\\/\\\/schema.org\",\"@graph\":[{\"@type\":\"WebPage\",\"@id\":\"https:\\\/\\\/www.malinashop.lt\\\/shop\\\/petite-maison-kuno-losjonas-granatu-kvapo-255ml\\\/\",\"url\":\"https:\\\/\\\/www.malinashop.lt\\\/shop\\\/petite-maison-kuno-losjonas-granatu-kvapo-255ml\\\/\",\"name\":\"PETITE MAISON k\u016bno losjonas (granat\u0173 kvapo), 255ml - MalinaShop.lt J\u016bs\u0173 sveikatai ir gro\u017eiui.\",\"isPartOf\":{\"@id\":\"https:\\\/\\\/www.malinashop.lt\\\/#website\"},\"primaryImageOfPage\":{\"@id\":\"https:\\\/\\\/www.malinashop.lt\\\/shop\\\/petite-maison-kuno-losjonas-granatu-kvapo-255ml\\\/#primaryimage\"},\"image\":{\"@id\":\"https:\\\/\\\/www.malinashop.lt\\\/shop\\\/petite-maison-kuno-losjonas-granatu-kvapo-255ml\\\/#primaryimage\"},\"thumbnailUrl\":\"https:\\\/\\\/www.malinashop.lt\\\/wp-content\\\/uploads\\\/2024\\\/11\\\/PETITE-MAISON-kuno-losjonas-granatu-kvapo-255ml.jpg\",\"datePublished\":\"2024-11-06T12:53:07+00:00\",\"dateModified\":\"2026-03-18T09:31:35+00:00\",\"breadcrumb\":{\"@id\":\"https:\\\/\\\/www.malinashop.lt\\\/shop\\\/petite-maison-kuno-losjonas-granatu-kvapo-255ml\\\/#breadcrumb\"},\"inLanguage\":\"lt-LT\",\"potentialAction\":[{\"@type\":\"ReadAction\",\"target\":[\"https:\\\/\\\/www.malinashop.lt\\\/shop\\\/petite-maison-kuno-losjonas-granatu-kvapo-255ml\\\/\"]}]},{\"@type\":\"ImageObject\",\"inLanguage\":\"lt-LT\",\"@id\":\"https:\\\/\\\/www.malinashop.lt\\\/shop\\\/petite-maison-kuno-losjonas-granatu-kvapo-255ml\\\/#primaryimage\",\"url\":\"https:\\\/\\\/www.malinashop.lt\\\/wp-content\\\/uploads\\\/2024\\\/11\\\/PETITE-MAISON-kuno-losjonas-granatu-kvapo-255ml.jpg\",\"contentUrl\":\"https:\\\/\\\/www.malinashop.lt\\\/wp-content\\\/uploads\\\/2024\\\/11\\\/PETITE-MAISON-kuno-losjonas-granatu-kvapo-255ml.jpg\",\"width\":800,\"height\":800},{\"@type\":\"BreadcrumbList\",\"@id\":\"https:\\\/\\\/www.malinashop.lt\\\/shop\\\/petite-maison-kuno-losjonas-granatu-kvapo-255ml\\\/#breadcrumb\",\"itemListElement\":[{\"@type\":\"ListItem\",\"position\":1,\"name\":\"Pagrindinis\",\"item\":\"https:\\\/\\\/www.malinashop.lt\\\/\"},{\"@type\":\"ListItem\",\"position\":2,\"name\":\"Parduotuv\u0117\",\"item\":\"https:\\\/\\\/www.malinashop.lt\\\/en\\\/parduotuve\\\/\"},{\"@type\":\"ListItem\",\"position\":3,\"name\":\"PETITE MAISON k\u016bno losjonas (granat\u0173 kvapo), 255ml\"}]},{\"@type\":\"WebSite\",\"@id\":\"https:\\\/\\\/www.malinashop.lt\\\/#website\",\"url\":\"https:\\\/\\\/www.malinashop.lt\\\/\",\"name\":\"COM Group Ecommerce\",\"description\":\"MalinaShop.lt - Gro\u017eio ir sveikatos produktai i\u0161 patikim\u0173 preki\u0173 \u017eenkl\u0173. Atraskite auk\u0161tos kokyb\u0117s kosmetik\u0105 u\u017e puiki\u0105 kain\u0105.\",\"publisher\":{\"@id\":\"https:\\\/\\\/www.malinashop.lt\\\/#organization\"},\"potentialAction\":[{\"@type\":\"SearchAction\",\"target\":{\"@type\":\"EntryPoint\",\"urlTemplate\":\"https:\\\/\\\/www.malinashop.lt\\\/?s={search_term_string}\"},\"query-input\":{\"@type\":\"PropertyValueSpecification\",\"valueRequired\":true,\"valueName\":\"search_term_string\"}}],\"inLanguage\":\"lt-LT\"},{\"@type\":\"Organization\",\"@id\":\"https:\\\/\\\/www.malinashop.lt\\\/#organization\",\"name\":\"COM Group Ecommerce\",\"url\":\"https:\\\/\\\/www.malinashop.lt\\\/\",\"logo\":{\"@type\":\"ImageObject\",\"inLanguage\":\"lt-LT\",\"@id\":\"https:\\\/\\\/www.malinashop.lt\\\/#\\\/schema\\\/logo\\\/image\\\/\",\"url\":\"https:\\\/\\\/www.malinashop.lt\\\/wp-content\\\/uploads\\\/2024\\\/08\\\/462559670_3787732518133670_9795632669273463_n-e1731525914575.png\",\"contentUrl\":\"https:\\\/\\\/www.malinashop.lt\\\/wp-content\\\/uploads\\\/2024\\\/08\\\/462559670_3787732518133670_9795632669273463_n-e1731525914575.png\",\"width\":180,\"height\":60,\"caption\":\"COM Group Ecommerce\"},\"image\":{\"@id\":\"https:\\\/\\\/www.malinashop.lt\\\/#\\\/schema\\\/logo\\\/image\\\/\"}}]}<\/script>\n<!-- \/ Yoast SEO plugin. -->","yoast_head_json":{"title":"PETITE MAISON k\u016bno losjonas (granat\u0173 kvapo), 255ml - MalinaShop.lt J\u016bs\u0173 sveikatai ir gro\u017eiui.","robots":{"index":"index","follow":"follow","max-snippet":"max-snippet:-1","max-image-preview":"max-image-preview:large","max-video-preview":"max-video-preview:-1"},"canonical":"https:\/\/www.malinashop.lt\/lt_lt\/shop\/petite-maison-kuno-losjonas-granatu-kvapo-255ml\/","og_locale":"lt_LT","og_type":"article","og_title":"PETITE MAISON k\u016bno losjonas (granat\u0173 kvapo), 255ml - MalinaShop.lt J\u016bs\u0173 sveikatai ir gro\u017eiui.","og_url":"https:\/\/www.malinashop.lt\/lt_lt\/shop\/petite-maison-kuno-losjonas-granatu-kvapo-255ml\/","og_site_name":"MalinaShop.lt J\u016bs\u0173 sveikatai ir gro\u017eiui.","article_modified_time":"2026-03-18T09:31:35+00:00","og_image":[{"width":800,"height":800,"url":"https:\/\/www.malinashop.lt\/wp-content\/uploads\/2024\/11\/PETITE-MAISON-kuno-losjonas-granatu-kvapo-255ml.jpg","type":"image\/jpeg"}],"twitter_card":"summary_large_image","schema":{"@context":"https:\/\/schema.org","@graph":[{"@type":"WebPage","@id":"https:\/\/www.malinashop.lt\/shop\/petite-maison-kuno-losjonas-granatu-kvapo-255ml\/","url":"https:\/\/www.malinashop.lt\/shop\/petite-maison-kuno-losjonas-granatu-kvapo-255ml\/","name":"PETITE MAISON k\u016bno losjonas (granat\u0173 kvapo), 255ml - MalinaShop.lt J\u016bs\u0173 sveikatai ir gro\u017eiui.","isPartOf":{"@id":"https:\/\/www.malinashop.lt\/#website"},"primaryImageOfPage":{"@id":"https:\/\/www.malinashop.lt\/shop\/petite-maison-kuno-losjonas-granatu-kvapo-255ml\/#primaryimage"},"image":{"@id":"https:\/\/www.malinashop.lt\/shop\/petite-maison-kuno-losjonas-granatu-kvapo-255ml\/#primaryimage"},"thumbnailUrl":"https:\/\/www.malinashop.lt\/wp-content\/uploads\/2024\/11\/PETITE-MAISON-kuno-losjonas-granatu-kvapo-255ml.jpg","datePublished":"2024-11-06T12:53:07+00:00","dateModified":"2026-03-18T09:31:35+00:00","breadcrumb":{"@id":"https:\/\/www.malinashop.lt\/shop\/petite-maison-kuno-losjonas-granatu-kvapo-255ml\/#breadcrumb"},"inLanguage":"lt-LT","potentialAction":[{"@type":"ReadAction","target":["https:\/\/www.malinashop.lt\/shop\/petite-maison-kuno-losjonas-granatu-kvapo-255ml\/"]}]},{"@type":"ImageObject","inLanguage":"lt-LT","@id":"https:\/\/www.malinashop.lt\/shop\/petite-maison-kuno-losjonas-granatu-kvapo-255ml\/#primaryimage","url":"https:\/\/www.malinashop.lt\/wp-content\/uploads\/2024\/11\/PETITE-MAISON-kuno-losjonas-granatu-kvapo-255ml.jpg","contentUrl":"https:\/\/www.malinashop.lt\/wp-content\/uploads\/2024\/11\/PETITE-MAISON-kuno-losjonas-granatu-kvapo-255ml.jpg","width":800,"height":800},{"@type":"BreadcrumbList","@id":"https:\/\/www.malinashop.lt\/shop\/petite-maison-kuno-losjonas-granatu-kvapo-255ml\/#breadcrumb","itemListElement":[{"@type":"ListItem","position":1,"name":"Pagrindinis","item":"https:\/\/www.malinashop.lt\/"},{"@type":"ListItem","position":2,"name":"Parduotuv\u0117","item":"https:\/\/www.malinashop.lt\/en\/parduotuve\/"},{"@type":"ListItem","position":3,"name":"PETITE MAISON k\u016bno losjonas (granat\u0173 kvapo), 255ml"}]},{"@type":"WebSite","@id":"https:\/\/www.malinashop.lt\/#website","url":"https:\/\/www.malinashop.lt\/","name":"COM Group Ecommerce","description":"MalinaShop.lt - Gro\u017eio ir sveikatos produktai i\u0161 patikim\u0173 preki\u0173 \u017eenkl\u0173. Atraskite auk\u0161tos kokyb\u0117s kosmetik\u0105 u\u017e puiki\u0105 kain\u0105.","publisher":{"@id":"https:\/\/www.malinashop.lt\/#organization"},"potentialAction":[{"@type":"SearchAction","target":{"@type":"EntryPoint","urlTemplate":"https:\/\/www.malinashop.lt\/?s={search_term_string}"},"query-input":{"@type":"PropertyValueSpecification","valueRequired":true,"valueName":"search_term_string"}}],"inLanguage":"lt-LT"},{"@type":"Organization","@id":"https:\/\/www.malinashop.lt\/#organization","name":"COM Group Ecommerce","url":"https:\/\/www.malinashop.lt\/","logo":{"@type":"ImageObject","inLanguage":"lt-LT","@id":"https:\/\/www.malinashop.lt\/#\/schema\/logo\/image\/","url":"https:\/\/www.malinashop.lt\/wp-content\/uploads\/2024\/08\/462559670_3787732518133670_9795632669273463_n-e1731525914575.png","contentUrl":"https:\/\/www.malinashop.lt\/wp-content\/uploads\/2024\/08\/462559670_3787732518133670_9795632669273463_n-e1731525914575.png","width":180,"height":60,"caption":"COM Group Ecommerce"},"image":{"@id":"https:\/\/www.malinashop.lt\/#\/schema\/logo\/image\/"}}]}},"jetpack_sharing_enabled":true,"_links":{"self":[{"href":"https:\/\/www.malinashop.lt\/lt_lt\/wp-json\/wp\/v2\/product\/20017","targetHints":{"allow":["GET"]}}],"collection":[{"href":"https:\/\/www.malinashop.lt\/lt_lt\/wp-json\/wp\/v2\/product"}],"about":[{"href":"https:\/\/www.malinashop.lt\/lt_lt\/wp-json\/wp\/v2\/types\/product"}],"version-history":[{"count":1,"href":"https:\/\/www.malinashop.lt\/lt_lt\/wp-json\/wp\/v2\/product\/20017\/revisions"}],"predecessor-version":[{"id":32788,"href":"https:\/\/www.malinashop.lt\/lt_lt\/wp-json\/wp\/v2\/product\/20017\/revisions\/32788"}],"wp:featuredmedia":[{"embeddable":true,"href":"https:\/\/www.malinashop.lt\/lt_lt\/wp-json\/wp\/v2\/media\/17949"}],"wp:attachment":[{"href":"https:\/\/www.malinashop.lt\/lt_lt\/wp-json\/wp\/v2\/media?parent=20017"}],"wp:term":[{"taxonomy":"product_brand","embeddable":true,"href":"https:\/\/www.malinashop.lt\/lt_lt\/wp-json\/wp\/v2\/product_brand?post=20017"},{"taxonomy":"product_cat","embeddable":true,"href":"https:\/\/www.malinashop.lt\/lt_lt\/wp-json\/wp\/v2\/product_cat?post=20017"},{"taxonomy":"product_tag","embeddable":true,"href":"https:\/\/www.malinashop.lt\/lt_lt\/wp-json\/wp\/v2\/product_tag?post=20017"}],"curies":[{"name":"wp","href":"https:\/\/api.w.org\/{rel}","templated":true}]}}