{"id":20015,"date":"2024-11-06T15:53:07","date_gmt":"2024-11-06T12:53:07","guid":{"rendered":"https:\/\/malinashop.lt\/produktas\/petite-maison-kuno-dulksna-granatu-kvapo-155ml\/"},"modified":"2026-04-08T10:36:09","modified_gmt":"2026-04-08T07:36:09","slug":"petite-maison-kuno-dulksna-granatu-kvapo-155ml","status":"publish","type":"product","link":"https:\/\/www.malinashop.lt\/lt_lt\/shop\/petite-maison-kuno-dulksna-granatu-kvapo-155ml\/","title":{"rendered":"PETITE MAISON k\u016bno dulksna (granat\u0173 kvapo), 155ml"},"content":{"rendered":"<p>PETITE MAISON granat\u0173 kvapo k\u016bno dulksna \u2013 tai gaivus ir malonus aromatas, suteikiantis energijos visai dienai. \u0160i k\u016bno dulksna padeda jaustis \u017evaliai ir energingai, ypa\u010d pur\u0161kiant ant kr\u016btin\u0117s, kaklo ir rie\u0161\u0173 \u2013 vietose, kur kraujotaka yra greita, tod\u0117l kvapas greitai pasklinda ir ilgai i\u0161lieka.<\/p>\n<p>Pagrindin\u0117s savyb\u0117s<br \/>\nEnergijos suteikiantis kvapas: Gaivus granat\u0173 aromatas padeda jaustis energingiau vis\u0105 dien\u0105.<br \/>\nIlgai i\u0161liekantis kvapas: Kvapas greitai pasklinda ir ilgai i\u0161lieka.<br \/>\nOd\u0105 atgaivinanti sud\u0117tis: K\u016bno dulksna atgaivina od\u0105 ir leid\u017eia jai kv\u0117puoti, ypa\u010d tinkama naudoti kar\u0161tomis vasaros dienomis.<br \/>\nAtpalaiduojanti ir gaivi aura: Tinka naudoti bet kuriuo paros metu, suteikiant gaivos poj\u016bt\u012f.<br \/>\nPatogus dydis: Lengvai telpa \u012f nedidel\u0119 rankin\u0119, tod\u0117l visada galima tur\u0117ti su savimi ir naudoti prireikus.<br \/>\nNaudojimo instrukcijos<br \/>\nPur\u0161kite k\u016bno dulksn\u0105 trumpais paspaudimais ant odos i\u0161 15-30 centimetr\u0173 atstumo. Priemon\u0117s nereikia nuskalauti vandeniu.<\/p>\n<p>\u012esp\u0117jimai<br \/>\nSkystis degus, tod\u0117l nenaudokite \u0161alia kar\u0161\u010dio ir liepsnos.<br \/>\nNepurk\u0161kite ant pa\u017eeistos odos.<br \/>\nSkirta tik i\u0161oriniam naudojimui.<br \/>\nVenkite tiesioginio kontakto su akimis. Patekus \u012f akis, nedelsiant gerai nuplaukite vandeniu.<br \/>\nLaikyti kambario temperat\u016broje.<\/p>\n<p>Apie PETITE MAISON<br \/>\nPETITE MAISON \u2013 tai \u0161eimos valdoma kosmetikos \u012fmon\u0117, turinti 35 met\u0173 patirt\u012f ir eksportuojanti produkcij\u0105 \u012f daugiau nei 50 pasaulio \u0161ali\u0173. \u012emon\u0117 did\u017eiuojasi savo didel\u0117mis gerb\u0117j\u0173 bendruomen\u0117mis kiekvienoje \u0161alyje. Visos \u017ealiavos yra gaunamos i\u0161 Europos ir naudojamos modernioje gamykloje, kurioje puosel\u0117jama meil\u0117 gamtai kiekviename gamybos etape.<\/p>\n<p>Kokyb\u0117s ir etikos standartai<br \/>\nN\u0117ra bandym\u0173 su gyv\u016bnais: Visi gaminiai yra draugi\u0161ki gyv\u016bnams.<br \/>\nBe paraben\u0173 ir sulfat\u0173: Produkcija atitinka auk\u0161\u010diausius kokyb\u0117s ir saugumo standartus.<br \/>\nSertifikuoti produktai: Visi produktai atitinka Europos S\u0105jungos normas ir pasaulinius kokyb\u0117s standartus.<\/p>\n<div class=\"text-tab text-tab-id-10\">\n<p>Siuntas i\u0161siun\u010diame antradieniais ir ketvirtadieniais. Jei d\u0117l koki\u0173 nors prie\u017eas\u010di\u0173 siunta negali b\u016bti i\u0161si\u0173sta \u0161iomis dienomis ir ji yra perkeliama \u012f kit\u0105 dien\u0105, apie tai informuosime jus svetain\u0117je arba el. pa\u0161tu.<\/p>\n<p>\u201eJei turite klausim\u0173, pra\u0161ome susisiekti el. pa\u0161tu info@malinashop.lt arba telefonu +37065444002 darbo dienomis nuo 10:00 iki 16:00 val.\u201c<\/p>\n<\/div>\n<div class=\"text-tab text-tab-id-11\">\n<p>Perkant u\u017e daugiau nei 50\u20ac &#8211; pristatymas nemokamas.<\/p>\n<p>Pristatymas \u012f LPexpress pa\u0161tomat\u0105\u00a0(visoje Lietuvoje, i\u0161skyrus Kur\u0161i\u0173 Nerij\u0105).<\/p>\n<\/div>\n","protected":false},"excerpt":{"rendered":"<p>PETITE MAISON granat\u0173 kvapo k\u016bno dulksna \u2013 tai gaivus ir malonus aromatas, suteikiantis energijos visai dienai. \u0160i k\u016bno dulksna padeda jaustis \u017evaliai&hellip;<\/p>\n","protected":false},"featured_media":17946,"template":"","meta":[],"product_brand":[554],"product_cat":[542,731,562],"product_tag":[1159],"class_list":{"0":"post-20015","1":"product","2":"type-product","3":"status-publish","4":"has-post-thumbnail","6":"product_brand-petite-maison","7":"product_cat-kuno-dulksna-purskikliai","8":"product_cat-kunui","9":"product_cat-sandelio-valymas","10":"product_tag-petite-maison","12":"first","13":"instock","14":"sale","15":"taxable","16":"shipping-taxable","17":"purchasable","18":"product-type-simple"},"yoast_head":"<!-- This site is optimized with the Yoast SEO plugin v27.4 - https:\/\/yoast.com\/product\/yoast-seo-wordpress\/ -->\n<title>PETITE MAISON k\u016bno dulksna (granat\u0173 kvapo), 155ml - MalinaShop.lt J\u016bs\u0173 sveikatai ir gro\u017eiui.<\/title>\n<meta name=\"robots\" content=\"index, follow, max-snippet:-1, max-image-preview:large, max-video-preview:-1\" \/>\n<link rel=\"canonical\" href=\"https:\/\/www.malinashop.lt\/lt_lt\/shop\/petite-maison-kuno-dulksna-granatu-kvapo-155ml\/\" \/>\n<meta property=\"og:locale\" content=\"lt_LT\" \/>\n<meta property=\"og:type\" content=\"article\" \/>\n<meta property=\"og:title\" content=\"PETITE MAISON k\u016bno dulksna (granat\u0173 kvapo), 155ml - MalinaShop.lt J\u016bs\u0173 sveikatai ir gro\u017eiui.\" \/>\n<meta property=\"og:url\" content=\"https:\/\/www.malinashop.lt\/lt_lt\/shop\/petite-maison-kuno-dulksna-granatu-kvapo-155ml\/\" \/>\n<meta property=\"og:site_name\" content=\"MalinaShop.lt J\u016bs\u0173 sveikatai ir gro\u017eiui.\" \/>\n<meta property=\"article:modified_time\" content=\"2026-04-08T07:36:09+00:00\" \/>\n<meta property=\"og:image\" content=\"https:\/\/www.malinashop.lt\/wp-content\/uploads\/2024\/11\/PETITE-MAISON-kuno-dulksna-granatu-kvapo-155ml.jpg\" \/>\n\t<meta property=\"og:image:width\" content=\"800\" \/>\n\t<meta property=\"og:image:height\" content=\"800\" \/>\n\t<meta property=\"og:image:type\" content=\"image\/jpeg\" \/>\n<meta name=\"twitter:card\" content=\"summary_large_image\" \/>\n<script type=\"application\/ld+json\" class=\"yoast-schema-graph\">{\"@context\":\"https:\\\/\\\/schema.org\",\"@graph\":[{\"@type\":\"WebPage\",\"@id\":\"https:\\\/\\\/www.malinashop.lt\\\/lt_lt\\\/shop\\\/petite-maison-kuno-dulksna-granatu-kvapo-155ml\\\/\",\"url\":\"https:\\\/\\\/www.malinashop.lt\\\/lt_lt\\\/shop\\\/petite-maison-kuno-dulksna-granatu-kvapo-155ml\\\/\",\"name\":\"PETITE MAISON k\u016bno dulksna (granat\u0173 kvapo), 155ml - MalinaShop.lt J\u016bs\u0173 sveikatai ir gro\u017eiui.\",\"isPartOf\":{\"@id\":\"https:\\\/\\\/www.malinashop.lt\\\/en\\\/#website\"},\"primaryImageOfPage\":{\"@id\":\"https:\\\/\\\/www.malinashop.lt\\\/lt_lt\\\/shop\\\/petite-maison-kuno-dulksna-granatu-kvapo-155ml\\\/#primaryimage\"},\"image\":{\"@id\":\"https:\\\/\\\/www.malinashop.lt\\\/lt_lt\\\/shop\\\/petite-maison-kuno-dulksna-granatu-kvapo-155ml\\\/#primaryimage\"},\"thumbnailUrl\":\"https:\\\/\\\/www.malinashop.lt\\\/wp-content\\\/uploads\\\/2024\\\/11\\\/PETITE-MAISON-kuno-dulksna-granatu-kvapo-155ml.jpg\",\"datePublished\":\"2024-11-06T12:53:07+00:00\",\"dateModified\":\"2026-04-08T07:36:09+00:00\",\"breadcrumb\":{\"@id\":\"https:\\\/\\\/www.malinashop.lt\\\/lt_lt\\\/shop\\\/petite-maison-kuno-dulksna-granatu-kvapo-155ml\\\/#breadcrumb\"},\"inLanguage\":\"lt-LT\",\"potentialAction\":[{\"@type\":\"ReadAction\",\"target\":[\"https:\\\/\\\/www.malinashop.lt\\\/lt_lt\\\/shop\\\/petite-maison-kuno-dulksna-granatu-kvapo-155ml\\\/\"]}]},{\"@type\":\"ImageObject\",\"inLanguage\":\"lt-LT\",\"@id\":\"https:\\\/\\\/www.malinashop.lt\\\/lt_lt\\\/shop\\\/petite-maison-kuno-dulksna-granatu-kvapo-155ml\\\/#primaryimage\",\"url\":\"https:\\\/\\\/www.malinashop.lt\\\/wp-content\\\/uploads\\\/2024\\\/11\\\/PETITE-MAISON-kuno-dulksna-granatu-kvapo-155ml.jpg\",\"contentUrl\":\"https:\\\/\\\/www.malinashop.lt\\\/wp-content\\\/uploads\\\/2024\\\/11\\\/PETITE-MAISON-kuno-dulksna-granatu-kvapo-155ml.jpg\",\"width\":800,\"height\":800},{\"@type\":\"BreadcrumbList\",\"@id\":\"https:\\\/\\\/www.malinashop.lt\\\/lt_lt\\\/shop\\\/petite-maison-kuno-dulksna-granatu-kvapo-155ml\\\/#breadcrumb\",\"itemListElement\":[{\"@type\":\"ListItem\",\"position\":1,\"name\":\"Home\",\"item\":\"https:\\\/\\\/www.malinashop.lt\\\/en\\\/\"},{\"@type\":\"ListItem\",\"position\":2,\"name\":\"Parduotuv\u0117\",\"item\":\"https:\\\/\\\/www.malinashop.lt\\\/en\\\/parduotuve\\\/\"},{\"@type\":\"ListItem\",\"position\":3,\"name\":\"PETITE MAISON k\u016bno dulksna (granat\u0173 kvapo), 155ml\"}]},{\"@type\":\"WebSite\",\"@id\":\"https:\\\/\\\/www.malinashop.lt\\\/en\\\/#website\",\"url\":\"https:\\\/\\\/www.malinashop.lt\\\/en\\\/\",\"name\":\"COM Group Ecommerce\",\"description\":\"MalinaShop.lt - Gro\u017eio ir sveikatos produktai i\u0161 patikim\u0173 preki\u0173 \u017eenkl\u0173. Atraskite auk\u0161tos kokyb\u0117s kosmetik\u0105 u\u017e puiki\u0105 kain\u0105.\",\"publisher\":{\"@id\":\"https:\\\/\\\/www.malinashop.lt\\\/en\\\/#organization\"},\"potentialAction\":[{\"@type\":\"SearchAction\",\"target\":{\"@type\":\"EntryPoint\",\"urlTemplate\":\"https:\\\/\\\/www.malinashop.lt\\\/en\\\/?s={search_term_string}\"},\"query-input\":{\"@type\":\"PropertyValueSpecification\",\"valueRequired\":true,\"valueName\":\"search_term_string\"}}],\"inLanguage\":\"lt-LT\"},{\"@type\":\"Organization\",\"@id\":\"https:\\\/\\\/www.malinashop.lt\\\/en\\\/#organization\",\"name\":\"COM Group Ecommerce\",\"url\":\"https:\\\/\\\/www.malinashop.lt\\\/en\\\/\",\"logo\":{\"@type\":\"ImageObject\",\"inLanguage\":\"lt-LT\",\"@id\":\"https:\\\/\\\/www.malinashop.lt\\\/en\\\/#\\\/schema\\\/logo\\\/image\\\/\",\"url\":\"https:\\\/\\\/www.malinashop.lt\\\/wp-content\\\/uploads\\\/2024\\\/08\\\/462559670_3787732518133670_9795632669273463_n-e1731525914575.png\",\"contentUrl\":\"https:\\\/\\\/www.malinashop.lt\\\/wp-content\\\/uploads\\\/2024\\\/08\\\/462559670_3787732518133670_9795632669273463_n-e1731525914575.png\",\"width\":180,\"height\":60,\"caption\":\"COM Group Ecommerce\"},\"image\":{\"@id\":\"https:\\\/\\\/www.malinashop.lt\\\/en\\\/#\\\/schema\\\/logo\\\/image\\\/\"}}]}<\/script>\n<!-- \/ Yoast SEO plugin. -->","yoast_head_json":{"title":"PETITE MAISON k\u016bno dulksna (granat\u0173 kvapo), 155ml - MalinaShop.lt J\u016bs\u0173 sveikatai ir gro\u017eiui.","robots":{"index":"index","follow":"follow","max-snippet":"max-snippet:-1","max-image-preview":"max-image-preview:large","max-video-preview":"max-video-preview:-1"},"canonical":"https:\/\/www.malinashop.lt\/lt_lt\/shop\/petite-maison-kuno-dulksna-granatu-kvapo-155ml\/","og_locale":"lt_LT","og_type":"article","og_title":"PETITE MAISON k\u016bno dulksna (granat\u0173 kvapo), 155ml - MalinaShop.lt J\u016bs\u0173 sveikatai ir gro\u017eiui.","og_url":"https:\/\/www.malinashop.lt\/lt_lt\/shop\/petite-maison-kuno-dulksna-granatu-kvapo-155ml\/","og_site_name":"MalinaShop.lt J\u016bs\u0173 sveikatai ir gro\u017eiui.","article_modified_time":"2026-04-08T07:36:09+00:00","og_image":[{"width":800,"height":800,"url":"https:\/\/www.malinashop.lt\/wp-content\/uploads\/2024\/11\/PETITE-MAISON-kuno-dulksna-granatu-kvapo-155ml.jpg","type":"image\/jpeg"}],"twitter_card":"summary_large_image","schema":{"@context":"https:\/\/schema.org","@graph":[{"@type":"WebPage","@id":"https:\/\/www.malinashop.lt\/lt_lt\/shop\/petite-maison-kuno-dulksna-granatu-kvapo-155ml\/","url":"https:\/\/www.malinashop.lt\/lt_lt\/shop\/petite-maison-kuno-dulksna-granatu-kvapo-155ml\/","name":"PETITE MAISON k\u016bno dulksna (granat\u0173 kvapo), 155ml - MalinaShop.lt J\u016bs\u0173 sveikatai ir gro\u017eiui.","isPartOf":{"@id":"https:\/\/www.malinashop.lt\/en\/#website"},"primaryImageOfPage":{"@id":"https:\/\/www.malinashop.lt\/lt_lt\/shop\/petite-maison-kuno-dulksna-granatu-kvapo-155ml\/#primaryimage"},"image":{"@id":"https:\/\/www.malinashop.lt\/lt_lt\/shop\/petite-maison-kuno-dulksna-granatu-kvapo-155ml\/#primaryimage"},"thumbnailUrl":"https:\/\/www.malinashop.lt\/wp-content\/uploads\/2024\/11\/PETITE-MAISON-kuno-dulksna-granatu-kvapo-155ml.jpg","datePublished":"2024-11-06T12:53:07+00:00","dateModified":"2026-04-08T07:36:09+00:00","breadcrumb":{"@id":"https:\/\/www.malinashop.lt\/lt_lt\/shop\/petite-maison-kuno-dulksna-granatu-kvapo-155ml\/#breadcrumb"},"inLanguage":"lt-LT","potentialAction":[{"@type":"ReadAction","target":["https:\/\/www.malinashop.lt\/lt_lt\/shop\/petite-maison-kuno-dulksna-granatu-kvapo-155ml\/"]}]},{"@type":"ImageObject","inLanguage":"lt-LT","@id":"https:\/\/www.malinashop.lt\/lt_lt\/shop\/petite-maison-kuno-dulksna-granatu-kvapo-155ml\/#primaryimage","url":"https:\/\/www.malinashop.lt\/wp-content\/uploads\/2024\/11\/PETITE-MAISON-kuno-dulksna-granatu-kvapo-155ml.jpg","contentUrl":"https:\/\/www.malinashop.lt\/wp-content\/uploads\/2024\/11\/PETITE-MAISON-kuno-dulksna-granatu-kvapo-155ml.jpg","width":800,"height":800},{"@type":"BreadcrumbList","@id":"https:\/\/www.malinashop.lt\/lt_lt\/shop\/petite-maison-kuno-dulksna-granatu-kvapo-155ml\/#breadcrumb","itemListElement":[{"@type":"ListItem","position":1,"name":"Home","item":"https:\/\/www.malinashop.lt\/en\/"},{"@type":"ListItem","position":2,"name":"Parduotuv\u0117","item":"https:\/\/www.malinashop.lt\/en\/parduotuve\/"},{"@type":"ListItem","position":3,"name":"PETITE MAISON k\u016bno dulksna (granat\u0173 kvapo), 155ml"}]},{"@type":"WebSite","@id":"https:\/\/www.malinashop.lt\/en\/#website","url":"https:\/\/www.malinashop.lt\/en\/","name":"COM Group Ecommerce","description":"MalinaShop.lt - Gro\u017eio ir sveikatos produktai i\u0161 patikim\u0173 preki\u0173 \u017eenkl\u0173. Atraskite auk\u0161tos kokyb\u0117s kosmetik\u0105 u\u017e puiki\u0105 kain\u0105.","publisher":{"@id":"https:\/\/www.malinashop.lt\/en\/#organization"},"potentialAction":[{"@type":"SearchAction","target":{"@type":"EntryPoint","urlTemplate":"https:\/\/www.malinashop.lt\/en\/?s={search_term_string}"},"query-input":{"@type":"PropertyValueSpecification","valueRequired":true,"valueName":"search_term_string"}}],"inLanguage":"lt-LT"},{"@type":"Organization","@id":"https:\/\/www.malinashop.lt\/en\/#organization","name":"COM Group Ecommerce","url":"https:\/\/www.malinashop.lt\/en\/","logo":{"@type":"ImageObject","inLanguage":"lt-LT","@id":"https:\/\/www.malinashop.lt\/en\/#\/schema\/logo\/image\/","url":"https:\/\/www.malinashop.lt\/wp-content\/uploads\/2024\/08\/462559670_3787732518133670_9795632669273463_n-e1731525914575.png","contentUrl":"https:\/\/www.malinashop.lt\/wp-content\/uploads\/2024\/08\/462559670_3787732518133670_9795632669273463_n-e1731525914575.png","width":180,"height":60,"caption":"COM Group Ecommerce"},"image":{"@id":"https:\/\/www.malinashop.lt\/en\/#\/schema\/logo\/image\/"}}]}},"jetpack_sharing_enabled":true,"_links":{"self":[{"href":"https:\/\/www.malinashop.lt\/lt_lt\/wp-json\/wp\/v2\/product\/20015","targetHints":{"allow":["GET"]}}],"collection":[{"href":"https:\/\/www.malinashop.lt\/lt_lt\/wp-json\/wp\/v2\/product"}],"about":[{"href":"https:\/\/www.malinashop.lt\/lt_lt\/wp-json\/wp\/v2\/types\/product"}],"version-history":[{"count":2,"href":"https:\/\/www.malinashop.lt\/lt_lt\/wp-json\/wp\/v2\/product\/20015\/revisions"}],"predecessor-version":[{"id":57622,"href":"https:\/\/www.malinashop.lt\/lt_lt\/wp-json\/wp\/v2\/product\/20015\/revisions\/57622"}],"wp:featuredmedia":[{"embeddable":true,"href":"https:\/\/www.malinashop.lt\/lt_lt\/wp-json\/wp\/v2\/media\/17946"}],"wp:attachment":[{"href":"https:\/\/www.malinashop.lt\/lt_lt\/wp-json\/wp\/v2\/media?parent=20015"}],"wp:term":[{"taxonomy":"product_brand","embeddable":true,"href":"https:\/\/www.malinashop.lt\/lt_lt\/wp-json\/wp\/v2\/product_brand?post=20015"},{"taxonomy":"product_cat","embeddable":true,"href":"https:\/\/www.malinashop.lt\/lt_lt\/wp-json\/wp\/v2\/product_cat?post=20015"},{"taxonomy":"product_tag","embeddable":true,"href":"https:\/\/www.malinashop.lt\/lt_lt\/wp-json\/wp\/v2\/product_tag?post=20015"}],"curies":[{"name":"wp","href":"https:\/\/api.w.org\/{rel}","templated":true}]}}