{"id":20003,"date":"2024-11-06T15:53:01","date_gmt":"2024-11-06T12:53:01","guid":{"rendered":"https:\/\/malinashop.lt\/produktas\/petite-maison-eye-roller-gaivinantis-paakiu-volelis-12-ml\/"},"modified":"2026-03-18T12:31:48","modified_gmt":"2026-03-18T09:31:48","slug":"petite-maison-eye-roller-gaivinantis-paakiu-volelis-12-ml","status":"publish","type":"product","link":"https:\/\/www.malinashop.lt\/lt_lt\/shop\/petite-maison-eye-roller-gaivinantis-paakiu-volelis-12-ml\/","title":{"rendered":"PETITE MAISON EYE ROLLER gaivinantis paaki\u0173 volelis, 12 ml"},"content":{"rendered":"<p>PETITE MAISON gaivinantis paaki\u0173 volelis EYE ROLLER yra sukurtas tam, kad j\u016bs\u0173 kasdien\u0117 gro\u017eio prie\u017ei\u016bra b\u016bt\u0173 patogesn\u0117 ir efektyvesn\u0117. \u0160is paaki\u0173 volelis lengvai tepasi, greitai susigeria ir nepalieka lip\u0161numo poj\u016b\u010dio. V\u0117sinantis metalinis rutuliukas atgaivina ir atpalaiduoja aki\u0173 srit\u012f, suteikiant \u0161vie\u017eumo ir komforto poj\u016bt\u012f.<\/p>\n<p>Pagrindin\u0117s savyb\u0117s<br \/>\nV\u0117sinantis efektas: Metalinis rutuliukas suteikia v\u0117sinant\u012f efekt\u0105, kuris atgaivina ir atpalaiduoja aki\u0173 srit\u012f.<br \/>\nPraturtinta formul\u0117: Sud\u0117tyje yra Rumex ekstrakto, argano aliejaus ir migdol\u0173 aliejaus, kurie padeda pa\u0161alinti rauk\u0161les ir suma\u017einti odos atspalvio nelygumus.<br \/>\nLyginantis ir dr\u0117kinantis poveikis: Paaki\u0173 volelis pasi\u017eymi lyginamuoju ir dr\u0117kinamuoju poveikiu, suteikiant odai \u0161velnumo ir elastingumo.<br \/>\nTinka vis\u0173 tip\u0173 odai: D\u0117l savo lengvos tekst\u016bros tinka vis\u0173 tip\u0173 odai, net jautriai.<br \/>\nJaunyst\u0117s ir gro\u017eio palaikymas: Reguliariai naudojant, produktas padeda i\u0161laikyti jaun\u0105 ir gaivi\u0105 aki\u0173 srities i\u0161vaizd\u0105.<br \/>\nNaudojimo instrukcijos<br \/>\nTepti \u0161vari\u0105 aki\u0173 srit\u012f, \u0161velniai spausdami ir masa\u017euodami sukamaisiais judesiais. Norint pasiekti geriausi\u0173 rezultat\u0173, rekomenduojama naudoti reguliariai ryte ir vakare.<\/p>\n<p>Apie PETITE MAISON<br \/>\nPETITE MAISON \u2013 tai \u0161eimos valdoma kosmetikos \u012fmon\u0117, turinti 35 met\u0173 patirt\u012f ir eksportuojanti produkcij\u0105 \u012f daugiau nei 50 pasaulio \u0161ali\u0173. \u012emon\u0117 did\u017eiuojasi savo didel\u0117mis gerb\u0117j\u0173 bendruomen\u0117mis kiekvienoje \u0161alyje. Visos \u017ealiavos yra gaunamos i\u0161 Europos ir naudojamos modernioje gamykloje, kurioje puosel\u0117jama meil\u0117 gamtai kiekviename gamybos etape.<\/p>\n<p>Kokyb\u0117s ir etikos standartai<br \/>\nN\u0117ra bandym\u0173 su gyv\u016bnais: Visi gaminiai yra draugi\u0161ki gyv\u016bnams.<br \/>\nBe paraben\u0173 ir sulfat\u0173: Produkcija atitinka auk\u0161\u010diausius kokyb\u0117s ir saugumo standartus.<br \/>\nSertifikuoti produktai: Visi produktai atitinka Europos S\u0105jungos normas ir pasaulinius kokyb\u0117s standartus.<\/p>\n<div class=\"text-tab text-tab-id-10\">\n<p>Siuntas i\u0161siun\u010diame antradieniais ir ketvirtadieniais. Jei d\u0117l koki\u0173 nors prie\u017eas\u010di\u0173 siunta negali b\u016bti i\u0161si\u0173sta \u0161iomis dienomis ir ji yra perkeliama \u012f kit\u0105 dien\u0105, apie tai informuosime jus svetain\u0117je arba el. pa\u0161tu.<\/p>\n<p>\u201eJei turite klausim\u0173, pra\u0161ome susisiekti el. pa\u0161tu info@malinashop.lt arba telefonu +37065444002 darbo dienomis nuo 10:00 iki 16:00 val.\u201c<\/p>\n<\/div>\n<div class=\"text-tab text-tab-id-11\">\n<p>Perkant u\u017e daugiau nei 50\u20ac &#8211; pristatymas nemokamas.<\/p>\n<p>Pristatymas \u012f LPexpress pa\u0161tomat\u0105\u00a0(visoje Lietuvoje, i\u0161skyrus Kur\u0161i\u0173 Nerij\u0105).<\/p>\n<\/div>\n","protected":false},"excerpt":{"rendered":"<p>PETITE MAISON gaivinantis paaki\u0173 volelis EYE ROLLER yra sukurtas tam, kad j\u016bs\u0173 kasdien\u0117 gro\u017eio prie\u017ei\u016bra b\u016bt\u0173 patogesn\u0117 ir efektyvesn\u0117. \u0160is paaki\u0173 volelis&hellip;<\/p>\n","protected":false},"featured_media":17927,"template":"","meta":[],"product_brand":[554],"product_cat":[549,728],"product_tag":[1159],"class_list":{"0":"post-20003","1":"product","2":"type-product","3":"status-publish","4":"has-post-thumbnail","6":"product_brand-petite-maison","7":"product_cat-paakiu-prieziuros-priemones","8":"product_cat-veidui","9":"product_tag-petite-maison","11":"first","12":"outofstock","13":"sale","14":"taxable","15":"shipping-taxable","16":"purchasable","17":"product-type-simple"},"yoast_head":"<!-- This site is optimized with the Yoast SEO plugin v27.4 - https:\/\/yoast.com\/product\/yoast-seo-wordpress\/ -->\n<title>PETITE MAISON EYE ROLLER gaivinantis paaki\u0173 volelis, 12 ml - MalinaShop.lt J\u016bs\u0173 sveikatai ir gro\u017eiui.<\/title>\n<meta name=\"robots\" content=\"index, follow, max-snippet:-1, max-image-preview:large, max-video-preview:-1\" \/>\n<link rel=\"canonical\" href=\"https:\/\/www.malinashop.lt\/lt_lt\/shop\/petite-maison-eye-roller-gaivinantis-paakiu-volelis-12-ml\/\" \/>\n<meta property=\"og:locale\" content=\"lt_LT\" \/>\n<meta property=\"og:type\" content=\"article\" \/>\n<meta property=\"og:title\" content=\"PETITE MAISON EYE ROLLER gaivinantis paaki\u0173 volelis, 12 ml - MalinaShop.lt J\u016bs\u0173 sveikatai ir gro\u017eiui.\" \/>\n<meta property=\"og:url\" content=\"https:\/\/www.malinashop.lt\/lt_lt\/shop\/petite-maison-eye-roller-gaivinantis-paakiu-volelis-12-ml\/\" \/>\n<meta property=\"og:site_name\" content=\"MalinaShop.lt J\u016bs\u0173 sveikatai ir gro\u017eiui.\" \/>\n<meta property=\"article:modified_time\" content=\"2026-03-18T09:31:48+00:00\" \/>\n<meta property=\"og:image\" content=\"https:\/\/www.malinashop.lt\/wp-content\/uploads\/2024\/11\/PETITE-MAISON-EYE-ROLLER-gaivinantis-paakiu-volelis-12-ml.jpg\" \/>\n\t<meta property=\"og:image:width\" content=\"1000\" \/>\n\t<meta property=\"og:image:height\" content=\"1000\" \/>\n\t<meta property=\"og:image:type\" content=\"image\/jpeg\" \/>\n<meta name=\"twitter:card\" content=\"summary_large_image\" \/>\n<script type=\"application\/ld+json\" class=\"yoast-schema-graph\">{\"@context\":\"https:\\\/\\\/schema.org\",\"@graph\":[{\"@type\":\"WebPage\",\"@id\":\"https:\\\/\\\/www.malinashop.lt\\\/lt_lt\\\/shop\\\/petite-maison-eye-roller-gaivinantis-paakiu-volelis-12-ml\\\/\",\"url\":\"https:\\\/\\\/www.malinashop.lt\\\/lt_lt\\\/shop\\\/petite-maison-eye-roller-gaivinantis-paakiu-volelis-12-ml\\\/\",\"name\":\"PETITE MAISON EYE ROLLER gaivinantis paaki\u0173 volelis, 12 ml - MalinaShop.lt J\u016bs\u0173 sveikatai ir gro\u017eiui.\",\"isPartOf\":{\"@id\":\"https:\\\/\\\/www.malinashop.lt\\\/#website\"},\"primaryImageOfPage\":{\"@id\":\"https:\\\/\\\/www.malinashop.lt\\\/lt_lt\\\/shop\\\/petite-maison-eye-roller-gaivinantis-paakiu-volelis-12-ml\\\/#primaryimage\"},\"image\":{\"@id\":\"https:\\\/\\\/www.malinashop.lt\\\/lt_lt\\\/shop\\\/petite-maison-eye-roller-gaivinantis-paakiu-volelis-12-ml\\\/#primaryimage\"},\"thumbnailUrl\":\"https:\\\/\\\/www.malinashop.lt\\\/wp-content\\\/uploads\\\/2024\\\/11\\\/PETITE-MAISON-EYE-ROLLER-gaivinantis-paakiu-volelis-12-ml.jpg\",\"datePublished\":\"2024-11-06T12:53:01+00:00\",\"dateModified\":\"2026-03-18T09:31:48+00:00\",\"breadcrumb\":{\"@id\":\"https:\\\/\\\/www.malinashop.lt\\\/lt_lt\\\/shop\\\/petite-maison-eye-roller-gaivinantis-paakiu-volelis-12-ml\\\/#breadcrumb\"},\"inLanguage\":\"lt-LT\",\"potentialAction\":[{\"@type\":\"ReadAction\",\"target\":[\"https:\\\/\\\/www.malinashop.lt\\\/lt_lt\\\/shop\\\/petite-maison-eye-roller-gaivinantis-paakiu-volelis-12-ml\\\/\"]}]},{\"@type\":\"ImageObject\",\"inLanguage\":\"lt-LT\",\"@id\":\"https:\\\/\\\/www.malinashop.lt\\\/lt_lt\\\/shop\\\/petite-maison-eye-roller-gaivinantis-paakiu-volelis-12-ml\\\/#primaryimage\",\"url\":\"https:\\\/\\\/www.malinashop.lt\\\/wp-content\\\/uploads\\\/2024\\\/11\\\/PETITE-MAISON-EYE-ROLLER-gaivinantis-paakiu-volelis-12-ml.jpg\",\"contentUrl\":\"https:\\\/\\\/www.malinashop.lt\\\/wp-content\\\/uploads\\\/2024\\\/11\\\/PETITE-MAISON-EYE-ROLLER-gaivinantis-paakiu-volelis-12-ml.jpg\",\"width\":1000,\"height\":1000},{\"@type\":\"BreadcrumbList\",\"@id\":\"https:\\\/\\\/www.malinashop.lt\\\/lt_lt\\\/shop\\\/petite-maison-eye-roller-gaivinantis-paakiu-volelis-12-ml\\\/#breadcrumb\",\"itemListElement\":[{\"@type\":\"ListItem\",\"position\":1,\"name\":\"Pagrindinis\",\"item\":\"https:\\\/\\\/www.malinashop.lt\\\/\"},{\"@type\":\"ListItem\",\"position\":2,\"name\":\"Parduotuv\u0117\",\"item\":\"https:\\\/\\\/www.malinashop.lt\\\/en\\\/parduotuve\\\/\"},{\"@type\":\"ListItem\",\"position\":3,\"name\":\"PETITE MAISON EYE ROLLER gaivinantis paaki\u0173 volelis, 12 ml\"}]},{\"@type\":\"WebSite\",\"@id\":\"https:\\\/\\\/www.malinashop.lt\\\/#website\",\"url\":\"https:\\\/\\\/www.malinashop.lt\\\/\",\"name\":\"COM Group Ecommerce\",\"description\":\"MalinaShop.lt - Gro\u017eio ir sveikatos produktai i\u0161 patikim\u0173 preki\u0173 \u017eenkl\u0173. Atraskite auk\u0161tos kokyb\u0117s kosmetik\u0105 u\u017e puiki\u0105 kain\u0105.\",\"publisher\":{\"@id\":\"https:\\\/\\\/www.malinashop.lt\\\/#organization\"},\"potentialAction\":[{\"@type\":\"SearchAction\",\"target\":{\"@type\":\"EntryPoint\",\"urlTemplate\":\"https:\\\/\\\/www.malinashop.lt\\\/?s={search_term_string}\"},\"query-input\":{\"@type\":\"PropertyValueSpecification\",\"valueRequired\":true,\"valueName\":\"search_term_string\"}}],\"inLanguage\":\"lt-LT\"},{\"@type\":\"Organization\",\"@id\":\"https:\\\/\\\/www.malinashop.lt\\\/#organization\",\"name\":\"COM Group Ecommerce\",\"url\":\"https:\\\/\\\/www.malinashop.lt\\\/\",\"logo\":{\"@type\":\"ImageObject\",\"inLanguage\":\"lt-LT\",\"@id\":\"https:\\\/\\\/www.malinashop.lt\\\/#\\\/schema\\\/logo\\\/image\\\/\",\"url\":\"https:\\\/\\\/www.malinashop.lt\\\/wp-content\\\/uploads\\\/2024\\\/08\\\/462559670_3787732518133670_9795632669273463_n-e1731525914575.png\",\"contentUrl\":\"https:\\\/\\\/www.malinashop.lt\\\/wp-content\\\/uploads\\\/2024\\\/08\\\/462559670_3787732518133670_9795632669273463_n-e1731525914575.png\",\"width\":180,\"height\":60,\"caption\":\"COM Group Ecommerce\"},\"image\":{\"@id\":\"https:\\\/\\\/www.malinashop.lt\\\/#\\\/schema\\\/logo\\\/image\\\/\"}}]}<\/script>\n<!-- \/ Yoast SEO plugin. -->","yoast_head_json":{"title":"PETITE MAISON EYE ROLLER gaivinantis paaki\u0173 volelis, 12 ml - MalinaShop.lt J\u016bs\u0173 sveikatai ir gro\u017eiui.","robots":{"index":"index","follow":"follow","max-snippet":"max-snippet:-1","max-image-preview":"max-image-preview:large","max-video-preview":"max-video-preview:-1"},"canonical":"https:\/\/www.malinashop.lt\/lt_lt\/shop\/petite-maison-eye-roller-gaivinantis-paakiu-volelis-12-ml\/","og_locale":"lt_LT","og_type":"article","og_title":"PETITE MAISON EYE ROLLER gaivinantis paaki\u0173 volelis, 12 ml - MalinaShop.lt J\u016bs\u0173 sveikatai ir gro\u017eiui.","og_url":"https:\/\/www.malinashop.lt\/lt_lt\/shop\/petite-maison-eye-roller-gaivinantis-paakiu-volelis-12-ml\/","og_site_name":"MalinaShop.lt J\u016bs\u0173 sveikatai ir gro\u017eiui.","article_modified_time":"2026-03-18T09:31:48+00:00","og_image":[{"width":1000,"height":1000,"url":"https:\/\/www.malinashop.lt\/wp-content\/uploads\/2024\/11\/PETITE-MAISON-EYE-ROLLER-gaivinantis-paakiu-volelis-12-ml.jpg","type":"image\/jpeg"}],"twitter_card":"summary_large_image","schema":{"@context":"https:\/\/schema.org","@graph":[{"@type":"WebPage","@id":"https:\/\/www.malinashop.lt\/lt_lt\/shop\/petite-maison-eye-roller-gaivinantis-paakiu-volelis-12-ml\/","url":"https:\/\/www.malinashop.lt\/lt_lt\/shop\/petite-maison-eye-roller-gaivinantis-paakiu-volelis-12-ml\/","name":"PETITE MAISON EYE ROLLER gaivinantis paaki\u0173 volelis, 12 ml - MalinaShop.lt J\u016bs\u0173 sveikatai ir gro\u017eiui.","isPartOf":{"@id":"https:\/\/www.malinashop.lt\/#website"},"primaryImageOfPage":{"@id":"https:\/\/www.malinashop.lt\/lt_lt\/shop\/petite-maison-eye-roller-gaivinantis-paakiu-volelis-12-ml\/#primaryimage"},"image":{"@id":"https:\/\/www.malinashop.lt\/lt_lt\/shop\/petite-maison-eye-roller-gaivinantis-paakiu-volelis-12-ml\/#primaryimage"},"thumbnailUrl":"https:\/\/www.malinashop.lt\/wp-content\/uploads\/2024\/11\/PETITE-MAISON-EYE-ROLLER-gaivinantis-paakiu-volelis-12-ml.jpg","datePublished":"2024-11-06T12:53:01+00:00","dateModified":"2026-03-18T09:31:48+00:00","breadcrumb":{"@id":"https:\/\/www.malinashop.lt\/lt_lt\/shop\/petite-maison-eye-roller-gaivinantis-paakiu-volelis-12-ml\/#breadcrumb"},"inLanguage":"lt-LT","potentialAction":[{"@type":"ReadAction","target":["https:\/\/www.malinashop.lt\/lt_lt\/shop\/petite-maison-eye-roller-gaivinantis-paakiu-volelis-12-ml\/"]}]},{"@type":"ImageObject","inLanguage":"lt-LT","@id":"https:\/\/www.malinashop.lt\/lt_lt\/shop\/petite-maison-eye-roller-gaivinantis-paakiu-volelis-12-ml\/#primaryimage","url":"https:\/\/www.malinashop.lt\/wp-content\/uploads\/2024\/11\/PETITE-MAISON-EYE-ROLLER-gaivinantis-paakiu-volelis-12-ml.jpg","contentUrl":"https:\/\/www.malinashop.lt\/wp-content\/uploads\/2024\/11\/PETITE-MAISON-EYE-ROLLER-gaivinantis-paakiu-volelis-12-ml.jpg","width":1000,"height":1000},{"@type":"BreadcrumbList","@id":"https:\/\/www.malinashop.lt\/lt_lt\/shop\/petite-maison-eye-roller-gaivinantis-paakiu-volelis-12-ml\/#breadcrumb","itemListElement":[{"@type":"ListItem","position":1,"name":"Pagrindinis","item":"https:\/\/www.malinashop.lt\/"},{"@type":"ListItem","position":2,"name":"Parduotuv\u0117","item":"https:\/\/www.malinashop.lt\/en\/parduotuve\/"},{"@type":"ListItem","position":3,"name":"PETITE MAISON EYE ROLLER gaivinantis paaki\u0173 volelis, 12 ml"}]},{"@type":"WebSite","@id":"https:\/\/www.malinashop.lt\/#website","url":"https:\/\/www.malinashop.lt\/","name":"COM Group Ecommerce","description":"MalinaShop.lt - Gro\u017eio ir sveikatos produktai i\u0161 patikim\u0173 preki\u0173 \u017eenkl\u0173. Atraskite auk\u0161tos kokyb\u0117s kosmetik\u0105 u\u017e puiki\u0105 kain\u0105.","publisher":{"@id":"https:\/\/www.malinashop.lt\/#organization"},"potentialAction":[{"@type":"SearchAction","target":{"@type":"EntryPoint","urlTemplate":"https:\/\/www.malinashop.lt\/?s={search_term_string}"},"query-input":{"@type":"PropertyValueSpecification","valueRequired":true,"valueName":"search_term_string"}}],"inLanguage":"lt-LT"},{"@type":"Organization","@id":"https:\/\/www.malinashop.lt\/#organization","name":"COM Group Ecommerce","url":"https:\/\/www.malinashop.lt\/","logo":{"@type":"ImageObject","inLanguage":"lt-LT","@id":"https:\/\/www.malinashop.lt\/#\/schema\/logo\/image\/","url":"https:\/\/www.malinashop.lt\/wp-content\/uploads\/2024\/08\/462559670_3787732518133670_9795632669273463_n-e1731525914575.png","contentUrl":"https:\/\/www.malinashop.lt\/wp-content\/uploads\/2024\/08\/462559670_3787732518133670_9795632669273463_n-e1731525914575.png","width":180,"height":60,"caption":"COM Group Ecommerce"},"image":{"@id":"https:\/\/www.malinashop.lt\/#\/schema\/logo\/image\/"}}]}},"jetpack_sharing_enabled":true,"_links":{"self":[{"href":"https:\/\/www.malinashop.lt\/lt_lt\/wp-json\/wp\/v2\/product\/20003","targetHints":{"allow":["GET"]}}],"collection":[{"href":"https:\/\/www.malinashop.lt\/lt_lt\/wp-json\/wp\/v2\/product"}],"about":[{"href":"https:\/\/www.malinashop.lt\/lt_lt\/wp-json\/wp\/v2\/types\/product"}],"version-history":[{"count":1,"href":"https:\/\/www.malinashop.lt\/lt_lt\/wp-json\/wp\/v2\/product\/20003\/revisions"}],"predecessor-version":[{"id":32797,"href":"https:\/\/www.malinashop.lt\/lt_lt\/wp-json\/wp\/v2\/product\/20003\/revisions\/32797"}],"wp:featuredmedia":[{"embeddable":true,"href":"https:\/\/www.malinashop.lt\/lt_lt\/wp-json\/wp\/v2\/media\/17927"}],"wp:attachment":[{"href":"https:\/\/www.malinashop.lt\/lt_lt\/wp-json\/wp\/v2\/media?parent=20003"}],"wp:term":[{"taxonomy":"product_brand","embeddable":true,"href":"https:\/\/www.malinashop.lt\/lt_lt\/wp-json\/wp\/v2\/product_brand?post=20003"},{"taxonomy":"product_cat","embeddable":true,"href":"https:\/\/www.malinashop.lt\/lt_lt\/wp-json\/wp\/v2\/product_cat?post=20003"},{"taxonomy":"product_tag","embeddable":true,"href":"https:\/\/www.malinashop.lt\/lt_lt\/wp-json\/wp\/v2\/product_tag?post=20003"}],"curies":[{"name":"wp","href":"https:\/\/api.w.org\/{rel}","templated":true}]}}