{"id":19995,"date":"2024-11-06T15:53:01","date_gmt":"2024-11-06T12:53:01","guid":{"rendered":"https:\/\/malinashop.lt\/produktas\/petite-maison-hair-removal-cream-koju-ir-kuno-depiliacinis-kremas-100-ml\/"},"modified":"2026-04-08T13:06:12","modified_gmt":"2026-04-08T10:06:12","slug":"petite-maison-hair-removal-cream-koju-ir-kuno-depiliacinis-kremas-100-ml","status":"publish","type":"product","link":"https:\/\/www.malinashop.lt\/lt_lt\/shop\/petite-maison-hair-removal-cream-koju-ir-kuno-depiliacinis-kremas-100-ml\/","title":{"rendered":"PETITE MAISON HAIR REMOVAL CREAM koj\u0173 ir k\u016bno depiliacinis kremas, 100 ml"},"content":{"rendered":"<p>PETITE MAISON koj\u0173 ir k\u016bno depiliacinis kremas HAIR REMOVAL CREAM \u2013 tai produktas, skirtas \u0161velniam ir efektyviam nepageidaujam\u0173 plaukeli\u0173 \u0161alinimui bei odos dr\u0117kinimui. \u0160is kremas praturtintas greipfrut\u0173 ekstraktu, kuris ne tik \u0161viesina od\u0105, bet ir suteikia jai gaiv\u0173 kvap\u0105. Tinka naudoti ant koj\u0173, pa\u017east\u0173 ir bikini srities depiliacijai. Pakuot\u0117je rasite depiliacin\u012f krem\u0105 ir patogi\u0105 mentel\u0119.<\/p>\n<p>Naudojimo rekomendacijos ir atsargumo priemon\u0117s<br \/>\nPo depiliacijos rekomenduojame 24 valandas nenaudoti kvepal\u0173, antiperspirant\u0173 ir vengti tiesiogini\u0173 saul\u0117s spinduli\u0173. Atsargiai: \u0161is produktas sud\u0117tyje turi tioglikoliat\u0173 ir \u0161armo, tod\u0117l b\u016btina vengti patekimo \u012f akis. Jei produktas pateko \u012f akis, nedelsdami gerai praplaukite vandeniu ir kreipkit\u0117s \u012f gydytoj\u0105. Tik i\u0161oriniam naudojimui. Laikyti vaikams nepasiekiamoje vietoje, kambario temperat\u016broje.<\/p>\n<p>Naudojimo instrukcijos<br \/>\nPrie\u0161 naudojim\u0105 atlikite alergijos test\u0105: u\u017etepkite nedidel\u012f kiek\u012f kremo ant ma\u017eo odos ploto. Jei per 24 valandas nepasteb\u0117site paraudimo ar nie\u017e\u0117jimo, galite prad\u0117ti depiliacij\u0105. Mentele tolygiai paskirstykite stor\u0105 kremo sluoksn\u012f ant plaukeli\u0173, kuriuos norite pa\u0161alinti. Netepkite kremo. Palikite 5 minutes. Mentele pa\u0161alinkite krem\u0105 nuo nedidelio odos ploto. Jei plaukeliai lengvai pa\u0161alinami, mentel\u0117s pagalba pa\u0161alinkite visus plaukelius. Jei plaukeliai sunkiai pa\u0161alinami, palikite krem\u0105 dar 2 minutes (iki 7 minu\u010di\u0173). Po to nuplaukite od\u0105 \u0161iltu vandeniu ir \u0161velniai nusausinkite rank\u0161luos\u010diu.<\/p>\n<p>Apie PETITE MAISON<br \/>\nPETITE MAISON \u2013 \u0161eimos valdoma kosmetikos \u012fmon\u0117, turinti 35 met\u0173 patirt\u012f ir eksportuojanti produkcij\u0105 \u012f daugiau nei 50 \u0161ali\u0173 visame pasaulyje. \u012emon\u0117 gali did\u017eiuotis didel\u0117mis gerb\u0117j\u0173 bendruomen\u0117mis kiekvienoje \u0161alyje. Visos \u017ealiavos gaunamos i\u0161 Europos ir naudojamos modernioje gamykloje. PETITE MAISON puosel\u0117ja meil\u0119 gamtai kiekviename gamybos etape ir niekada neatlieka bandym\u0173 su gyv\u016bnais. Produkcija yra be sulfat\u0173, draugi\u0161ka tiek \u017emogui, tiek aplinkai.<\/p>\n<div class=\"text-tab text-tab-id-10\">\n<p>Siuntas i\u0161siun\u010diame antradieniais ir ketvirtadieniais. Jei d\u0117l koki\u0173 nors prie\u017eas\u010di\u0173 siunta negali b\u016bti i\u0161si\u0173sta \u0161iomis dienomis ir ji yra perkeliama \u012f kit\u0105 dien\u0105, apie tai informuosime jus svetain\u0117je arba el. pa\u0161tu.<\/p>\n<p>\u201eJei turite klausim\u0173, pra\u0161ome susisiekti el. pa\u0161tu info@malinashop.lt arba telefonu +37065444002 darbo dienomis nuo 10:00 iki 16:00 val.\u201c<\/p>\n<\/div>\n<div class=\"text-tab text-tab-id-11\">\n<p>Perkant u\u017e daugiau nei 50\u20ac &#8211; pristatymas nemokamas.<\/p>\n<p>Pristatymas \u012f LPexpress pa\u0161tomat\u0105\u00a0(visoje Lietuvoje, i\u0161skyrus Kur\u0161i\u0173 Nerij\u0105).<\/p>\n<\/div>\n","protected":false},"excerpt":{"rendered":"<p>PETITE MAISON koj\u0173 ir k\u016bno depiliacinis kremas HAIR REMOVAL CREAM \u2013 tai produktas, skirtas \u0161velniam ir efektyviam nepageidaujam\u0173 plaukeli\u0173 \u0161alinimui bei odos&hellip;<\/p>\n","protected":false},"featured_media":17944,"template":"","meta":[],"product_brand":[554],"product_cat":[538,731,562],"product_tag":[1159],"class_list":{"0":"post-19995","1":"product","2":"type-product","3":"status-publish","4":"has-post-thumbnail","6":"product_brand-petite-maison","7":"product_cat-kuno-prausikliai-duso-geliai","8":"product_cat-kunui","9":"product_cat-sandelio-valymas","10":"product_tag-petite-maison","12":"first","13":"instock","14":"sale","15":"taxable","16":"shipping-taxable","17":"purchasable","18":"product-type-simple"},"yoast_head":"<!-- This site is optimized with the Yoast SEO plugin v27.3 - https:\/\/yoast.com\/product\/yoast-seo-wordpress\/ -->\n<title>PETITE MAISON HAIR REMOVAL CREAM koj\u0173 ir k\u016bno depiliacinis kremas, 100 ml - MalinaShop.lt J\u016bs\u0173 sveikatai ir gro\u017eiui.<\/title>\n<meta name=\"robots\" content=\"index, follow, max-snippet:-1, max-image-preview:large, max-video-preview:-1\" \/>\n<link rel=\"canonical\" href=\"https:\/\/www.malinashop.lt\/lt_lt\/shop\/petite-maison-hair-removal-cream-koju-ir-kuno-depiliacinis-kremas-100-ml\/\" \/>\n<meta property=\"og:locale\" content=\"lt_LT\" \/>\n<meta property=\"og:type\" content=\"article\" \/>\n<meta property=\"og:title\" content=\"PETITE MAISON HAIR REMOVAL CREAM koj\u0173 ir k\u016bno depiliacinis kremas, 100 ml - MalinaShop.lt J\u016bs\u0173 sveikatai ir gro\u017eiui.\" \/>\n<meta property=\"og:url\" content=\"https:\/\/www.malinashop.lt\/lt_lt\/shop\/petite-maison-hair-removal-cream-koju-ir-kuno-depiliacinis-kremas-100-ml\/\" \/>\n<meta property=\"og:site_name\" content=\"MalinaShop.lt J\u016bs\u0173 sveikatai ir gro\u017eiui.\" \/>\n<meta property=\"article:modified_time\" content=\"2026-04-08T10:06:12+00:00\" \/>\n<meta property=\"og:image\" content=\"https:\/\/www.malinashop.lt\/wp-content\/uploads\/2024\/11\/PETITE-MAISON-HAIR-REMOVAL-CREAM-koju-ir-kuno-depiliacinis-kremas-100-ml.jpg\" \/>\n\t<meta property=\"og:image:width\" content=\"1000\" \/>\n\t<meta property=\"og:image:height\" content=\"1000\" \/>\n\t<meta property=\"og:image:type\" content=\"image\/jpeg\" \/>\n<meta name=\"twitter:card\" content=\"summary_large_image\" \/>\n<script type=\"application\/ld+json\" class=\"yoast-schema-graph\">{\"@context\":\"https:\\\/\\\/schema.org\",\"@graph\":[{\"@type\":\"WebPage\",\"@id\":\"https:\\\/\\\/www.malinashop.lt\\\/lt_lt\\\/shop\\\/petite-maison-hair-removal-cream-koju-ir-kuno-depiliacinis-kremas-100-ml\\\/\",\"url\":\"https:\\\/\\\/www.malinashop.lt\\\/lt_lt\\\/shop\\\/petite-maison-hair-removal-cream-koju-ir-kuno-depiliacinis-kremas-100-ml\\\/\",\"name\":\"PETITE MAISON HAIR REMOVAL CREAM koj\u0173 ir k\u016bno depiliacinis kremas, 100 ml - MalinaShop.lt J\u016bs\u0173 sveikatai ir gro\u017eiui.\",\"isPartOf\":{\"@id\":\"https:\\\/\\\/www.malinashop.lt\\\/en\\\/#website\"},\"primaryImageOfPage\":{\"@id\":\"https:\\\/\\\/www.malinashop.lt\\\/lt_lt\\\/shop\\\/petite-maison-hair-removal-cream-koju-ir-kuno-depiliacinis-kremas-100-ml\\\/#primaryimage\"},\"image\":{\"@id\":\"https:\\\/\\\/www.malinashop.lt\\\/lt_lt\\\/shop\\\/petite-maison-hair-removal-cream-koju-ir-kuno-depiliacinis-kremas-100-ml\\\/#primaryimage\"},\"thumbnailUrl\":\"https:\\\/\\\/www.malinashop.lt\\\/wp-content\\\/uploads\\\/2024\\\/11\\\/PETITE-MAISON-HAIR-REMOVAL-CREAM-koju-ir-kuno-depiliacinis-kremas-100-ml.jpg\",\"datePublished\":\"2024-11-06T12:53:01+00:00\",\"dateModified\":\"2026-04-08T10:06:12+00:00\",\"breadcrumb\":{\"@id\":\"https:\\\/\\\/www.malinashop.lt\\\/lt_lt\\\/shop\\\/petite-maison-hair-removal-cream-koju-ir-kuno-depiliacinis-kremas-100-ml\\\/#breadcrumb\"},\"inLanguage\":\"lt-LT\",\"potentialAction\":[{\"@type\":\"ReadAction\",\"target\":[\"https:\\\/\\\/www.malinashop.lt\\\/lt_lt\\\/shop\\\/petite-maison-hair-removal-cream-koju-ir-kuno-depiliacinis-kremas-100-ml\\\/\"]}]},{\"@type\":\"ImageObject\",\"inLanguage\":\"lt-LT\",\"@id\":\"https:\\\/\\\/www.malinashop.lt\\\/lt_lt\\\/shop\\\/petite-maison-hair-removal-cream-koju-ir-kuno-depiliacinis-kremas-100-ml\\\/#primaryimage\",\"url\":\"https:\\\/\\\/www.malinashop.lt\\\/wp-content\\\/uploads\\\/2024\\\/11\\\/PETITE-MAISON-HAIR-REMOVAL-CREAM-koju-ir-kuno-depiliacinis-kremas-100-ml.jpg\",\"contentUrl\":\"https:\\\/\\\/www.malinashop.lt\\\/wp-content\\\/uploads\\\/2024\\\/11\\\/PETITE-MAISON-HAIR-REMOVAL-CREAM-koju-ir-kuno-depiliacinis-kremas-100-ml.jpg\",\"width\":1000,\"height\":1000},{\"@type\":\"BreadcrumbList\",\"@id\":\"https:\\\/\\\/www.malinashop.lt\\\/lt_lt\\\/shop\\\/petite-maison-hair-removal-cream-koju-ir-kuno-depiliacinis-kremas-100-ml\\\/#breadcrumb\",\"itemListElement\":[{\"@type\":\"ListItem\",\"position\":1,\"name\":\"Home\",\"item\":\"https:\\\/\\\/www.malinashop.lt\\\/en\\\/\"},{\"@type\":\"ListItem\",\"position\":2,\"name\":\"Parduotuv\u0117\",\"item\":\"https:\\\/\\\/www.malinashop.lt\\\/en\\\/parduotuve\\\/\"},{\"@type\":\"ListItem\",\"position\":3,\"name\":\"PETITE MAISON HAIR REMOVAL CREAM koj\u0173 ir k\u016bno depiliacinis kremas, 100 ml\"}]},{\"@type\":\"WebSite\",\"@id\":\"https:\\\/\\\/www.malinashop.lt\\\/en\\\/#website\",\"url\":\"https:\\\/\\\/www.malinashop.lt\\\/en\\\/\",\"name\":\"COM Group Ecommerce\",\"description\":\"MalinaShop.lt - Gro\u017eio ir sveikatos produktai i\u0161 patikim\u0173 preki\u0173 \u017eenkl\u0173. Atraskite auk\u0161tos kokyb\u0117s kosmetik\u0105 u\u017e puiki\u0105 kain\u0105.\",\"publisher\":{\"@id\":\"https:\\\/\\\/www.malinashop.lt\\\/en\\\/#organization\"},\"potentialAction\":[{\"@type\":\"SearchAction\",\"target\":{\"@type\":\"EntryPoint\",\"urlTemplate\":\"https:\\\/\\\/www.malinashop.lt\\\/en\\\/?s={search_term_string}\"},\"query-input\":{\"@type\":\"PropertyValueSpecification\",\"valueRequired\":true,\"valueName\":\"search_term_string\"}}],\"inLanguage\":\"lt-LT\"},{\"@type\":\"Organization\",\"@id\":\"https:\\\/\\\/www.malinashop.lt\\\/en\\\/#organization\",\"name\":\"COM Group Ecommerce\",\"url\":\"https:\\\/\\\/www.malinashop.lt\\\/en\\\/\",\"logo\":{\"@type\":\"ImageObject\",\"inLanguage\":\"lt-LT\",\"@id\":\"https:\\\/\\\/www.malinashop.lt\\\/en\\\/#\\\/schema\\\/logo\\\/image\\\/\",\"url\":\"https:\\\/\\\/www.malinashop.lt\\\/wp-content\\\/uploads\\\/2024\\\/08\\\/462559670_3787732518133670_9795632669273463_n-e1731525914575.png\",\"contentUrl\":\"https:\\\/\\\/www.malinashop.lt\\\/wp-content\\\/uploads\\\/2024\\\/08\\\/462559670_3787732518133670_9795632669273463_n-e1731525914575.png\",\"width\":180,\"height\":60,\"caption\":\"COM Group Ecommerce\"},\"image\":{\"@id\":\"https:\\\/\\\/www.malinashop.lt\\\/en\\\/#\\\/schema\\\/logo\\\/image\\\/\"}}]}<\/script>\n<!-- \/ Yoast SEO plugin. -->","yoast_head_json":{"title":"PETITE MAISON HAIR REMOVAL CREAM koj\u0173 ir k\u016bno depiliacinis kremas, 100 ml - MalinaShop.lt J\u016bs\u0173 sveikatai ir gro\u017eiui.","robots":{"index":"index","follow":"follow","max-snippet":"max-snippet:-1","max-image-preview":"max-image-preview:large","max-video-preview":"max-video-preview:-1"},"canonical":"https:\/\/www.malinashop.lt\/lt_lt\/shop\/petite-maison-hair-removal-cream-koju-ir-kuno-depiliacinis-kremas-100-ml\/","og_locale":"lt_LT","og_type":"article","og_title":"PETITE MAISON HAIR REMOVAL CREAM koj\u0173 ir k\u016bno depiliacinis kremas, 100 ml - MalinaShop.lt J\u016bs\u0173 sveikatai ir gro\u017eiui.","og_url":"https:\/\/www.malinashop.lt\/lt_lt\/shop\/petite-maison-hair-removal-cream-koju-ir-kuno-depiliacinis-kremas-100-ml\/","og_site_name":"MalinaShop.lt J\u016bs\u0173 sveikatai ir gro\u017eiui.","article_modified_time":"2026-04-08T10:06:12+00:00","og_image":[{"width":1000,"height":1000,"url":"https:\/\/www.malinashop.lt\/wp-content\/uploads\/2024\/11\/PETITE-MAISON-HAIR-REMOVAL-CREAM-koju-ir-kuno-depiliacinis-kremas-100-ml.jpg","type":"image\/jpeg"}],"twitter_card":"summary_large_image","schema":{"@context":"https:\/\/schema.org","@graph":[{"@type":"WebPage","@id":"https:\/\/www.malinashop.lt\/lt_lt\/shop\/petite-maison-hair-removal-cream-koju-ir-kuno-depiliacinis-kremas-100-ml\/","url":"https:\/\/www.malinashop.lt\/lt_lt\/shop\/petite-maison-hair-removal-cream-koju-ir-kuno-depiliacinis-kremas-100-ml\/","name":"PETITE MAISON HAIR REMOVAL CREAM koj\u0173 ir k\u016bno depiliacinis kremas, 100 ml - MalinaShop.lt J\u016bs\u0173 sveikatai ir gro\u017eiui.","isPartOf":{"@id":"https:\/\/www.malinashop.lt\/en\/#website"},"primaryImageOfPage":{"@id":"https:\/\/www.malinashop.lt\/lt_lt\/shop\/petite-maison-hair-removal-cream-koju-ir-kuno-depiliacinis-kremas-100-ml\/#primaryimage"},"image":{"@id":"https:\/\/www.malinashop.lt\/lt_lt\/shop\/petite-maison-hair-removal-cream-koju-ir-kuno-depiliacinis-kremas-100-ml\/#primaryimage"},"thumbnailUrl":"https:\/\/www.malinashop.lt\/wp-content\/uploads\/2024\/11\/PETITE-MAISON-HAIR-REMOVAL-CREAM-koju-ir-kuno-depiliacinis-kremas-100-ml.jpg","datePublished":"2024-11-06T12:53:01+00:00","dateModified":"2026-04-08T10:06:12+00:00","breadcrumb":{"@id":"https:\/\/www.malinashop.lt\/lt_lt\/shop\/petite-maison-hair-removal-cream-koju-ir-kuno-depiliacinis-kremas-100-ml\/#breadcrumb"},"inLanguage":"lt-LT","potentialAction":[{"@type":"ReadAction","target":["https:\/\/www.malinashop.lt\/lt_lt\/shop\/petite-maison-hair-removal-cream-koju-ir-kuno-depiliacinis-kremas-100-ml\/"]}]},{"@type":"ImageObject","inLanguage":"lt-LT","@id":"https:\/\/www.malinashop.lt\/lt_lt\/shop\/petite-maison-hair-removal-cream-koju-ir-kuno-depiliacinis-kremas-100-ml\/#primaryimage","url":"https:\/\/www.malinashop.lt\/wp-content\/uploads\/2024\/11\/PETITE-MAISON-HAIR-REMOVAL-CREAM-koju-ir-kuno-depiliacinis-kremas-100-ml.jpg","contentUrl":"https:\/\/www.malinashop.lt\/wp-content\/uploads\/2024\/11\/PETITE-MAISON-HAIR-REMOVAL-CREAM-koju-ir-kuno-depiliacinis-kremas-100-ml.jpg","width":1000,"height":1000},{"@type":"BreadcrumbList","@id":"https:\/\/www.malinashop.lt\/lt_lt\/shop\/petite-maison-hair-removal-cream-koju-ir-kuno-depiliacinis-kremas-100-ml\/#breadcrumb","itemListElement":[{"@type":"ListItem","position":1,"name":"Home","item":"https:\/\/www.malinashop.lt\/en\/"},{"@type":"ListItem","position":2,"name":"Parduotuv\u0117","item":"https:\/\/www.malinashop.lt\/en\/parduotuve\/"},{"@type":"ListItem","position":3,"name":"PETITE MAISON HAIR REMOVAL CREAM koj\u0173 ir k\u016bno depiliacinis kremas, 100 ml"}]},{"@type":"WebSite","@id":"https:\/\/www.malinashop.lt\/en\/#website","url":"https:\/\/www.malinashop.lt\/en\/","name":"COM Group Ecommerce","description":"MalinaShop.lt - Gro\u017eio ir sveikatos produktai i\u0161 patikim\u0173 preki\u0173 \u017eenkl\u0173. Atraskite auk\u0161tos kokyb\u0117s kosmetik\u0105 u\u017e puiki\u0105 kain\u0105.","publisher":{"@id":"https:\/\/www.malinashop.lt\/en\/#organization"},"potentialAction":[{"@type":"SearchAction","target":{"@type":"EntryPoint","urlTemplate":"https:\/\/www.malinashop.lt\/en\/?s={search_term_string}"},"query-input":{"@type":"PropertyValueSpecification","valueRequired":true,"valueName":"search_term_string"}}],"inLanguage":"lt-LT"},{"@type":"Organization","@id":"https:\/\/www.malinashop.lt\/en\/#organization","name":"COM Group Ecommerce","url":"https:\/\/www.malinashop.lt\/en\/","logo":{"@type":"ImageObject","inLanguage":"lt-LT","@id":"https:\/\/www.malinashop.lt\/en\/#\/schema\/logo\/image\/","url":"https:\/\/www.malinashop.lt\/wp-content\/uploads\/2024\/08\/462559670_3787732518133670_9795632669273463_n-e1731525914575.png","contentUrl":"https:\/\/www.malinashop.lt\/wp-content\/uploads\/2024\/08\/462559670_3787732518133670_9795632669273463_n-e1731525914575.png","width":180,"height":60,"caption":"COM Group Ecommerce"},"image":{"@id":"https:\/\/www.malinashop.lt\/en\/#\/schema\/logo\/image\/"}}]}},"jetpack_sharing_enabled":true,"_links":{"self":[{"href":"https:\/\/www.malinashop.lt\/lt_lt\/wp-json\/wp\/v2\/product\/19995","targetHints":{"allow":["GET"]}}],"collection":[{"href":"https:\/\/www.malinashop.lt\/lt_lt\/wp-json\/wp\/v2\/product"}],"about":[{"href":"https:\/\/www.malinashop.lt\/lt_lt\/wp-json\/wp\/v2\/types\/product"}],"version-history":[{"count":1,"href":"https:\/\/www.malinashop.lt\/lt_lt\/wp-json\/wp\/v2\/product\/19995\/revisions"}],"predecessor-version":[{"id":32804,"href":"https:\/\/www.malinashop.lt\/lt_lt\/wp-json\/wp\/v2\/product\/19995\/revisions\/32804"}],"wp:featuredmedia":[{"embeddable":true,"href":"https:\/\/www.malinashop.lt\/lt_lt\/wp-json\/wp\/v2\/media\/17944"}],"wp:attachment":[{"href":"https:\/\/www.malinashop.lt\/lt_lt\/wp-json\/wp\/v2\/media?parent=19995"}],"wp:term":[{"taxonomy":"product_brand","embeddable":true,"href":"https:\/\/www.malinashop.lt\/lt_lt\/wp-json\/wp\/v2\/product_brand?post=19995"},{"taxonomy":"product_cat","embeddable":true,"href":"https:\/\/www.malinashop.lt\/lt_lt\/wp-json\/wp\/v2\/product_cat?post=19995"},{"taxonomy":"product_tag","embeddable":true,"href":"https:\/\/www.malinashop.lt\/lt_lt\/wp-json\/wp\/v2\/product_tag?post=19995"}],"curies":[{"name":"wp","href":"https:\/\/api.w.org\/{rel}","templated":true}]}}