{"id":19993,"date":"2024-11-06T15:53:01","date_gmt":"2024-11-06T12:53:01","guid":{"rendered":"https:\/\/malinashop.lt\/produktas\/petite-maison-hair-mask-colour-protection-plauku-spalva-apsauganti-kauke-20-ml\/"},"modified":"2026-03-18T12:31:46","modified_gmt":"2026-03-18T09:31:46","slug":"petite-maison-hair-mask-colour-protection-plauku-spalva-apsauganti-kauke-20-ml","status":"publish","type":"product","link":"https:\/\/www.malinashop.lt\/lt_lt\/shop\/petite-maison-hair-mask-colour-protection-plauku-spalva-apsauganti-kauke-20-ml\/","title":{"rendered":"PETITE MAISON HAIR MASK COLOUR PROTECTION plauk\u0173 spalv\u0105 apsauganti kauk\u0117, 20 ml"},"content":{"rendered":"<p>PETITE MAISON &#8222;Hair Mask Colour Protection&#8221; yra specialiai sukurta kauk\u0117, skirta da\u017eytiems, chemi\u0161kai apdorotiems ir pa\u017eeistiems plaukams. Ji padeda i\u0161laikyti ry\u0161ki\u0105 plauk\u0173 spalv\u0105, suteikia papildomo blizgesio ir lengvina plauk\u0173 i\u0161\u0161ukavim\u0105 bei j\u0173 nepasunkina. D\u0117l speciali\u0173j\u0173 komponent\u0173, \u0161i kauk\u0117 yra puikus pasirinkimas, norint palaikyti sveikus ir spindin\u010dius plaukus.<\/p>\n<p>Naudojimas:<\/p>\n<p>\u017dingsnis: Tepkite kauk\u0119 ant dr\u0117gn\u0173, i\u0161plaut\u0173 plauk\u0173.<br \/>\n\u017dingsnis: Palaikykite kauk\u0119 ant plauk\u0173 3-4 minutes.<br \/>\n\u017dingsnis: Kruop\u0161\u010diai nuplaukite \u0161iltu vandeniu.<br \/>\nDa\u017enis: Naudojimo da\u017enumas &#8211; 1-2 kartus per savait\u0119, priklausomai nuo plauk\u0173 b\u016bkl\u0117s.<\/p>\n<p>\u012esp\u0117jimai:<\/p>\n<p>Kauk\u0117 skirta tik i\u0161oriniam naudojimui.<br \/>\nVengti patekimo \u012f akis. Jei kauk\u0117 pateks \u012f akis, nedelsiant nuplauti dideliu kiekiu vandens.<br \/>\nLaikyti kambario temperat\u016broje.<br \/>\nSaugoti nuo vaik\u0173.<\/p>\n<p>Petite Maison yra \u0161eimai priklausanti kosmetikos \u012fmon\u0117 su 35 met\u0173 patirtimi. J\u0173 produktai, pagaminti i\u0161 auk\u0161tos kokyb\u0117s Europos \u017ealiav\u0173, eksportuojami \u012f daugiau nei 50 pasaulio \u0161ali\u0173. \u012emon\u0117s gamykla moderni, o produkt\u0173 gamyboje vadovaujamasi meile gamtai. Visi gaminiai yra draugi\u0161ki aplinkai, netestuoti su gyv\u016bnais ir yra be paraben\u0173 bei sulfat\u0173. Produktai atitinka ES normas ir pasaulinius kokyb\u0117s standartus, k\u0105 patvirtina atitinkami sertifikatai.<\/p>\n<p>PETITE MAISON \u2013 tai kokyb\u0117s ir meil\u0117s gamtai derinys, u\u017etikrinantis puik\u0173 kokyb\u0117s ir kainos santyk\u012f, bei orientuotas \u012f klient\u0173 poreikius ir pasitenkinim\u0105.<\/p>\n<div class=\"text-tab text-tab-id-10\">\n<p>Siuntas i\u0161siun\u010diame antradieniais ir ketvirtadieniais. Jei d\u0117l koki\u0173 nors prie\u017eas\u010di\u0173 siunta negali b\u016bti i\u0161si\u0173sta \u0161iomis dienomis ir ji yra perkeliama \u012f kit\u0105 dien\u0105, apie tai informuosime jus svetain\u0117je arba el. pa\u0161tu.<\/p>\n<p>\u201eJei turite klausim\u0173, pra\u0161ome susisiekti el. pa\u0161tu info@malinashop.lt arba telefonu +37065444002 darbo dienomis nuo 10:00 iki 16:00 val.\u201c<\/p>\n<\/div>\n<div class=\"text-tab text-tab-id-11\">\n<p>Perkant u\u017e daugiau nei 50\u20ac &#8211; pristatymas nemokamas.<\/p>\n<p>Pristatymas \u012f LPexpress pa\u0161tomat\u0105\u00a0(visoje Lietuvoje, i\u0161skyrus Kur\u0161i\u0173 Nerij\u0105).<\/p>\n<\/div>\n","protected":false},"excerpt":{"rendered":"<p>PETITE MAISON &#8222;Hair Mask Colour Protection&#8221; yra specialiai sukurta kauk\u0117, skirta da\u017eytiems, chemi\u0161kai apdorotiems ir pa\u017eeistiems plaukams. Ji padeda i\u0161laikyti ry\u0161ki\u0105 plauk\u0173&hellip;<\/p>\n","protected":false},"featured_media":17943,"template":"","meta":[],"product_brand":[554],"product_cat":[517],"product_tag":[1159],"class_list":{"0":"post-19993","1":"product","2":"type-product","3":"status-publish","4":"has-post-thumbnail","6":"product_brand-petite-maison","7":"product_cat-plauku-kaukes-ir-kremai-ampules","8":"product_tag-petite-maison","10":"first","11":"outofstock","12":"sale","13":"taxable","14":"shipping-taxable","15":"purchasable","16":"product-type-simple"},"yoast_head":"<!-- This site is optimized with the Yoast SEO plugin v27.4 - https:\/\/yoast.com\/product\/yoast-seo-wordpress\/ -->\n<title>PETITE MAISON HAIR MASK COLOUR PROTECTION plauk\u0173 spalv\u0105 apsauganti kauk\u0117, 20 ml - MalinaShop.lt J\u016bs\u0173 sveikatai ir gro\u017eiui.<\/title>\n<meta name=\"robots\" content=\"index, follow, max-snippet:-1, max-image-preview:large, max-video-preview:-1\" \/>\n<link rel=\"canonical\" href=\"https:\/\/www.malinashop.lt\/lt_lt\/shop\/petite-maison-hair-mask-colour-protection-plauku-spalva-apsauganti-kauke-20-ml\/\" \/>\n<meta property=\"og:locale\" content=\"lt_LT\" \/>\n<meta property=\"og:type\" content=\"article\" \/>\n<meta property=\"og:title\" content=\"PETITE MAISON HAIR MASK COLOUR PROTECTION plauk\u0173 spalv\u0105 apsauganti kauk\u0117, 20 ml - MalinaShop.lt J\u016bs\u0173 sveikatai ir gro\u017eiui.\" \/>\n<meta property=\"og:url\" content=\"https:\/\/www.malinashop.lt\/lt_lt\/shop\/petite-maison-hair-mask-colour-protection-plauku-spalva-apsauganti-kauke-20-ml\/\" \/>\n<meta property=\"og:site_name\" content=\"MalinaShop.lt J\u016bs\u0173 sveikatai ir gro\u017eiui.\" \/>\n<meta property=\"article:modified_time\" content=\"2026-03-18T09:31:46+00:00\" \/>\n<meta property=\"og:image\" content=\"https:\/\/www.malinashop.lt\/wp-content\/uploads\/2024\/11\/PETITE-MAISON-HAIR-MASK-COLOUR-PROTECTION-plauku-spalva-apsauganti-kauke-20-ml.webp\" \/>\n\t<meta property=\"og:image:width\" content=\"600\" \/>\n\t<meta property=\"og:image:height\" content=\"600\" \/>\n\t<meta property=\"og:image:type\" content=\"image\/webp\" \/>\n<meta name=\"twitter:card\" content=\"summary_large_image\" \/>\n<script type=\"application\/ld+json\" class=\"yoast-schema-graph\">{\"@context\":\"https:\\\/\\\/schema.org\",\"@graph\":[{\"@type\":\"WebPage\",\"@id\":\"https:\\\/\\\/www.malinashop.lt\\\/lt_lt\\\/shop\\\/petite-maison-hair-mask-colour-protection-plauku-spalva-apsauganti-kauke-20-ml\\\/\",\"url\":\"https:\\\/\\\/www.malinashop.lt\\\/lt_lt\\\/shop\\\/petite-maison-hair-mask-colour-protection-plauku-spalva-apsauganti-kauke-20-ml\\\/\",\"name\":\"PETITE MAISON HAIR MASK COLOUR PROTECTION plauk\u0173 spalv\u0105 apsauganti kauk\u0117, 20 ml - MalinaShop.lt J\u016bs\u0173 sveikatai ir gro\u017eiui.\",\"isPartOf\":{\"@id\":\"https:\\\/\\\/www.malinashop.lt\\\/#website\"},\"primaryImageOfPage\":{\"@id\":\"https:\\\/\\\/www.malinashop.lt\\\/lt_lt\\\/shop\\\/petite-maison-hair-mask-colour-protection-plauku-spalva-apsauganti-kauke-20-ml\\\/#primaryimage\"},\"image\":{\"@id\":\"https:\\\/\\\/www.malinashop.lt\\\/lt_lt\\\/shop\\\/petite-maison-hair-mask-colour-protection-plauku-spalva-apsauganti-kauke-20-ml\\\/#primaryimage\"},\"thumbnailUrl\":\"https:\\\/\\\/www.malinashop.lt\\\/wp-content\\\/uploads\\\/2024\\\/11\\\/PETITE-MAISON-HAIR-MASK-COLOUR-PROTECTION-plauku-spalva-apsauganti-kauke-20-ml.webp\",\"datePublished\":\"2024-11-06T12:53:01+00:00\",\"dateModified\":\"2026-03-18T09:31:46+00:00\",\"breadcrumb\":{\"@id\":\"https:\\\/\\\/www.malinashop.lt\\\/lt_lt\\\/shop\\\/petite-maison-hair-mask-colour-protection-plauku-spalva-apsauganti-kauke-20-ml\\\/#breadcrumb\"},\"inLanguage\":\"lt-LT\",\"potentialAction\":[{\"@type\":\"ReadAction\",\"target\":[\"https:\\\/\\\/www.malinashop.lt\\\/lt_lt\\\/shop\\\/petite-maison-hair-mask-colour-protection-plauku-spalva-apsauganti-kauke-20-ml\\\/\"]}]},{\"@type\":\"ImageObject\",\"inLanguage\":\"lt-LT\",\"@id\":\"https:\\\/\\\/www.malinashop.lt\\\/lt_lt\\\/shop\\\/petite-maison-hair-mask-colour-protection-plauku-spalva-apsauganti-kauke-20-ml\\\/#primaryimage\",\"url\":\"https:\\\/\\\/www.malinashop.lt\\\/wp-content\\\/uploads\\\/2024\\\/11\\\/PETITE-MAISON-HAIR-MASK-COLOUR-PROTECTION-plauku-spalva-apsauganti-kauke-20-ml.webp\",\"contentUrl\":\"https:\\\/\\\/www.malinashop.lt\\\/wp-content\\\/uploads\\\/2024\\\/11\\\/PETITE-MAISON-HAIR-MASK-COLOUR-PROTECTION-plauku-spalva-apsauganti-kauke-20-ml.webp\",\"width\":600,\"height\":600},{\"@type\":\"BreadcrumbList\",\"@id\":\"https:\\\/\\\/www.malinashop.lt\\\/lt_lt\\\/shop\\\/petite-maison-hair-mask-colour-protection-plauku-spalva-apsauganti-kauke-20-ml\\\/#breadcrumb\",\"itemListElement\":[{\"@type\":\"ListItem\",\"position\":1,\"name\":\"Pagrindinis\",\"item\":\"https:\\\/\\\/www.malinashop.lt\\\/\"},{\"@type\":\"ListItem\",\"position\":2,\"name\":\"Parduotuv\u0117\",\"item\":\"https:\\\/\\\/www.malinashop.lt\\\/en\\\/parduotuve\\\/\"},{\"@type\":\"ListItem\",\"position\":3,\"name\":\"PETITE MAISON HAIR MASK COLOUR PROTECTION plauk\u0173 spalv\u0105 apsauganti kauk\u0117, 20 ml\"}]},{\"@type\":\"WebSite\",\"@id\":\"https:\\\/\\\/www.malinashop.lt\\\/#website\",\"url\":\"https:\\\/\\\/www.malinashop.lt\\\/\",\"name\":\"COM Group Ecommerce\",\"description\":\"MalinaShop.lt - Gro\u017eio ir sveikatos produktai i\u0161 patikim\u0173 preki\u0173 \u017eenkl\u0173. Atraskite auk\u0161tos kokyb\u0117s kosmetik\u0105 u\u017e puiki\u0105 kain\u0105.\",\"publisher\":{\"@id\":\"https:\\\/\\\/www.malinashop.lt\\\/#organization\"},\"potentialAction\":[{\"@type\":\"SearchAction\",\"target\":{\"@type\":\"EntryPoint\",\"urlTemplate\":\"https:\\\/\\\/www.malinashop.lt\\\/?s={search_term_string}\"},\"query-input\":{\"@type\":\"PropertyValueSpecification\",\"valueRequired\":true,\"valueName\":\"search_term_string\"}}],\"inLanguage\":\"lt-LT\"},{\"@type\":\"Organization\",\"@id\":\"https:\\\/\\\/www.malinashop.lt\\\/#organization\",\"name\":\"COM Group Ecommerce\",\"url\":\"https:\\\/\\\/www.malinashop.lt\\\/\",\"logo\":{\"@type\":\"ImageObject\",\"inLanguage\":\"lt-LT\",\"@id\":\"https:\\\/\\\/www.malinashop.lt\\\/#\\\/schema\\\/logo\\\/image\\\/\",\"url\":\"https:\\\/\\\/www.malinashop.lt\\\/wp-content\\\/uploads\\\/2024\\\/08\\\/462559670_3787732518133670_9795632669273463_n-e1731525914575.png\",\"contentUrl\":\"https:\\\/\\\/www.malinashop.lt\\\/wp-content\\\/uploads\\\/2024\\\/08\\\/462559670_3787732518133670_9795632669273463_n-e1731525914575.png\",\"width\":180,\"height\":60,\"caption\":\"COM Group Ecommerce\"},\"image\":{\"@id\":\"https:\\\/\\\/www.malinashop.lt\\\/#\\\/schema\\\/logo\\\/image\\\/\"}}]}<\/script>\n<!-- \/ Yoast SEO plugin. -->","yoast_head_json":{"title":"PETITE MAISON HAIR MASK COLOUR PROTECTION plauk\u0173 spalv\u0105 apsauganti kauk\u0117, 20 ml - MalinaShop.lt J\u016bs\u0173 sveikatai ir gro\u017eiui.","robots":{"index":"index","follow":"follow","max-snippet":"max-snippet:-1","max-image-preview":"max-image-preview:large","max-video-preview":"max-video-preview:-1"},"canonical":"https:\/\/www.malinashop.lt\/lt_lt\/shop\/petite-maison-hair-mask-colour-protection-plauku-spalva-apsauganti-kauke-20-ml\/","og_locale":"lt_LT","og_type":"article","og_title":"PETITE MAISON HAIR MASK COLOUR PROTECTION plauk\u0173 spalv\u0105 apsauganti kauk\u0117, 20 ml - MalinaShop.lt J\u016bs\u0173 sveikatai ir gro\u017eiui.","og_url":"https:\/\/www.malinashop.lt\/lt_lt\/shop\/petite-maison-hair-mask-colour-protection-plauku-spalva-apsauganti-kauke-20-ml\/","og_site_name":"MalinaShop.lt J\u016bs\u0173 sveikatai ir gro\u017eiui.","article_modified_time":"2026-03-18T09:31:46+00:00","og_image":[{"width":600,"height":600,"url":"https:\/\/www.malinashop.lt\/wp-content\/uploads\/2024\/11\/PETITE-MAISON-HAIR-MASK-COLOUR-PROTECTION-plauku-spalva-apsauganti-kauke-20-ml.webp","type":"image\/webp"}],"twitter_card":"summary_large_image","schema":{"@context":"https:\/\/schema.org","@graph":[{"@type":"WebPage","@id":"https:\/\/www.malinashop.lt\/lt_lt\/shop\/petite-maison-hair-mask-colour-protection-plauku-spalva-apsauganti-kauke-20-ml\/","url":"https:\/\/www.malinashop.lt\/lt_lt\/shop\/petite-maison-hair-mask-colour-protection-plauku-spalva-apsauganti-kauke-20-ml\/","name":"PETITE MAISON HAIR MASK COLOUR PROTECTION plauk\u0173 spalv\u0105 apsauganti kauk\u0117, 20 ml - MalinaShop.lt J\u016bs\u0173 sveikatai ir gro\u017eiui.","isPartOf":{"@id":"https:\/\/www.malinashop.lt\/#website"},"primaryImageOfPage":{"@id":"https:\/\/www.malinashop.lt\/lt_lt\/shop\/petite-maison-hair-mask-colour-protection-plauku-spalva-apsauganti-kauke-20-ml\/#primaryimage"},"image":{"@id":"https:\/\/www.malinashop.lt\/lt_lt\/shop\/petite-maison-hair-mask-colour-protection-plauku-spalva-apsauganti-kauke-20-ml\/#primaryimage"},"thumbnailUrl":"https:\/\/www.malinashop.lt\/wp-content\/uploads\/2024\/11\/PETITE-MAISON-HAIR-MASK-COLOUR-PROTECTION-plauku-spalva-apsauganti-kauke-20-ml.webp","datePublished":"2024-11-06T12:53:01+00:00","dateModified":"2026-03-18T09:31:46+00:00","breadcrumb":{"@id":"https:\/\/www.malinashop.lt\/lt_lt\/shop\/petite-maison-hair-mask-colour-protection-plauku-spalva-apsauganti-kauke-20-ml\/#breadcrumb"},"inLanguage":"lt-LT","potentialAction":[{"@type":"ReadAction","target":["https:\/\/www.malinashop.lt\/lt_lt\/shop\/petite-maison-hair-mask-colour-protection-plauku-spalva-apsauganti-kauke-20-ml\/"]}]},{"@type":"ImageObject","inLanguage":"lt-LT","@id":"https:\/\/www.malinashop.lt\/lt_lt\/shop\/petite-maison-hair-mask-colour-protection-plauku-spalva-apsauganti-kauke-20-ml\/#primaryimage","url":"https:\/\/www.malinashop.lt\/wp-content\/uploads\/2024\/11\/PETITE-MAISON-HAIR-MASK-COLOUR-PROTECTION-plauku-spalva-apsauganti-kauke-20-ml.webp","contentUrl":"https:\/\/www.malinashop.lt\/wp-content\/uploads\/2024\/11\/PETITE-MAISON-HAIR-MASK-COLOUR-PROTECTION-plauku-spalva-apsauganti-kauke-20-ml.webp","width":600,"height":600},{"@type":"BreadcrumbList","@id":"https:\/\/www.malinashop.lt\/lt_lt\/shop\/petite-maison-hair-mask-colour-protection-plauku-spalva-apsauganti-kauke-20-ml\/#breadcrumb","itemListElement":[{"@type":"ListItem","position":1,"name":"Pagrindinis","item":"https:\/\/www.malinashop.lt\/"},{"@type":"ListItem","position":2,"name":"Parduotuv\u0117","item":"https:\/\/www.malinashop.lt\/en\/parduotuve\/"},{"@type":"ListItem","position":3,"name":"PETITE MAISON HAIR MASK COLOUR PROTECTION plauk\u0173 spalv\u0105 apsauganti kauk\u0117, 20 ml"}]},{"@type":"WebSite","@id":"https:\/\/www.malinashop.lt\/#website","url":"https:\/\/www.malinashop.lt\/","name":"COM Group Ecommerce","description":"MalinaShop.lt - Gro\u017eio ir sveikatos produktai i\u0161 patikim\u0173 preki\u0173 \u017eenkl\u0173. Atraskite auk\u0161tos kokyb\u0117s kosmetik\u0105 u\u017e puiki\u0105 kain\u0105.","publisher":{"@id":"https:\/\/www.malinashop.lt\/#organization"},"potentialAction":[{"@type":"SearchAction","target":{"@type":"EntryPoint","urlTemplate":"https:\/\/www.malinashop.lt\/?s={search_term_string}"},"query-input":{"@type":"PropertyValueSpecification","valueRequired":true,"valueName":"search_term_string"}}],"inLanguage":"lt-LT"},{"@type":"Organization","@id":"https:\/\/www.malinashop.lt\/#organization","name":"COM Group Ecommerce","url":"https:\/\/www.malinashop.lt\/","logo":{"@type":"ImageObject","inLanguage":"lt-LT","@id":"https:\/\/www.malinashop.lt\/#\/schema\/logo\/image\/","url":"https:\/\/www.malinashop.lt\/wp-content\/uploads\/2024\/08\/462559670_3787732518133670_9795632669273463_n-e1731525914575.png","contentUrl":"https:\/\/www.malinashop.lt\/wp-content\/uploads\/2024\/08\/462559670_3787732518133670_9795632669273463_n-e1731525914575.png","width":180,"height":60,"caption":"COM Group Ecommerce"},"image":{"@id":"https:\/\/www.malinashop.lt\/#\/schema\/logo\/image\/"}}]}},"jetpack_sharing_enabled":true,"_links":{"self":[{"href":"https:\/\/www.malinashop.lt\/lt_lt\/wp-json\/wp\/v2\/product\/19993","targetHints":{"allow":["GET"]}}],"collection":[{"href":"https:\/\/www.malinashop.lt\/lt_lt\/wp-json\/wp\/v2\/product"}],"about":[{"href":"https:\/\/www.malinashop.lt\/lt_lt\/wp-json\/wp\/v2\/types\/product"}],"version-history":[{"count":1,"href":"https:\/\/www.malinashop.lt\/lt_lt\/wp-json\/wp\/v2\/product\/19993\/revisions"}],"predecessor-version":[{"id":32805,"href":"https:\/\/www.malinashop.lt\/lt_lt\/wp-json\/wp\/v2\/product\/19993\/revisions\/32805"}],"wp:featuredmedia":[{"embeddable":true,"href":"https:\/\/www.malinashop.lt\/lt_lt\/wp-json\/wp\/v2\/media\/17943"}],"wp:attachment":[{"href":"https:\/\/www.malinashop.lt\/lt_lt\/wp-json\/wp\/v2\/media?parent=19993"}],"wp:term":[{"taxonomy":"product_brand","embeddable":true,"href":"https:\/\/www.malinashop.lt\/lt_lt\/wp-json\/wp\/v2\/product_brand?post=19993"},{"taxonomy":"product_cat","embeddable":true,"href":"https:\/\/www.malinashop.lt\/lt_lt\/wp-json\/wp\/v2\/product_cat?post=19993"},{"taxonomy":"product_tag","embeddable":true,"href":"https:\/\/www.malinashop.lt\/lt_lt\/wp-json\/wp\/v2\/product_tag?post=19993"}],"curies":[{"name":"wp","href":"https:\/\/api.w.org\/{rel}","templated":true}]}}