{"id":19977,"date":"2024-11-06T15:53:01","date_gmt":"2024-11-06T12:53:01","guid":{"rendered":"https:\/\/malinashop.lt\/produktas\/roomoi-romantique-fougere-purskiamas-namu-automobilio-kvapas-200-ml\/"},"modified":"2026-03-30T11:25:12","modified_gmt":"2026-03-30T08:25:12","slug":"roomoi-romantique-fougere-purskiamas-namu-automobilio-kvapas-200-ml","status":"publish","type":"product","link":"https:\/\/www.malinashop.lt\/lt_lt\/shop\/roomoi-romantique-fougere-purskiamas-namu-automobilio-kvapas-200-ml\/","title":{"rendered":"ROOMOI ROMANTIQUE FOUG\u00c9RE pur\u0161kiamas nam\u0173-automobilio kvapas, 200 ml"},"content":{"rendered":"<p data-start=\"348\" data-end=\"598\"><strong data-start=\"348\" data-end=\"377\">ROOMOI Romantique Foug\u00e8re<\/strong> \u2013 tai <strong data-start=\"384\" data-end=\"420\">ry\u017etingas ir eleganti\u0161kas kvapas<\/strong>, kuris \u012fk\u016bnija <strong data-start=\"436\" data-end=\"480\">galing\u0105 g\u0117li\u0173 \u0161leif\u0105 su levand\u0173 \u0161velnumu<\/strong>. \u0160is aromatas skirtas tiems, kurie nori savo erdv\u0117je sukurti <strong data-start=\"542\" data-end=\"585\">ramyb\u0117s, \u0161ilumos ir subtilios prabangos<\/strong> atmosfer\u0105.<\/p>\n<p data-start=\"600\" data-end=\"924\">Kvapo prad\u017eioje atsiveria <strong data-start=\"626\" data-end=\"649\">levand\u0173 ir kriau\u0161\u0117s<\/strong> duetas \u2013 lengvas, ta\u010diau i\u0161rai\u0161kingas. Viduryje pulsuoja <strong data-start=\"707\" data-end=\"734\">balt\u0173j\u0173 g\u0117li\u0173 ir ambros<\/strong> \u0161irdis, kuri suteikia kvapui <strong data-start=\"764\" data-end=\"811\">gilumo, sodrumo ir \u0161iek tiek misti\u0161ko \u0161armo<\/strong>. Kompozicij\u0105 u\u017ebaigia <strong data-start=\"834\" data-end=\"864\">persiko ir baltojo muskuso<\/strong> natos, paliekan\u010dios <strong data-start=\"885\" data-end=\"921\">\u0161veln\u0173, ilgai i\u0161liekant\u012f aromat\u0105<\/strong>.<\/p>\n<p data-start=\"926\" data-end=\"1056\"><strong data-start=\"926\" data-end=\"948\">Romantique Foug\u00e8re<\/strong> \u2013 tai kvapas, kuris \u012fkvepia ramyb\u0117s ir elegancijos, puikiai tinkantis tiek <strong data-start=\"1024\" data-end=\"1053\">namams, tiek automobiliui<\/strong>.<\/p>\n<hr data-start=\"1058\" data-end=\"1061\" \/>\n<h3 data-start=\"1063\" data-end=\"1087\"><strong data-start=\"1067\" data-end=\"1085\">Kvap\u0173 sud\u0117tis:<\/strong><\/h3>\n<ul data-start=\"1088\" data-end=\"1230\">\n<li data-start=\"1088\" data-end=\"1131\">\n<p data-start=\"1090\" data-end=\"1131\"><strong data-start=\"1090\" data-end=\"1111\">Vir\u0161utin\u0117s natos:<\/strong> levandos, kriau\u0161\u0117<\/p>\n<\/li>\n<li data-start=\"1132\" data-end=\"1179\">\n<p data-start=\"1134\" data-end=\"1179\"><strong data-start=\"1134\" data-end=\"1154\">Vidurin\u0117s natos:<\/strong> baltosios g\u0117l\u0117s, ambra<\/p>\n<\/li>\n<li data-start=\"1180\" data-end=\"1230\">\n<p data-start=\"1182\" data-end=\"1230\"><strong data-start=\"1182\" data-end=\"1200\">Bazin\u0117s natos:<\/strong> persikas, baltasis muskusas<\/p>\n<\/li>\n<\/ul>\n<hr data-start=\"1232\" data-end=\"1235\" \/>\n<h3 data-start=\"1237\" data-end=\"1269\"><strong data-start=\"1241\" data-end=\"1267\">Dizainas ir naudojimas<\/strong><\/h3>\n<p data-start=\"1270\" data-end=\"1540\">Kvapas pateikiamas <strong data-start=\"1289\" data-end=\"1363\">minimalistiniame keramikinio stiliaus buteliuke su juodomis lazdel\u0117mis<\/strong>, kuris harmoningai dera su bet kokiu interjeru.<br data-start=\"1411\" data-end=\"1414\" \/>Dizainas sukurtas taip, kad <strong data-start=\"1442\" data-end=\"1481\">kvapas skleist\u0173si tolygiai ir ilgai<\/strong>, suteikdamas j\u016bs\u0173 erdvei <strong data-start=\"1507\" data-end=\"1537\">subtilios prabangos poj\u016bt\u012f<\/strong>.<\/p>\n<p data-start=\"1542\" data-end=\"1674\">Supakuotas \u012f <strong data-start=\"1555\" data-end=\"1575\">prabangi\u0105 d\u0117\u017eut\u0119<\/strong>, \u0161is difuzorius yra puikus <strong data-start=\"1603\" data-end=\"1627\">dovanos pasirinkimas<\/strong> arba <strong data-start=\"1633\" data-end=\"1671\">eleganti\u0161kas akcentas j\u016bs\u0173 namuose<\/strong>.<\/p>\n<hr data-start=\"1676\" data-end=\"1679\" \/>\n<h3 data-start=\"1681\" data-end=\"1710\"><strong data-start=\"1685\" data-end=\"1708\">Pagaminta Italijoje<\/strong><\/h3>\n<p data-start=\"1711\" data-end=\"1888\">Visi <strong data-start=\"1716\" data-end=\"1738\">ROOMOI nam\u0173 kvapai<\/strong> gaminami <strong data-start=\"1748\" data-end=\"1761\">Italijoje<\/strong>, naudojant auk\u0161\u010diausios kokyb\u0117s ingredientus. Kiekvienas kvapas pasi\u017eymi <strong data-start=\"1835\" data-end=\"1885\">i\u0161skirtiniu ilgaam\u017ei\u0161kumu ir aromato harmonija<\/strong>.<\/p>\n","protected":false},"excerpt":{"rendered":"<p><strong data-start=\"138\" data-end=\"167\">ROOMOI Romantique Foug\u00e8re<\/strong> \u2013 intensyvus, rafinuotas g\u0117li\u0173 kvapas su levand\u0173 ir ambros natomis. Sukurtas tiems, kurie vertina \u0161ilum\u0105, prabang\u0105 ir i\u0161skirtin\u012f aromato gilum\u0105.<\/p>\n","protected":false},"featured_media":18022,"template":"","meta":[],"product_brand":[552],"product_cat":[1137,1140,573,197],"product_tag":[1153],"class_list":{"0":"post-19977","1":"product","2":"type-product","3":"status-publish","4":"has-post-thumbnail","6":"product_brand-roomoi","7":"product_cat-dovanos","8":"product_cat-namu-kvapai","9":"product_cat-namu-kvapai-2","10":"product_cat-purskiami-namu-kvapai","11":"product_tag-roomoi","13":"first","14":"instock","15":"sale","16":"taxable","17":"shipping-taxable","18":"purchasable","19":"product-type-simple"},"yoast_head":"<!-- This site is optimized with the Yoast SEO plugin v27.4 - https:\/\/yoast.com\/product\/yoast-seo-wordpress\/ -->\n<title>ROOMOI ROMANTIQUE FOUG\u00c9RE pur\u0161kiamas nam\u0173-automobilio kvapas, 200 ml - MalinaShop.lt J\u016bs\u0173 sveikatai ir gro\u017eiui.<\/title>\n<meta name=\"description\" content=\"ROOMOI Romantique Foug\u00e8re \u2013 itali\u0161kas g\u0117li\u0173 kvapas su levandomis, ambra ir muskusu. \u0160iltas, eleganti\u0161kas ir ilgai i\u0161liekantis aromatas j\u016bs\u0173 namams.\" \/>\n<meta name=\"robots\" content=\"index, follow, max-snippet:-1, max-image-preview:large, max-video-preview:-1\" \/>\n<link rel=\"canonical\" href=\"https:\/\/www.malinashop.lt\/lt_lt\/shop\/roomoi-romantique-fougere-purskiamas-namu-automobilio-kvapas-200-ml\/\" \/>\n<meta property=\"og:locale\" content=\"lt_LT\" \/>\n<meta property=\"og:type\" content=\"article\" \/>\n<meta property=\"og:title\" content=\"ROOMOI ROMANTIQUE FOUG\u00c9RE pur\u0161kiamas nam\u0173-automobilio kvapas, 200 ml - MalinaShop.lt J\u016bs\u0173 sveikatai ir gro\u017eiui.\" \/>\n<meta property=\"og:description\" content=\"ROOMOI Romantique Foug\u00e8re \u2013 itali\u0161kas g\u0117li\u0173 kvapas su levandomis, ambra ir muskusu. \u0160iltas, eleganti\u0161kas ir ilgai i\u0161liekantis aromatas j\u016bs\u0173 namams.\" \/>\n<meta property=\"og:url\" content=\"https:\/\/www.malinashop.lt\/lt_lt\/shop\/roomoi-romantique-fougere-purskiamas-namu-automobilio-kvapas-200-ml\/\" \/>\n<meta property=\"og:site_name\" content=\"MalinaShop.lt J\u016bs\u0173 sveikatai ir gro\u017eiui.\" \/>\n<meta property=\"article:modified_time\" content=\"2026-03-30T08:25:12+00:00\" \/>\n<meta property=\"og:image\" content=\"https:\/\/www.malinashop.lt\/wp-content\/uploads\/2024\/11\/ROOMOI-ROMANTIQUE-FOUGERE-purskiamas-namu-automobilio-kvapas-200-ml.jpeg\" \/>\n\t<meta property=\"og:image:width\" content=\"1080\" \/>\n\t<meta property=\"og:image:height\" content=\"1080\" \/>\n\t<meta property=\"og:image:type\" content=\"image\/jpeg\" \/>\n<meta name=\"twitter:card\" content=\"summary_large_image\" \/>\n<script type=\"application\/ld+json\" class=\"yoast-schema-graph\">{\"@context\":\"https:\\\/\\\/schema.org\",\"@graph\":[{\"@type\":\"WebPage\",\"@id\":\"https:\\\/\\\/www.malinashop.lt\\\/lt_lt\\\/shop\\\/roomoi-romantique-fougere-purskiamas-namu-automobilio-kvapas-200-ml\\\/\",\"url\":\"https:\\\/\\\/www.malinashop.lt\\\/lt_lt\\\/shop\\\/roomoi-romantique-fougere-purskiamas-namu-automobilio-kvapas-200-ml\\\/\",\"name\":\"ROOMOI ROMANTIQUE FOUG\u00c9RE pur\u0161kiamas nam\u0173-automobilio kvapas, 200 ml - MalinaShop.lt J\u016bs\u0173 sveikatai ir gro\u017eiui.\",\"isPartOf\":{\"@id\":\"https:\\\/\\\/www.malinashop.lt\\\/#website\"},\"primaryImageOfPage\":{\"@id\":\"https:\\\/\\\/www.malinashop.lt\\\/lt_lt\\\/shop\\\/roomoi-romantique-fougere-purskiamas-namu-automobilio-kvapas-200-ml\\\/#primaryimage\"},\"image\":{\"@id\":\"https:\\\/\\\/www.malinashop.lt\\\/lt_lt\\\/shop\\\/roomoi-romantique-fougere-purskiamas-namu-automobilio-kvapas-200-ml\\\/#primaryimage\"},\"thumbnailUrl\":\"https:\\\/\\\/www.malinashop.lt\\\/wp-content\\\/uploads\\\/2024\\\/11\\\/ROOMOI-ROMANTIQUE-FOUGERE-purskiamas-namu-automobilio-kvapas-200-ml.jpeg\",\"datePublished\":\"2024-11-06T12:53:01+00:00\",\"dateModified\":\"2026-03-30T08:25:12+00:00\",\"description\":\"ROOMOI Romantique Foug\u00e8re \u2013 itali\u0161kas g\u0117li\u0173 kvapas su levandomis, ambra ir muskusu. \u0160iltas, eleganti\u0161kas ir ilgai i\u0161liekantis aromatas j\u016bs\u0173 namams.\",\"breadcrumb\":{\"@id\":\"https:\\\/\\\/www.malinashop.lt\\\/lt_lt\\\/shop\\\/roomoi-romantique-fougere-purskiamas-namu-automobilio-kvapas-200-ml\\\/#breadcrumb\"},\"inLanguage\":\"lt-LT\",\"potentialAction\":[{\"@type\":\"ReadAction\",\"target\":[\"https:\\\/\\\/www.malinashop.lt\\\/lt_lt\\\/shop\\\/roomoi-romantique-fougere-purskiamas-namu-automobilio-kvapas-200-ml\\\/\"]}]},{\"@type\":\"ImageObject\",\"inLanguage\":\"lt-LT\",\"@id\":\"https:\\\/\\\/www.malinashop.lt\\\/lt_lt\\\/shop\\\/roomoi-romantique-fougere-purskiamas-namu-automobilio-kvapas-200-ml\\\/#primaryimage\",\"url\":\"https:\\\/\\\/www.malinashop.lt\\\/wp-content\\\/uploads\\\/2024\\\/11\\\/ROOMOI-ROMANTIQUE-FOUGERE-purskiamas-namu-automobilio-kvapas-200-ml.jpeg\",\"contentUrl\":\"https:\\\/\\\/www.malinashop.lt\\\/wp-content\\\/uploads\\\/2024\\\/11\\\/ROOMOI-ROMANTIQUE-FOUGERE-purskiamas-namu-automobilio-kvapas-200-ml.jpeg\",\"width\":1080,\"height\":1080},{\"@type\":\"BreadcrumbList\",\"@id\":\"https:\\\/\\\/www.malinashop.lt\\\/lt_lt\\\/shop\\\/roomoi-romantique-fougere-purskiamas-namu-automobilio-kvapas-200-ml\\\/#breadcrumb\",\"itemListElement\":[{\"@type\":\"ListItem\",\"position\":1,\"name\":\"Pagrindinis\",\"item\":\"https:\\\/\\\/www.malinashop.lt\\\/\"},{\"@type\":\"ListItem\",\"position\":2,\"name\":\"Parduotuv\u0117\",\"item\":\"https:\\\/\\\/www.malinashop.lt\\\/en\\\/parduotuve\\\/\"},{\"@type\":\"ListItem\",\"position\":3,\"name\":\"ROOMOI ROMANTIQUE FOUG\u00c9RE pur\u0161kiamas nam\u0173-automobilio kvapas, 200 ml\"}]},{\"@type\":\"WebSite\",\"@id\":\"https:\\\/\\\/www.malinashop.lt\\\/#website\",\"url\":\"https:\\\/\\\/www.malinashop.lt\\\/\",\"name\":\"COM Group Ecommerce\",\"description\":\"MalinaShop.lt - Gro\u017eio ir sveikatos produktai i\u0161 patikim\u0173 preki\u0173 \u017eenkl\u0173. Atraskite auk\u0161tos kokyb\u0117s kosmetik\u0105 u\u017e puiki\u0105 kain\u0105.\",\"publisher\":{\"@id\":\"https:\\\/\\\/www.malinashop.lt\\\/#organization\"},\"potentialAction\":[{\"@type\":\"SearchAction\",\"target\":{\"@type\":\"EntryPoint\",\"urlTemplate\":\"https:\\\/\\\/www.malinashop.lt\\\/?s={search_term_string}\"},\"query-input\":{\"@type\":\"PropertyValueSpecification\",\"valueRequired\":true,\"valueName\":\"search_term_string\"}}],\"inLanguage\":\"lt-LT\"},{\"@type\":\"Organization\",\"@id\":\"https:\\\/\\\/www.malinashop.lt\\\/#organization\",\"name\":\"COM Group Ecommerce\",\"url\":\"https:\\\/\\\/www.malinashop.lt\\\/\",\"logo\":{\"@type\":\"ImageObject\",\"inLanguage\":\"lt-LT\",\"@id\":\"https:\\\/\\\/www.malinashop.lt\\\/#\\\/schema\\\/logo\\\/image\\\/\",\"url\":\"https:\\\/\\\/www.malinashop.lt\\\/wp-content\\\/uploads\\\/2024\\\/08\\\/462559670_3787732518133670_9795632669273463_n-e1731525914575.png\",\"contentUrl\":\"https:\\\/\\\/www.malinashop.lt\\\/wp-content\\\/uploads\\\/2024\\\/08\\\/462559670_3787732518133670_9795632669273463_n-e1731525914575.png\",\"width\":180,\"height\":60,\"caption\":\"COM Group Ecommerce\"},\"image\":{\"@id\":\"https:\\\/\\\/www.malinashop.lt\\\/#\\\/schema\\\/logo\\\/image\\\/\"}}]}<\/script>\n<!-- \/ Yoast SEO plugin. -->","yoast_head_json":{"title":"ROOMOI ROMANTIQUE FOUG\u00c9RE pur\u0161kiamas nam\u0173-automobilio kvapas, 200 ml - MalinaShop.lt J\u016bs\u0173 sveikatai ir gro\u017eiui.","description":"ROOMOI Romantique Foug\u00e8re \u2013 itali\u0161kas g\u0117li\u0173 kvapas su levandomis, ambra ir muskusu. \u0160iltas, eleganti\u0161kas ir ilgai i\u0161liekantis aromatas j\u016bs\u0173 namams.","robots":{"index":"index","follow":"follow","max-snippet":"max-snippet:-1","max-image-preview":"max-image-preview:large","max-video-preview":"max-video-preview:-1"},"canonical":"https:\/\/www.malinashop.lt\/lt_lt\/shop\/roomoi-romantique-fougere-purskiamas-namu-automobilio-kvapas-200-ml\/","og_locale":"lt_LT","og_type":"article","og_title":"ROOMOI ROMANTIQUE FOUG\u00c9RE pur\u0161kiamas nam\u0173-automobilio kvapas, 200 ml - MalinaShop.lt J\u016bs\u0173 sveikatai ir gro\u017eiui.","og_description":"ROOMOI Romantique Foug\u00e8re \u2013 itali\u0161kas g\u0117li\u0173 kvapas su levandomis, ambra ir muskusu. \u0160iltas, eleganti\u0161kas ir ilgai i\u0161liekantis aromatas j\u016bs\u0173 namams.","og_url":"https:\/\/www.malinashop.lt\/lt_lt\/shop\/roomoi-romantique-fougere-purskiamas-namu-automobilio-kvapas-200-ml\/","og_site_name":"MalinaShop.lt J\u016bs\u0173 sveikatai ir gro\u017eiui.","article_modified_time":"2026-03-30T08:25:12+00:00","og_image":[{"width":1080,"height":1080,"url":"https:\/\/www.malinashop.lt\/wp-content\/uploads\/2024\/11\/ROOMOI-ROMANTIQUE-FOUGERE-purskiamas-namu-automobilio-kvapas-200-ml.jpeg","type":"image\/jpeg"}],"twitter_card":"summary_large_image","schema":{"@context":"https:\/\/schema.org","@graph":[{"@type":"WebPage","@id":"https:\/\/www.malinashop.lt\/lt_lt\/shop\/roomoi-romantique-fougere-purskiamas-namu-automobilio-kvapas-200-ml\/","url":"https:\/\/www.malinashop.lt\/lt_lt\/shop\/roomoi-romantique-fougere-purskiamas-namu-automobilio-kvapas-200-ml\/","name":"ROOMOI ROMANTIQUE FOUG\u00c9RE pur\u0161kiamas nam\u0173-automobilio kvapas, 200 ml - MalinaShop.lt J\u016bs\u0173 sveikatai ir gro\u017eiui.","isPartOf":{"@id":"https:\/\/www.malinashop.lt\/#website"},"primaryImageOfPage":{"@id":"https:\/\/www.malinashop.lt\/lt_lt\/shop\/roomoi-romantique-fougere-purskiamas-namu-automobilio-kvapas-200-ml\/#primaryimage"},"image":{"@id":"https:\/\/www.malinashop.lt\/lt_lt\/shop\/roomoi-romantique-fougere-purskiamas-namu-automobilio-kvapas-200-ml\/#primaryimage"},"thumbnailUrl":"https:\/\/www.malinashop.lt\/wp-content\/uploads\/2024\/11\/ROOMOI-ROMANTIQUE-FOUGERE-purskiamas-namu-automobilio-kvapas-200-ml.jpeg","datePublished":"2024-11-06T12:53:01+00:00","dateModified":"2026-03-30T08:25:12+00:00","description":"ROOMOI Romantique Foug\u00e8re \u2013 itali\u0161kas g\u0117li\u0173 kvapas su levandomis, ambra ir muskusu. \u0160iltas, eleganti\u0161kas ir ilgai i\u0161liekantis aromatas j\u016bs\u0173 namams.","breadcrumb":{"@id":"https:\/\/www.malinashop.lt\/lt_lt\/shop\/roomoi-romantique-fougere-purskiamas-namu-automobilio-kvapas-200-ml\/#breadcrumb"},"inLanguage":"lt-LT","potentialAction":[{"@type":"ReadAction","target":["https:\/\/www.malinashop.lt\/lt_lt\/shop\/roomoi-romantique-fougere-purskiamas-namu-automobilio-kvapas-200-ml\/"]}]},{"@type":"ImageObject","inLanguage":"lt-LT","@id":"https:\/\/www.malinashop.lt\/lt_lt\/shop\/roomoi-romantique-fougere-purskiamas-namu-automobilio-kvapas-200-ml\/#primaryimage","url":"https:\/\/www.malinashop.lt\/wp-content\/uploads\/2024\/11\/ROOMOI-ROMANTIQUE-FOUGERE-purskiamas-namu-automobilio-kvapas-200-ml.jpeg","contentUrl":"https:\/\/www.malinashop.lt\/wp-content\/uploads\/2024\/11\/ROOMOI-ROMANTIQUE-FOUGERE-purskiamas-namu-automobilio-kvapas-200-ml.jpeg","width":1080,"height":1080},{"@type":"BreadcrumbList","@id":"https:\/\/www.malinashop.lt\/lt_lt\/shop\/roomoi-romantique-fougere-purskiamas-namu-automobilio-kvapas-200-ml\/#breadcrumb","itemListElement":[{"@type":"ListItem","position":1,"name":"Pagrindinis","item":"https:\/\/www.malinashop.lt\/"},{"@type":"ListItem","position":2,"name":"Parduotuv\u0117","item":"https:\/\/www.malinashop.lt\/en\/parduotuve\/"},{"@type":"ListItem","position":3,"name":"ROOMOI ROMANTIQUE FOUG\u00c9RE pur\u0161kiamas nam\u0173-automobilio kvapas, 200 ml"}]},{"@type":"WebSite","@id":"https:\/\/www.malinashop.lt\/#website","url":"https:\/\/www.malinashop.lt\/","name":"COM Group Ecommerce","description":"MalinaShop.lt - Gro\u017eio ir sveikatos produktai i\u0161 patikim\u0173 preki\u0173 \u017eenkl\u0173. Atraskite auk\u0161tos kokyb\u0117s kosmetik\u0105 u\u017e puiki\u0105 kain\u0105.","publisher":{"@id":"https:\/\/www.malinashop.lt\/#organization"},"potentialAction":[{"@type":"SearchAction","target":{"@type":"EntryPoint","urlTemplate":"https:\/\/www.malinashop.lt\/?s={search_term_string}"},"query-input":{"@type":"PropertyValueSpecification","valueRequired":true,"valueName":"search_term_string"}}],"inLanguage":"lt-LT"},{"@type":"Organization","@id":"https:\/\/www.malinashop.lt\/#organization","name":"COM Group Ecommerce","url":"https:\/\/www.malinashop.lt\/","logo":{"@type":"ImageObject","inLanguage":"lt-LT","@id":"https:\/\/www.malinashop.lt\/#\/schema\/logo\/image\/","url":"https:\/\/www.malinashop.lt\/wp-content\/uploads\/2024\/08\/462559670_3787732518133670_9795632669273463_n-e1731525914575.png","contentUrl":"https:\/\/www.malinashop.lt\/wp-content\/uploads\/2024\/08\/462559670_3787732518133670_9795632669273463_n-e1731525914575.png","width":180,"height":60,"caption":"COM Group Ecommerce"},"image":{"@id":"https:\/\/www.malinashop.lt\/#\/schema\/logo\/image\/"}}]}},"jetpack_sharing_enabled":true,"_links":{"self":[{"href":"https:\/\/www.malinashop.lt\/lt_lt\/wp-json\/wp\/v2\/product\/19977","targetHints":{"allow":["GET"]}}],"collection":[{"href":"https:\/\/www.malinashop.lt\/lt_lt\/wp-json\/wp\/v2\/product"}],"about":[{"href":"https:\/\/www.malinashop.lt\/lt_lt\/wp-json\/wp\/v2\/types\/product"}],"version-history":[{"count":2,"href":"https:\/\/www.malinashop.lt\/lt_lt\/wp-json\/wp\/v2\/product\/19977\/revisions"}],"predecessor-version":[{"id":59905,"href":"https:\/\/www.malinashop.lt\/lt_lt\/wp-json\/wp\/v2\/product\/19977\/revisions\/59905"}],"wp:featuredmedia":[{"embeddable":true,"href":"https:\/\/www.malinashop.lt\/lt_lt\/wp-json\/wp\/v2\/media\/18022"}],"wp:attachment":[{"href":"https:\/\/www.malinashop.lt\/lt_lt\/wp-json\/wp\/v2\/media?parent=19977"}],"wp:term":[{"taxonomy":"product_brand","embeddable":true,"href":"https:\/\/www.malinashop.lt\/lt_lt\/wp-json\/wp\/v2\/product_brand?post=19977"},{"taxonomy":"product_cat","embeddable":true,"href":"https:\/\/www.malinashop.lt\/lt_lt\/wp-json\/wp\/v2\/product_cat?post=19977"},{"taxonomy":"product_tag","embeddable":true,"href":"https:\/\/www.malinashop.lt\/lt_lt\/wp-json\/wp\/v2\/product_tag?post=19977"}],"curies":[{"name":"wp","href":"https:\/\/api.w.org\/{rel}","templated":true}]}}