{"id":19975,"date":"2024-11-06T15:53:01","date_gmt":"2024-11-06T12:53:01","guid":{"rendered":"https:\/\/malinashop.lt\/produktas\/roomoi-celestial-gardenia-purskiamas-namu-automobilio-kvapas-200-ml\/"},"modified":"2026-03-30T11:25:11","modified_gmt":"2026-03-30T08:25:11","slug":"roomoi-celestial-gardenia-purskiamas-namu-automobilio-kvapas-200-ml","status":"publish","type":"product","link":"https:\/\/www.malinashop.lt\/lt_lt\/shop\/roomoi-celestial-gardenia-purskiamas-namu-automobilio-kvapas-200-ml\/","title":{"rendered":"ROOMOI CELESTIAL GARDENIA pur\u0161kiamas nam\u0173-automobilio kvapas, 200 ml"},"content":{"rendered":"<p data-start=\"358\" data-end=\"647\">\u012ekv\u0117pkite <strong data-start=\"368\" data-end=\"396\">Vidur\u017eemio j\u016bros aromato<\/strong> su <strong data-start=\"400\" data-end=\"429\">ROOMOI Celestial Gardenia<\/strong> \u2013 kvapu, kuris pripildys j\u016bs\u0173 namus ar automobil\u012f <strong data-start=\"480\" data-end=\"524\">\u0161vie\u017eumo, saldumo ir subtilios prabangos<\/strong>. Tai aromatas, sukurtas tiems, kurie vertina <strong data-start=\"570\" data-end=\"591\">vasari\u0161k\u0105 gaivum\u0105<\/strong>, <strong data-start=\"593\" data-end=\"614\">lengv\u0105 elegancij\u0105<\/strong> ir <strong data-start=\"618\" data-end=\"644\">ilgaam\u017e\u012f \u0161veln\u0173 \u0161leif\u0105<\/strong>.<\/p>\n<p data-start=\"649\" data-end=\"972\">Pirmasis \u012fsp\u016bdis \u2013 <strong data-start=\"668\" data-end=\"714\">apelsino, bergamot\u0117s ir Sicilijos citrinos<\/strong> natos, suteikian\u010dios kvapui <strong data-start=\"743\" data-end=\"764\">gyvumo ir \u0161viesos<\/strong>. Kvapo \u0161irdyje pulsuoja <strong data-start=\"789\" data-end=\"824\">Vidur\u017eemio j\u016bros vaisi\u0173 akordas<\/strong>, primenantis <strong data-start=\"838\" data-end=\"873\">saul\u0117t\u0105 pakrant\u0119 ir j\u016bros briz\u0105<\/strong>, o <strong data-start=\"877\" data-end=\"907\">vanil\u0117s, ambros ir muskuso<\/strong> baz\u0117 u\u017etikrina <strong data-start=\"923\" data-end=\"969\">ilgai i\u0161liekant\u012f, \u0161veln\u0173 ir malon\u0173 poskon\u012f<\/strong>.<\/p>\n<p data-start=\"974\" data-end=\"1111\"><strong data-start=\"974\" data-end=\"1003\">ROOMOI Celestial Gardenia<\/strong> \u2013 tai <strong data-start=\"1010\" data-end=\"1048\">vasaros atostog\u0173 poj\u016btis buteliuke<\/strong>, pripildantis erdv\u0119 <strong data-start=\"1069\" data-end=\"1099\">jaukumo, ramyb\u0117s ir \u0161varos<\/strong> dvelksmu.<\/p>\n<hr data-start=\"1113\" data-end=\"1116\" \/>\n<h3 data-start=\"1118\" data-end=\"1142\"><strong data-start=\"1122\" data-end=\"1140\">Kvap\u0173 sud\u0117tis:<\/strong><\/h3>\n<ul data-start=\"1143\" data-end=\"1312\">\n<li data-start=\"1143\" data-end=\"1208\">\n<p data-start=\"1145\" data-end=\"1208\"><strong data-start=\"1145\" data-end=\"1166\">Vir\u0161utin\u0117s natos:<\/strong> apelsinas, bergamot\u0117, Sicilijos citrina<\/p>\n<\/li>\n<li data-start=\"1209\" data-end=\"1265\">\n<p data-start=\"1211\" data-end=\"1265\"><strong data-start=\"1211\" data-end=\"1231\">Vidurin\u0117s natos:<\/strong> Vidur\u017eemio j\u016bros vaisi\u0173 akordas<\/p>\n<\/li>\n<li data-start=\"1266\" data-end=\"1312\">\n<p data-start=\"1268\" data-end=\"1312\"><strong data-start=\"1268\" data-end=\"1286\">Bazin\u0117s natos:<\/strong> vanil\u0117, ambra, muskusas<\/p>\n<\/li>\n<\/ul>\n<hr data-start=\"1314\" data-end=\"1317\" \/>\n<h3 data-start=\"1319\" data-end=\"1351\"><strong data-start=\"1323\" data-end=\"1349\">Dizainas ir naudojimas<\/strong><\/h3>\n<p data-start=\"1352\" data-end=\"1620\">Difuzorius pateikiamas <strong data-start=\"1375\" data-end=\"1449\">minimalistiniame keramikinio stiliaus buteliuke su juodomis lazdel\u0117mis<\/strong>, kuris harmoningai dera su bet kokiu interjeru.<br data-start=\"1497\" data-end=\"1500\" \/>Dizainas u\u017etikrina, kad <strong data-start=\"1524\" data-end=\"1571\">kvapas skleist\u0173si tolygiai ir i\u0161likt\u0173 ilgai<\/strong>, sukuriant <strong data-start=\"1583\" data-end=\"1604\">maloni\u0105 atmosfer\u0105<\/strong> j\u016bs\u0173 erdv\u0117je.<\/p>\n<p data-start=\"1622\" data-end=\"1747\">Supakuotas \u012f <strong data-start=\"1635\" data-end=\"1655\">prabangi\u0105 d\u0117\u017eut\u0119<\/strong>, \u0161is difuzorius \u2013 puikus <strong data-start=\"1681\" data-end=\"1705\">dovanos pasirinkimas<\/strong> ar <strong data-start=\"1709\" data-end=\"1744\">eleganti\u0161kas interjero akcentas<\/strong>.<\/p>\n<h3 data-start=\"2059\" data-end=\"2088\"><strong data-start=\"2063\" data-end=\"2086\">Pagaminta Italijoje<\/strong><\/h3>\n<p data-start=\"2089\" data-end=\"2216\">Visi <strong data-start=\"2094\" data-end=\"2116\">ROOMOI nam\u0173 kvapai<\/strong> kuriami <strong data-start=\"2125\" data-end=\"2138\">Italijoje<\/strong>, u\u017etikrinant <strong data-start=\"2152\" data-end=\"2213\">auk\u0161t\u0105 kokyb\u0119, elegancij\u0105 ir i\u0161skirtin\u012f kvapo i\u0161silaikym\u0105<\/strong>.<\/p>\n","protected":false},"excerpt":{"rendered":"<p><strong data-start=\"141\" data-end=\"170\">ROOMOI Celestial Gardenia<\/strong> \u2013 gaivus ir saldus kvapas, \u012fkv\u0117ptas Vidur\u017eemio j\u016bros v\u0117j\u0173. \u0160velnios citrusin\u0117s ir g\u0117li\u0173 natos suteikia erdvei lengvumo, prabangos ir vasari\u0161ko \u017eavesio.<\/p>\n","protected":false},"featured_media":21300,"template":"","meta":[],"product_brand":[552],"product_cat":[1137,1140,573,197],"product_tag":[1153],"class_list":{"0":"post-19975","1":"product","2":"type-product","3":"status-publish","4":"has-post-thumbnail","6":"product_brand-roomoi","7":"product_cat-dovanos","8":"product_cat-namu-kvapai","9":"product_cat-namu-kvapai-2","10":"product_cat-purskiami-namu-kvapai","11":"product_tag-roomoi","13":"first","14":"outofstock","15":"sale","16":"taxable","17":"shipping-taxable","18":"purchasable","19":"product-type-simple"},"yoast_head":"<!-- This site is optimized with the Yoast SEO plugin v27.4 - https:\/\/yoast.com\/product\/yoast-seo-wordpress\/ -->\n<title>ROOMOI CELESTIAL GARDENIA pur\u0161kiamas nam\u0173-automobilio kvapas, 200 ml - MalinaShop.lt J\u016bs\u0173 sveikatai ir gro\u017eiui.<\/title>\n<meta name=\"description\" content=\"ROOMOI Celestial Gardenia \u2013 itali\u0161kas nam\u0173 kvapas su citrus\u0173, vaisi\u0173 ir vanil\u0117s natomis. Gaivus, prabangus ir ilgai i\u0161liekantis Vidur\u017eemio aromatas.\" \/>\n<meta name=\"robots\" content=\"index, follow, max-snippet:-1, max-image-preview:large, max-video-preview:-1\" \/>\n<link rel=\"canonical\" href=\"https:\/\/www.malinashop.lt\/lt_lt\/shop\/roomoi-celestial-gardenia-purskiamas-namu-automobilio-kvapas-200-ml\/\" \/>\n<meta property=\"og:locale\" content=\"lt_LT\" \/>\n<meta property=\"og:type\" content=\"article\" \/>\n<meta property=\"og:title\" content=\"ROOMOI CELESTIAL GARDENIA pur\u0161kiamas nam\u0173-automobilio kvapas, 200 ml - MalinaShop.lt J\u016bs\u0173 sveikatai ir gro\u017eiui.\" \/>\n<meta property=\"og:description\" content=\"ROOMOI Celestial Gardenia \u2013 itali\u0161kas nam\u0173 kvapas su citrus\u0173, vaisi\u0173 ir vanil\u0117s natomis. Gaivus, prabangus ir ilgai i\u0161liekantis Vidur\u017eemio aromatas.\" \/>\n<meta property=\"og:url\" content=\"https:\/\/www.malinashop.lt\/lt_lt\/shop\/roomoi-celestial-gardenia-purskiamas-namu-automobilio-kvapas-200-ml\/\" \/>\n<meta property=\"og:site_name\" content=\"MalinaShop.lt J\u016bs\u0173 sveikatai ir gro\u017eiui.\" \/>\n<meta property=\"article:modified_time\" content=\"2026-03-30T08:25:11+00:00\" \/>\n<meta property=\"og:image\" content=\"https:\/\/www.malinashop.lt\/wp-content\/uploads\/2024\/11\/roomoi-celestial-gardenia-purskiamas-namu-automobilio-kvapas-200-ml-1.jpeg\" \/>\n\t<meta property=\"og:image:width\" content=\"388\" \/>\n\t<meta property=\"og:image:height\" content=\"388\" \/>\n\t<meta property=\"og:image:type\" content=\"image\/jpeg\" \/>\n<meta name=\"twitter:card\" content=\"summary_large_image\" \/>\n<script type=\"application\/ld+json\" class=\"yoast-schema-graph\">{\"@context\":\"https:\\\/\\\/schema.org\",\"@graph\":[{\"@type\":\"WebPage\",\"@id\":\"https:\\\/\\\/www.malinashop.lt\\\/en\\\/shop\\\/roomoi-celestial-gardenia-purskiamas-namu-automobilio-kvapas-200-ml\\\/\",\"url\":\"https:\\\/\\\/www.malinashop.lt\\\/en\\\/shop\\\/roomoi-celestial-gardenia-purskiamas-namu-automobilio-kvapas-200-ml\\\/\",\"name\":\"ROOMOI CELESTIAL GARDENIA pur\u0161kiamas nam\u0173-automobilio kvapas, 200 ml - MalinaShop.lt J\u016bs\u0173 sveikatai ir gro\u017eiui.\",\"isPartOf\":{\"@id\":\"https:\\\/\\\/www.malinashop.lt\\\/#website\"},\"primaryImageOfPage\":{\"@id\":\"https:\\\/\\\/www.malinashop.lt\\\/en\\\/shop\\\/roomoi-celestial-gardenia-purskiamas-namu-automobilio-kvapas-200-ml\\\/#primaryimage\"},\"image\":{\"@id\":\"https:\\\/\\\/www.malinashop.lt\\\/en\\\/shop\\\/roomoi-celestial-gardenia-purskiamas-namu-automobilio-kvapas-200-ml\\\/#primaryimage\"},\"thumbnailUrl\":\"https:\\\/\\\/www.malinashop.lt\\\/wp-content\\\/uploads\\\/2024\\\/11\\\/roomoi-celestial-gardenia-purskiamas-namu-automobilio-kvapas-200-ml-1.jpeg\",\"datePublished\":\"2024-11-06T12:53:01+00:00\",\"dateModified\":\"2026-03-30T08:25:11+00:00\",\"description\":\"ROOMOI Celestial Gardenia \u2013 itali\u0161kas nam\u0173 kvapas su citrus\u0173, vaisi\u0173 ir vanil\u0117s natomis. Gaivus, prabangus ir ilgai i\u0161liekantis Vidur\u017eemio aromatas.\",\"breadcrumb\":{\"@id\":\"https:\\\/\\\/www.malinashop.lt\\\/en\\\/shop\\\/roomoi-celestial-gardenia-purskiamas-namu-automobilio-kvapas-200-ml\\\/#breadcrumb\"},\"inLanguage\":\"lt-LT\",\"potentialAction\":[{\"@type\":\"ReadAction\",\"target\":[\"https:\\\/\\\/www.malinashop.lt\\\/en\\\/shop\\\/roomoi-celestial-gardenia-purskiamas-namu-automobilio-kvapas-200-ml\\\/\"]}]},{\"@type\":\"ImageObject\",\"inLanguage\":\"lt-LT\",\"@id\":\"https:\\\/\\\/www.malinashop.lt\\\/en\\\/shop\\\/roomoi-celestial-gardenia-purskiamas-namu-automobilio-kvapas-200-ml\\\/#primaryimage\",\"url\":\"https:\\\/\\\/www.malinashop.lt\\\/wp-content\\\/uploads\\\/2024\\\/11\\\/roomoi-celestial-gardenia-purskiamas-namu-automobilio-kvapas-200-ml-1.jpeg\",\"contentUrl\":\"https:\\\/\\\/www.malinashop.lt\\\/wp-content\\\/uploads\\\/2024\\\/11\\\/roomoi-celestial-gardenia-purskiamas-namu-automobilio-kvapas-200-ml-1.jpeg\",\"width\":388,\"height\":388},{\"@type\":\"BreadcrumbList\",\"@id\":\"https:\\\/\\\/www.malinashop.lt\\\/en\\\/shop\\\/roomoi-celestial-gardenia-purskiamas-namu-automobilio-kvapas-200-ml\\\/#breadcrumb\",\"itemListElement\":[{\"@type\":\"ListItem\",\"position\":1,\"name\":\"Pagrindinis\",\"item\":\"https:\\\/\\\/www.malinashop.lt\\\/\"},{\"@type\":\"ListItem\",\"position\":2,\"name\":\"Parduotuv\u0117\",\"item\":\"https:\\\/\\\/www.malinashop.lt\\\/en\\\/parduotuve\\\/\"},{\"@type\":\"ListItem\",\"position\":3,\"name\":\"ROOMOI CELESTIAL GARDENIA pur\u0161kiamas nam\u0173-automobilio kvapas, 200 ml\"}]},{\"@type\":\"WebSite\",\"@id\":\"https:\\\/\\\/www.malinashop.lt\\\/#website\",\"url\":\"https:\\\/\\\/www.malinashop.lt\\\/\",\"name\":\"COM Group Ecommerce\",\"description\":\"MalinaShop.lt - Gro\u017eio ir sveikatos produktai i\u0161 patikim\u0173 preki\u0173 \u017eenkl\u0173. Atraskite auk\u0161tos kokyb\u0117s kosmetik\u0105 u\u017e puiki\u0105 kain\u0105.\",\"publisher\":{\"@id\":\"https:\\\/\\\/www.malinashop.lt\\\/#organization\"},\"potentialAction\":[{\"@type\":\"SearchAction\",\"target\":{\"@type\":\"EntryPoint\",\"urlTemplate\":\"https:\\\/\\\/www.malinashop.lt\\\/?s={search_term_string}\"},\"query-input\":{\"@type\":\"PropertyValueSpecification\",\"valueRequired\":true,\"valueName\":\"search_term_string\"}}],\"inLanguage\":\"lt-LT\"},{\"@type\":\"Organization\",\"@id\":\"https:\\\/\\\/www.malinashop.lt\\\/#organization\",\"name\":\"COM Group Ecommerce\",\"url\":\"https:\\\/\\\/www.malinashop.lt\\\/\",\"logo\":{\"@type\":\"ImageObject\",\"inLanguage\":\"lt-LT\",\"@id\":\"https:\\\/\\\/www.malinashop.lt\\\/#\\\/schema\\\/logo\\\/image\\\/\",\"url\":\"https:\\\/\\\/www.malinashop.lt\\\/wp-content\\\/uploads\\\/2024\\\/08\\\/462559670_3787732518133670_9795632669273463_n-e1731525914575.png\",\"contentUrl\":\"https:\\\/\\\/www.malinashop.lt\\\/wp-content\\\/uploads\\\/2024\\\/08\\\/462559670_3787732518133670_9795632669273463_n-e1731525914575.png\",\"width\":180,\"height\":60,\"caption\":\"COM Group Ecommerce\"},\"image\":{\"@id\":\"https:\\\/\\\/www.malinashop.lt\\\/#\\\/schema\\\/logo\\\/image\\\/\"}}]}<\/script>\n<!-- \/ Yoast SEO plugin. -->","yoast_head_json":{"title":"ROOMOI CELESTIAL GARDENIA pur\u0161kiamas nam\u0173-automobilio kvapas, 200 ml - MalinaShop.lt J\u016bs\u0173 sveikatai ir gro\u017eiui.","description":"ROOMOI Celestial Gardenia \u2013 itali\u0161kas nam\u0173 kvapas su citrus\u0173, vaisi\u0173 ir vanil\u0117s natomis. Gaivus, prabangus ir ilgai i\u0161liekantis Vidur\u017eemio aromatas.","robots":{"index":"index","follow":"follow","max-snippet":"max-snippet:-1","max-image-preview":"max-image-preview:large","max-video-preview":"max-video-preview:-1"},"canonical":"https:\/\/www.malinashop.lt\/lt_lt\/shop\/roomoi-celestial-gardenia-purskiamas-namu-automobilio-kvapas-200-ml\/","og_locale":"lt_LT","og_type":"article","og_title":"ROOMOI CELESTIAL GARDENIA pur\u0161kiamas nam\u0173-automobilio kvapas, 200 ml - MalinaShop.lt J\u016bs\u0173 sveikatai ir gro\u017eiui.","og_description":"ROOMOI Celestial Gardenia \u2013 itali\u0161kas nam\u0173 kvapas su citrus\u0173, vaisi\u0173 ir vanil\u0117s natomis. Gaivus, prabangus ir ilgai i\u0161liekantis Vidur\u017eemio aromatas.","og_url":"https:\/\/www.malinashop.lt\/lt_lt\/shop\/roomoi-celestial-gardenia-purskiamas-namu-automobilio-kvapas-200-ml\/","og_site_name":"MalinaShop.lt J\u016bs\u0173 sveikatai ir gro\u017eiui.","article_modified_time":"2026-03-30T08:25:11+00:00","og_image":[{"width":388,"height":388,"url":"https:\/\/www.malinashop.lt\/wp-content\/uploads\/2024\/11\/roomoi-celestial-gardenia-purskiamas-namu-automobilio-kvapas-200-ml-1.jpeg","type":"image\/jpeg"}],"twitter_card":"summary_large_image","schema":{"@context":"https:\/\/schema.org","@graph":[{"@type":"WebPage","@id":"https:\/\/www.malinashop.lt\/en\/shop\/roomoi-celestial-gardenia-purskiamas-namu-automobilio-kvapas-200-ml\/","url":"https:\/\/www.malinashop.lt\/en\/shop\/roomoi-celestial-gardenia-purskiamas-namu-automobilio-kvapas-200-ml\/","name":"ROOMOI CELESTIAL GARDENIA pur\u0161kiamas nam\u0173-automobilio kvapas, 200 ml - MalinaShop.lt J\u016bs\u0173 sveikatai ir gro\u017eiui.","isPartOf":{"@id":"https:\/\/www.malinashop.lt\/#website"},"primaryImageOfPage":{"@id":"https:\/\/www.malinashop.lt\/en\/shop\/roomoi-celestial-gardenia-purskiamas-namu-automobilio-kvapas-200-ml\/#primaryimage"},"image":{"@id":"https:\/\/www.malinashop.lt\/en\/shop\/roomoi-celestial-gardenia-purskiamas-namu-automobilio-kvapas-200-ml\/#primaryimage"},"thumbnailUrl":"https:\/\/www.malinashop.lt\/wp-content\/uploads\/2024\/11\/roomoi-celestial-gardenia-purskiamas-namu-automobilio-kvapas-200-ml-1.jpeg","datePublished":"2024-11-06T12:53:01+00:00","dateModified":"2026-03-30T08:25:11+00:00","description":"ROOMOI Celestial Gardenia \u2013 itali\u0161kas nam\u0173 kvapas su citrus\u0173, vaisi\u0173 ir vanil\u0117s natomis. Gaivus, prabangus ir ilgai i\u0161liekantis Vidur\u017eemio aromatas.","breadcrumb":{"@id":"https:\/\/www.malinashop.lt\/en\/shop\/roomoi-celestial-gardenia-purskiamas-namu-automobilio-kvapas-200-ml\/#breadcrumb"},"inLanguage":"lt-LT","potentialAction":[{"@type":"ReadAction","target":["https:\/\/www.malinashop.lt\/en\/shop\/roomoi-celestial-gardenia-purskiamas-namu-automobilio-kvapas-200-ml\/"]}]},{"@type":"ImageObject","inLanguage":"lt-LT","@id":"https:\/\/www.malinashop.lt\/en\/shop\/roomoi-celestial-gardenia-purskiamas-namu-automobilio-kvapas-200-ml\/#primaryimage","url":"https:\/\/www.malinashop.lt\/wp-content\/uploads\/2024\/11\/roomoi-celestial-gardenia-purskiamas-namu-automobilio-kvapas-200-ml-1.jpeg","contentUrl":"https:\/\/www.malinashop.lt\/wp-content\/uploads\/2024\/11\/roomoi-celestial-gardenia-purskiamas-namu-automobilio-kvapas-200-ml-1.jpeg","width":388,"height":388},{"@type":"BreadcrumbList","@id":"https:\/\/www.malinashop.lt\/en\/shop\/roomoi-celestial-gardenia-purskiamas-namu-automobilio-kvapas-200-ml\/#breadcrumb","itemListElement":[{"@type":"ListItem","position":1,"name":"Pagrindinis","item":"https:\/\/www.malinashop.lt\/"},{"@type":"ListItem","position":2,"name":"Parduotuv\u0117","item":"https:\/\/www.malinashop.lt\/en\/parduotuve\/"},{"@type":"ListItem","position":3,"name":"ROOMOI CELESTIAL GARDENIA pur\u0161kiamas nam\u0173-automobilio kvapas, 200 ml"}]},{"@type":"WebSite","@id":"https:\/\/www.malinashop.lt\/#website","url":"https:\/\/www.malinashop.lt\/","name":"COM Group Ecommerce","description":"MalinaShop.lt - Gro\u017eio ir sveikatos produktai i\u0161 patikim\u0173 preki\u0173 \u017eenkl\u0173. Atraskite auk\u0161tos kokyb\u0117s kosmetik\u0105 u\u017e puiki\u0105 kain\u0105.","publisher":{"@id":"https:\/\/www.malinashop.lt\/#organization"},"potentialAction":[{"@type":"SearchAction","target":{"@type":"EntryPoint","urlTemplate":"https:\/\/www.malinashop.lt\/?s={search_term_string}"},"query-input":{"@type":"PropertyValueSpecification","valueRequired":true,"valueName":"search_term_string"}}],"inLanguage":"lt-LT"},{"@type":"Organization","@id":"https:\/\/www.malinashop.lt\/#organization","name":"COM Group Ecommerce","url":"https:\/\/www.malinashop.lt\/","logo":{"@type":"ImageObject","inLanguage":"lt-LT","@id":"https:\/\/www.malinashop.lt\/#\/schema\/logo\/image\/","url":"https:\/\/www.malinashop.lt\/wp-content\/uploads\/2024\/08\/462559670_3787732518133670_9795632669273463_n-e1731525914575.png","contentUrl":"https:\/\/www.malinashop.lt\/wp-content\/uploads\/2024\/08\/462559670_3787732518133670_9795632669273463_n-e1731525914575.png","width":180,"height":60,"caption":"COM Group Ecommerce"},"image":{"@id":"https:\/\/www.malinashop.lt\/#\/schema\/logo\/image\/"}}]}},"jetpack_sharing_enabled":true,"_links":{"self":[{"href":"https:\/\/www.malinashop.lt\/lt_lt\/wp-json\/wp\/v2\/product\/19975","targetHints":{"allow":["GET"]}}],"collection":[{"href":"https:\/\/www.malinashop.lt\/lt_lt\/wp-json\/wp\/v2\/product"}],"about":[{"href":"https:\/\/www.malinashop.lt\/lt_lt\/wp-json\/wp\/v2\/types\/product"}],"version-history":[{"count":3,"href":"https:\/\/www.malinashop.lt\/lt_lt\/wp-json\/wp\/v2\/product\/19975\/revisions"}],"predecessor-version":[{"id":59904,"href":"https:\/\/www.malinashop.lt\/lt_lt\/wp-json\/wp\/v2\/product\/19975\/revisions\/59904"}],"wp:featuredmedia":[{"embeddable":true,"href":"https:\/\/www.malinashop.lt\/lt_lt\/wp-json\/wp\/v2\/media\/21300"}],"wp:attachment":[{"href":"https:\/\/www.malinashop.lt\/lt_lt\/wp-json\/wp\/v2\/media?parent=19975"}],"wp:term":[{"taxonomy":"product_brand","embeddable":true,"href":"https:\/\/www.malinashop.lt\/lt_lt\/wp-json\/wp\/v2\/product_brand?post=19975"},{"taxonomy":"product_cat","embeddable":true,"href":"https:\/\/www.malinashop.lt\/lt_lt\/wp-json\/wp\/v2\/product_cat?post=19975"},{"taxonomy":"product_tag","embeddable":true,"href":"https:\/\/www.malinashop.lt\/lt_lt\/wp-json\/wp\/v2\/product_tag?post=19975"}],"curies":[{"name":"wp","href":"https:\/\/api.w.org\/{rel}","templated":true}]}}