{"id":19971,"date":"2024-11-06T15:53:01","date_gmt":"2024-11-06T12:53:01","guid":{"rendered":"https:\/\/malinashop.lt\/produktas\/roomoi-exotic-shade-purskiamas-namu-automobilio-kvapas-200-ml\/"},"modified":"2026-03-30T11:25:11","modified_gmt":"2026-03-30T08:25:11","slug":"roomoi-exotic-shade-purskiamas-namu-automobilio-kvapas-200-ml","status":"publish","type":"product","link":"https:\/\/www.malinashop.lt\/lt_lt\/shop\/roomoi-exotic-shade-purskiamas-namu-automobilio-kvapas-200-ml\/","title":{"rendered":"ROOMOI EXOTIC SHADE pur\u0161kiamas nam\u0173-automobilio kvapas, 200 ml"},"content":{"rendered":"<p data-start=\"379\" data-end=\"655\">Patirkite <strong data-start=\"389\" data-end=\"420\">Tai\u010dio vasaros nakt\u0173 magij\u0105<\/strong> su <strong data-start=\"424\" data-end=\"447\">ROOMOI Exotic Shade<\/strong> \u2013 kvapu, kuris sujungia <strong data-start=\"472\" data-end=\"528\">tropin\u012f \u017eaves\u012f, elegancij\u0105 ir i\u0161skirtin\u012f rafinuotum\u0105<\/strong>. \u0160is aromatas ne tik pripildo erdv\u0119 egzoti\u0161komis natomis, bet ir suteikia jai <strong data-start=\"607\" data-end=\"632\">\u0161ilt\u0105, prabangi\u0105 aur\u0105<\/strong>, kuri i\u0161lieka ilgai.<\/p>\n<p data-start=\"657\" data-end=\"976\">Kvapo prad\u017eioje jus pasitinka <strong data-start=\"687\" data-end=\"740\">juod\u0173j\u0173 pipir\u0173 a\u0161trumas ir Ylang-Ylang g\u0117li\u0161kumas<\/strong>, suteikiantys energijos bei paslaptingumo. V\u0117liau atsiskleid\u017eia <strong data-start=\"805\" data-end=\"851\">sl\u0117nio lelijos, ro\u017e\u0117s, jazmino ir gvazdiko<\/strong> prabanga, o <strong data-start=\"864\" data-end=\"901\">vanil\u0117s, kedro, ambros ir muskuso<\/strong> derinys sukuria \u0161veln\u0173, jausming\u0105 pagrind\u0105, i\u0161liekant\u012f valand\u0173 valandas.<\/p>\n<p data-start=\"978\" data-end=\"1141\"><strong data-start=\"978\" data-end=\"1001\">ROOMOI Exotic Shade<\/strong> \u2013 tai aromatas, kuris \u012f j\u016bs\u0173 aplink\u0105 atne\u0161a <strong data-start=\"1046\" data-end=\"1081\">vasaros, egzotikos ir prabangos<\/strong> poj\u016bt\u012f, leisdamas kasdienyb\u0117je pajusti atostog\u0173 nuotaik\u0105.<\/p>\n<h3 data-start=\"1148\" data-end=\"1172\"><strong data-start=\"1152\" data-end=\"1170\">Kvap\u0173 sud\u0117tis:<\/strong><\/h3>\n<ul data-start=\"1173\" data-end=\"1347\">\n<li data-start=\"1173\" data-end=\"1228\">\n<p data-start=\"1175\" data-end=\"1228\"><strong data-start=\"1175\" data-end=\"1196\">Vir\u0161utin\u0117s natos:<\/strong> juodieji pipirai, Ylang-Ylang<\/p>\n<\/li>\n<li data-start=\"1229\" data-end=\"1294\">\n<p data-start=\"1231\" data-end=\"1294\"><strong data-start=\"1231\" data-end=\"1251\">Vidurin\u0117s natos:<\/strong> sl\u0117nio lelija, ro\u017e\u0117, jazminas, gvazdikas<\/p>\n<\/li>\n<li data-start=\"1295\" data-end=\"1347\">\n<p data-start=\"1297\" data-end=\"1347\"><strong data-start=\"1297\" data-end=\"1315\">Bazin\u0117s natos:<\/strong> vanil\u0117, kedras, ambra, muskus<\/p>\n<\/li>\n<\/ul>\n<h3 data-start=\"1354\" data-end=\"1386\"><strong data-start=\"1358\" data-end=\"1384\">Dizainas ir naudojimas<\/strong><\/h3>\n<p data-start=\"1387\" data-end=\"1611\">Kvapas pateikiamas <strong data-start=\"1406\" data-end=\"1480\">minimalistiniame keramikinio stiliaus buteliuke su juodomis lazdel\u0117mis<\/strong>, kuris tobulai dera prie bet kokio interjero. Jo dizainas sukurtas taip, kad <strong data-start=\"1558\" data-end=\"1608\">kvapas skleist\u0173si tolygiai, subtiliai ir ilgai<\/strong>.<\/p>\n<p data-start=\"1613\" data-end=\"1738\">Supakuotas \u012f <strong data-start=\"1626\" data-end=\"1646\">prabangi\u0105 d\u0117\u017eut\u0119<\/strong>, \u0161is kvapas yra <strong data-start=\"1663\" data-end=\"1679\">puiki dovana<\/strong> arba <strong data-start=\"1685\" data-end=\"1735\">stilingas akcentas j\u016bs\u0173 namams ar automobiliui<\/strong>.<\/p>\n<h3 data-start=\"1745\" data-end=\"1774\"><strong data-start=\"1749\" data-end=\"1772\">Platus pasirinkimas<\/strong><\/h3>\n<p data-start=\"1775\" data-end=\"1904\">Atraskite vis\u0105 <strong data-start=\"1790\" data-end=\"1800\">ROOMOI<\/strong> kolekcij\u0105:<br data-start=\"1811\" data-end=\"1814\" \/>Ambre Deep \u2022 Nordique Cold \u2022 Vin Noble \u2022 Voyage Oriental \u2022 Vanille Tender \u2022 Exotic Shade<\/p>\n<p data-start=\"1906\" data-end=\"2002\">Naudokite kartu su <strong data-start=\"1925\" data-end=\"1952\">ROOMOI kvap\u0173 lazdel\u0117mis<\/strong>, kad aromatas i\u0161likt\u0173 intensyvus ir ilgalaikis.<\/p>\n<h3 data-start=\"2009\" data-end=\"2038\"><strong data-start=\"2013\" data-end=\"2036\">Pagaminta Italijoje<\/strong><\/h3>\n<p data-start=\"2039\" data-end=\"2173\">Visi <strong data-start=\"2044\" data-end=\"2066\">ROOMOI nam\u0173 kvapai<\/strong> gaminami <strong data-start=\"2076\" data-end=\"2089\">Italijoje<\/strong>, u\u017etikrinant <strong data-start=\"2103\" data-end=\"2170\">auk\u0161\u010diausi\u0105 kokyb\u0119, ilgaam\u017ei\u0161kum\u0105 ir i\u0161skirtin\u012f aromato balans\u0105<\/strong>.<\/p>\n<div class=\"text-tab text-tab-id-10\">\n<p>&nbsp;<\/p>\n<\/div>\n","protected":false},"excerpt":{"rendered":"<p><strong data-start=\"145\" data-end=\"168\">ROOMOI Exotic Shade<\/strong> \u2013 tai egzoti\u0161kas ir eleganti\u0161kas kvapas, \u012fkv\u0117ptas Tai\u010dio vasaros nakt\u0173. \u0160iltos vanil\u0117s, kedro ir g\u0117li\u0173 natos sukuria jauki\u0105, rafinuot\u0105 atmosfer\u0105 j\u016bs\u0173 namuose ar automobilyje.<\/p>\n","protected":false},"featured_media":21305,"template":"","meta":[],"product_brand":[552],"product_cat":[1137,1140,573,197],"product_tag":[1153],"class_list":{"0":"post-19971","1":"product","2":"type-product","3":"status-publish","4":"has-post-thumbnail","6":"product_brand-roomoi","7":"product_cat-dovanos","8":"product_cat-namu-kvapai","9":"product_cat-namu-kvapai-2","10":"product_cat-purskiami-namu-kvapai","11":"product_tag-roomoi","13":"first","14":"instock","15":"sale","16":"taxable","17":"shipping-taxable","18":"purchasable","19":"product-type-simple"},"yoast_head":"<!-- This site is optimized with the Yoast SEO plugin v27.4 - https:\/\/yoast.com\/product\/yoast-seo-wordpress\/ -->\n<title>ROOMOI EXOTIC SHADE pur\u0161kiamas nam\u0173-automobilio kvapas, 200 ml - MalinaShop.lt J\u016bs\u0173 sveikatai ir gro\u017eiui.<\/title>\n<meta name=\"description\" content=\"ROOMOI Exotic Shade \u2013 itali\u0161kas egzoti\u0161kas kvapas su Ylang-Ylang, vanil\u0117s ir kedro natomis. Ilgai i\u0161liekantis aromatas j\u016bs\u0173 namams ar automobiliui.\" \/>\n<meta name=\"robots\" content=\"index, follow, max-snippet:-1, max-image-preview:large, max-video-preview:-1\" \/>\n<link rel=\"canonical\" href=\"https:\/\/www.malinashop.lt\/lt_lt\/shop\/roomoi-exotic-shade-purskiamas-namu-automobilio-kvapas-200-ml\/\" \/>\n<meta property=\"og:locale\" content=\"lt_LT\" \/>\n<meta property=\"og:type\" content=\"article\" \/>\n<meta property=\"og:title\" content=\"ROOMOI EXOTIC SHADE pur\u0161kiamas nam\u0173-automobilio kvapas, 200 ml - MalinaShop.lt J\u016bs\u0173 sveikatai ir gro\u017eiui.\" \/>\n<meta property=\"og:description\" content=\"ROOMOI Exotic Shade \u2013 itali\u0161kas egzoti\u0161kas kvapas su Ylang-Ylang, vanil\u0117s ir kedro natomis. Ilgai i\u0161liekantis aromatas j\u016bs\u0173 namams ar automobiliui.\" \/>\n<meta property=\"og:url\" content=\"https:\/\/www.malinashop.lt\/lt_lt\/shop\/roomoi-exotic-shade-purskiamas-namu-automobilio-kvapas-200-ml\/\" \/>\n<meta property=\"og:site_name\" content=\"MalinaShop.lt J\u016bs\u0173 sveikatai ir gro\u017eiui.\" \/>\n<meta property=\"article:modified_time\" content=\"2026-03-30T08:25:11+00:00\" \/>\n<meta property=\"og:image\" content=\"https:\/\/www.malinashop.lt\/wp-content\/uploads\/2024\/11\/roomoi-exotic-shade-purskiamas-namu-automobilio-kvapas-200-ml-1.jpeg\" \/>\n\t<meta property=\"og:image:width\" content=\"388\" \/>\n\t<meta property=\"og:image:height\" content=\"388\" \/>\n\t<meta property=\"og:image:type\" content=\"image\/jpeg\" \/>\n<meta name=\"twitter:card\" content=\"summary_large_image\" \/>\n<script type=\"application\/ld+json\" class=\"yoast-schema-graph\">{\"@context\":\"https:\\\/\\\/schema.org\",\"@graph\":[{\"@type\":\"WebPage\",\"@id\":\"https:\\\/\\\/www.malinashop.lt\\\/lt_lt\\\/shop\\\/roomoi-exotic-shade-purskiamas-namu-automobilio-kvapas-200-ml\\\/\",\"url\":\"https:\\\/\\\/www.malinashop.lt\\\/lt_lt\\\/shop\\\/roomoi-exotic-shade-purskiamas-namu-automobilio-kvapas-200-ml\\\/\",\"name\":\"ROOMOI EXOTIC SHADE pur\u0161kiamas nam\u0173-automobilio kvapas, 200 ml - MalinaShop.lt J\u016bs\u0173 sveikatai ir gro\u017eiui.\",\"isPartOf\":{\"@id\":\"https:\\\/\\\/www.malinashop.lt\\\/#website\"},\"primaryImageOfPage\":{\"@id\":\"https:\\\/\\\/www.malinashop.lt\\\/lt_lt\\\/shop\\\/roomoi-exotic-shade-purskiamas-namu-automobilio-kvapas-200-ml\\\/#primaryimage\"},\"image\":{\"@id\":\"https:\\\/\\\/www.malinashop.lt\\\/lt_lt\\\/shop\\\/roomoi-exotic-shade-purskiamas-namu-automobilio-kvapas-200-ml\\\/#primaryimage\"},\"thumbnailUrl\":\"https:\\\/\\\/www.malinashop.lt\\\/wp-content\\\/uploads\\\/2024\\\/11\\\/roomoi-exotic-shade-purskiamas-namu-automobilio-kvapas-200-ml-1.jpeg\",\"datePublished\":\"2024-11-06T12:53:01+00:00\",\"dateModified\":\"2026-03-30T08:25:11+00:00\",\"description\":\"ROOMOI Exotic Shade \u2013 itali\u0161kas egzoti\u0161kas kvapas su Ylang-Ylang, vanil\u0117s ir kedro natomis. Ilgai i\u0161liekantis aromatas j\u016bs\u0173 namams ar automobiliui.\",\"breadcrumb\":{\"@id\":\"https:\\\/\\\/www.malinashop.lt\\\/lt_lt\\\/shop\\\/roomoi-exotic-shade-purskiamas-namu-automobilio-kvapas-200-ml\\\/#breadcrumb\"},\"inLanguage\":\"lt-LT\",\"potentialAction\":[{\"@type\":\"ReadAction\",\"target\":[\"https:\\\/\\\/www.malinashop.lt\\\/lt_lt\\\/shop\\\/roomoi-exotic-shade-purskiamas-namu-automobilio-kvapas-200-ml\\\/\"]}]},{\"@type\":\"ImageObject\",\"inLanguage\":\"lt-LT\",\"@id\":\"https:\\\/\\\/www.malinashop.lt\\\/lt_lt\\\/shop\\\/roomoi-exotic-shade-purskiamas-namu-automobilio-kvapas-200-ml\\\/#primaryimage\",\"url\":\"https:\\\/\\\/www.malinashop.lt\\\/wp-content\\\/uploads\\\/2024\\\/11\\\/roomoi-exotic-shade-purskiamas-namu-automobilio-kvapas-200-ml-1.jpeg\",\"contentUrl\":\"https:\\\/\\\/www.malinashop.lt\\\/wp-content\\\/uploads\\\/2024\\\/11\\\/roomoi-exotic-shade-purskiamas-namu-automobilio-kvapas-200-ml-1.jpeg\",\"width\":388,\"height\":388},{\"@type\":\"BreadcrumbList\",\"@id\":\"https:\\\/\\\/www.malinashop.lt\\\/lt_lt\\\/shop\\\/roomoi-exotic-shade-purskiamas-namu-automobilio-kvapas-200-ml\\\/#breadcrumb\",\"itemListElement\":[{\"@type\":\"ListItem\",\"position\":1,\"name\":\"Pagrindinis\",\"item\":\"https:\\\/\\\/www.malinashop.lt\\\/\"},{\"@type\":\"ListItem\",\"position\":2,\"name\":\"Parduotuv\u0117\",\"item\":\"https:\\\/\\\/www.malinashop.lt\\\/en\\\/parduotuve\\\/\"},{\"@type\":\"ListItem\",\"position\":3,\"name\":\"ROOMOI EXOTIC SHADE pur\u0161kiamas nam\u0173-automobilio kvapas, 200 ml\"}]},{\"@type\":\"WebSite\",\"@id\":\"https:\\\/\\\/www.malinashop.lt\\\/#website\",\"url\":\"https:\\\/\\\/www.malinashop.lt\\\/\",\"name\":\"COM Group Ecommerce\",\"description\":\"MalinaShop.lt - Gro\u017eio ir sveikatos produktai i\u0161 patikim\u0173 preki\u0173 \u017eenkl\u0173. Atraskite auk\u0161tos kokyb\u0117s kosmetik\u0105 u\u017e puiki\u0105 kain\u0105.\",\"publisher\":{\"@id\":\"https:\\\/\\\/www.malinashop.lt\\\/#organization\"},\"potentialAction\":[{\"@type\":\"SearchAction\",\"target\":{\"@type\":\"EntryPoint\",\"urlTemplate\":\"https:\\\/\\\/www.malinashop.lt\\\/?s={search_term_string}\"},\"query-input\":{\"@type\":\"PropertyValueSpecification\",\"valueRequired\":true,\"valueName\":\"search_term_string\"}}],\"inLanguage\":\"lt-LT\"},{\"@type\":\"Organization\",\"@id\":\"https:\\\/\\\/www.malinashop.lt\\\/#organization\",\"name\":\"COM Group Ecommerce\",\"url\":\"https:\\\/\\\/www.malinashop.lt\\\/\",\"logo\":{\"@type\":\"ImageObject\",\"inLanguage\":\"lt-LT\",\"@id\":\"https:\\\/\\\/www.malinashop.lt\\\/#\\\/schema\\\/logo\\\/image\\\/\",\"url\":\"https:\\\/\\\/www.malinashop.lt\\\/wp-content\\\/uploads\\\/2024\\\/08\\\/462559670_3787732518133670_9795632669273463_n-e1731525914575.png\",\"contentUrl\":\"https:\\\/\\\/www.malinashop.lt\\\/wp-content\\\/uploads\\\/2024\\\/08\\\/462559670_3787732518133670_9795632669273463_n-e1731525914575.png\",\"width\":180,\"height\":60,\"caption\":\"COM Group Ecommerce\"},\"image\":{\"@id\":\"https:\\\/\\\/www.malinashop.lt\\\/#\\\/schema\\\/logo\\\/image\\\/\"}}]}<\/script>\n<!-- \/ Yoast SEO plugin. -->","yoast_head_json":{"title":"ROOMOI EXOTIC SHADE pur\u0161kiamas nam\u0173-automobilio kvapas, 200 ml - MalinaShop.lt J\u016bs\u0173 sveikatai ir gro\u017eiui.","description":"ROOMOI Exotic Shade \u2013 itali\u0161kas egzoti\u0161kas kvapas su Ylang-Ylang, vanil\u0117s ir kedro natomis. Ilgai i\u0161liekantis aromatas j\u016bs\u0173 namams ar automobiliui.","robots":{"index":"index","follow":"follow","max-snippet":"max-snippet:-1","max-image-preview":"max-image-preview:large","max-video-preview":"max-video-preview:-1"},"canonical":"https:\/\/www.malinashop.lt\/lt_lt\/shop\/roomoi-exotic-shade-purskiamas-namu-automobilio-kvapas-200-ml\/","og_locale":"lt_LT","og_type":"article","og_title":"ROOMOI EXOTIC SHADE pur\u0161kiamas nam\u0173-automobilio kvapas, 200 ml - MalinaShop.lt J\u016bs\u0173 sveikatai ir gro\u017eiui.","og_description":"ROOMOI Exotic Shade \u2013 itali\u0161kas egzoti\u0161kas kvapas su Ylang-Ylang, vanil\u0117s ir kedro natomis. Ilgai i\u0161liekantis aromatas j\u016bs\u0173 namams ar automobiliui.","og_url":"https:\/\/www.malinashop.lt\/lt_lt\/shop\/roomoi-exotic-shade-purskiamas-namu-automobilio-kvapas-200-ml\/","og_site_name":"MalinaShop.lt J\u016bs\u0173 sveikatai ir gro\u017eiui.","article_modified_time":"2026-03-30T08:25:11+00:00","og_image":[{"width":388,"height":388,"url":"https:\/\/www.malinashop.lt\/wp-content\/uploads\/2024\/11\/roomoi-exotic-shade-purskiamas-namu-automobilio-kvapas-200-ml-1.jpeg","type":"image\/jpeg"}],"twitter_card":"summary_large_image","schema":{"@context":"https:\/\/schema.org","@graph":[{"@type":"WebPage","@id":"https:\/\/www.malinashop.lt\/lt_lt\/shop\/roomoi-exotic-shade-purskiamas-namu-automobilio-kvapas-200-ml\/","url":"https:\/\/www.malinashop.lt\/lt_lt\/shop\/roomoi-exotic-shade-purskiamas-namu-automobilio-kvapas-200-ml\/","name":"ROOMOI EXOTIC SHADE pur\u0161kiamas nam\u0173-automobilio kvapas, 200 ml - MalinaShop.lt J\u016bs\u0173 sveikatai ir gro\u017eiui.","isPartOf":{"@id":"https:\/\/www.malinashop.lt\/#website"},"primaryImageOfPage":{"@id":"https:\/\/www.malinashop.lt\/lt_lt\/shop\/roomoi-exotic-shade-purskiamas-namu-automobilio-kvapas-200-ml\/#primaryimage"},"image":{"@id":"https:\/\/www.malinashop.lt\/lt_lt\/shop\/roomoi-exotic-shade-purskiamas-namu-automobilio-kvapas-200-ml\/#primaryimage"},"thumbnailUrl":"https:\/\/www.malinashop.lt\/wp-content\/uploads\/2024\/11\/roomoi-exotic-shade-purskiamas-namu-automobilio-kvapas-200-ml-1.jpeg","datePublished":"2024-11-06T12:53:01+00:00","dateModified":"2026-03-30T08:25:11+00:00","description":"ROOMOI Exotic Shade \u2013 itali\u0161kas egzoti\u0161kas kvapas su Ylang-Ylang, vanil\u0117s ir kedro natomis. Ilgai i\u0161liekantis aromatas j\u016bs\u0173 namams ar automobiliui.","breadcrumb":{"@id":"https:\/\/www.malinashop.lt\/lt_lt\/shop\/roomoi-exotic-shade-purskiamas-namu-automobilio-kvapas-200-ml\/#breadcrumb"},"inLanguage":"lt-LT","potentialAction":[{"@type":"ReadAction","target":["https:\/\/www.malinashop.lt\/lt_lt\/shop\/roomoi-exotic-shade-purskiamas-namu-automobilio-kvapas-200-ml\/"]}]},{"@type":"ImageObject","inLanguage":"lt-LT","@id":"https:\/\/www.malinashop.lt\/lt_lt\/shop\/roomoi-exotic-shade-purskiamas-namu-automobilio-kvapas-200-ml\/#primaryimage","url":"https:\/\/www.malinashop.lt\/wp-content\/uploads\/2024\/11\/roomoi-exotic-shade-purskiamas-namu-automobilio-kvapas-200-ml-1.jpeg","contentUrl":"https:\/\/www.malinashop.lt\/wp-content\/uploads\/2024\/11\/roomoi-exotic-shade-purskiamas-namu-automobilio-kvapas-200-ml-1.jpeg","width":388,"height":388},{"@type":"BreadcrumbList","@id":"https:\/\/www.malinashop.lt\/lt_lt\/shop\/roomoi-exotic-shade-purskiamas-namu-automobilio-kvapas-200-ml\/#breadcrumb","itemListElement":[{"@type":"ListItem","position":1,"name":"Pagrindinis","item":"https:\/\/www.malinashop.lt\/"},{"@type":"ListItem","position":2,"name":"Parduotuv\u0117","item":"https:\/\/www.malinashop.lt\/en\/parduotuve\/"},{"@type":"ListItem","position":3,"name":"ROOMOI EXOTIC SHADE pur\u0161kiamas nam\u0173-automobilio kvapas, 200 ml"}]},{"@type":"WebSite","@id":"https:\/\/www.malinashop.lt\/#website","url":"https:\/\/www.malinashop.lt\/","name":"COM Group Ecommerce","description":"MalinaShop.lt - Gro\u017eio ir sveikatos produktai i\u0161 patikim\u0173 preki\u0173 \u017eenkl\u0173. Atraskite auk\u0161tos kokyb\u0117s kosmetik\u0105 u\u017e puiki\u0105 kain\u0105.","publisher":{"@id":"https:\/\/www.malinashop.lt\/#organization"},"potentialAction":[{"@type":"SearchAction","target":{"@type":"EntryPoint","urlTemplate":"https:\/\/www.malinashop.lt\/?s={search_term_string}"},"query-input":{"@type":"PropertyValueSpecification","valueRequired":true,"valueName":"search_term_string"}}],"inLanguage":"lt-LT"},{"@type":"Organization","@id":"https:\/\/www.malinashop.lt\/#organization","name":"COM Group Ecommerce","url":"https:\/\/www.malinashop.lt\/","logo":{"@type":"ImageObject","inLanguage":"lt-LT","@id":"https:\/\/www.malinashop.lt\/#\/schema\/logo\/image\/","url":"https:\/\/www.malinashop.lt\/wp-content\/uploads\/2024\/08\/462559670_3787732518133670_9795632669273463_n-e1731525914575.png","contentUrl":"https:\/\/www.malinashop.lt\/wp-content\/uploads\/2024\/08\/462559670_3787732518133670_9795632669273463_n-e1731525914575.png","width":180,"height":60,"caption":"COM Group Ecommerce"},"image":{"@id":"https:\/\/www.malinashop.lt\/#\/schema\/logo\/image\/"}}]}},"jetpack_sharing_enabled":true,"_links":{"self":[{"href":"https:\/\/www.malinashop.lt\/lt_lt\/wp-json\/wp\/v2\/product\/19971","targetHints":{"allow":["GET"]}}],"collection":[{"href":"https:\/\/www.malinashop.lt\/lt_lt\/wp-json\/wp\/v2\/product"}],"about":[{"href":"https:\/\/www.malinashop.lt\/lt_lt\/wp-json\/wp\/v2\/types\/product"}],"version-history":[{"count":3,"href":"https:\/\/www.malinashop.lt\/lt_lt\/wp-json\/wp\/v2\/product\/19971\/revisions"}],"predecessor-version":[{"id":59900,"href":"https:\/\/www.malinashop.lt\/lt_lt\/wp-json\/wp\/v2\/product\/19971\/revisions\/59900"}],"wp:featuredmedia":[{"embeddable":true,"href":"https:\/\/www.malinashop.lt\/lt_lt\/wp-json\/wp\/v2\/media\/21305"}],"wp:attachment":[{"href":"https:\/\/www.malinashop.lt\/lt_lt\/wp-json\/wp\/v2\/media?parent=19971"}],"wp:term":[{"taxonomy":"product_brand","embeddable":true,"href":"https:\/\/www.malinashop.lt\/lt_lt\/wp-json\/wp\/v2\/product_brand?post=19971"},{"taxonomy":"product_cat","embeddable":true,"href":"https:\/\/www.malinashop.lt\/lt_lt\/wp-json\/wp\/v2\/product_cat?post=19971"},{"taxonomy":"product_tag","embeddable":true,"href":"https:\/\/www.malinashop.lt\/lt_lt\/wp-json\/wp\/v2\/product_tag?post=19971"}],"curies":[{"name":"wp","href":"https:\/\/api.w.org\/{rel}","templated":true}]}}