{"id":19953,"date":"2024-11-06T15:52:57","date_gmt":"2024-11-06T12:52:57","guid":{"rendered":"https:\/\/malinashop.lt\/produktas\/roomoi-regal-glory-namu-kvapu-papildymas-500-ml\/"},"modified":"2026-03-30T11:25:14","modified_gmt":"2026-03-30T08:25:14","slug":"roomoi-regal-glory-namu-kvapu-papildymas-500-ml","status":"publish","type":"product","link":"https:\/\/www.malinashop.lt\/lt_lt\/shop\/roomoi-regal-glory-namu-kvapu-papildymas-500-ml\/","title":{"rendered":"ROOMOI REGAL GLORY nam\u0173 kvap\u0173 papildymas, 500ml"},"content":{"rendered":"<p data-start=\"379\" data-end=\"694\"><strong data-start=\"379\" data-end=\"401\">ROOMOI REGAL GLORY<\/strong> nam\u0173 kvap\u0173 papildymas \u2013 tai <strong data-start=\"430\" data-end=\"477\">gyvybingas, gaivus ir eleganti\u0161kas aromatas<\/strong>, kuris \u012f j\u016bs\u0173 erdv\u0119 \u012fne\u0161a <strong data-start=\"504\" data-end=\"552\">nat\u016bralios energijos, \u0161varos ir j\u0117gos poj\u016bt\u012f<\/strong>. Kvapas primena <strong data-start=\"569\" data-end=\"601\">gaiv\u0173 or\u0105 po vasaros lietaus<\/strong> ir <strong data-start=\"605\" data-end=\"631\">\u017ealios gamtos alsavim\u0105<\/strong>, suteikdamas aplinkai <strong data-start=\"654\" data-end=\"684\">\u0161viesos, judesio ir \u0161varos<\/strong> poj\u016bt\u012f.<\/p>\n<p data-start=\"696\" data-end=\"1099\">Vir\u0161utin\u0117se natose juntami <strong data-start=\"723\" data-end=\"778\">juodieji serbentai, bergamot\u0117, obuoliai ir ananasai<\/strong>, kurie sukuria vaisi\u0161kai gaiv\u0173 aromato \u012f\u017eang\u0105.<br data-start=\"825\" data-end=\"828\" \/>Vidurin\u0117se \u2013 <strong data-start=\"841\" data-end=\"888\">pa\u010diulis, jazminas, ber\u017eas ir kadagio uogos<\/strong>, suteikian\u010dios kvapui \u0161velnaus prieskoni\u0161kumo ir i\u0161rai\u0161kingumo.<br data-start=\"952\" data-end=\"955\" \/>Bazin\u0117je dalyje atsiskleid\u017eia <strong data-start=\"985\" data-end=\"1030\">ambra, vanil\u0117, muskusas ir \u0105\u017euolo samanos<\/strong>, kurios suteikia aromatui <strong data-start=\"1057\" data-end=\"1096\">\u0161ilumos, prabangos ir ilgaam\u017ei\u0161kumo<\/strong>.<\/p>\n<p data-start=\"1101\" data-end=\"1203\">\u0160is papildymas puikiai tinka norint <strong data-start=\"1137\" data-end=\"1167\">atnaujinti esam\u0105 difuzori\u0173<\/strong>, i\u0161saugant m\u0117gstam\u0105 kvap\u0105 ilgiau.<\/p>\n<hr data-start=\"1205\" data-end=\"1208\" \/>\n<h4 data-start=\"1210\" data-end=\"1234\"><strong data-start=\"1214\" data-end=\"1232\">Kvap\u0173 sud\u0117tis:<\/strong><\/h4>\n<ul data-start=\"1235\" data-end=\"1440\">\n<li data-start=\"1235\" data-end=\"1310\">\n<p data-start=\"1237\" data-end=\"1310\"><strong data-start=\"1237\" data-end=\"1258\">Vir\u0161utin\u0117s natos:<\/strong> juodieji serbentai, bergamot\u0117, obuoliai, ananasai<\/p>\n<\/li>\n<li data-start=\"1311\" data-end=\"1377\">\n<p data-start=\"1313\" data-end=\"1377\"><strong data-start=\"1313\" data-end=\"1333\">Vidurin\u0117s natos:<\/strong> pa\u010diulis, jazminas, ber\u017eas, kadagio uogos<\/p>\n<\/li>\n<li data-start=\"1378\" data-end=\"1440\">\n<p data-start=\"1380\" data-end=\"1440\"><strong data-start=\"1380\" data-end=\"1398\">Bazin\u0117s natos:<\/strong> ambra, vanil\u0117, muskusas, \u0105\u017euolo samanos<\/p>\n<\/li>\n<\/ul>\n<hr data-start=\"1442\" data-end=\"1445\" \/>\n<h4 data-path-to-node=\"2\"><b data-path-to-node=\"2\" data-index-in-node=\"0\">Naudojimas ir savyb\u0117s<\/b><\/h4>\n<p data-path-to-node=\"3\"><b data-path-to-node=\"3\" data-index-in-node=\"0\">ROOMOI<\/b> nam\u0173 kvapai sukurti tam, kad skleist\u0173si tolygiai ir i\u0161likt\u0173 ilgai. Intensyvi kvap\u0173 kompozicija suteikia \u0161velnios prabangos poj\u016bt\u012f, o kruop\u0161\u010diai parinktos natos paver\u010dia aromat\u0105 ramiu, ta\u010diau nepaprastai sodriu. Pagamintas Italijoje, \u0161is kvapas pasi\u017eymi auk\u0161\u010diausia kokybe, aromato stabilumu ir ilgaam\u017ei\u0161kumu, tod\u0117l j\u016bs\u0173 namai visada skleis i\u0161skirtin\u0119 \u0161ilum\u0105 ir elegancij\u0105.<\/p>\n<p data-path-to-node=\"4\"><b data-path-to-node=\"4\" data-index-in-node=\"0\">I\u0161laikymas ir praktiniai patarimai:<\/b> Gamintojas nurodo, kad <b data-path-to-node=\"4\" data-index-in-node=\"59\">500 ml<\/b> talpos difuzorius vidutini\u0161kai tarnauja <b data-path-to-node=\"4\" data-index-in-node=\"106\">3\u20134 m\u0117nesius<\/b>. Ta\u010diau svarbu atkreipti d\u0117mes\u012f, kad kvapas gali i\u0161garuoti grei\u010diau d\u0117l \u0161i\u0173 prie\u017eas\u010di\u0173:<\/p>\n<ul data-path-to-node=\"5\">\n<li>\n<p data-path-to-node=\"5,0,0\"><b data-path-to-node=\"5,0,0\" data-index-in-node=\"0\">Patalpos dydis:<\/b> Didesn\u0117je erdv\u0117je skystis garuoja intensyviau.<\/p>\n<\/li>\n<li>\n<p data-path-to-node=\"5,1,0\"><b data-path-to-node=\"5,1,0\" data-index-in-node=\"0\">Aplinkos veiksniai:<\/b> Tiesioginiai saul\u0117s spinduliai, dr\u0117gm\u0117, skersv\u0117jis ar \u0161alia esantys \u0161ilumos \u0161altiniai pagreitina garavimo proces\u0105.<\/p>\n<\/li>\n<li>\n<p data-path-to-node=\"5,2,0\"><b data-path-to-node=\"5,2,0\" data-index-in-node=\"0\">Lazdeli\u0173 kiekis:<\/b> Kuo daugiau lazdeli\u0173 naudojate, tuo intensyviau sklis kvapas, ta\u010diau skystis i\u0161garuos grei\u010diau.<\/p>\n<\/li>\n<\/ul>\n<p data-path-to-node=\"6\"><b data-path-to-node=\"6\" data-index-in-node=\"0\">Svarbi informacija d\u0117l nauj\u0173 rinkini\u0173:<\/b> Atkreipiame d\u0117mes\u012f, kad naujuose rinkiniuose (<b data-path-to-node=\"6\" data-index-in-node=\"85\">500 ml + 200 ml<\/b> bei <b data-path-to-node=\"6\" data-index-in-node=\"105\">200 ml + 100 ml<\/b>) naudojamos <b data-path-to-node=\"6\" data-index-in-node=\"133\">atnaujinto tipo lazdel\u0117s<\/b>. Jos pasi\u017eymi dar efektyvesne sklaida, tod\u0117l rekomenduojame <b data-path-to-node=\"6\" data-index-in-node=\"218\">naudoti ma\u017eesn\u012f kiek\u012f lazdeli\u0173<\/b>. Reguliuodami j\u0173 kiek\u012f, lengvai rasite ideal\u0173 balans\u0105 tarp norimo aromato stiprumo ir produkto ilgaam\u017ei\u0161kumo.<\/p>\n","protected":false},"excerpt":{"rendered":"<p><strong data-start=\"143\" data-end=\"165\">ROOMOI REGAL GLORY<\/strong> \u2013 itali\u0161kas nam\u0173 kvap\u0173 papildymas su <strong data-start=\"203\" data-end=\"264\">bergamot\u0117s, juod\u0173j\u0173 serbent\u0173, jazmino, pa\u010diulio ir ambros<\/strong> natomis. Sukuria <strong data-start=\"282\" data-end=\"329\">gaivi\u0105, \u0161vari\u0105 ir energizuojan\u010di\u0105 atmosfer\u0105<\/strong> j\u016bs\u0173 namuose.<\/p>\n","protected":false},"featured_media":58486,"template":"","meta":[],"product_brand":[552],"product_cat":[1140,196,573],"product_tag":[1153],"class_list":{"0":"post-19953","1":"product","2":"type-product","3":"status-publish","4":"has-post-thumbnail","6":"product_brand-roomoi","7":"product_cat-namu-kvapai","8":"product_cat-namu-kvapu-papildymai","9":"product_cat-namu-kvapai-2","10":"product_tag-roomoi","12":"first","13":"instock","14":"sale","15":"taxable","16":"shipping-taxable","17":"purchasable","18":"product-type-simple"},"yoast_head":"<!-- This site is optimized with the Yoast SEO plugin v27.4 - https:\/\/yoast.com\/product\/yoast-seo-wordpress\/ -->\n<title>ROOMOI REGAL GLORY nam\u0173 kvap\u0173 papildymas, 500ml - MalinaShop.lt J\u016bs\u0173 sveikatai ir gro\u017eiui.<\/title>\n<meta name=\"description\" content=\"ROOMOI REGAL GLORY \u2013 itali\u0161kas nam\u0173 kvap\u0173 papildymas su bergamot\u0117s, jazmino ir ambros natomis. Gaivus, energizuojantis ir ilgai i\u0161liekantis aromatas.\" \/>\n<meta name=\"robots\" content=\"index, follow, max-snippet:-1, max-image-preview:large, max-video-preview:-1\" \/>\n<link rel=\"canonical\" href=\"https:\/\/www.malinashop.lt\/lt_lt\/shop\/roomoi-regal-glory-namu-kvapu-papildymas-500-ml\/\" \/>\n<meta property=\"og:locale\" content=\"lt_LT\" \/>\n<meta property=\"og:type\" content=\"article\" \/>\n<meta property=\"og:title\" content=\"ROOMOI REGAL GLORY nam\u0173 kvap\u0173 papildymas, 500ml - MalinaShop.lt J\u016bs\u0173 sveikatai ir gro\u017eiui.\" \/>\n<meta property=\"og:description\" content=\"ROOMOI REGAL GLORY \u2013 itali\u0161kas nam\u0173 kvap\u0173 papildymas su bergamot\u0117s, jazmino ir ambros natomis. Gaivus, energizuojantis ir ilgai i\u0161liekantis aromatas.\" \/>\n<meta property=\"og:url\" content=\"https:\/\/www.malinashop.lt\/lt_lt\/shop\/roomoi-regal-glory-namu-kvapu-papildymas-500-ml\/\" \/>\n<meta property=\"og:site_name\" content=\"MalinaShop.lt J\u016bs\u0173 sveikatai ir gro\u017eiui.\" \/>\n<meta property=\"article:modified_time\" content=\"2026-03-30T08:25:14+00:00\" \/>\n<meta property=\"og:image\" content=\"https:\/\/www.malinashop.lt\/wp-content\/uploads\/2024\/11\/ROOMOI-REGAL-GLORY-namu-kvapu-papildymas-500-ml.webp\" \/>\n\t<meta property=\"og:image:width\" content=\"768\" \/>\n\t<meta property=\"og:image:height\" content=\"768\" \/>\n\t<meta property=\"og:image:type\" content=\"image\/webp\" \/>\n<meta name=\"twitter:card\" content=\"summary_large_image\" \/>\n<script type=\"application\/ld+json\" class=\"yoast-schema-graph\">{\"@context\":\"https:\\\/\\\/schema.org\",\"@graph\":[{\"@type\":\"WebPage\",\"@id\":\"https:\\\/\\\/www.malinashop.lt\\\/en\\\/shop\\\/roomoi-regal-glory-namu-kvapu-papildymas-500-ml\\\/\",\"url\":\"https:\\\/\\\/www.malinashop.lt\\\/en\\\/shop\\\/roomoi-regal-glory-namu-kvapu-papildymas-500-ml\\\/\",\"name\":\"ROOMOI REGAL GLORY nam\u0173 kvap\u0173 papildymas, 500ml - MalinaShop.lt J\u016bs\u0173 sveikatai ir gro\u017eiui.\",\"isPartOf\":{\"@id\":\"https:\\\/\\\/www.malinashop.lt\\\/#website\"},\"primaryImageOfPage\":{\"@id\":\"https:\\\/\\\/www.malinashop.lt\\\/en\\\/shop\\\/roomoi-regal-glory-namu-kvapu-papildymas-500-ml\\\/#primaryimage\"},\"image\":{\"@id\":\"https:\\\/\\\/www.malinashop.lt\\\/en\\\/shop\\\/roomoi-regal-glory-namu-kvapu-papildymas-500-ml\\\/#primaryimage\"},\"thumbnailUrl\":\"https:\\\/\\\/www.malinashop.lt\\\/wp-content\\\/uploads\\\/2024\\\/11\\\/ROOMOI-REGAL-GLORY-namu-kvapu-papildymas-500-ml.webp\",\"datePublished\":\"2024-11-06T12:52:57+00:00\",\"dateModified\":\"2026-03-30T08:25:14+00:00\",\"description\":\"ROOMOI REGAL GLORY \u2013 itali\u0161kas nam\u0173 kvap\u0173 papildymas su bergamot\u0117s, jazmino ir ambros natomis. Gaivus, energizuojantis ir ilgai i\u0161liekantis aromatas.\",\"breadcrumb\":{\"@id\":\"https:\\\/\\\/www.malinashop.lt\\\/en\\\/shop\\\/roomoi-regal-glory-namu-kvapu-papildymas-500-ml\\\/#breadcrumb\"},\"inLanguage\":\"lt-LT\",\"potentialAction\":[{\"@type\":\"ReadAction\",\"target\":[\"https:\\\/\\\/www.malinashop.lt\\\/en\\\/shop\\\/roomoi-regal-glory-namu-kvapu-papildymas-500-ml\\\/\"]}]},{\"@type\":\"ImageObject\",\"inLanguage\":\"lt-LT\",\"@id\":\"https:\\\/\\\/www.malinashop.lt\\\/en\\\/shop\\\/roomoi-regal-glory-namu-kvapu-papildymas-500-ml\\\/#primaryimage\",\"url\":\"https:\\\/\\\/www.malinashop.lt\\\/wp-content\\\/uploads\\\/2024\\\/11\\\/ROOMOI-REGAL-GLORY-namu-kvapu-papildymas-500-ml.webp\",\"contentUrl\":\"https:\\\/\\\/www.malinashop.lt\\\/wp-content\\\/uploads\\\/2024\\\/11\\\/ROOMOI-REGAL-GLORY-namu-kvapu-papildymas-500-ml.webp\",\"width\":768,\"height\":768},{\"@type\":\"BreadcrumbList\",\"@id\":\"https:\\\/\\\/www.malinashop.lt\\\/en\\\/shop\\\/roomoi-regal-glory-namu-kvapu-papildymas-500-ml\\\/#breadcrumb\",\"itemListElement\":[{\"@type\":\"ListItem\",\"position\":1,\"name\":\"Pagrindinis\",\"item\":\"https:\\\/\\\/www.malinashop.lt\\\/\"},{\"@type\":\"ListItem\",\"position\":2,\"name\":\"Parduotuv\u0117\",\"item\":\"https:\\\/\\\/www.malinashop.lt\\\/en\\\/parduotuve\\\/\"},{\"@type\":\"ListItem\",\"position\":3,\"name\":\"ROOMOI REGAL GLORY nam\u0173 kvap\u0173 papildymas, 500ml\"}]},{\"@type\":\"WebSite\",\"@id\":\"https:\\\/\\\/www.malinashop.lt\\\/#website\",\"url\":\"https:\\\/\\\/www.malinashop.lt\\\/\",\"name\":\"COM Group Ecommerce\",\"description\":\"MalinaShop.lt - Gro\u017eio ir sveikatos produktai i\u0161 patikim\u0173 preki\u0173 \u017eenkl\u0173. Atraskite auk\u0161tos kokyb\u0117s kosmetik\u0105 u\u017e puiki\u0105 kain\u0105.\",\"publisher\":{\"@id\":\"https:\\\/\\\/www.malinashop.lt\\\/#organization\"},\"potentialAction\":[{\"@type\":\"SearchAction\",\"target\":{\"@type\":\"EntryPoint\",\"urlTemplate\":\"https:\\\/\\\/www.malinashop.lt\\\/?s={search_term_string}\"},\"query-input\":{\"@type\":\"PropertyValueSpecification\",\"valueRequired\":true,\"valueName\":\"search_term_string\"}}],\"inLanguage\":\"lt-LT\"},{\"@type\":\"Organization\",\"@id\":\"https:\\\/\\\/www.malinashop.lt\\\/#organization\",\"name\":\"COM Group Ecommerce\",\"url\":\"https:\\\/\\\/www.malinashop.lt\\\/\",\"logo\":{\"@type\":\"ImageObject\",\"inLanguage\":\"lt-LT\",\"@id\":\"https:\\\/\\\/www.malinashop.lt\\\/#\\\/schema\\\/logo\\\/image\\\/\",\"url\":\"https:\\\/\\\/www.malinashop.lt\\\/wp-content\\\/uploads\\\/2024\\\/08\\\/462559670_3787732518133670_9795632669273463_n-e1731525914575.png\",\"contentUrl\":\"https:\\\/\\\/www.malinashop.lt\\\/wp-content\\\/uploads\\\/2024\\\/08\\\/462559670_3787732518133670_9795632669273463_n-e1731525914575.png\",\"width\":180,\"height\":60,\"caption\":\"COM Group Ecommerce\"},\"image\":{\"@id\":\"https:\\\/\\\/www.malinashop.lt\\\/#\\\/schema\\\/logo\\\/image\\\/\"}}]}<\/script>\n<!-- \/ Yoast SEO plugin. -->","yoast_head_json":{"title":"ROOMOI REGAL GLORY nam\u0173 kvap\u0173 papildymas, 500ml - MalinaShop.lt J\u016bs\u0173 sveikatai ir gro\u017eiui.","description":"ROOMOI REGAL GLORY \u2013 itali\u0161kas nam\u0173 kvap\u0173 papildymas su bergamot\u0117s, jazmino ir ambros natomis. Gaivus, energizuojantis ir ilgai i\u0161liekantis aromatas.","robots":{"index":"index","follow":"follow","max-snippet":"max-snippet:-1","max-image-preview":"max-image-preview:large","max-video-preview":"max-video-preview:-1"},"canonical":"https:\/\/www.malinashop.lt\/lt_lt\/shop\/roomoi-regal-glory-namu-kvapu-papildymas-500-ml\/","og_locale":"lt_LT","og_type":"article","og_title":"ROOMOI REGAL GLORY nam\u0173 kvap\u0173 papildymas, 500ml - MalinaShop.lt J\u016bs\u0173 sveikatai ir gro\u017eiui.","og_description":"ROOMOI REGAL GLORY \u2013 itali\u0161kas nam\u0173 kvap\u0173 papildymas su bergamot\u0117s, jazmino ir ambros natomis. Gaivus, energizuojantis ir ilgai i\u0161liekantis aromatas.","og_url":"https:\/\/www.malinashop.lt\/lt_lt\/shop\/roomoi-regal-glory-namu-kvapu-papildymas-500-ml\/","og_site_name":"MalinaShop.lt J\u016bs\u0173 sveikatai ir gro\u017eiui.","article_modified_time":"2026-03-30T08:25:14+00:00","og_image":[{"width":768,"height":768,"url":"https:\/\/www.malinashop.lt\/wp-content\/uploads\/2024\/11\/ROOMOI-REGAL-GLORY-namu-kvapu-papildymas-500-ml.webp","type":"image\/webp"}],"twitter_card":"summary_large_image","schema":{"@context":"https:\/\/schema.org","@graph":[{"@type":"WebPage","@id":"https:\/\/www.malinashop.lt\/en\/shop\/roomoi-regal-glory-namu-kvapu-papildymas-500-ml\/","url":"https:\/\/www.malinashop.lt\/en\/shop\/roomoi-regal-glory-namu-kvapu-papildymas-500-ml\/","name":"ROOMOI REGAL GLORY nam\u0173 kvap\u0173 papildymas, 500ml - MalinaShop.lt J\u016bs\u0173 sveikatai ir gro\u017eiui.","isPartOf":{"@id":"https:\/\/www.malinashop.lt\/#website"},"primaryImageOfPage":{"@id":"https:\/\/www.malinashop.lt\/en\/shop\/roomoi-regal-glory-namu-kvapu-papildymas-500-ml\/#primaryimage"},"image":{"@id":"https:\/\/www.malinashop.lt\/en\/shop\/roomoi-regal-glory-namu-kvapu-papildymas-500-ml\/#primaryimage"},"thumbnailUrl":"https:\/\/www.malinashop.lt\/wp-content\/uploads\/2024\/11\/ROOMOI-REGAL-GLORY-namu-kvapu-papildymas-500-ml.webp","datePublished":"2024-11-06T12:52:57+00:00","dateModified":"2026-03-30T08:25:14+00:00","description":"ROOMOI REGAL GLORY \u2013 itali\u0161kas nam\u0173 kvap\u0173 papildymas su bergamot\u0117s, jazmino ir ambros natomis. Gaivus, energizuojantis ir ilgai i\u0161liekantis aromatas.","breadcrumb":{"@id":"https:\/\/www.malinashop.lt\/en\/shop\/roomoi-regal-glory-namu-kvapu-papildymas-500-ml\/#breadcrumb"},"inLanguage":"lt-LT","potentialAction":[{"@type":"ReadAction","target":["https:\/\/www.malinashop.lt\/en\/shop\/roomoi-regal-glory-namu-kvapu-papildymas-500-ml\/"]}]},{"@type":"ImageObject","inLanguage":"lt-LT","@id":"https:\/\/www.malinashop.lt\/en\/shop\/roomoi-regal-glory-namu-kvapu-papildymas-500-ml\/#primaryimage","url":"https:\/\/www.malinashop.lt\/wp-content\/uploads\/2024\/11\/ROOMOI-REGAL-GLORY-namu-kvapu-papildymas-500-ml.webp","contentUrl":"https:\/\/www.malinashop.lt\/wp-content\/uploads\/2024\/11\/ROOMOI-REGAL-GLORY-namu-kvapu-papildymas-500-ml.webp","width":768,"height":768},{"@type":"BreadcrumbList","@id":"https:\/\/www.malinashop.lt\/en\/shop\/roomoi-regal-glory-namu-kvapu-papildymas-500-ml\/#breadcrumb","itemListElement":[{"@type":"ListItem","position":1,"name":"Pagrindinis","item":"https:\/\/www.malinashop.lt\/"},{"@type":"ListItem","position":2,"name":"Parduotuv\u0117","item":"https:\/\/www.malinashop.lt\/en\/parduotuve\/"},{"@type":"ListItem","position":3,"name":"ROOMOI REGAL GLORY nam\u0173 kvap\u0173 papildymas, 500ml"}]},{"@type":"WebSite","@id":"https:\/\/www.malinashop.lt\/#website","url":"https:\/\/www.malinashop.lt\/","name":"COM Group Ecommerce","description":"MalinaShop.lt - Gro\u017eio ir sveikatos produktai i\u0161 patikim\u0173 preki\u0173 \u017eenkl\u0173. Atraskite auk\u0161tos kokyb\u0117s kosmetik\u0105 u\u017e puiki\u0105 kain\u0105.","publisher":{"@id":"https:\/\/www.malinashop.lt\/#organization"},"potentialAction":[{"@type":"SearchAction","target":{"@type":"EntryPoint","urlTemplate":"https:\/\/www.malinashop.lt\/?s={search_term_string}"},"query-input":{"@type":"PropertyValueSpecification","valueRequired":true,"valueName":"search_term_string"}}],"inLanguage":"lt-LT"},{"@type":"Organization","@id":"https:\/\/www.malinashop.lt\/#organization","name":"COM Group Ecommerce","url":"https:\/\/www.malinashop.lt\/","logo":{"@type":"ImageObject","inLanguage":"lt-LT","@id":"https:\/\/www.malinashop.lt\/#\/schema\/logo\/image\/","url":"https:\/\/www.malinashop.lt\/wp-content\/uploads\/2024\/08\/462559670_3787732518133670_9795632669273463_n-e1731525914575.png","contentUrl":"https:\/\/www.malinashop.lt\/wp-content\/uploads\/2024\/08\/462559670_3787732518133670_9795632669273463_n-e1731525914575.png","width":180,"height":60,"caption":"COM Group Ecommerce"},"image":{"@id":"https:\/\/www.malinashop.lt\/#\/schema\/logo\/image\/"}}]}},"jetpack_sharing_enabled":true,"_links":{"self":[{"href":"https:\/\/www.malinashop.lt\/lt_lt\/wp-json\/wp\/v2\/product\/19953","targetHints":{"allow":["GET"]}}],"collection":[{"href":"https:\/\/www.malinashop.lt\/lt_lt\/wp-json\/wp\/v2\/product"}],"about":[{"href":"https:\/\/www.malinashop.lt\/lt_lt\/wp-json\/wp\/v2\/types\/product"}],"version-history":[{"count":10,"href":"https:\/\/www.malinashop.lt\/lt_lt\/wp-json\/wp\/v2\/product\/19953\/revisions"}],"predecessor-version":[{"id":75788,"href":"https:\/\/www.malinashop.lt\/lt_lt\/wp-json\/wp\/v2\/product\/19953\/revisions\/75788"}],"wp:featuredmedia":[{"embeddable":true,"href":"https:\/\/www.malinashop.lt\/lt_lt\/wp-json\/wp\/v2\/media\/58486"}],"wp:attachment":[{"href":"https:\/\/www.malinashop.lt\/lt_lt\/wp-json\/wp\/v2\/media?parent=19953"}],"wp:term":[{"taxonomy":"product_brand","embeddable":true,"href":"https:\/\/www.malinashop.lt\/lt_lt\/wp-json\/wp\/v2\/product_brand?post=19953"},{"taxonomy":"product_cat","embeddable":true,"href":"https:\/\/www.malinashop.lt\/lt_lt\/wp-json\/wp\/v2\/product_cat?post=19953"},{"taxonomy":"product_tag","embeddable":true,"href":"https:\/\/www.malinashop.lt\/lt_lt\/wp-json\/wp\/v2\/product_tag?post=19953"}],"curies":[{"name":"wp","href":"https:\/\/api.w.org\/{rel}","templated":true}]}}