{"id":19945,"date":"2024-11-06T15:52:57","date_gmt":"2024-11-06T12:52:57","guid":{"rendered":"https:\/\/malinashop.lt\/produktas\/roomoi-in-fusion-namu-kvapu-difuzorius-500-ml\/"},"modified":"2026-04-13T22:19:32","modified_gmt":"2026-04-13T19:19:32","slug":"roomoi-in-fusion-namu-kvapu-difuzorius-500-ml","status":"publish","type":"product","link":"https:\/\/www.malinashop.lt\/lt_lt\/shop\/roomoi-in-fusion-namu-kvapu-difuzorius-500-ml\/","title":{"rendered":"ROOMOI IN-FUSION nam\u0173 kvap\u0173 difuzorius, 500 ml"},"content":{"rendered":"<p data-start=\"367\" data-end=\"684\"><strong data-start=\"367\" data-end=\"387\">ROOMOI In-Fusion<\/strong> nam\u0173 kvap\u0173 difuzorius \u2013 tai <strong data-start=\"416\" data-end=\"451\">jaukumo ir \u0161ilumos \u012fsik\u016bnijimas<\/strong>, sukurtas pripildyti j\u016bs\u0173 namus <strong data-start=\"484\" data-end=\"525\">\u0161velniu prieskoni\u0173 ir citrus\u0173 deriniu<\/strong>. Aromatas skleid\u017eia <strong data-start=\"546\" data-end=\"609\">komforto, \u0161ventin\u0117s nuotaikos ir subtilaus prabangos poj\u016bt\u012f<\/strong>, idealiai tinkant\u012f tiek \u0161altajam sezonui, tiek ramiems vakarams namuose.<\/p>\n<p data-start=\"686\" data-end=\"995\">Kvapo prad\u017eioje atsiskleid\u017eia <strong data-start=\"716\" data-end=\"740\">kruvinasis apelsinas<\/strong>, kuris suteikia energijos ir gaivumo, o <strong data-start=\"781\" data-end=\"794\">cinamonas<\/strong> prideda \u0161ilumos ir prieskoni\u0173 a\u0161trumo. Viduryje tvyro <strong data-start=\"849\" data-end=\"865\">gvazdik\u0117liai<\/strong>, kurie sukuria sodr\u0173 aromatin\u012f charakter\u012f, o <strong data-start=\"911\" data-end=\"928\">kedro mediena<\/strong> u\u017ebaigia kompozicij\u0105 \u0161velniu, ilgai i\u0161liekan\u010diu medienos \u0161leifu.<\/p>\n<p data-start=\"997\" data-end=\"1117\">Rezultatas \u2013 <strong data-start=\"1010\" data-end=\"1064\">subtiliai \u0161ildantis ir jaukiai apgaubiantis kvapas<\/strong>, kuris j\u016bs\u0173 erdv\u0119 paver\u010dia tikra <strong data-start=\"1098\" data-end=\"1114\">ramyb\u0117s oaze<\/strong>.<\/p>\n<hr data-start=\"1119\" data-end=\"1122\" \/>\n<h4 data-start=\"1124\" data-end=\"1148\"><strong data-start=\"1128\" data-end=\"1146\">Kvap\u0173 sud\u0117tis:<\/strong><\/h4>\n<ul data-start=\"1149\" data-end=\"1281\">\n<li data-start=\"1149\" data-end=\"1206\">\n<p data-start=\"1151\" data-end=\"1206\"><strong data-start=\"1151\" data-end=\"1172\">Vir\u0161utin\u0117s natos:<\/strong> kruvinasis apelsinas, cinamonas<\/p>\n<\/li>\n<li data-start=\"1207\" data-end=\"1244\">\n<p data-start=\"1209\" data-end=\"1244\"><strong data-start=\"1209\" data-end=\"1229\">Vidurin\u0117s natos:<\/strong> gvazdik\u0117liai<\/p>\n<\/li>\n<li data-start=\"1245\" data-end=\"1281\">\n<p data-start=\"1247\" data-end=\"1281\"><strong data-start=\"1247\" data-end=\"1265\">Bazin\u0117s natos:<\/strong> kedro mediena<\/p>\n<\/li>\n<\/ul>\n<hr data-start=\"1283\" data-end=\"1286\" \/>\n<h4 data-path-to-node=\"2\"><b data-path-to-node=\"2\" data-index-in-node=\"0\">Naudojimas ir savyb\u0117s<\/b><\/h4>\n<p data-path-to-node=\"3\"><b data-path-to-node=\"3\" data-index-in-node=\"0\">ROOMOI<\/b> nam\u0173 kvapai sukurti tam, kad skleist\u0173si tolygiai ir i\u0161likt\u0173 ilgai. Intensyvi kvap\u0173 kompozicija suteikia \u0161velnios prabangos poj\u016bt\u012f, o kruop\u0161\u010diai parinktos natos paver\u010dia aromat\u0105 ramiu, ta\u010diau nepaprastai sodriu. Pagamintas Italijoje, \u0161is kvapas pasi\u017eymi auk\u0161\u010diausia kokybe, aromato stabilumu ir ilgaam\u017ei\u0161kumu, tod\u0117l j\u016bs\u0173 namai visada skleis i\u0161skirtin\u0119 \u0161ilum\u0105 ir elegancij\u0105.<\/p>\n<p data-path-to-node=\"4\"><b data-path-to-node=\"4\" data-index-in-node=\"0\">I\u0161laikymas ir praktiniai patarimai:<\/b> Gamintojas nurodo, kad <b data-path-to-node=\"4\" data-index-in-node=\"59\">500 ml<\/b> talpos difuzorius vidutini\u0161kai tarnauja <b data-path-to-node=\"4\" data-index-in-node=\"106\">3\u20134 m\u0117nesius<\/b>. Ta\u010diau svarbu atkreipti d\u0117mes\u012f, kad kvapas gali i\u0161garuoti grei\u010diau d\u0117l \u0161i\u0173 prie\u017eas\u010di\u0173:<\/p>\n<ul data-path-to-node=\"5\">\n<li>\n<p data-path-to-node=\"5,0,0\"><b data-path-to-node=\"5,0,0\" data-index-in-node=\"0\">Patalpos dydis:<\/b> Didesn\u0117je erdv\u0117je skystis garuoja intensyviau.<\/p>\n<\/li>\n<li>\n<p data-path-to-node=\"5,1,0\"><b data-path-to-node=\"5,1,0\" data-index-in-node=\"0\">Aplinkos veiksniai:<\/b> Tiesioginiai saul\u0117s spinduliai, dr\u0117gm\u0117, skersv\u0117jis ar \u0161alia esantys \u0161ilumos \u0161altiniai pagreitina garavimo proces\u0105.<\/p>\n<\/li>\n<li>\n<p data-path-to-node=\"5,2,0\"><b data-path-to-node=\"5,2,0\" data-index-in-node=\"0\">Lazdeli\u0173 kiekis:<\/b> Kuo daugiau lazdeli\u0173 naudojate, tuo intensyviau sklis kvapas, ta\u010diau skystis i\u0161garuos grei\u010diau.<\/p>\n<\/li>\n<\/ul>\n<p data-path-to-node=\"6\"><b data-path-to-node=\"6\" data-index-in-node=\"0\">Svarbi informacija d\u0117l nauj\u0173 rinkini\u0173:<\/b> Atkreipiame d\u0117mes\u012f, kad naujuose rinkiniuose (<b data-path-to-node=\"6\" data-index-in-node=\"85\">500 ml + 200 ml<\/b> bei <b data-path-to-node=\"6\" data-index-in-node=\"105\">200 ml + 100 ml<\/b>) naudojamos <b data-path-to-node=\"6\" data-index-in-node=\"133\">atnaujinto tipo lazdel\u0117s<\/b>. Jos pasi\u017eymi dar efektyvesne sklaida, tod\u0117l rekomenduojame <b data-path-to-node=\"6\" data-index-in-node=\"218\">naudoti ma\u017eesn\u012f kiek\u012f lazdeli\u0173<\/b>. Reguliuodami j\u0173 kiek\u012f, lengvai rasite ideal\u0173 balans\u0105 tarp norimo aromato stiprumo ir produkto ilgaam\u017ei\u0161kumo.<\/p>\n","protected":false},"excerpt":{"rendered":"<p><strong data-start=\"136\" data-end=\"156\">ROOMOI In-Fusion<\/strong> \u2013 \u0161iltas, jaukus ir aromatingas nam\u0173 kvapas, kuriame dera <strong data-start=\"215\" data-end=\"281\">kruvinasis apelsinas, cinamonas, gvazdik\u0117liai ir kedro mediena<\/strong>. Sukuria <strong data-start=\"291\" data-end=\"330\">\u017eiemi\u0161k\u0105, komforto kupin\u0105 atmosfer\u0105<\/strong>.<\/p>\n","protected":false},"featured_media":18051,"template":"","meta":[],"product_brand":[552],"product_cat":[1137,1140,573,562],"product_tag":[1153],"class_list":{"0":"post-19945","1":"product","2":"type-product","3":"status-publish","4":"has-post-thumbnail","6":"product_brand-roomoi","7":"product_cat-dovanos","8":"product_cat-namu-kvapai","9":"product_cat-namu-kvapai-2","10":"product_cat-sandelio-valymas","11":"product_tag-roomoi","13":"first","14":"outofstock","15":"sale","16":"taxable","17":"shipping-taxable","18":"purchasable","19":"product-type-simple"},"yoast_head":"<!-- This site is optimized with the Yoast SEO plugin v27.3 - https:\/\/yoast.com\/product\/yoast-seo-wordpress\/ -->\n<title>ROOMOI IN-FUSION nam\u0173 kvap\u0173 difuzorius, 500 ml - MalinaShop.lt J\u016bs\u0173 sveikatai ir gro\u017eiui.<\/title>\n<meta name=\"description\" content=\"ROOMOI In-Fusion \u2013 itali\u0161kas kruvinojo apelsino, cinamono ir kedro kvapas. \u0160iltas, prieskoninis aromatas, kuriantis jauki\u0105 ir rafinuot\u0105 atmosfer\u0105 namuose.\" \/>\n<meta name=\"robots\" content=\"index, follow, max-snippet:-1, max-image-preview:large, max-video-preview:-1\" \/>\n<link rel=\"canonical\" href=\"https:\/\/www.malinashop.lt\/lt_lt\/shop\/roomoi-in-fusion-namu-kvapu-difuzorius-500-ml\/\" \/>\n<meta property=\"og:locale\" content=\"lt_LT\" \/>\n<meta property=\"og:type\" content=\"article\" \/>\n<meta property=\"og:title\" content=\"ROOMOI IN-FUSION nam\u0173 kvap\u0173 difuzorius, 500 ml - MalinaShop.lt J\u016bs\u0173 sveikatai ir gro\u017eiui.\" \/>\n<meta property=\"og:description\" content=\"ROOMOI In-Fusion \u2013 itali\u0161kas kruvinojo apelsino, cinamono ir kedro kvapas. \u0160iltas, prieskoninis aromatas, kuriantis jauki\u0105 ir rafinuot\u0105 atmosfer\u0105 namuose.\" \/>\n<meta property=\"og:url\" content=\"https:\/\/www.malinashop.lt\/lt_lt\/shop\/roomoi-in-fusion-namu-kvapu-difuzorius-500-ml\/\" \/>\n<meta property=\"og:site_name\" content=\"MalinaShop.lt J\u016bs\u0173 sveikatai ir gro\u017eiui.\" \/>\n<meta property=\"article:modified_time\" content=\"2026-04-13T19:19:32+00:00\" \/>\n<meta property=\"og:image\" content=\"https:\/\/www.malinashop.lt\/wp-content\/uploads\/2024\/11\/ROOMOI-IN-FUSION-namu-kvapu-difuzorius-500-ml-\u2013-kopija.jpg\" \/>\n\t<meta property=\"og:image:width\" content=\"1000\" \/>\n\t<meta property=\"og:image:height\" content=\"1000\" \/>\n\t<meta property=\"og:image:type\" content=\"image\/jpeg\" \/>\n<meta name=\"twitter:card\" content=\"summary_large_image\" \/>\n<script type=\"application\/ld+json\" class=\"yoast-schema-graph\">{\"@context\":\"https:\\\/\\\/schema.org\",\"@graph\":[{\"@type\":\"WebPage\",\"@id\":\"https:\\\/\\\/www.malinashop.lt\\\/lt_lt\\\/shop\\\/roomoi-in-fusion-namu-kvapu-difuzorius-500-ml\\\/\",\"url\":\"https:\\\/\\\/www.malinashop.lt\\\/lt_lt\\\/shop\\\/roomoi-in-fusion-namu-kvapu-difuzorius-500-ml\\\/\",\"name\":\"ROOMOI IN-FUSION nam\u0173 kvap\u0173 difuzorius, 500 ml - MalinaShop.lt J\u016bs\u0173 sveikatai ir gro\u017eiui.\",\"isPartOf\":{\"@id\":\"https:\\\/\\\/www.malinashop.lt\\\/en\\\/#website\"},\"primaryImageOfPage\":{\"@id\":\"https:\\\/\\\/www.malinashop.lt\\\/lt_lt\\\/shop\\\/roomoi-in-fusion-namu-kvapu-difuzorius-500-ml\\\/#primaryimage\"},\"image\":{\"@id\":\"https:\\\/\\\/www.malinashop.lt\\\/lt_lt\\\/shop\\\/roomoi-in-fusion-namu-kvapu-difuzorius-500-ml\\\/#primaryimage\"},\"thumbnailUrl\":\"https:\\\/\\\/www.malinashop.lt\\\/wp-content\\\/uploads\\\/2024\\\/11\\\/ROOMOI-IN-FUSION-namu-kvapu-difuzorius-500-ml-\u2013-kopija.jpg\",\"datePublished\":\"2024-11-06T12:52:57+00:00\",\"dateModified\":\"2026-04-13T19:19:32+00:00\",\"description\":\"ROOMOI In-Fusion \u2013 itali\u0161kas kruvinojo apelsino, cinamono ir kedro kvapas. \u0160iltas, prieskoninis aromatas, kuriantis jauki\u0105 ir rafinuot\u0105 atmosfer\u0105 namuose.\",\"breadcrumb\":{\"@id\":\"https:\\\/\\\/www.malinashop.lt\\\/lt_lt\\\/shop\\\/roomoi-in-fusion-namu-kvapu-difuzorius-500-ml\\\/#breadcrumb\"},\"inLanguage\":\"lt-LT\",\"potentialAction\":[{\"@type\":\"ReadAction\",\"target\":[\"https:\\\/\\\/www.malinashop.lt\\\/lt_lt\\\/shop\\\/roomoi-in-fusion-namu-kvapu-difuzorius-500-ml\\\/\"]}]},{\"@type\":\"ImageObject\",\"inLanguage\":\"lt-LT\",\"@id\":\"https:\\\/\\\/www.malinashop.lt\\\/lt_lt\\\/shop\\\/roomoi-in-fusion-namu-kvapu-difuzorius-500-ml\\\/#primaryimage\",\"url\":\"https:\\\/\\\/www.malinashop.lt\\\/wp-content\\\/uploads\\\/2024\\\/11\\\/ROOMOI-IN-FUSION-namu-kvapu-difuzorius-500-ml-\u2013-kopija.jpg\",\"contentUrl\":\"https:\\\/\\\/www.malinashop.lt\\\/wp-content\\\/uploads\\\/2024\\\/11\\\/ROOMOI-IN-FUSION-namu-kvapu-difuzorius-500-ml-\u2013-kopija.jpg\",\"width\":1000,\"height\":1000},{\"@type\":\"BreadcrumbList\",\"@id\":\"https:\\\/\\\/www.malinashop.lt\\\/lt_lt\\\/shop\\\/roomoi-in-fusion-namu-kvapu-difuzorius-500-ml\\\/#breadcrumb\",\"itemListElement\":[{\"@type\":\"ListItem\",\"position\":1,\"name\":\"Home\",\"item\":\"https:\\\/\\\/www.malinashop.lt\\\/en\\\/\"},{\"@type\":\"ListItem\",\"position\":2,\"name\":\"Parduotuv\u0117\",\"item\":\"https:\\\/\\\/www.malinashop.lt\\\/en\\\/parduotuve\\\/\"},{\"@type\":\"ListItem\",\"position\":3,\"name\":\"ROOMOI IN-FUSION nam\u0173 kvap\u0173 difuzorius, 500 ml\"}]},{\"@type\":\"WebSite\",\"@id\":\"https:\\\/\\\/www.malinashop.lt\\\/en\\\/#website\",\"url\":\"https:\\\/\\\/www.malinashop.lt\\\/en\\\/\",\"name\":\"COM Group Ecommerce\",\"description\":\"MalinaShop.lt - Gro\u017eio ir sveikatos produktai i\u0161 patikim\u0173 preki\u0173 \u017eenkl\u0173. Atraskite auk\u0161tos kokyb\u0117s kosmetik\u0105 u\u017e puiki\u0105 kain\u0105.\",\"publisher\":{\"@id\":\"https:\\\/\\\/www.malinashop.lt\\\/en\\\/#organization\"},\"potentialAction\":[{\"@type\":\"SearchAction\",\"target\":{\"@type\":\"EntryPoint\",\"urlTemplate\":\"https:\\\/\\\/www.malinashop.lt\\\/en\\\/?s={search_term_string}\"},\"query-input\":{\"@type\":\"PropertyValueSpecification\",\"valueRequired\":true,\"valueName\":\"search_term_string\"}}],\"inLanguage\":\"lt-LT\"},{\"@type\":\"Organization\",\"@id\":\"https:\\\/\\\/www.malinashop.lt\\\/en\\\/#organization\",\"name\":\"COM Group Ecommerce\",\"url\":\"https:\\\/\\\/www.malinashop.lt\\\/en\\\/\",\"logo\":{\"@type\":\"ImageObject\",\"inLanguage\":\"lt-LT\",\"@id\":\"https:\\\/\\\/www.malinashop.lt\\\/en\\\/#\\\/schema\\\/logo\\\/image\\\/\",\"url\":\"https:\\\/\\\/www.malinashop.lt\\\/wp-content\\\/uploads\\\/2024\\\/08\\\/462559670_3787732518133670_9795632669273463_n-e1731525914575.png\",\"contentUrl\":\"https:\\\/\\\/www.malinashop.lt\\\/wp-content\\\/uploads\\\/2024\\\/08\\\/462559670_3787732518133670_9795632669273463_n-e1731525914575.png\",\"width\":180,\"height\":60,\"caption\":\"COM Group Ecommerce\"},\"image\":{\"@id\":\"https:\\\/\\\/www.malinashop.lt\\\/en\\\/#\\\/schema\\\/logo\\\/image\\\/\"}}]}<\/script>\n<!-- \/ Yoast SEO plugin. -->","yoast_head_json":{"title":"ROOMOI IN-FUSION nam\u0173 kvap\u0173 difuzorius, 500 ml - MalinaShop.lt J\u016bs\u0173 sveikatai ir gro\u017eiui.","description":"ROOMOI In-Fusion \u2013 itali\u0161kas kruvinojo apelsino, cinamono ir kedro kvapas. \u0160iltas, prieskoninis aromatas, kuriantis jauki\u0105 ir rafinuot\u0105 atmosfer\u0105 namuose.","robots":{"index":"index","follow":"follow","max-snippet":"max-snippet:-1","max-image-preview":"max-image-preview:large","max-video-preview":"max-video-preview:-1"},"canonical":"https:\/\/www.malinashop.lt\/lt_lt\/shop\/roomoi-in-fusion-namu-kvapu-difuzorius-500-ml\/","og_locale":"lt_LT","og_type":"article","og_title":"ROOMOI IN-FUSION nam\u0173 kvap\u0173 difuzorius, 500 ml - MalinaShop.lt J\u016bs\u0173 sveikatai ir gro\u017eiui.","og_description":"ROOMOI In-Fusion \u2013 itali\u0161kas kruvinojo apelsino, cinamono ir kedro kvapas. \u0160iltas, prieskoninis aromatas, kuriantis jauki\u0105 ir rafinuot\u0105 atmosfer\u0105 namuose.","og_url":"https:\/\/www.malinashop.lt\/lt_lt\/shop\/roomoi-in-fusion-namu-kvapu-difuzorius-500-ml\/","og_site_name":"MalinaShop.lt J\u016bs\u0173 sveikatai ir gro\u017eiui.","article_modified_time":"2026-04-13T19:19:32+00:00","og_image":[{"width":1000,"height":1000,"url":"https:\/\/www.malinashop.lt\/wp-content\/uploads\/2024\/11\/ROOMOI-IN-FUSION-namu-kvapu-difuzorius-500-ml-\u2013-kopija.jpg","type":"image\/jpeg"}],"twitter_card":"summary_large_image","schema":{"@context":"https:\/\/schema.org","@graph":[{"@type":"WebPage","@id":"https:\/\/www.malinashop.lt\/lt_lt\/shop\/roomoi-in-fusion-namu-kvapu-difuzorius-500-ml\/","url":"https:\/\/www.malinashop.lt\/lt_lt\/shop\/roomoi-in-fusion-namu-kvapu-difuzorius-500-ml\/","name":"ROOMOI IN-FUSION nam\u0173 kvap\u0173 difuzorius, 500 ml - MalinaShop.lt J\u016bs\u0173 sveikatai ir gro\u017eiui.","isPartOf":{"@id":"https:\/\/www.malinashop.lt\/en\/#website"},"primaryImageOfPage":{"@id":"https:\/\/www.malinashop.lt\/lt_lt\/shop\/roomoi-in-fusion-namu-kvapu-difuzorius-500-ml\/#primaryimage"},"image":{"@id":"https:\/\/www.malinashop.lt\/lt_lt\/shop\/roomoi-in-fusion-namu-kvapu-difuzorius-500-ml\/#primaryimage"},"thumbnailUrl":"https:\/\/www.malinashop.lt\/wp-content\/uploads\/2024\/11\/ROOMOI-IN-FUSION-namu-kvapu-difuzorius-500-ml-\u2013-kopija.jpg","datePublished":"2024-11-06T12:52:57+00:00","dateModified":"2026-04-13T19:19:32+00:00","description":"ROOMOI In-Fusion \u2013 itali\u0161kas kruvinojo apelsino, cinamono ir kedro kvapas. \u0160iltas, prieskoninis aromatas, kuriantis jauki\u0105 ir rafinuot\u0105 atmosfer\u0105 namuose.","breadcrumb":{"@id":"https:\/\/www.malinashop.lt\/lt_lt\/shop\/roomoi-in-fusion-namu-kvapu-difuzorius-500-ml\/#breadcrumb"},"inLanguage":"lt-LT","potentialAction":[{"@type":"ReadAction","target":["https:\/\/www.malinashop.lt\/lt_lt\/shop\/roomoi-in-fusion-namu-kvapu-difuzorius-500-ml\/"]}]},{"@type":"ImageObject","inLanguage":"lt-LT","@id":"https:\/\/www.malinashop.lt\/lt_lt\/shop\/roomoi-in-fusion-namu-kvapu-difuzorius-500-ml\/#primaryimage","url":"https:\/\/www.malinashop.lt\/wp-content\/uploads\/2024\/11\/ROOMOI-IN-FUSION-namu-kvapu-difuzorius-500-ml-\u2013-kopija.jpg","contentUrl":"https:\/\/www.malinashop.lt\/wp-content\/uploads\/2024\/11\/ROOMOI-IN-FUSION-namu-kvapu-difuzorius-500-ml-\u2013-kopija.jpg","width":1000,"height":1000},{"@type":"BreadcrumbList","@id":"https:\/\/www.malinashop.lt\/lt_lt\/shop\/roomoi-in-fusion-namu-kvapu-difuzorius-500-ml\/#breadcrumb","itemListElement":[{"@type":"ListItem","position":1,"name":"Home","item":"https:\/\/www.malinashop.lt\/en\/"},{"@type":"ListItem","position":2,"name":"Parduotuv\u0117","item":"https:\/\/www.malinashop.lt\/en\/parduotuve\/"},{"@type":"ListItem","position":3,"name":"ROOMOI IN-FUSION nam\u0173 kvap\u0173 difuzorius, 500 ml"}]},{"@type":"WebSite","@id":"https:\/\/www.malinashop.lt\/en\/#website","url":"https:\/\/www.malinashop.lt\/en\/","name":"COM Group Ecommerce","description":"MalinaShop.lt - Gro\u017eio ir sveikatos produktai i\u0161 patikim\u0173 preki\u0173 \u017eenkl\u0173. Atraskite auk\u0161tos kokyb\u0117s kosmetik\u0105 u\u017e puiki\u0105 kain\u0105.","publisher":{"@id":"https:\/\/www.malinashop.lt\/en\/#organization"},"potentialAction":[{"@type":"SearchAction","target":{"@type":"EntryPoint","urlTemplate":"https:\/\/www.malinashop.lt\/en\/?s={search_term_string}"},"query-input":{"@type":"PropertyValueSpecification","valueRequired":true,"valueName":"search_term_string"}}],"inLanguage":"lt-LT"},{"@type":"Organization","@id":"https:\/\/www.malinashop.lt\/en\/#organization","name":"COM Group Ecommerce","url":"https:\/\/www.malinashop.lt\/en\/","logo":{"@type":"ImageObject","inLanguage":"lt-LT","@id":"https:\/\/www.malinashop.lt\/en\/#\/schema\/logo\/image\/","url":"https:\/\/www.malinashop.lt\/wp-content\/uploads\/2024\/08\/462559670_3787732518133670_9795632669273463_n-e1731525914575.png","contentUrl":"https:\/\/www.malinashop.lt\/wp-content\/uploads\/2024\/08\/462559670_3787732518133670_9795632669273463_n-e1731525914575.png","width":180,"height":60,"caption":"COM Group Ecommerce"},"image":{"@id":"https:\/\/www.malinashop.lt\/en\/#\/schema\/logo\/image\/"}}]}},"jetpack_sharing_enabled":true,"_links":{"self":[{"href":"https:\/\/www.malinashop.lt\/lt_lt\/wp-json\/wp\/v2\/product\/19945","targetHints":{"allow":["GET"]}}],"collection":[{"href":"https:\/\/www.malinashop.lt\/lt_lt\/wp-json\/wp\/v2\/product"}],"about":[{"href":"https:\/\/www.malinashop.lt\/lt_lt\/wp-json\/wp\/v2\/types\/product"}],"version-history":[{"count":5,"href":"https:\/\/www.malinashop.lt\/lt_lt\/wp-json\/wp\/v2\/product\/19945\/revisions"}],"predecessor-version":[{"id":75787,"href":"https:\/\/www.malinashop.lt\/lt_lt\/wp-json\/wp\/v2\/product\/19945\/revisions\/75787"}],"wp:featuredmedia":[{"embeddable":true,"href":"https:\/\/www.malinashop.lt\/lt_lt\/wp-json\/wp\/v2\/media\/18051"}],"wp:attachment":[{"href":"https:\/\/www.malinashop.lt\/lt_lt\/wp-json\/wp\/v2\/media?parent=19945"}],"wp:term":[{"taxonomy":"product_brand","embeddable":true,"href":"https:\/\/www.malinashop.lt\/lt_lt\/wp-json\/wp\/v2\/product_brand?post=19945"},{"taxonomy":"product_cat","embeddable":true,"href":"https:\/\/www.malinashop.lt\/lt_lt\/wp-json\/wp\/v2\/product_cat?post=19945"},{"taxonomy":"product_tag","embeddable":true,"href":"https:\/\/www.malinashop.lt\/lt_lt\/wp-json\/wp\/v2\/product_tag?post=19945"}],"curies":[{"name":"wp","href":"https:\/\/api.w.org\/{rel}","templated":true}]}}