{"id":19935,"date":"2024-11-06T15:52:57","date_gmt":"2024-11-06T12:52:57","guid":{"rendered":"https:\/\/malinashop.lt\/produktas\/roomoi-regal-glory-namu-kvapu-difuzorius-500-ml\/"},"modified":"2026-03-30T11:25:12","modified_gmt":"2026-03-30T08:25:12","slug":"roomoi-regal-glory-namu-kvapu-difuzorius-500-ml","status":"publish","type":"product","link":"https:\/\/www.malinashop.lt\/lt_lt\/shop\/roomoi-regal-glory-namu-kvapu-difuzorius-500-ml\/","title":{"rendered":"ROOMOI REGAL GLORY nam\u0173 kvap\u0173 difuzorius\u2026"},"content":{"rendered":"<p data-start=\"366\" data-end=\"644\"><strong data-start=\"366\" data-end=\"388\">ROOMOI Regal Glory<\/strong> \u2013 tai <strong data-start=\"395\" data-end=\"435\">aristokrati\u0161kas ir energingas kvapas<\/strong>, sukurtas tiems, kurie vertina <strong data-start=\"467\" data-end=\"509\">prabang\u0105, i\u0161skirtinum\u0105 ir gamtos \u0161var\u0105<\/strong>. \u0160is difuzorius pripildo namus <strong data-start=\"541\" data-end=\"588\">ver\u017elia, gaivia ir kartu rafinuota energija<\/strong>, sukurdamas <strong data-start=\"601\" data-end=\"641\">jauk\u0173 bei i\u0161skirtin\u012f aromato balans\u0105<\/strong>.<\/p>\n<p data-start=\"646\" data-end=\"1035\">Kvapo kompozicijoje dera <strong data-start=\"671\" data-end=\"726\">juodieji serbentai, bergamot\u0117, obuoliai ir ananasai<\/strong>, suteikiantys aromatui <strong data-start=\"750\" data-end=\"770\">vaisi\u0161kos gaivos<\/strong>. Vidurin\u0117je kvapo \u0161irdyje \u2013 <strong data-start=\"799\" data-end=\"846\">pa\u010diulis, jazminas, ber\u017eas ir kadagio uogos<\/strong>, kurios \u012fne\u0161a <strong data-start=\"861\" data-end=\"893\">gamtos intensyvumo ir gilumo<\/strong>. O <strong data-start=\"897\" data-end=\"942\">ambra, vanil\u0117, muskusas ir \u0105\u017euolo samanos<\/strong> sukuria <strong data-start=\"951\" data-end=\"992\">\u0161ilumos, tvirtumo ir prabangos jausm\u0105<\/strong>, u\u017etikrindamos ilgai i\u0161liekant\u012f aromat\u0105.<\/p>\n<hr data-start=\"1037\" data-end=\"1040\" \/>\n<h4 data-start=\"1042\" data-end=\"1066\"><strong data-start=\"1046\" data-end=\"1064\">Kvap\u0173 sud\u0117tis:<\/strong><\/h4>\n<ul data-start=\"1067\" data-end=\"1272\">\n<li data-start=\"1067\" data-end=\"1142\">\n<p data-start=\"1069\" data-end=\"1142\"><strong data-start=\"1069\" data-end=\"1090\">Vir\u0161utin\u0117s natos:<\/strong> juodieji serbentai, bergamot\u0117, obuoliai, ananasai<\/p>\n<\/li>\n<li data-start=\"1143\" data-end=\"1209\">\n<p data-start=\"1145\" data-end=\"1209\"><strong data-start=\"1145\" data-end=\"1165\">Vidurin\u0117s natos:<\/strong> pa\u010diulis, jazminas, ber\u017eas, kadagio uogos<\/p>\n<\/li>\n<li data-start=\"1210\" data-end=\"1272\">\n<p data-start=\"1212\" data-end=\"1272\"><strong data-start=\"1212\" data-end=\"1230\">Bazin\u0117s natos:<\/strong> ambra, vanil\u0117, muskusas, \u0105\u017euolo samanos<\/p>\n<\/li>\n<\/ul>\n<hr data-start=\"1274\" data-end=\"1277\" \/>\n<h4 data-path-to-node=\"2\"><b data-path-to-node=\"2\" data-index-in-node=\"0\">Naudojimas ir savyb\u0117s<\/b><\/h4>\n<p data-path-to-node=\"3\"><b data-path-to-node=\"3\" data-index-in-node=\"0\">ROOMOI<\/b> nam\u0173 kvapai sukurti tam, kad skleist\u0173si tolygiai ir i\u0161likt\u0173 ilgai. Intensyvi kvap\u0173 kompozicija suteikia \u0161velnios prabangos poj\u016bt\u012f, o kruop\u0161\u010diai parinktos natos paver\u010dia aromat\u0105 ramiu, ta\u010diau nepaprastai sodriu. Pagamintas Italijoje, \u0161is kvapas pasi\u017eymi auk\u0161\u010diausia kokybe, aromato stabilumu ir ilgaam\u017ei\u0161kumu, tod\u0117l j\u016bs\u0173 namai visada skleis i\u0161skirtin\u0119 \u0161ilum\u0105 ir elegancij\u0105.<\/p>\n<p data-path-to-node=\"4\"><b data-path-to-node=\"4\" data-index-in-node=\"0\">I\u0161laikymas ir praktiniai patarimai:<\/b> Gamintojas nurodo, kad <b data-path-to-node=\"4\" data-index-in-node=\"59\">500 ml<\/b> talpos difuzorius vidutini\u0161kai tarnauja <b data-path-to-node=\"4\" data-index-in-node=\"106\">3\u20134 m\u0117nesius<\/b>. Ta\u010diau svarbu atkreipti d\u0117mes\u012f, kad kvapas gali i\u0161garuoti grei\u010diau d\u0117l \u0161i\u0173 prie\u017eas\u010di\u0173:<\/p>\n<ul data-path-to-node=\"5\">\n<li>\n<p data-path-to-node=\"5,0,0\"><b data-path-to-node=\"5,0,0\" data-index-in-node=\"0\">Patalpos dydis:<\/b> Didesn\u0117je erdv\u0117je skystis garuoja intensyviau.<\/p>\n<\/li>\n<li>\n<p data-path-to-node=\"5,1,0\"><b data-path-to-node=\"5,1,0\" data-index-in-node=\"0\">Aplinkos veiksniai:<\/b> Tiesioginiai saul\u0117s spinduliai, dr\u0117gm\u0117, skersv\u0117jis ar \u0161alia esantys \u0161ilumos \u0161altiniai pagreitina garavimo proces\u0105.<\/p>\n<\/li>\n<li>\n<p data-path-to-node=\"5,2,0\"><b data-path-to-node=\"5,2,0\" data-index-in-node=\"0\">Lazdeli\u0173 kiekis:<\/b> Kuo daugiau lazdeli\u0173 naudojate, tuo intensyviau sklis kvapas, ta\u010diau skystis i\u0161garuos grei\u010diau.<\/p>\n<\/li>\n<\/ul>\n<p data-path-to-node=\"6\"><b data-path-to-node=\"6\" data-index-in-node=\"0\">Svarbi informacija d\u0117l nauj\u0173 rinkini\u0173:<\/b> Atkreipiame d\u0117mes\u012f, kad naujuose rinkiniuose (<b data-path-to-node=\"6\" data-index-in-node=\"85\">500 ml + 200 ml<\/b> bei <b data-path-to-node=\"6\" data-index-in-node=\"105\">200 ml + 100 ml<\/b>) naudojamos <b data-path-to-node=\"6\" data-index-in-node=\"133\">atnaujinto tipo lazdel\u0117s<\/b>. Jos pasi\u017eymi dar efektyvesne sklaida, tod\u0117l rekomenduojame <b data-path-to-node=\"6\" data-index-in-node=\"218\">naudoti ma\u017eesn\u012f kiek\u012f lazdeli\u0173<\/b>. Reguliuodami j\u0173 kiek\u012f, lengvai rasite ideal\u0173 balans\u0105 tarp norimo aromato stiprumo ir produkto ilgaam\u017ei\u0161kumo.<\/p>\n","protected":false},"excerpt":{"rendered":"<p data-start=\"140\" data-end=\"332\"><strong data-start=\"140\" data-end=\"162\">ROOMOI Regal Glory<\/strong> \u2013 i\u0161skirtinis itali\u0161kas nam\u0173 kvapas, kuriame dera <strong data-start=\"213\" data-end=\"247\">bergamot\u0117s, pa\u010diulio ir ambros<\/strong> natos. \u0160is kvapas pripildys j\u016bs\u0173 namus <strong data-start=\"287\" data-end=\"321\">gyvyb\u0117s, \u0161varos ir elegancijos<\/strong> poj\u016b\u010diu.<\/p>\n","protected":false},"featured_media":18016,"template":"","meta":[],"product_brand":[552],"product_cat":[1137,1140,573],"product_tag":[1153],"class_list":{"0":"post-19935","1":"product","2":"type-product","3":"status-publish","4":"has-post-thumbnail","6":"product_brand-roomoi","7":"product_cat-dovanos","8":"product_cat-namu-kvapai","9":"product_cat-namu-kvapai-2","10":"product_tag-roomoi","12":"first","13":"instock","14":"sale","15":"taxable","16":"shipping-taxable","17":"purchasable","18":"product-type-simple"},"yoast_head":"<!-- This site is optimized with the Yoast SEO plugin v27.4 - https:\/\/yoast.com\/product\/yoast-seo-wordpress\/ -->\n<title>ROOMOI REGAL GLORY nam\u0173 kvap\u0173 difuzorius\u2026 - MalinaShop.lt J\u016bs\u0173 sveikatai ir gro\u017eiui.<\/title>\n<meta name=\"description\" content=\"ROOMOI Regal Glory \u2013 itali\u0161kas prabangos kvapas su bergamot\u0117s, pa\u010diulio ir ambros natomis. Gaivus, rafinuotas ir ilgai i\u0161liekantis nam\u0173 aromatas.\" \/>\n<meta name=\"robots\" content=\"index, follow, max-snippet:-1, max-image-preview:large, max-video-preview:-1\" \/>\n<link rel=\"canonical\" href=\"https:\/\/www.malinashop.lt\/lt_lt\/shop\/roomoi-regal-glory-namu-kvapu-difuzorius-500-ml\/\" \/>\n<meta property=\"og:locale\" content=\"lt_LT\" \/>\n<meta property=\"og:type\" content=\"article\" \/>\n<meta property=\"og:title\" content=\"ROOMOI REGAL GLORY nam\u0173 kvap\u0173 difuzorius\u2026 - MalinaShop.lt J\u016bs\u0173 sveikatai ir gro\u017eiui.\" \/>\n<meta property=\"og:description\" content=\"ROOMOI Regal Glory \u2013 itali\u0161kas prabangos kvapas su bergamot\u0117s, pa\u010diulio ir ambros natomis. Gaivus, rafinuotas ir ilgai i\u0161liekantis nam\u0173 aromatas.\" \/>\n<meta property=\"og:url\" content=\"https:\/\/www.malinashop.lt\/lt_lt\/shop\/roomoi-regal-glory-namu-kvapu-difuzorius-500-ml\/\" \/>\n<meta property=\"og:site_name\" content=\"MalinaShop.lt J\u016bs\u0173 sveikatai ir gro\u017eiui.\" \/>\n<meta property=\"article:modified_time\" content=\"2026-03-30T08:25:12+00:00\" \/>\n<meta property=\"og:image\" content=\"https:\/\/www.malinashop.lt\/wp-content\/uploads\/2024\/11\/ROOMOI-REGAL-GLORY-namu-kvapu-difuzorius-500-ml.jpg\" \/>\n\t<meta property=\"og:image:width\" content=\"1000\" \/>\n\t<meta property=\"og:image:height\" content=\"1000\" \/>\n\t<meta property=\"og:image:type\" content=\"image\/jpeg\" \/>\n<meta name=\"twitter:card\" content=\"summary_large_image\" \/>\n<script type=\"application\/ld+json\" class=\"yoast-schema-graph\">{\"@context\":\"https:\\\/\\\/schema.org\",\"@graph\":[{\"@type\":\"WebPage\",\"@id\":\"https:\\\/\\\/www.malinashop.lt\\\/lt_lt\\\/shop\\\/roomoi-regal-glory-namu-kvapu-difuzorius-500-ml\\\/\",\"url\":\"https:\\\/\\\/www.malinashop.lt\\\/lt_lt\\\/shop\\\/roomoi-regal-glory-namu-kvapu-difuzorius-500-ml\\\/\",\"name\":\"ROOMOI REGAL GLORY nam\u0173 kvap\u0173 difuzorius\u2026 - MalinaShop.lt J\u016bs\u0173 sveikatai ir gro\u017eiui.\",\"isPartOf\":{\"@id\":\"https:\\\/\\\/www.malinashop.lt\\\/#website\"},\"primaryImageOfPage\":{\"@id\":\"https:\\\/\\\/www.malinashop.lt\\\/lt_lt\\\/shop\\\/roomoi-regal-glory-namu-kvapu-difuzorius-500-ml\\\/#primaryimage\"},\"image\":{\"@id\":\"https:\\\/\\\/www.malinashop.lt\\\/lt_lt\\\/shop\\\/roomoi-regal-glory-namu-kvapu-difuzorius-500-ml\\\/#primaryimage\"},\"thumbnailUrl\":\"https:\\\/\\\/www.malinashop.lt\\\/wp-content\\\/uploads\\\/2024\\\/11\\\/ROOMOI-REGAL-GLORY-namu-kvapu-difuzorius-500-ml.jpg\",\"datePublished\":\"2024-11-06T12:52:57+00:00\",\"dateModified\":\"2026-03-30T08:25:12+00:00\",\"description\":\"ROOMOI Regal Glory \u2013 itali\u0161kas prabangos kvapas su bergamot\u0117s, pa\u010diulio ir ambros natomis. Gaivus, rafinuotas ir ilgai i\u0161liekantis nam\u0173 aromatas.\",\"breadcrumb\":{\"@id\":\"https:\\\/\\\/www.malinashop.lt\\\/lt_lt\\\/shop\\\/roomoi-regal-glory-namu-kvapu-difuzorius-500-ml\\\/#breadcrumb\"},\"inLanguage\":\"lt-LT\",\"potentialAction\":[{\"@type\":\"ReadAction\",\"target\":[\"https:\\\/\\\/www.malinashop.lt\\\/lt_lt\\\/shop\\\/roomoi-regal-glory-namu-kvapu-difuzorius-500-ml\\\/\"]}]},{\"@type\":\"ImageObject\",\"inLanguage\":\"lt-LT\",\"@id\":\"https:\\\/\\\/www.malinashop.lt\\\/lt_lt\\\/shop\\\/roomoi-regal-glory-namu-kvapu-difuzorius-500-ml\\\/#primaryimage\",\"url\":\"https:\\\/\\\/www.malinashop.lt\\\/wp-content\\\/uploads\\\/2024\\\/11\\\/ROOMOI-REGAL-GLORY-namu-kvapu-difuzorius-500-ml.jpg\",\"contentUrl\":\"https:\\\/\\\/www.malinashop.lt\\\/wp-content\\\/uploads\\\/2024\\\/11\\\/ROOMOI-REGAL-GLORY-namu-kvapu-difuzorius-500-ml.jpg\",\"width\":1000,\"height\":1000},{\"@type\":\"BreadcrumbList\",\"@id\":\"https:\\\/\\\/www.malinashop.lt\\\/lt_lt\\\/shop\\\/roomoi-regal-glory-namu-kvapu-difuzorius-500-ml\\\/#breadcrumb\",\"itemListElement\":[{\"@type\":\"ListItem\",\"position\":1,\"name\":\"Pagrindinis\",\"item\":\"https:\\\/\\\/www.malinashop.lt\\\/\"},{\"@type\":\"ListItem\",\"position\":2,\"name\":\"Parduotuv\u0117\",\"item\":\"https:\\\/\\\/www.malinashop.lt\\\/en\\\/parduotuve\\\/\"},{\"@type\":\"ListItem\",\"position\":3,\"name\":\"ROOMOI REGAL GLORY nam\u0173 kvap\u0173 difuzorius\u2026\"}]},{\"@type\":\"WebSite\",\"@id\":\"https:\\\/\\\/www.malinashop.lt\\\/#website\",\"url\":\"https:\\\/\\\/www.malinashop.lt\\\/\",\"name\":\"COM Group Ecommerce\",\"description\":\"MalinaShop.lt - Gro\u017eio ir sveikatos produktai i\u0161 patikim\u0173 preki\u0173 \u017eenkl\u0173. Atraskite auk\u0161tos kokyb\u0117s kosmetik\u0105 u\u017e puiki\u0105 kain\u0105.\",\"publisher\":{\"@id\":\"https:\\\/\\\/www.malinashop.lt\\\/#organization\"},\"potentialAction\":[{\"@type\":\"SearchAction\",\"target\":{\"@type\":\"EntryPoint\",\"urlTemplate\":\"https:\\\/\\\/www.malinashop.lt\\\/?s={search_term_string}\"},\"query-input\":{\"@type\":\"PropertyValueSpecification\",\"valueRequired\":true,\"valueName\":\"search_term_string\"}}],\"inLanguage\":\"lt-LT\"},{\"@type\":\"Organization\",\"@id\":\"https:\\\/\\\/www.malinashop.lt\\\/#organization\",\"name\":\"COM Group Ecommerce\",\"url\":\"https:\\\/\\\/www.malinashop.lt\\\/\",\"logo\":{\"@type\":\"ImageObject\",\"inLanguage\":\"lt-LT\",\"@id\":\"https:\\\/\\\/www.malinashop.lt\\\/#\\\/schema\\\/logo\\\/image\\\/\",\"url\":\"https:\\\/\\\/www.malinashop.lt\\\/wp-content\\\/uploads\\\/2024\\\/08\\\/462559670_3787732518133670_9795632669273463_n-e1731525914575.png\",\"contentUrl\":\"https:\\\/\\\/www.malinashop.lt\\\/wp-content\\\/uploads\\\/2024\\\/08\\\/462559670_3787732518133670_9795632669273463_n-e1731525914575.png\",\"width\":180,\"height\":60,\"caption\":\"COM Group Ecommerce\"},\"image\":{\"@id\":\"https:\\\/\\\/www.malinashop.lt\\\/#\\\/schema\\\/logo\\\/image\\\/\"}}]}<\/script>\n<!-- \/ Yoast SEO plugin. -->","yoast_head_json":{"title":"ROOMOI REGAL GLORY nam\u0173 kvap\u0173 difuzorius\u2026 - MalinaShop.lt J\u016bs\u0173 sveikatai ir gro\u017eiui.","description":"ROOMOI Regal Glory \u2013 itali\u0161kas prabangos kvapas su bergamot\u0117s, pa\u010diulio ir ambros natomis. Gaivus, rafinuotas ir ilgai i\u0161liekantis nam\u0173 aromatas.","robots":{"index":"index","follow":"follow","max-snippet":"max-snippet:-1","max-image-preview":"max-image-preview:large","max-video-preview":"max-video-preview:-1"},"canonical":"https:\/\/www.malinashop.lt\/lt_lt\/shop\/roomoi-regal-glory-namu-kvapu-difuzorius-500-ml\/","og_locale":"lt_LT","og_type":"article","og_title":"ROOMOI REGAL GLORY nam\u0173 kvap\u0173 difuzorius\u2026 - MalinaShop.lt J\u016bs\u0173 sveikatai ir gro\u017eiui.","og_description":"ROOMOI Regal Glory \u2013 itali\u0161kas prabangos kvapas su bergamot\u0117s, pa\u010diulio ir ambros natomis. Gaivus, rafinuotas ir ilgai i\u0161liekantis nam\u0173 aromatas.","og_url":"https:\/\/www.malinashop.lt\/lt_lt\/shop\/roomoi-regal-glory-namu-kvapu-difuzorius-500-ml\/","og_site_name":"MalinaShop.lt J\u016bs\u0173 sveikatai ir gro\u017eiui.","article_modified_time":"2026-03-30T08:25:12+00:00","og_image":[{"width":1000,"height":1000,"url":"https:\/\/www.malinashop.lt\/wp-content\/uploads\/2024\/11\/ROOMOI-REGAL-GLORY-namu-kvapu-difuzorius-500-ml.jpg","type":"image\/jpeg"}],"twitter_card":"summary_large_image","schema":{"@context":"https:\/\/schema.org","@graph":[{"@type":"WebPage","@id":"https:\/\/www.malinashop.lt\/lt_lt\/shop\/roomoi-regal-glory-namu-kvapu-difuzorius-500-ml\/","url":"https:\/\/www.malinashop.lt\/lt_lt\/shop\/roomoi-regal-glory-namu-kvapu-difuzorius-500-ml\/","name":"ROOMOI REGAL GLORY nam\u0173 kvap\u0173 difuzorius\u2026 - MalinaShop.lt J\u016bs\u0173 sveikatai ir gro\u017eiui.","isPartOf":{"@id":"https:\/\/www.malinashop.lt\/#website"},"primaryImageOfPage":{"@id":"https:\/\/www.malinashop.lt\/lt_lt\/shop\/roomoi-regal-glory-namu-kvapu-difuzorius-500-ml\/#primaryimage"},"image":{"@id":"https:\/\/www.malinashop.lt\/lt_lt\/shop\/roomoi-regal-glory-namu-kvapu-difuzorius-500-ml\/#primaryimage"},"thumbnailUrl":"https:\/\/www.malinashop.lt\/wp-content\/uploads\/2024\/11\/ROOMOI-REGAL-GLORY-namu-kvapu-difuzorius-500-ml.jpg","datePublished":"2024-11-06T12:52:57+00:00","dateModified":"2026-03-30T08:25:12+00:00","description":"ROOMOI Regal Glory \u2013 itali\u0161kas prabangos kvapas su bergamot\u0117s, pa\u010diulio ir ambros natomis. Gaivus, rafinuotas ir ilgai i\u0161liekantis nam\u0173 aromatas.","breadcrumb":{"@id":"https:\/\/www.malinashop.lt\/lt_lt\/shop\/roomoi-regal-glory-namu-kvapu-difuzorius-500-ml\/#breadcrumb"},"inLanguage":"lt-LT","potentialAction":[{"@type":"ReadAction","target":["https:\/\/www.malinashop.lt\/lt_lt\/shop\/roomoi-regal-glory-namu-kvapu-difuzorius-500-ml\/"]}]},{"@type":"ImageObject","inLanguage":"lt-LT","@id":"https:\/\/www.malinashop.lt\/lt_lt\/shop\/roomoi-regal-glory-namu-kvapu-difuzorius-500-ml\/#primaryimage","url":"https:\/\/www.malinashop.lt\/wp-content\/uploads\/2024\/11\/ROOMOI-REGAL-GLORY-namu-kvapu-difuzorius-500-ml.jpg","contentUrl":"https:\/\/www.malinashop.lt\/wp-content\/uploads\/2024\/11\/ROOMOI-REGAL-GLORY-namu-kvapu-difuzorius-500-ml.jpg","width":1000,"height":1000},{"@type":"BreadcrumbList","@id":"https:\/\/www.malinashop.lt\/lt_lt\/shop\/roomoi-regal-glory-namu-kvapu-difuzorius-500-ml\/#breadcrumb","itemListElement":[{"@type":"ListItem","position":1,"name":"Pagrindinis","item":"https:\/\/www.malinashop.lt\/"},{"@type":"ListItem","position":2,"name":"Parduotuv\u0117","item":"https:\/\/www.malinashop.lt\/en\/parduotuve\/"},{"@type":"ListItem","position":3,"name":"ROOMOI REGAL GLORY nam\u0173 kvap\u0173 difuzorius\u2026"}]},{"@type":"WebSite","@id":"https:\/\/www.malinashop.lt\/#website","url":"https:\/\/www.malinashop.lt\/","name":"COM Group Ecommerce","description":"MalinaShop.lt - Gro\u017eio ir sveikatos produktai i\u0161 patikim\u0173 preki\u0173 \u017eenkl\u0173. Atraskite auk\u0161tos kokyb\u0117s kosmetik\u0105 u\u017e puiki\u0105 kain\u0105.","publisher":{"@id":"https:\/\/www.malinashop.lt\/#organization"},"potentialAction":[{"@type":"SearchAction","target":{"@type":"EntryPoint","urlTemplate":"https:\/\/www.malinashop.lt\/?s={search_term_string}"},"query-input":{"@type":"PropertyValueSpecification","valueRequired":true,"valueName":"search_term_string"}}],"inLanguage":"lt-LT"},{"@type":"Organization","@id":"https:\/\/www.malinashop.lt\/#organization","name":"COM Group Ecommerce","url":"https:\/\/www.malinashop.lt\/","logo":{"@type":"ImageObject","inLanguage":"lt-LT","@id":"https:\/\/www.malinashop.lt\/#\/schema\/logo\/image\/","url":"https:\/\/www.malinashop.lt\/wp-content\/uploads\/2024\/08\/462559670_3787732518133670_9795632669273463_n-e1731525914575.png","contentUrl":"https:\/\/www.malinashop.lt\/wp-content\/uploads\/2024\/08\/462559670_3787732518133670_9795632669273463_n-e1731525914575.png","width":180,"height":60,"caption":"COM Group Ecommerce"},"image":{"@id":"https:\/\/www.malinashop.lt\/#\/schema\/logo\/image\/"}}]}},"jetpack_sharing_enabled":true,"_links":{"self":[{"href":"https:\/\/www.malinashop.lt\/lt_lt\/wp-json\/wp\/v2\/product\/19935","targetHints":{"allow":["GET"]}}],"collection":[{"href":"https:\/\/www.malinashop.lt\/lt_lt\/wp-json\/wp\/v2\/product"}],"about":[{"href":"https:\/\/www.malinashop.lt\/lt_lt\/wp-json\/wp\/v2\/types\/product"}],"version-history":[{"count":5,"href":"https:\/\/www.malinashop.lt\/lt_lt\/wp-json\/wp\/v2\/product\/19935\/revisions"}],"predecessor-version":[{"id":75782,"href":"https:\/\/www.malinashop.lt\/lt_lt\/wp-json\/wp\/v2\/product\/19935\/revisions\/75782"}],"wp:featuredmedia":[{"embeddable":true,"href":"https:\/\/www.malinashop.lt\/lt_lt\/wp-json\/wp\/v2\/media\/18016"}],"wp:attachment":[{"href":"https:\/\/www.malinashop.lt\/lt_lt\/wp-json\/wp\/v2\/media?parent=19935"}],"wp:term":[{"taxonomy":"product_brand","embeddable":true,"href":"https:\/\/www.malinashop.lt\/lt_lt\/wp-json\/wp\/v2\/product_brand?post=19935"},{"taxonomy":"product_cat","embeddable":true,"href":"https:\/\/www.malinashop.lt\/lt_lt\/wp-json\/wp\/v2\/product_cat?post=19935"},{"taxonomy":"product_tag","embeddable":true,"href":"https:\/\/www.malinashop.lt\/lt_lt\/wp-json\/wp\/v2\/product_tag?post=19935"}],"curies":[{"name":"wp","href":"https:\/\/api.w.org\/{rel}","templated":true}]}}